{"id":6666,"date":"2024-09-29T09:50:06","date_gmt":"2024-09-29T01:50:06","guid":{"rendered":"https:\/\/demo.dillerbottle.com\/uncategorized\/glass-cups-with-magnetic-suction-tea-infuser"},"modified":"2025-07-09T17:49:59","modified_gmt":"2025-07-09T09:49:59","slug":"glasbecher-mit-magnetischem-saugnapf-tee-ei","status":"publish","type":"product","link":"https:\/\/www.dillerbottle.com\/de\/products\/glass-cups-with-magnetic-suction-tea-infuser","title":{"rendered":"Glastassen mit Magnetsauger Tee-Ei"},"content":{"rendered":"<p>1. Die Glaswasserflasche besteht aus Borosilikatglas. Das langlebige Borosilikatglas bricht auch bei extremen Temperaturen nicht und das doppelschichtige Becherk\u00f6rperdesign ist sicher vor Verbr\u00fchungen der H\u00e4nde.<\/p>\n<p>2.;Ausgestattet mit einem Tee-Ei mit magnetischer Saugfunktion, l\u00e4sst es sich mit nur einem Klick l\u00f6sen. Das Tee-Ei besteht aus Edelstahl 316 und hat ein gro\u00dfes Fassungsverm\u00f6gen.<\/p>\n<p>3. Auslaufsicherer Deckel mit O-Ring aus lebensmittelechtem Silikon, verhindert wirksam das Auslaufen von Wasser; perfekte Mundgr\u00f6\u00dfe f\u00fcr kleckerfreies Trinken.<\/p>\n<p>4.;Es stehen Farbkarton- und Geschenkkartonverpackungsoptionen zur Verf\u00fcgung, und Sie k\u00f6nnen auch Ihr eigenes Logo anpassen.<\/p>\n<p>OEM und ODM akzeptabel.<br \/>\nWir k\u00f6nnen die Glaswasserflasche nach Ihren W\u00fcnschen gestalten.<br \/>\nWillkommen beim Gro\u00dfhandelskauf, senden Sie jetzt eine Anfrage!<\/p>\n<p><iframe title=\"Diller Kreative magnetische Saugnapf Tee-Ei Glas Wasserflasche Geschenk Doppel Glas Tee Tassen 388MLH570\" width=\"800\" height=\"600\" src=\"https:\/\/www.youtube.com\/embed\/yxAiThvkHwI?feature=oembed\" frameborder=\"0\" allow=\"accelerometer; autoplay; clipboard-write; encrypted-media; gyroscope; picture-in-picture; web-share\" referrerpolicy=\"strict-origin-when-cross-origin\" allowfullscreen><\/iframe><\/p>","protected":false},"excerpt":{"rendered":"<p>Dieser Glasbecher besteht aus Borosilikatglas und lebensmittelechten Materialien.<br \/>\nLanglebiges Borosilikatglas, das auch bei extremen Temperaturen nicht bricht.<br \/>\nMit magnetischem Tee-Ei mit Saugnapf und Ein-Knopf-Entriegelung.<br \/>\nDoppeltes Glasdesign verhindert das Verbr\u00fchen der H\u00e4nde.<br \/>\nOEM und ODM akzeptabel.<br \/>\nWir k\u00f6nnen die Glaswasserflasche nach Ihren W\u00fcnschen gestalten.<br \/>\nWillkommen beim Gro\u00dfhandelskauf, senden Sie jetzt eine Anfrage!<\/p>","protected":false},"featured_media":6667,"comment_status":"open","ping_status":"closed","template":"","meta":{"_acf_changed":false},"product_brand":[],"product_cat":[310],"product_tag":[575,515,32,36,33,31,39,599,597,38,29,37,34,551,35,580,28,30,589],"class_list":{"0":"post-6666","1":"product","2":"type-product","3":"status-publish","4":"has-post-thumbnail","6":"product_cat-glass-water-bottle","7":"product_tag-2000ml-water-bottle","8":"product_tag-64oz-water-bottle","9":"product_tag-best","10":"product_tag-bulk","11":"product_tag-buy","12":"product_tag-custom","13":"product_tag-for-sale","14":"product_tag-glass-cups-with-magnetic-suction-tea-infuser","15":"product_tag-glass-water-bottle-with-time-marker","16":"product_tag-good-quality","17":"product_tag-manufacturers","18":"product_tag-manufacturing","19":"product_tag-price","20":"product_tag-silicone-sleeve-water-bottle","21":"product_tag-small","22":"product_tag-sublimation-water-bottle-straw","23":"product_tag-suppliers","24":"product_tag-wholesale","25":"product_tag-wholesale-gym-water-bottle","27":"first","28":"instock","29":"shipping-taxable","30":"product-type-simple"},"acf":[],"yoast_head":"<!-- This site is optimized with the Yoast SEO Premium plugin v27.4 (Yoast SEO v27.4) - https:\/\/yoast.com\/product\/yoast-seo-premium-wordpress\/ -->\n<title>Glass Cups With Magnetic Suction Tea Infuser - Diller Water Bottle Manufacturer<\/title>\n<meta name=\"description\" content=\"As one of the best glass cups with magnetic suction tea infuser manufacturers and suppliers, we are engaged in manufacturing good quality water bottles. We warmly welcome you to wholesale or buy custom made glass cups with magnetic suction tea infuser at competitive price from us. Also, small quantity orders are acceptable.\" \/>\n<meta name=\"robots\" content=\"index, follow, max-snippet:-1, max-image-preview:large, max-video-preview:-1\" \/>\n<link rel=\"canonical\" href=\"https:\/\/www.dillerbottle.com\/de\/produkte\/glasbecher-mit-magnetischem-saugnapf-tee-ei\" \/>\n<meta property=\"og:locale\" content=\"de_DE\" \/>\n<meta property=\"og:type\" content=\"article\" \/>\n<meta property=\"og:title\" content=\"Glass Cups With Magnetic Suction Tea Infuser\" \/>\n<meta property=\"og:description\" content=\"As one of the best glass cups with magnetic suction tea infuser manufacturers and suppliers, we are engaged in manufacturing good quality water bottles. We warmly welcome you to wholesale or buy custom made glass cups with magnetic suction tea infuser at competitive price from us. Also, small quantity orders are acceptable.\" \/>\n<meta property=\"og:url\" content=\"https:\/\/www.dillerbottle.com\/de\/produkte\/glasbecher-mit-magnetischem-saugnapf-tee-ei\" \/>\n<meta property=\"og:site_name\" content=\"Diller Water Bottle Manufacturer\" \/>\n<meta property=\"article:modified_time\" content=\"2025-07-09T09:49:59+00:00\" \/>\n<meta property=\"og:image\" content=\"https:\/\/www.dillerbottle.com\/wp-content\/uploads\/2024\/09\/glass-cups-with-magnetic-suction-tea-infuser7083440c-bb15-4096-ac99-885bf6bb0905.jpg\" \/>\n\t<meta property=\"og:image:width\" content=\"730\" \/>\n\t<meta property=\"og:image:height\" content=\"730\" \/>\n\t<meta property=\"og:image:type\" content=\"image\/jpeg\" \/>\n<meta name=\"twitter:card\" content=\"summary_large_image\" \/>\n<meta name=\"twitter:label1\" content=\"Gesch\u00e4tzte Lesezeit\" \/>\n\t<meta name=\"twitter:data1\" content=\"6\u00a0Minuten\" \/>\n<script type=\"application\/ld+json\" class=\"yoast-schema-graph\">{\"@context\":\"https:\\\/\\\/schema.org\",\"@graph\":[{\"@type\":\"WebPage\",\"@id\":\"https:\\\/\\\/www.dillerbottle.com\\\/ar\\\/%d9%85%d9%86%d8%aa%d8%ac%d8%a7%d8%aa\\\/%d8%a3%d9%83%d9%88%d8%a7%d8%a8-%d8%b2%d8%ac%d8%a7%d8%ac%d9%8a%d8%a9-%d9%85%d8%b9-%d9%85%d8%b5%d9%81%d8%a7%d8%a9-%d8%b4%d8%a7%d9%8a-%d9%85%d8%ba%d9%86%d8%a7%d8%b7%d9%8a%d8%b3%d9%8a%d8%a9\",\"url\":\"https:\\\/\\\/www.dillerbottle.com\\\/ar\\\/%d9%85%d9%86%d8%aa%d8%ac%d8%a7%d8%aa\\\/%d8%a3%d9%83%d9%88%d8%a7%d8%a8-%d8%b2%d8%ac%d8%a7%d8%ac%d9%8a%d8%a9-%d9%85%d8%b9-%d9%85%d8%b5%d9%81%d8%a7%d8%a9-%d8%b4%d8%a7%d9%8a-%d9%85%d8%ba%d9%86%d8%a7%d8%b7%d9%8a%d8%b3%d9%8a%d8%a9\",\"name\":\"Glass Cups With Magnetic Suction Tea Infuser - Diller Water Bottle Manufacturer\",\"isPartOf\":{\"@id\":\"https:\\\/\\\/www.dillerbottle.com\\\/#website\"},\"primaryImageOfPage\":{\"@id\":\"https:\\\/\\\/www.dillerbottle.com\\\/ar\\\/%d9%85%d9%86%d8%aa%d8%ac%d8%a7%d8%aa\\\/%d8%a3%d9%83%d9%88%d8%a7%d8%a8-%d8%b2%d8%ac%d8%a7%d8%ac%d9%8a%d8%a9-%d9%85%d8%b9-%d9%85%d8%b5%d9%81%d8%a7%d8%a9-%d8%b4%d8%a7%d9%8a-%d9%85%d8%ba%d9%86%d8%a7%d8%b7%d9%8a%d8%b3%d9%8a%d8%a9#primaryimage\"},\"image\":{\"@id\":\"https:\\\/\\\/www.dillerbottle.com\\\/ar\\\/%d9%85%d9%86%d8%aa%d8%ac%d8%a7%d8%aa\\\/%d8%a3%d9%83%d9%88%d8%a7%d8%a8-%d8%b2%d8%ac%d8%a7%d8%ac%d9%8a%d8%a9-%d9%85%d8%b9-%d9%85%d8%b5%d9%81%d8%a7%d8%a9-%d8%b4%d8%a7%d9%8a-%d9%85%d8%ba%d9%86%d8%a7%d8%b7%d9%8a%d8%b3%d9%8a%d8%a9#primaryimage\"},\"thumbnailUrl\":\"https:\\\/\\\/www.dillerbottle.com\\\/wp-content\\\/uploads\\\/2024\\\/09\\\/glass-cups-with-magnetic-suction-tea-infuser7083440c-bb15-4096-ac99-885bf6bb0905.jpg\",\"datePublished\":\"2024-09-29T01:50:06+00:00\",\"dateModified\":\"2025-07-09T09:49:59+00:00\",\"description\":\"As one of the best glass cups with magnetic suction tea infuser manufacturers and suppliers, we are engaged in manufacturing good quality water bottles. We warmly welcome you to wholesale or buy custom made glass cups with magnetic suction tea infuser at competitive price from us. Also, small quantity orders are acceptable.\",\"breadcrumb\":{\"@id\":\"https:\\\/\\\/www.dillerbottle.com\\\/ar\\\/%d9%85%d9%86%d8%aa%d8%ac%d8%a7%d8%aa\\\/%d8%a3%d9%83%d9%88%d8%a7%d8%a8-%d8%b2%d8%ac%d8%a7%d8%ac%d9%8a%d8%a9-%d9%85%d8%b9-%d9%85%d8%b5%d9%81%d8%a7%d8%a9-%d8%b4%d8%a7%d9%8a-%d9%85%d8%ba%d9%86%d8%a7%d8%b7%d9%8a%d8%b3%d9%8a%d8%a9#breadcrumb\"},\"inLanguage\":\"de\",\"potentialAction\":[{\"@type\":\"ReadAction\",\"target\":[\"https:\\\/\\\/www.dillerbottle.com\\\/ar\\\/%d9%85%d9%86%d8%aa%d8%ac%d8%a7%d8%aa\\\/%d8%a3%d9%83%d9%88%d8%a7%d8%a8-%d8%b2%d8%ac%d8%a7%d8%ac%d9%8a%d8%a9-%d9%85%d8%b9-%d9%85%d8%b5%d9%81%d8%a7%d8%a9-%d8%b4%d8%a7%d9%8a-%d9%85%d8%ba%d9%86%d8%a7%d8%b7%d9%8a%d8%b3%d9%8a%d8%a9\"]}]},{\"@type\":\"ImageObject\",\"inLanguage\":\"de\",\"@id\":\"https:\\\/\\\/www.dillerbottle.com\\\/ar\\\/%d9%85%d9%86%d8%aa%d8%ac%d8%a7%d8%aa\\\/%d8%a3%d9%83%d9%88%d8%a7%d8%a8-%d8%b2%d8%ac%d8%a7%d8%ac%d9%8a%d8%a9-%d9%85%d8%b9-%d9%85%d8%b5%d9%81%d8%a7%d8%a9-%d8%b4%d8%a7%d9%8a-%d9%85%d8%ba%d9%86%d8%a7%d8%b7%d9%8a%d8%b3%d9%8a%d8%a9#primaryimage\",\"url\":\"https:\\\/\\\/www.dillerbottle.com\\\/wp-content\\\/uploads\\\/2024\\\/09\\\/glass-cups-with-magnetic-suction-tea-infuser7083440c-bb15-4096-ac99-885bf6bb0905.jpg\",\"contentUrl\":\"https:\\\/\\\/www.dillerbottle.com\\\/wp-content\\\/uploads\\\/2024\\\/09\\\/glass-cups-with-magnetic-suction-tea-infuser7083440c-bb15-4096-ac99-885bf6bb0905.jpg\",\"width\":730,\"height\":730},{\"@type\":\"BreadcrumbList\",\"@id\":\"https:\\\/\\\/www.dillerbottle.com\\\/ar\\\/%d9%85%d9%86%d8%aa%d8%ac%d8%a7%d8%aa\\\/%d8%a3%d9%83%d9%88%d8%a7%d8%a8-%d8%b2%d8%ac%d8%a7%d8%ac%d9%8a%d8%a9-%d9%85%d8%b9-%d9%85%d8%b5%d9%81%d8%a7%d8%a9-%d8%b4%d8%a7%d9%8a-%d9%85%d8%ba%d9%86%d8%a7%d8%b7%d9%8a%d8%b3%d9%8a%d8%a9#breadcrumb\",\"itemListElement\":[{\"@type\":\"ListItem\",\"position\":1,\"name\":\"Home\",\"item\":\"https:\\\/\\\/www.dillerbottle.com\\\/\"},{\"@type\":\"ListItem\",\"position\":2,\"name\":\"Products\",\"item\":\"https:\\\/\\\/www.dillerbottle.com\\\/shop\"},{\"@type\":\"ListItem\",\"position\":3,\"name\":\"Glass Cups With Magnetic Suction Tea Infuser\"}]},{\"@type\":\"WebSite\",\"@id\":\"https:\\\/\\\/www.dillerbottle.com\\\/#website\",\"url\":\"https:\\\/\\\/www.dillerbottle.com\\\/\",\"name\":\"Diller Water Bottle Manufacturer\",\"description\":\"Water Bottle Manufacturer\",\"publisher\":{\"@id\":\"https:\\\/\\\/www.dillerbottle.com\\\/#organization\"},\"potentialAction\":[{\"@type\":\"SearchAction\",\"target\":{\"@type\":\"EntryPoint\",\"urlTemplate\":\"https:\\\/\\\/www.dillerbottle.com\\\/?s={search_term_string}\"},\"query-input\":{\"@type\":\"PropertyValueSpecification\",\"valueRequired\":true,\"valueName\":\"search_term_string\"}}],\"inLanguage\":\"de\"},{\"@type\":\"Organization\",\"@id\":\"https:\\\/\\\/www.dillerbottle.com\\\/#organization\",\"name\":\"Diller Water Bottle Manufacturer\",\"url\":\"https:\\\/\\\/www.dillerbottle.com\\\/\",\"logo\":{\"@type\":\"ImageObject\",\"inLanguage\":\"de\",\"@id\":\"https:\\\/\\\/www.dillerbottle.com\\\/#\\\/schema\\\/logo\\\/image\\\/\",\"url\":\"https:\\\/\\\/www.dillerbottle.com\\\/wp-content\\\/uploads\\\/2024\\\/09\\\/49918bfa848dcc1e9f8b509933603ac.png\",\"contentUrl\":\"https:\\\/\\\/www.dillerbottle.com\\\/wp-content\\\/uploads\\\/2024\\\/09\\\/49918bfa848dcc1e9f8b509933603ac.png\",\"width\":988,\"height\":198,\"caption\":\"Diller Water Bottle Manufacturer\"},\"image\":{\"@id\":\"https:\\\/\\\/www.dillerbottle.com\\\/#\\\/schema\\\/logo\\\/image\\\/\"}}]}<\/script>\n<!-- \/ Yoast SEO Premium plugin. -->","yoast_head_json":{"title":"Glasbecher mit magnetischem Saugnapf-Tee-Ei - Diller Wasserflaschenhersteller","description":"Als einer der besten Hersteller und Lieferanten von Glasbechern mit magnetischem Saugnapf-Teesieb sind wir auf die Herstellung hochwertiger Wasserflaschen spezialisiert. Wir hei\u00dfen Sie herzlich willkommen, bei uns ma\u00dfgeschneiderte Glasbecher mit magnetischem Saugnapf-Teesieb zu wettbewerbsf\u00e4higen Preisen im Gro\u00dfhandel zu kaufen oder zu kaufen. Auch Bestellungen in kleinen Mengen sind akzeptabel.","robots":{"index":"index","follow":"follow","max-snippet":"max-snippet:-1","max-image-preview":"max-image-preview:large","max-video-preview":"max-video-preview:-1"},"canonical":"https:\/\/www.dillerbottle.com\/de\/produkte\/glasbecher-mit-magnetischem-saugnapf-tee-ei","og_locale":"de_DE","og_type":"article","og_title":"Glass Cups With Magnetic Suction Tea Infuser","og_description":"As one of the best glass cups with magnetic suction tea infuser manufacturers and suppliers, we are engaged in manufacturing good quality water bottles. We warmly welcome you to wholesale or buy custom made glass cups with magnetic suction tea infuser at competitive price from us. Also, small quantity orders are acceptable.","og_url":"https:\/\/www.dillerbottle.com\/de\/produkte\/glasbecher-mit-magnetischem-saugnapf-tee-ei","og_site_name":"Diller Water Bottle Manufacturer","article_modified_time":"2025-07-09T09:49:59+00:00","og_image":[{"width":730,"height":730,"url":"https:\/\/www.dillerbottle.com\/wp-content\/uploads\/2024\/09\/glass-cups-with-magnetic-suction-tea-infuser7083440c-bb15-4096-ac99-885bf6bb0905.jpg","type":"image\/jpeg"}],"twitter_card":"summary_large_image","twitter_misc":{"Gesch\u00e4tzte Lesezeit":"6\u00a0Minuten"},"schema":{"@context":"https:\/\/schema.org","@graph":[{"@type":"WebPage","@id":"https:\/\/www.dillerbottle.com\/ar\/%d9%85%d9%86%d8%aa%d8%ac%d8%a7%d8%aa\/%d8%a3%d9%83%d9%88%d8%a7%d8%a8-%d8%b2%d8%ac%d8%a7%d8%ac%d9%8a%d8%a9-%d9%85%d8%b9-%d9%85%d8%b5%d9%81%d8%a7%d8%a9-%d8%b4%d8%a7%d9%8a-%d9%85%d8%ba%d9%86%d8%a7%d8%b7%d9%8a%d8%b3%d9%8a%d8%a9","url":"https:\/\/www.dillerbottle.com\/ar\/%d9%85%d9%86%d8%aa%d8%ac%d8%a7%d8%aa\/%d8%a3%d9%83%d9%88%d8%a7%d8%a8-%d8%b2%d8%ac%d8%a7%d8%ac%d9%8a%d8%a9-%d9%85%d8%b9-%d9%85%d8%b5%d9%81%d8%a7%d8%a9-%d8%b4%d8%a7%d9%8a-%d9%85%d8%ba%d9%86%d8%a7%d8%b7%d9%8a%d8%b3%d9%8a%d8%a9","name":"Glasbecher mit magnetischem Saugnapf-Tee-Ei - Diller Wasserflaschenhersteller","isPartOf":{"@id":"https:\/\/www.dillerbottle.com\/#website"},"primaryImageOfPage":{"@id":"https:\/\/www.dillerbottle.com\/ar\/%d9%85%d9%86%d8%aa%d8%ac%d8%a7%d8%aa\/%d8%a3%d9%83%d9%88%d8%a7%d8%a8-%d8%b2%d8%ac%d8%a7%d8%ac%d9%8a%d8%a9-%d9%85%d8%b9-%d9%85%d8%b5%d9%81%d8%a7%d8%a9-%d8%b4%d8%a7%d9%8a-%d9%85%d8%ba%d9%86%d8%a7%d8%b7%d9%8a%d8%b3%d9%8a%d8%a9#primaryimage"},"image":{"@id":"https:\/\/www.dillerbottle.com\/ar\/%d9%85%d9%86%d8%aa%d8%ac%d8%a7%d8%aa\/%d8%a3%d9%83%d9%88%d8%a7%d8%a8-%d8%b2%d8%ac%d8%a7%d8%ac%d9%8a%d8%a9-%d9%85%d8%b9-%d9%85%d8%b5%d9%81%d8%a7%d8%a9-%d8%b4%d8%a7%d9%8a-%d9%85%d8%ba%d9%86%d8%a7%d8%b7%d9%8a%d8%b3%d9%8a%d8%a9#primaryimage"},"thumbnailUrl":"https:\/\/www.dillerbottle.com\/wp-content\/uploads\/2024\/09\/glass-cups-with-magnetic-suction-tea-infuser7083440c-bb15-4096-ac99-885bf6bb0905.jpg","datePublished":"2024-09-29T01:50:06+00:00","dateModified":"2025-07-09T09:49:59+00:00","description":"Als einer der besten Hersteller und Lieferanten von Glasbechern mit magnetischem Saugnapf-Teesieb sind wir auf die Herstellung hochwertiger Wasserflaschen spezialisiert. Wir hei\u00dfen Sie herzlich willkommen, bei uns ma\u00dfgeschneiderte Glasbecher mit magnetischem Saugnapf-Teesieb zu wettbewerbsf\u00e4higen Preisen im Gro\u00dfhandel zu kaufen oder zu kaufen. Auch Bestellungen in kleinen Mengen sind akzeptabel.","breadcrumb":{"@id":"https:\/\/www.dillerbottle.com\/ar\/%d9%85%d9%86%d8%aa%d8%ac%d8%a7%d8%aa\/%d8%a3%d9%83%d9%88%d8%a7%d8%a8-%d8%b2%d8%ac%d8%a7%d8%ac%d9%8a%d8%a9-%d9%85%d8%b9-%d9%85%d8%b5%d9%81%d8%a7%d8%a9-%d8%b4%d8%a7%d9%8a-%d9%85%d8%ba%d9%86%d8%a7%d8%b7%d9%8a%d8%b3%d9%8a%d8%a9#breadcrumb"},"inLanguage":"de","potentialAction":[{"@type":"ReadAction","target":["https:\/\/www.dillerbottle.com\/ar\/%d9%85%d9%86%d8%aa%d8%ac%d8%a7%d8%aa\/%d8%a3%d9%83%d9%88%d8%a7%d8%a8-%d8%b2%d8%ac%d8%a7%d8%ac%d9%8a%d8%a9-%d9%85%d8%b9-%d9%85%d8%b5%d9%81%d8%a7%d8%a9-%d8%b4%d8%a7%d9%8a-%d9%85%d8%ba%d9%86%d8%a7%d8%b7%d9%8a%d8%b3%d9%8a%d8%a9"]}]},{"@type":"ImageObject","inLanguage":"de","@id":"https:\/\/www.dillerbottle.com\/ar\/%d9%85%d9%86%d8%aa%d8%ac%d8%a7%d8%aa\/%d8%a3%d9%83%d9%88%d8%a7%d8%a8-%d8%b2%d8%ac%d8%a7%d8%ac%d9%8a%d8%a9-%d9%85%d8%b9-%d9%85%d8%b5%d9%81%d8%a7%d8%a9-%d8%b4%d8%a7%d9%8a-%d9%85%d8%ba%d9%86%d8%a7%d8%b7%d9%8a%d8%b3%d9%8a%d8%a9#primaryimage","url":"https:\/\/www.dillerbottle.com\/wp-content\/uploads\/2024\/09\/glass-cups-with-magnetic-suction-tea-infuser7083440c-bb15-4096-ac99-885bf6bb0905.jpg","contentUrl":"https:\/\/www.dillerbottle.com\/wp-content\/uploads\/2024\/09\/glass-cups-with-magnetic-suction-tea-infuser7083440c-bb15-4096-ac99-885bf6bb0905.jpg","width":730,"height":730},{"@type":"BreadcrumbList","@id":"https:\/\/www.dillerbottle.com\/ar\/%d9%85%d9%86%d8%aa%d8%ac%d8%a7%d8%aa\/%d8%a3%d9%83%d9%88%d8%a7%d8%a8-%d8%b2%d8%ac%d8%a7%d8%ac%d9%8a%d8%a9-%d9%85%d8%b9-%d9%85%d8%b5%d9%81%d8%a7%d8%a9-%d8%b4%d8%a7%d9%8a-%d9%85%d8%ba%d9%86%d8%a7%d8%b7%d9%8a%d8%b3%d9%8a%d8%a9#breadcrumb","itemListElement":[{"@type":"ListItem","position":1,"name":"Home","item":"https:\/\/www.dillerbottle.com\/"},{"@type":"ListItem","position":2,"name":"Products","item":"https:\/\/www.dillerbottle.com\/shop"},{"@type":"ListItem","position":3,"name":"Glass Cups With Magnetic Suction Tea Infuser"}]},{"@type":"WebSite","@id":"https:\/\/www.dillerbottle.com\/#website","url":"https:\/\/www.dillerbottle.com\/","name":"Diller Wasserflaschenhersteller","description":"Wasserflaschenhersteller","publisher":{"@id":"https:\/\/www.dillerbottle.com\/#organization"},"potentialAction":[{"@type":"SearchAction","target":{"@type":"EntryPoint","urlTemplate":"https:\/\/www.dillerbottle.com\/?s={search_term_string}"},"query-input":{"@type":"PropertyValueSpecification","valueRequired":true,"valueName":"search_term_string"}}],"inLanguage":"de"},{"@type":"Organization","@id":"https:\/\/www.dillerbottle.com\/#organization","name":"Diller Wasserflaschenhersteller","url":"https:\/\/www.dillerbottle.com\/","logo":{"@type":"ImageObject","inLanguage":"de","@id":"https:\/\/www.dillerbottle.com\/#\/schema\/logo\/image\/","url":"https:\/\/www.dillerbottle.com\/wp-content\/uploads\/2024\/09\/49918bfa848dcc1e9f8b509933603ac.png","contentUrl":"https:\/\/www.dillerbottle.com\/wp-content\/uploads\/2024\/09\/49918bfa848dcc1e9f8b509933603ac.png","width":988,"height":198,"caption":"Diller Water Bottle Manufacturer"},"image":{"@id":"https:\/\/www.dillerbottle.com\/#\/schema\/logo\/image\/"}}]}},"_links":{"self":[{"href":"https:\/\/www.dillerbottle.com\/de\/wp-json\/wp\/v2\/product\/6666","targetHints":{"allow":["GET"]}}],"collection":[{"href":"https:\/\/www.dillerbottle.com\/de\/wp-json\/wp\/v2\/product"}],"about":[{"href":"https:\/\/www.dillerbottle.com\/de\/wp-json\/wp\/v2\/types\/product"}],"replies":[{"embeddable":true,"href":"https:\/\/www.dillerbottle.com\/de\/wp-json\/wp\/v2\/comments?post=6666"}],"wp:featuredmedia":[{"embeddable":true,"href":"https:\/\/www.dillerbottle.com\/de\/wp-json\/wp\/v2\/media\/6667"}],"wp:attachment":[{"href":"https:\/\/www.dillerbottle.com\/de\/wp-json\/wp\/v2\/media?parent=6666"}],"wp:term":[{"taxonomy":"product_brand","embeddable":true,"href":"https:\/\/www.dillerbottle.com\/de\/wp-json\/wp\/v2\/product_brand?post=6666"},{"taxonomy":"product_cat","embeddable":true,"href":"https:\/\/www.dillerbottle.com\/de\/wp-json\/wp\/v2\/product_cat?post=6666"},{"taxonomy":"product_tag","embeddable":true,"href":"https:\/\/www.dillerbottle.com\/de\/wp-json\/wp\/v2\/product_tag?post=6666"}],"curies":[{"name":"wp","href":"https:\/\/api.w.org\/{rel}","templated":true}]}}