{"id":6764,"date":"2024-09-29T09:51:26","date_gmt":"2024-09-29T01:51:26","guid":{"rendered":"https:\/\/demo.dillerbottle.com\/uncategorized\/large-capacity-glass-bottle-with-handle"},"modified":"2025-07-09T17:12:26","modified_gmt":"2025-07-09T09:12:26","slug":"glasflasche-mit-grosem-fassungsvermogen-und-henkel","status":"publish","type":"product","link":"https:\/\/www.dillerbottle.com\/de\/products\/large-capacity-glass-bottle-with-handle","title":{"rendered":"Glasflasche mit gro\u00dfem Fassungsverm\u00f6gen und Henkel"},"content":{"rendered":"<p>1. Die Glasflasche mit gro\u00dfem Fassungsverm\u00f6gen und Griff ist aus Borosilikatglas gefertigt. Das langlebige Borosilikatglas bricht auch bei extremen Temperaturen nicht; Glas und Silikon sind sp\u00fclmaschinenfest, nat\u00fcrliche, umweltfreundliche Glasflasche.<\/p>\n<p>2. Diese Glasflasche mit gro\u00dfem Fassungsverm\u00f6gen verf\u00fcgt \u00fcber einen Griff, der das Tragen bequemer macht.<\/p>\n<p>3. Auslaufsicherer Deckel mit O-Ring aus lebensmittelechtem Silikon, verhindert wirksam das Auslaufen von Wasser; perfekte Mundgr\u00f6\u00dfe f\u00fcr kleckerfreies Trinken.<\/p>\n<p>4. Ausgestattet mit einem Strohhalm ist es bequemer, w\u00e4hrend des Trainings zu trinken. Eine gro\u00dfe Kapazit\u00e4t von 1350 ml, ohne dass h\u00e4ufiges Wasser nachgegossen werden muss, geeignet f\u00fcr Gelegenheiten wie Fitnessstudios und Camping.<\/p>","protected":false},"excerpt":{"rendered":"<p>Diese Glasflasche mit gro\u00dfem Fassungsverm\u00f6gen und Griff ist aus Borosilikatglas gefertigt.<br \/>\nLanglebiges Borosilikatglas, das auch bei extremen Temperaturen nicht bricht.<br \/>\nUm das Tragen der Trinkflasche zu erleichtern, ist der Flaschendeckel mit einem Tragegriff ausgestattet.<br \/>\nDiese Wasserflasche kann direkt oder mit einem Strohhalm getrunken werden.<br \/>\nOEM und ODM akzeptabel.<br \/>\nWir k\u00f6nnen die Wasserflasche nach Ihren W\u00fcnschen gestalten.<br \/>\nWillkommen beim Gro\u00dfhandelskauf, senden Sie jetzt eine Anfrage!<\/p>","protected":false},"featured_media":6765,"comment_status":"open","ping_status":"closed","template":"","meta":{"_acf_changed":false},"product_brand":[],"product_cat":[310],"product_tag":[515,32,36,33,31,39,593,38,605,29,37,34,35,601,580,28,576,30,589],"class_list":{"0":"post-6764","1":"product","2":"type-product","3":"status-publish","4":"has-post-thumbnail","6":"product_cat-glass-water-bottle","7":"product_tag-64oz-water-bottle","8":"product_tag-best","9":"product_tag-bulk","10":"product_tag-buy","11":"product_tag-custom","12":"product_tag-for-sale","13":"product_tag-frosted-glass-water-bottle-sublimation","14":"product_tag-good-quality","15":"product_tag-large-capacity-glass-bottle-with-handle","16":"product_tag-manufacturers","17":"product_tag-manufacturing","18":"product_tag-price","19":"product_tag-small","20":"product_tag-sublimation-glass-water-bottle","21":"product_tag-sublimation-water-bottle-straw","22":"product_tag-suppliers","23":"product_tag-two-liter-water-bottle","24":"product_tag-wholesale","25":"product_tag-wholesale-gym-water-bottle","27":"first","28":"instock","29":"shipping-taxable","30":"product-type-simple"},"acf":[],"yoast_head":"<!-- This site is optimized with the Yoast SEO Premium plugin v27.4 (Yoast SEO v27.4) - https:\/\/yoast.com\/product\/yoast-seo-premium-wordpress\/ -->\n<title>Large Capacity Glass Bottle With Handle - Diller Water Bottle Manufacturer<\/title>\n<meta name=\"description\" content=\"As one of the best large capacity glass bottle with handle manufacturers and suppliers, we are engaged in manufacturing good quality water bottles. We warmly welcome you to wholesale or buy custom made large capacity glass bottle with handle at competitive price from us. Also, small quantity orders are acceptable.\" \/>\n<meta name=\"robots\" content=\"index, follow, max-snippet:-1, max-image-preview:large, max-video-preview:-1\" \/>\n<link rel=\"canonical\" href=\"https:\/\/www.dillerbottle.com\/de\/produkte\/glasflasche-mit-grosem-fassungsvermogen-und-henkel\" \/>\n<meta property=\"og:locale\" content=\"de_DE\" \/>\n<meta property=\"og:type\" content=\"article\" \/>\n<meta property=\"og:title\" content=\"Large Capacity Glass Bottle With Handle\" \/>\n<meta property=\"og:description\" content=\"As one of the best large capacity glass bottle with handle manufacturers and suppliers, we are engaged in manufacturing good quality water bottles. We warmly welcome you to wholesale or buy custom made large capacity glass bottle with handle at competitive price from us. Also, small quantity orders are acceptable.\" \/>\n<meta property=\"og:url\" content=\"https:\/\/www.dillerbottle.com\/de\/produkte\/glasflasche-mit-grosem-fassungsvermogen-und-henkel\" \/>\n<meta property=\"og:site_name\" content=\"Diller Water Bottle Manufacturer\" \/>\n<meta property=\"article:modified_time\" content=\"2025-07-09T09:12:26+00:00\" \/>\n<meta property=\"og:image\" content=\"https:\/\/www.dillerbottle.com\/wp-content\/uploads\/2024\/09\/large-capacity-glass-bottle-with-handlef5e493cb-5444-4acf-b849-fbcd21d0cec7.jpg\" \/>\n\t<meta property=\"og:image:width\" content=\"730\" \/>\n\t<meta property=\"og:image:height\" content=\"730\" \/>\n\t<meta property=\"og:image:type\" content=\"image\/jpeg\" \/>\n<meta name=\"twitter:card\" content=\"summary_large_image\" \/>\n<meta name=\"twitter:label1\" content=\"Gesch\u00e4tzte Lesezeit\" \/>\n\t<meta name=\"twitter:data1\" content=\"5\u00a0Minuten\" \/>\n<script type=\"application\/ld+json\" class=\"yoast-schema-graph\">{\"@context\":\"https:\\\/\\\/schema.org\",\"@graph\":[{\"@type\":\"WebPage\",\"@id\":\"https:\\\/\\\/www.dillerbottle.com\\\/products\\\/large-capacity-glass-bottle-with-handle\",\"url\":\"https:\\\/\\\/www.dillerbottle.com\\\/products\\\/large-capacity-glass-bottle-with-handle\",\"name\":\"Large Capacity Glass Bottle With Handle - Diller Water Bottle Manufacturer\",\"isPartOf\":{\"@id\":\"https:\\\/\\\/www.dillerbottle.com\\\/#website\"},\"primaryImageOfPage\":{\"@id\":\"https:\\\/\\\/www.dillerbottle.com\\\/products\\\/large-capacity-glass-bottle-with-handle#primaryimage\"},\"image\":{\"@id\":\"https:\\\/\\\/www.dillerbottle.com\\\/products\\\/large-capacity-glass-bottle-with-handle#primaryimage\"},\"thumbnailUrl\":\"https:\\\/\\\/www.dillerbottle.com\\\/wp-content\\\/uploads\\\/2024\\\/09\\\/large-capacity-glass-bottle-with-handlef5e493cb-5444-4acf-b849-fbcd21d0cec7.jpg\",\"datePublished\":\"2024-09-29T01:51:26+00:00\",\"dateModified\":\"2025-07-09T09:12:26+00:00\",\"description\":\"As one of the best large capacity glass bottle with handle manufacturers and suppliers, we are engaged in manufacturing good quality water bottles. We warmly welcome you to wholesale or buy custom made large capacity glass bottle with handle at competitive price from us. Also, small quantity orders are acceptable.\",\"breadcrumb\":{\"@id\":\"https:\\\/\\\/www.dillerbottle.com\\\/products\\\/large-capacity-glass-bottle-with-handle#breadcrumb\"},\"inLanguage\":\"de\",\"potentialAction\":[{\"@type\":\"ReadAction\",\"target\":[\"https:\\\/\\\/www.dillerbottle.com\\\/products\\\/large-capacity-glass-bottle-with-handle\"]}]},{\"@type\":\"ImageObject\",\"inLanguage\":\"de\",\"@id\":\"https:\\\/\\\/www.dillerbottle.com\\\/products\\\/large-capacity-glass-bottle-with-handle#primaryimage\",\"url\":\"https:\\\/\\\/www.dillerbottle.com\\\/wp-content\\\/uploads\\\/2024\\\/09\\\/large-capacity-glass-bottle-with-handlef5e493cb-5444-4acf-b849-fbcd21d0cec7.jpg\",\"contentUrl\":\"https:\\\/\\\/www.dillerbottle.com\\\/wp-content\\\/uploads\\\/2024\\\/09\\\/large-capacity-glass-bottle-with-handlef5e493cb-5444-4acf-b849-fbcd21d0cec7.jpg\",\"width\":730,\"height\":730},{\"@type\":\"BreadcrumbList\",\"@id\":\"https:\\\/\\\/www.dillerbottle.com\\\/products\\\/large-capacity-glass-bottle-with-handle#breadcrumb\",\"itemListElement\":[{\"@type\":\"ListItem\",\"position\":1,\"name\":\"Home\",\"item\":\"https:\\\/\\\/www.dillerbottle.com\\\/\"},{\"@type\":\"ListItem\",\"position\":2,\"name\":\"Products\",\"item\":\"https:\\\/\\\/www.dillerbottle.com\\\/shop\"},{\"@type\":\"ListItem\",\"position\":3,\"name\":\"Large Capacity Glass Bottle With Handle\"}]},{\"@type\":\"WebSite\",\"@id\":\"https:\\\/\\\/www.dillerbottle.com\\\/#website\",\"url\":\"https:\\\/\\\/www.dillerbottle.com\\\/\",\"name\":\"Diller Water Bottle Manufacturer\",\"description\":\"Water Bottle Manufacturer\",\"publisher\":{\"@id\":\"https:\\\/\\\/www.dillerbottle.com\\\/#organization\"},\"potentialAction\":[{\"@type\":\"SearchAction\",\"target\":{\"@type\":\"EntryPoint\",\"urlTemplate\":\"https:\\\/\\\/www.dillerbottle.com\\\/?s={search_term_string}\"},\"query-input\":{\"@type\":\"PropertyValueSpecification\",\"valueRequired\":true,\"valueName\":\"search_term_string\"}}],\"inLanguage\":\"de\"},{\"@type\":\"Organization\",\"@id\":\"https:\\\/\\\/www.dillerbottle.com\\\/#organization\",\"name\":\"Diller Water Bottle Manufacturer\",\"url\":\"https:\\\/\\\/www.dillerbottle.com\\\/\",\"logo\":{\"@type\":\"ImageObject\",\"inLanguage\":\"de\",\"@id\":\"https:\\\/\\\/www.dillerbottle.com\\\/#\\\/schema\\\/logo\\\/image\\\/\",\"url\":\"https:\\\/\\\/www.dillerbottle.com\\\/wp-content\\\/uploads\\\/2024\\\/09\\\/49918bfa848dcc1e9f8b509933603ac.png\",\"contentUrl\":\"https:\\\/\\\/www.dillerbottle.com\\\/wp-content\\\/uploads\\\/2024\\\/09\\\/49918bfa848dcc1e9f8b509933603ac.png\",\"width\":988,\"height\":198,\"caption\":\"Diller Water Bottle Manufacturer\"},\"image\":{\"@id\":\"https:\\\/\\\/www.dillerbottle.com\\\/#\\\/schema\\\/logo\\\/image\\\/\"}}]}<\/script>\n<!-- \/ Yoast SEO Premium plugin. -->","yoast_head_json":{"title":"Glasflasche mit gro\u00dfem Fassungsverm\u00f6gen und Griff - Diller Wasserflaschenhersteller","description":"Als einer der besten Hersteller und Lieferanten von Glasflaschen mit gro\u00dfem Fassungsverm\u00f6gen und Griff sind wir auf die Herstellung hochwertiger Wasserflaschen spezialisiert. Wir hei\u00dfen Sie herzlich willkommen, bei uns Glasflaschen mit gro\u00dfem Fassungsverm\u00f6gen und Griff im Gro\u00dfhandel zu kaufen oder zu einem wettbewerbsf\u00e4higen Preis nach Ma\u00df zu bestellen. Auch Bestellungen in kleinen Mengen sind m\u00f6glich.","robots":{"index":"index","follow":"follow","max-snippet":"max-snippet:-1","max-image-preview":"max-image-preview:large","max-video-preview":"max-video-preview:-1"},"canonical":"https:\/\/www.dillerbottle.com\/de\/produkte\/glasflasche-mit-grosem-fassungsvermogen-und-henkel","og_locale":"de_DE","og_type":"article","og_title":"Large Capacity Glass Bottle With Handle","og_description":"As one of the best large capacity glass bottle with handle manufacturers and suppliers, we are engaged in manufacturing good quality water bottles. We warmly welcome you to wholesale or buy custom made large capacity glass bottle with handle at competitive price from us. Also, small quantity orders are acceptable.","og_url":"https:\/\/www.dillerbottle.com\/de\/produkte\/glasflasche-mit-grosem-fassungsvermogen-und-henkel","og_site_name":"Diller Water Bottle Manufacturer","article_modified_time":"2025-07-09T09:12:26+00:00","og_image":[{"width":730,"height":730,"url":"https:\/\/www.dillerbottle.com\/wp-content\/uploads\/2024\/09\/large-capacity-glass-bottle-with-handlef5e493cb-5444-4acf-b849-fbcd21d0cec7.jpg","type":"image\/jpeg"}],"twitter_card":"summary_large_image","twitter_misc":{"Gesch\u00e4tzte Lesezeit":"5\u00a0Minuten"},"schema":{"@context":"https:\/\/schema.org","@graph":[{"@type":"WebPage","@id":"https:\/\/www.dillerbottle.com\/products\/large-capacity-glass-bottle-with-handle","url":"https:\/\/www.dillerbottle.com\/products\/large-capacity-glass-bottle-with-handle","name":"Glasflasche mit gro\u00dfem Fassungsverm\u00f6gen und Griff - Diller Wasserflaschenhersteller","isPartOf":{"@id":"https:\/\/www.dillerbottle.com\/#website"},"primaryImageOfPage":{"@id":"https:\/\/www.dillerbottle.com\/products\/large-capacity-glass-bottle-with-handle#primaryimage"},"image":{"@id":"https:\/\/www.dillerbottle.com\/products\/large-capacity-glass-bottle-with-handle#primaryimage"},"thumbnailUrl":"https:\/\/www.dillerbottle.com\/wp-content\/uploads\/2024\/09\/large-capacity-glass-bottle-with-handlef5e493cb-5444-4acf-b849-fbcd21d0cec7.jpg","datePublished":"2024-09-29T01:51:26+00:00","dateModified":"2025-07-09T09:12:26+00:00","description":"Als einer der besten Hersteller und Lieferanten von Glasflaschen mit gro\u00dfem Fassungsverm\u00f6gen und Griff sind wir auf die Herstellung hochwertiger Wasserflaschen spezialisiert. Wir hei\u00dfen Sie herzlich willkommen, bei uns Glasflaschen mit gro\u00dfem Fassungsverm\u00f6gen und Griff im Gro\u00dfhandel zu kaufen oder zu einem wettbewerbsf\u00e4higen Preis nach Ma\u00df zu bestellen. Auch Bestellungen in kleinen Mengen sind m\u00f6glich.","breadcrumb":{"@id":"https:\/\/www.dillerbottle.com\/products\/large-capacity-glass-bottle-with-handle#breadcrumb"},"inLanguage":"de","potentialAction":[{"@type":"ReadAction","target":["https:\/\/www.dillerbottle.com\/products\/large-capacity-glass-bottle-with-handle"]}]},{"@type":"ImageObject","inLanguage":"de","@id":"https:\/\/www.dillerbottle.com\/products\/large-capacity-glass-bottle-with-handle#primaryimage","url":"https:\/\/www.dillerbottle.com\/wp-content\/uploads\/2024\/09\/large-capacity-glass-bottle-with-handlef5e493cb-5444-4acf-b849-fbcd21d0cec7.jpg","contentUrl":"https:\/\/www.dillerbottle.com\/wp-content\/uploads\/2024\/09\/large-capacity-glass-bottle-with-handlef5e493cb-5444-4acf-b849-fbcd21d0cec7.jpg","width":730,"height":730},{"@type":"BreadcrumbList","@id":"https:\/\/www.dillerbottle.com\/products\/large-capacity-glass-bottle-with-handle#breadcrumb","itemListElement":[{"@type":"ListItem","position":1,"name":"Home","item":"https:\/\/www.dillerbottle.com\/"},{"@type":"ListItem","position":2,"name":"Products","item":"https:\/\/www.dillerbottle.com\/shop"},{"@type":"ListItem","position":3,"name":"Large Capacity Glass Bottle With Handle"}]},{"@type":"WebSite","@id":"https:\/\/www.dillerbottle.com\/#website","url":"https:\/\/www.dillerbottle.com\/","name":"Diller Wasserflaschenhersteller","description":"Wasserflaschenhersteller","publisher":{"@id":"https:\/\/www.dillerbottle.com\/#organization"},"potentialAction":[{"@type":"SearchAction","target":{"@type":"EntryPoint","urlTemplate":"https:\/\/www.dillerbottle.com\/?s={search_term_string}"},"query-input":{"@type":"PropertyValueSpecification","valueRequired":true,"valueName":"search_term_string"}}],"inLanguage":"de"},{"@type":"Organization","@id":"https:\/\/www.dillerbottle.com\/#organization","name":"Diller Wasserflaschenhersteller","url":"https:\/\/www.dillerbottle.com\/","logo":{"@type":"ImageObject","inLanguage":"de","@id":"https:\/\/www.dillerbottle.com\/#\/schema\/logo\/image\/","url":"https:\/\/www.dillerbottle.com\/wp-content\/uploads\/2024\/09\/49918bfa848dcc1e9f8b509933603ac.png","contentUrl":"https:\/\/www.dillerbottle.com\/wp-content\/uploads\/2024\/09\/49918bfa848dcc1e9f8b509933603ac.png","width":988,"height":198,"caption":"Diller Water Bottle Manufacturer"},"image":{"@id":"https:\/\/www.dillerbottle.com\/#\/schema\/logo\/image\/"}}]}},"_links":{"self":[{"href":"https:\/\/www.dillerbottle.com\/de\/wp-json\/wp\/v2\/product\/6764","targetHints":{"allow":["GET"]}}],"collection":[{"href":"https:\/\/www.dillerbottle.com\/de\/wp-json\/wp\/v2\/product"}],"about":[{"href":"https:\/\/www.dillerbottle.com\/de\/wp-json\/wp\/v2\/types\/product"}],"replies":[{"embeddable":true,"href":"https:\/\/www.dillerbottle.com\/de\/wp-json\/wp\/v2\/comments?post=6764"}],"wp:featuredmedia":[{"embeddable":true,"href":"https:\/\/www.dillerbottle.com\/de\/wp-json\/wp\/v2\/media\/6765"}],"wp:attachment":[{"href":"https:\/\/www.dillerbottle.com\/de\/wp-json\/wp\/v2\/media?parent=6764"}],"wp:term":[{"taxonomy":"product_brand","embeddable":true,"href":"https:\/\/www.dillerbottle.com\/de\/wp-json\/wp\/v2\/product_brand?post=6764"},{"taxonomy":"product_cat","embeddable":true,"href":"https:\/\/www.dillerbottle.com\/de\/wp-json\/wp\/v2\/product_cat?post=6764"},{"taxonomy":"product_tag","embeddable":true,"href":"https:\/\/www.dillerbottle.com\/de\/wp-json\/wp\/v2\/product_tag?post=6764"}],"curies":[{"name":"wp","href":"https:\/\/api.w.org\/{rel}","templated":true}]}}