{"id":7044,"date":"2024-09-29T09:55:13","date_gmt":"2024-09-29T01:55:13","guid":{"rendered":"https:\/\/demo.dillerbottle.com\/uncategorized\/lovely-bear-glass-bottle"},"modified":"2025-12-10T13:43:49","modified_gmt":"2025-12-10T05:43:49","slug":"schone-barenglasflasche","status":"publish","type":"product","link":"https:\/\/www.dillerbottle.com\/de\/products\/lovely-bear-glass-bottle","title":{"rendered":"Lovely Bear Glasflasche"},"content":{"rendered":"<p>1. Die sch\u00f6ne B\u00e4renglasflasche besteht aus Borosilikatglas. Das langlebige Borosilikatglas bricht auch bei extremen Temperaturen nicht und das doppelschichtige Becherk\u00f6rperdesign ist sicher vor Verbr\u00fchungen der H\u00e4nde.<\/p>\n<p>2. Ausgestattet mit Edelstahl-Tee-Ei, ist es einfach, Tee zu brauen und kann jederzeit und \u00fcberall genossen werden.<\/p>\n<p>3. Der Dichtungsdeckel ist mit einem lebensmittelechten Silikon-O-Ring ausgestattet, der das Austreten von Wasser wirksam verhindert und keine Angst hat, nass zu werden, wenn er in die Tasche gelegt wird.<\/p>\n<p>4.;\u00dcber dem Becherdeckel befindet sich ein verstecktes Silikonseil, das auch beim Ausgehen sehr praktisch zu tragen ist.<\/p>","protected":false},"excerpt":{"rendered":"<p>Diese h\u00fcbsche B\u00e4renglasflasche besteht aus Borosilikatglas und lebensmittelechten Materialien.<br \/>\nDoppeltes Glasdesign verhindert das Verbr\u00fchen der H\u00e4nde.<br \/>\nOberhalb des Becherdeckels ist ein verstecktes Seil angebracht.<br \/>\nMit dem Tee-Ei aus Edelstahl ist es bequemer, Tee zu trinken.<br \/>\nOEM und ODM akzeptabel.<br \/>\nWir k\u00f6nnen die Wasserflasche nach Ihren W\u00fcnschen gestalten.<br \/>\nWillkommen beim Gro\u00dfhandelskauf, senden Sie jetzt eine Anfrage!<\/p>","protected":false},"featured_media":7045,"comment_status":"open","ping_status":"closed","template":"","meta":{"_acf_changed":false},"product_brand":[],"product_cat":[310],"product_tag":[32,36,33,31,542,39,593,597,38,617,29,37,587,571,34,35,28,578,30],"class_list":{"0":"post-7044","1":"product","2":"type-product","3":"status-publish","4":"has-post-thumbnail","6":"product_cat-glass-water-bottle","7":"product_tag-best","8":"product_tag-bulk","9":"product_tag-buy","10":"product_tag-custom","11":"product_tag-double-wall-glass-water-bottle-with-tea-infuser","12":"product_tag-for-sale","13":"product_tag-frosted-glass-water-bottle-sublimation","14":"product_tag-glass-water-bottle-with-time-marker","15":"product_tag-good-quality","16":"product_tag-lovely-bear-glass-bottle","17":"product_tag-manufacturers","18":"product_tag-manufacturing","19":"product_tag-motivational-water-bottle-1-liter","20":"product_tag-multi-use-water-bottle","21":"product_tag-price","22":"product_tag-small","23":"product_tag-suppliers","24":"product_tag-water-bottle-gift-promotional","25":"product_tag-wholesale","27":"first","28":"instock","29":"shipping-taxable","30":"product-type-simple"},"acf":[],"yoast_head":"<!-- This site is optimized with the Yoast SEO Premium plugin v27.4 (Yoast SEO v27.4) - https:\/\/yoast.com\/product\/yoast-seo-premium-wordpress\/ -->\n<title>Lovely Bear Glass Bottle - Diller Water Bottle Manufacturer<\/title>\n<meta name=\"description\" content=\"As one of the best lovely bear glass bottle manufacturers and suppliers, we are engaged in manufacturing good quality water bottles. We warmly welcome you to wholesale or buy custom made lovely bear glass bottle at competitive price from us. Also, small quantity orders are acceptable.\" \/>\n<meta name=\"robots\" content=\"index, follow, max-snippet:-1, max-image-preview:large, max-video-preview:-1\" \/>\n<link rel=\"canonical\" href=\"https:\/\/www.dillerbottle.com\/de\/produkte\/schone-barenglasflasche\" \/>\n<meta property=\"og:locale\" content=\"de_DE\" \/>\n<meta property=\"og:type\" content=\"article\" \/>\n<meta property=\"og:title\" content=\"Lovely Bear Glass Bottle\" \/>\n<meta property=\"og:description\" content=\"As one of the best lovely bear glass bottle manufacturers and suppliers, we are engaged in manufacturing good quality water bottles. We warmly welcome you to wholesale or buy custom made lovely bear glass bottle at competitive price from us. Also, small quantity orders are acceptable.\" \/>\n<meta property=\"og:url\" content=\"https:\/\/www.dillerbottle.com\/de\/produkte\/schone-barenglasflasche\" \/>\n<meta property=\"og:site_name\" content=\"Diller Water Bottle Manufacturer\" \/>\n<meta property=\"article:modified_time\" content=\"2025-12-10T05:43:49+00:00\" \/>\n<meta property=\"og:image\" content=\"https:\/\/www.dillerbottle.com\/wp-content\/uploads\/2024\/09\/lovel-bear-glass-bottle3da052c3-a421-4282-992a-124992ea5d84.jpg\" \/>\n\t<meta property=\"og:image:width\" content=\"730\" \/>\n\t<meta property=\"og:image:height\" content=\"730\" \/>\n\t<meta property=\"og:image:type\" content=\"image\/jpeg\" \/>\n<meta name=\"twitter:card\" content=\"summary_large_image\" \/>\n<meta name=\"twitter:label1\" content=\"Gesch\u00e4tzte Lesezeit\" \/>\n\t<meta name=\"twitter:data1\" content=\"5\u00a0Minuten\" \/>\n<script type=\"application\/ld+json\" class=\"yoast-schema-graph\">{\"@context\":\"https:\\\/\\\/schema.org\",\"@graph\":[{\"@type\":\"WebPage\",\"@id\":\"https:\\\/\\\/www.dillerbottle.com\\\/products\\\/lovely-bear-glass-bottle\",\"url\":\"https:\\\/\\\/www.dillerbottle.com\\\/products\\\/lovely-bear-glass-bottle\",\"name\":\"Lovely Bear Glass Bottle - Diller Water Bottle Manufacturer\",\"isPartOf\":{\"@id\":\"https:\\\/\\\/www.dillerbottle.com\\\/#website\"},\"primaryImageOfPage\":{\"@id\":\"https:\\\/\\\/www.dillerbottle.com\\\/products\\\/lovely-bear-glass-bottle#primaryimage\"},\"image\":{\"@id\":\"https:\\\/\\\/www.dillerbottle.com\\\/products\\\/lovely-bear-glass-bottle#primaryimage\"},\"thumbnailUrl\":\"https:\\\/\\\/www.dillerbottle.com\\\/wp-content\\\/uploads\\\/2024\\\/09\\\/lovel-bear-glass-bottle3da052c3-a421-4282-992a-124992ea5d84.jpg\",\"datePublished\":\"2024-09-29T01:55:13+00:00\",\"dateModified\":\"2025-12-10T05:43:49+00:00\",\"description\":\"As one of the best lovely bear glass bottle manufacturers and suppliers, we are engaged in manufacturing good quality water bottles. We warmly welcome you to wholesale or buy custom made lovely bear glass bottle at competitive price from us. Also, small quantity orders are acceptable.\",\"breadcrumb\":{\"@id\":\"https:\\\/\\\/www.dillerbottle.com\\\/products\\\/lovely-bear-glass-bottle#breadcrumb\"},\"inLanguage\":\"de\",\"potentialAction\":[{\"@type\":\"ReadAction\",\"target\":[\"https:\\\/\\\/www.dillerbottle.com\\\/products\\\/lovely-bear-glass-bottle\"]}]},{\"@type\":\"ImageObject\",\"inLanguage\":\"de\",\"@id\":\"https:\\\/\\\/www.dillerbottle.com\\\/products\\\/lovely-bear-glass-bottle#primaryimage\",\"url\":\"https:\\\/\\\/www.dillerbottle.com\\\/wp-content\\\/uploads\\\/2024\\\/09\\\/lovel-bear-glass-bottle3da052c3-a421-4282-992a-124992ea5d84.jpg\",\"contentUrl\":\"https:\\\/\\\/www.dillerbottle.com\\\/wp-content\\\/uploads\\\/2024\\\/09\\\/lovel-bear-glass-bottle3da052c3-a421-4282-992a-124992ea5d84.jpg\",\"width\":730,\"height\":730},{\"@type\":\"BreadcrumbList\",\"@id\":\"https:\\\/\\\/www.dillerbottle.com\\\/products\\\/lovely-bear-glass-bottle#breadcrumb\",\"itemListElement\":[{\"@type\":\"ListItem\",\"position\":1,\"name\":\"Home\",\"item\":\"https:\\\/\\\/www.dillerbottle.com\\\/\"},{\"@type\":\"ListItem\",\"position\":2,\"name\":\"Products\",\"item\":\"https:\\\/\\\/www.dillerbottle.com\\\/shop\"},{\"@type\":\"ListItem\",\"position\":3,\"name\":\"Lovely Bear Glass Bottle\"}]},{\"@type\":\"WebSite\",\"@id\":\"https:\\\/\\\/www.dillerbottle.com\\\/#website\",\"url\":\"https:\\\/\\\/www.dillerbottle.com\\\/\",\"name\":\"Diller Water Bottle Manufacturer\",\"description\":\"Water Bottle Manufacturer\",\"publisher\":{\"@id\":\"https:\\\/\\\/www.dillerbottle.com\\\/#organization\"},\"potentialAction\":[{\"@type\":\"SearchAction\",\"target\":{\"@type\":\"EntryPoint\",\"urlTemplate\":\"https:\\\/\\\/www.dillerbottle.com\\\/?s={search_term_string}\"},\"query-input\":{\"@type\":\"PropertyValueSpecification\",\"valueRequired\":true,\"valueName\":\"search_term_string\"}}],\"inLanguage\":\"de\"},{\"@type\":\"Organization\",\"@id\":\"https:\\\/\\\/www.dillerbottle.com\\\/#organization\",\"name\":\"Diller Water Bottle Manufacturer\",\"url\":\"https:\\\/\\\/www.dillerbottle.com\\\/\",\"logo\":{\"@type\":\"ImageObject\",\"inLanguage\":\"de\",\"@id\":\"https:\\\/\\\/www.dillerbottle.com\\\/#\\\/schema\\\/logo\\\/image\\\/\",\"url\":\"https:\\\/\\\/www.dillerbottle.com\\\/wp-content\\\/uploads\\\/2024\\\/09\\\/49918bfa848dcc1e9f8b509933603ac.png\",\"contentUrl\":\"https:\\\/\\\/www.dillerbottle.com\\\/wp-content\\\/uploads\\\/2024\\\/09\\\/49918bfa848dcc1e9f8b509933603ac.png\",\"width\":988,\"height\":198,\"caption\":\"Diller Water Bottle Manufacturer\"},\"image\":{\"@id\":\"https:\\\/\\\/www.dillerbottle.com\\\/#\\\/schema\\\/logo\\\/image\\\/\"}}]}<\/script>\n<!-- \/ Yoast SEO Premium plugin. -->","yoast_head_json":{"title":"Sch\u00f6ne B\u00e4renglasflasche - Diller Wasserflaschenhersteller","description":"Als einer der besten Hersteller und Lieferanten von Glasflaschen mit niedlichen B\u00e4ren sind wir auf die Herstellung hochwertiger Wasserflaschen spezialisiert. Wir hei\u00dfen Sie herzlich willkommen, bei uns Glasflaschen mit niedlichen B\u00e4ren im Gro\u00dfhandel zu kaufen oder zu wettbewerbsf\u00e4higen Preisen zu erwerben. Auch Bestellungen in kleinen Mengen sind m\u00f6glich.","robots":{"index":"index","follow":"follow","max-snippet":"max-snippet:-1","max-image-preview":"max-image-preview:large","max-video-preview":"max-video-preview:-1"},"canonical":"https:\/\/www.dillerbottle.com\/de\/produkte\/schone-barenglasflasche","og_locale":"de_DE","og_type":"article","og_title":"Lovely Bear Glass Bottle","og_description":"As one of the best lovely bear glass bottle manufacturers and suppliers, we are engaged in manufacturing good quality water bottles. We warmly welcome you to wholesale or buy custom made lovely bear glass bottle at competitive price from us. Also, small quantity orders are acceptable.","og_url":"https:\/\/www.dillerbottle.com\/de\/produkte\/schone-barenglasflasche","og_site_name":"Diller Water Bottle Manufacturer","article_modified_time":"2025-12-10T05:43:49+00:00","og_image":[{"width":730,"height":730,"url":"https:\/\/www.dillerbottle.com\/wp-content\/uploads\/2024\/09\/lovel-bear-glass-bottle3da052c3-a421-4282-992a-124992ea5d84.jpg","type":"image\/jpeg"}],"twitter_card":"summary_large_image","twitter_misc":{"Gesch\u00e4tzte Lesezeit":"5\u00a0Minuten"},"schema":{"@context":"https:\/\/schema.org","@graph":[{"@type":"WebPage","@id":"https:\/\/www.dillerbottle.com\/products\/lovely-bear-glass-bottle","url":"https:\/\/www.dillerbottle.com\/products\/lovely-bear-glass-bottle","name":"Sch\u00f6ne B\u00e4renglasflasche - Diller Wasserflaschenhersteller","isPartOf":{"@id":"https:\/\/www.dillerbottle.com\/#website"},"primaryImageOfPage":{"@id":"https:\/\/www.dillerbottle.com\/products\/lovely-bear-glass-bottle#primaryimage"},"image":{"@id":"https:\/\/www.dillerbottle.com\/products\/lovely-bear-glass-bottle#primaryimage"},"thumbnailUrl":"https:\/\/www.dillerbottle.com\/wp-content\/uploads\/2024\/09\/lovel-bear-glass-bottle3da052c3-a421-4282-992a-124992ea5d84.jpg","datePublished":"2024-09-29T01:55:13+00:00","dateModified":"2025-12-10T05:43:49+00:00","description":"Als einer der besten Hersteller und Lieferanten von Glasflaschen mit niedlichen B\u00e4ren sind wir auf die Herstellung hochwertiger Wasserflaschen spezialisiert. Wir hei\u00dfen Sie herzlich willkommen, bei uns Glasflaschen mit niedlichen B\u00e4ren im Gro\u00dfhandel zu kaufen oder zu wettbewerbsf\u00e4higen Preisen zu erwerben. Auch Bestellungen in kleinen Mengen sind m\u00f6glich.","breadcrumb":{"@id":"https:\/\/www.dillerbottle.com\/products\/lovely-bear-glass-bottle#breadcrumb"},"inLanguage":"de","potentialAction":[{"@type":"ReadAction","target":["https:\/\/www.dillerbottle.com\/products\/lovely-bear-glass-bottle"]}]},{"@type":"ImageObject","inLanguage":"de","@id":"https:\/\/www.dillerbottle.com\/products\/lovely-bear-glass-bottle#primaryimage","url":"https:\/\/www.dillerbottle.com\/wp-content\/uploads\/2024\/09\/lovel-bear-glass-bottle3da052c3-a421-4282-992a-124992ea5d84.jpg","contentUrl":"https:\/\/www.dillerbottle.com\/wp-content\/uploads\/2024\/09\/lovel-bear-glass-bottle3da052c3-a421-4282-992a-124992ea5d84.jpg","width":730,"height":730},{"@type":"BreadcrumbList","@id":"https:\/\/www.dillerbottle.com\/products\/lovely-bear-glass-bottle#breadcrumb","itemListElement":[{"@type":"ListItem","position":1,"name":"Home","item":"https:\/\/www.dillerbottle.com\/"},{"@type":"ListItem","position":2,"name":"Products","item":"https:\/\/www.dillerbottle.com\/shop"},{"@type":"ListItem","position":3,"name":"Lovely Bear Glass Bottle"}]},{"@type":"WebSite","@id":"https:\/\/www.dillerbottle.com\/#website","url":"https:\/\/www.dillerbottle.com\/","name":"Diller Wasserflaschenhersteller","description":"Wasserflaschenhersteller","publisher":{"@id":"https:\/\/www.dillerbottle.com\/#organization"},"potentialAction":[{"@type":"SearchAction","target":{"@type":"EntryPoint","urlTemplate":"https:\/\/www.dillerbottle.com\/?s={search_term_string}"},"query-input":{"@type":"PropertyValueSpecification","valueRequired":true,"valueName":"search_term_string"}}],"inLanguage":"de"},{"@type":"Organization","@id":"https:\/\/www.dillerbottle.com\/#organization","name":"Diller Wasserflaschenhersteller","url":"https:\/\/www.dillerbottle.com\/","logo":{"@type":"ImageObject","inLanguage":"de","@id":"https:\/\/www.dillerbottle.com\/#\/schema\/logo\/image\/","url":"https:\/\/www.dillerbottle.com\/wp-content\/uploads\/2024\/09\/49918bfa848dcc1e9f8b509933603ac.png","contentUrl":"https:\/\/www.dillerbottle.com\/wp-content\/uploads\/2024\/09\/49918bfa848dcc1e9f8b509933603ac.png","width":988,"height":198,"caption":"Diller Water Bottle Manufacturer"},"image":{"@id":"https:\/\/www.dillerbottle.com\/#\/schema\/logo\/image\/"}}]}},"_links":{"self":[{"href":"https:\/\/www.dillerbottle.com\/de\/wp-json\/wp\/v2\/product\/7044","targetHints":{"allow":["GET"]}}],"collection":[{"href":"https:\/\/www.dillerbottle.com\/de\/wp-json\/wp\/v2\/product"}],"about":[{"href":"https:\/\/www.dillerbottle.com\/de\/wp-json\/wp\/v2\/types\/product"}],"replies":[{"embeddable":true,"href":"https:\/\/www.dillerbottle.com\/de\/wp-json\/wp\/v2\/comments?post=7044"}],"wp:featuredmedia":[{"embeddable":true,"href":"https:\/\/www.dillerbottle.com\/de\/wp-json\/wp\/v2\/media\/7045"}],"wp:attachment":[{"href":"https:\/\/www.dillerbottle.com\/de\/wp-json\/wp\/v2\/media?parent=7044"}],"wp:term":[{"taxonomy":"product_brand","embeddable":true,"href":"https:\/\/www.dillerbottle.com\/de\/wp-json\/wp\/v2\/product_brand?post=7044"},{"taxonomy":"product_cat","embeddable":true,"href":"https:\/\/www.dillerbottle.com\/de\/wp-json\/wp\/v2\/product_cat?post=7044"},{"taxonomy":"product_tag","embeddable":true,"href":"https:\/\/www.dillerbottle.com\/de\/wp-json\/wp\/v2\/product_tag?post=7044"}],"curies":[{"name":"wp","href":"https:\/\/api.w.org\/{rel}","templated":true}]}}