{"id":7165,"date":"2024-09-29T09:56:45","date_gmt":"2024-09-29T01:56:45","guid":{"rendered":"https:\/\/demo.dillerbottle.com\/uncategorized\/branded-glass-water-bottles"},"modified":"2025-07-09T17:05:33","modified_gmt":"2025-07-09T09:05:33","slug":"marken-wasserflaschen-aus-glas","status":"publish","type":"product","link":"https:\/\/www.dillerbottle.com\/de\/products\/branded-glass-water-bottles","title":{"rendered":"Marken-Wasserflaschen aus Glas"},"content":{"rendered":"<p>Diese Glaswasserflasche ist aus ultraklarem Borosilikatglas hergestellt; die Glaswasserflaschen haben eine geringe Ausdehnungsrate, hohe Temperaturbest\u00e4ndigkeit, hohe Festigkeit und H\u00e4rte, hohe Lichtdurchl\u00e4ssigkeit und hohe chemische Stabilit\u00e4t. Sie sind leicht zu waschen, und kommen mit einem luftdichten Deckel, um sicherzustellen, dass sie v\u00f6llig auslaufsicher sind.<br \/>\nMerkmale:<br \/>\n1. Glas Wasserflasche ist umweltfreundlich, alle Materialien sind frei von BPA, PVC, Kunststoff, Blei, etc. 360ML Wasserflasche leicht und dennoch langlebig, enth\u00e4lt dieses Set Trageschlaufe Riemen an den Edelstahlkappen befestigt.<\/p>\n<p>2; Jede Kappe ist mit einem O-Ring aus Silikon ausgekleidet, so dass sie nie ein Leck im Auto oder in der Tasche hinterl\u00e4sst, egal wie Sie die Flasche platzieren;<\/p>\n<p>3.;Das pausb\u00e4ckige und niedliche Design mit Silikonschnur erm\u00f6glicht es Ihnen, Ihre Flaschen \u00fcberall hin mitzunehmen, sei es im Auto, in der Schule oder bei der Arbeit.<\/p>","protected":false},"excerpt":{"rendered":"<p>Diese Glaswasserflasche besteht aus ultraklarem Borosilikatglas, das sich durch geringe Ausdehnung, hohe Temperaturbest\u00e4ndigkeit, hohe Festigkeit und H\u00e4rte, hohe Lichtdurchl\u00e4ssigkeit und hohe chemische Stabilit\u00e4t auszeichnet.<br \/>\nSie sind leicht zu waschen und werden mit einer luftdichten Kappe geliefert, damit sie...<\/p>","protected":false},"featured_media":7166,"comment_status":"open","ping_status":"closed","template":"","meta":{"_acf_changed":false},"product_brand":[],"product_cat":[310],"product_tag":[583,32,623,36,33,31,39,597,38,29,37,587,34,35,601,28,514,532,30],"class_list":{"0":"post-7165","1":"product","2":"type-product","3":"status-publish","4":"has-post-thumbnail","6":"product_cat-glass-water-bottle","7":"product_tag-2023-new-water-bottle","8":"product_tag-best","9":"product_tag-branded-glass-water-bottles","10":"product_tag-bulk","11":"product_tag-buy","12":"product_tag-custom","13":"product_tag-for-sale","14":"product_tag-glass-water-bottle-with-time-marker","15":"product_tag-good-quality","16":"product_tag-manufacturers","17":"product_tag-manufacturing","18":"product_tag-motivational-water-bottle-1-liter","19":"product_tag-price","20":"product_tag-small","21":"product_tag-sublimation-glass-water-bottle","22":"product_tag-suppliers","23":"product_tag-time-marker-water-bottle","24":"product_tag-water-bottles-manufacturer","25":"product_tag-wholesale","27":"first","28":"instock","29":"shipping-taxable","30":"product-type-simple"},"acf":[],"yoast_head":"<!-- This site is optimized with the Yoast SEO Premium plugin v27.3 (Yoast SEO v27.3) - https:\/\/yoast.com\/product\/yoast-seo-premium-wordpress\/ -->\n<title>Branded Glass Water Bottles - Diller Water Bottle Manufacturer<\/title>\n<meta name=\"description\" content=\"As one of the best branded glass water bottles manufacturers and suppliers, we are engaged in manufacturing good quality water bottles. We warmly welcome you to wholesale or buy custom made branded glass water bottles at competitive price from us. Also, small quantity orders are acceptable.\" \/>\n<meta name=\"robots\" content=\"index, follow, max-snippet:-1, max-image-preview:large, max-video-preview:-1\" \/>\n<link rel=\"canonical\" href=\"https:\/\/www.dillerbottle.com\/de\/produkte\/marken-wasserflaschen-aus-glas\" \/>\n<meta property=\"og:locale\" content=\"de_DE\" \/>\n<meta property=\"og:type\" content=\"article\" \/>\n<meta property=\"og:title\" content=\"Branded Glass Water Bottles\" \/>\n<meta property=\"og:description\" content=\"As one of the best branded glass water bottles manufacturers and suppliers, we are engaged in manufacturing good quality water bottles. We warmly welcome you to wholesale or buy custom made branded glass water bottles at competitive price from us. Also, small quantity orders are acceptable.\" \/>\n<meta property=\"og:url\" content=\"https:\/\/www.dillerbottle.com\/de\/produkte\/marken-wasserflaschen-aus-glas\" \/>\n<meta property=\"og:site_name\" content=\"Diller Water Bottle Manufacturer\" \/>\n<meta property=\"article:modified_time\" content=\"2025-07-09T09:05:33+00:00\" \/>\n<meta property=\"og:image\" content=\"https:\/\/www.dillerbottle.com\/wp-content\/uploads\/2024\/09\/branded-glass-water-bottles37126890772.jpg\" \/>\n\t<meta property=\"og:image:width\" content=\"730\" \/>\n\t<meta property=\"og:image:height\" content=\"730\" \/>\n\t<meta property=\"og:image:type\" content=\"image\/jpeg\" \/>\n<meta name=\"twitter:card\" content=\"summary_large_image\" \/>\n<meta name=\"twitter:label1\" content=\"Gesch\u00e4tzte Lesezeit\" \/>\n\t<meta name=\"twitter:data1\" content=\"2\u00a0Minuten\" \/>\n<script type=\"application\/ld+json\" class=\"yoast-schema-graph\">{\"@context\":\"https:\\\/\\\/schema.org\",\"@graph\":[{\"@type\":\"WebPage\",\"@id\":\"https:\\\/\\\/www.dillerbottle.com\\\/nl\\\/producten\\\/merk-glazen-waterflessen\",\"url\":\"https:\\\/\\\/www.dillerbottle.com\\\/nl\\\/producten\\\/merk-glazen-waterflessen\",\"name\":\"Branded Glass Water Bottles - Diller Water Bottle Manufacturer\",\"isPartOf\":{\"@id\":\"https:\\\/\\\/www.dillerbottle.com\\\/#website\"},\"primaryImageOfPage\":{\"@id\":\"https:\\\/\\\/www.dillerbottle.com\\\/nl\\\/producten\\\/merk-glazen-waterflessen#primaryimage\"},\"image\":{\"@id\":\"https:\\\/\\\/www.dillerbottle.com\\\/nl\\\/producten\\\/merk-glazen-waterflessen#primaryimage\"},\"thumbnailUrl\":\"https:\\\/\\\/www.dillerbottle.com\\\/wp-content\\\/uploads\\\/2024\\\/09\\\/branded-glass-water-bottles37126890772.jpg\",\"datePublished\":\"2024-09-29T01:56:45+00:00\",\"dateModified\":\"2025-07-09T09:05:33+00:00\",\"description\":\"As one of the best branded glass water bottles manufacturers and suppliers, we are engaged in manufacturing good quality water bottles. We warmly welcome you to wholesale or buy custom made branded glass water bottles at competitive price from us. Also, small quantity orders are acceptable.\",\"breadcrumb\":{\"@id\":\"https:\\\/\\\/www.dillerbottle.com\\\/nl\\\/producten\\\/merk-glazen-waterflessen#breadcrumb\"},\"inLanguage\":\"de\",\"potentialAction\":[{\"@type\":\"ReadAction\",\"target\":[\"https:\\\/\\\/www.dillerbottle.com\\\/nl\\\/producten\\\/merk-glazen-waterflessen\"]}]},{\"@type\":\"ImageObject\",\"inLanguage\":\"de\",\"@id\":\"https:\\\/\\\/www.dillerbottle.com\\\/nl\\\/producten\\\/merk-glazen-waterflessen#primaryimage\",\"url\":\"https:\\\/\\\/www.dillerbottle.com\\\/wp-content\\\/uploads\\\/2024\\\/09\\\/branded-glass-water-bottles37126890772.jpg\",\"contentUrl\":\"https:\\\/\\\/www.dillerbottle.com\\\/wp-content\\\/uploads\\\/2024\\\/09\\\/branded-glass-water-bottles37126890772.jpg\",\"width\":730,\"height\":730},{\"@type\":\"BreadcrumbList\",\"@id\":\"https:\\\/\\\/www.dillerbottle.com\\\/nl\\\/producten\\\/merk-glazen-waterflessen#breadcrumb\",\"itemListElement\":[{\"@type\":\"ListItem\",\"position\":1,\"name\":\"Home\",\"item\":\"https:\\\/\\\/www.dillerbottle.com\\\/\"},{\"@type\":\"ListItem\",\"position\":2,\"name\":\"Products\",\"item\":\"https:\\\/\\\/www.dillerbottle.com\\\/shop\"},{\"@type\":\"ListItem\",\"position\":3,\"name\":\"Branded Glass Water Bottles\"}]},{\"@type\":\"WebSite\",\"@id\":\"https:\\\/\\\/www.dillerbottle.com\\\/#website\",\"url\":\"https:\\\/\\\/www.dillerbottle.com\\\/\",\"name\":\"Diller Water Bottle Manufacturer\",\"description\":\"Water Bottle Manufacturer\",\"publisher\":{\"@id\":\"https:\\\/\\\/www.dillerbottle.com\\\/#organization\"},\"potentialAction\":[{\"@type\":\"SearchAction\",\"target\":{\"@type\":\"EntryPoint\",\"urlTemplate\":\"https:\\\/\\\/www.dillerbottle.com\\\/?s={search_term_string}\"},\"query-input\":{\"@type\":\"PropertyValueSpecification\",\"valueRequired\":true,\"valueName\":\"search_term_string\"}}],\"inLanguage\":\"de\"},{\"@type\":\"Organization\",\"@id\":\"https:\\\/\\\/www.dillerbottle.com\\\/#organization\",\"name\":\"Diller Water Bottle Manufacturer\",\"url\":\"https:\\\/\\\/www.dillerbottle.com\\\/\",\"logo\":{\"@type\":\"ImageObject\",\"inLanguage\":\"de\",\"@id\":\"https:\\\/\\\/www.dillerbottle.com\\\/#\\\/schema\\\/logo\\\/image\\\/\",\"url\":\"https:\\\/\\\/www.dillerbottle.com\\\/wp-content\\\/uploads\\\/2024\\\/09\\\/49918bfa848dcc1e9f8b509933603ac.png\",\"contentUrl\":\"https:\\\/\\\/www.dillerbottle.com\\\/wp-content\\\/uploads\\\/2024\\\/09\\\/49918bfa848dcc1e9f8b509933603ac.png\",\"width\":988,\"height\":198,\"caption\":\"Diller Water Bottle Manufacturer\"},\"image\":{\"@id\":\"https:\\\/\\\/www.dillerbottle.com\\\/#\\\/schema\\\/logo\\\/image\\\/\"}}]}<\/script>\n<!-- \/ Yoast SEO Premium plugin. -->","yoast_head_json":{"title":"Marken-Wasserflaschen aus Glas - Diller Wasserflasche Hersteller","description":"Als einer der besten Markenglas Wasserflaschen Hersteller und Lieferanten, sind wir in der Herstellung guter Qualit\u00e4t Wasserflaschen besch\u00e4ftigt. Wir hei\u00dfen Sie herzlich willkommen, Gro\u00dfhandel oder kaufen ma\u00dfgeschneiderte Markenglas Wasserflaschen zu wettbewerbsf\u00e4higen Preisen von uns. Auch kleine Menge Bestellungen sind akzeptabel.","robots":{"index":"index","follow":"follow","max-snippet":"max-snippet:-1","max-image-preview":"max-image-preview:large","max-video-preview":"max-video-preview:-1"},"canonical":"https:\/\/www.dillerbottle.com\/de\/produkte\/marken-wasserflaschen-aus-glas","og_locale":"de_DE","og_type":"article","og_title":"Branded Glass Water Bottles","og_description":"As one of the best branded glass water bottles manufacturers and suppliers, we are engaged in manufacturing good quality water bottles. We warmly welcome you to wholesale or buy custom made branded glass water bottles at competitive price from us. Also, small quantity orders are acceptable.","og_url":"https:\/\/www.dillerbottle.com\/de\/produkte\/marken-wasserflaschen-aus-glas","og_site_name":"Diller Water Bottle Manufacturer","article_modified_time":"2025-07-09T09:05:33+00:00","og_image":[{"width":730,"height":730,"url":"https:\/\/www.dillerbottle.com\/wp-content\/uploads\/2024\/09\/branded-glass-water-bottles37126890772.jpg","type":"image\/jpeg"}],"twitter_card":"summary_large_image","twitter_misc":{"Gesch\u00e4tzte Lesezeit":"2\u00a0Minuten"},"schema":{"@context":"https:\/\/schema.org","@graph":[{"@type":"WebPage","@id":"https:\/\/www.dillerbottle.com\/nl\/producten\/merk-glazen-waterflessen","url":"https:\/\/www.dillerbottle.com\/nl\/producten\/merk-glazen-waterflessen","name":"Marken-Wasserflaschen aus Glas - Diller Wasserflasche Hersteller","isPartOf":{"@id":"https:\/\/www.dillerbottle.com\/#website"},"primaryImageOfPage":{"@id":"https:\/\/www.dillerbottle.com\/nl\/producten\/merk-glazen-waterflessen#primaryimage"},"image":{"@id":"https:\/\/www.dillerbottle.com\/nl\/producten\/merk-glazen-waterflessen#primaryimage"},"thumbnailUrl":"https:\/\/www.dillerbottle.com\/wp-content\/uploads\/2024\/09\/branded-glass-water-bottles37126890772.jpg","datePublished":"2024-09-29T01:56:45+00:00","dateModified":"2025-07-09T09:05:33+00:00","description":"Als einer der besten Markenglas Wasserflaschen Hersteller und Lieferanten, sind wir in der Herstellung guter Qualit\u00e4t Wasserflaschen besch\u00e4ftigt. Wir hei\u00dfen Sie herzlich willkommen, Gro\u00dfhandel oder kaufen ma\u00dfgeschneiderte Markenglas Wasserflaschen zu wettbewerbsf\u00e4higen Preisen von uns. Auch kleine Menge Bestellungen sind akzeptabel.","breadcrumb":{"@id":"https:\/\/www.dillerbottle.com\/nl\/producten\/merk-glazen-waterflessen#breadcrumb"},"inLanguage":"de","potentialAction":[{"@type":"ReadAction","target":["https:\/\/www.dillerbottle.com\/nl\/producten\/merk-glazen-waterflessen"]}]},{"@type":"ImageObject","inLanguage":"de","@id":"https:\/\/www.dillerbottle.com\/nl\/producten\/merk-glazen-waterflessen#primaryimage","url":"https:\/\/www.dillerbottle.com\/wp-content\/uploads\/2024\/09\/branded-glass-water-bottles37126890772.jpg","contentUrl":"https:\/\/www.dillerbottle.com\/wp-content\/uploads\/2024\/09\/branded-glass-water-bottles37126890772.jpg","width":730,"height":730},{"@type":"BreadcrumbList","@id":"https:\/\/www.dillerbottle.com\/nl\/producten\/merk-glazen-waterflessen#breadcrumb","itemListElement":[{"@type":"ListItem","position":1,"name":"Home","item":"https:\/\/www.dillerbottle.com\/"},{"@type":"ListItem","position":2,"name":"Products","item":"https:\/\/www.dillerbottle.com\/shop"},{"@type":"ListItem","position":3,"name":"Branded Glass Water Bottles"}]},{"@type":"WebSite","@id":"https:\/\/www.dillerbottle.com\/#website","url":"https:\/\/www.dillerbottle.com\/","name":"Diller Wasserflaschenhersteller","description":"Wasserflaschenhersteller","publisher":{"@id":"https:\/\/www.dillerbottle.com\/#organization"},"potentialAction":[{"@type":"SearchAction","target":{"@type":"EntryPoint","urlTemplate":"https:\/\/www.dillerbottle.com\/?s={search_term_string}"},"query-input":{"@type":"PropertyValueSpecification","valueRequired":true,"valueName":"search_term_string"}}],"inLanguage":"de"},{"@type":"Organization","@id":"https:\/\/www.dillerbottle.com\/#organization","name":"Diller Wasserflaschenhersteller","url":"https:\/\/www.dillerbottle.com\/","logo":{"@type":"ImageObject","inLanguage":"de","@id":"https:\/\/www.dillerbottle.com\/#\/schema\/logo\/image\/","url":"https:\/\/www.dillerbottle.com\/wp-content\/uploads\/2024\/09\/49918bfa848dcc1e9f8b509933603ac.png","contentUrl":"https:\/\/www.dillerbottle.com\/wp-content\/uploads\/2024\/09\/49918bfa848dcc1e9f8b509933603ac.png","width":988,"height":198,"caption":"Diller Water Bottle Manufacturer"},"image":{"@id":"https:\/\/www.dillerbottle.com\/#\/schema\/logo\/image\/"}}]}},"_links":{"self":[{"href":"https:\/\/www.dillerbottle.com\/de\/wp-json\/wp\/v2\/product\/7165","targetHints":{"allow":["GET"]}}],"collection":[{"href":"https:\/\/www.dillerbottle.com\/de\/wp-json\/wp\/v2\/product"}],"about":[{"href":"https:\/\/www.dillerbottle.com\/de\/wp-json\/wp\/v2\/types\/product"}],"replies":[{"embeddable":true,"href":"https:\/\/www.dillerbottle.com\/de\/wp-json\/wp\/v2\/comments?post=7165"}],"wp:featuredmedia":[{"embeddable":true,"href":"https:\/\/www.dillerbottle.com\/de\/wp-json\/wp\/v2\/media\/7166"}],"wp:attachment":[{"href":"https:\/\/www.dillerbottle.com\/de\/wp-json\/wp\/v2\/media?parent=7165"}],"wp:term":[{"taxonomy":"product_brand","embeddable":true,"href":"https:\/\/www.dillerbottle.com\/de\/wp-json\/wp\/v2\/product_brand?post=7165"},{"taxonomy":"product_cat","embeddable":true,"href":"https:\/\/www.dillerbottle.com\/de\/wp-json\/wp\/v2\/product_cat?post=7165"},{"taxonomy":"product_tag","embeddable":true,"href":"https:\/\/www.dillerbottle.com\/de\/wp-json\/wp\/v2\/product_tag?post=7165"}],"curies":[{"name":"wp","href":"https:\/\/api.w.org\/{rel}","templated":true}]}}