{"id":7298,"date":"2024-09-29T09:58:05","date_gmt":"2024-09-29T01:58:05","guid":{"rendered":"https:\/\/demo.dillerbottle.com\/uncategorized\/insulated-glass-water-bottle"},"modified":"2025-07-09T17:02:41","modified_gmt":"2025-07-09T09:02:41","slug":"isolierte-glaswasserflasche","status":"publish","type":"product","link":"https:\/\/www.dillerbottle.com\/de\/products\/insulated-glass-water-bottle","title":{"rendered":"Isolierte Glaswasserflasche"},"content":{"rendered":"<p>Eigenschaften der Isolierglas-Wasserflasche<br \/>\n1. Hergestellt aus giftfreiem Borosilikatglas, das extrem sicher und BPA-frei ist. Diese isolierte Glaswasserflasche ist der Favorit derjenigen, die Tee, Saft, Milch, Kaffee m\u00f6gen und sich nicht mehr um die Erosion k\u00fcmmern m\u00fcssen.<\/p>\n<p>2. Multifunktional. Abnehmbarer Teefilter und Sieb. Diese isolierte Glaswasserflasche kann als Teeflasche\/Fruchtfilterflasche verwendet werden. Der Filter kann Teebl\u00e4tter\/Fruchtr\u00fcckst\u00e4nde effektiv filtern und so die Reinheit und den Geschmack Ihres Getr\u00e4nks verbessern. Sie kann auch als einfache Flasche verwendet werden. Entfernen Sie einfach den Filter und verwenden Sie sie f\u00fcr Kaffee, Saft und alle Arten von Getr\u00e4nken.<\/p>\n<p>3. Wasserflasche aus Glas mit Deckel mit Temperaturanzeige. Durch leichtes Ber\u00fchren des Flaschendeckels wird die aktuelle Wassertemperatur angezeigt.<\/p>","protected":false},"excerpt":{"rendered":"<p>Diese isolierte Glaswasserflasche ist aus langlebigem Borosilikatglas gefertigt.<br \/>\nMit Temperaturanzeigedeckel und Edelstahl-Teesieb.<br \/>\nDoppelwandiges, vakuumisoliertes Design, Verbr\u00fchungsschutz und h\u00e4lt den Inhalt l\u00e4nger hei\u00df oder eiskalt.<br \/>\nOEM und OEM akzeptabel.<br \/>\nWir k\u00f6nnen die Glaswasserflasche nach Ihren W\u00fcnschen gestalten.<br \/>\nWillkommen beim Gro\u00dfhandelskauf, senden Sie jetzt eine Anfrage!<\/p>","protected":false},"featured_media":7299,"comment_status":"open","ping_status":"closed","template":"","meta":{"_acf_changed":false},"product_brand":[],"product_cat":[310],"product_tag":[32,36,33,31,542,39,591,38,634,604,29,37,571,34,35,580,28,532,30],"class_list":{"0":"post-7298","1":"product","2":"type-product","3":"status-publish","4":"has-post-thumbnail","6":"product_cat-glass-water-bottle","7":"product_tag-best","8":"product_tag-bulk","9":"product_tag-buy","10":"product_tag-custom","11":"product_tag-double-wall-glass-water-bottle-with-tea-infuser","12":"product_tag-for-sale","13":"product_tag-glass-water-bottle","14":"product_tag-good-quality","15":"product_tag-insulated-glass-water-bottle","16":"product_tag-logo-water-bottle","17":"product_tag-manufacturers","18":"product_tag-manufacturing","19":"product_tag-multi-use-water-bottle","20":"product_tag-price","21":"product_tag-small","22":"product_tag-sublimation-water-bottle-straw","23":"product_tag-suppliers","24":"product_tag-water-bottles-manufacturer","25":"product_tag-wholesale","27":"first","28":"instock","29":"shipping-taxable","30":"product-type-simple"},"acf":[],"yoast_head":"<!-- This site is optimized with the Yoast SEO Premium plugin v27.3 (Yoast SEO v27.3) - https:\/\/yoast.com\/product\/yoast-seo-premium-wordpress\/ -->\n<title>Insulated Glass Water Bottle - Diller Water Bottle Manufacturer<\/title>\n<meta name=\"description\" content=\"As one of the best insulated glass water bottle manufacturers and suppliers, we are engaged in manufacturing good quality water bottles. We warmly welcome you to wholesale or buy custom made insulated glass water bottle at competitive price from us. Also, small quantity orders are acceptable.\" \/>\n<meta name=\"robots\" content=\"index, follow, max-snippet:-1, max-image-preview:large, max-video-preview:-1\" \/>\n<link rel=\"canonical\" href=\"https:\/\/www.dillerbottle.com\/de\/produkte\/isolierte-glaswasserflasche\" \/>\n<meta property=\"og:locale\" content=\"de_DE\" \/>\n<meta property=\"og:type\" content=\"article\" \/>\n<meta property=\"og:title\" content=\"Insulated Glass Water Bottle\" \/>\n<meta property=\"og:description\" content=\"As one of the best insulated glass water bottle manufacturers and suppliers, we are engaged in manufacturing good quality water bottles. We warmly welcome you to wholesale or buy custom made insulated glass water bottle at competitive price from us. Also, small quantity orders are acceptable.\" \/>\n<meta property=\"og:url\" content=\"https:\/\/www.dillerbottle.com\/de\/produkte\/isolierte-glaswasserflasche\" \/>\n<meta property=\"og:site_name\" content=\"Diller Water Bottle Manufacturer\" \/>\n<meta property=\"article:modified_time\" content=\"2025-07-09T09:02:41+00:00\" \/>\n<meta property=\"og:image\" content=\"https:\/\/www.dillerbottle.com\/wp-content\/uploads\/2024\/09\/insulated-glass-water-bottle26034729793.jpg\" \/>\n\t<meta property=\"og:image:width\" content=\"730\" \/>\n\t<meta property=\"og:image:height\" content=\"699\" \/>\n\t<meta property=\"og:image:type\" content=\"image\/jpeg\" \/>\n<meta name=\"twitter:card\" content=\"summary_large_image\" \/>\n<meta name=\"twitter:label1\" content=\"Gesch\u00e4tzte Lesezeit\" \/>\n\t<meta name=\"twitter:data1\" content=\"2\u00a0Minuten\" \/>\n<script type=\"application\/ld+json\" class=\"yoast-schema-graph\">{\"@context\":\"https:\\\/\\\/schema.org\",\"@graph\":[{\"@type\":\"WebPage\",\"@id\":\"https:\\\/\\\/www.dillerbottle.com\\\/ru\\\/%d0%bf%d1%80%d0%be%d0%b4%d1%83%d0%ba%d1%82%d1%8b\\\/%d0%b8%d0%b7%d0%be%d0%bb%d0%b8%d1%80%d0%be%d0%b2%d0%b0%d0%bd%d0%bd%d0%b0%d1%8f-%d1%81%d1%82%d0%b5%d0%ba%d0%bb%d1%8f%d0%bd%d0%bd%d0%b0%d1%8f-%d0%b1%d1%83%d1%82%d1%8b%d0%bb%d0%ba%d0%b0-%d0%b4%d0%bb\",\"url\":\"https:\\\/\\\/www.dillerbottle.com\\\/ru\\\/%d0%bf%d1%80%d0%be%d0%b4%d1%83%d0%ba%d1%82%d1%8b\\\/%d0%b8%d0%b7%d0%be%d0%bb%d0%b8%d1%80%d0%be%d0%b2%d0%b0%d0%bd%d0%bd%d0%b0%d1%8f-%d1%81%d1%82%d0%b5%d0%ba%d0%bb%d1%8f%d0%bd%d0%bd%d0%b0%d1%8f-%d0%b1%d1%83%d1%82%d1%8b%d0%bb%d0%ba%d0%b0-%d0%b4%d0%bb\",\"name\":\"Insulated Glass Water Bottle - Diller Water Bottle Manufacturer\",\"isPartOf\":{\"@id\":\"https:\\\/\\\/www.dillerbottle.com\\\/#website\"},\"primaryImageOfPage\":{\"@id\":\"https:\\\/\\\/www.dillerbottle.com\\\/ru\\\/%d0%bf%d1%80%d0%be%d0%b4%d1%83%d0%ba%d1%82%d1%8b\\\/%d0%b8%d0%b7%d0%be%d0%bb%d0%b8%d1%80%d0%be%d0%b2%d0%b0%d0%bd%d0%bd%d0%b0%d1%8f-%d1%81%d1%82%d0%b5%d0%ba%d0%bb%d1%8f%d0%bd%d0%bd%d0%b0%d1%8f-%d0%b1%d1%83%d1%82%d1%8b%d0%bb%d0%ba%d0%b0-%d0%b4%d0%bb#primaryimage\"},\"image\":{\"@id\":\"https:\\\/\\\/www.dillerbottle.com\\\/ru\\\/%d0%bf%d1%80%d0%be%d0%b4%d1%83%d0%ba%d1%82%d1%8b\\\/%d0%b8%d0%b7%d0%be%d0%bb%d0%b8%d1%80%d0%be%d0%b2%d0%b0%d0%bd%d0%bd%d0%b0%d1%8f-%d1%81%d1%82%d0%b5%d0%ba%d0%bb%d1%8f%d0%bd%d0%bd%d0%b0%d1%8f-%d0%b1%d1%83%d1%82%d1%8b%d0%bb%d0%ba%d0%b0-%d0%b4%d0%bb#primaryimage\"},\"thumbnailUrl\":\"https:\\\/\\\/www.dillerbottle.com\\\/wp-content\\\/uploads\\\/2024\\\/09\\\/insulated-glass-water-bottle26034729793.jpg\",\"datePublished\":\"2024-09-29T01:58:05+00:00\",\"dateModified\":\"2025-07-09T09:02:41+00:00\",\"description\":\"As one of the best insulated glass water bottle manufacturers and suppliers, we are engaged in manufacturing good quality water bottles. We warmly welcome you to wholesale or buy custom made insulated glass water bottle at competitive price from us. Also, small quantity orders are acceptable.\",\"breadcrumb\":{\"@id\":\"https:\\\/\\\/www.dillerbottle.com\\\/ru\\\/%d0%bf%d1%80%d0%be%d0%b4%d1%83%d0%ba%d1%82%d1%8b\\\/%d0%b8%d0%b7%d0%be%d0%bb%d0%b8%d1%80%d0%be%d0%b2%d0%b0%d0%bd%d0%bd%d0%b0%d1%8f-%d1%81%d1%82%d0%b5%d0%ba%d0%bb%d1%8f%d0%bd%d0%bd%d0%b0%d1%8f-%d0%b1%d1%83%d1%82%d1%8b%d0%bb%d0%ba%d0%b0-%d0%b4%d0%bb#breadcrumb\"},\"inLanguage\":\"de\",\"potentialAction\":[{\"@type\":\"ReadAction\",\"target\":[\"https:\\\/\\\/www.dillerbottle.com\\\/ru\\\/%d0%bf%d1%80%d0%be%d0%b4%d1%83%d0%ba%d1%82%d1%8b\\\/%d0%b8%d0%b7%d0%be%d0%bb%d0%b8%d1%80%d0%be%d0%b2%d0%b0%d0%bd%d0%bd%d0%b0%d1%8f-%d1%81%d1%82%d0%b5%d0%ba%d0%bb%d1%8f%d0%bd%d0%bd%d0%b0%d1%8f-%d0%b1%d1%83%d1%82%d1%8b%d0%bb%d0%ba%d0%b0-%d0%b4%d0%bb\"]}]},{\"@type\":\"ImageObject\",\"inLanguage\":\"de\",\"@id\":\"https:\\\/\\\/www.dillerbottle.com\\\/ru\\\/%d0%bf%d1%80%d0%be%d0%b4%d1%83%d0%ba%d1%82%d1%8b\\\/%d0%b8%d0%b7%d0%be%d0%bb%d0%b8%d1%80%d0%be%d0%b2%d0%b0%d0%bd%d0%bd%d0%b0%d1%8f-%d1%81%d1%82%d0%b5%d0%ba%d0%bb%d1%8f%d0%bd%d0%bd%d0%b0%d1%8f-%d0%b1%d1%83%d1%82%d1%8b%d0%bb%d0%ba%d0%b0-%d0%b4%d0%bb#primaryimage\",\"url\":\"https:\\\/\\\/www.dillerbottle.com\\\/wp-content\\\/uploads\\\/2024\\\/09\\\/insulated-glass-water-bottle26034729793.jpg\",\"contentUrl\":\"https:\\\/\\\/www.dillerbottle.com\\\/wp-content\\\/uploads\\\/2024\\\/09\\\/insulated-glass-water-bottle26034729793.jpg\",\"width\":730,\"height\":699},{\"@type\":\"BreadcrumbList\",\"@id\":\"https:\\\/\\\/www.dillerbottle.com\\\/ru\\\/%d0%bf%d1%80%d0%be%d0%b4%d1%83%d0%ba%d1%82%d1%8b\\\/%d0%b8%d0%b7%d0%be%d0%bb%d0%b8%d1%80%d0%be%d0%b2%d0%b0%d0%bd%d0%bd%d0%b0%d1%8f-%d1%81%d1%82%d0%b5%d0%ba%d0%bb%d1%8f%d0%bd%d0%bd%d0%b0%d1%8f-%d0%b1%d1%83%d1%82%d1%8b%d0%bb%d0%ba%d0%b0-%d0%b4%d0%bb#breadcrumb\",\"itemListElement\":[{\"@type\":\"ListItem\",\"position\":1,\"name\":\"Home\",\"item\":\"https:\\\/\\\/www.dillerbottle.com\\\/\"},{\"@type\":\"ListItem\",\"position\":2,\"name\":\"Products\",\"item\":\"https:\\\/\\\/www.dillerbottle.com\\\/shop\"},{\"@type\":\"ListItem\",\"position\":3,\"name\":\"Insulated Glass Water Bottle\"}]},{\"@type\":\"WebSite\",\"@id\":\"https:\\\/\\\/www.dillerbottle.com\\\/#website\",\"url\":\"https:\\\/\\\/www.dillerbottle.com\\\/\",\"name\":\"Diller Water Bottle Manufacturer\",\"description\":\"Water Bottle Manufacturer\",\"publisher\":{\"@id\":\"https:\\\/\\\/www.dillerbottle.com\\\/#organization\"},\"potentialAction\":[{\"@type\":\"SearchAction\",\"target\":{\"@type\":\"EntryPoint\",\"urlTemplate\":\"https:\\\/\\\/www.dillerbottle.com\\\/?s={search_term_string}\"},\"query-input\":{\"@type\":\"PropertyValueSpecification\",\"valueRequired\":true,\"valueName\":\"search_term_string\"}}],\"inLanguage\":\"de\"},{\"@type\":\"Organization\",\"@id\":\"https:\\\/\\\/www.dillerbottle.com\\\/#organization\",\"name\":\"Diller Water Bottle Manufacturer\",\"url\":\"https:\\\/\\\/www.dillerbottle.com\\\/\",\"logo\":{\"@type\":\"ImageObject\",\"inLanguage\":\"de\",\"@id\":\"https:\\\/\\\/www.dillerbottle.com\\\/#\\\/schema\\\/logo\\\/image\\\/\",\"url\":\"https:\\\/\\\/www.dillerbottle.com\\\/wp-content\\\/uploads\\\/2024\\\/09\\\/49918bfa848dcc1e9f8b509933603ac.png\",\"contentUrl\":\"https:\\\/\\\/www.dillerbottle.com\\\/wp-content\\\/uploads\\\/2024\\\/09\\\/49918bfa848dcc1e9f8b509933603ac.png\",\"width\":988,\"height\":198,\"caption\":\"Diller Water Bottle Manufacturer\"},\"image\":{\"@id\":\"https:\\\/\\\/www.dillerbottle.com\\\/#\\\/schema\\\/logo\\\/image\\\/\"}}]}<\/script>\n<!-- \/ Yoast SEO Premium plugin. -->","yoast_head_json":{"title":"Isolierte Glaswasserflasche - Diller Wasserflaschenhersteller","description":"Als einer der besten Hersteller und Lieferanten von Isolierglas-Wasserflaschen sind wir auf die Herstellung hochwertiger Wasserflaschen spezialisiert. Wir hei\u00dfen Sie herzlich willkommen, bei uns ma\u00dfgeschneiderte Isolierglas-Wasserflaschen im Gro\u00dfhandel zu kaufen oder zu wettbewerbsf\u00e4higen Preisen zu erwerben. Auch Bestellungen in kleinen Mengen sind akzeptabel.","robots":{"index":"index","follow":"follow","max-snippet":"max-snippet:-1","max-image-preview":"max-image-preview:large","max-video-preview":"max-video-preview:-1"},"canonical":"https:\/\/www.dillerbottle.com\/de\/produkte\/isolierte-glaswasserflasche","og_locale":"de_DE","og_type":"article","og_title":"Insulated Glass Water Bottle","og_description":"As one of the best insulated glass water bottle manufacturers and suppliers, we are engaged in manufacturing good quality water bottles. We warmly welcome you to wholesale or buy custom made insulated glass water bottle at competitive price from us. Also, small quantity orders are acceptable.","og_url":"https:\/\/www.dillerbottle.com\/de\/produkte\/isolierte-glaswasserflasche","og_site_name":"Diller Water Bottle Manufacturer","article_modified_time":"2025-07-09T09:02:41+00:00","og_image":[{"width":730,"height":699,"url":"https:\/\/www.dillerbottle.com\/wp-content\/uploads\/2024\/09\/insulated-glass-water-bottle26034729793.jpg","type":"image\/jpeg"}],"twitter_card":"summary_large_image","twitter_misc":{"Gesch\u00e4tzte Lesezeit":"2\u00a0Minuten"},"schema":{"@context":"https:\/\/schema.org","@graph":[{"@type":"WebPage","@id":"https:\/\/www.dillerbottle.com\/ru\/%d0%bf%d1%80%d0%be%d0%b4%d1%83%d0%ba%d1%82%d1%8b\/%d0%b8%d0%b7%d0%be%d0%bb%d0%b8%d1%80%d0%be%d0%b2%d0%b0%d0%bd%d0%bd%d0%b0%d1%8f-%d1%81%d1%82%d0%b5%d0%ba%d0%bb%d1%8f%d0%bd%d0%bd%d0%b0%d1%8f-%d0%b1%d1%83%d1%82%d1%8b%d0%bb%d0%ba%d0%b0-%d0%b4%d0%bb","url":"https:\/\/www.dillerbottle.com\/ru\/%d0%bf%d1%80%d0%be%d0%b4%d1%83%d0%ba%d1%82%d1%8b\/%d0%b8%d0%b7%d0%be%d0%bb%d0%b8%d1%80%d0%be%d0%b2%d0%b0%d0%bd%d0%bd%d0%b0%d1%8f-%d1%81%d1%82%d0%b5%d0%ba%d0%bb%d1%8f%d0%bd%d0%bd%d0%b0%d1%8f-%d0%b1%d1%83%d1%82%d1%8b%d0%bb%d0%ba%d0%b0-%d0%b4%d0%bb","name":"Isolierte Glaswasserflasche - Diller Wasserflaschenhersteller","isPartOf":{"@id":"https:\/\/www.dillerbottle.com\/#website"},"primaryImageOfPage":{"@id":"https:\/\/www.dillerbottle.com\/ru\/%d0%bf%d1%80%d0%be%d0%b4%d1%83%d0%ba%d1%82%d1%8b\/%d0%b8%d0%b7%d0%be%d0%bb%d0%b8%d1%80%d0%be%d0%b2%d0%b0%d0%bd%d0%bd%d0%b0%d1%8f-%d1%81%d1%82%d0%b5%d0%ba%d0%bb%d1%8f%d0%bd%d0%bd%d0%b0%d1%8f-%d0%b1%d1%83%d1%82%d1%8b%d0%bb%d0%ba%d0%b0-%d0%b4%d0%bb#primaryimage"},"image":{"@id":"https:\/\/www.dillerbottle.com\/ru\/%d0%bf%d1%80%d0%be%d0%b4%d1%83%d0%ba%d1%82%d1%8b\/%d0%b8%d0%b7%d0%be%d0%bb%d0%b8%d1%80%d0%be%d0%b2%d0%b0%d0%bd%d0%bd%d0%b0%d1%8f-%d1%81%d1%82%d0%b5%d0%ba%d0%bb%d1%8f%d0%bd%d0%bd%d0%b0%d1%8f-%d0%b1%d1%83%d1%82%d1%8b%d0%bb%d0%ba%d0%b0-%d0%b4%d0%bb#primaryimage"},"thumbnailUrl":"https:\/\/www.dillerbottle.com\/wp-content\/uploads\/2024\/09\/insulated-glass-water-bottle26034729793.jpg","datePublished":"2024-09-29T01:58:05+00:00","dateModified":"2025-07-09T09:02:41+00:00","description":"Als einer der besten Hersteller und Lieferanten von Isolierglas-Wasserflaschen sind wir auf die Herstellung hochwertiger Wasserflaschen spezialisiert. Wir hei\u00dfen Sie herzlich willkommen, bei uns ma\u00dfgeschneiderte Isolierglas-Wasserflaschen im Gro\u00dfhandel zu kaufen oder zu wettbewerbsf\u00e4higen Preisen zu erwerben. Auch Bestellungen in kleinen Mengen sind akzeptabel.","breadcrumb":{"@id":"https:\/\/www.dillerbottle.com\/ru\/%d0%bf%d1%80%d0%be%d0%b4%d1%83%d0%ba%d1%82%d1%8b\/%d0%b8%d0%b7%d0%be%d0%bb%d0%b8%d1%80%d0%be%d0%b2%d0%b0%d0%bd%d0%bd%d0%b0%d1%8f-%d1%81%d1%82%d0%b5%d0%ba%d0%bb%d1%8f%d0%bd%d0%bd%d0%b0%d1%8f-%d0%b1%d1%83%d1%82%d1%8b%d0%bb%d0%ba%d0%b0-%d0%b4%d0%bb#breadcrumb"},"inLanguage":"de","potentialAction":[{"@type":"ReadAction","target":["https:\/\/www.dillerbottle.com\/ru\/%d0%bf%d1%80%d0%be%d0%b4%d1%83%d0%ba%d1%82%d1%8b\/%d0%b8%d0%b7%d0%be%d0%bb%d0%b8%d1%80%d0%be%d0%b2%d0%b0%d0%bd%d0%bd%d0%b0%d1%8f-%d1%81%d1%82%d0%b5%d0%ba%d0%bb%d1%8f%d0%bd%d0%bd%d0%b0%d1%8f-%d0%b1%d1%83%d1%82%d1%8b%d0%bb%d0%ba%d0%b0-%d0%b4%d0%bb"]}]},{"@type":"ImageObject","inLanguage":"de","@id":"https:\/\/www.dillerbottle.com\/ru\/%d0%bf%d1%80%d0%be%d0%b4%d1%83%d0%ba%d1%82%d1%8b\/%d0%b8%d0%b7%d0%be%d0%bb%d0%b8%d1%80%d0%be%d0%b2%d0%b0%d0%bd%d0%bd%d0%b0%d1%8f-%d1%81%d1%82%d0%b5%d0%ba%d0%bb%d1%8f%d0%bd%d0%bd%d0%b0%d1%8f-%d0%b1%d1%83%d1%82%d1%8b%d0%bb%d0%ba%d0%b0-%d0%b4%d0%bb#primaryimage","url":"https:\/\/www.dillerbottle.com\/wp-content\/uploads\/2024\/09\/insulated-glass-water-bottle26034729793.jpg","contentUrl":"https:\/\/www.dillerbottle.com\/wp-content\/uploads\/2024\/09\/insulated-glass-water-bottle26034729793.jpg","width":730,"height":699},{"@type":"BreadcrumbList","@id":"https:\/\/www.dillerbottle.com\/ru\/%d0%bf%d1%80%d0%be%d0%b4%d1%83%d0%ba%d1%82%d1%8b\/%d0%b8%d0%b7%d0%be%d0%bb%d0%b8%d1%80%d0%be%d0%b2%d0%b0%d0%bd%d0%bd%d0%b0%d1%8f-%d1%81%d1%82%d0%b5%d0%ba%d0%bb%d1%8f%d0%bd%d0%bd%d0%b0%d1%8f-%d0%b1%d1%83%d1%82%d1%8b%d0%bb%d0%ba%d0%b0-%d0%b4%d0%bb#breadcrumb","itemListElement":[{"@type":"ListItem","position":1,"name":"Home","item":"https:\/\/www.dillerbottle.com\/"},{"@type":"ListItem","position":2,"name":"Products","item":"https:\/\/www.dillerbottle.com\/shop"},{"@type":"ListItem","position":3,"name":"Insulated Glass Water Bottle"}]},{"@type":"WebSite","@id":"https:\/\/www.dillerbottle.com\/#website","url":"https:\/\/www.dillerbottle.com\/","name":"Diller Wasserflaschenhersteller","description":"Wasserflaschenhersteller","publisher":{"@id":"https:\/\/www.dillerbottle.com\/#organization"},"potentialAction":[{"@type":"SearchAction","target":{"@type":"EntryPoint","urlTemplate":"https:\/\/www.dillerbottle.com\/?s={search_term_string}"},"query-input":{"@type":"PropertyValueSpecification","valueRequired":true,"valueName":"search_term_string"}}],"inLanguage":"de"},{"@type":"Organization","@id":"https:\/\/www.dillerbottle.com\/#organization","name":"Diller Wasserflaschenhersteller","url":"https:\/\/www.dillerbottle.com\/","logo":{"@type":"ImageObject","inLanguage":"de","@id":"https:\/\/www.dillerbottle.com\/#\/schema\/logo\/image\/","url":"https:\/\/www.dillerbottle.com\/wp-content\/uploads\/2024\/09\/49918bfa848dcc1e9f8b509933603ac.png","contentUrl":"https:\/\/www.dillerbottle.com\/wp-content\/uploads\/2024\/09\/49918bfa848dcc1e9f8b509933603ac.png","width":988,"height":198,"caption":"Diller Water Bottle Manufacturer"},"image":{"@id":"https:\/\/www.dillerbottle.com\/#\/schema\/logo\/image\/"}}]}},"_links":{"self":[{"href":"https:\/\/www.dillerbottle.com\/de\/wp-json\/wp\/v2\/product\/7298","targetHints":{"allow":["GET"]}}],"collection":[{"href":"https:\/\/www.dillerbottle.com\/de\/wp-json\/wp\/v2\/product"}],"about":[{"href":"https:\/\/www.dillerbottle.com\/de\/wp-json\/wp\/v2\/types\/product"}],"replies":[{"embeddable":true,"href":"https:\/\/www.dillerbottle.com\/de\/wp-json\/wp\/v2\/comments?post=7298"}],"wp:featuredmedia":[{"embeddable":true,"href":"https:\/\/www.dillerbottle.com\/de\/wp-json\/wp\/v2\/media\/7299"}],"wp:attachment":[{"href":"https:\/\/www.dillerbottle.com\/de\/wp-json\/wp\/v2\/media?parent=7298"}],"wp:term":[{"taxonomy":"product_brand","embeddable":true,"href":"https:\/\/www.dillerbottle.com\/de\/wp-json\/wp\/v2\/product_brand?post=7298"},{"taxonomy":"product_cat","embeddable":true,"href":"https:\/\/www.dillerbottle.com\/de\/wp-json\/wp\/v2\/product_cat?post=7298"},{"taxonomy":"product_tag","embeddable":true,"href":"https:\/\/www.dillerbottle.com\/de\/wp-json\/wp\/v2\/product_tag?post=7298"}],"curies":[{"name":"wp","href":"https:\/\/api.w.org\/{rel}","templated":true}]}}