{"id":7604,"date":"2024-09-29T10:01:18","date_gmt":"2024-09-29T02:01:18","guid":{"rendered":"https:\/\/demo.dillerbottle.com\/uncategorized\/glass-water-bottle-with-rubber-cover"},"modified":"2025-07-09T16:40:45","modified_gmt":"2025-07-09T08:40:45","slug":"glaswasserflasche-mit-gummiuberzug","status":"publish","type":"product","link":"https:\/\/www.dillerbottle.com\/de\/products\/glass-water-bottle-with-rubber-cover","title":{"rendered":"Glaswasserflasche mit Gummih\u00fclle"},"content":{"rendered":"<p>1. Hohe Festigkeit. Hergestellt aus langlebigem Borosilikatglas, das bruchfest ist und Temperaturen von -20 \u00b0C bis 120 \u00b0C standh\u00e4lt.<br \/>\n2. Stilvoller und funktionaler Deckel. Der nat\u00fcrliche Bambusdeckel ist nicht nur stilvoll und funktional, sondern auch umweltfreundlich. Machen Sie sich keine Sorgen \u00fcber Undichtigkeiten, da die Silikondichtung eine auslaufsichere Barriere bildet, sobald sie auf der Flasche verschlossen ist.<br \/>\n3. Ideal f\u00fcr unterwegs. Diese Glaswasserflasche hat die optimale \u00d6ffnungsgr\u00f6\u00dfe f\u00fcr tropffreies Trinken und ist perfekt geformt, um sie in der Hand zu halten. Passt in die Getr\u00e4nkehalter der meisten Rucks\u00e4cke, Autos und Kinderwagen und ist somit unterwegs leicht zu verwenden.<br \/>\n4. Bequeme und sch\u00fctzende H\u00fclle. Die Silikonh\u00fclle bietet einen bequemen, rutschfesten Griff und eine farbenfrohe zus\u00e4tzliche Schutzschicht. 5. Umweltfreundlich, 100% BPA-frei. Sp\u00fclmaschinenfest.<\/p>","protected":false},"excerpt":{"rendered":"<p>Eigenschaften: 1.Hohe Festigkeit.<br \/>\nHergestellt aus langlebigem Borosilikatglas, das bruchsicher ist und Temperaturen von -20 \u00b0C bis 120 \u00b0C standh\u00e4lt.<br \/>\n2. Stilvoller und funktionaler Deckel.<br \/>\nDer nat\u00fcrliche Bambusdeckel ist nicht nur stylisch und funktional, sondern auch umweltfreundlich.<br \/>\nMachen Sie sich keine Sorgen \u00fcber Undichtigkeiten, da die Silikondichtung nach dem Verschlie\u00dfen auf der Flasche eine auslaufsichere Barriere bildet.<br \/>\n3. Ideal f\u00fcr unterwegs.<br \/>\nDiese Flasche hat die optimale \u00d6ffnungsgr\u00f6\u00dfe, damit Sie ohne Versch\u00fctten trinken k\u00f6nnen, und ihre Form liegt perfekt in der Hand.<br \/>\nPasst auf die Getr\u00e4nkehalter der meisten Rucks\u00e4cke, Autos und Jogging-Kinderwagen und ist somit auch unterwegs bequem zu verwenden \u2026<\/p>","protected":false},"featured_media":7605,"comment_status":"open","ping_status":"closed","template":"","meta":{"_acf_changed":false},"product_brand":[],"product_cat":[310],"product_tag":[32,36,33,31,542,39,614,659,597,38,604,29,37,34,35,28,514,578,30],"class_list":{"0":"post-7604","1":"product","2":"type-product","3":"status-publish","4":"has-post-thumbnail","6":"product_cat-glass-water-bottle","7":"product_tag-best","8":"product_tag-bulk","9":"product_tag-buy","10":"product_tag-custom","11":"product_tag-double-wall-glass-water-bottle-with-tea-infuser","12":"product_tag-for-sale","13":"product_tag-glass-water-bottle-with-infuser","14":"product_tag-glass-water-bottle-with-rubber-cover","15":"product_tag-glass-water-bottle-with-time-marker","16":"product_tag-good-quality","17":"product_tag-logo-water-bottle","18":"product_tag-manufacturers","19":"product_tag-manufacturing","20":"product_tag-price","21":"product_tag-small","22":"product_tag-suppliers","23":"product_tag-time-marker-water-bottle","24":"product_tag-water-bottle-gift-promotional","25":"product_tag-wholesale","27":"first","28":"instock","29":"shipping-taxable","30":"product-type-simple"},"acf":[],"yoast_head":"<!-- This site is optimized with the Yoast SEO Premium plugin v27.4 (Yoast SEO v27.4) - https:\/\/yoast.com\/product\/yoast-seo-premium-wordpress\/ -->\n<title>Glass Water Bottle with Rubber Cover - Diller Water Bottle Manufacturer<\/title>\n<meta name=\"description\" content=\"As one of the best glass water bottle with rubber cover manufacturers and suppliers, we are engaged in manufacturing good quality water bottles. We warmly welcome you to wholesale or buy custom made glass water bottle with rubber cover at competitive price from us. Also, small quantity orders are acceptable.\" \/>\n<meta name=\"robots\" content=\"index, follow, max-snippet:-1, max-image-preview:large, max-video-preview:-1\" \/>\n<link rel=\"canonical\" href=\"https:\/\/www.dillerbottle.com\/de\/produkte\/glaswasserflasche-mit-gummiuberzug\" \/>\n<meta property=\"og:locale\" content=\"de_DE\" \/>\n<meta property=\"og:type\" content=\"article\" \/>\n<meta property=\"og:title\" content=\"Glass Water Bottle with Rubber Cover\" \/>\n<meta property=\"og:description\" content=\"As one of the best glass water bottle with rubber cover manufacturers and suppliers, we are engaged in manufacturing good quality water bottles. We warmly welcome you to wholesale or buy custom made glass water bottle with rubber cover at competitive price from us. Also, small quantity orders are acceptable.\" \/>\n<meta property=\"og:url\" content=\"https:\/\/www.dillerbottle.com\/de\/produkte\/glaswasserflasche-mit-gummiuberzug\" \/>\n<meta property=\"og:site_name\" content=\"Diller Water Bottle Manufacturer\" \/>\n<meta property=\"article:modified_time\" content=\"2025-07-09T08:40:45+00:00\" \/>\n<meta property=\"og:image\" content=\"https:\/\/www.dillerbottle.com\/wp-content\/uploads\/2024\/09\/glass-water-bottle-with-rubber-cover05597688521.jpg\" \/>\n\t<meta property=\"og:image:width\" content=\"730\" \/>\n\t<meta property=\"og:image:height\" content=\"730\" \/>\n\t<meta property=\"og:image:type\" content=\"image\/jpeg\" \/>\n<meta name=\"twitter:card\" content=\"summary_large_image\" \/>\n<meta name=\"twitter:label1\" content=\"Gesch\u00e4tzte Lesezeit\" \/>\n\t<meta name=\"twitter:data1\" content=\"2\u00a0Minuten\" \/>\n<script type=\"application\/ld+json\" class=\"yoast-schema-graph\">{\"@context\":\"https:\\\/\\\/schema.org\",\"@graph\":[{\"@type\":\"WebPage\",\"@id\":\"https:\\\/\\\/www.dillerbottle.com\\\/nl\\\/producten\\\/glazen-waterfles-met-rubberen-dop\",\"url\":\"https:\\\/\\\/www.dillerbottle.com\\\/nl\\\/producten\\\/glazen-waterfles-met-rubberen-dop\",\"name\":\"Glass Water Bottle with Rubber Cover - Diller Water Bottle Manufacturer\",\"isPartOf\":{\"@id\":\"https:\\\/\\\/www.dillerbottle.com\\\/#website\"},\"primaryImageOfPage\":{\"@id\":\"https:\\\/\\\/www.dillerbottle.com\\\/nl\\\/producten\\\/glazen-waterfles-met-rubberen-dop#primaryimage\"},\"image\":{\"@id\":\"https:\\\/\\\/www.dillerbottle.com\\\/nl\\\/producten\\\/glazen-waterfles-met-rubberen-dop#primaryimage\"},\"thumbnailUrl\":\"https:\\\/\\\/www.dillerbottle.com\\\/wp-content\\\/uploads\\\/2024\\\/09\\\/glass-water-bottle-with-rubber-cover05597688521.jpg\",\"datePublished\":\"2024-09-29T02:01:18+00:00\",\"dateModified\":\"2025-07-09T08:40:45+00:00\",\"description\":\"As one of the best glass water bottle with rubber cover manufacturers and suppliers, we are engaged in manufacturing good quality water bottles. We warmly welcome you to wholesale or buy custom made glass water bottle with rubber cover at competitive price from us. Also, small quantity orders are acceptable.\",\"breadcrumb\":{\"@id\":\"https:\\\/\\\/www.dillerbottle.com\\\/nl\\\/producten\\\/glazen-waterfles-met-rubberen-dop#breadcrumb\"},\"inLanguage\":\"de\",\"potentialAction\":[{\"@type\":\"ReadAction\",\"target\":[\"https:\\\/\\\/www.dillerbottle.com\\\/nl\\\/producten\\\/glazen-waterfles-met-rubberen-dop\"]}]},{\"@type\":\"ImageObject\",\"inLanguage\":\"de\",\"@id\":\"https:\\\/\\\/www.dillerbottle.com\\\/nl\\\/producten\\\/glazen-waterfles-met-rubberen-dop#primaryimage\",\"url\":\"https:\\\/\\\/www.dillerbottle.com\\\/wp-content\\\/uploads\\\/2024\\\/09\\\/glass-water-bottle-with-rubber-cover05597688521.jpg\",\"contentUrl\":\"https:\\\/\\\/www.dillerbottle.com\\\/wp-content\\\/uploads\\\/2024\\\/09\\\/glass-water-bottle-with-rubber-cover05597688521.jpg\",\"width\":730,\"height\":730},{\"@type\":\"BreadcrumbList\",\"@id\":\"https:\\\/\\\/www.dillerbottle.com\\\/nl\\\/producten\\\/glazen-waterfles-met-rubberen-dop#breadcrumb\",\"itemListElement\":[{\"@type\":\"ListItem\",\"position\":1,\"name\":\"Home\",\"item\":\"https:\\\/\\\/www.dillerbottle.com\\\/\"},{\"@type\":\"ListItem\",\"position\":2,\"name\":\"Products\",\"item\":\"https:\\\/\\\/www.dillerbottle.com\\\/shop\"},{\"@type\":\"ListItem\",\"position\":3,\"name\":\"Glass Water Bottle with Rubber Cover\"}]},{\"@type\":\"WebSite\",\"@id\":\"https:\\\/\\\/www.dillerbottle.com\\\/#website\",\"url\":\"https:\\\/\\\/www.dillerbottle.com\\\/\",\"name\":\"Diller Water Bottle Manufacturer\",\"description\":\"Water Bottle Manufacturer\",\"publisher\":{\"@id\":\"https:\\\/\\\/www.dillerbottle.com\\\/#organization\"},\"potentialAction\":[{\"@type\":\"SearchAction\",\"target\":{\"@type\":\"EntryPoint\",\"urlTemplate\":\"https:\\\/\\\/www.dillerbottle.com\\\/?s={search_term_string}\"},\"query-input\":{\"@type\":\"PropertyValueSpecification\",\"valueRequired\":true,\"valueName\":\"search_term_string\"}}],\"inLanguage\":\"de\"},{\"@type\":\"Organization\",\"@id\":\"https:\\\/\\\/www.dillerbottle.com\\\/#organization\",\"name\":\"Diller Water Bottle Manufacturer\",\"url\":\"https:\\\/\\\/www.dillerbottle.com\\\/\",\"logo\":{\"@type\":\"ImageObject\",\"inLanguage\":\"de\",\"@id\":\"https:\\\/\\\/www.dillerbottle.com\\\/#\\\/schema\\\/logo\\\/image\\\/\",\"url\":\"https:\\\/\\\/www.dillerbottle.com\\\/wp-content\\\/uploads\\\/2024\\\/09\\\/49918bfa848dcc1e9f8b509933603ac.png\",\"contentUrl\":\"https:\\\/\\\/www.dillerbottle.com\\\/wp-content\\\/uploads\\\/2024\\\/09\\\/49918bfa848dcc1e9f8b509933603ac.png\",\"width\":988,\"height\":198,\"caption\":\"Diller Water Bottle Manufacturer\"},\"image\":{\"@id\":\"https:\\\/\\\/www.dillerbottle.com\\\/#\\\/schema\\\/logo\\\/image\\\/\"}}]}<\/script>\n<!-- \/ Yoast SEO Premium plugin. -->","yoast_head_json":{"title":"Glaswasserflasche mit Gummi\u00fcberzug - Diller Wasserflaschenhersteller","description":"Als einer der besten Hersteller und Lieferanten von Glaswasserflaschen mit Gummi\u00fcberzug sind wir auf die Herstellung qualitativ hochwertiger Wasserflaschen spezialisiert. Wir hei\u00dfen Sie herzlich willkommen, bei uns ma\u00dfgeschneiderte Glaswasserflaschen mit Gummi\u00fcberzug im Gro\u00dfhandel zu kaufen oder zu wettbewerbsf\u00e4higen Preisen zu erwerben. Auch Bestellungen in kleinen Mengen sind akzeptabel.","robots":{"index":"index","follow":"follow","max-snippet":"max-snippet:-1","max-image-preview":"max-image-preview:large","max-video-preview":"max-video-preview:-1"},"canonical":"https:\/\/www.dillerbottle.com\/de\/produkte\/glaswasserflasche-mit-gummiuberzug","og_locale":"de_DE","og_type":"article","og_title":"Glass Water Bottle with Rubber Cover","og_description":"As one of the best glass water bottle with rubber cover manufacturers and suppliers, we are engaged in manufacturing good quality water bottles. We warmly welcome you to wholesale or buy custom made glass water bottle with rubber cover at competitive price from us. Also, small quantity orders are acceptable.","og_url":"https:\/\/www.dillerbottle.com\/de\/produkte\/glaswasserflasche-mit-gummiuberzug","og_site_name":"Diller Water Bottle Manufacturer","article_modified_time":"2025-07-09T08:40:45+00:00","og_image":[{"width":730,"height":730,"url":"https:\/\/www.dillerbottle.com\/wp-content\/uploads\/2024\/09\/glass-water-bottle-with-rubber-cover05597688521.jpg","type":"image\/jpeg"}],"twitter_card":"summary_large_image","twitter_misc":{"Gesch\u00e4tzte Lesezeit":"2\u00a0Minuten"},"schema":{"@context":"https:\/\/schema.org","@graph":[{"@type":"WebPage","@id":"https:\/\/www.dillerbottle.com\/nl\/producten\/glazen-waterfles-met-rubberen-dop","url":"https:\/\/www.dillerbottle.com\/nl\/producten\/glazen-waterfles-met-rubberen-dop","name":"Glaswasserflasche mit Gummi\u00fcberzug - Diller Wasserflaschenhersteller","isPartOf":{"@id":"https:\/\/www.dillerbottle.com\/#website"},"primaryImageOfPage":{"@id":"https:\/\/www.dillerbottle.com\/nl\/producten\/glazen-waterfles-met-rubberen-dop#primaryimage"},"image":{"@id":"https:\/\/www.dillerbottle.com\/nl\/producten\/glazen-waterfles-met-rubberen-dop#primaryimage"},"thumbnailUrl":"https:\/\/www.dillerbottle.com\/wp-content\/uploads\/2024\/09\/glass-water-bottle-with-rubber-cover05597688521.jpg","datePublished":"2024-09-29T02:01:18+00:00","dateModified":"2025-07-09T08:40:45+00:00","description":"Als einer der besten Hersteller und Lieferanten von Glaswasserflaschen mit Gummi\u00fcberzug sind wir auf die Herstellung qualitativ hochwertiger Wasserflaschen spezialisiert. Wir hei\u00dfen Sie herzlich willkommen, bei uns ma\u00dfgeschneiderte Glaswasserflaschen mit Gummi\u00fcberzug im Gro\u00dfhandel zu kaufen oder zu wettbewerbsf\u00e4higen Preisen zu erwerben. Auch Bestellungen in kleinen Mengen sind akzeptabel.","breadcrumb":{"@id":"https:\/\/www.dillerbottle.com\/nl\/producten\/glazen-waterfles-met-rubberen-dop#breadcrumb"},"inLanguage":"de","potentialAction":[{"@type":"ReadAction","target":["https:\/\/www.dillerbottle.com\/nl\/producten\/glazen-waterfles-met-rubberen-dop"]}]},{"@type":"ImageObject","inLanguage":"de","@id":"https:\/\/www.dillerbottle.com\/nl\/producten\/glazen-waterfles-met-rubberen-dop#primaryimage","url":"https:\/\/www.dillerbottle.com\/wp-content\/uploads\/2024\/09\/glass-water-bottle-with-rubber-cover05597688521.jpg","contentUrl":"https:\/\/www.dillerbottle.com\/wp-content\/uploads\/2024\/09\/glass-water-bottle-with-rubber-cover05597688521.jpg","width":730,"height":730},{"@type":"BreadcrumbList","@id":"https:\/\/www.dillerbottle.com\/nl\/producten\/glazen-waterfles-met-rubberen-dop#breadcrumb","itemListElement":[{"@type":"ListItem","position":1,"name":"Home","item":"https:\/\/www.dillerbottle.com\/"},{"@type":"ListItem","position":2,"name":"Products","item":"https:\/\/www.dillerbottle.com\/shop"},{"@type":"ListItem","position":3,"name":"Glass Water Bottle with Rubber Cover"}]},{"@type":"WebSite","@id":"https:\/\/www.dillerbottle.com\/#website","url":"https:\/\/www.dillerbottle.com\/","name":"Diller Wasserflaschenhersteller","description":"Wasserflaschenhersteller","publisher":{"@id":"https:\/\/www.dillerbottle.com\/#organization"},"potentialAction":[{"@type":"SearchAction","target":{"@type":"EntryPoint","urlTemplate":"https:\/\/www.dillerbottle.com\/?s={search_term_string}"},"query-input":{"@type":"PropertyValueSpecification","valueRequired":true,"valueName":"search_term_string"}}],"inLanguage":"de"},{"@type":"Organization","@id":"https:\/\/www.dillerbottle.com\/#organization","name":"Diller Wasserflaschenhersteller","url":"https:\/\/www.dillerbottle.com\/","logo":{"@type":"ImageObject","inLanguage":"de","@id":"https:\/\/www.dillerbottle.com\/#\/schema\/logo\/image\/","url":"https:\/\/www.dillerbottle.com\/wp-content\/uploads\/2024\/09\/49918bfa848dcc1e9f8b509933603ac.png","contentUrl":"https:\/\/www.dillerbottle.com\/wp-content\/uploads\/2024\/09\/49918bfa848dcc1e9f8b509933603ac.png","width":988,"height":198,"caption":"Diller Water Bottle Manufacturer"},"image":{"@id":"https:\/\/www.dillerbottle.com\/#\/schema\/logo\/image\/"}}]}},"_links":{"self":[{"href":"https:\/\/www.dillerbottle.com\/de\/wp-json\/wp\/v2\/product\/7604","targetHints":{"allow":["GET"]}}],"collection":[{"href":"https:\/\/www.dillerbottle.com\/de\/wp-json\/wp\/v2\/product"}],"about":[{"href":"https:\/\/www.dillerbottle.com\/de\/wp-json\/wp\/v2\/types\/product"}],"replies":[{"embeddable":true,"href":"https:\/\/www.dillerbottle.com\/de\/wp-json\/wp\/v2\/comments?post=7604"}],"wp:featuredmedia":[{"embeddable":true,"href":"https:\/\/www.dillerbottle.com\/de\/wp-json\/wp\/v2\/media\/7605"}],"wp:attachment":[{"href":"https:\/\/www.dillerbottle.com\/de\/wp-json\/wp\/v2\/media?parent=7604"}],"wp:term":[{"taxonomy":"product_brand","embeddable":true,"href":"https:\/\/www.dillerbottle.com\/de\/wp-json\/wp\/v2\/product_brand?post=7604"},{"taxonomy":"product_cat","embeddable":true,"href":"https:\/\/www.dillerbottle.com\/de\/wp-json\/wp\/v2\/product_cat?post=7604"},{"taxonomy":"product_tag","embeddable":true,"href":"https:\/\/www.dillerbottle.com\/de\/wp-json\/wp\/v2\/product_tag?post=7604"}],"curies":[{"name":"wp","href":"https:\/\/api.w.org\/{rel}","templated":true}]}}