{"id":7758,"date":"2024-09-29T10:02:47","date_gmt":"2024-09-29T02:02:47","guid":{"rendered":"https:\/\/demo.dillerbottle.com\/uncategorized\/tea-infuser-travel-tumbler"},"modified":"2025-07-09T16:27:59","modified_gmt":"2025-07-09T08:27:59","slug":"tee-ei-reisebecher","status":"publish","type":"product","link":"https:\/\/www.dillerbottle.com\/de\/products\/tea-infuser-travel-tumbler","title":{"rendered":"Tee-Ei-Reisebecher"},"content":{"rendered":"<p>1. lebensmittelechte, FDA-gepr\u00fcfte und BPA-freie Materialien. Das Glas Tee Infuser Wasserflasche ist; aus geh\u00e4rtetem bpa frei Borosilikatglas, die es dauerhaft und stark gew\u00e4hrleistet.<br \/>\n2. tee;infuser Becher mit hoher Qualit\u00e4t 304 Edelstahl infuser (Sieb \/ Filter).<br \/>\n3. die breite Flaschen\u00f6ffnung ist leicht zu reinigen.<br \/>\n4. hochwertige Edelstahl auslaufsicheren Deckel mit tragbaren Silikonseil, bequem f\u00fcr den Transport.5. perfekt f\u00fcr die Schule, Arbeit, Reisen oder zu Hause.<\/p>","protected":false},"excerpt":{"rendered":"<p>Merkmale: 1. lebensmittelechte, FDA-gepr\u00fcfte und BPA-freie Materialien.<br \/>\nDie Teeflasche aus Glas ist aus geh\u00e4rtetem, bpa-freiem Borosilikatglas hergestellt, das f\u00fcr Langlebigkeit und Stabilit\u00e4t sorgt.<br \/>\n2. ein Teebecher mit hochwertigem Edelstahl 304 Infusor (Sieb \/ Filter).<br \/>\n3. die breite Flaschen\u00f6ffnung ist leicht zu reinigen.<br \/>\n4. hochwertige Edelstahl auslaufsichere Abdeckung mit tragbaren Silikonseil, bequem f\u00fcr den Transport.<br \/>\n5. ideal zum Mitnehmen in die Schule, zur Arbeit, auf Reisen oder zu Hause....<\/p>","protected":false},"featured_media":7759,"comment_status":"open","ping_status":"closed","template":"","meta":{"_acf_changed":false},"product_brand":[],"product_cat":[310],"product_tag":[592,546,575,32,36,33,586,31,39,38,29,37,34,35,579,28,674,532,30],"class_list":{"0":"post-7758","1":"product","2":"type-product","3":"status-publish","4":"has-post-thumbnail","6":"product_cat-glass-water-bottle","7":"product_tag-1-liter-water-bottle","8":"product_tag-1l-water-bottle","9":"product_tag-2000ml-water-bottle","10":"product_tag-best","11":"product_tag-bulk","12":"product_tag-buy","13":"product_tag-clear-water-bottle-glass","14":"product_tag-custom","15":"product_tag-for-sale","16":"product_tag-good-quality","17":"product_tag-manufacturers","18":"product_tag-manufacturing","19":"product_tag-price","20":"product_tag-small","21":"product_tag-summer-water-bottle","22":"product_tag-suppliers","23":"product_tag-tea-infuser-travel-tumbler","24":"product_tag-water-bottles-manufacturer","25":"product_tag-wholesale","27":"first","28":"instock","29":"shipping-taxable","30":"product-type-simple"},"acf":[],"yoast_head":"<!-- This site is optimized with the Yoast SEO Premium plugin v27.5 (Yoast SEO v27.5) - https:\/\/yoast.com\/product\/yoast-seo-premium-wordpress\/ -->\n<title>Tea Infuser Travel Tumbler - Diller Water Bottle Manufacturer<\/title>\n<meta name=\"description\" content=\"As one of the best tea infuser travel tumbler manufacturers and suppliers, we are engaged in manufacturing good quality water bottles. We warmly welcome you to wholesale or buy custom made tea infuser travel tumbler at competitive price from us. Also, small quantity orders are acceptable.\" \/>\n<meta name=\"robots\" content=\"index, follow, max-snippet:-1, max-image-preview:large, max-video-preview:-1\" \/>\n<link rel=\"canonical\" href=\"https:\/\/www.dillerbottle.com\/de\/produkte\/tee-ei-reisebecher\" \/>\n<meta property=\"og:locale\" content=\"de_DE\" \/>\n<meta property=\"og:type\" content=\"article\" \/>\n<meta property=\"og:title\" content=\"Tea Infuser Travel Tumbler\" \/>\n<meta property=\"og:description\" content=\"As one of the best tea infuser travel tumbler manufacturers and suppliers, we are engaged in manufacturing good quality water bottles. We warmly welcome you to wholesale or buy custom made tea infuser travel tumbler at competitive price from us. Also, small quantity orders are acceptable.\" \/>\n<meta property=\"og:url\" content=\"https:\/\/www.dillerbottle.com\/de\/produkte\/tee-ei-reisebecher\" \/>\n<meta property=\"og:site_name\" content=\"Diller Water Bottle Manufacturer\" \/>\n<meta property=\"article:modified_time\" content=\"2025-07-09T08:27:59+00:00\" \/>\n<meta property=\"og:image\" content=\"https:\/\/www.dillerbottle.com\/wp-content\/uploads\/2024\/09\/tea-infuser-travel-tumbler38298606096.jpg\" \/>\n\t<meta property=\"og:image:width\" content=\"730\" \/>\n\t<meta property=\"og:image:height\" content=\"730\" \/>\n\t<meta property=\"og:image:type\" content=\"image\/jpeg\" \/>\n<meta name=\"twitter:card\" content=\"summary_large_image\" \/>\n<meta name=\"twitter:label1\" content=\"Gesch\u00e4tzte Lesezeit\" \/>\n\t<meta name=\"twitter:data1\" content=\"2\u00a0Minuten\" \/>\n<script type=\"application\/ld+json\" class=\"yoast-schema-graph\">{\"@context\":\"https:\\\/\\\/schema.org\",\"@graph\":[{\"@type\":\"WebPage\",\"@id\":\"https:\\\/\\\/www.dillerbottle.com\\\/products\\\/tea-infuser-travel-tumbler\",\"url\":\"https:\\\/\\\/www.dillerbottle.com\\\/products\\\/tea-infuser-travel-tumbler\",\"name\":\"Tea Infuser Travel Tumbler - Diller Water Bottle Manufacturer\",\"isPartOf\":{\"@id\":\"https:\\\/\\\/www.dillerbottle.com\\\/#website\"},\"primaryImageOfPage\":{\"@id\":\"https:\\\/\\\/www.dillerbottle.com\\\/products\\\/tea-infuser-travel-tumbler#primaryimage\"},\"image\":{\"@id\":\"https:\\\/\\\/www.dillerbottle.com\\\/products\\\/tea-infuser-travel-tumbler#primaryimage\"},\"thumbnailUrl\":\"https:\\\/\\\/www.dillerbottle.com\\\/wp-content\\\/uploads\\\/2024\\\/09\\\/tea-infuser-travel-tumbler38298606096.jpg\",\"datePublished\":\"2024-09-29T02:02:47+00:00\",\"dateModified\":\"2025-07-09T08:27:59+00:00\",\"description\":\"As one of the best tea infuser travel tumbler manufacturers and suppliers, we are engaged in manufacturing good quality water bottles. We warmly welcome you to wholesale or buy custom made tea infuser travel tumbler at competitive price from us. Also, small quantity orders are acceptable.\",\"breadcrumb\":{\"@id\":\"https:\\\/\\\/www.dillerbottle.com\\\/products\\\/tea-infuser-travel-tumbler#breadcrumb\"},\"inLanguage\":\"de\",\"potentialAction\":[{\"@type\":\"ReadAction\",\"target\":[\"https:\\\/\\\/www.dillerbottle.com\\\/products\\\/tea-infuser-travel-tumbler\"]}]},{\"@type\":\"ImageObject\",\"inLanguage\":\"de\",\"@id\":\"https:\\\/\\\/www.dillerbottle.com\\\/products\\\/tea-infuser-travel-tumbler#primaryimage\",\"url\":\"https:\\\/\\\/www.dillerbottle.com\\\/wp-content\\\/uploads\\\/2024\\\/09\\\/tea-infuser-travel-tumbler38298606096.jpg\",\"contentUrl\":\"https:\\\/\\\/www.dillerbottle.com\\\/wp-content\\\/uploads\\\/2024\\\/09\\\/tea-infuser-travel-tumbler38298606096.jpg\",\"width\":730,\"height\":730},{\"@type\":\"BreadcrumbList\",\"@id\":\"https:\\\/\\\/www.dillerbottle.com\\\/products\\\/tea-infuser-travel-tumbler#breadcrumb\",\"itemListElement\":[{\"@type\":\"ListItem\",\"position\":1,\"name\":\"Home\",\"item\":\"https:\\\/\\\/www.dillerbottle.com\\\/\"},{\"@type\":\"ListItem\",\"position\":2,\"name\":\"Products\",\"item\":\"https:\\\/\\\/www.dillerbottle.com\\\/shop\"},{\"@type\":\"ListItem\",\"position\":3,\"name\":\"Tea Infuser Travel Tumbler\"}]},{\"@type\":\"WebSite\",\"@id\":\"https:\\\/\\\/www.dillerbottle.com\\\/#website\",\"url\":\"https:\\\/\\\/www.dillerbottle.com\\\/\",\"name\":\"Diller Water Bottle Manufacturer\",\"description\":\"Water Bottle Manufacturer\",\"publisher\":{\"@id\":\"https:\\\/\\\/www.dillerbottle.com\\\/#organization\"},\"potentialAction\":[{\"@type\":\"SearchAction\",\"target\":{\"@type\":\"EntryPoint\",\"urlTemplate\":\"https:\\\/\\\/www.dillerbottle.com\\\/?s={search_term_string}\"},\"query-input\":{\"@type\":\"PropertyValueSpecification\",\"valueRequired\":true,\"valueName\":\"search_term_string\"}}],\"inLanguage\":\"de\"},{\"@type\":\"Organization\",\"@id\":\"https:\\\/\\\/www.dillerbottle.com\\\/#organization\",\"name\":\"Diller Water Bottle Manufacturer\",\"url\":\"https:\\\/\\\/www.dillerbottle.com\\\/\",\"logo\":{\"@type\":\"ImageObject\",\"inLanguage\":\"de\",\"@id\":\"https:\\\/\\\/www.dillerbottle.com\\\/#\\\/schema\\\/logo\\\/image\\\/\",\"url\":\"https:\\\/\\\/www.dillerbottle.com\\\/wp-content\\\/uploads\\\/2024\\\/09\\\/49918bfa848dcc1e9f8b509933603ac.png\",\"contentUrl\":\"https:\\\/\\\/www.dillerbottle.com\\\/wp-content\\\/uploads\\\/2024\\\/09\\\/49918bfa848dcc1e9f8b509933603ac.png\",\"width\":988,\"height\":198,\"caption\":\"Diller Water Bottle Manufacturer\"},\"image\":{\"@id\":\"https:\\\/\\\/www.dillerbottle.com\\\/#\\\/schema\\\/logo\\\/image\\\/\"}}]}<\/script>\n<!-- \/ Yoast SEO Premium plugin. -->","yoast_head_json":{"title":"Tea Infuser Travel Tumbler - Diller Wasserflasche Hersteller","description":"Als einer der besten Hersteller und Lieferanten von Teebechern besch\u00e4ftigen wir uns mit der Herstellung von Wasserflaschen guter Qualit\u00e4t. Wir hei\u00dfen Sie herzlich willkommen, Gro\u00dfhandel oder kaufen benutzerdefinierte Tee Infuser Reise Becher zu wettbewerbsf\u00e4higen Preisen von uns. Auch kleine Menge Bestellungen sind akzeptabel.","robots":{"index":"index","follow":"follow","max-snippet":"max-snippet:-1","max-image-preview":"max-image-preview:large","max-video-preview":"max-video-preview:-1"},"canonical":"https:\/\/www.dillerbottle.com\/de\/produkte\/tee-ei-reisebecher","og_locale":"de_DE","og_type":"article","og_title":"Tea Infuser Travel Tumbler","og_description":"As one of the best tea infuser travel tumbler manufacturers and suppliers, we are engaged in manufacturing good quality water bottles. We warmly welcome you to wholesale or buy custom made tea infuser travel tumbler at competitive price from us. Also, small quantity orders are acceptable.","og_url":"https:\/\/www.dillerbottle.com\/de\/produkte\/tee-ei-reisebecher","og_site_name":"Diller Water Bottle Manufacturer","article_modified_time":"2025-07-09T08:27:59+00:00","og_image":[{"width":730,"height":730,"url":"https:\/\/www.dillerbottle.com\/wp-content\/uploads\/2024\/09\/tea-infuser-travel-tumbler38298606096.jpg","type":"image\/jpeg"}],"twitter_card":"summary_large_image","twitter_misc":{"Gesch\u00e4tzte Lesezeit":"2\u00a0Minuten"},"schema":{"@context":"https:\/\/schema.org","@graph":[{"@type":"WebPage","@id":"https:\/\/www.dillerbottle.com\/products\/tea-infuser-travel-tumbler","url":"https:\/\/www.dillerbottle.com\/products\/tea-infuser-travel-tumbler","name":"Tea Infuser Travel Tumbler - Diller Wasserflasche Hersteller","isPartOf":{"@id":"https:\/\/www.dillerbottle.com\/#website"},"primaryImageOfPage":{"@id":"https:\/\/www.dillerbottle.com\/products\/tea-infuser-travel-tumbler#primaryimage"},"image":{"@id":"https:\/\/www.dillerbottle.com\/products\/tea-infuser-travel-tumbler#primaryimage"},"thumbnailUrl":"https:\/\/www.dillerbottle.com\/wp-content\/uploads\/2024\/09\/tea-infuser-travel-tumbler38298606096.jpg","datePublished":"2024-09-29T02:02:47+00:00","dateModified":"2025-07-09T08:27:59+00:00","description":"Als einer der besten Hersteller und Lieferanten von Teebechern besch\u00e4ftigen wir uns mit der Herstellung von Wasserflaschen guter Qualit\u00e4t. Wir hei\u00dfen Sie herzlich willkommen, Gro\u00dfhandel oder kaufen benutzerdefinierte Tee Infuser Reise Becher zu wettbewerbsf\u00e4higen Preisen von uns. Auch kleine Menge Bestellungen sind akzeptabel.","breadcrumb":{"@id":"https:\/\/www.dillerbottle.com\/products\/tea-infuser-travel-tumbler#breadcrumb"},"inLanguage":"de","potentialAction":[{"@type":"ReadAction","target":["https:\/\/www.dillerbottle.com\/products\/tea-infuser-travel-tumbler"]}]},{"@type":"ImageObject","inLanguage":"de","@id":"https:\/\/www.dillerbottle.com\/products\/tea-infuser-travel-tumbler#primaryimage","url":"https:\/\/www.dillerbottle.com\/wp-content\/uploads\/2024\/09\/tea-infuser-travel-tumbler38298606096.jpg","contentUrl":"https:\/\/www.dillerbottle.com\/wp-content\/uploads\/2024\/09\/tea-infuser-travel-tumbler38298606096.jpg","width":730,"height":730},{"@type":"BreadcrumbList","@id":"https:\/\/www.dillerbottle.com\/products\/tea-infuser-travel-tumbler#breadcrumb","itemListElement":[{"@type":"ListItem","position":1,"name":"Home","item":"https:\/\/www.dillerbottle.com\/"},{"@type":"ListItem","position":2,"name":"Products","item":"https:\/\/www.dillerbottle.com\/shop"},{"@type":"ListItem","position":3,"name":"Tea Infuser Travel Tumbler"}]},{"@type":"WebSite","@id":"https:\/\/www.dillerbottle.com\/#website","url":"https:\/\/www.dillerbottle.com\/","name":"Diller Wasserflaschenhersteller","description":"Wasserflaschenhersteller","publisher":{"@id":"https:\/\/www.dillerbottle.com\/#organization"},"potentialAction":[{"@type":"SearchAction","target":{"@type":"EntryPoint","urlTemplate":"https:\/\/www.dillerbottle.com\/?s={search_term_string}"},"query-input":{"@type":"PropertyValueSpecification","valueRequired":true,"valueName":"search_term_string"}}],"inLanguage":"de"},{"@type":"Organization","@id":"https:\/\/www.dillerbottle.com\/#organization","name":"Diller Wasserflaschenhersteller","url":"https:\/\/www.dillerbottle.com\/","logo":{"@type":"ImageObject","inLanguage":"de","@id":"https:\/\/www.dillerbottle.com\/#\/schema\/logo\/image\/","url":"https:\/\/www.dillerbottle.com\/wp-content\/uploads\/2024\/09\/49918bfa848dcc1e9f8b509933603ac.png","contentUrl":"https:\/\/www.dillerbottle.com\/wp-content\/uploads\/2024\/09\/49918bfa848dcc1e9f8b509933603ac.png","width":988,"height":198,"caption":"Diller Water Bottle Manufacturer"},"image":{"@id":"https:\/\/www.dillerbottle.com\/#\/schema\/logo\/image\/"}}]}},"_links":{"self":[{"href":"https:\/\/www.dillerbottle.com\/de\/wp-json\/wp\/v2\/product\/7758","targetHints":{"allow":["GET"]}}],"collection":[{"href":"https:\/\/www.dillerbottle.com\/de\/wp-json\/wp\/v2\/product"}],"about":[{"href":"https:\/\/www.dillerbottle.com\/de\/wp-json\/wp\/v2\/types\/product"}],"replies":[{"embeddable":true,"href":"https:\/\/www.dillerbottle.com\/de\/wp-json\/wp\/v2\/comments?post=7758"}],"wp:featuredmedia":[{"embeddable":true,"href":"https:\/\/www.dillerbottle.com\/de\/wp-json\/wp\/v2\/media\/7759"}],"wp:attachment":[{"href":"https:\/\/www.dillerbottle.com\/de\/wp-json\/wp\/v2\/media?parent=7758"}],"wp:term":[{"taxonomy":"product_brand","embeddable":true,"href":"https:\/\/www.dillerbottle.com\/de\/wp-json\/wp\/v2\/product_brand?post=7758"},{"taxonomy":"product_cat","embeddable":true,"href":"https:\/\/www.dillerbottle.com\/de\/wp-json\/wp\/v2\/product_cat?post=7758"},{"taxonomy":"product_tag","embeddable":true,"href":"https:\/\/www.dillerbottle.com\/de\/wp-json\/wp\/v2\/product_tag?post=7758"}],"curies":[{"name":"wp","href":"https:\/\/api.w.org\/{rel}","templated":true}]}}