{"id":7950,"date":"2024-09-29T14:10:31","date_gmt":"2024-09-29T06:10:31","guid":{"rendered":"https:\/\/demo.dillerbottle.com\/products\/gradient-coffee-mug-with-handle"},"modified":"2026-04-16T21:45:28","modified_gmt":"2026-04-16T13:45:28","slug":"kaffeebecher-mit-farbverlauf-und-henkel","status":"publish","type":"product","link":"https:\/\/www.dillerbottle.com\/de\/products\/gradient-coffee-mug-with-handle","title":{"rendered":"Kaffeetasse mit Farbverlauf und Henkel"},"content":{"rendered":"<p>1. Dieser Kaffeebecher mit Farbverlauf und Henkel ist aus robustem doppelwandigem 304 Edelstahl gefertigt; unser vakuumisolierter isolierter Kaffeebecher kann Getr\u00e4nke bis zu 8 Stunden hei\u00df oder kalt halten.<\/p>\n<p>2. Das Fassungsverm\u00f6gen betr\u00e4gt 1100 ml, sodass ausreichend Wasser, Kaffee, Tee usw. darin Platz finden. Der Becherk\u00f6rper verf\u00fcgt \u00fcber einen breiten Henkel, sodass er beim Ausgehen bequemer zu tragen ist.<\/p>\n<p>3. Der Becherdeckel hat einen abdichtenden Silikonring, sodass Sie, egal wie Sie ihn handhaben, keine Angst vor Wasserlecks haben m\u00fcssen. Kostenloser Strohhalm aus Edelstahl, kann direkt oder mit einem Strohhalm konsumiert werden.<\/p>\n<p>4. Der K\u00f6rbchenk\u00f6rper mit Farbverlauf ist modisch und unverwechselbar, sodass er beim Ausgehen ein Hingucker ist.<\/p>","protected":false},"excerpt":{"rendered":"<p>Dieser Kaffeebecher mit Farbverlauf und Henkel ist aus robustem Edelstahl und lebensmittelechten Materialien gefertigt.<br \/>\nDieser Becher kann den Inhalt bis zu 6 Stunden lang hei\u00df oder eiskalt halten.<br \/>\nDas Fassungsverm\u00f6gen betr\u00e4gt 1100 ml, sodass ausreichend Wasser, Kaffee, Tee usw. aufgenommen werden kann.<br \/>\nDer Becherk\u00f6rper verf\u00fcgt \u00fcber einen breiten Henkel, sodass er sich beim Ausgehen bequemer tragen l\u00e4sst.<br \/>\nDer K\u00f6rbchenk\u00f6rper mit Farbverlauf ist modisch und unverwechselbar, sodass er beim Ausgehen ein Hingucker ist.<br \/>\nOEM und ODM akzeptabel.<br \/>\nWir k\u00f6nnen die Kaffeetasse nach Ihren W\u00fcnschen personalisieren.<br \/>\nWillkommen beim Gro\u00dfhandelskauf, senden Sie jetzt eine Anfrage!<\/p>","protected":false},"featured_media":12434,"comment_status":"open","ping_status":"closed","template":"","meta":{"_acf_changed":false},"product_brand":[],"product_cat":[18],"product_tag":[32,36,33,707,31,124,127,39,38,705,443,29,37,34,35,28,578,706,30],"class_list":{"0":"post-7950","1":"product","2":"type-product","3":"status-publish","4":"has-post-thumbnail","6":"product_cat-insulated-water-bottle","7":"product_tag-best","8":"product_tag-bulk","9":"product_tag-buy","10":"product_tag-children-food-flask","11":"product_tag-custom","12":"product_tag-food-flask-for-children","13":"product_tag-food-thermal-box","14":"product_tag-for-sale","15":"product_tag-good-quality","16":"product_tag-gradient-coffee-mug-with-handle","17":"product_tag-innovative-water-bottle","18":"product_tag-manufacturers","19":"product_tag-manufacturing","20":"product_tag-price","21":"product_tag-small","22":"product_tag-suppliers","23":"product_tag-water-bottle-gift-promotional","24":"product_tag-water-bottle-with-time-marker","25":"product_tag-wholesale","27":"first","28":"instock","29":"featured","30":"shipping-taxable","31":"product-type-simple"},"acf":[],"yoast_head":"<!-- This site is optimized with the Yoast SEO Premium plugin v27.5 (Yoast SEO v27.5) - https:\/\/yoast.com\/product\/yoast-seo-premium-wordpress\/ -->\n<title>Gradient Coffee Mug With Handle - Diller Water Bottle Manufacturer<\/title>\n<meta name=\"description\" content=\"As one of the best gradient coffee mug with handle manufacturers and suppliers, we are engaged in manufacturing good quality water bottles. We warmly welcome you to wholesale or buy custom made gradient coffee mug with handle at competitive price from us. Also, small quantity orders are acceptable.\" \/>\n<meta name=\"robots\" content=\"index, follow, max-snippet:-1, max-image-preview:large, max-video-preview:-1\" \/>\n<link rel=\"canonical\" href=\"https:\/\/www.dillerbottle.com\/de\/produkte\/kaffeebecher-mit-farbverlauf-und-henkel\" \/>\n<meta property=\"og:locale\" content=\"de_DE\" \/>\n<meta property=\"og:type\" content=\"article\" \/>\n<meta property=\"og:title\" content=\"Gradient Coffee Mug With Handle\" \/>\n<meta property=\"og:description\" content=\"As one of the best gradient coffee mug with handle manufacturers and suppliers, we are engaged in manufacturing good quality water bottles. We warmly welcome you to wholesale or buy custom made gradient coffee mug with handle at competitive price from us. Also, small quantity orders are acceptable.\" \/>\n<meta property=\"og:url\" content=\"https:\/\/www.dillerbottle.com\/de\/produkte\/kaffeebecher-mit-farbverlauf-und-henkel\" \/>\n<meta property=\"og:site_name\" content=\"Diller Water Bottle Manufacturer\" \/>\n<meta property=\"article:modified_time\" content=\"2026-04-16T13:45:28+00:00\" \/>\n<meta property=\"og:image\" content=\"https:\/\/www.dillerbottle.com\/wp-content\/uploads\/2024\/09\/000MLH9166-1100_\u5305\u88c5_\u84dd_1.png\" \/>\n\t<meta property=\"og:image:width\" content=\"800\" \/>\n\t<meta property=\"og:image:height\" content=\"800\" \/>\n\t<meta property=\"og:image:type\" content=\"image\/png\" \/>\n<meta name=\"twitter:card\" content=\"summary_large_image\" \/>\n<meta name=\"twitter:label1\" content=\"Gesch\u00e4tzte Lesezeit\" \/>\n\t<meta name=\"twitter:data1\" content=\"4\u00a0Minuten\" \/>\n<script type=\"application\/ld+json\" class=\"yoast-schema-graph\">{\"@context\":\"https:\\\/\\\/schema.org\",\"@graph\":[{\"@type\":\"WebPage\",\"@id\":\"https:\\\/\\\/www.dillerbottle.com\\\/pt\\\/produtos\\\/caneca-de-cafe-gradiente-com-alca\",\"url\":\"https:\\\/\\\/www.dillerbottle.com\\\/pt\\\/produtos\\\/caneca-de-cafe-gradiente-com-alca\",\"name\":\"Gradient Coffee Mug With Handle - Diller Water Bottle Manufacturer\",\"isPartOf\":{\"@id\":\"https:\\\/\\\/www.dillerbottle.com\\\/#website\"},\"primaryImageOfPage\":{\"@id\":\"https:\\\/\\\/www.dillerbottle.com\\\/pt\\\/produtos\\\/caneca-de-cafe-gradiente-com-alca#primaryimage\"},\"image\":{\"@id\":\"https:\\\/\\\/www.dillerbottle.com\\\/pt\\\/produtos\\\/caneca-de-cafe-gradiente-com-alca#primaryimage\"},\"thumbnailUrl\":\"https:\\\/\\\/www.dillerbottle.com\\\/wp-content\\\/uploads\\\/2024\\\/09\\\/000MLH9166-1100_\u5305\u88c5_\u84dd_1.png\",\"datePublished\":\"2024-09-29T06:10:31+00:00\",\"dateModified\":\"2026-04-16T13:45:28+00:00\",\"description\":\"As one of the best gradient coffee mug with handle manufacturers and suppliers, we are engaged in manufacturing good quality water bottles. We warmly welcome you to wholesale or buy custom made gradient coffee mug with handle at competitive price from us. Also, small quantity orders are acceptable.\",\"breadcrumb\":{\"@id\":\"https:\\\/\\\/www.dillerbottle.com\\\/pt\\\/produtos\\\/caneca-de-cafe-gradiente-com-alca#breadcrumb\"},\"inLanguage\":\"de\",\"potentialAction\":[{\"@type\":\"ReadAction\",\"target\":[\"https:\\\/\\\/www.dillerbottle.com\\\/pt\\\/produtos\\\/caneca-de-cafe-gradiente-com-alca\"]}]},{\"@type\":\"ImageObject\",\"inLanguage\":\"de\",\"@id\":\"https:\\\/\\\/www.dillerbottle.com\\\/pt\\\/produtos\\\/caneca-de-cafe-gradiente-com-alca#primaryimage\",\"url\":\"https:\\\/\\\/www.dillerbottle.com\\\/wp-content\\\/uploads\\\/2024\\\/09\\\/000MLH9166-1100_\u5305\u88c5_\u84dd_1.png\",\"contentUrl\":\"https:\\\/\\\/www.dillerbottle.com\\\/wp-content\\\/uploads\\\/2024\\\/09\\\/000MLH9166-1100_\u5305\u88c5_\u84dd_1.png\",\"width\":800,\"height\":800},{\"@type\":\"BreadcrumbList\",\"@id\":\"https:\\\/\\\/www.dillerbottle.com\\\/pt\\\/produtos\\\/caneca-de-cafe-gradiente-com-alca#breadcrumb\",\"itemListElement\":[{\"@type\":\"ListItem\",\"position\":1,\"name\":\"Home\",\"item\":\"https:\\\/\\\/www.dillerbottle.com\\\/\"},{\"@type\":\"ListItem\",\"position\":2,\"name\":\"Products\",\"item\":\"https:\\\/\\\/www.dillerbottle.com\\\/shop\"},{\"@type\":\"ListItem\",\"position\":3,\"name\":\"Gradient Coffee Mug With Handle\"}]},{\"@type\":\"WebSite\",\"@id\":\"https:\\\/\\\/www.dillerbottle.com\\\/#website\",\"url\":\"https:\\\/\\\/www.dillerbottle.com\\\/\",\"name\":\"Diller Water Bottle Manufacturer\",\"description\":\"Water Bottle Manufacturer\",\"publisher\":{\"@id\":\"https:\\\/\\\/www.dillerbottle.com\\\/#organization\"},\"potentialAction\":[{\"@type\":\"SearchAction\",\"target\":{\"@type\":\"EntryPoint\",\"urlTemplate\":\"https:\\\/\\\/www.dillerbottle.com\\\/?s={search_term_string}\"},\"query-input\":{\"@type\":\"PropertyValueSpecification\",\"valueRequired\":true,\"valueName\":\"search_term_string\"}}],\"inLanguage\":\"de\"},{\"@type\":\"Organization\",\"@id\":\"https:\\\/\\\/www.dillerbottle.com\\\/#organization\",\"name\":\"Diller Water Bottle Manufacturer\",\"url\":\"https:\\\/\\\/www.dillerbottle.com\\\/\",\"logo\":{\"@type\":\"ImageObject\",\"inLanguage\":\"de\",\"@id\":\"https:\\\/\\\/www.dillerbottle.com\\\/#\\\/schema\\\/logo\\\/image\\\/\",\"url\":\"https:\\\/\\\/www.dillerbottle.com\\\/wp-content\\\/uploads\\\/2024\\\/09\\\/49918bfa848dcc1e9f8b509933603ac.png\",\"contentUrl\":\"https:\\\/\\\/www.dillerbottle.com\\\/wp-content\\\/uploads\\\/2024\\\/09\\\/49918bfa848dcc1e9f8b509933603ac.png\",\"width\":988,\"height\":198,\"caption\":\"Diller Water Bottle Manufacturer\"},\"image\":{\"@id\":\"https:\\\/\\\/www.dillerbottle.com\\\/#\\\/schema\\\/logo\\\/image\\\/\"}}]}<\/script>\n<!-- \/ Yoast SEO Premium plugin. -->","yoast_head_json":{"title":"Kaffeetasse mit Farbverlauf und Henkel - Diller Wasserflaschenhersteller","description":"Als einer der besten Hersteller und Lieferanten von Kaffeetassen mit Farbverlauf und Henkel sind wir auf die Herstellung hochwertiger Wasserflaschen spezialisiert. Wir hei\u00dfen Sie herzlich willkommen, bei uns Kaffeetassen mit Farbverlauf im Gro\u00dfhandel zu kaufen oder individuell angefertigte Kaffeetassen mit Farbverlauf und Henkel zu wettbewerbsf\u00e4higen Preisen zu erwerben. Auch Bestellungen in kleinen Mengen sind m\u00f6glich.","robots":{"index":"index","follow":"follow","max-snippet":"max-snippet:-1","max-image-preview":"max-image-preview:large","max-video-preview":"max-video-preview:-1"},"canonical":"https:\/\/www.dillerbottle.com\/de\/produkte\/kaffeebecher-mit-farbverlauf-und-henkel","og_locale":"de_DE","og_type":"article","og_title":"Gradient Coffee Mug With Handle","og_description":"As one of the best gradient coffee mug with handle manufacturers and suppliers, we are engaged in manufacturing good quality water bottles. We warmly welcome you to wholesale or buy custom made gradient coffee mug with handle at competitive price from us. Also, small quantity orders are acceptable.","og_url":"https:\/\/www.dillerbottle.com\/de\/produkte\/kaffeebecher-mit-farbverlauf-und-henkel","og_site_name":"Diller Water Bottle Manufacturer","article_modified_time":"2026-04-16T13:45:28+00:00","og_image":[{"width":800,"height":800,"url":"https:\/\/www.dillerbottle.com\/wp-content\/uploads\/2024\/09\/000MLH9166-1100_\u5305\u88c5_\u84dd_1.png","type":"image\/png"}],"twitter_card":"summary_large_image","twitter_misc":{"Gesch\u00e4tzte Lesezeit":"4\u00a0Minuten"},"schema":{"@context":"https:\/\/schema.org","@graph":[{"@type":"WebPage","@id":"https:\/\/www.dillerbottle.com\/pt\/produtos\/caneca-de-cafe-gradiente-com-alca","url":"https:\/\/www.dillerbottle.com\/pt\/produtos\/caneca-de-cafe-gradiente-com-alca","name":"Kaffeetasse mit Farbverlauf und Henkel - Diller Wasserflaschenhersteller","isPartOf":{"@id":"https:\/\/www.dillerbottle.com\/#website"},"primaryImageOfPage":{"@id":"https:\/\/www.dillerbottle.com\/pt\/produtos\/caneca-de-cafe-gradiente-com-alca#primaryimage"},"image":{"@id":"https:\/\/www.dillerbottle.com\/pt\/produtos\/caneca-de-cafe-gradiente-com-alca#primaryimage"},"thumbnailUrl":"https:\/\/www.dillerbottle.com\/wp-content\/uploads\/2024\/09\/000MLH9166-1100_\u5305\u88c5_\u84dd_1.png","datePublished":"2024-09-29T06:10:31+00:00","dateModified":"2026-04-16T13:45:28+00:00","description":"Als einer der besten Hersteller und Lieferanten von Kaffeetassen mit Farbverlauf und Henkel sind wir auf die Herstellung hochwertiger Wasserflaschen spezialisiert. Wir hei\u00dfen Sie herzlich willkommen, bei uns Kaffeetassen mit Farbverlauf im Gro\u00dfhandel zu kaufen oder individuell angefertigte Kaffeetassen mit Farbverlauf und Henkel zu wettbewerbsf\u00e4higen Preisen zu erwerben. Auch Bestellungen in kleinen Mengen sind m\u00f6glich.","breadcrumb":{"@id":"https:\/\/www.dillerbottle.com\/pt\/produtos\/caneca-de-cafe-gradiente-com-alca#breadcrumb"},"inLanguage":"de","potentialAction":[{"@type":"ReadAction","target":["https:\/\/www.dillerbottle.com\/pt\/produtos\/caneca-de-cafe-gradiente-com-alca"]}]},{"@type":"ImageObject","inLanguage":"de","@id":"https:\/\/www.dillerbottle.com\/pt\/produtos\/caneca-de-cafe-gradiente-com-alca#primaryimage","url":"https:\/\/www.dillerbottle.com\/wp-content\/uploads\/2024\/09\/000MLH9166-1100_\u5305\u88c5_\u84dd_1.png","contentUrl":"https:\/\/www.dillerbottle.com\/wp-content\/uploads\/2024\/09\/000MLH9166-1100_\u5305\u88c5_\u84dd_1.png","width":800,"height":800},{"@type":"BreadcrumbList","@id":"https:\/\/www.dillerbottle.com\/pt\/produtos\/caneca-de-cafe-gradiente-com-alca#breadcrumb","itemListElement":[{"@type":"ListItem","position":1,"name":"Home","item":"https:\/\/www.dillerbottle.com\/"},{"@type":"ListItem","position":2,"name":"Products","item":"https:\/\/www.dillerbottle.com\/shop"},{"@type":"ListItem","position":3,"name":"Gradient Coffee Mug With Handle"}]},{"@type":"WebSite","@id":"https:\/\/www.dillerbottle.com\/#website","url":"https:\/\/www.dillerbottle.com\/","name":"Diller Wasserflaschenhersteller","description":"Wasserflaschenhersteller","publisher":{"@id":"https:\/\/www.dillerbottle.com\/#organization"},"potentialAction":[{"@type":"SearchAction","target":{"@type":"EntryPoint","urlTemplate":"https:\/\/www.dillerbottle.com\/?s={search_term_string}"},"query-input":{"@type":"PropertyValueSpecification","valueRequired":true,"valueName":"search_term_string"}}],"inLanguage":"de"},{"@type":"Organization","@id":"https:\/\/www.dillerbottle.com\/#organization","name":"Diller Wasserflaschenhersteller","url":"https:\/\/www.dillerbottle.com\/","logo":{"@type":"ImageObject","inLanguage":"de","@id":"https:\/\/www.dillerbottle.com\/#\/schema\/logo\/image\/","url":"https:\/\/www.dillerbottle.com\/wp-content\/uploads\/2024\/09\/49918bfa848dcc1e9f8b509933603ac.png","contentUrl":"https:\/\/www.dillerbottle.com\/wp-content\/uploads\/2024\/09\/49918bfa848dcc1e9f8b509933603ac.png","width":988,"height":198,"caption":"Diller Water Bottle Manufacturer"},"image":{"@id":"https:\/\/www.dillerbottle.com\/#\/schema\/logo\/image\/"}}]}},"_links":{"self":[{"href":"https:\/\/www.dillerbottle.com\/de\/wp-json\/wp\/v2\/product\/7950","targetHints":{"allow":["GET"]}}],"collection":[{"href":"https:\/\/www.dillerbottle.com\/de\/wp-json\/wp\/v2\/product"}],"about":[{"href":"https:\/\/www.dillerbottle.com\/de\/wp-json\/wp\/v2\/types\/product"}],"replies":[{"embeddable":true,"href":"https:\/\/www.dillerbottle.com\/de\/wp-json\/wp\/v2\/comments?post=7950"}],"wp:featuredmedia":[{"embeddable":true,"href":"https:\/\/www.dillerbottle.com\/de\/wp-json\/wp\/v2\/media\/12434"}],"wp:attachment":[{"href":"https:\/\/www.dillerbottle.com\/de\/wp-json\/wp\/v2\/media?parent=7950"}],"wp:term":[{"taxonomy":"product_brand","embeddable":true,"href":"https:\/\/www.dillerbottle.com\/de\/wp-json\/wp\/v2\/product_brand?post=7950"},{"taxonomy":"product_cat","embeddable":true,"href":"https:\/\/www.dillerbottle.com\/de\/wp-json\/wp\/v2\/product_cat?post=7950"},{"taxonomy":"product_tag","embeddable":true,"href":"https:\/\/www.dillerbottle.com\/de\/wp-json\/wp\/v2\/product_tag?post=7950"}],"curies":[{"name":"wp","href":"https:\/\/api.w.org\/{rel}","templated":true}]}}