{"id":8008,"date":"2024-09-29T14:11:18","date_gmt":"2024-09-29T06:11:18","guid":{"rendered":"https:\/\/demo.dillerbottle.com\/products\/lily-of-the-valley-coffee-mug"},"modified":"2025-07-09T16:26:15","modified_gmt":"2025-07-09T08:26:15","slug":"maiglockchen-kaffeebecher","status":"publish","type":"product","link":"https:\/\/www.dillerbottle.com\/de\/products\/lily-of-the-valley-coffee-mug","title":{"rendered":"Maigl\u00f6ckchen Kaffeebecher"},"content":{"rendered":"<p>1. Das Innenfutter der Maigl\u00f6ckchen-Kaffeetasse besteht aus Edelstahl 316 und ist mit einer Keramikbeschichtung versehen, wodurch die Tasse korrosionsbest\u00e4ndiger und leichter zu reinigen ist. Sie kann bis zu 6\u201312 Stunden warm oder kalt bleiben.<\/p>\n<p>2. Der auslaufsichere Klappdeckel ist einfach, sicher und l\u00e4sst sich mit einer Hand bedienen. Kann direkt oder mit einem Strohhalm konsumiert werden. Das schmale Geh\u00e4usedesign erleichtert das Greifen und Mitnehmen und passt auch in die meisten Auto-Getr\u00e4nkehalter und Kaffeemaschinen.<\/p>\n<p>3. Ausgestattet mit modischen gewebten Seilen sieht es gut aus und ist beim Ausgehen bequem zu tragen. Der Becherdeckel ist mit einem eingebauten Silikonring ausgestattet, der keine Angst vor Wasserlecks hat, egal wie er platziert wird.<\/p>\n<p>4. Der K\u00f6rbchenk\u00f6rper ist mit Maigl\u00f6ckchen-Illustrationen gestaltet, elegant und edel, was ihn zu einem modischen Begleiter beim Ausgehen macht.<\/p>\n<p><iframe title=\"Maigl\u00f6ckchen-Kaffeebecher aus Edelstahl mit Keramikbeschichtung und Strohhalm, isoliert, MLH9164\" width=\"800\" height=\"450\" src=\"https:\/\/www.youtube.com\/embed\/bSJfw1_4gYE?feature=oembed\" frameborder=\"0\" allow=\"accelerometer; autoplay; clipboard-write; encrypted-media; gyroscope; picture-in-picture; web-share\" referrerpolicy=\"strict-origin-when-cross-origin\" allowfullscreen><\/iframe><\/p>","protected":false},"excerpt":{"rendered":"<p>Diese Kaffeetasse mit Maigl\u00f6ckchenmotiv ist aus robustem 316er Edelstahl und lebensmittelechten Materialien gefertigt.<br \/>\nDieser Becher kann den Inhalt bis zu 6 Stunden lang hei\u00df oder eiskalt halten.<br \/>\nDer auslaufsichere Klappdeckel l\u00e4sst sich einfach, sicher und problemlos mit einer Hand bedienen.<br \/>\nKann direkt oder durch einen Strohhalm konsumiert werden.<br \/>\nDurch das schmale Geh\u00e4usedesign l\u00e4sst es sich leicht greifen und mitnehmen und passt auch in die meisten Getr\u00e4nkehalter und Kaffeemaschinen im Auto.<br \/>\nOEM und ODM akzeptabel.<br \/>\nWir k\u00f6nnen die Kaffeetasse nach Ihren W\u00fcnschen individualisieren.<br \/>\nWillkommen beim Gro\u00dfhandelskauf, senden Sie jetzt eine Anfrage!<\/p>","protected":false},"featured_media":8009,"comment_status":"open","ping_status":"closed","template":"","meta":{"_acf_changed":false},"product_brand":[],"product_cat":[18],"product_tag":[32,690,36,33,31,39,38,711,710,29,37,687,34,35,700,712,28,544,30],"class_list":{"0":"post-8008","1":"product","2":"type-product","3":"status-publish","4":"has-post-thumbnail","6":"product_cat-insulated-water-bottle","7":"product_tag-best","8":"product_tag-bottle-water","9":"product_tag-bulk","10":"product_tag-buy","11":"product_tag-custom","12":"product_tag-for-sale","13":"product_tag-good-quality","14":"product_tag-insulated-stainless-steel-water-bottle","15":"product_tag-lily-of-the-valley-coffee-mug","16":"product_tag-manufacturers","17":"product_tag-manufacturing","18":"product_tag-oem-stainless-steel-water-bottle-with-custom-logo","19":"product_tag-price","20":"product_tag-small","21":"product_tag-soft-water-bottle","22":"product_tag-steel-vacuum-water-sport-bottles-with-handle","23":"product_tag-suppliers","24":"product_tag-water-bottle-handle-lifter","25":"product_tag-wholesale","27":"first","28":"instock","29":"shipping-taxable","30":"product-type-simple"},"acf":[],"yoast_head":"<!-- This site is optimized with the Yoast SEO Premium plugin v27.4 (Yoast SEO v27.4) - https:\/\/yoast.com\/product\/yoast-seo-premium-wordpress\/ -->\n<title>Lily Of The Valley Coffee Mug - Diller Water Bottle Manufacturer<\/title>\n<meta name=\"description\" content=\"As one of the best lily of the valley coffee mug manufacturers and suppliers, we are engaged in manufacturing good quality water bottles. We warmly welcome you to wholesale or buy custom made lily of the valley coffee mug at competitive price from us. Also, small quantity orders are acceptable.\" \/>\n<meta name=\"robots\" content=\"index, follow, max-snippet:-1, max-image-preview:large, max-video-preview:-1\" \/>\n<link rel=\"canonical\" href=\"https:\/\/www.dillerbottle.com\/de\/produkte\/maiglockchen-kaffeebecher\" \/>\n<meta property=\"og:locale\" content=\"de_DE\" \/>\n<meta property=\"og:type\" content=\"article\" \/>\n<meta property=\"og:title\" content=\"Lily Of The Valley Coffee Mug\" \/>\n<meta property=\"og:description\" content=\"As one of the best lily of the valley coffee mug manufacturers and suppliers, we are engaged in manufacturing good quality water bottles. We warmly welcome you to wholesale or buy custom made lily of the valley coffee mug at competitive price from us. Also, small quantity orders are acceptable.\" \/>\n<meta property=\"og:url\" content=\"https:\/\/www.dillerbottle.com\/de\/produkte\/maiglockchen-kaffeebecher\" \/>\n<meta property=\"og:site_name\" content=\"Diller Water Bottle Manufacturer\" \/>\n<meta property=\"article:modified_time\" content=\"2025-07-09T08:26:15+00:00\" \/>\n<meta property=\"og:image\" content=\"https:\/\/www.dillerbottle.com\/wp-content\/uploads\/2024\/09\/lily-of-the-valley-coffee-mugb182d948-94d1-4887-9358-7aa7b07693ac.jpg\" \/>\n\t<meta property=\"og:image:width\" content=\"800\" \/>\n\t<meta property=\"og:image:height\" content=\"800\" \/>\n\t<meta property=\"og:image:type\" content=\"image\/jpeg\" \/>\n<meta name=\"twitter:card\" content=\"summary_large_image\" \/>\n<meta name=\"twitter:label1\" content=\"Gesch\u00e4tzte Lesezeit\" \/>\n\t<meta name=\"twitter:data1\" content=\"7\u00a0Minuten\" \/>\n<script type=\"application\/ld+json\" class=\"yoast-schema-graph\">{\"@context\":\"https:\\\/\\\/schema.org\",\"@graph\":[{\"@type\":\"WebPage\",\"@id\":\"https:\\\/\\\/www.dillerbottle.com\\\/th\\\/%e0%b8%aa%e0%b8%b4%e0%b8%99%e0%b8%84%e0%b9%89%e0%b8%b2\\\/%e0%b9%81%e0%b8%81%e0%b9%89%e0%b8%a7%e0%b8%81%e0%b8%b2%e0%b9%81%e0%b8%9f%e0%b8%94%e0%b8%ad%e0%b8%81%e0%b8%a5%e0%b8%b4%e0%b8%a5%e0%b8%a5%e0%b8%b5%e0%b9%88%e0%b8%ad%e0%b8%ad%e0%b8%9f%e0%b9%80%e0%b8%94\",\"url\":\"https:\\\/\\\/www.dillerbottle.com\\\/th\\\/%e0%b8%aa%e0%b8%b4%e0%b8%99%e0%b8%84%e0%b9%89%e0%b8%b2\\\/%e0%b9%81%e0%b8%81%e0%b9%89%e0%b8%a7%e0%b8%81%e0%b8%b2%e0%b9%81%e0%b8%9f%e0%b8%94%e0%b8%ad%e0%b8%81%e0%b8%a5%e0%b8%b4%e0%b8%a5%e0%b8%a5%e0%b8%b5%e0%b9%88%e0%b8%ad%e0%b8%ad%e0%b8%9f%e0%b9%80%e0%b8%94\",\"name\":\"Lily Of The Valley Coffee Mug - Diller Water Bottle Manufacturer\",\"isPartOf\":{\"@id\":\"https:\\\/\\\/www.dillerbottle.com\\\/#website\"},\"primaryImageOfPage\":{\"@id\":\"https:\\\/\\\/www.dillerbottle.com\\\/th\\\/%e0%b8%aa%e0%b8%b4%e0%b8%99%e0%b8%84%e0%b9%89%e0%b8%b2\\\/%e0%b9%81%e0%b8%81%e0%b9%89%e0%b8%a7%e0%b8%81%e0%b8%b2%e0%b9%81%e0%b8%9f%e0%b8%94%e0%b8%ad%e0%b8%81%e0%b8%a5%e0%b8%b4%e0%b8%a5%e0%b8%a5%e0%b8%b5%e0%b9%88%e0%b8%ad%e0%b8%ad%e0%b8%9f%e0%b9%80%e0%b8%94#primaryimage\"},\"image\":{\"@id\":\"https:\\\/\\\/www.dillerbottle.com\\\/th\\\/%e0%b8%aa%e0%b8%b4%e0%b8%99%e0%b8%84%e0%b9%89%e0%b8%b2\\\/%e0%b9%81%e0%b8%81%e0%b9%89%e0%b8%a7%e0%b8%81%e0%b8%b2%e0%b9%81%e0%b8%9f%e0%b8%94%e0%b8%ad%e0%b8%81%e0%b8%a5%e0%b8%b4%e0%b8%a5%e0%b8%a5%e0%b8%b5%e0%b9%88%e0%b8%ad%e0%b8%ad%e0%b8%9f%e0%b9%80%e0%b8%94#primaryimage\"},\"thumbnailUrl\":\"https:\\\/\\\/www.dillerbottle.com\\\/wp-content\\\/uploads\\\/2024\\\/09\\\/lily-of-the-valley-coffee-mugb182d948-94d1-4887-9358-7aa7b07693ac.jpg\",\"datePublished\":\"2024-09-29T06:11:18+00:00\",\"dateModified\":\"2025-07-09T08:26:15+00:00\",\"description\":\"As one of the best lily of the valley coffee mug manufacturers and suppliers, we are engaged in manufacturing good quality water bottles. We warmly welcome you to wholesale or buy custom made lily of the valley coffee mug at competitive price from us. Also, small quantity orders are acceptable.\",\"breadcrumb\":{\"@id\":\"https:\\\/\\\/www.dillerbottle.com\\\/th\\\/%e0%b8%aa%e0%b8%b4%e0%b8%99%e0%b8%84%e0%b9%89%e0%b8%b2\\\/%e0%b9%81%e0%b8%81%e0%b9%89%e0%b8%a7%e0%b8%81%e0%b8%b2%e0%b9%81%e0%b8%9f%e0%b8%94%e0%b8%ad%e0%b8%81%e0%b8%a5%e0%b8%b4%e0%b8%a5%e0%b8%a5%e0%b8%b5%e0%b9%88%e0%b8%ad%e0%b8%ad%e0%b8%9f%e0%b9%80%e0%b8%94#breadcrumb\"},\"inLanguage\":\"de\",\"potentialAction\":[{\"@type\":\"ReadAction\",\"target\":[\"https:\\\/\\\/www.dillerbottle.com\\\/th\\\/%e0%b8%aa%e0%b8%b4%e0%b8%99%e0%b8%84%e0%b9%89%e0%b8%b2\\\/%e0%b9%81%e0%b8%81%e0%b9%89%e0%b8%a7%e0%b8%81%e0%b8%b2%e0%b9%81%e0%b8%9f%e0%b8%94%e0%b8%ad%e0%b8%81%e0%b8%a5%e0%b8%b4%e0%b8%a5%e0%b8%a5%e0%b8%b5%e0%b9%88%e0%b8%ad%e0%b8%ad%e0%b8%9f%e0%b9%80%e0%b8%94\"]}]},{\"@type\":\"ImageObject\",\"inLanguage\":\"de\",\"@id\":\"https:\\\/\\\/www.dillerbottle.com\\\/th\\\/%e0%b8%aa%e0%b8%b4%e0%b8%99%e0%b8%84%e0%b9%89%e0%b8%b2\\\/%e0%b9%81%e0%b8%81%e0%b9%89%e0%b8%a7%e0%b8%81%e0%b8%b2%e0%b9%81%e0%b8%9f%e0%b8%94%e0%b8%ad%e0%b8%81%e0%b8%a5%e0%b8%b4%e0%b8%a5%e0%b8%a5%e0%b8%b5%e0%b9%88%e0%b8%ad%e0%b8%ad%e0%b8%9f%e0%b9%80%e0%b8%94#primaryimage\",\"url\":\"https:\\\/\\\/www.dillerbottle.com\\\/wp-content\\\/uploads\\\/2024\\\/09\\\/lily-of-the-valley-coffee-mugb182d948-94d1-4887-9358-7aa7b07693ac.jpg\",\"contentUrl\":\"https:\\\/\\\/www.dillerbottle.com\\\/wp-content\\\/uploads\\\/2024\\\/09\\\/lily-of-the-valley-coffee-mugb182d948-94d1-4887-9358-7aa7b07693ac.jpg\",\"width\":800,\"height\":800},{\"@type\":\"BreadcrumbList\",\"@id\":\"https:\\\/\\\/www.dillerbottle.com\\\/th\\\/%e0%b8%aa%e0%b8%b4%e0%b8%99%e0%b8%84%e0%b9%89%e0%b8%b2\\\/%e0%b9%81%e0%b8%81%e0%b9%89%e0%b8%a7%e0%b8%81%e0%b8%b2%e0%b9%81%e0%b8%9f%e0%b8%94%e0%b8%ad%e0%b8%81%e0%b8%a5%e0%b8%b4%e0%b8%a5%e0%b8%a5%e0%b8%b5%e0%b9%88%e0%b8%ad%e0%b8%ad%e0%b8%9f%e0%b9%80%e0%b8%94#breadcrumb\",\"itemListElement\":[{\"@type\":\"ListItem\",\"position\":1,\"name\":\"Home\",\"item\":\"https:\\\/\\\/www.dillerbottle.com\\\/\"},{\"@type\":\"ListItem\",\"position\":2,\"name\":\"Products\",\"item\":\"https:\\\/\\\/www.dillerbottle.com\\\/shop\"},{\"@type\":\"ListItem\",\"position\":3,\"name\":\"Lily Of The Valley Coffee Mug\"}]},{\"@type\":\"WebSite\",\"@id\":\"https:\\\/\\\/www.dillerbottle.com\\\/#website\",\"url\":\"https:\\\/\\\/www.dillerbottle.com\\\/\",\"name\":\"Diller Water Bottle Manufacturer\",\"description\":\"Water Bottle Manufacturer\",\"publisher\":{\"@id\":\"https:\\\/\\\/www.dillerbottle.com\\\/#organization\"},\"potentialAction\":[{\"@type\":\"SearchAction\",\"target\":{\"@type\":\"EntryPoint\",\"urlTemplate\":\"https:\\\/\\\/www.dillerbottle.com\\\/?s={search_term_string}\"},\"query-input\":{\"@type\":\"PropertyValueSpecification\",\"valueRequired\":true,\"valueName\":\"search_term_string\"}}],\"inLanguage\":\"de\"},{\"@type\":\"Organization\",\"@id\":\"https:\\\/\\\/www.dillerbottle.com\\\/#organization\",\"name\":\"Diller Water Bottle Manufacturer\",\"url\":\"https:\\\/\\\/www.dillerbottle.com\\\/\",\"logo\":{\"@type\":\"ImageObject\",\"inLanguage\":\"de\",\"@id\":\"https:\\\/\\\/www.dillerbottle.com\\\/#\\\/schema\\\/logo\\\/image\\\/\",\"url\":\"https:\\\/\\\/www.dillerbottle.com\\\/wp-content\\\/uploads\\\/2024\\\/09\\\/49918bfa848dcc1e9f8b509933603ac.png\",\"contentUrl\":\"https:\\\/\\\/www.dillerbottle.com\\\/wp-content\\\/uploads\\\/2024\\\/09\\\/49918bfa848dcc1e9f8b509933603ac.png\",\"width\":988,\"height\":198,\"caption\":\"Diller Water Bottle Manufacturer\"},\"image\":{\"@id\":\"https:\\\/\\\/www.dillerbottle.com\\\/#\\\/schema\\\/logo\\\/image\\\/\"}}]}<\/script>\n<!-- \/ Yoast SEO Premium plugin. -->","yoast_head_json":{"title":"Maigl\u00f6ckchen-Kaffeetasse - Diller Wasserflaschenhersteller","description":"Als einer der besten Hersteller und Lieferanten von Maigl\u00f6ckchen-Kaffeetassen sind wir auf die Herstellung hochwertiger Wasserflaschen spezialisiert. Wir hei\u00dfen Sie herzlich willkommen, Maigl\u00f6ckchen-Kaffeetassen im Gro\u00dfhandel zu kaufen oder zu wettbewerbsf\u00e4higen Preisen bei uns zu bestellen. Auch Bestellungen in kleinen Mengen sind m\u00f6glich.","robots":{"index":"index","follow":"follow","max-snippet":"max-snippet:-1","max-image-preview":"max-image-preview:large","max-video-preview":"max-video-preview:-1"},"canonical":"https:\/\/www.dillerbottle.com\/de\/produkte\/maiglockchen-kaffeebecher","og_locale":"de_DE","og_type":"article","og_title":"Lily Of The Valley Coffee Mug","og_description":"As one of the best lily of the valley coffee mug manufacturers and suppliers, we are engaged in manufacturing good quality water bottles. We warmly welcome you to wholesale or buy custom made lily of the valley coffee mug at competitive price from us. Also, small quantity orders are acceptable.","og_url":"https:\/\/www.dillerbottle.com\/de\/produkte\/maiglockchen-kaffeebecher","og_site_name":"Diller Water Bottle Manufacturer","article_modified_time":"2025-07-09T08:26:15+00:00","og_image":[{"width":800,"height":800,"url":"https:\/\/www.dillerbottle.com\/wp-content\/uploads\/2024\/09\/lily-of-the-valley-coffee-mugb182d948-94d1-4887-9358-7aa7b07693ac.jpg","type":"image\/jpeg"}],"twitter_card":"summary_large_image","twitter_misc":{"Gesch\u00e4tzte Lesezeit":"7\u00a0Minuten"},"schema":{"@context":"https:\/\/schema.org","@graph":[{"@type":"WebPage","@id":"https:\/\/www.dillerbottle.com\/th\/%e0%b8%aa%e0%b8%b4%e0%b8%99%e0%b8%84%e0%b9%89%e0%b8%b2\/%e0%b9%81%e0%b8%81%e0%b9%89%e0%b8%a7%e0%b8%81%e0%b8%b2%e0%b9%81%e0%b8%9f%e0%b8%94%e0%b8%ad%e0%b8%81%e0%b8%a5%e0%b8%b4%e0%b8%a5%e0%b8%a5%e0%b8%b5%e0%b9%88%e0%b8%ad%e0%b8%ad%e0%b8%9f%e0%b9%80%e0%b8%94","url":"https:\/\/www.dillerbottle.com\/th\/%e0%b8%aa%e0%b8%b4%e0%b8%99%e0%b8%84%e0%b9%89%e0%b8%b2\/%e0%b9%81%e0%b8%81%e0%b9%89%e0%b8%a7%e0%b8%81%e0%b8%b2%e0%b9%81%e0%b8%9f%e0%b8%94%e0%b8%ad%e0%b8%81%e0%b8%a5%e0%b8%b4%e0%b8%a5%e0%b8%a5%e0%b8%b5%e0%b9%88%e0%b8%ad%e0%b8%ad%e0%b8%9f%e0%b9%80%e0%b8%94","name":"Maigl\u00f6ckchen-Kaffeetasse - Diller Wasserflaschenhersteller","isPartOf":{"@id":"https:\/\/www.dillerbottle.com\/#website"},"primaryImageOfPage":{"@id":"https:\/\/www.dillerbottle.com\/th\/%e0%b8%aa%e0%b8%b4%e0%b8%99%e0%b8%84%e0%b9%89%e0%b8%b2\/%e0%b9%81%e0%b8%81%e0%b9%89%e0%b8%a7%e0%b8%81%e0%b8%b2%e0%b9%81%e0%b8%9f%e0%b8%94%e0%b8%ad%e0%b8%81%e0%b8%a5%e0%b8%b4%e0%b8%a5%e0%b8%a5%e0%b8%b5%e0%b9%88%e0%b8%ad%e0%b8%ad%e0%b8%9f%e0%b9%80%e0%b8%94#primaryimage"},"image":{"@id":"https:\/\/www.dillerbottle.com\/th\/%e0%b8%aa%e0%b8%b4%e0%b8%99%e0%b8%84%e0%b9%89%e0%b8%b2\/%e0%b9%81%e0%b8%81%e0%b9%89%e0%b8%a7%e0%b8%81%e0%b8%b2%e0%b9%81%e0%b8%9f%e0%b8%94%e0%b8%ad%e0%b8%81%e0%b8%a5%e0%b8%b4%e0%b8%a5%e0%b8%a5%e0%b8%b5%e0%b9%88%e0%b8%ad%e0%b8%ad%e0%b8%9f%e0%b9%80%e0%b8%94#primaryimage"},"thumbnailUrl":"https:\/\/www.dillerbottle.com\/wp-content\/uploads\/2024\/09\/lily-of-the-valley-coffee-mugb182d948-94d1-4887-9358-7aa7b07693ac.jpg","datePublished":"2024-09-29T06:11:18+00:00","dateModified":"2025-07-09T08:26:15+00:00","description":"Als einer der besten Hersteller und Lieferanten von Maigl\u00f6ckchen-Kaffeetassen sind wir auf die Herstellung hochwertiger Wasserflaschen spezialisiert. Wir hei\u00dfen Sie herzlich willkommen, Maigl\u00f6ckchen-Kaffeetassen im Gro\u00dfhandel zu kaufen oder zu wettbewerbsf\u00e4higen Preisen bei uns zu bestellen. Auch Bestellungen in kleinen Mengen sind m\u00f6glich.","breadcrumb":{"@id":"https:\/\/www.dillerbottle.com\/th\/%e0%b8%aa%e0%b8%b4%e0%b8%99%e0%b8%84%e0%b9%89%e0%b8%b2\/%e0%b9%81%e0%b8%81%e0%b9%89%e0%b8%a7%e0%b8%81%e0%b8%b2%e0%b9%81%e0%b8%9f%e0%b8%94%e0%b8%ad%e0%b8%81%e0%b8%a5%e0%b8%b4%e0%b8%a5%e0%b8%a5%e0%b8%b5%e0%b9%88%e0%b8%ad%e0%b8%ad%e0%b8%9f%e0%b9%80%e0%b8%94#breadcrumb"},"inLanguage":"de","potentialAction":[{"@type":"ReadAction","target":["https:\/\/www.dillerbottle.com\/th\/%e0%b8%aa%e0%b8%b4%e0%b8%99%e0%b8%84%e0%b9%89%e0%b8%b2\/%e0%b9%81%e0%b8%81%e0%b9%89%e0%b8%a7%e0%b8%81%e0%b8%b2%e0%b9%81%e0%b8%9f%e0%b8%94%e0%b8%ad%e0%b8%81%e0%b8%a5%e0%b8%b4%e0%b8%a5%e0%b8%a5%e0%b8%b5%e0%b9%88%e0%b8%ad%e0%b8%ad%e0%b8%9f%e0%b9%80%e0%b8%94"]}]},{"@type":"ImageObject","inLanguage":"de","@id":"https:\/\/www.dillerbottle.com\/th\/%e0%b8%aa%e0%b8%b4%e0%b8%99%e0%b8%84%e0%b9%89%e0%b8%b2\/%e0%b9%81%e0%b8%81%e0%b9%89%e0%b8%a7%e0%b8%81%e0%b8%b2%e0%b9%81%e0%b8%9f%e0%b8%94%e0%b8%ad%e0%b8%81%e0%b8%a5%e0%b8%b4%e0%b8%a5%e0%b8%a5%e0%b8%b5%e0%b9%88%e0%b8%ad%e0%b8%ad%e0%b8%9f%e0%b9%80%e0%b8%94#primaryimage","url":"https:\/\/www.dillerbottle.com\/wp-content\/uploads\/2024\/09\/lily-of-the-valley-coffee-mugb182d948-94d1-4887-9358-7aa7b07693ac.jpg","contentUrl":"https:\/\/www.dillerbottle.com\/wp-content\/uploads\/2024\/09\/lily-of-the-valley-coffee-mugb182d948-94d1-4887-9358-7aa7b07693ac.jpg","width":800,"height":800},{"@type":"BreadcrumbList","@id":"https:\/\/www.dillerbottle.com\/th\/%e0%b8%aa%e0%b8%b4%e0%b8%99%e0%b8%84%e0%b9%89%e0%b8%b2\/%e0%b9%81%e0%b8%81%e0%b9%89%e0%b8%a7%e0%b8%81%e0%b8%b2%e0%b9%81%e0%b8%9f%e0%b8%94%e0%b8%ad%e0%b8%81%e0%b8%a5%e0%b8%b4%e0%b8%a5%e0%b8%a5%e0%b8%b5%e0%b9%88%e0%b8%ad%e0%b8%ad%e0%b8%9f%e0%b9%80%e0%b8%94#breadcrumb","itemListElement":[{"@type":"ListItem","position":1,"name":"Home","item":"https:\/\/www.dillerbottle.com\/"},{"@type":"ListItem","position":2,"name":"Products","item":"https:\/\/www.dillerbottle.com\/shop"},{"@type":"ListItem","position":3,"name":"Lily Of The Valley Coffee Mug"}]},{"@type":"WebSite","@id":"https:\/\/www.dillerbottle.com\/#website","url":"https:\/\/www.dillerbottle.com\/","name":"Diller Wasserflaschenhersteller","description":"Wasserflaschenhersteller","publisher":{"@id":"https:\/\/www.dillerbottle.com\/#organization"},"potentialAction":[{"@type":"SearchAction","target":{"@type":"EntryPoint","urlTemplate":"https:\/\/www.dillerbottle.com\/?s={search_term_string}"},"query-input":{"@type":"PropertyValueSpecification","valueRequired":true,"valueName":"search_term_string"}}],"inLanguage":"de"},{"@type":"Organization","@id":"https:\/\/www.dillerbottle.com\/#organization","name":"Diller Wasserflaschenhersteller","url":"https:\/\/www.dillerbottle.com\/","logo":{"@type":"ImageObject","inLanguage":"de","@id":"https:\/\/www.dillerbottle.com\/#\/schema\/logo\/image\/","url":"https:\/\/www.dillerbottle.com\/wp-content\/uploads\/2024\/09\/49918bfa848dcc1e9f8b509933603ac.png","contentUrl":"https:\/\/www.dillerbottle.com\/wp-content\/uploads\/2024\/09\/49918bfa848dcc1e9f8b509933603ac.png","width":988,"height":198,"caption":"Diller Water Bottle Manufacturer"},"image":{"@id":"https:\/\/www.dillerbottle.com\/#\/schema\/logo\/image\/"}}]}},"_links":{"self":[{"href":"https:\/\/www.dillerbottle.com\/de\/wp-json\/wp\/v2\/product\/8008","targetHints":{"allow":["GET"]}}],"collection":[{"href":"https:\/\/www.dillerbottle.com\/de\/wp-json\/wp\/v2\/product"}],"about":[{"href":"https:\/\/www.dillerbottle.com\/de\/wp-json\/wp\/v2\/types\/product"}],"replies":[{"embeddable":true,"href":"https:\/\/www.dillerbottle.com\/de\/wp-json\/wp\/v2\/comments?post=8008"}],"wp:featuredmedia":[{"embeddable":true,"href":"https:\/\/www.dillerbottle.com\/de\/wp-json\/wp\/v2\/media\/8009"}],"wp:attachment":[{"href":"https:\/\/www.dillerbottle.com\/de\/wp-json\/wp\/v2\/media?parent=8008"}],"wp:term":[{"taxonomy":"product_brand","embeddable":true,"href":"https:\/\/www.dillerbottle.com\/de\/wp-json\/wp\/v2\/product_brand?post=8008"},{"taxonomy":"product_cat","embeddable":true,"href":"https:\/\/www.dillerbottle.com\/de\/wp-json\/wp\/v2\/product_cat?post=8008"},{"taxonomy":"product_tag","embeddable":true,"href":"https:\/\/www.dillerbottle.com\/de\/wp-json\/wp\/v2\/product_tag?post=8008"}],"curies":[{"name":"wp","href":"https:\/\/api.w.org\/{rel}","templated":true}]}}