{"id":8298,"date":"2024-09-29T14:15:27","date_gmt":"2024-09-29T06:15:27","guid":{"rendered":"https:\/\/demo.dillerbottle.com\/products\/portable-insulated-travel-coffee-mug"},"modified":"2025-07-09T16:18:11","modified_gmt":"2025-07-09T08:18:11","slug":"tragbarer-isolierter-reisekaffeebecher","status":"publish","type":"product","link":"https:\/\/www.dillerbottle.com\/de\/products\/portable-insulated-travel-coffee-mug","title":{"rendered":"Tragbarer isolierter Reisekaffeebecher"},"content":{"rendered":"<p>Merkmale:<br \/>\n1. Der tragbare, isolierte Reisekaffeebecher ist aus hochwertigem, lebensmittelechtem 316-Leichtmetall-Edelstahl hergestellt, der 6\u201312 Stunden lang effektiv warm und kalt h\u00e4lt.<\/p>\n<p>2. Das Fassungsverm\u00f6gen betr\u00e4gt 1200 ml, was den t\u00e4glichen Wasserbedarf deckt, ohne dass mehrere Nachf\u00fcllungen erforderlich sind.<\/p>\n<p>3. der Deckel des Bechers ist mit einem Dichtungsring aus Silikon versehen, so dass Sie keine Angst haben m\u00fcssen, dass Wasser ausl\u00e4uft, egal wie Sie ihn handhaben. Kann direkt oder durch einen Strohhalm getrunken werden.<\/p>\n<p>4. Der Becherk\u00f6rper hat einen breiten Griff, sodass er beim Ausgehen bequemer zu tragen ist. Das Design mit breiter Oberseite und schmaler Unterseite ist f\u00fcr die meisten Auto-Becherhalter geeignet. Modisches kontrastierendes Farbdesign, auff\u00e4lliger.<\/p>\n<p><iframe title=\"Ma\u00dfgeschneiderte Edelstahl-Wasserflasche, Thermo-Reisebecher, Becher, 40 oz, mit Griff, MLH9139\" width=\"800\" height=\"450\" src=\"https:\/\/www.youtube.com\/embed\/8f23HvMltr0?feature=oembed\" frameborder=\"0\" allow=\"accelerometer; autoplay; clipboard-write; encrypted-media; gyroscope; picture-in-picture; web-share\" referrerpolicy=\"strict-origin-when-cross-origin\" allowfullscreen><\/iframe><\/p>","protected":false},"excerpt":{"rendered":"<p>Dieser tragbare, isolierte Reisekaffeebecher ist aus langlebigem 316-Edelstahl und lebensmittelechten Materialien gefertigt.<br \/>\nDieser Becher kann den Inhalt bis zu 6 Stunden lang hei\u00df oder eiskalt halten.<br \/>\nDer Henkel am Tassenk\u00f6rper erleichtert das Tragen der Tasse.<br \/>\nDie gro\u00dfe \u00d6ffnung des Bechers erleichtert das Einf\u00fcllen von Eis und die Reinigung.<br \/>\nModisches Kontrastfarbdesign, auff\u00e4lliger.<br \/>\nOEM und ODM akzeptabel.<br \/>\nWir k\u00f6nnen die Kaffeetasse nach Ihren W\u00fcnschen personalisieren.<br \/>\nWillkommen beim Gro\u00dfhandelskauf, senden Sie jetzt eine Anfrage!<\/p>","protected":false},"featured_media":8299,"comment_status":"open","ping_status":"closed","template":"","meta":{"_acf_changed":false},"product_brand":[],"product_cat":[18],"product_tag":[32,36,33,31,555,39,38,29,37,744,746,743,34,35,704,747,28,745,30],"class_list":{"0":"post-8298","1":"product","2":"type-product","3":"status-publish","4":"has-post-thumbnail","6":"product_cat-insulated-water-bottle","7":"product_tag-best","8":"product_tag-bulk","9":"product_tag-buy","10":"product_tag-custom","11":"product_tag-double-walled-insulated-water-bottle","12":"product_tag-for-sale","13":"product_tag-good-quality","14":"product_tag-manufacturers","15":"product_tag-manufacturing","16":"product_tag-oem-water-bottle","17":"product_tag-oem-water-bottle-thermal-flask-vacuum-water-bottle","18":"product_tag-portable-insulated-travel-coffee-mug","19":"product_tag-price","20":"product_tag-small","21":"product_tag-steel-vacuum-insulated-water-bottle-outdoor","22":"product_tag-steel-water-drinking-bottle-with-handgrip","23":"product_tag-suppliers","24":"product_tag-vacuum-insulated-water-bottle","25":"product_tag-wholesale","27":"first","28":"instock","29":"shipping-taxable","30":"product-type-simple"},"acf":[],"yoast_head":"<!-- This site is optimized with the Yoast SEO Premium plugin v27.5 (Yoast SEO v27.5) - https:\/\/yoast.com\/product\/yoast-seo-premium-wordpress\/ -->\n<title>Portable Insulated Travel Coffee Mug - Diller Water Bottle Manufacturer<\/title>\n<meta name=\"description\" content=\"As one of the best portable insulated travel coffee mug manufacturers and suppliers, we are engaged in manufacturing good quality water bottles. We warmly welcome you to wholesale or buy custom made portable insulated travel coffee mug at competitive price from us. Also, small quantity orders are acceptable.\" \/>\n<meta name=\"robots\" content=\"index, follow, max-snippet:-1, max-image-preview:large, max-video-preview:-1\" \/>\n<link rel=\"canonical\" href=\"https:\/\/www.dillerbottle.com\/de\/produkte\/tragbarer-isolierter-reisekaffeebecher\" \/>\n<meta property=\"og:locale\" content=\"de_DE\" \/>\n<meta property=\"og:type\" content=\"article\" \/>\n<meta property=\"og:title\" content=\"Portable Insulated Travel Coffee Mug\" \/>\n<meta property=\"og:description\" content=\"As one of the best portable insulated travel coffee mug manufacturers and suppliers, we are engaged in manufacturing good quality water bottles. We warmly welcome you to wholesale or buy custom made portable insulated travel coffee mug at competitive price from us. Also, small quantity orders are acceptable.\" \/>\n<meta property=\"og:url\" content=\"https:\/\/www.dillerbottle.com\/de\/produkte\/tragbarer-isolierter-reisekaffeebecher\" \/>\n<meta property=\"og:site_name\" content=\"Diller Water Bottle Manufacturer\" \/>\n<meta property=\"article:modified_time\" content=\"2025-07-09T08:18:11+00:00\" \/>\n<meta property=\"og:image\" content=\"https:\/\/www.dillerbottle.com\/wp-content\/uploads\/2024\/09\/portable-insulated-travel-coffee-mug0aeb9535-cef6-41f0-98fe-95014d8cb87a.jpg\" \/>\n\t<meta property=\"og:image:width\" content=\"800\" \/>\n\t<meta property=\"og:image:height\" content=\"800\" \/>\n\t<meta property=\"og:image:type\" content=\"image\/jpeg\" \/>\n<meta name=\"twitter:card\" content=\"summary_large_image\" \/>\n<meta name=\"twitter:label1\" content=\"Gesch\u00e4tzte Lesezeit\" \/>\n\t<meta name=\"twitter:data1\" content=\"5\u00a0Minuten\" \/>\n<script type=\"application\/ld+json\" class=\"yoast-schema-graph\">{\"@context\":\"https:\\\/\\\/schema.org\",\"@graph\":[{\"@type\":\"WebPage\",\"@id\":\"https:\\\/\\\/www.dillerbottle.com\\\/ru\\\/%d0%bf%d1%80%d0%be%d0%b4%d1%83%d0%ba%d1%82%d1%8b\\\/%d0%bf%d0%b5%d1%80%d0%b5%d0%bd%d0%be%d1%81%d0%bd%d0%b0%d1%8f-%d1%82%d0%b5%d1%80%d0%bc%d0%be%d0%ba%d1%80%d1%83%d0%b6%d0%ba%d0%b0-%d0%b4%d0%bb%d1%8f-%d0%ba%d0%be%d1%84%d0%b5\",\"url\":\"https:\\\/\\\/www.dillerbottle.com\\\/ru\\\/%d0%bf%d1%80%d0%be%d0%b4%d1%83%d0%ba%d1%82%d1%8b\\\/%d0%bf%d0%b5%d1%80%d0%b5%d0%bd%d0%be%d1%81%d0%bd%d0%b0%d1%8f-%d1%82%d0%b5%d1%80%d0%bc%d0%be%d0%ba%d1%80%d1%83%d0%b6%d0%ba%d0%b0-%d0%b4%d0%bb%d1%8f-%d0%ba%d0%be%d1%84%d0%b5\",\"name\":\"Portable Insulated Travel Coffee Mug - Diller Water Bottle Manufacturer\",\"isPartOf\":{\"@id\":\"https:\\\/\\\/www.dillerbottle.com\\\/#website\"},\"primaryImageOfPage\":{\"@id\":\"https:\\\/\\\/www.dillerbottle.com\\\/ru\\\/%d0%bf%d1%80%d0%be%d0%b4%d1%83%d0%ba%d1%82%d1%8b\\\/%d0%bf%d0%b5%d1%80%d0%b5%d0%bd%d0%be%d1%81%d0%bd%d0%b0%d1%8f-%d1%82%d0%b5%d1%80%d0%bc%d0%be%d0%ba%d1%80%d1%83%d0%b6%d0%ba%d0%b0-%d0%b4%d0%bb%d1%8f-%d0%ba%d0%be%d1%84%d0%b5#primaryimage\"},\"image\":{\"@id\":\"https:\\\/\\\/www.dillerbottle.com\\\/ru\\\/%d0%bf%d1%80%d0%be%d0%b4%d1%83%d0%ba%d1%82%d1%8b\\\/%d0%bf%d0%b5%d1%80%d0%b5%d0%bd%d0%be%d1%81%d0%bd%d0%b0%d1%8f-%d1%82%d0%b5%d1%80%d0%bc%d0%be%d0%ba%d1%80%d1%83%d0%b6%d0%ba%d0%b0-%d0%b4%d0%bb%d1%8f-%d0%ba%d0%be%d1%84%d0%b5#primaryimage\"},\"thumbnailUrl\":\"https:\\\/\\\/www.dillerbottle.com\\\/wp-content\\\/uploads\\\/2024\\\/09\\\/portable-insulated-travel-coffee-mug0aeb9535-cef6-41f0-98fe-95014d8cb87a.jpg\",\"datePublished\":\"2024-09-29T06:15:27+00:00\",\"dateModified\":\"2025-07-09T08:18:11+00:00\",\"description\":\"As one of the best portable insulated travel coffee mug manufacturers and suppliers, we are engaged in manufacturing good quality water bottles. We warmly welcome you to wholesale or buy custom made portable insulated travel coffee mug at competitive price from us. Also, small quantity orders are acceptable.\",\"breadcrumb\":{\"@id\":\"https:\\\/\\\/www.dillerbottle.com\\\/ru\\\/%d0%bf%d1%80%d0%be%d0%b4%d1%83%d0%ba%d1%82%d1%8b\\\/%d0%bf%d0%b5%d1%80%d0%b5%d0%bd%d0%be%d1%81%d0%bd%d0%b0%d1%8f-%d1%82%d0%b5%d1%80%d0%bc%d0%be%d0%ba%d1%80%d1%83%d0%b6%d0%ba%d0%b0-%d0%b4%d0%bb%d1%8f-%d0%ba%d0%be%d1%84%d0%b5#breadcrumb\"},\"inLanguage\":\"de\",\"potentialAction\":[{\"@type\":\"ReadAction\",\"target\":[\"https:\\\/\\\/www.dillerbottle.com\\\/ru\\\/%d0%bf%d1%80%d0%be%d0%b4%d1%83%d0%ba%d1%82%d1%8b\\\/%d0%bf%d0%b5%d1%80%d0%b5%d0%bd%d0%be%d1%81%d0%bd%d0%b0%d1%8f-%d1%82%d0%b5%d1%80%d0%bc%d0%be%d0%ba%d1%80%d1%83%d0%b6%d0%ba%d0%b0-%d0%b4%d0%bb%d1%8f-%d0%ba%d0%be%d1%84%d0%b5\"]}]},{\"@type\":\"ImageObject\",\"inLanguage\":\"de\",\"@id\":\"https:\\\/\\\/www.dillerbottle.com\\\/ru\\\/%d0%bf%d1%80%d0%be%d0%b4%d1%83%d0%ba%d1%82%d1%8b\\\/%d0%bf%d0%b5%d1%80%d0%b5%d0%bd%d0%be%d1%81%d0%bd%d0%b0%d1%8f-%d1%82%d0%b5%d1%80%d0%bc%d0%be%d0%ba%d1%80%d1%83%d0%b6%d0%ba%d0%b0-%d0%b4%d0%bb%d1%8f-%d0%ba%d0%be%d1%84%d0%b5#primaryimage\",\"url\":\"https:\\\/\\\/www.dillerbottle.com\\\/wp-content\\\/uploads\\\/2024\\\/09\\\/portable-insulated-travel-coffee-mug0aeb9535-cef6-41f0-98fe-95014d8cb87a.jpg\",\"contentUrl\":\"https:\\\/\\\/www.dillerbottle.com\\\/wp-content\\\/uploads\\\/2024\\\/09\\\/portable-insulated-travel-coffee-mug0aeb9535-cef6-41f0-98fe-95014d8cb87a.jpg\",\"width\":800,\"height\":800},{\"@type\":\"BreadcrumbList\",\"@id\":\"https:\\\/\\\/www.dillerbottle.com\\\/ru\\\/%d0%bf%d1%80%d0%be%d0%b4%d1%83%d0%ba%d1%82%d1%8b\\\/%d0%bf%d0%b5%d1%80%d0%b5%d0%bd%d0%be%d1%81%d0%bd%d0%b0%d1%8f-%d1%82%d0%b5%d1%80%d0%bc%d0%be%d0%ba%d1%80%d1%83%d0%b6%d0%ba%d0%b0-%d0%b4%d0%bb%d1%8f-%d0%ba%d0%be%d1%84%d0%b5#breadcrumb\",\"itemListElement\":[{\"@type\":\"ListItem\",\"position\":1,\"name\":\"Home\",\"item\":\"https:\\\/\\\/www.dillerbottle.com\\\/\"},{\"@type\":\"ListItem\",\"position\":2,\"name\":\"Products\",\"item\":\"https:\\\/\\\/www.dillerbottle.com\\\/shop\"},{\"@type\":\"ListItem\",\"position\":3,\"name\":\"Portable Insulated Travel Coffee Mug\"}]},{\"@type\":\"WebSite\",\"@id\":\"https:\\\/\\\/www.dillerbottle.com\\\/#website\",\"url\":\"https:\\\/\\\/www.dillerbottle.com\\\/\",\"name\":\"Diller Water Bottle Manufacturer\",\"description\":\"Water Bottle Manufacturer\",\"publisher\":{\"@id\":\"https:\\\/\\\/www.dillerbottle.com\\\/#organization\"},\"potentialAction\":[{\"@type\":\"SearchAction\",\"target\":{\"@type\":\"EntryPoint\",\"urlTemplate\":\"https:\\\/\\\/www.dillerbottle.com\\\/?s={search_term_string}\"},\"query-input\":{\"@type\":\"PropertyValueSpecification\",\"valueRequired\":true,\"valueName\":\"search_term_string\"}}],\"inLanguage\":\"de\"},{\"@type\":\"Organization\",\"@id\":\"https:\\\/\\\/www.dillerbottle.com\\\/#organization\",\"name\":\"Diller Water Bottle Manufacturer\",\"url\":\"https:\\\/\\\/www.dillerbottle.com\\\/\",\"logo\":{\"@type\":\"ImageObject\",\"inLanguage\":\"de\",\"@id\":\"https:\\\/\\\/www.dillerbottle.com\\\/#\\\/schema\\\/logo\\\/image\\\/\",\"url\":\"https:\\\/\\\/www.dillerbottle.com\\\/wp-content\\\/uploads\\\/2024\\\/09\\\/49918bfa848dcc1e9f8b509933603ac.png\",\"contentUrl\":\"https:\\\/\\\/www.dillerbottle.com\\\/wp-content\\\/uploads\\\/2024\\\/09\\\/49918bfa848dcc1e9f8b509933603ac.png\",\"width\":988,\"height\":198,\"caption\":\"Diller Water Bottle Manufacturer\"},\"image\":{\"@id\":\"https:\\\/\\\/www.dillerbottle.com\\\/#\\\/schema\\\/logo\\\/image\\\/\"}}]}<\/script>\n<!-- \/ Yoast SEO Premium plugin. -->","yoast_head_json":{"title":"Tragbarer isolierter Reisekaffeebecher - Diller Wasserflaschenhersteller","description":"Als einer der besten Hersteller und Lieferanten von tragbaren, isolierten Kaffeebechern f\u00fcr unterwegs besch\u00e4ftigen wir uns mit der Herstellung hochwertiger Wasserflaschen. Wir hei\u00dfen Sie herzlich willkommen, bei uns tragbare, isolierte Kaffeebecher f\u00fcr unterwegs im Gro\u00dfhandel zu kaufen oder zu einem wettbewerbsf\u00e4higen Preis zu bestellen. Auch Bestellungen in kleinen Mengen sind akzeptabel.","robots":{"index":"index","follow":"follow","max-snippet":"max-snippet:-1","max-image-preview":"max-image-preview:large","max-video-preview":"max-video-preview:-1"},"canonical":"https:\/\/www.dillerbottle.com\/de\/produkte\/tragbarer-isolierter-reisekaffeebecher","og_locale":"de_DE","og_type":"article","og_title":"Portable Insulated Travel Coffee Mug","og_description":"As one of the best portable insulated travel coffee mug manufacturers and suppliers, we are engaged in manufacturing good quality water bottles. We warmly welcome you to wholesale or buy custom made portable insulated travel coffee mug at competitive price from us. Also, small quantity orders are acceptable.","og_url":"https:\/\/www.dillerbottle.com\/de\/produkte\/tragbarer-isolierter-reisekaffeebecher","og_site_name":"Diller Water Bottle Manufacturer","article_modified_time":"2025-07-09T08:18:11+00:00","og_image":[{"width":800,"height":800,"url":"https:\/\/www.dillerbottle.com\/wp-content\/uploads\/2024\/09\/portable-insulated-travel-coffee-mug0aeb9535-cef6-41f0-98fe-95014d8cb87a.jpg","type":"image\/jpeg"}],"twitter_card":"summary_large_image","twitter_misc":{"Gesch\u00e4tzte Lesezeit":"5\u00a0Minuten"},"schema":{"@context":"https:\/\/schema.org","@graph":[{"@type":"WebPage","@id":"https:\/\/www.dillerbottle.com\/ru\/%d0%bf%d1%80%d0%be%d0%b4%d1%83%d0%ba%d1%82%d1%8b\/%d0%bf%d0%b5%d1%80%d0%b5%d0%bd%d0%be%d1%81%d0%bd%d0%b0%d1%8f-%d1%82%d0%b5%d1%80%d0%bc%d0%be%d0%ba%d1%80%d1%83%d0%b6%d0%ba%d0%b0-%d0%b4%d0%bb%d1%8f-%d0%ba%d0%be%d1%84%d0%b5","url":"https:\/\/www.dillerbottle.com\/ru\/%d0%bf%d1%80%d0%be%d0%b4%d1%83%d0%ba%d1%82%d1%8b\/%d0%bf%d0%b5%d1%80%d0%b5%d0%bd%d0%be%d1%81%d0%bd%d0%b0%d1%8f-%d1%82%d0%b5%d1%80%d0%bc%d0%be%d0%ba%d1%80%d1%83%d0%b6%d0%ba%d0%b0-%d0%b4%d0%bb%d1%8f-%d0%ba%d0%be%d1%84%d0%b5","name":"Tragbarer isolierter Reisekaffeebecher - Diller Wasserflaschenhersteller","isPartOf":{"@id":"https:\/\/www.dillerbottle.com\/#website"},"primaryImageOfPage":{"@id":"https:\/\/www.dillerbottle.com\/ru\/%d0%bf%d1%80%d0%be%d0%b4%d1%83%d0%ba%d1%82%d1%8b\/%d0%bf%d0%b5%d1%80%d0%b5%d0%bd%d0%be%d1%81%d0%bd%d0%b0%d1%8f-%d1%82%d0%b5%d1%80%d0%bc%d0%be%d0%ba%d1%80%d1%83%d0%b6%d0%ba%d0%b0-%d0%b4%d0%bb%d1%8f-%d0%ba%d0%be%d1%84%d0%b5#primaryimage"},"image":{"@id":"https:\/\/www.dillerbottle.com\/ru\/%d0%bf%d1%80%d0%be%d0%b4%d1%83%d0%ba%d1%82%d1%8b\/%d0%bf%d0%b5%d1%80%d0%b5%d0%bd%d0%be%d1%81%d0%bd%d0%b0%d1%8f-%d1%82%d0%b5%d1%80%d0%bc%d0%be%d0%ba%d1%80%d1%83%d0%b6%d0%ba%d0%b0-%d0%b4%d0%bb%d1%8f-%d0%ba%d0%be%d1%84%d0%b5#primaryimage"},"thumbnailUrl":"https:\/\/www.dillerbottle.com\/wp-content\/uploads\/2024\/09\/portable-insulated-travel-coffee-mug0aeb9535-cef6-41f0-98fe-95014d8cb87a.jpg","datePublished":"2024-09-29T06:15:27+00:00","dateModified":"2025-07-09T08:18:11+00:00","description":"Als einer der besten Hersteller und Lieferanten von tragbaren, isolierten Kaffeebechern f\u00fcr unterwegs besch\u00e4ftigen wir uns mit der Herstellung hochwertiger Wasserflaschen. Wir hei\u00dfen Sie herzlich willkommen, bei uns tragbare, isolierte Kaffeebecher f\u00fcr unterwegs im Gro\u00dfhandel zu kaufen oder zu einem wettbewerbsf\u00e4higen Preis zu bestellen. Auch Bestellungen in kleinen Mengen sind akzeptabel.","breadcrumb":{"@id":"https:\/\/www.dillerbottle.com\/ru\/%d0%bf%d1%80%d0%be%d0%b4%d1%83%d0%ba%d1%82%d1%8b\/%d0%bf%d0%b5%d1%80%d0%b5%d0%bd%d0%be%d1%81%d0%bd%d0%b0%d1%8f-%d1%82%d0%b5%d1%80%d0%bc%d0%be%d0%ba%d1%80%d1%83%d0%b6%d0%ba%d0%b0-%d0%b4%d0%bb%d1%8f-%d0%ba%d0%be%d1%84%d0%b5#breadcrumb"},"inLanguage":"de","potentialAction":[{"@type":"ReadAction","target":["https:\/\/www.dillerbottle.com\/ru\/%d0%bf%d1%80%d0%be%d0%b4%d1%83%d0%ba%d1%82%d1%8b\/%d0%bf%d0%b5%d1%80%d0%b5%d0%bd%d0%be%d1%81%d0%bd%d0%b0%d1%8f-%d1%82%d0%b5%d1%80%d0%bc%d0%be%d0%ba%d1%80%d1%83%d0%b6%d0%ba%d0%b0-%d0%b4%d0%bb%d1%8f-%d0%ba%d0%be%d1%84%d0%b5"]}]},{"@type":"ImageObject","inLanguage":"de","@id":"https:\/\/www.dillerbottle.com\/ru\/%d0%bf%d1%80%d0%be%d0%b4%d1%83%d0%ba%d1%82%d1%8b\/%d0%bf%d0%b5%d1%80%d0%b5%d0%bd%d0%be%d1%81%d0%bd%d0%b0%d1%8f-%d1%82%d0%b5%d1%80%d0%bc%d0%be%d0%ba%d1%80%d1%83%d0%b6%d0%ba%d0%b0-%d0%b4%d0%bb%d1%8f-%d0%ba%d0%be%d1%84%d0%b5#primaryimage","url":"https:\/\/www.dillerbottle.com\/wp-content\/uploads\/2024\/09\/portable-insulated-travel-coffee-mug0aeb9535-cef6-41f0-98fe-95014d8cb87a.jpg","contentUrl":"https:\/\/www.dillerbottle.com\/wp-content\/uploads\/2024\/09\/portable-insulated-travel-coffee-mug0aeb9535-cef6-41f0-98fe-95014d8cb87a.jpg","width":800,"height":800},{"@type":"BreadcrumbList","@id":"https:\/\/www.dillerbottle.com\/ru\/%d0%bf%d1%80%d0%be%d0%b4%d1%83%d0%ba%d1%82%d1%8b\/%d0%bf%d0%b5%d1%80%d0%b5%d0%bd%d0%be%d1%81%d0%bd%d0%b0%d1%8f-%d1%82%d0%b5%d1%80%d0%bc%d0%be%d0%ba%d1%80%d1%83%d0%b6%d0%ba%d0%b0-%d0%b4%d0%bb%d1%8f-%d0%ba%d0%be%d1%84%d0%b5#breadcrumb","itemListElement":[{"@type":"ListItem","position":1,"name":"Home","item":"https:\/\/www.dillerbottle.com\/"},{"@type":"ListItem","position":2,"name":"Products","item":"https:\/\/www.dillerbottle.com\/shop"},{"@type":"ListItem","position":3,"name":"Portable Insulated Travel Coffee Mug"}]},{"@type":"WebSite","@id":"https:\/\/www.dillerbottle.com\/#website","url":"https:\/\/www.dillerbottle.com\/","name":"Diller Wasserflaschenhersteller","description":"Wasserflaschenhersteller","publisher":{"@id":"https:\/\/www.dillerbottle.com\/#organization"},"potentialAction":[{"@type":"SearchAction","target":{"@type":"EntryPoint","urlTemplate":"https:\/\/www.dillerbottle.com\/?s={search_term_string}"},"query-input":{"@type":"PropertyValueSpecification","valueRequired":true,"valueName":"search_term_string"}}],"inLanguage":"de"},{"@type":"Organization","@id":"https:\/\/www.dillerbottle.com\/#organization","name":"Diller Wasserflaschenhersteller","url":"https:\/\/www.dillerbottle.com\/","logo":{"@type":"ImageObject","inLanguage":"de","@id":"https:\/\/www.dillerbottle.com\/#\/schema\/logo\/image\/","url":"https:\/\/www.dillerbottle.com\/wp-content\/uploads\/2024\/09\/49918bfa848dcc1e9f8b509933603ac.png","contentUrl":"https:\/\/www.dillerbottle.com\/wp-content\/uploads\/2024\/09\/49918bfa848dcc1e9f8b509933603ac.png","width":988,"height":198,"caption":"Diller Water Bottle Manufacturer"},"image":{"@id":"https:\/\/www.dillerbottle.com\/#\/schema\/logo\/image\/"}}]}},"_links":{"self":[{"href":"https:\/\/www.dillerbottle.com\/de\/wp-json\/wp\/v2\/product\/8298","targetHints":{"allow":["GET"]}}],"collection":[{"href":"https:\/\/www.dillerbottle.com\/de\/wp-json\/wp\/v2\/product"}],"about":[{"href":"https:\/\/www.dillerbottle.com\/de\/wp-json\/wp\/v2\/types\/product"}],"replies":[{"embeddable":true,"href":"https:\/\/www.dillerbottle.com\/de\/wp-json\/wp\/v2\/comments?post=8298"}],"wp:featuredmedia":[{"embeddable":true,"href":"https:\/\/www.dillerbottle.com\/de\/wp-json\/wp\/v2\/media\/8299"}],"wp:attachment":[{"href":"https:\/\/www.dillerbottle.com\/de\/wp-json\/wp\/v2\/media?parent=8298"}],"wp:term":[{"taxonomy":"product_brand","embeddable":true,"href":"https:\/\/www.dillerbottle.com\/de\/wp-json\/wp\/v2\/product_brand?post=8298"},{"taxonomy":"product_cat","embeddable":true,"href":"https:\/\/www.dillerbottle.com\/de\/wp-json\/wp\/v2\/product_cat?post=8298"},{"taxonomy":"product_tag","embeddable":true,"href":"https:\/\/www.dillerbottle.com\/de\/wp-json\/wp\/v2\/product_tag?post=8298"}],"curies":[{"name":"wp","href":"https:\/\/api.w.org\/{rel}","templated":true}]}}