{"id":8415,"date":"2024-09-29T14:17:04","date_gmt":"2024-09-29T06:17:04","guid":{"rendered":"https:\/\/demo.dillerbottle.com\/products\/minimalist-insulated-coffee-mug"},"modified":"2025-07-09T16:17:37","modified_gmt":"2025-07-09T08:17:37","slug":"minimalistischer-isolierter-kaffeebecher","status":"publish","type":"product","link":"https:\/\/www.dillerbottle.com\/de\/products\/minimalist-insulated-coffee-mug","title":{"rendered":"Minimalistischer isolierter Kaffeebecher"},"content":{"rendered":"<p>1. Der Innenauskleidung des minimalistischen isolierten Kaffeebechers besteht aus 316 Edelstahl, der korrosionsbest\u00e4ndig und langlebiger ist. Er kann bis zu 6-12 Stunden warm oder kalt gehalten werden und kann das ganze Jahr \u00fcber verwendet werden.<\/p>\n<p>2. Der auslaufsichere Klappdeckel ist einfach, sicher und l\u00e4sst sich mit einer Hand bedienen. Kann direkt oder mit einem Strohhalm konsumiert werden. Das schmale Geh\u00e4usedesign erleichtert das Greifen und Mitnehmen und passt auch in die meisten Auto-Getr\u00e4nkehalter und Kaffeemaschinen.<\/p>\n<p>3. Ausgestattet mit modischen gewebten Seilen sieht es gut aus und ist beim Ausgehen bequem zu tragen. Der Becherdeckel ist mit einem eingebauten Silikonring ausgestattet, der keine Angst vor Wasserlecks hat, egal wie er platziert wird.<\/p>\n<p>OEM und ODM akzeptabel.<br \/>\nWir k\u00f6nnen den Kaffeebecher aus Edelstahl nach Ihren W\u00fcnschen gestalten.<br \/>\nWillkommen beim Gro\u00dfhandelskauf, senden Sie jetzt eine Anfrage!<\/p>\n<p><iframe title=\"Minimalistischer isolierter Kaffeebecher, tragbare Wasserflasche aus Edelstahl mit individuellem Logo MLH9135\" width=\"800\" height=\"450\" src=\"https:\/\/www.youtube.com\/embed\/-AKp_LA-kdU?feature=oembed\" frameborder=\"0\" allow=\"accelerometer; autoplay; clipboard-write; encrypted-media; gyroscope; picture-in-picture; web-share\" referrerpolicy=\"strict-origin-when-cross-origin\" allowfullscreen><\/iframe><\/p>","protected":false},"excerpt":{"rendered":"<p>Dieser minimalistische, isolierte Kaffeebecher ist aus langlebigem 316-Edelstahl und lebensmittelechten Materialien gefertigt.<br \/>\nDieser Becher kann den Inhalt bis zu 6 Stunden lang hei\u00df oder eiskalt halten.<br \/>\nDer auslaufsichere Klappdeckel l\u00e4sst sich einfach, sicher und problemlos mit einer Hand bedienen.<br \/>\nKann direkt oder durch einen Strohhalm konsumiert werden.<br \/>\nDurch das schmale Geh\u00e4usedesign l\u00e4sst es sich leicht greifen und mitnehmen und passt auch in die meisten Getr\u00e4nkehalter und Kaffeemaschinen im Auto.<br \/>\nOEM und ODM akzeptabel.<br \/>\nWir k\u00f6nnen die Kaffeetasse nach Ihren W\u00fcnschen individualisieren.<br \/>\nWillkommen beim Gro\u00dfhandelskauf, senden Sie jetzt eine Anfrage!<\/p>","protected":false},"featured_media":8416,"comment_status":"open","ping_status":"closed","template":"","meta":{"_acf_changed":false},"product_brand":[],"product_cat":[18],"product_tag":[32,210,36,33,31,750,39,38,29,37,757,34,35,758,28,692,678,537,30],"class_list":{"0":"post-8415","1":"product","2":"type-product","3":"status-publish","4":"has-post-thumbnail","6":"product_cat-insulated-water-bottle","7":"product_tag-best","8":"product_tag-big-water-bottle","9":"product_tag-bulk","10":"product_tag-buy","11":"product_tag-custom","12":"product_tag-ecofriendly-water-bottle","13":"product_tag-for-sale","14":"product_tag-good-quality","15":"product_tag-manufacturers","16":"product_tag-manufacturing","17":"product_tag-minimalist-insulated-coffee-mug","18":"product_tag-price","19":"product_tag-small","20":"product_tag-sports-bpa-free-water-bottles-with-handgrip","21":"product_tag-suppliers","22":"product_tag-vacuum-sports-stainless-steel-sport-water-bottle","23":"product_tag-water-bottle-metal-stainless-steel","24":"product_tag-water-bottle-sleeve","25":"product_tag-wholesale","27":"first","28":"instock","29":"shipping-taxable","30":"product-type-simple"},"acf":[],"yoast_head":"<!-- This site is optimized with the Yoast SEO Premium plugin v27.5 (Yoast SEO v27.5) - https:\/\/yoast.com\/product\/yoast-seo-premium-wordpress\/ -->\n<title>Minimalist Insulated Coffee Mug - Diller Water Bottle Manufacturer<\/title>\n<meta name=\"description\" content=\"As one of the best minimalist insulated coffee mug manufacturers and suppliers, we are engaged in manufacturing good quality water bottles. We warmly welcome you to wholesale or buy custom made minimalist insulated coffee mug at competitive price from us. Also, small quantity orders are acceptable.\" \/>\n<meta name=\"robots\" content=\"index, follow, max-snippet:-1, max-image-preview:large, max-video-preview:-1\" \/>\n<link rel=\"canonical\" href=\"https:\/\/www.dillerbottle.com\/de\/produkte\/minimalistischer-isolierter-kaffeebecher\" \/>\n<meta property=\"og:locale\" content=\"de_DE\" \/>\n<meta property=\"og:type\" content=\"article\" \/>\n<meta property=\"og:title\" content=\"Minimalist Insulated Coffee Mug\" \/>\n<meta property=\"og:description\" content=\"As one of the best minimalist insulated coffee mug manufacturers and suppliers, we are engaged in manufacturing good quality water bottles. We warmly welcome you to wholesale or buy custom made minimalist insulated coffee mug at competitive price from us. Also, small quantity orders are acceptable.\" \/>\n<meta property=\"og:url\" content=\"https:\/\/www.dillerbottle.com\/de\/produkte\/minimalistischer-isolierter-kaffeebecher\" \/>\n<meta property=\"og:site_name\" content=\"Diller Water Bottle Manufacturer\" \/>\n<meta property=\"article:modified_time\" content=\"2025-07-09T08:17:37+00:00\" \/>\n<meta property=\"og:image\" content=\"https:\/\/www.dillerbottle.com\/wp-content\/uploads\/2024\/09\/minimalist-insulated-coffee-mug7d464501-3e9c-4ce2-9af3-065a6323db36.jpg\" \/>\n\t<meta property=\"og:image:width\" content=\"800\" \/>\n\t<meta property=\"og:image:height\" content=\"800\" \/>\n\t<meta property=\"og:image:type\" content=\"image\/jpeg\" \/>\n<meta name=\"twitter:card\" content=\"summary_large_image\" \/>\n<meta name=\"twitter:label1\" content=\"Gesch\u00e4tzte Lesezeit\" \/>\n\t<meta name=\"twitter:data1\" content=\"7\u00a0Minuten\" \/>\n<script type=\"application\/ld+json\" class=\"yoast-schema-graph\">{\"@context\":\"https:\\\/\\\/schema.org\",\"@graph\":[{\"@type\":\"WebPage\",\"@id\":\"https:\\\/\\\/www.dillerbottle.com\\\/products\\\/minimalist-insulated-coffee-mug\",\"url\":\"https:\\\/\\\/www.dillerbottle.com\\\/products\\\/minimalist-insulated-coffee-mug\",\"name\":\"Minimalist Insulated Coffee Mug - Diller Water Bottle Manufacturer\",\"isPartOf\":{\"@id\":\"https:\\\/\\\/www.dillerbottle.com\\\/#website\"},\"primaryImageOfPage\":{\"@id\":\"https:\\\/\\\/www.dillerbottle.com\\\/products\\\/minimalist-insulated-coffee-mug#primaryimage\"},\"image\":{\"@id\":\"https:\\\/\\\/www.dillerbottle.com\\\/products\\\/minimalist-insulated-coffee-mug#primaryimage\"},\"thumbnailUrl\":\"https:\\\/\\\/www.dillerbottle.com\\\/wp-content\\\/uploads\\\/2024\\\/09\\\/minimalist-insulated-coffee-mug7d464501-3e9c-4ce2-9af3-065a6323db36.jpg\",\"datePublished\":\"2024-09-29T06:17:04+00:00\",\"dateModified\":\"2025-07-09T08:17:37+00:00\",\"description\":\"As one of the best minimalist insulated coffee mug manufacturers and suppliers, we are engaged in manufacturing good quality water bottles. We warmly welcome you to wholesale or buy custom made minimalist insulated coffee mug at competitive price from us. Also, small quantity orders are acceptable.\",\"breadcrumb\":{\"@id\":\"https:\\\/\\\/www.dillerbottle.com\\\/products\\\/minimalist-insulated-coffee-mug#breadcrumb\"},\"inLanguage\":\"de\",\"potentialAction\":[{\"@type\":\"ReadAction\",\"target\":[\"https:\\\/\\\/www.dillerbottle.com\\\/products\\\/minimalist-insulated-coffee-mug\"]}]},{\"@type\":\"ImageObject\",\"inLanguage\":\"de\",\"@id\":\"https:\\\/\\\/www.dillerbottle.com\\\/products\\\/minimalist-insulated-coffee-mug#primaryimage\",\"url\":\"https:\\\/\\\/www.dillerbottle.com\\\/wp-content\\\/uploads\\\/2024\\\/09\\\/minimalist-insulated-coffee-mug7d464501-3e9c-4ce2-9af3-065a6323db36.jpg\",\"contentUrl\":\"https:\\\/\\\/www.dillerbottle.com\\\/wp-content\\\/uploads\\\/2024\\\/09\\\/minimalist-insulated-coffee-mug7d464501-3e9c-4ce2-9af3-065a6323db36.jpg\",\"width\":800,\"height\":800},{\"@type\":\"BreadcrumbList\",\"@id\":\"https:\\\/\\\/www.dillerbottle.com\\\/products\\\/minimalist-insulated-coffee-mug#breadcrumb\",\"itemListElement\":[{\"@type\":\"ListItem\",\"position\":1,\"name\":\"Home\",\"item\":\"https:\\\/\\\/www.dillerbottle.com\\\/\"},{\"@type\":\"ListItem\",\"position\":2,\"name\":\"Products\",\"item\":\"https:\\\/\\\/www.dillerbottle.com\\\/shop\"},{\"@type\":\"ListItem\",\"position\":3,\"name\":\"Minimalist Insulated Coffee Mug\"}]},{\"@type\":\"WebSite\",\"@id\":\"https:\\\/\\\/www.dillerbottle.com\\\/#website\",\"url\":\"https:\\\/\\\/www.dillerbottle.com\\\/\",\"name\":\"Diller Water Bottle Manufacturer\",\"description\":\"Water Bottle Manufacturer\",\"publisher\":{\"@id\":\"https:\\\/\\\/www.dillerbottle.com\\\/#organization\"},\"potentialAction\":[{\"@type\":\"SearchAction\",\"target\":{\"@type\":\"EntryPoint\",\"urlTemplate\":\"https:\\\/\\\/www.dillerbottle.com\\\/?s={search_term_string}\"},\"query-input\":{\"@type\":\"PropertyValueSpecification\",\"valueRequired\":true,\"valueName\":\"search_term_string\"}}],\"inLanguage\":\"de\"},{\"@type\":\"Organization\",\"@id\":\"https:\\\/\\\/www.dillerbottle.com\\\/#organization\",\"name\":\"Diller Water Bottle Manufacturer\",\"url\":\"https:\\\/\\\/www.dillerbottle.com\\\/\",\"logo\":{\"@type\":\"ImageObject\",\"inLanguage\":\"de\",\"@id\":\"https:\\\/\\\/www.dillerbottle.com\\\/#\\\/schema\\\/logo\\\/image\\\/\",\"url\":\"https:\\\/\\\/www.dillerbottle.com\\\/wp-content\\\/uploads\\\/2024\\\/09\\\/49918bfa848dcc1e9f8b509933603ac.png\",\"contentUrl\":\"https:\\\/\\\/www.dillerbottle.com\\\/wp-content\\\/uploads\\\/2024\\\/09\\\/49918bfa848dcc1e9f8b509933603ac.png\",\"width\":988,\"height\":198,\"caption\":\"Diller Water Bottle Manufacturer\"},\"image\":{\"@id\":\"https:\\\/\\\/www.dillerbottle.com\\\/#\\\/schema\\\/logo\\\/image\\\/\"}}]}<\/script>\n<!-- \/ Yoast SEO Premium plugin. -->","yoast_head_json":{"title":"Minimalistischer isolierter Kaffeebecher - Diller Wasserflaschenhersteller","description":"Als einer der besten Hersteller und Lieferanten minimalistischer isolierter Kaffeebecher sind wir auf die Herstellung hochwertiger Wasserflaschen spezialisiert. Wir hei\u00dfen Sie herzlich willkommen, bei uns ma\u00dfgeschneiderte minimalistische isolierte Kaffeebecher im Gro\u00dfhandel zu kaufen oder zu wettbewerbsf\u00e4higen Preisen zu erwerben. Auch Bestellungen in kleinen Mengen sind akzeptabel.","robots":{"index":"index","follow":"follow","max-snippet":"max-snippet:-1","max-image-preview":"max-image-preview:large","max-video-preview":"max-video-preview:-1"},"canonical":"https:\/\/www.dillerbottle.com\/de\/produkte\/minimalistischer-isolierter-kaffeebecher","og_locale":"de_DE","og_type":"article","og_title":"Minimalist Insulated Coffee Mug","og_description":"As one of the best minimalist insulated coffee mug manufacturers and suppliers, we are engaged in manufacturing good quality water bottles. We warmly welcome you to wholesale or buy custom made minimalist insulated coffee mug at competitive price from us. Also, small quantity orders are acceptable.","og_url":"https:\/\/www.dillerbottle.com\/de\/produkte\/minimalistischer-isolierter-kaffeebecher","og_site_name":"Diller Water Bottle Manufacturer","article_modified_time":"2025-07-09T08:17:37+00:00","og_image":[{"width":800,"height":800,"url":"https:\/\/www.dillerbottle.com\/wp-content\/uploads\/2024\/09\/minimalist-insulated-coffee-mug7d464501-3e9c-4ce2-9af3-065a6323db36.jpg","type":"image\/jpeg"}],"twitter_card":"summary_large_image","twitter_misc":{"Gesch\u00e4tzte Lesezeit":"7\u00a0Minuten"},"schema":{"@context":"https:\/\/schema.org","@graph":[{"@type":"WebPage","@id":"https:\/\/www.dillerbottle.com\/products\/minimalist-insulated-coffee-mug","url":"https:\/\/www.dillerbottle.com\/products\/minimalist-insulated-coffee-mug","name":"Minimalistischer isolierter Kaffeebecher - Diller Wasserflaschenhersteller","isPartOf":{"@id":"https:\/\/www.dillerbottle.com\/#website"},"primaryImageOfPage":{"@id":"https:\/\/www.dillerbottle.com\/products\/minimalist-insulated-coffee-mug#primaryimage"},"image":{"@id":"https:\/\/www.dillerbottle.com\/products\/minimalist-insulated-coffee-mug#primaryimage"},"thumbnailUrl":"https:\/\/www.dillerbottle.com\/wp-content\/uploads\/2024\/09\/minimalist-insulated-coffee-mug7d464501-3e9c-4ce2-9af3-065a6323db36.jpg","datePublished":"2024-09-29T06:17:04+00:00","dateModified":"2025-07-09T08:17:37+00:00","description":"Als einer der besten Hersteller und Lieferanten minimalistischer isolierter Kaffeebecher sind wir auf die Herstellung hochwertiger Wasserflaschen spezialisiert. Wir hei\u00dfen Sie herzlich willkommen, bei uns ma\u00dfgeschneiderte minimalistische isolierte Kaffeebecher im Gro\u00dfhandel zu kaufen oder zu wettbewerbsf\u00e4higen Preisen zu erwerben. Auch Bestellungen in kleinen Mengen sind akzeptabel.","breadcrumb":{"@id":"https:\/\/www.dillerbottle.com\/products\/minimalist-insulated-coffee-mug#breadcrumb"},"inLanguage":"de","potentialAction":[{"@type":"ReadAction","target":["https:\/\/www.dillerbottle.com\/products\/minimalist-insulated-coffee-mug"]}]},{"@type":"ImageObject","inLanguage":"de","@id":"https:\/\/www.dillerbottle.com\/products\/minimalist-insulated-coffee-mug#primaryimage","url":"https:\/\/www.dillerbottle.com\/wp-content\/uploads\/2024\/09\/minimalist-insulated-coffee-mug7d464501-3e9c-4ce2-9af3-065a6323db36.jpg","contentUrl":"https:\/\/www.dillerbottle.com\/wp-content\/uploads\/2024\/09\/minimalist-insulated-coffee-mug7d464501-3e9c-4ce2-9af3-065a6323db36.jpg","width":800,"height":800},{"@type":"BreadcrumbList","@id":"https:\/\/www.dillerbottle.com\/products\/minimalist-insulated-coffee-mug#breadcrumb","itemListElement":[{"@type":"ListItem","position":1,"name":"Home","item":"https:\/\/www.dillerbottle.com\/"},{"@type":"ListItem","position":2,"name":"Products","item":"https:\/\/www.dillerbottle.com\/shop"},{"@type":"ListItem","position":3,"name":"Minimalist Insulated Coffee Mug"}]},{"@type":"WebSite","@id":"https:\/\/www.dillerbottle.com\/#website","url":"https:\/\/www.dillerbottle.com\/","name":"Diller Wasserflaschenhersteller","description":"Wasserflaschenhersteller","publisher":{"@id":"https:\/\/www.dillerbottle.com\/#organization"},"potentialAction":[{"@type":"SearchAction","target":{"@type":"EntryPoint","urlTemplate":"https:\/\/www.dillerbottle.com\/?s={search_term_string}"},"query-input":{"@type":"PropertyValueSpecification","valueRequired":true,"valueName":"search_term_string"}}],"inLanguage":"de"},{"@type":"Organization","@id":"https:\/\/www.dillerbottle.com\/#organization","name":"Diller Wasserflaschenhersteller","url":"https:\/\/www.dillerbottle.com\/","logo":{"@type":"ImageObject","inLanguage":"de","@id":"https:\/\/www.dillerbottle.com\/#\/schema\/logo\/image\/","url":"https:\/\/www.dillerbottle.com\/wp-content\/uploads\/2024\/09\/49918bfa848dcc1e9f8b509933603ac.png","contentUrl":"https:\/\/www.dillerbottle.com\/wp-content\/uploads\/2024\/09\/49918bfa848dcc1e9f8b509933603ac.png","width":988,"height":198,"caption":"Diller Water Bottle Manufacturer"},"image":{"@id":"https:\/\/www.dillerbottle.com\/#\/schema\/logo\/image\/"}}]}},"_links":{"self":[{"href":"https:\/\/www.dillerbottle.com\/de\/wp-json\/wp\/v2\/product\/8415","targetHints":{"allow":["GET"]}}],"collection":[{"href":"https:\/\/www.dillerbottle.com\/de\/wp-json\/wp\/v2\/product"}],"about":[{"href":"https:\/\/www.dillerbottle.com\/de\/wp-json\/wp\/v2\/types\/product"}],"replies":[{"embeddable":true,"href":"https:\/\/www.dillerbottle.com\/de\/wp-json\/wp\/v2\/comments?post=8415"}],"wp:featuredmedia":[{"embeddable":true,"href":"https:\/\/www.dillerbottle.com\/de\/wp-json\/wp\/v2\/media\/8416"}],"wp:attachment":[{"href":"https:\/\/www.dillerbottle.com\/de\/wp-json\/wp\/v2\/media?parent=8415"}],"wp:term":[{"taxonomy":"product_brand","embeddable":true,"href":"https:\/\/www.dillerbottle.com\/de\/wp-json\/wp\/v2\/product_brand?post=8415"},{"taxonomy":"product_cat","embeddable":true,"href":"https:\/\/www.dillerbottle.com\/de\/wp-json\/wp\/v2\/product_cat?post=8415"},{"taxonomy":"product_tag","embeddable":true,"href":"https:\/\/www.dillerbottle.com\/de\/wp-json\/wp\/v2\/product_tag?post=8415"}],"curies":[{"name":"wp","href":"https:\/\/api.w.org\/{rel}","templated":true}]}}