{"id":8656,"date":"2024-09-29T14:20:30","date_gmt":"2024-09-29T06:20:30","guid":{"rendered":"https:\/\/demo.dillerbottle.com\/products\/fun-graffiti-thermo-bottle"},"modified":"2025-07-09T16:09:39","modified_gmt":"2025-07-09T08:09:39","slug":"fun-graffiti-thermo-flasche","status":"publish","type":"product","link":"https:\/\/www.dillerbottle.com\/de\/products\/fun-graffiti-thermo-bottle","title":{"rendered":"Fun Graffiti Thermoflasche"},"content":{"rendered":"<p>1. Die lustige Graffiti-Thermoflasche besteht aus lebensmittelechtem 316er-Edelstahl, der nach dem Gebrauch leicht zu reinigen ist und die Qualit\u00e4t und Hygiene des Getr\u00e4nks gew\u00e4hrleistet.<\/p>\n<p>2. Das Aussehen der lustigen Graffiti-Thermoflasche nimmt ein Graffiti-Stil-Design, mit einer einzigartigen Pers\u00f6nlichkeit und Mode Sinn, die Ihre Pers\u00f6nlichkeit und Geschmack zeigen kann.<\/p>\n<p>3. Anti misopening Schloss Schnalle Design, Kippen nach oben zu sperren und Kippen nach unten zu entsperren. Ein Klick Feder Deckel, Einhandbedienung.<\/p>\n<p>4. 350ml Kapazit\u00e4t, leicht und tragbar, keine Angst vor dem Auslaufen von Wasser, wenn in einer Tasche platziert.<\/p>\n<p>OEM und ODM akzeptabel.<br \/>\nWir k\u00f6nnen den Edelstahlbecher nach Ihren W\u00fcnschen individualisieren.<br \/>\nWillkommen beim Gro\u00dfhandelskauf, senden Sie jetzt eine Anfrage!<\/p>\n<p><iframe title=\"Lustige Graffiti-Wasserflasche aus Edelstahl, umweltfreundliche Isolierflasche mit individuellem Logo MLH9103\" width=\"800\" height=\"450\" src=\"https:\/\/www.youtube.com\/embed\/NpSJ8DJaXdI?feature=oembed\" frameborder=\"0\" allow=\"accelerometer; autoplay; clipboard-write; encrypted-media; gyroscope; picture-in-picture; web-share\" referrerpolicy=\"strict-origin-when-cross-origin\" allowfullscreen><\/iframe><\/p>","protected":false},"excerpt":{"rendered":"<p>Diese lustige Graffiti-Thermoflasche ist aus langlebigem 316er Edelstahl und lebensmittelechten Materialien hergestellt.<br \/>\nDiese isolierte Wasserflasche kann den Inhalt bis zu 6\u201312 Stunden lang hei\u00df oder eiskalt halten.<br \/>\nAnti-Fehl\u00f6ffnungs-Verschlussschnalle, die zum Verschlie\u00dfen hochgeklappt und zum Entriegeln heruntergeklappt wird.<br \/>\nEin Klick-Federverschluss, Einhandbedienung.<br \/>\nAnti-Fehl\u00f6ffnungs-Verschlussschnalle, die zum Verschlie\u00dfen hochgeklappt und zum Entriegeln heruntergeklappt wird.<br \/>\nOEM und ODM akzeptabel.<br \/>\nWir k\u00f6nnen die Thermosflasche aus Metall nach Ihren W\u00fcnschen individualisieren.<br \/>\nWillkommen beim Gro\u00dfhandelskauf, senden Sie jetzt eine Anfrage!<\/p>","protected":false},"featured_media":8657,"comment_status":"open","ping_status":"closed","template":"","meta":{"_acf_changed":false},"product_brand":[],"product_cat":[18],"product_tag":[32,214,690,36,33,31,39,777,38,778,29,37,522,744,34,35,28,739,30],"class_list":{"0":"post-8656","1":"product","2":"type-product","3":"status-publish","4":"has-post-thumbnail","6":"product_cat-insulated-water-bottle","7":"product_tag-best","8":"product_tag-blue-water-bottles","9":"product_tag-bottle-water","10":"product_tag-bulk","11":"product_tag-buy","12":"product_tag-custom","13":"product_tag-for-sale","14":"product_tag-fun-graffiti-thermo-bottle","15":"product_tag-good-quality","16":"product_tag-insulated-water-bottle-thermal-flask-vacuum-bottle","17":"product_tag-manufacturers","18":"product_tag-manufacturing","19":"product_tag-mini-water-bottle","20":"product_tag-oem-water-bottle","21":"product_tag-price","22":"product_tag-small","23":"product_tag-suppliers","24":"product_tag-water-bottle-wood-lid","25":"product_tag-wholesale","27":"first","28":"instock","29":"shipping-taxable","30":"product-type-simple"},"acf":[],"yoast_head":"<!-- This site is optimized with the Yoast SEO Premium plugin v27.5 (Yoast SEO v27.5) - https:\/\/yoast.com\/product\/yoast-seo-premium-wordpress\/ -->\n<title>Fun Graffiti Thermo Bottle - Diller Water Bottle Manufacturer<\/title>\n<meta name=\"description\" content=\"As one of the best fun graffiti thermo bottle manufacturers and suppliers, we are engaged in manufacturing good quality water bottles. We warmly welcome you to wholesale or buy custom made fun graffiti thermo bottle at competitive price from us. Also, small quantity orders are acceptable.\" \/>\n<meta name=\"robots\" content=\"index, follow, max-snippet:-1, max-image-preview:large, max-video-preview:-1\" \/>\n<link rel=\"canonical\" href=\"https:\/\/www.dillerbottle.com\/de\/produkte\/fun-graffiti-thermo-flasche\" \/>\n<meta property=\"og:locale\" content=\"de_DE\" \/>\n<meta property=\"og:type\" content=\"article\" \/>\n<meta property=\"og:title\" content=\"Fun Graffiti Thermo Bottle\" \/>\n<meta property=\"og:description\" content=\"As one of the best fun graffiti thermo bottle manufacturers and suppliers, we are engaged in manufacturing good quality water bottles. We warmly welcome you to wholesale or buy custom made fun graffiti thermo bottle at competitive price from us. Also, small quantity orders are acceptable.\" \/>\n<meta property=\"og:url\" content=\"https:\/\/www.dillerbottle.com\/de\/produkte\/fun-graffiti-thermo-flasche\" \/>\n<meta property=\"og:site_name\" content=\"Diller Water Bottle Manufacturer\" \/>\n<meta property=\"article:modified_time\" content=\"2025-07-09T08:09:39+00:00\" \/>\n<meta property=\"og:image\" content=\"https:\/\/www.dillerbottle.com\/wp-content\/uploads\/2024\/09\/fun-graffiti-thermo-bottle800930f8-0688-434c-8d8b-731b77714692.jpg\" \/>\n\t<meta property=\"og:image:width\" content=\"730\" \/>\n\t<meta property=\"og:image:height\" content=\"730\" \/>\n\t<meta property=\"og:image:type\" content=\"image\/jpeg\" \/>\n<meta name=\"twitter:card\" content=\"summary_large_image\" \/>\n<meta name=\"twitter:label1\" content=\"Gesch\u00e4tzte Lesezeit\" \/>\n\t<meta name=\"twitter:data1\" content=\"7\u00a0Minuten\" \/>\n<script type=\"application\/ld+json\" class=\"yoast-schema-graph\">{\"@context\":\"https:\\\/\\\/schema.org\",\"@graph\":[{\"@type\":\"WebPage\",\"@id\":\"https:\\\/\\\/www.dillerbottle.com\\\/ar\\\/%d9%85%d9%86%d8%aa%d8%ac%d8%a7%d8%aa\\\/%d8%b2%d8%ac%d8%a7%d8%ac%d8%a9-%d8%ad%d8%b1%d8%a7%d8%b1%d9%8a%d8%a9-%d8%a8%d8%b1%d8%b3%d9%88%d9%85%d8%a7%d8%aa-%d8%ac%d8%b1%d8%a7%d9%81%d9%8a%d8%aa%d9%8a-%d9%85%d9%85%d8%aa%d8%b9%d8%a9\",\"url\":\"https:\\\/\\\/www.dillerbottle.com\\\/ar\\\/%d9%85%d9%86%d8%aa%d8%ac%d8%a7%d8%aa\\\/%d8%b2%d8%ac%d8%a7%d8%ac%d8%a9-%d8%ad%d8%b1%d8%a7%d8%b1%d9%8a%d8%a9-%d8%a8%d8%b1%d8%b3%d9%88%d9%85%d8%a7%d8%aa-%d8%ac%d8%b1%d8%a7%d9%81%d9%8a%d8%aa%d9%8a-%d9%85%d9%85%d8%aa%d8%b9%d8%a9\",\"name\":\"Fun Graffiti Thermo Bottle - Diller Water Bottle Manufacturer\",\"isPartOf\":{\"@id\":\"https:\\\/\\\/www.dillerbottle.com\\\/#website\"},\"primaryImageOfPage\":{\"@id\":\"https:\\\/\\\/www.dillerbottle.com\\\/ar\\\/%d9%85%d9%86%d8%aa%d8%ac%d8%a7%d8%aa\\\/%d8%b2%d8%ac%d8%a7%d8%ac%d8%a9-%d8%ad%d8%b1%d8%a7%d8%b1%d9%8a%d8%a9-%d8%a8%d8%b1%d8%b3%d9%88%d9%85%d8%a7%d8%aa-%d8%ac%d8%b1%d8%a7%d9%81%d9%8a%d8%aa%d9%8a-%d9%85%d9%85%d8%aa%d8%b9%d8%a9#primaryimage\"},\"image\":{\"@id\":\"https:\\\/\\\/www.dillerbottle.com\\\/ar\\\/%d9%85%d9%86%d8%aa%d8%ac%d8%a7%d8%aa\\\/%d8%b2%d8%ac%d8%a7%d8%ac%d8%a9-%d8%ad%d8%b1%d8%a7%d8%b1%d9%8a%d8%a9-%d8%a8%d8%b1%d8%b3%d9%88%d9%85%d8%a7%d8%aa-%d8%ac%d8%b1%d8%a7%d9%81%d9%8a%d8%aa%d9%8a-%d9%85%d9%85%d8%aa%d8%b9%d8%a9#primaryimage\"},\"thumbnailUrl\":\"https:\\\/\\\/www.dillerbottle.com\\\/wp-content\\\/uploads\\\/2024\\\/09\\\/fun-graffiti-thermo-bottle800930f8-0688-434c-8d8b-731b77714692.jpg\",\"datePublished\":\"2024-09-29T06:20:30+00:00\",\"dateModified\":\"2025-07-09T08:09:39+00:00\",\"description\":\"As one of the best fun graffiti thermo bottle manufacturers and suppliers, we are engaged in manufacturing good quality water bottles. We warmly welcome you to wholesale or buy custom made fun graffiti thermo bottle at competitive price from us. Also, small quantity orders are acceptable.\",\"breadcrumb\":{\"@id\":\"https:\\\/\\\/www.dillerbottle.com\\\/ar\\\/%d9%85%d9%86%d8%aa%d8%ac%d8%a7%d8%aa\\\/%d8%b2%d8%ac%d8%a7%d8%ac%d8%a9-%d8%ad%d8%b1%d8%a7%d8%b1%d9%8a%d8%a9-%d8%a8%d8%b1%d8%b3%d9%88%d9%85%d8%a7%d8%aa-%d8%ac%d8%b1%d8%a7%d9%81%d9%8a%d8%aa%d9%8a-%d9%85%d9%85%d8%aa%d8%b9%d8%a9#breadcrumb\"},\"inLanguage\":\"de\",\"potentialAction\":[{\"@type\":\"ReadAction\",\"target\":[\"https:\\\/\\\/www.dillerbottle.com\\\/ar\\\/%d9%85%d9%86%d8%aa%d8%ac%d8%a7%d8%aa\\\/%d8%b2%d8%ac%d8%a7%d8%ac%d8%a9-%d8%ad%d8%b1%d8%a7%d8%b1%d9%8a%d8%a9-%d8%a8%d8%b1%d8%b3%d9%88%d9%85%d8%a7%d8%aa-%d8%ac%d8%b1%d8%a7%d9%81%d9%8a%d8%aa%d9%8a-%d9%85%d9%85%d8%aa%d8%b9%d8%a9\"]}]},{\"@type\":\"ImageObject\",\"inLanguage\":\"de\",\"@id\":\"https:\\\/\\\/www.dillerbottle.com\\\/ar\\\/%d9%85%d9%86%d8%aa%d8%ac%d8%a7%d8%aa\\\/%d8%b2%d8%ac%d8%a7%d8%ac%d8%a9-%d8%ad%d8%b1%d8%a7%d8%b1%d9%8a%d8%a9-%d8%a8%d8%b1%d8%b3%d9%88%d9%85%d8%a7%d8%aa-%d8%ac%d8%b1%d8%a7%d9%81%d9%8a%d8%aa%d9%8a-%d9%85%d9%85%d8%aa%d8%b9%d8%a9#primaryimage\",\"url\":\"https:\\\/\\\/www.dillerbottle.com\\\/wp-content\\\/uploads\\\/2024\\\/09\\\/fun-graffiti-thermo-bottle800930f8-0688-434c-8d8b-731b77714692.jpg\",\"contentUrl\":\"https:\\\/\\\/www.dillerbottle.com\\\/wp-content\\\/uploads\\\/2024\\\/09\\\/fun-graffiti-thermo-bottle800930f8-0688-434c-8d8b-731b77714692.jpg\",\"width\":730,\"height\":730},{\"@type\":\"BreadcrumbList\",\"@id\":\"https:\\\/\\\/www.dillerbottle.com\\\/ar\\\/%d9%85%d9%86%d8%aa%d8%ac%d8%a7%d8%aa\\\/%d8%b2%d8%ac%d8%a7%d8%ac%d8%a9-%d8%ad%d8%b1%d8%a7%d8%b1%d9%8a%d8%a9-%d8%a8%d8%b1%d8%b3%d9%88%d9%85%d8%a7%d8%aa-%d8%ac%d8%b1%d8%a7%d9%81%d9%8a%d8%aa%d9%8a-%d9%85%d9%85%d8%aa%d8%b9%d8%a9#breadcrumb\",\"itemListElement\":[{\"@type\":\"ListItem\",\"position\":1,\"name\":\"Home\",\"item\":\"https:\\\/\\\/www.dillerbottle.com\\\/\"},{\"@type\":\"ListItem\",\"position\":2,\"name\":\"Products\",\"item\":\"https:\\\/\\\/www.dillerbottle.com\\\/shop\"},{\"@type\":\"ListItem\",\"position\":3,\"name\":\"Fun Graffiti Thermo Bottle\"}]},{\"@type\":\"WebSite\",\"@id\":\"https:\\\/\\\/www.dillerbottle.com\\\/#website\",\"url\":\"https:\\\/\\\/www.dillerbottle.com\\\/\",\"name\":\"Diller Water Bottle Manufacturer\",\"description\":\"Water Bottle Manufacturer\",\"publisher\":{\"@id\":\"https:\\\/\\\/www.dillerbottle.com\\\/#organization\"},\"potentialAction\":[{\"@type\":\"SearchAction\",\"target\":{\"@type\":\"EntryPoint\",\"urlTemplate\":\"https:\\\/\\\/www.dillerbottle.com\\\/?s={search_term_string}\"},\"query-input\":{\"@type\":\"PropertyValueSpecification\",\"valueRequired\":true,\"valueName\":\"search_term_string\"}}],\"inLanguage\":\"de\"},{\"@type\":\"Organization\",\"@id\":\"https:\\\/\\\/www.dillerbottle.com\\\/#organization\",\"name\":\"Diller Water Bottle Manufacturer\",\"url\":\"https:\\\/\\\/www.dillerbottle.com\\\/\",\"logo\":{\"@type\":\"ImageObject\",\"inLanguage\":\"de\",\"@id\":\"https:\\\/\\\/www.dillerbottle.com\\\/#\\\/schema\\\/logo\\\/image\\\/\",\"url\":\"https:\\\/\\\/www.dillerbottle.com\\\/wp-content\\\/uploads\\\/2024\\\/09\\\/49918bfa848dcc1e9f8b509933603ac.png\",\"contentUrl\":\"https:\\\/\\\/www.dillerbottle.com\\\/wp-content\\\/uploads\\\/2024\\\/09\\\/49918bfa848dcc1e9f8b509933603ac.png\",\"width\":988,\"height\":198,\"caption\":\"Diller Water Bottle Manufacturer\"},\"image\":{\"@id\":\"https:\\\/\\\/www.dillerbottle.com\\\/#\\\/schema\\\/logo\\\/image\\\/\"}}]}<\/script>\n<!-- \/ Yoast SEO Premium plugin. -->","yoast_head_json":{"title":"Fun Graffiti Thermoflasche - Diller Wasserflasche Hersteller","description":"Als einer der besten Hersteller und Lieferanten von lustigen Graffiti-Thermoflaschen besch\u00e4ftigen wir uns mit der Herstellung von Wasserflaschen guter Qualit\u00e4t. Wir hei\u00dfen Sie herzlich willkommen, Gro\u00dfhandel oder kaufen benutzerdefinierte Spa\u00df Graffiti Thermosflasche zu wettbewerbsf\u00e4higen Preisen von uns. Auch kleine Menge Bestellungen sind akzeptabel.","robots":{"index":"index","follow":"follow","max-snippet":"max-snippet:-1","max-image-preview":"max-image-preview:large","max-video-preview":"max-video-preview:-1"},"canonical":"https:\/\/www.dillerbottle.com\/de\/produkte\/fun-graffiti-thermo-flasche","og_locale":"de_DE","og_type":"article","og_title":"Fun Graffiti Thermo Bottle","og_description":"As one of the best fun graffiti thermo bottle manufacturers and suppliers, we are engaged in manufacturing good quality water bottles. We warmly welcome you to wholesale or buy custom made fun graffiti thermo bottle at competitive price from us. Also, small quantity orders are acceptable.","og_url":"https:\/\/www.dillerbottle.com\/de\/produkte\/fun-graffiti-thermo-flasche","og_site_name":"Diller Water Bottle Manufacturer","article_modified_time":"2025-07-09T08:09:39+00:00","og_image":[{"width":730,"height":730,"url":"https:\/\/www.dillerbottle.com\/wp-content\/uploads\/2024\/09\/fun-graffiti-thermo-bottle800930f8-0688-434c-8d8b-731b77714692.jpg","type":"image\/jpeg"}],"twitter_card":"summary_large_image","twitter_misc":{"Gesch\u00e4tzte Lesezeit":"7\u00a0Minuten"},"schema":{"@context":"https:\/\/schema.org","@graph":[{"@type":"WebPage","@id":"https:\/\/www.dillerbottle.com\/ar\/%d9%85%d9%86%d8%aa%d8%ac%d8%a7%d8%aa\/%d8%b2%d8%ac%d8%a7%d8%ac%d8%a9-%d8%ad%d8%b1%d8%a7%d8%b1%d9%8a%d8%a9-%d8%a8%d8%b1%d8%b3%d9%88%d9%85%d8%a7%d8%aa-%d8%ac%d8%b1%d8%a7%d9%81%d9%8a%d8%aa%d9%8a-%d9%85%d9%85%d8%aa%d8%b9%d8%a9","url":"https:\/\/www.dillerbottle.com\/ar\/%d9%85%d9%86%d8%aa%d8%ac%d8%a7%d8%aa\/%d8%b2%d8%ac%d8%a7%d8%ac%d8%a9-%d8%ad%d8%b1%d8%a7%d8%b1%d9%8a%d8%a9-%d8%a8%d8%b1%d8%b3%d9%88%d9%85%d8%a7%d8%aa-%d8%ac%d8%b1%d8%a7%d9%81%d9%8a%d8%aa%d9%8a-%d9%85%d9%85%d8%aa%d8%b9%d8%a9","name":"Fun Graffiti Thermoflasche - Diller Wasserflasche Hersteller","isPartOf":{"@id":"https:\/\/www.dillerbottle.com\/#website"},"primaryImageOfPage":{"@id":"https:\/\/www.dillerbottle.com\/ar\/%d9%85%d9%86%d8%aa%d8%ac%d8%a7%d8%aa\/%d8%b2%d8%ac%d8%a7%d8%ac%d8%a9-%d8%ad%d8%b1%d8%a7%d8%b1%d9%8a%d8%a9-%d8%a8%d8%b1%d8%b3%d9%88%d9%85%d8%a7%d8%aa-%d8%ac%d8%b1%d8%a7%d9%81%d9%8a%d8%aa%d9%8a-%d9%85%d9%85%d8%aa%d8%b9%d8%a9#primaryimage"},"image":{"@id":"https:\/\/www.dillerbottle.com\/ar\/%d9%85%d9%86%d8%aa%d8%ac%d8%a7%d8%aa\/%d8%b2%d8%ac%d8%a7%d8%ac%d8%a9-%d8%ad%d8%b1%d8%a7%d8%b1%d9%8a%d8%a9-%d8%a8%d8%b1%d8%b3%d9%88%d9%85%d8%a7%d8%aa-%d8%ac%d8%b1%d8%a7%d9%81%d9%8a%d8%aa%d9%8a-%d9%85%d9%85%d8%aa%d8%b9%d8%a9#primaryimage"},"thumbnailUrl":"https:\/\/www.dillerbottle.com\/wp-content\/uploads\/2024\/09\/fun-graffiti-thermo-bottle800930f8-0688-434c-8d8b-731b77714692.jpg","datePublished":"2024-09-29T06:20:30+00:00","dateModified":"2025-07-09T08:09:39+00:00","description":"Als einer der besten Hersteller und Lieferanten von lustigen Graffiti-Thermoflaschen besch\u00e4ftigen wir uns mit der Herstellung von Wasserflaschen guter Qualit\u00e4t. Wir hei\u00dfen Sie herzlich willkommen, Gro\u00dfhandel oder kaufen benutzerdefinierte Spa\u00df Graffiti Thermosflasche zu wettbewerbsf\u00e4higen Preisen von uns. Auch kleine Menge Bestellungen sind akzeptabel.","breadcrumb":{"@id":"https:\/\/www.dillerbottle.com\/ar\/%d9%85%d9%86%d8%aa%d8%ac%d8%a7%d8%aa\/%d8%b2%d8%ac%d8%a7%d8%ac%d8%a9-%d8%ad%d8%b1%d8%a7%d8%b1%d9%8a%d8%a9-%d8%a8%d8%b1%d8%b3%d9%88%d9%85%d8%a7%d8%aa-%d8%ac%d8%b1%d8%a7%d9%81%d9%8a%d8%aa%d9%8a-%d9%85%d9%85%d8%aa%d8%b9%d8%a9#breadcrumb"},"inLanguage":"de","potentialAction":[{"@type":"ReadAction","target":["https:\/\/www.dillerbottle.com\/ar\/%d9%85%d9%86%d8%aa%d8%ac%d8%a7%d8%aa\/%d8%b2%d8%ac%d8%a7%d8%ac%d8%a9-%d8%ad%d8%b1%d8%a7%d8%b1%d9%8a%d8%a9-%d8%a8%d8%b1%d8%b3%d9%88%d9%85%d8%a7%d8%aa-%d8%ac%d8%b1%d8%a7%d9%81%d9%8a%d8%aa%d9%8a-%d9%85%d9%85%d8%aa%d8%b9%d8%a9"]}]},{"@type":"ImageObject","inLanguage":"de","@id":"https:\/\/www.dillerbottle.com\/ar\/%d9%85%d9%86%d8%aa%d8%ac%d8%a7%d8%aa\/%d8%b2%d8%ac%d8%a7%d8%ac%d8%a9-%d8%ad%d8%b1%d8%a7%d8%b1%d9%8a%d8%a9-%d8%a8%d8%b1%d8%b3%d9%88%d9%85%d8%a7%d8%aa-%d8%ac%d8%b1%d8%a7%d9%81%d9%8a%d8%aa%d9%8a-%d9%85%d9%85%d8%aa%d8%b9%d8%a9#primaryimage","url":"https:\/\/www.dillerbottle.com\/wp-content\/uploads\/2024\/09\/fun-graffiti-thermo-bottle800930f8-0688-434c-8d8b-731b77714692.jpg","contentUrl":"https:\/\/www.dillerbottle.com\/wp-content\/uploads\/2024\/09\/fun-graffiti-thermo-bottle800930f8-0688-434c-8d8b-731b77714692.jpg","width":730,"height":730},{"@type":"BreadcrumbList","@id":"https:\/\/www.dillerbottle.com\/ar\/%d9%85%d9%86%d8%aa%d8%ac%d8%a7%d8%aa\/%d8%b2%d8%ac%d8%a7%d8%ac%d8%a9-%d8%ad%d8%b1%d8%a7%d8%b1%d9%8a%d8%a9-%d8%a8%d8%b1%d8%b3%d9%88%d9%85%d8%a7%d8%aa-%d8%ac%d8%b1%d8%a7%d9%81%d9%8a%d8%aa%d9%8a-%d9%85%d9%85%d8%aa%d8%b9%d8%a9#breadcrumb","itemListElement":[{"@type":"ListItem","position":1,"name":"Home","item":"https:\/\/www.dillerbottle.com\/"},{"@type":"ListItem","position":2,"name":"Products","item":"https:\/\/www.dillerbottle.com\/shop"},{"@type":"ListItem","position":3,"name":"Fun Graffiti Thermo Bottle"}]},{"@type":"WebSite","@id":"https:\/\/www.dillerbottle.com\/#website","url":"https:\/\/www.dillerbottle.com\/","name":"Diller Wasserflaschenhersteller","description":"Wasserflaschenhersteller","publisher":{"@id":"https:\/\/www.dillerbottle.com\/#organization"},"potentialAction":[{"@type":"SearchAction","target":{"@type":"EntryPoint","urlTemplate":"https:\/\/www.dillerbottle.com\/?s={search_term_string}"},"query-input":{"@type":"PropertyValueSpecification","valueRequired":true,"valueName":"search_term_string"}}],"inLanguage":"de"},{"@type":"Organization","@id":"https:\/\/www.dillerbottle.com\/#organization","name":"Diller Wasserflaschenhersteller","url":"https:\/\/www.dillerbottle.com\/","logo":{"@type":"ImageObject","inLanguage":"de","@id":"https:\/\/www.dillerbottle.com\/#\/schema\/logo\/image\/","url":"https:\/\/www.dillerbottle.com\/wp-content\/uploads\/2024\/09\/49918bfa848dcc1e9f8b509933603ac.png","contentUrl":"https:\/\/www.dillerbottle.com\/wp-content\/uploads\/2024\/09\/49918bfa848dcc1e9f8b509933603ac.png","width":988,"height":198,"caption":"Diller Water Bottle Manufacturer"},"image":{"@id":"https:\/\/www.dillerbottle.com\/#\/schema\/logo\/image\/"}}]}},"_links":{"self":[{"href":"https:\/\/www.dillerbottle.com\/de\/wp-json\/wp\/v2\/product\/8656","targetHints":{"allow":["GET"]}}],"collection":[{"href":"https:\/\/www.dillerbottle.com\/de\/wp-json\/wp\/v2\/product"}],"about":[{"href":"https:\/\/www.dillerbottle.com\/de\/wp-json\/wp\/v2\/types\/product"}],"replies":[{"embeddable":true,"href":"https:\/\/www.dillerbottle.com\/de\/wp-json\/wp\/v2\/comments?post=8656"}],"wp:featuredmedia":[{"embeddable":true,"href":"https:\/\/www.dillerbottle.com\/de\/wp-json\/wp\/v2\/media\/8657"}],"wp:attachment":[{"href":"https:\/\/www.dillerbottle.com\/de\/wp-json\/wp\/v2\/media?parent=8656"}],"wp:term":[{"taxonomy":"product_brand","embeddable":true,"href":"https:\/\/www.dillerbottle.com\/de\/wp-json\/wp\/v2\/product_brand?post=8656"},{"taxonomy":"product_cat","embeddable":true,"href":"https:\/\/www.dillerbottle.com\/de\/wp-json\/wp\/v2\/product_cat?post=8656"},{"taxonomy":"product_tag","embeddable":true,"href":"https:\/\/www.dillerbottle.com\/de\/wp-json\/wp\/v2\/product_tag?post=8656"}],"curies":[{"name":"wp","href":"https:\/\/api.w.org\/{rel}","templated":true}]}}