{"id":8691,"date":"2024-09-29T14:20:59","date_gmt":"2024-09-29T06:20:59","guid":{"rendered":"https:\/\/demo.dillerbottle.com\/products\/outdoor-thermo-bottle-with-handle"},"modified":"2025-07-09T16:09:34","modified_gmt":"2025-07-09T08:09:34","slug":"outdoor-thermoflasche-mit-tragegriff","status":"publish","type":"product","link":"https:\/\/www.dillerbottle.com\/de\/products\/outdoor-thermo-bottle-with-handle","title":{"rendered":"Outdoor Thermoflasche mit Tragegriff"},"content":{"rendered":"<p>1. Die Outdoor-Thermoflasche mit Tragegriff verwendet hochwertigen 316 Edelstahl als Innenauskleidung, wodurch die Getr\u00e4nke im Inneren bis zu 6-12 Stunden warm oder kalt gehalten werden k\u00f6nnen.<\/p>\n<p>2. Das Aussehen Design dieses Produkts ist einfach und modern, und die breite Tasse Mund ist einfacher zu reinigen und Eisw\u00fcrfel hinzuf\u00fcgen.<\/p>\n<p>3. Diese Outdoor-Thermoflasche mit Griff ist ein modischer, praktischer und bequemer Isolierbecher mit gro\u00dfem Fassungsverm\u00f6gen, der sich f\u00fcr den Einsatz beim Camping oder auf Reisen im Freien eignet.<\/p>\n<p>4. Der Becherdeckel hat eine gerade Trink\u00f6ffnung und eine Strohhalm\u00f6ffnung, so dass Sie Ihre Trinkmethode nach Belieben w\u00e4hlen k\u00f6nnen. Der Griff aus rostfreiem Stahl und Silikon macht es einfach zu tragen, wenn Sie ausgehen.<\/p>","protected":false},"excerpt":{"rendered":"<p>Diese Outdoor-Thermoflasche mit Tragegriff ist aus langlebigem 316 Edelstahl und lebensmittelechten Materialien gefertigt.<br \/>\nDiese vakuumisolierte Wasserflasche aus Metall kann den Inhalt bis zu 6\u201312 Stunden lang hei\u00df oder eiskalt halten.<br \/>\nDer Deckel des Bechers ist mit einer geraden Trink\u00f6ffnung und einer Strohhalm\u00f6ffnung ausgestattet, so dass Sie Ihre Trinkmethode nach Belieben w\u00e4hlen k\u00f6nnen.<br \/>\nDer Griff aus rostfreiem Stahl und Silikon macht es einfach, ihn beim Ausgehen zu tragen.<br \/>\nOEM und ODM akzeptabel.<br \/>\nGerne individualisieren wir die Thermosflasche nach Ihren W\u00fcnschen.<br \/>\nWillkommen beim Gro\u00dfhandelskauf, senden Sie jetzt eine Anfrage!<\/p>","protected":false},"featured_media":8692,"comment_status":"open","ping_status":"closed","template":"","meta":{"_acf_changed":false},"product_brand":[],"product_cat":[18],"product_tag":[32,36,33,31,39,38,110,29,37,779,34,725,35,780,28,701,685,691,30],"class_list":{"0":"post-8691","1":"product","2":"type-product","3":"status-publish","4":"has-post-thumbnail","6":"product_cat-insulated-water-bottle","7":"product_tag-best","8":"product_tag-bulk","9":"product_tag-buy","10":"product_tag-custom","11":"product_tag-for-sale","12":"product_tag-good-quality","13":"product_tag-insulated-water-bottle-eco-friendly-water-bottle","14":"product_tag-manufacturers","15":"product_tag-manufacturing","16":"product_tag-outdoor-thermo-bottle-with-handle","17":"product_tag-price","18":"product_tag-simple-modern-water-bottle","19":"product_tag-small","20":"product_tag-stainless-water-bottle","21":"product_tag-suppliers","22":"product_tag-thermal-water-bottles-outdoor-with-handle-lid","23":"product_tag-water-bottle-custom-logo","24":"product_tag-water-bottles-leak-proof-bpa-free-sports-bottle","25":"product_tag-wholesale","27":"first","28":"instock","29":"shipping-taxable","30":"product-type-simple"},"acf":[],"yoast_head":"<!-- This site is optimized with the Yoast SEO Premium plugin v27.5 (Yoast SEO v27.5) - https:\/\/yoast.com\/product\/yoast-seo-premium-wordpress\/ -->\n<title>Outdoor Thermo Bottle With Handle - Diller Water Bottle Manufacturer<\/title>\n<meta name=\"description\" content=\"As one of the best outdoor thermo bottle with handle manufacturers and suppliers, we are engaged in manufacturing good quality water bottles. We warmly welcome you to wholesale or buy custom made outdoor thermo bottle with handle at competitive price from us. Also, small quantity orders are acceptable.\" \/>\n<meta name=\"robots\" content=\"index, follow, max-snippet:-1, max-image-preview:large, max-video-preview:-1\" \/>\n<link rel=\"canonical\" href=\"https:\/\/www.dillerbottle.com\/de\/produkte\/outdoor-thermoflasche-mit-tragegriff\" \/>\n<meta property=\"og:locale\" content=\"de_DE\" \/>\n<meta property=\"og:type\" content=\"article\" \/>\n<meta property=\"og:title\" content=\"Outdoor Thermo Bottle With Handle\" \/>\n<meta property=\"og:description\" content=\"As one of the best outdoor thermo bottle with handle manufacturers and suppliers, we are engaged in manufacturing good quality water bottles. We warmly welcome you to wholesale or buy custom made outdoor thermo bottle with handle at competitive price from us. Also, small quantity orders are acceptable.\" \/>\n<meta property=\"og:url\" content=\"https:\/\/www.dillerbottle.com\/de\/produkte\/outdoor-thermoflasche-mit-tragegriff\" \/>\n<meta property=\"og:site_name\" content=\"Diller Water Bottle Manufacturer\" \/>\n<meta property=\"article:modified_time\" content=\"2025-07-09T08:09:34+00:00\" \/>\n<meta property=\"og:image\" content=\"https:\/\/www.dillerbottle.com\/wp-content\/uploads\/2024\/09\/outdoor-thermo-bottle-with-handlebefad9e7-93bb-45b3-9332-09b279062de1.jpg\" \/>\n\t<meta property=\"og:image:width\" content=\"730\" \/>\n\t<meta property=\"og:image:height\" content=\"730\" \/>\n\t<meta property=\"og:image:type\" content=\"image\/jpeg\" \/>\n<meta name=\"twitter:card\" content=\"summary_large_image\" \/>\n<meta name=\"twitter:label1\" content=\"Gesch\u00e4tzte Lesezeit\" \/>\n\t<meta name=\"twitter:data1\" content=\"6\u00a0Minuten\" \/>\n<script type=\"application\/ld+json\" class=\"yoast-schema-graph\">{\"@context\":\"https:\\\/\\\/schema.org\",\"@graph\":[{\"@type\":\"WebPage\",\"@id\":\"https:\\\/\\\/www.dillerbottle.com\\\/th\\\/%e0%b8%aa%e0%b8%b4%e0%b8%99%e0%b8%84%e0%b9%89%e0%b8%b2\\\/%e0%b8%81%e0%b8%a3%e0%b8%b0%e0%b8%95%e0%b8%b4%e0%b8%81%e0%b8%99%e0%b9%89%e0%b8%b3%e0%b9%80%e0%b8%81%e0%b9%87%e0%b8%9a%e0%b8%84%e0%b8%a7%e0%b8%b2%e0%b8%a1%e0%b8%a3%e0%b9%89%e0%b8%ad%e0%b8%99%e0%b8%81\",\"url\":\"https:\\\/\\\/www.dillerbottle.com\\\/th\\\/%e0%b8%aa%e0%b8%b4%e0%b8%99%e0%b8%84%e0%b9%89%e0%b8%b2\\\/%e0%b8%81%e0%b8%a3%e0%b8%b0%e0%b8%95%e0%b8%b4%e0%b8%81%e0%b8%99%e0%b9%89%e0%b8%b3%e0%b9%80%e0%b8%81%e0%b9%87%e0%b8%9a%e0%b8%84%e0%b8%a7%e0%b8%b2%e0%b8%a1%e0%b8%a3%e0%b9%89%e0%b8%ad%e0%b8%99%e0%b8%81\",\"name\":\"Outdoor Thermo Bottle With Handle - Diller Water Bottle Manufacturer\",\"isPartOf\":{\"@id\":\"https:\\\/\\\/www.dillerbottle.com\\\/#website\"},\"primaryImageOfPage\":{\"@id\":\"https:\\\/\\\/www.dillerbottle.com\\\/th\\\/%e0%b8%aa%e0%b8%b4%e0%b8%99%e0%b8%84%e0%b9%89%e0%b8%b2\\\/%e0%b8%81%e0%b8%a3%e0%b8%b0%e0%b8%95%e0%b8%b4%e0%b8%81%e0%b8%99%e0%b9%89%e0%b8%b3%e0%b9%80%e0%b8%81%e0%b9%87%e0%b8%9a%e0%b8%84%e0%b8%a7%e0%b8%b2%e0%b8%a1%e0%b8%a3%e0%b9%89%e0%b8%ad%e0%b8%99%e0%b8%81#primaryimage\"},\"image\":{\"@id\":\"https:\\\/\\\/www.dillerbottle.com\\\/th\\\/%e0%b8%aa%e0%b8%b4%e0%b8%99%e0%b8%84%e0%b9%89%e0%b8%b2\\\/%e0%b8%81%e0%b8%a3%e0%b8%b0%e0%b8%95%e0%b8%b4%e0%b8%81%e0%b8%99%e0%b9%89%e0%b8%b3%e0%b9%80%e0%b8%81%e0%b9%87%e0%b8%9a%e0%b8%84%e0%b8%a7%e0%b8%b2%e0%b8%a1%e0%b8%a3%e0%b9%89%e0%b8%ad%e0%b8%99%e0%b8%81#primaryimage\"},\"thumbnailUrl\":\"https:\\\/\\\/www.dillerbottle.com\\\/wp-content\\\/uploads\\\/2024\\\/09\\\/outdoor-thermo-bottle-with-handlebefad9e7-93bb-45b3-9332-09b279062de1.jpg\",\"datePublished\":\"2024-09-29T06:20:59+00:00\",\"dateModified\":\"2025-07-09T08:09:34+00:00\",\"description\":\"As one of the best outdoor thermo bottle with handle manufacturers and suppliers, we are engaged in manufacturing good quality water bottles. We warmly welcome you to wholesale or buy custom made outdoor thermo bottle with handle at competitive price from us. Also, small quantity orders are acceptable.\",\"breadcrumb\":{\"@id\":\"https:\\\/\\\/www.dillerbottle.com\\\/th\\\/%e0%b8%aa%e0%b8%b4%e0%b8%99%e0%b8%84%e0%b9%89%e0%b8%b2\\\/%e0%b8%81%e0%b8%a3%e0%b8%b0%e0%b8%95%e0%b8%b4%e0%b8%81%e0%b8%99%e0%b9%89%e0%b8%b3%e0%b9%80%e0%b8%81%e0%b9%87%e0%b8%9a%e0%b8%84%e0%b8%a7%e0%b8%b2%e0%b8%a1%e0%b8%a3%e0%b9%89%e0%b8%ad%e0%b8%99%e0%b8%81#breadcrumb\"},\"inLanguage\":\"de\",\"potentialAction\":[{\"@type\":\"ReadAction\",\"target\":[\"https:\\\/\\\/www.dillerbottle.com\\\/th\\\/%e0%b8%aa%e0%b8%b4%e0%b8%99%e0%b8%84%e0%b9%89%e0%b8%b2\\\/%e0%b8%81%e0%b8%a3%e0%b8%b0%e0%b8%95%e0%b8%b4%e0%b8%81%e0%b8%99%e0%b9%89%e0%b8%b3%e0%b9%80%e0%b8%81%e0%b9%87%e0%b8%9a%e0%b8%84%e0%b8%a7%e0%b8%b2%e0%b8%a1%e0%b8%a3%e0%b9%89%e0%b8%ad%e0%b8%99%e0%b8%81\"]}]},{\"@type\":\"ImageObject\",\"inLanguage\":\"de\",\"@id\":\"https:\\\/\\\/www.dillerbottle.com\\\/th\\\/%e0%b8%aa%e0%b8%b4%e0%b8%99%e0%b8%84%e0%b9%89%e0%b8%b2\\\/%e0%b8%81%e0%b8%a3%e0%b8%b0%e0%b8%95%e0%b8%b4%e0%b8%81%e0%b8%99%e0%b9%89%e0%b8%b3%e0%b9%80%e0%b8%81%e0%b9%87%e0%b8%9a%e0%b8%84%e0%b8%a7%e0%b8%b2%e0%b8%a1%e0%b8%a3%e0%b9%89%e0%b8%ad%e0%b8%99%e0%b8%81#primaryimage\",\"url\":\"https:\\\/\\\/www.dillerbottle.com\\\/wp-content\\\/uploads\\\/2024\\\/09\\\/outdoor-thermo-bottle-with-handlebefad9e7-93bb-45b3-9332-09b279062de1.jpg\",\"contentUrl\":\"https:\\\/\\\/www.dillerbottle.com\\\/wp-content\\\/uploads\\\/2024\\\/09\\\/outdoor-thermo-bottle-with-handlebefad9e7-93bb-45b3-9332-09b279062de1.jpg\",\"width\":730,\"height\":730},{\"@type\":\"BreadcrumbList\",\"@id\":\"https:\\\/\\\/www.dillerbottle.com\\\/th\\\/%e0%b8%aa%e0%b8%b4%e0%b8%99%e0%b8%84%e0%b9%89%e0%b8%b2\\\/%e0%b8%81%e0%b8%a3%e0%b8%b0%e0%b8%95%e0%b8%b4%e0%b8%81%e0%b8%99%e0%b9%89%e0%b8%b3%e0%b9%80%e0%b8%81%e0%b9%87%e0%b8%9a%e0%b8%84%e0%b8%a7%e0%b8%b2%e0%b8%a1%e0%b8%a3%e0%b9%89%e0%b8%ad%e0%b8%99%e0%b8%81#breadcrumb\",\"itemListElement\":[{\"@type\":\"ListItem\",\"position\":1,\"name\":\"Home\",\"item\":\"https:\\\/\\\/www.dillerbottle.com\\\/\"},{\"@type\":\"ListItem\",\"position\":2,\"name\":\"Products\",\"item\":\"https:\\\/\\\/www.dillerbottle.com\\\/shop\"},{\"@type\":\"ListItem\",\"position\":3,\"name\":\"Outdoor Thermo Bottle With Handle\"}]},{\"@type\":\"WebSite\",\"@id\":\"https:\\\/\\\/www.dillerbottle.com\\\/#website\",\"url\":\"https:\\\/\\\/www.dillerbottle.com\\\/\",\"name\":\"Diller Water Bottle Manufacturer\",\"description\":\"Water Bottle Manufacturer\",\"publisher\":{\"@id\":\"https:\\\/\\\/www.dillerbottle.com\\\/#organization\"},\"potentialAction\":[{\"@type\":\"SearchAction\",\"target\":{\"@type\":\"EntryPoint\",\"urlTemplate\":\"https:\\\/\\\/www.dillerbottle.com\\\/?s={search_term_string}\"},\"query-input\":{\"@type\":\"PropertyValueSpecification\",\"valueRequired\":true,\"valueName\":\"search_term_string\"}}],\"inLanguage\":\"de\"},{\"@type\":\"Organization\",\"@id\":\"https:\\\/\\\/www.dillerbottle.com\\\/#organization\",\"name\":\"Diller Water Bottle Manufacturer\",\"url\":\"https:\\\/\\\/www.dillerbottle.com\\\/\",\"logo\":{\"@type\":\"ImageObject\",\"inLanguage\":\"de\",\"@id\":\"https:\\\/\\\/www.dillerbottle.com\\\/#\\\/schema\\\/logo\\\/image\\\/\",\"url\":\"https:\\\/\\\/www.dillerbottle.com\\\/wp-content\\\/uploads\\\/2024\\\/09\\\/49918bfa848dcc1e9f8b509933603ac.png\",\"contentUrl\":\"https:\\\/\\\/www.dillerbottle.com\\\/wp-content\\\/uploads\\\/2024\\\/09\\\/49918bfa848dcc1e9f8b509933603ac.png\",\"width\":988,\"height\":198,\"caption\":\"Diller Water Bottle Manufacturer\"},\"image\":{\"@id\":\"https:\\\/\\\/www.dillerbottle.com\\\/#\\\/schema\\\/logo\\\/image\\\/\"}}]}<\/script>\n<!-- \/ Yoast SEO Premium plugin. -->","yoast_head_json":{"title":"Outdoor-Thermoflasche mit Griff - Diller Wasserflaschenhersteller","description":"Als einer der besten Hersteller und Lieferanten von Thermoflaschen f\u00fcr den Au\u00dfenbereich mit Griffen sind wir auf die Herstellung hochwertiger Wasserflaschen spezialisiert. Wir hei\u00dfen Sie herzlich willkommen, bei uns Thermoflaschen f\u00fcr den Au\u00dfenbereich mit Griffen im Gro\u00dfhandel zu kaufen oder zu wettbewerbsf\u00e4higen Preisen zu erwerben. Auch Bestellungen in kleinen Mengen sind akzeptabel.","robots":{"index":"index","follow":"follow","max-snippet":"max-snippet:-1","max-image-preview":"max-image-preview:large","max-video-preview":"max-video-preview:-1"},"canonical":"https:\/\/www.dillerbottle.com\/de\/produkte\/outdoor-thermoflasche-mit-tragegriff","og_locale":"de_DE","og_type":"article","og_title":"Outdoor Thermo Bottle With Handle","og_description":"As one of the best outdoor thermo bottle with handle manufacturers and suppliers, we are engaged in manufacturing good quality water bottles. We warmly welcome you to wholesale or buy custom made outdoor thermo bottle with handle at competitive price from us. Also, small quantity orders are acceptable.","og_url":"https:\/\/www.dillerbottle.com\/de\/produkte\/outdoor-thermoflasche-mit-tragegriff","og_site_name":"Diller Water Bottle Manufacturer","article_modified_time":"2025-07-09T08:09:34+00:00","og_image":[{"width":730,"height":730,"url":"https:\/\/www.dillerbottle.com\/wp-content\/uploads\/2024\/09\/outdoor-thermo-bottle-with-handlebefad9e7-93bb-45b3-9332-09b279062de1.jpg","type":"image\/jpeg"}],"twitter_card":"summary_large_image","twitter_misc":{"Gesch\u00e4tzte Lesezeit":"6\u00a0Minuten"},"schema":{"@context":"https:\/\/schema.org","@graph":[{"@type":"WebPage","@id":"https:\/\/www.dillerbottle.com\/th\/%e0%b8%aa%e0%b8%b4%e0%b8%99%e0%b8%84%e0%b9%89%e0%b8%b2\/%e0%b8%81%e0%b8%a3%e0%b8%b0%e0%b8%95%e0%b8%b4%e0%b8%81%e0%b8%99%e0%b9%89%e0%b8%b3%e0%b9%80%e0%b8%81%e0%b9%87%e0%b8%9a%e0%b8%84%e0%b8%a7%e0%b8%b2%e0%b8%a1%e0%b8%a3%e0%b9%89%e0%b8%ad%e0%b8%99%e0%b8%81","url":"https:\/\/www.dillerbottle.com\/th\/%e0%b8%aa%e0%b8%b4%e0%b8%99%e0%b8%84%e0%b9%89%e0%b8%b2\/%e0%b8%81%e0%b8%a3%e0%b8%b0%e0%b8%95%e0%b8%b4%e0%b8%81%e0%b8%99%e0%b9%89%e0%b8%b3%e0%b9%80%e0%b8%81%e0%b9%87%e0%b8%9a%e0%b8%84%e0%b8%a7%e0%b8%b2%e0%b8%a1%e0%b8%a3%e0%b9%89%e0%b8%ad%e0%b8%99%e0%b8%81","name":"Outdoor-Thermoflasche mit Griff - Diller Wasserflaschenhersteller","isPartOf":{"@id":"https:\/\/www.dillerbottle.com\/#website"},"primaryImageOfPage":{"@id":"https:\/\/www.dillerbottle.com\/th\/%e0%b8%aa%e0%b8%b4%e0%b8%99%e0%b8%84%e0%b9%89%e0%b8%b2\/%e0%b8%81%e0%b8%a3%e0%b8%b0%e0%b8%95%e0%b8%b4%e0%b8%81%e0%b8%99%e0%b9%89%e0%b8%b3%e0%b9%80%e0%b8%81%e0%b9%87%e0%b8%9a%e0%b8%84%e0%b8%a7%e0%b8%b2%e0%b8%a1%e0%b8%a3%e0%b9%89%e0%b8%ad%e0%b8%99%e0%b8%81#primaryimage"},"image":{"@id":"https:\/\/www.dillerbottle.com\/th\/%e0%b8%aa%e0%b8%b4%e0%b8%99%e0%b8%84%e0%b9%89%e0%b8%b2\/%e0%b8%81%e0%b8%a3%e0%b8%b0%e0%b8%95%e0%b8%b4%e0%b8%81%e0%b8%99%e0%b9%89%e0%b8%b3%e0%b9%80%e0%b8%81%e0%b9%87%e0%b8%9a%e0%b8%84%e0%b8%a7%e0%b8%b2%e0%b8%a1%e0%b8%a3%e0%b9%89%e0%b8%ad%e0%b8%99%e0%b8%81#primaryimage"},"thumbnailUrl":"https:\/\/www.dillerbottle.com\/wp-content\/uploads\/2024\/09\/outdoor-thermo-bottle-with-handlebefad9e7-93bb-45b3-9332-09b279062de1.jpg","datePublished":"2024-09-29T06:20:59+00:00","dateModified":"2025-07-09T08:09:34+00:00","description":"Als einer der besten Hersteller und Lieferanten von Thermoflaschen f\u00fcr den Au\u00dfenbereich mit Griffen sind wir auf die Herstellung hochwertiger Wasserflaschen spezialisiert. Wir hei\u00dfen Sie herzlich willkommen, bei uns Thermoflaschen f\u00fcr den Au\u00dfenbereich mit Griffen im Gro\u00dfhandel zu kaufen oder zu wettbewerbsf\u00e4higen Preisen zu erwerben. Auch Bestellungen in kleinen Mengen sind akzeptabel.","breadcrumb":{"@id":"https:\/\/www.dillerbottle.com\/th\/%e0%b8%aa%e0%b8%b4%e0%b8%99%e0%b8%84%e0%b9%89%e0%b8%b2\/%e0%b8%81%e0%b8%a3%e0%b8%b0%e0%b8%95%e0%b8%b4%e0%b8%81%e0%b8%99%e0%b9%89%e0%b8%b3%e0%b9%80%e0%b8%81%e0%b9%87%e0%b8%9a%e0%b8%84%e0%b8%a7%e0%b8%b2%e0%b8%a1%e0%b8%a3%e0%b9%89%e0%b8%ad%e0%b8%99%e0%b8%81#breadcrumb"},"inLanguage":"de","potentialAction":[{"@type":"ReadAction","target":["https:\/\/www.dillerbottle.com\/th\/%e0%b8%aa%e0%b8%b4%e0%b8%99%e0%b8%84%e0%b9%89%e0%b8%b2\/%e0%b8%81%e0%b8%a3%e0%b8%b0%e0%b8%95%e0%b8%b4%e0%b8%81%e0%b8%99%e0%b9%89%e0%b8%b3%e0%b9%80%e0%b8%81%e0%b9%87%e0%b8%9a%e0%b8%84%e0%b8%a7%e0%b8%b2%e0%b8%a1%e0%b8%a3%e0%b9%89%e0%b8%ad%e0%b8%99%e0%b8%81"]}]},{"@type":"ImageObject","inLanguage":"de","@id":"https:\/\/www.dillerbottle.com\/th\/%e0%b8%aa%e0%b8%b4%e0%b8%99%e0%b8%84%e0%b9%89%e0%b8%b2\/%e0%b8%81%e0%b8%a3%e0%b8%b0%e0%b8%95%e0%b8%b4%e0%b8%81%e0%b8%99%e0%b9%89%e0%b8%b3%e0%b9%80%e0%b8%81%e0%b9%87%e0%b8%9a%e0%b8%84%e0%b8%a7%e0%b8%b2%e0%b8%a1%e0%b8%a3%e0%b9%89%e0%b8%ad%e0%b8%99%e0%b8%81#primaryimage","url":"https:\/\/www.dillerbottle.com\/wp-content\/uploads\/2024\/09\/outdoor-thermo-bottle-with-handlebefad9e7-93bb-45b3-9332-09b279062de1.jpg","contentUrl":"https:\/\/www.dillerbottle.com\/wp-content\/uploads\/2024\/09\/outdoor-thermo-bottle-with-handlebefad9e7-93bb-45b3-9332-09b279062de1.jpg","width":730,"height":730},{"@type":"BreadcrumbList","@id":"https:\/\/www.dillerbottle.com\/th\/%e0%b8%aa%e0%b8%b4%e0%b8%99%e0%b8%84%e0%b9%89%e0%b8%b2\/%e0%b8%81%e0%b8%a3%e0%b8%b0%e0%b8%95%e0%b8%b4%e0%b8%81%e0%b8%99%e0%b9%89%e0%b8%b3%e0%b9%80%e0%b8%81%e0%b9%87%e0%b8%9a%e0%b8%84%e0%b8%a7%e0%b8%b2%e0%b8%a1%e0%b8%a3%e0%b9%89%e0%b8%ad%e0%b8%99%e0%b8%81#breadcrumb","itemListElement":[{"@type":"ListItem","position":1,"name":"Home","item":"https:\/\/www.dillerbottle.com\/"},{"@type":"ListItem","position":2,"name":"Products","item":"https:\/\/www.dillerbottle.com\/shop"},{"@type":"ListItem","position":3,"name":"Outdoor Thermo Bottle With Handle"}]},{"@type":"WebSite","@id":"https:\/\/www.dillerbottle.com\/#website","url":"https:\/\/www.dillerbottle.com\/","name":"Diller Wasserflaschenhersteller","description":"Wasserflaschenhersteller","publisher":{"@id":"https:\/\/www.dillerbottle.com\/#organization"},"potentialAction":[{"@type":"SearchAction","target":{"@type":"EntryPoint","urlTemplate":"https:\/\/www.dillerbottle.com\/?s={search_term_string}"},"query-input":{"@type":"PropertyValueSpecification","valueRequired":true,"valueName":"search_term_string"}}],"inLanguage":"de"},{"@type":"Organization","@id":"https:\/\/www.dillerbottle.com\/#organization","name":"Diller Wasserflaschenhersteller","url":"https:\/\/www.dillerbottle.com\/","logo":{"@type":"ImageObject","inLanguage":"de","@id":"https:\/\/www.dillerbottle.com\/#\/schema\/logo\/image\/","url":"https:\/\/www.dillerbottle.com\/wp-content\/uploads\/2024\/09\/49918bfa848dcc1e9f8b509933603ac.png","contentUrl":"https:\/\/www.dillerbottle.com\/wp-content\/uploads\/2024\/09\/49918bfa848dcc1e9f8b509933603ac.png","width":988,"height":198,"caption":"Diller Water Bottle Manufacturer"},"image":{"@id":"https:\/\/www.dillerbottle.com\/#\/schema\/logo\/image\/"}}]}},"_links":{"self":[{"href":"https:\/\/www.dillerbottle.com\/de\/wp-json\/wp\/v2\/product\/8691","targetHints":{"allow":["GET"]}}],"collection":[{"href":"https:\/\/www.dillerbottle.com\/de\/wp-json\/wp\/v2\/product"}],"about":[{"href":"https:\/\/www.dillerbottle.com\/de\/wp-json\/wp\/v2\/types\/product"}],"replies":[{"embeddable":true,"href":"https:\/\/www.dillerbottle.com\/de\/wp-json\/wp\/v2\/comments?post=8691"}],"wp:featuredmedia":[{"embeddable":true,"href":"https:\/\/www.dillerbottle.com\/de\/wp-json\/wp\/v2\/media\/8692"}],"wp:attachment":[{"href":"https:\/\/www.dillerbottle.com\/de\/wp-json\/wp\/v2\/media?parent=8691"}],"wp:term":[{"taxonomy":"product_brand","embeddable":true,"href":"https:\/\/www.dillerbottle.com\/de\/wp-json\/wp\/v2\/product_brand?post=8691"},{"taxonomy":"product_cat","embeddable":true,"href":"https:\/\/www.dillerbottle.com\/de\/wp-json\/wp\/v2\/product_cat?post=8691"},{"taxonomy":"product_tag","embeddable":true,"href":"https:\/\/www.dillerbottle.com\/de\/wp-json\/wp\/v2\/product_tag?post=8691"}],"curies":[{"name":"wp","href":"https:\/\/api.w.org\/{rel}","templated":true}]}}