{"id":8943,"date":"2024-09-29T14:24:38","date_gmt":"2024-09-29T06:24:38","guid":{"rendered":"https:\/\/demo.dillerbottle.com\/products\/minimalist-portable-vacuum-flask"},"modified":"2025-07-09T16:08:36","modified_gmt":"2025-07-09T08:08:36","slug":"minimalistische-tragbare-isolierflasche","status":"publish","type":"product","link":"https:\/\/www.dillerbottle.com\/de\/products\/minimalist-portable-vacuum-flask","title":{"rendered":"Minimalistische tragbare Vakuumflasche"},"content":{"rendered":"<p>1. Die minimalistische tragbare Isolierflasche aus Edelstahl 316 verf\u00fcgt \u00fcber eine hervorragende Isolierwirkung und Korrosionsbest\u00e4ndigkeit, wodurch die Temperatur und der Geschmack des Getr\u00e4nks erhalten bleiben.<\/p>\n<p>2. Dieser Isolierbecher ist au\u00dferdem tragbar, leicht, dicht und einfach zu reinigen, sodass er f\u00fcr den t\u00e4glichen Gebrauch geeignet ist.<\/p>\n<p>3. Das Erscheinungsbild des Produkts ist einfach und modern und mit einem Tee-Ei aus Edelstahl ausgestattet, das das Aufbr\u00fchen und Trinken von Tee erleichtert.<\/p>\n<p>4. Es stehen zwei Kapazit\u00e4ten zur Auswahl, 320 ml und 420 ml, und \u00fcber dem Flaschendeckel befindet sich ein Griff, der toll aussieht und beim Ausgehen tragbar ist.<\/p>\n<p>OEM und ODM akzeptabel.<br \/>\nWir k\u00f6nnen den Becher entsprechend Ihren Anforderungen anpassen.<br \/>\nWillkommen beim Gro\u00dfhandelskauf, senden Sie jetzt eine Anfrage!<\/p>\n<p><iframe title=\"Minimalistische Edelstahl-Wasserflasche, umweltfreundliche Sport-Isolierflaschen mit Griff, MLH9105\" width=\"800\" height=\"450\" src=\"https:\/\/www.youtube.com\/embed\/rlv4OIb_p4U?feature=oembed\" frameborder=\"0\" allow=\"accelerometer; autoplay; clipboard-write; encrypted-media; gyroscope; picture-in-picture; web-share\" referrerpolicy=\"strict-origin-when-cross-origin\" allowfullscreen><\/iframe><\/p>","protected":false},"excerpt":{"rendered":"<p>Diese minimalistische, tragbare Isolierflasche ist aus langlebigem 316er Edelstahl und lebensmittelechten Materialien gefertigt.<br \/>\nDiese vakuumisolierte Wasserflasche aus Metall kann den Inhalt bis zu 6\u201312 Stunden lang hei\u00df oder eiskalt halten.<br \/>\nSie haben die Wahl zwischen zwei F\u00fcllmengen, 320 ml und 420 ml, und \u00fcber dem Flaschendeckel befindet sich ein Griff, der toll aussieht und sich beim Ausgehen gut mitnehmen l\u00e4sst.<br \/>\nDas Erscheinungsbild des Produkts ist schlicht und modern gestaltet und mit einem Tee-Ei aus Edelstahl ausgestattet, das das Aufbr\u00fchen und Trinken von Tee erleichtert.<br \/>\nOEM und ODM akzeptabel.<br \/>\nGerne individualisieren wir die Thermosflasche nach Ihren W\u00fcnschen.<br \/>\nWillkommen beim Gro\u00dfhandelskauf, senden Sie jetzt eine Anfrage!<\/p>","protected":false},"featured_media":8944,"comment_status":"open","ping_status":"closed","template":"","meta":{"_acf_changed":false},"product_brand":[],"product_cat":[18],"product_tag":[32,36,33,799,31,683,800,39,38,29,37,798,762,34,35,28,313,560,30],"class_list":{"0":"post-8943","1":"product","2":"type-product","3":"status-publish","4":"has-post-thumbnail","6":"product_cat-insulated-water-bottle","7":"product_tag-best","8":"product_tag-bulk","9":"product_tag-buy","10":"product_tag-colorful-oem-stainless-steel-drinking-water-bottle","11":"product_tag-custom","12":"product_tag-custom-water-bottles","13":"product_tag-cycle-water-bottle","14":"product_tag-for-sale","15":"product_tag-good-quality","16":"product_tag-manufacturers","17":"product_tag-manufacturing","18":"product_tag-minimalist-portable-vacuum-flask","19":"product_tag-nice-water-bottle","20":"product_tag-price","21":"product_tag-small","22":"product_tag-suppliers","23":"product_tag-water-bottle-for-women","24":"product_tag-water-bottle-with-sleeve","25":"product_tag-wholesale","27":"first","28":"instock","29":"shipping-taxable","30":"product-type-simple"},"acf":[],"yoast_head":"<!-- This site is optimized with the Yoast SEO Premium plugin v27.5 (Yoast SEO v27.5) - https:\/\/yoast.com\/product\/yoast-seo-premium-wordpress\/ -->\n<title>Minimalist Portable Vacuum Flask - Diller Water Bottle Manufacturer<\/title>\n<meta name=\"description\" content=\"As one of the best minimalist portable vacuum flask manufacturers and suppliers, we are engaged in manufacturing good quality water bottles. We warmly welcome you to wholesale or buy custom made minimalist portable vacuum flask at competitive price from us. Also, small quantity orders are acceptable.\" \/>\n<meta name=\"robots\" content=\"index, follow, max-snippet:-1, max-image-preview:large, max-video-preview:-1\" \/>\n<link rel=\"canonical\" href=\"https:\/\/www.dillerbottle.com\/de\/produkte\/minimalistische-tragbare-isolierflasche\" \/>\n<meta property=\"og:locale\" content=\"de_DE\" \/>\n<meta property=\"og:type\" content=\"article\" \/>\n<meta property=\"og:title\" content=\"Minimalist Portable Vacuum Flask\" \/>\n<meta property=\"og:description\" content=\"As one of the best minimalist portable vacuum flask manufacturers and suppliers, we are engaged in manufacturing good quality water bottles. We warmly welcome you to wholesale or buy custom made minimalist portable vacuum flask at competitive price from us. Also, small quantity orders are acceptable.\" \/>\n<meta property=\"og:url\" content=\"https:\/\/www.dillerbottle.com\/de\/produkte\/minimalistische-tragbare-isolierflasche\" \/>\n<meta property=\"og:site_name\" content=\"Diller Water Bottle Manufacturer\" \/>\n<meta property=\"article:modified_time\" content=\"2025-07-09T08:08:36+00:00\" \/>\n<meta property=\"og:image\" content=\"https:\/\/www.dillerbottle.com\/wp-content\/uploads\/2024\/09\/minimalist-portable-vacuum-flask089821ce-ea69-42d0-a9f8-a2826a253620.jpg\" \/>\n\t<meta property=\"og:image:width\" content=\"730\" \/>\n\t<meta property=\"og:image:height\" content=\"730\" \/>\n\t<meta property=\"og:image:type\" content=\"image\/jpeg\" \/>\n<meta name=\"twitter:card\" content=\"summary_large_image\" \/>\n<meta name=\"twitter:label1\" content=\"Gesch\u00e4tzte Lesezeit\" \/>\n\t<meta name=\"twitter:data1\" content=\"7\u00a0Minuten\" \/>\n<script type=\"application\/ld+json\" class=\"yoast-schema-graph\">{\"@context\":\"https:\\\/\\\/schema.org\",\"@graph\":[{\"@type\":\"WebPage\",\"@id\":\"https:\\\/\\\/www.dillerbottle.com\\\/th\\\/%e0%b8%aa%e0%b8%b4%e0%b8%99%e0%b8%84%e0%b9%89%e0%b8%b2\\\/%e0%b8%81%e0%b8%a3%e0%b8%b0%e0%b8%95%e0%b8%b4%e0%b8%81%e0%b8%99%e0%b9%89%e0%b8%b3%e0%b8%9e%e0%b8%81%e0%b8%9e%e0%b8%b2%e0%b9%81%e0%b8%9a%e0%b8%9a%e0%b8%a1%e0%b8%b4%e0%b8%99%e0%b8%b4%e0%b8%a1%e0%b8%ad\",\"url\":\"https:\\\/\\\/www.dillerbottle.com\\\/th\\\/%e0%b8%aa%e0%b8%b4%e0%b8%99%e0%b8%84%e0%b9%89%e0%b8%b2\\\/%e0%b8%81%e0%b8%a3%e0%b8%b0%e0%b8%95%e0%b8%b4%e0%b8%81%e0%b8%99%e0%b9%89%e0%b8%b3%e0%b8%9e%e0%b8%81%e0%b8%9e%e0%b8%b2%e0%b9%81%e0%b8%9a%e0%b8%9a%e0%b8%a1%e0%b8%b4%e0%b8%99%e0%b8%b4%e0%b8%a1%e0%b8%ad\",\"name\":\"Minimalist Portable Vacuum Flask - Diller Water Bottle Manufacturer\",\"isPartOf\":{\"@id\":\"https:\\\/\\\/www.dillerbottle.com\\\/#website\"},\"primaryImageOfPage\":{\"@id\":\"https:\\\/\\\/www.dillerbottle.com\\\/th\\\/%e0%b8%aa%e0%b8%b4%e0%b8%99%e0%b8%84%e0%b9%89%e0%b8%b2\\\/%e0%b8%81%e0%b8%a3%e0%b8%b0%e0%b8%95%e0%b8%b4%e0%b8%81%e0%b8%99%e0%b9%89%e0%b8%b3%e0%b8%9e%e0%b8%81%e0%b8%9e%e0%b8%b2%e0%b9%81%e0%b8%9a%e0%b8%9a%e0%b8%a1%e0%b8%b4%e0%b8%99%e0%b8%b4%e0%b8%a1%e0%b8%ad#primaryimage\"},\"image\":{\"@id\":\"https:\\\/\\\/www.dillerbottle.com\\\/th\\\/%e0%b8%aa%e0%b8%b4%e0%b8%99%e0%b8%84%e0%b9%89%e0%b8%b2\\\/%e0%b8%81%e0%b8%a3%e0%b8%b0%e0%b8%95%e0%b8%b4%e0%b8%81%e0%b8%99%e0%b9%89%e0%b8%b3%e0%b8%9e%e0%b8%81%e0%b8%9e%e0%b8%b2%e0%b9%81%e0%b8%9a%e0%b8%9a%e0%b8%a1%e0%b8%b4%e0%b8%99%e0%b8%b4%e0%b8%a1%e0%b8%ad#primaryimage\"},\"thumbnailUrl\":\"https:\\\/\\\/www.dillerbottle.com\\\/wp-content\\\/uploads\\\/2024\\\/09\\\/minimalist-portable-vacuum-flask089821ce-ea69-42d0-a9f8-a2826a253620.jpg\",\"datePublished\":\"2024-09-29T06:24:38+00:00\",\"dateModified\":\"2025-07-09T08:08:36+00:00\",\"description\":\"As one of the best minimalist portable vacuum flask manufacturers and suppliers, we are engaged in manufacturing good quality water bottles. We warmly welcome you to wholesale or buy custom made minimalist portable vacuum flask at competitive price from us. Also, small quantity orders are acceptable.\",\"breadcrumb\":{\"@id\":\"https:\\\/\\\/www.dillerbottle.com\\\/th\\\/%e0%b8%aa%e0%b8%b4%e0%b8%99%e0%b8%84%e0%b9%89%e0%b8%b2\\\/%e0%b8%81%e0%b8%a3%e0%b8%b0%e0%b8%95%e0%b8%b4%e0%b8%81%e0%b8%99%e0%b9%89%e0%b8%b3%e0%b8%9e%e0%b8%81%e0%b8%9e%e0%b8%b2%e0%b9%81%e0%b8%9a%e0%b8%9a%e0%b8%a1%e0%b8%b4%e0%b8%99%e0%b8%b4%e0%b8%a1%e0%b8%ad#breadcrumb\"},\"inLanguage\":\"de\",\"potentialAction\":[{\"@type\":\"ReadAction\",\"target\":[\"https:\\\/\\\/www.dillerbottle.com\\\/th\\\/%e0%b8%aa%e0%b8%b4%e0%b8%99%e0%b8%84%e0%b9%89%e0%b8%b2\\\/%e0%b8%81%e0%b8%a3%e0%b8%b0%e0%b8%95%e0%b8%b4%e0%b8%81%e0%b8%99%e0%b9%89%e0%b8%b3%e0%b8%9e%e0%b8%81%e0%b8%9e%e0%b8%b2%e0%b9%81%e0%b8%9a%e0%b8%9a%e0%b8%a1%e0%b8%b4%e0%b8%99%e0%b8%b4%e0%b8%a1%e0%b8%ad\"]}]},{\"@type\":\"ImageObject\",\"inLanguage\":\"de\",\"@id\":\"https:\\\/\\\/www.dillerbottle.com\\\/th\\\/%e0%b8%aa%e0%b8%b4%e0%b8%99%e0%b8%84%e0%b9%89%e0%b8%b2\\\/%e0%b8%81%e0%b8%a3%e0%b8%b0%e0%b8%95%e0%b8%b4%e0%b8%81%e0%b8%99%e0%b9%89%e0%b8%b3%e0%b8%9e%e0%b8%81%e0%b8%9e%e0%b8%b2%e0%b9%81%e0%b8%9a%e0%b8%9a%e0%b8%a1%e0%b8%b4%e0%b8%99%e0%b8%b4%e0%b8%a1%e0%b8%ad#primaryimage\",\"url\":\"https:\\\/\\\/www.dillerbottle.com\\\/wp-content\\\/uploads\\\/2024\\\/09\\\/minimalist-portable-vacuum-flask089821ce-ea69-42d0-a9f8-a2826a253620.jpg\",\"contentUrl\":\"https:\\\/\\\/www.dillerbottle.com\\\/wp-content\\\/uploads\\\/2024\\\/09\\\/minimalist-portable-vacuum-flask089821ce-ea69-42d0-a9f8-a2826a253620.jpg\",\"width\":730,\"height\":730},{\"@type\":\"BreadcrumbList\",\"@id\":\"https:\\\/\\\/www.dillerbottle.com\\\/th\\\/%e0%b8%aa%e0%b8%b4%e0%b8%99%e0%b8%84%e0%b9%89%e0%b8%b2\\\/%e0%b8%81%e0%b8%a3%e0%b8%b0%e0%b8%95%e0%b8%b4%e0%b8%81%e0%b8%99%e0%b9%89%e0%b8%b3%e0%b8%9e%e0%b8%81%e0%b8%9e%e0%b8%b2%e0%b9%81%e0%b8%9a%e0%b8%9a%e0%b8%a1%e0%b8%b4%e0%b8%99%e0%b8%b4%e0%b8%a1%e0%b8%ad#breadcrumb\",\"itemListElement\":[{\"@type\":\"ListItem\",\"position\":1,\"name\":\"Home\",\"item\":\"https:\\\/\\\/www.dillerbottle.com\\\/\"},{\"@type\":\"ListItem\",\"position\":2,\"name\":\"Products\",\"item\":\"https:\\\/\\\/www.dillerbottle.com\\\/shop\"},{\"@type\":\"ListItem\",\"position\":3,\"name\":\"Minimalist Portable Vacuum Flask\"}]},{\"@type\":\"WebSite\",\"@id\":\"https:\\\/\\\/www.dillerbottle.com\\\/#website\",\"url\":\"https:\\\/\\\/www.dillerbottle.com\\\/\",\"name\":\"Diller Water Bottle Manufacturer\",\"description\":\"Water Bottle Manufacturer\",\"publisher\":{\"@id\":\"https:\\\/\\\/www.dillerbottle.com\\\/#organization\"},\"potentialAction\":[{\"@type\":\"SearchAction\",\"target\":{\"@type\":\"EntryPoint\",\"urlTemplate\":\"https:\\\/\\\/www.dillerbottle.com\\\/?s={search_term_string}\"},\"query-input\":{\"@type\":\"PropertyValueSpecification\",\"valueRequired\":true,\"valueName\":\"search_term_string\"}}],\"inLanguage\":\"de\"},{\"@type\":\"Organization\",\"@id\":\"https:\\\/\\\/www.dillerbottle.com\\\/#organization\",\"name\":\"Diller Water Bottle Manufacturer\",\"url\":\"https:\\\/\\\/www.dillerbottle.com\\\/\",\"logo\":{\"@type\":\"ImageObject\",\"inLanguage\":\"de\",\"@id\":\"https:\\\/\\\/www.dillerbottle.com\\\/#\\\/schema\\\/logo\\\/image\\\/\",\"url\":\"https:\\\/\\\/www.dillerbottle.com\\\/wp-content\\\/uploads\\\/2024\\\/09\\\/49918bfa848dcc1e9f8b509933603ac.png\",\"contentUrl\":\"https:\\\/\\\/www.dillerbottle.com\\\/wp-content\\\/uploads\\\/2024\\\/09\\\/49918bfa848dcc1e9f8b509933603ac.png\",\"width\":988,\"height\":198,\"caption\":\"Diller Water Bottle Manufacturer\"},\"image\":{\"@id\":\"https:\\\/\\\/www.dillerbottle.com\\\/#\\\/schema\\\/logo\\\/image\\\/\"}}]}<\/script>\n<!-- \/ Yoast SEO Premium plugin. -->","yoast_head_json":{"title":"Minimalistische tragbare Vakuumflasche - Diller Wasserflaschenhersteller","description":"Als einer der besten Hersteller und Lieferanten minimalistischer tragbarer Vakuumflaschen sind wir auf die Herstellung hochwertiger Wasserflaschen spezialisiert. Wir hei\u00dfen Sie herzlich willkommen, bei uns ma\u00dfgeschneiderte minimalistische tragbare Vakuumflaschen im Gro\u00dfhandel zu kaufen oder zu wettbewerbsf\u00e4higen Preisen zu erwerben. Auch Bestellungen in kleinen Mengen sind akzeptabel.","robots":{"index":"index","follow":"follow","max-snippet":"max-snippet:-1","max-image-preview":"max-image-preview:large","max-video-preview":"max-video-preview:-1"},"canonical":"https:\/\/www.dillerbottle.com\/de\/produkte\/minimalistische-tragbare-isolierflasche","og_locale":"de_DE","og_type":"article","og_title":"Minimalist Portable Vacuum Flask","og_description":"As one of the best minimalist portable vacuum flask manufacturers and suppliers, we are engaged in manufacturing good quality water bottles. We warmly welcome you to wholesale or buy custom made minimalist portable vacuum flask at competitive price from us. Also, small quantity orders are acceptable.","og_url":"https:\/\/www.dillerbottle.com\/de\/produkte\/minimalistische-tragbare-isolierflasche","og_site_name":"Diller Water Bottle Manufacturer","article_modified_time":"2025-07-09T08:08:36+00:00","og_image":[{"width":730,"height":730,"url":"https:\/\/www.dillerbottle.com\/wp-content\/uploads\/2024\/09\/minimalist-portable-vacuum-flask089821ce-ea69-42d0-a9f8-a2826a253620.jpg","type":"image\/jpeg"}],"twitter_card":"summary_large_image","twitter_misc":{"Gesch\u00e4tzte Lesezeit":"7\u00a0Minuten"},"schema":{"@context":"https:\/\/schema.org","@graph":[{"@type":"WebPage","@id":"https:\/\/www.dillerbottle.com\/th\/%e0%b8%aa%e0%b8%b4%e0%b8%99%e0%b8%84%e0%b9%89%e0%b8%b2\/%e0%b8%81%e0%b8%a3%e0%b8%b0%e0%b8%95%e0%b8%b4%e0%b8%81%e0%b8%99%e0%b9%89%e0%b8%b3%e0%b8%9e%e0%b8%81%e0%b8%9e%e0%b8%b2%e0%b9%81%e0%b8%9a%e0%b8%9a%e0%b8%a1%e0%b8%b4%e0%b8%99%e0%b8%b4%e0%b8%a1%e0%b8%ad","url":"https:\/\/www.dillerbottle.com\/th\/%e0%b8%aa%e0%b8%b4%e0%b8%99%e0%b8%84%e0%b9%89%e0%b8%b2\/%e0%b8%81%e0%b8%a3%e0%b8%b0%e0%b8%95%e0%b8%b4%e0%b8%81%e0%b8%99%e0%b9%89%e0%b8%b3%e0%b8%9e%e0%b8%81%e0%b8%9e%e0%b8%b2%e0%b9%81%e0%b8%9a%e0%b8%9a%e0%b8%a1%e0%b8%b4%e0%b8%99%e0%b8%b4%e0%b8%a1%e0%b8%ad","name":"Minimalistische tragbare Vakuumflasche - Diller Wasserflaschenhersteller","isPartOf":{"@id":"https:\/\/www.dillerbottle.com\/#website"},"primaryImageOfPage":{"@id":"https:\/\/www.dillerbottle.com\/th\/%e0%b8%aa%e0%b8%b4%e0%b8%99%e0%b8%84%e0%b9%89%e0%b8%b2\/%e0%b8%81%e0%b8%a3%e0%b8%b0%e0%b8%95%e0%b8%b4%e0%b8%81%e0%b8%99%e0%b9%89%e0%b8%b3%e0%b8%9e%e0%b8%81%e0%b8%9e%e0%b8%b2%e0%b9%81%e0%b8%9a%e0%b8%9a%e0%b8%a1%e0%b8%b4%e0%b8%99%e0%b8%b4%e0%b8%a1%e0%b8%ad#primaryimage"},"image":{"@id":"https:\/\/www.dillerbottle.com\/th\/%e0%b8%aa%e0%b8%b4%e0%b8%99%e0%b8%84%e0%b9%89%e0%b8%b2\/%e0%b8%81%e0%b8%a3%e0%b8%b0%e0%b8%95%e0%b8%b4%e0%b8%81%e0%b8%99%e0%b9%89%e0%b8%b3%e0%b8%9e%e0%b8%81%e0%b8%9e%e0%b8%b2%e0%b9%81%e0%b8%9a%e0%b8%9a%e0%b8%a1%e0%b8%b4%e0%b8%99%e0%b8%b4%e0%b8%a1%e0%b8%ad#primaryimage"},"thumbnailUrl":"https:\/\/www.dillerbottle.com\/wp-content\/uploads\/2024\/09\/minimalist-portable-vacuum-flask089821ce-ea69-42d0-a9f8-a2826a253620.jpg","datePublished":"2024-09-29T06:24:38+00:00","dateModified":"2025-07-09T08:08:36+00:00","description":"Als einer der besten Hersteller und Lieferanten minimalistischer tragbarer Vakuumflaschen sind wir auf die Herstellung hochwertiger Wasserflaschen spezialisiert. Wir hei\u00dfen Sie herzlich willkommen, bei uns ma\u00dfgeschneiderte minimalistische tragbare Vakuumflaschen im Gro\u00dfhandel zu kaufen oder zu wettbewerbsf\u00e4higen Preisen zu erwerben. Auch Bestellungen in kleinen Mengen sind akzeptabel.","breadcrumb":{"@id":"https:\/\/www.dillerbottle.com\/th\/%e0%b8%aa%e0%b8%b4%e0%b8%99%e0%b8%84%e0%b9%89%e0%b8%b2\/%e0%b8%81%e0%b8%a3%e0%b8%b0%e0%b8%95%e0%b8%b4%e0%b8%81%e0%b8%99%e0%b9%89%e0%b8%b3%e0%b8%9e%e0%b8%81%e0%b8%9e%e0%b8%b2%e0%b9%81%e0%b8%9a%e0%b8%9a%e0%b8%a1%e0%b8%b4%e0%b8%99%e0%b8%b4%e0%b8%a1%e0%b8%ad#breadcrumb"},"inLanguage":"de","potentialAction":[{"@type":"ReadAction","target":["https:\/\/www.dillerbottle.com\/th\/%e0%b8%aa%e0%b8%b4%e0%b8%99%e0%b8%84%e0%b9%89%e0%b8%b2\/%e0%b8%81%e0%b8%a3%e0%b8%b0%e0%b8%95%e0%b8%b4%e0%b8%81%e0%b8%99%e0%b9%89%e0%b8%b3%e0%b8%9e%e0%b8%81%e0%b8%9e%e0%b8%b2%e0%b9%81%e0%b8%9a%e0%b8%9a%e0%b8%a1%e0%b8%b4%e0%b8%99%e0%b8%b4%e0%b8%a1%e0%b8%ad"]}]},{"@type":"ImageObject","inLanguage":"de","@id":"https:\/\/www.dillerbottle.com\/th\/%e0%b8%aa%e0%b8%b4%e0%b8%99%e0%b8%84%e0%b9%89%e0%b8%b2\/%e0%b8%81%e0%b8%a3%e0%b8%b0%e0%b8%95%e0%b8%b4%e0%b8%81%e0%b8%99%e0%b9%89%e0%b8%b3%e0%b8%9e%e0%b8%81%e0%b8%9e%e0%b8%b2%e0%b9%81%e0%b8%9a%e0%b8%9a%e0%b8%a1%e0%b8%b4%e0%b8%99%e0%b8%b4%e0%b8%a1%e0%b8%ad#primaryimage","url":"https:\/\/www.dillerbottle.com\/wp-content\/uploads\/2024\/09\/minimalist-portable-vacuum-flask089821ce-ea69-42d0-a9f8-a2826a253620.jpg","contentUrl":"https:\/\/www.dillerbottle.com\/wp-content\/uploads\/2024\/09\/minimalist-portable-vacuum-flask089821ce-ea69-42d0-a9f8-a2826a253620.jpg","width":730,"height":730},{"@type":"BreadcrumbList","@id":"https:\/\/www.dillerbottle.com\/th\/%e0%b8%aa%e0%b8%b4%e0%b8%99%e0%b8%84%e0%b9%89%e0%b8%b2\/%e0%b8%81%e0%b8%a3%e0%b8%b0%e0%b8%95%e0%b8%b4%e0%b8%81%e0%b8%99%e0%b9%89%e0%b8%b3%e0%b8%9e%e0%b8%81%e0%b8%9e%e0%b8%b2%e0%b9%81%e0%b8%9a%e0%b8%9a%e0%b8%a1%e0%b8%b4%e0%b8%99%e0%b8%b4%e0%b8%a1%e0%b8%ad#breadcrumb","itemListElement":[{"@type":"ListItem","position":1,"name":"Home","item":"https:\/\/www.dillerbottle.com\/"},{"@type":"ListItem","position":2,"name":"Products","item":"https:\/\/www.dillerbottle.com\/shop"},{"@type":"ListItem","position":3,"name":"Minimalist Portable Vacuum Flask"}]},{"@type":"WebSite","@id":"https:\/\/www.dillerbottle.com\/#website","url":"https:\/\/www.dillerbottle.com\/","name":"Diller Wasserflaschenhersteller","description":"Wasserflaschenhersteller","publisher":{"@id":"https:\/\/www.dillerbottle.com\/#organization"},"potentialAction":[{"@type":"SearchAction","target":{"@type":"EntryPoint","urlTemplate":"https:\/\/www.dillerbottle.com\/?s={search_term_string}"},"query-input":{"@type":"PropertyValueSpecification","valueRequired":true,"valueName":"search_term_string"}}],"inLanguage":"de"},{"@type":"Organization","@id":"https:\/\/www.dillerbottle.com\/#organization","name":"Diller Wasserflaschenhersteller","url":"https:\/\/www.dillerbottle.com\/","logo":{"@type":"ImageObject","inLanguage":"de","@id":"https:\/\/www.dillerbottle.com\/#\/schema\/logo\/image\/","url":"https:\/\/www.dillerbottle.com\/wp-content\/uploads\/2024\/09\/49918bfa848dcc1e9f8b509933603ac.png","contentUrl":"https:\/\/www.dillerbottle.com\/wp-content\/uploads\/2024\/09\/49918bfa848dcc1e9f8b509933603ac.png","width":988,"height":198,"caption":"Diller Water Bottle Manufacturer"},"image":{"@id":"https:\/\/www.dillerbottle.com\/#\/schema\/logo\/image\/"}}]}},"_links":{"self":[{"href":"https:\/\/www.dillerbottle.com\/de\/wp-json\/wp\/v2\/product\/8943","targetHints":{"allow":["GET"]}}],"collection":[{"href":"https:\/\/www.dillerbottle.com\/de\/wp-json\/wp\/v2\/product"}],"about":[{"href":"https:\/\/www.dillerbottle.com\/de\/wp-json\/wp\/v2\/types\/product"}],"replies":[{"embeddable":true,"href":"https:\/\/www.dillerbottle.com\/de\/wp-json\/wp\/v2\/comments?post=8943"}],"wp:featuredmedia":[{"embeddable":true,"href":"https:\/\/www.dillerbottle.com\/de\/wp-json\/wp\/v2\/media\/8944"}],"wp:attachment":[{"href":"https:\/\/www.dillerbottle.com\/de\/wp-json\/wp\/v2\/media?parent=8943"}],"wp:term":[{"taxonomy":"product_brand","embeddable":true,"href":"https:\/\/www.dillerbottle.com\/de\/wp-json\/wp\/v2\/product_brand?post=8943"},{"taxonomy":"product_cat","embeddable":true,"href":"https:\/\/www.dillerbottle.com\/de\/wp-json\/wp\/v2\/product_cat?post=8943"},{"taxonomy":"product_tag","embeddable":true,"href":"https:\/\/www.dillerbottle.com\/de\/wp-json\/wp\/v2\/product_tag?post=8943"}],"curies":[{"name":"wp","href":"https:\/\/api.w.org\/{rel}","templated":true}]}}