{"id":9540,"date":"2024-09-29T14:32:46","date_gmt":"2024-09-29T06:32:46","guid":{"rendered":"https:\/\/demo.dillerbottle.com\/products\/thermal-bottle-with-tea-infuser"},"modified":"2025-07-09T15:56:12","modified_gmt":"2025-07-09T07:56:12","slug":"thermosflasche-mit-teesieb","status":"publish","type":"product","link":"https:\/\/www.dillerbottle.com\/de\/products\/thermal-bottle-with-tea-infuser","title":{"rendered":"Thermosflasche mit Tee-Ei"},"content":{"rendered":"<p>1. Das Fassungsverm\u00f6gen von 470 ml reicht aus, um Ihren t\u00e4glichen Fl\u00fcssigkeitsbedarf zu decken. Das schlanke Design passt in alle Getr\u00e4nkehalter im Auto.<\/p>\n<p>2. Robuste, langlebige Qualit\u00e4t. Doppelwandiger, vakuumisolierter Edelstahl h\u00e4lt Getr\u00e4nke 24 Stunden kalt und 12 Stunden hei\u00df. Die Isoliertechnologie h\u00e4lt die Temperatur fest, um Geschmack und Frische zu bewahren. Hergestellt aus Edelstahl SUS 316 und lebensmittelechtem Edelstahl 304, Langlebigkeit ist garantiert.<\/p>\n<p>3. Der O-Ring aus lebensmittelechtem Silikon sorgt f\u00fcr Dichtheit und Auslaufsicherheit. Das Design der Thermos-Wasserflasche mit breiter \u00d6ffnung erm\u00f6glicht einfaches Bef\u00fcllen und Reinigen. F\u00fcllen Sie Ihre Wasserflasche mit Ihren Lieblingsgetr\u00e4nken und f\u00fchlen Sie sich den ganzen Tag gut gelaunt.<\/p>\n<p>4. Das Design eines Tee-Eis aus Edelstahl trennt Tee und Wasser, sodass das Teetrinken angenehmer wird.<\/p>\n<div style=\"width: 640px;\" class=\"wp-video\"><video class=\"wp-video-shortcode\" id=\"video-9540-1\" width=\"640\" height=\"360\" preload=\"metadata\" controls=\"controls\"><source type=\"video\/mp4\" src=\"\/wp-content\/uploads\/2024\/09\/66f8f49402eb7-video202302151631040214163.mp4?_=1\" \/><a href=\"\/wp-content\/uploads\/2024\/09\/66f8f49402eb7-video202302151631040214163.mp4\">\/wp-content\/uploads\/2024\/09\/66f8f49402eb7-video202302151631040214163.mp4<\/a><\/video><\/div>","protected":false},"excerpt":{"rendered":"<p>\u200b\u200b\u200b\u200bDiese Thermosflasche mit Tee-Ei ist aus langlebigem Edelstahl und lebensmittelechten Materialien gefertigt.<br \/>\nDiese Wasserflasche kann den Inhalt bis zu 6-12 Stunden lang hei\u00df oder eiskalt halten.<br \/>\nDas Design eines Tee-Ei aus Edelstahl trennt Tee und Wasser und macht das Teetrinken so angenehmer.<br \/>\nJedes Teil kann zur einfachen Reinigung zerlegt werden.<br \/>\nOEM und ODM akzeptabel.<br \/>\nWir k\u00f6nnen die Metall-Isolierflasche nach Ihren W\u00fcnschen gestalten.<br \/>\nWillkommen beim Gro\u00dfhandelskauf, senden Sie jetzt eine Anfrage!<\/p>","protected":false},"featured_media":9541,"comment_status":"open","ping_status":"closed","template":"","meta":{"_acf_changed":false},"product_brand":[],"product_cat":[18],"product_tag":[32,533,36,33,31,553,39,38,689,29,37,34,35,543,704,28,832,797,30],"class_list":{"0":"post-9540","1":"product","2":"type-product","3":"status-publish","4":"has-post-thumbnail","6":"product_cat-insulated-water-bottle","7":"product_tag-best","8":"product_tag-bpa-free-water-bottle","9":"product_tag-bulk","10":"product_tag-buy","11":"product_tag-custom","12":"product_tag-filtered-water-bottle","13":"product_tag-for-sale","14":"product_tag-good-quality","15":"product_tag-infuser-water-bottle-direct-drinking","16":"product_tag-manufacturers","17":"product_tag-manufacturing","18":"product_tag-price","19":"product_tag-small","20":"product_tag-smart-vacuum-insulated-water-bottle","21":"product_tag-steel-vacuum-insulated-water-bottle-outdoor","22":"product_tag-suppliers","23":"product_tag-thermal-bottle-with-tea-infuser","24":"product_tag-water-bottle-patent","25":"product_tag-wholesale","27":"first","28":"instock","29":"shipping-taxable","30":"product-type-simple"},"acf":[],"yoast_head":"<!-- This site is optimized with the Yoast SEO Premium plugin v27.4 (Yoast SEO v27.4) - https:\/\/yoast.com\/product\/yoast-seo-premium-wordpress\/ -->\n<title>Thermal Bottle With Tea Infuser - Diller Water Bottle Manufacturer<\/title>\n<meta name=\"description\" content=\"As one of the best thermal bottle with tea infuser manufacturers and suppliers, we are engaged in manufacturing good quality water bottles. We warmly welcome you to wholesale or buy custom made thermal bottle with tea infuser at competitive price from us. Also, small quantity orders are acceptable.\" \/>\n<meta name=\"robots\" content=\"index, follow, max-snippet:-1, max-image-preview:large, max-video-preview:-1\" \/>\n<link rel=\"canonical\" href=\"https:\/\/www.dillerbottle.com\/de\/produkte\/thermosflasche-mit-teesieb\" \/>\n<meta property=\"og:locale\" content=\"de_DE\" \/>\n<meta property=\"og:type\" content=\"article\" \/>\n<meta property=\"og:title\" content=\"Thermal Bottle With Tea Infuser\" \/>\n<meta property=\"og:description\" content=\"As one of the best thermal bottle with tea infuser manufacturers and suppliers, we are engaged in manufacturing good quality water bottles. We warmly welcome you to wholesale or buy custom made thermal bottle with tea infuser at competitive price from us. Also, small quantity orders are acceptable.\" \/>\n<meta property=\"og:url\" content=\"https:\/\/www.dillerbottle.com\/de\/produkte\/thermosflasche-mit-teesieb\" \/>\n<meta property=\"og:site_name\" content=\"Diller Water Bottle Manufacturer\" \/>\n<meta property=\"article:modified_time\" content=\"2025-07-09T07:56:12+00:00\" \/>\n<meta property=\"og:image\" content=\"https:\/\/www.dillerbottle.com\/wp-content\/uploads\/2024\/09\/thermal-bottle-with-tea-infuserf3f04490-7de9-4a03-9ce3-99a5175bc5bc.jpg\" \/>\n\t<meta property=\"og:image:width\" content=\"730\" \/>\n\t<meta property=\"og:image:height\" content=\"730\" \/>\n\t<meta property=\"og:image:type\" content=\"image\/jpeg\" \/>\n<meta name=\"twitter:card\" content=\"summary_large_image\" \/>\n<meta name=\"twitter:label1\" content=\"Gesch\u00e4tzte Lesezeit\" \/>\n\t<meta name=\"twitter:data1\" content=\"6\u00a0Minuten\" \/>\n<script type=\"application\/ld+json\" class=\"yoast-schema-graph\">{\"@context\":\"https:\\\/\\\/schema.org\",\"@graph\":[{\"@type\":\"WebPage\",\"@id\":\"https:\\\/\\\/www.dillerbottle.com\\\/nl\\\/producten\\\/thermosfles-met-thee-infuser\",\"url\":\"https:\\\/\\\/www.dillerbottle.com\\\/nl\\\/producten\\\/thermosfles-met-thee-infuser\",\"name\":\"Thermal Bottle With Tea Infuser - Diller Water Bottle Manufacturer\",\"isPartOf\":{\"@id\":\"https:\\\/\\\/www.dillerbottle.com\\\/#website\"},\"primaryImageOfPage\":{\"@id\":\"https:\\\/\\\/www.dillerbottle.com\\\/nl\\\/producten\\\/thermosfles-met-thee-infuser#primaryimage\"},\"image\":{\"@id\":\"https:\\\/\\\/www.dillerbottle.com\\\/nl\\\/producten\\\/thermosfles-met-thee-infuser#primaryimage\"},\"thumbnailUrl\":\"https:\\\/\\\/www.dillerbottle.com\\\/wp-content\\\/uploads\\\/2024\\\/09\\\/thermal-bottle-with-tea-infuserf3f04490-7de9-4a03-9ce3-99a5175bc5bc.jpg\",\"datePublished\":\"2024-09-29T06:32:46+00:00\",\"dateModified\":\"2025-07-09T07:56:12+00:00\",\"description\":\"As one of the best thermal bottle with tea infuser manufacturers and suppliers, we are engaged in manufacturing good quality water bottles. We warmly welcome you to wholesale or buy custom made thermal bottle with tea infuser at competitive price from us. Also, small quantity orders are acceptable.\",\"breadcrumb\":{\"@id\":\"https:\\\/\\\/www.dillerbottle.com\\\/nl\\\/producten\\\/thermosfles-met-thee-infuser#breadcrumb\"},\"inLanguage\":\"de\",\"potentialAction\":[{\"@type\":\"ReadAction\",\"target\":[\"https:\\\/\\\/www.dillerbottle.com\\\/nl\\\/producten\\\/thermosfles-met-thee-infuser\"]}]},{\"@type\":\"ImageObject\",\"inLanguage\":\"de\",\"@id\":\"https:\\\/\\\/www.dillerbottle.com\\\/nl\\\/producten\\\/thermosfles-met-thee-infuser#primaryimage\",\"url\":\"https:\\\/\\\/www.dillerbottle.com\\\/wp-content\\\/uploads\\\/2024\\\/09\\\/thermal-bottle-with-tea-infuserf3f04490-7de9-4a03-9ce3-99a5175bc5bc.jpg\",\"contentUrl\":\"https:\\\/\\\/www.dillerbottle.com\\\/wp-content\\\/uploads\\\/2024\\\/09\\\/thermal-bottle-with-tea-infuserf3f04490-7de9-4a03-9ce3-99a5175bc5bc.jpg\",\"width\":730,\"height\":730},{\"@type\":\"BreadcrumbList\",\"@id\":\"https:\\\/\\\/www.dillerbottle.com\\\/nl\\\/producten\\\/thermosfles-met-thee-infuser#breadcrumb\",\"itemListElement\":[{\"@type\":\"ListItem\",\"position\":1,\"name\":\"Home\",\"item\":\"https:\\\/\\\/www.dillerbottle.com\\\/\"},{\"@type\":\"ListItem\",\"position\":2,\"name\":\"Products\",\"item\":\"https:\\\/\\\/www.dillerbottle.com\\\/shop\"},{\"@type\":\"ListItem\",\"position\":3,\"name\":\"Thermal Bottle With Tea Infuser\"}]},{\"@type\":\"WebSite\",\"@id\":\"https:\\\/\\\/www.dillerbottle.com\\\/#website\",\"url\":\"https:\\\/\\\/www.dillerbottle.com\\\/\",\"name\":\"Diller Water Bottle Manufacturer\",\"description\":\"Water Bottle Manufacturer\",\"publisher\":{\"@id\":\"https:\\\/\\\/www.dillerbottle.com\\\/#organization\"},\"potentialAction\":[{\"@type\":\"SearchAction\",\"target\":{\"@type\":\"EntryPoint\",\"urlTemplate\":\"https:\\\/\\\/www.dillerbottle.com\\\/?s={search_term_string}\"},\"query-input\":{\"@type\":\"PropertyValueSpecification\",\"valueRequired\":true,\"valueName\":\"search_term_string\"}}],\"inLanguage\":\"de\"},{\"@type\":\"Organization\",\"@id\":\"https:\\\/\\\/www.dillerbottle.com\\\/#organization\",\"name\":\"Diller Water Bottle Manufacturer\",\"url\":\"https:\\\/\\\/www.dillerbottle.com\\\/\",\"logo\":{\"@type\":\"ImageObject\",\"inLanguage\":\"de\",\"@id\":\"https:\\\/\\\/www.dillerbottle.com\\\/#\\\/schema\\\/logo\\\/image\\\/\",\"url\":\"https:\\\/\\\/www.dillerbottle.com\\\/wp-content\\\/uploads\\\/2024\\\/09\\\/49918bfa848dcc1e9f8b509933603ac.png\",\"contentUrl\":\"https:\\\/\\\/www.dillerbottle.com\\\/wp-content\\\/uploads\\\/2024\\\/09\\\/49918bfa848dcc1e9f8b509933603ac.png\",\"width\":988,\"height\":198,\"caption\":\"Diller Water Bottle Manufacturer\"},\"image\":{\"@id\":\"https:\\\/\\\/www.dillerbottle.com\\\/#\\\/schema\\\/logo\\\/image\\\/\"}}]}<\/script>\n<!-- \/ Yoast SEO Premium plugin. -->","yoast_head_json":{"title":"Thermosflasche mit Tee-Ei - Diller Wasserflaschenhersteller","description":"Als einer der besten Hersteller und Lieferanten von Thermoflaschen mit Teesieb sind wir auf die Herstellung hochwertiger Wasserflaschen spezialisiert. Wir hei\u00dfen Sie herzlich willkommen, bei uns ma\u00dfgeschneiderte Thermoflaschen mit Teesieb zu Gro\u00dfhandelspreisen zu kaufen oder zu wettbewerbsf\u00e4higen Preisen zu erwerben. Auch Bestellungen in kleinen Mengen sind m\u00f6glich.","robots":{"index":"index","follow":"follow","max-snippet":"max-snippet:-1","max-image-preview":"max-image-preview:large","max-video-preview":"max-video-preview:-1"},"canonical":"https:\/\/www.dillerbottle.com\/de\/produkte\/thermosflasche-mit-teesieb","og_locale":"de_DE","og_type":"article","og_title":"Thermal Bottle With Tea Infuser","og_description":"As one of the best thermal bottle with tea infuser manufacturers and suppliers, we are engaged in manufacturing good quality water bottles. We warmly welcome you to wholesale or buy custom made thermal bottle with tea infuser at competitive price from us. Also, small quantity orders are acceptable.","og_url":"https:\/\/www.dillerbottle.com\/de\/produkte\/thermosflasche-mit-teesieb","og_site_name":"Diller Water Bottle Manufacturer","article_modified_time":"2025-07-09T07:56:12+00:00","og_image":[{"width":730,"height":730,"url":"https:\/\/www.dillerbottle.com\/wp-content\/uploads\/2024\/09\/thermal-bottle-with-tea-infuserf3f04490-7de9-4a03-9ce3-99a5175bc5bc.jpg","type":"image\/jpeg"}],"twitter_card":"summary_large_image","twitter_misc":{"Gesch\u00e4tzte Lesezeit":"6\u00a0Minuten"},"schema":{"@context":"https:\/\/schema.org","@graph":[{"@type":"WebPage","@id":"https:\/\/www.dillerbottle.com\/nl\/producten\/thermosfles-met-thee-infuser","url":"https:\/\/www.dillerbottle.com\/nl\/producten\/thermosfles-met-thee-infuser","name":"Thermosflasche mit Tee-Ei - Diller Wasserflaschenhersteller","isPartOf":{"@id":"https:\/\/www.dillerbottle.com\/#website"},"primaryImageOfPage":{"@id":"https:\/\/www.dillerbottle.com\/nl\/producten\/thermosfles-met-thee-infuser#primaryimage"},"image":{"@id":"https:\/\/www.dillerbottle.com\/nl\/producten\/thermosfles-met-thee-infuser#primaryimage"},"thumbnailUrl":"https:\/\/www.dillerbottle.com\/wp-content\/uploads\/2024\/09\/thermal-bottle-with-tea-infuserf3f04490-7de9-4a03-9ce3-99a5175bc5bc.jpg","datePublished":"2024-09-29T06:32:46+00:00","dateModified":"2025-07-09T07:56:12+00:00","description":"Als einer der besten Hersteller und Lieferanten von Thermoflaschen mit Teesieb sind wir auf die Herstellung hochwertiger Wasserflaschen spezialisiert. Wir hei\u00dfen Sie herzlich willkommen, bei uns ma\u00dfgeschneiderte Thermoflaschen mit Teesieb zu Gro\u00dfhandelspreisen zu kaufen oder zu wettbewerbsf\u00e4higen Preisen zu erwerben. Auch Bestellungen in kleinen Mengen sind m\u00f6glich.","breadcrumb":{"@id":"https:\/\/www.dillerbottle.com\/nl\/producten\/thermosfles-met-thee-infuser#breadcrumb"},"inLanguage":"de","potentialAction":[{"@type":"ReadAction","target":["https:\/\/www.dillerbottle.com\/nl\/producten\/thermosfles-met-thee-infuser"]}]},{"@type":"ImageObject","inLanguage":"de","@id":"https:\/\/www.dillerbottle.com\/nl\/producten\/thermosfles-met-thee-infuser#primaryimage","url":"https:\/\/www.dillerbottle.com\/wp-content\/uploads\/2024\/09\/thermal-bottle-with-tea-infuserf3f04490-7de9-4a03-9ce3-99a5175bc5bc.jpg","contentUrl":"https:\/\/www.dillerbottle.com\/wp-content\/uploads\/2024\/09\/thermal-bottle-with-tea-infuserf3f04490-7de9-4a03-9ce3-99a5175bc5bc.jpg","width":730,"height":730},{"@type":"BreadcrumbList","@id":"https:\/\/www.dillerbottle.com\/nl\/producten\/thermosfles-met-thee-infuser#breadcrumb","itemListElement":[{"@type":"ListItem","position":1,"name":"Home","item":"https:\/\/www.dillerbottle.com\/"},{"@type":"ListItem","position":2,"name":"Products","item":"https:\/\/www.dillerbottle.com\/shop"},{"@type":"ListItem","position":3,"name":"Thermal Bottle With Tea Infuser"}]},{"@type":"WebSite","@id":"https:\/\/www.dillerbottle.com\/#website","url":"https:\/\/www.dillerbottle.com\/","name":"Diller Wasserflaschenhersteller","description":"Wasserflaschenhersteller","publisher":{"@id":"https:\/\/www.dillerbottle.com\/#organization"},"potentialAction":[{"@type":"SearchAction","target":{"@type":"EntryPoint","urlTemplate":"https:\/\/www.dillerbottle.com\/?s={search_term_string}"},"query-input":{"@type":"PropertyValueSpecification","valueRequired":true,"valueName":"search_term_string"}}],"inLanguage":"de"},{"@type":"Organization","@id":"https:\/\/www.dillerbottle.com\/#organization","name":"Diller Wasserflaschenhersteller","url":"https:\/\/www.dillerbottle.com\/","logo":{"@type":"ImageObject","inLanguage":"de","@id":"https:\/\/www.dillerbottle.com\/#\/schema\/logo\/image\/","url":"https:\/\/www.dillerbottle.com\/wp-content\/uploads\/2024\/09\/49918bfa848dcc1e9f8b509933603ac.png","contentUrl":"https:\/\/www.dillerbottle.com\/wp-content\/uploads\/2024\/09\/49918bfa848dcc1e9f8b509933603ac.png","width":988,"height":198,"caption":"Diller Water Bottle Manufacturer"},"image":{"@id":"https:\/\/www.dillerbottle.com\/#\/schema\/logo\/image\/"}}]}},"_links":{"self":[{"href":"https:\/\/www.dillerbottle.com\/de\/wp-json\/wp\/v2\/product\/9540","targetHints":{"allow":["GET"]}}],"collection":[{"href":"https:\/\/www.dillerbottle.com\/de\/wp-json\/wp\/v2\/product"}],"about":[{"href":"https:\/\/www.dillerbottle.com\/de\/wp-json\/wp\/v2\/types\/product"}],"replies":[{"embeddable":true,"href":"https:\/\/www.dillerbottle.com\/de\/wp-json\/wp\/v2\/comments?post=9540"}],"wp:featuredmedia":[{"embeddable":true,"href":"https:\/\/www.dillerbottle.com\/de\/wp-json\/wp\/v2\/media\/9541"}],"wp:attachment":[{"href":"https:\/\/www.dillerbottle.com\/de\/wp-json\/wp\/v2\/media?parent=9540"}],"wp:term":[{"taxonomy":"product_brand","embeddable":true,"href":"https:\/\/www.dillerbottle.com\/de\/wp-json\/wp\/v2\/product_brand?post=9540"},{"taxonomy":"product_cat","embeddable":true,"href":"https:\/\/www.dillerbottle.com\/de\/wp-json\/wp\/v2\/product_cat?post=9540"},{"taxonomy":"product_tag","embeddable":true,"href":"https:\/\/www.dillerbottle.com\/de\/wp-json\/wp\/v2\/product_tag?post=9540"}],"curies":[{"name":"wp","href":"https:\/\/api.w.org\/{rel}","templated":true}]}}