{"id":9948,"date":"2024-09-29T14:38:29","date_gmt":"2024-09-29T06:38:29","guid":{"rendered":"https:\/\/demo.dillerbottle.com\/products\/large-thermal-bottle-with-handle"},"modified":"2025-07-09T15:47:47","modified_gmt":"2025-07-09T07:47:47","slug":"grose-thermosflasche-mit-tragegriff","status":"publish","type":"product","link":"https:\/\/www.dillerbottle.com\/de\/products\/large-thermal-bottle-with-handle","title":{"rendered":"Gro\u00dfe Thermosflasche mit Henkel"},"content":{"rendered":"<p>1. Die gro\u00dfe Thermosflasche mit Griff besteht aus hochwertigem Edelstahl 316, der den FDA-Test bestanden hat und vollst\u00e4ndig oxidations- und korrosionsbest\u00e4ndig ist. Langlebiger.<\/p>\n<p>2. Dank fortschrittlicher Vakuumisolationstechnologie h\u00e4lt diese doppelwandige Thermowasserflasche Getr\u00e4nke bis zu 12 Stunden kalt und bis zu 6 Stunden hei\u00df.<\/p>\n<p>3. Gro\u00dfes Fassungsverm\u00f6gen. Die gro\u00dfe doppelwandige Thermowasserflasche von Diller (50 oz) fasst genug Fl\u00fcssigkeit, damit Sie w\u00e4hrend Ihres aktiven Tages ausreichend hydriert bleiben.<\/p>\n<p>4. Der bequeme, breite Griff bietet Platz f\u00fcr die gesamte Handfl\u00e4che und erleichtert so das Tragen.<br \/>\n5. Die Trink\u00f6ffnung der Strohhalm-Abdeckung l\u00e4sst sich leicht \u00f6ffnen, sodass Sie auch w\u00e4hrend der Bewegung Ihre Feuchtigkeit bewahren k\u00f6nnen.<\/p>","protected":false},"excerpt":{"rendered":"<p>Diese gro\u00dfe Thermosflasche mit Griff ist aus langlebigem Edelstahl und lebensmittelechten Materialien gefertigt.<br \/>\nDiese isolierte Wasserflasche kann den Inhalt bis zu 6\u201312 Stunden lang hei\u00df oder eiskalt halten.<br \/>\nDer Griff am Becherdeckel erm\u00f6glicht ein bequemeres Tragen.<br \/>\nOEM und ODM akzeptabel.<br \/>\nWir k\u00f6nnen die Thermoskanne aus Metall nach Ihren W\u00fcnschen individualisieren.<br \/>\nWillkommen beim Gro\u00dfhandelskauf, senden Sie jetzt eine Anfrage!<\/p>","protected":false},"featured_media":9949,"comment_status":"open","ping_status":"closed","template":"","meta":{"_acf_changed":false},"product_brand":[],"product_cat":[18],"product_tag":[32,36,33,31,39,38,679,778,853,769,29,37,522,34,35,28,842,697,30],"class_list":{"0":"post-9948","1":"product","2":"type-product","3":"status-publish","4":"has-post-thumbnail","6":"product_cat-insulated-water-bottle","7":"product_tag-best","8":"product_tag-bulk","9":"product_tag-buy","10":"product_tag-custom","11":"product_tag-for-sale","12":"product_tag-good-quality","13":"product_tag-gym-oem-double-wall-stainless-steel-water-bottles","14":"product_tag-insulated-water-bottle-thermal-flask-vacuum-bottle","15":"product_tag-large-thermal-bottle-with-handle","16":"product_tag-lid-double-wall-304-stainless-steel-water-bottle","17":"product_tag-manufacturers","18":"product_tag-manufacturing","19":"product_tag-mini-water-bottle","20":"product_tag-price","21":"product_tag-small","22":"product_tag-suppliers","23":"product_tag-water-bottle-new-design","24":"product_tag-water-bottle-with-storage","25":"product_tag-wholesale","27":"first","28":"instock","29":"shipping-taxable","30":"product-type-simple"},"acf":[],"yoast_head":"<!-- This site is optimized with the Yoast SEO Premium plugin v27.4 (Yoast SEO v27.4) - https:\/\/yoast.com\/product\/yoast-seo-premium-wordpress\/ -->\n<title>Large Thermal Bottle With Handle - Diller Water Bottle Manufacturer<\/title>\n<meta name=\"description\" content=\"As one of the best large thermal bottle with handle manufacturers and suppliers, we are engaged in manufacturing good quality water bottles. We warmly welcome you to wholesale or buy custom made large thermal bottle with handle at competitive price from us. Also, small quantity orders are acceptable.\" \/>\n<meta name=\"robots\" content=\"index, follow, max-snippet:-1, max-image-preview:large, max-video-preview:-1\" \/>\n<link rel=\"canonical\" href=\"https:\/\/www.dillerbottle.com\/de\/produkte\/grose-thermosflasche-mit-tragegriff\" \/>\n<meta property=\"og:locale\" content=\"de_DE\" \/>\n<meta property=\"og:type\" content=\"article\" \/>\n<meta property=\"og:title\" content=\"Large Thermal Bottle With Handle\" \/>\n<meta property=\"og:description\" content=\"As one of the best large thermal bottle with handle manufacturers and suppliers, we are engaged in manufacturing good quality water bottles. We warmly welcome you to wholesale or buy custom made large thermal bottle with handle at competitive price from us. Also, small quantity orders are acceptable.\" \/>\n<meta property=\"og:url\" content=\"https:\/\/www.dillerbottle.com\/de\/produkte\/grose-thermosflasche-mit-tragegriff\" \/>\n<meta property=\"og:site_name\" content=\"Diller Water Bottle Manufacturer\" \/>\n<meta property=\"article:modified_time\" content=\"2025-07-09T07:47:47+00:00\" \/>\n<meta property=\"og:image\" content=\"https:\/\/www.dillerbottle.com\/wp-content\/uploads\/2024\/09\/large-thermal-bottle-with-handleb10bbc6e-515a-4a7a-b8f7-140386d308af.jpg\" \/>\n\t<meta property=\"og:image:width\" content=\"730\" \/>\n\t<meta property=\"og:image:height\" content=\"730\" \/>\n\t<meta property=\"og:image:type\" content=\"image\/jpeg\" \/>\n<meta name=\"twitter:card\" content=\"summary_large_image\" \/>\n<meta name=\"twitter:label1\" content=\"Gesch\u00e4tzte Lesezeit\" \/>\n\t<meta name=\"twitter:data1\" content=\"6\u00a0Minuten\" \/>\n<script type=\"application\/ld+json\" class=\"yoast-schema-graph\">{\"@context\":\"https:\\\/\\\/schema.org\",\"@graph\":[{\"@type\":\"WebPage\",\"@id\":\"https:\\\/\\\/www.dillerbottle.com\\\/products\\\/large-thermal-bottle-with-handle\",\"url\":\"https:\\\/\\\/www.dillerbottle.com\\\/products\\\/large-thermal-bottle-with-handle\",\"name\":\"Large Thermal Bottle With Handle - Diller Water Bottle Manufacturer\",\"isPartOf\":{\"@id\":\"https:\\\/\\\/www.dillerbottle.com\\\/#website\"},\"primaryImageOfPage\":{\"@id\":\"https:\\\/\\\/www.dillerbottle.com\\\/products\\\/large-thermal-bottle-with-handle#primaryimage\"},\"image\":{\"@id\":\"https:\\\/\\\/www.dillerbottle.com\\\/products\\\/large-thermal-bottle-with-handle#primaryimage\"},\"thumbnailUrl\":\"https:\\\/\\\/www.dillerbottle.com\\\/wp-content\\\/uploads\\\/2024\\\/09\\\/large-thermal-bottle-with-handleb10bbc6e-515a-4a7a-b8f7-140386d308af.jpg\",\"datePublished\":\"2024-09-29T06:38:29+00:00\",\"dateModified\":\"2025-07-09T07:47:47+00:00\",\"description\":\"As one of the best large thermal bottle with handle manufacturers and suppliers, we are engaged in manufacturing good quality water bottles. We warmly welcome you to wholesale or buy custom made large thermal bottle with handle at competitive price from us. Also, small quantity orders are acceptable.\",\"breadcrumb\":{\"@id\":\"https:\\\/\\\/www.dillerbottle.com\\\/products\\\/large-thermal-bottle-with-handle#breadcrumb\"},\"inLanguage\":\"de\",\"potentialAction\":[{\"@type\":\"ReadAction\",\"target\":[\"https:\\\/\\\/www.dillerbottle.com\\\/products\\\/large-thermal-bottle-with-handle\"]}]},{\"@type\":\"ImageObject\",\"inLanguage\":\"de\",\"@id\":\"https:\\\/\\\/www.dillerbottle.com\\\/products\\\/large-thermal-bottle-with-handle#primaryimage\",\"url\":\"https:\\\/\\\/www.dillerbottle.com\\\/wp-content\\\/uploads\\\/2024\\\/09\\\/large-thermal-bottle-with-handleb10bbc6e-515a-4a7a-b8f7-140386d308af.jpg\",\"contentUrl\":\"https:\\\/\\\/www.dillerbottle.com\\\/wp-content\\\/uploads\\\/2024\\\/09\\\/large-thermal-bottle-with-handleb10bbc6e-515a-4a7a-b8f7-140386d308af.jpg\",\"width\":730,\"height\":730},{\"@type\":\"BreadcrumbList\",\"@id\":\"https:\\\/\\\/www.dillerbottle.com\\\/products\\\/large-thermal-bottle-with-handle#breadcrumb\",\"itemListElement\":[{\"@type\":\"ListItem\",\"position\":1,\"name\":\"Home\",\"item\":\"https:\\\/\\\/www.dillerbottle.com\\\/\"},{\"@type\":\"ListItem\",\"position\":2,\"name\":\"Products\",\"item\":\"https:\\\/\\\/www.dillerbottle.com\\\/shop\"},{\"@type\":\"ListItem\",\"position\":3,\"name\":\"Large Thermal Bottle With Handle\"}]},{\"@type\":\"WebSite\",\"@id\":\"https:\\\/\\\/www.dillerbottle.com\\\/#website\",\"url\":\"https:\\\/\\\/www.dillerbottle.com\\\/\",\"name\":\"Diller Water Bottle Manufacturer\",\"description\":\"Water Bottle Manufacturer\",\"publisher\":{\"@id\":\"https:\\\/\\\/www.dillerbottle.com\\\/#organization\"},\"potentialAction\":[{\"@type\":\"SearchAction\",\"target\":{\"@type\":\"EntryPoint\",\"urlTemplate\":\"https:\\\/\\\/www.dillerbottle.com\\\/?s={search_term_string}\"},\"query-input\":{\"@type\":\"PropertyValueSpecification\",\"valueRequired\":true,\"valueName\":\"search_term_string\"}}],\"inLanguage\":\"de\"},{\"@type\":\"Organization\",\"@id\":\"https:\\\/\\\/www.dillerbottle.com\\\/#organization\",\"name\":\"Diller Water Bottle Manufacturer\",\"url\":\"https:\\\/\\\/www.dillerbottle.com\\\/\",\"logo\":{\"@type\":\"ImageObject\",\"inLanguage\":\"de\",\"@id\":\"https:\\\/\\\/www.dillerbottle.com\\\/#\\\/schema\\\/logo\\\/image\\\/\",\"url\":\"https:\\\/\\\/www.dillerbottle.com\\\/wp-content\\\/uploads\\\/2024\\\/09\\\/49918bfa848dcc1e9f8b509933603ac.png\",\"contentUrl\":\"https:\\\/\\\/www.dillerbottle.com\\\/wp-content\\\/uploads\\\/2024\\\/09\\\/49918bfa848dcc1e9f8b509933603ac.png\",\"width\":988,\"height\":198,\"caption\":\"Diller Water Bottle Manufacturer\"},\"image\":{\"@id\":\"https:\\\/\\\/www.dillerbottle.com\\\/#\\\/schema\\\/logo\\\/image\\\/\"}}]}<\/script>\n<!-- \/ Yoast SEO Premium plugin. -->","yoast_head_json":{"title":"Gro\u00dfe Thermosflasche mit Griff - Diller Wasserflaschenhersteller","description":"Als einer der besten Hersteller und Lieferanten von gro\u00dfen Thermoflaschen mit Griffen sind wir auf die Herstellung hochwertiger Wasserflaschen spezialisiert. Wir hei\u00dfen Sie herzlich willkommen, gro\u00dfe Thermoflaschen mit Griffen im Gro\u00dfhandel zu kaufen oder sie zu einem wettbewerbsf\u00e4higen Preis bei uns zu bestellen. Auch Bestellungen in kleinen Mengen sind m\u00f6glich.","robots":{"index":"index","follow":"follow","max-snippet":"max-snippet:-1","max-image-preview":"max-image-preview:large","max-video-preview":"max-video-preview:-1"},"canonical":"https:\/\/www.dillerbottle.com\/de\/produkte\/grose-thermosflasche-mit-tragegriff","og_locale":"de_DE","og_type":"article","og_title":"Large Thermal Bottle With Handle","og_description":"As one of the best large thermal bottle with handle manufacturers and suppliers, we are engaged in manufacturing good quality water bottles. We warmly welcome you to wholesale or buy custom made large thermal bottle with handle at competitive price from us. Also, small quantity orders are acceptable.","og_url":"https:\/\/www.dillerbottle.com\/de\/produkte\/grose-thermosflasche-mit-tragegriff","og_site_name":"Diller Water Bottle Manufacturer","article_modified_time":"2025-07-09T07:47:47+00:00","og_image":[{"width":730,"height":730,"url":"https:\/\/www.dillerbottle.com\/wp-content\/uploads\/2024\/09\/large-thermal-bottle-with-handleb10bbc6e-515a-4a7a-b8f7-140386d308af.jpg","type":"image\/jpeg"}],"twitter_card":"summary_large_image","twitter_misc":{"Gesch\u00e4tzte Lesezeit":"6\u00a0Minuten"},"schema":{"@context":"https:\/\/schema.org","@graph":[{"@type":"WebPage","@id":"https:\/\/www.dillerbottle.com\/products\/large-thermal-bottle-with-handle","url":"https:\/\/www.dillerbottle.com\/products\/large-thermal-bottle-with-handle","name":"Gro\u00dfe Thermosflasche mit Griff - Diller Wasserflaschenhersteller","isPartOf":{"@id":"https:\/\/www.dillerbottle.com\/#website"},"primaryImageOfPage":{"@id":"https:\/\/www.dillerbottle.com\/products\/large-thermal-bottle-with-handle#primaryimage"},"image":{"@id":"https:\/\/www.dillerbottle.com\/products\/large-thermal-bottle-with-handle#primaryimage"},"thumbnailUrl":"https:\/\/www.dillerbottle.com\/wp-content\/uploads\/2024\/09\/large-thermal-bottle-with-handleb10bbc6e-515a-4a7a-b8f7-140386d308af.jpg","datePublished":"2024-09-29T06:38:29+00:00","dateModified":"2025-07-09T07:47:47+00:00","description":"Als einer der besten Hersteller und Lieferanten von gro\u00dfen Thermoflaschen mit Griffen sind wir auf die Herstellung hochwertiger Wasserflaschen spezialisiert. Wir hei\u00dfen Sie herzlich willkommen, gro\u00dfe Thermoflaschen mit Griffen im Gro\u00dfhandel zu kaufen oder sie zu einem wettbewerbsf\u00e4higen Preis bei uns zu bestellen. Auch Bestellungen in kleinen Mengen sind m\u00f6glich.","breadcrumb":{"@id":"https:\/\/www.dillerbottle.com\/products\/large-thermal-bottle-with-handle#breadcrumb"},"inLanguage":"de","potentialAction":[{"@type":"ReadAction","target":["https:\/\/www.dillerbottle.com\/products\/large-thermal-bottle-with-handle"]}]},{"@type":"ImageObject","inLanguage":"de","@id":"https:\/\/www.dillerbottle.com\/products\/large-thermal-bottle-with-handle#primaryimage","url":"https:\/\/www.dillerbottle.com\/wp-content\/uploads\/2024\/09\/large-thermal-bottle-with-handleb10bbc6e-515a-4a7a-b8f7-140386d308af.jpg","contentUrl":"https:\/\/www.dillerbottle.com\/wp-content\/uploads\/2024\/09\/large-thermal-bottle-with-handleb10bbc6e-515a-4a7a-b8f7-140386d308af.jpg","width":730,"height":730},{"@type":"BreadcrumbList","@id":"https:\/\/www.dillerbottle.com\/products\/large-thermal-bottle-with-handle#breadcrumb","itemListElement":[{"@type":"ListItem","position":1,"name":"Home","item":"https:\/\/www.dillerbottle.com\/"},{"@type":"ListItem","position":2,"name":"Products","item":"https:\/\/www.dillerbottle.com\/shop"},{"@type":"ListItem","position":3,"name":"Large Thermal Bottle With Handle"}]},{"@type":"WebSite","@id":"https:\/\/www.dillerbottle.com\/#website","url":"https:\/\/www.dillerbottle.com\/","name":"Diller Wasserflaschenhersteller","description":"Wasserflaschenhersteller","publisher":{"@id":"https:\/\/www.dillerbottle.com\/#organization"},"potentialAction":[{"@type":"SearchAction","target":{"@type":"EntryPoint","urlTemplate":"https:\/\/www.dillerbottle.com\/?s={search_term_string}"},"query-input":{"@type":"PropertyValueSpecification","valueRequired":true,"valueName":"search_term_string"}}],"inLanguage":"de"},{"@type":"Organization","@id":"https:\/\/www.dillerbottle.com\/#organization","name":"Diller Wasserflaschenhersteller","url":"https:\/\/www.dillerbottle.com\/","logo":{"@type":"ImageObject","inLanguage":"de","@id":"https:\/\/www.dillerbottle.com\/#\/schema\/logo\/image\/","url":"https:\/\/www.dillerbottle.com\/wp-content\/uploads\/2024\/09\/49918bfa848dcc1e9f8b509933603ac.png","contentUrl":"https:\/\/www.dillerbottle.com\/wp-content\/uploads\/2024\/09\/49918bfa848dcc1e9f8b509933603ac.png","width":988,"height":198,"caption":"Diller Water Bottle Manufacturer"},"image":{"@id":"https:\/\/www.dillerbottle.com\/#\/schema\/logo\/image\/"}}]}},"_links":{"self":[{"href":"https:\/\/www.dillerbottle.com\/de\/wp-json\/wp\/v2\/product\/9948","targetHints":{"allow":["GET"]}}],"collection":[{"href":"https:\/\/www.dillerbottle.com\/de\/wp-json\/wp\/v2\/product"}],"about":[{"href":"https:\/\/www.dillerbottle.com\/de\/wp-json\/wp\/v2\/types\/product"}],"replies":[{"embeddable":true,"href":"https:\/\/www.dillerbottle.com\/de\/wp-json\/wp\/v2\/comments?post=9948"}],"wp:featuredmedia":[{"embeddable":true,"href":"https:\/\/www.dillerbottle.com\/de\/wp-json\/wp\/v2\/media\/9949"}],"wp:attachment":[{"href":"https:\/\/www.dillerbottle.com\/de\/wp-json\/wp\/v2\/media?parent=9948"}],"wp:term":[{"taxonomy":"product_brand","embeddable":true,"href":"https:\/\/www.dillerbottle.com\/de\/wp-json\/wp\/v2\/product_brand?post=9948"},{"taxonomy":"product_cat","embeddable":true,"href":"https:\/\/www.dillerbottle.com\/de\/wp-json\/wp\/v2\/product_cat?post=9948"},{"taxonomy":"product_tag","embeddable":true,"href":"https:\/\/www.dillerbottle.com\/de\/wp-json\/wp\/v2\/product_tag?post=9948"}],"curies":[{"name":"wp","href":"https:\/\/api.w.org\/{rel}","templated":true}]}}