{"id":3,"date":"2024-09-23T09:55:12","date_gmt":"2024-09-23T01:55:12","guid":{"rendered":"https:\/\/demo.dillerbottle.com\/?page_id=3"},"modified":"2024-10-26T17:48:30","modified_gmt":"2024-10-26T09:48:30","slug":"politica-de-privacidad","status":"publish","type":"page","link":"https:\/\/www.dillerbottle.com\/es\/privacy-policy","title":{"rendered":"pol\u00edtica de privacidad"},"content":{"rendered":"<p>Quienes somos<br \/>La direcci\u00f3n de nuestra web es: https:\/\/www.dillerbottle.com.<\/p>\r\n<p>Comentarios<br \/>Cuando un visitante deja un comentario en nuestro sitio web, recopilamos datos del formulario de comentarios, la direcci\u00f3n IP del visitante y la cadena del agente de usuario del navegador, que ayuda a detectar comentarios de spam.<\/p>\r\n<p>Adem\u00e1s, podemos generar cadenas de anonimizaci\u00f3n (hashes) basadas en su direcci\u00f3n de correo electr\u00f3nico y proporcion\u00e1rselas al servicio Gravatar para confirmar que est\u00e1 utilizando el servicio. Puede acceder a la pol\u00edtica de privacidad del servicio Gravatar a trav\u00e9s del siguiente enlace: https:\/\/automattic.com\/privacy\/. Una vez que se apruebe su comentario, su avatar se mostrar\u00e1 p\u00fablicamente junto con su comentario.<\/p>\r\n<p>Medios de comunicaci\u00f3n<br \/>Si carga im\u00e1genes en nuestro sitio web, evite cargar im\u00e1genes que contengan informaci\u00f3n de geolocalizaci\u00f3n incorporada (datos GPS EXIF). Los visitantes del sitio pueden descargar y extraer la informaci\u00f3n de ubicaci\u00f3n de las im\u00e1genes.<\/p>\r\n<p>Galletas<br \/>Si deja un comentario en nuestro sitio web, puede optar por utilizar cookies para guardar su nombre, direcci\u00f3n de correo electr\u00f3nico y direcci\u00f3n del sitio web. Estas cookies le brindar\u00e1n la comodidad de no tener que volver a completar la informaci\u00f3n cuando deje un comentario posterior. Estas cookies se almacenar\u00e1n durante un a\u00f1o.<\/p>\r\n<p>Si visita nuestra p\u00e1gina de inicio de sesi\u00f3n, instalaremos una cookie temporal para confirmar que su navegador acepta cookies; esta cookie no contiene datos personales y se eliminar\u00e1 cuando cierre su navegador.<\/p>\r\n<p>Cuando inicia sesi\u00f3n, instalamos varias cookies para almacenar su informaci\u00f3n de inicio de sesi\u00f3n y las opciones de visualizaci\u00f3n de pantalla. Las cookies de inicio de sesi\u00f3n son v\u00e1lidas durante dos d\u00edas y las cookies para las opciones de visualizaci\u00f3n de pantalla son v\u00e1lidas durante un a\u00f1o. Si selecciona &quot;Recordarme&quot;, su informaci\u00f3n de inicio de sesi\u00f3n se almacenar\u00e1 durante quince d\u00edas. Cuando cierre sesi\u00f3n en su cuenta, se eliminar\u00e1n las cookies de inicio de sesi\u00f3n.<\/p>\r\n<p>Si edita o publica un art\u00edculo, instalaremos una cookie adicional en su navegador que no contiene datos personales, sino solo el ID del art\u00edculo que est\u00e1 editando; esta cookie se almacenar\u00e1 durante un d\u00eda.<\/p>\r\n<p>Contenido incrustado de otros sitios web<br \/>Los art\u00edculos de este sitio web pueden contener contenido incrustado (por ejemplo, v\u00eddeos, im\u00e1genes, art\u00edculos, etc.). Estos contenidos incrustados se comportan de una manera que no es diferente a la forma en que se comportan cuando visita directamente estos sitios web externos.<\/p>\r\n<p>Estos sitios web externos pueden recopilar datos sobre usted, utilizar cookies, incorporar herramientas de seguimiento adicionales de terceros e incluso monitorear sus interacciones con el contenido incorporado, especialmente si tiene una cuenta en estos sitios web externos y ha iniciado sesi\u00f3n.<\/p>\r\n<p>Con qui\u00e9n compartimos tu informaci\u00f3n<br \/>Si solicita un restablecimiento de contrase\u00f1a, su direcci\u00f3n IP se incluir\u00e1 en el correo electr\u00f3nico de restablecimiento de contrase\u00f1a.<\/p>\r\n<p>Durante cu\u00e1nto tiempo conservamos su informaci\u00f3n<br \/>Si dejas un comentario, el comentario y sus datos asociados se almacenar\u00e1n indefinidamente. Esto es para facilitar la identificaci\u00f3n y aprobaci\u00f3n autom\u00e1tica de cualquier comentario posterior sin necesidad de colocarlos en una cola de moderaci\u00f3n.<\/p>\r\n<p>En el caso de los usuarios que se registran en nuestro sitio, tambi\u00e9n almacenamos la informaci\u00f3n personal que proporcionan en su perfil. Todos los usuarios pueden ver, editar o eliminar su informaci\u00f3n personal en cualquier momento (con excepci\u00f3n de los nombres de usuario), y los administradores del sitio tambi\u00e9n pueden ver y editar esta informaci\u00f3n.<\/p>\r\n<p>\u00bfQu\u00e9 derechos tienes sobre tus datos?<br \/>Si tiene una cuenta en nuestro sitio web o alguna vez ha dejado una rese\u00f1a, puede solicitar recibir un archivo exportado de los datos personales que tenemos sobre usted, que incluye todos los datos que nos ha proporcionado. Tambi\u00e9n puede solicitar que eliminemos todos los datos personales que tenemos sobre usted. Esto no incluye los datos que necesitamos conservar para fines administrativos, legales o de seguridad.<\/p>\r\n<p>D\u00f3nde se env\u00edan sus datos<br \/>Los comentarios de los invitados pueden ser revisados por un servicio autom\u00e1tico de detecci\u00f3n de comentarios spam.<\/p>","protected":false},"excerpt":{"rendered":"<p>Who we areOur website address is: https:\/\/www.dillerbottle.com. CommentsWhen a visitor leaves a comment on our website, we collect data from the comment form, the visitor&#8217;s IP address and browser User-Agent string, which helps detect spam comments. In addition, we may generate anonymisation strings (hashes) based on your email address and provide them to the Gravatar [&hellip;]<\/p>\n","protected":false},"author":1,"featured_media":0,"parent":0,"menu_order":0,"comment_status":"closed","ping_status":"open","template":"","meta":{"_acf_changed":false,"footnotes":""},"class_list":["post-3","page","type-page","status-publish","hentry"],"acf":[],"yoast_head":"<!-- This site is optimized with the Yoast SEO Premium plugin v27.5 (Yoast SEO v27.5) - https:\/\/yoast.com\/product\/yoast-seo-premium-wordpress\/ -->\n<title>Privacy Policy - Diller Water Bottle Manufacturer<\/title>\n<meta name=\"description\" content=\"Learn about our website&#039;s privacy policy and how we collect data from comments and media uploads. Find out how we protect your personal information.\" \/>\n<meta name=\"robots\" content=\"index, follow, max-snippet:-1, max-image-preview:large, max-video-preview:-1\" \/>\n<link rel=\"canonical\" href=\"https:\/\/www.dillerbottle.com\/es\/politica-de-privacidad\" \/>\n<meta property=\"og:locale\" content=\"es_ES\" \/>\n<meta property=\"og:type\" content=\"article\" \/>\n<meta property=\"og:title\" content=\"Privacy Policy\" \/>\n<meta property=\"og:description\" content=\"Learn about our website&#039;s privacy policy and how we collect data from comments and media uploads. Find out how we protect your personal information.\" \/>\n<meta property=\"og:url\" content=\"https:\/\/www.dillerbottle.com\/es\/politica-de-privacidad\" \/>\n<meta property=\"og:site_name\" content=\"Diller Water Bottle Manufacturer\" \/>\n<meta property=\"article:modified_time\" content=\"2024-10-26T09:48:30+00:00\" \/>\n<meta name=\"twitter:card\" content=\"summary_large_image\" \/>\n<meta name=\"twitter:label1\" content=\"Tiempo de lectura\" \/>\n\t<meta name=\"twitter:data1\" content=\"3 minutos\" \/>\n<script type=\"application\/ld+json\" class=\"yoast-schema-graph\">{\"@context\":\"https:\\\/\\\/schema.org\",\"@graph\":[{\"@type\":\"Article\",\"@id\":\"https:\\\/\\\/www.dillerbottle.com\\\/privacy-policy#article\",\"isPartOf\":{\"@id\":\"https:\\\/\\\/www.dillerbottle.com\\\/privacy-policy\"},\"author\":{\"name\":\"Chief Product Officer of Diller\",\"@id\":\"https:\\\/\\\/www.dillerbottle.com\\\/#\\\/schema\\\/person\\\/6e4e3f367a0e12fd1bd059570c54c9af\"},\"headline\":\"Privacy Policy\",\"datePublished\":\"2024-09-23T01:55:12+00:00\",\"dateModified\":\"2024-10-26T09:48:30+00:00\",\"mainEntityOfPage\":{\"@id\":\"https:\\\/\\\/www.dillerbottle.com\\\/privacy-policy\"},\"wordCount\":607,\"publisher\":{\"@id\":\"https:\\\/\\\/www.dillerbottle.com\\\/#organization\"},\"inLanguage\":\"es\"},{\"@type\":\"WebPage\",\"@id\":\"https:\\\/\\\/www.dillerbottle.com\\\/privacy-policy\",\"url\":\"https:\\\/\\\/www.dillerbottle.com\\\/privacy-policy\",\"name\":\"Privacy Policy - Diller Water Bottle Manufacturer\",\"isPartOf\":{\"@id\":\"https:\\\/\\\/www.dillerbottle.com\\\/#website\"},\"datePublished\":\"2024-09-23T01:55:12+00:00\",\"dateModified\":\"2024-10-26T09:48:30+00:00\",\"description\":\"Learn about our website's privacy policy and how we collect data from comments and media uploads. Find out how we protect your personal information.\",\"breadcrumb\":{\"@id\":\"https:\\\/\\\/www.dillerbottle.com\\\/privacy-policy#breadcrumb\"},\"inLanguage\":\"es\",\"potentialAction\":[{\"@type\":\"ReadAction\",\"target\":[\"https:\\\/\\\/www.dillerbottle.com\\\/privacy-policy\"]}]},{\"@type\":\"BreadcrumbList\",\"@id\":\"https:\\\/\\\/www.dillerbottle.com\\\/privacy-policy#breadcrumb\",\"itemListElement\":[{\"@type\":\"ListItem\",\"position\":1,\"name\":\"Home\",\"item\":\"https:\\\/\\\/www.dillerbottle.com\\\/\"},{\"@type\":\"ListItem\",\"position\":2,\"name\":\"Privacy Policy\"}]},{\"@type\":\"WebSite\",\"@id\":\"https:\\\/\\\/www.dillerbottle.com\\\/#website\",\"url\":\"https:\\\/\\\/www.dillerbottle.com\\\/\",\"name\":\"Diller Water Bottle Manufacturer\",\"description\":\"Water Bottle Manufacturer\",\"publisher\":{\"@id\":\"https:\\\/\\\/www.dillerbottle.com\\\/#organization\"},\"potentialAction\":[{\"@type\":\"SearchAction\",\"target\":{\"@type\":\"EntryPoint\",\"urlTemplate\":\"https:\\\/\\\/www.dillerbottle.com\\\/?s={search_term_string}\"},\"query-input\":{\"@type\":\"PropertyValueSpecification\",\"valueRequired\":true,\"valueName\":\"search_term_string\"}}],\"inLanguage\":\"es\"},{\"@type\":\"Organization\",\"@id\":\"https:\\\/\\\/www.dillerbottle.com\\\/#organization\",\"name\":\"Diller Water Bottle Manufacturer\",\"url\":\"https:\\\/\\\/www.dillerbottle.com\\\/\",\"logo\":{\"@type\":\"ImageObject\",\"inLanguage\":\"es\",\"@id\":\"https:\\\/\\\/www.dillerbottle.com\\\/#\\\/schema\\\/logo\\\/image\\\/\",\"url\":\"https:\\\/\\\/www.dillerbottle.com\\\/wp-content\\\/uploads\\\/2024\\\/09\\\/49918bfa848dcc1e9f8b509933603ac.png\",\"contentUrl\":\"https:\\\/\\\/www.dillerbottle.com\\\/wp-content\\\/uploads\\\/2024\\\/09\\\/49918bfa848dcc1e9f8b509933603ac.png\",\"width\":988,\"height\":198,\"caption\":\"Diller Water Bottle Manufacturer\"},\"image\":{\"@id\":\"https:\\\/\\\/www.dillerbottle.com\\\/#\\\/schema\\\/logo\\\/image\\\/\"}},{\"@type\":\"Person\",\"@id\":\"https:\\\/\\\/www.dillerbottle.com\\\/#\\\/schema\\\/person\\\/6e4e3f367a0e12fd1bd059570c54c9af\",\"name\":\"Chief Product Officer of Diller\",\"image\":{\"@type\":\"ImageObject\",\"inLanguage\":\"es\",\"@id\":\"https:\\\/\\\/secure.gravatar.com\\\/avatar\\\/948a7094970fcd6f83ebecba16db8a0cd9e0d9a5526ec2aad2f199a3553f6eb5?s=96&d=mm&r=g\",\"url\":\"https:\\\/\\\/secure.gravatar.com\\\/avatar\\\/948a7094970fcd6f83ebecba16db8a0cd9e0d9a5526ec2aad2f199a3553f6eb5?s=96&d=mm&r=g\",\"contentUrl\":\"https:\\\/\\\/secure.gravatar.com\\\/avatar\\\/948a7094970fcd6f83ebecba16db8a0cd9e0d9a5526ec2aad2f199a3553f6eb5?s=96&d=mm&r=g\",\"caption\":\"Chief Product Officer of Diller\"},\"sameAs\":[\"https:\\\/\\\/www.dillerbottle.com\"],\"jobTitle\":\"Chief Product Officer of Diller\",\"url\":\"https:\\\/\\\/www.dillerbottle.com\\\/es\\\/author\\\/diller\"}]}<\/script>\n<!-- \/ Yoast SEO Premium plugin. -->","yoast_head_json":{"title":"Pol\u00edtica de privacidad - Fabricante de botellas de agua Diller","description":"Inf\u00f3rmese sobre la pol\u00edtica de privacidad de nuestro sitio web y c\u00f3mo recopilamos datos de los comentarios y las publicaciones en los medios. Descubra c\u00f3mo protegemos su informaci\u00f3n personal.","robots":{"index":"index","follow":"follow","max-snippet":"max-snippet:-1","max-image-preview":"max-image-preview:large","max-video-preview":"max-video-preview:-1"},"canonical":"https:\/\/www.dillerbottle.com\/es\/politica-de-privacidad","og_locale":"es_ES","og_type":"article","og_title":"Privacy Policy","og_description":"Learn about our website's privacy policy and how we collect data from comments and media uploads. Find out how we protect your personal information.","og_url":"https:\/\/www.dillerbottle.com\/es\/politica-de-privacidad","og_site_name":"Diller Water Bottle Manufacturer","article_modified_time":"2024-10-26T09:48:30+00:00","twitter_card":"summary_large_image","twitter_misc":{"Tiempo de lectura":"3 minutos"},"schema":{"@context":"https:\/\/schema.org","@graph":[{"@type":"Article","@id":"https:\/\/www.dillerbottle.com\/privacy-policy#article","isPartOf":{"@id":"https:\/\/www.dillerbottle.com\/privacy-policy"},"author":{"name":"Chief Product Officer of Diller","@id":"https:\/\/www.dillerbottle.com\/#\/schema\/person\/6e4e3f367a0e12fd1bd059570c54c9af"},"headline":"Privacy Policy","datePublished":"2024-09-23T01:55:12+00:00","dateModified":"2024-10-26T09:48:30+00:00","mainEntityOfPage":{"@id":"https:\/\/www.dillerbottle.com\/privacy-policy"},"wordCount":607,"publisher":{"@id":"https:\/\/www.dillerbottle.com\/#organization"},"inLanguage":"es"},{"@type":"WebPage","@id":"https:\/\/www.dillerbottle.com\/privacy-policy","url":"https:\/\/www.dillerbottle.com\/privacy-policy","name":"Pol\u00edtica de privacidad - Fabricante de botellas de agua Diller","isPartOf":{"@id":"https:\/\/www.dillerbottle.com\/#website"},"datePublished":"2024-09-23T01:55:12+00:00","dateModified":"2024-10-26T09:48:30+00:00","description":"Inf\u00f3rmese sobre la pol\u00edtica de privacidad de nuestro sitio web y c\u00f3mo recopilamos datos de los comentarios y las publicaciones en los medios. Descubra c\u00f3mo protegemos su informaci\u00f3n personal.","breadcrumb":{"@id":"https:\/\/www.dillerbottle.com\/privacy-policy#breadcrumb"},"inLanguage":"es","potentialAction":[{"@type":"ReadAction","target":["https:\/\/www.dillerbottle.com\/privacy-policy"]}]},{"@type":"BreadcrumbList","@id":"https:\/\/www.dillerbottle.com\/privacy-policy#breadcrumb","itemListElement":[{"@type":"ListItem","position":1,"name":"Home","item":"https:\/\/www.dillerbottle.com\/"},{"@type":"ListItem","position":2,"name":"Privacy Policy"}]},{"@type":"WebSite","@id":"https:\/\/www.dillerbottle.com\/#website","url":"https:\/\/www.dillerbottle.com\/","name":"Fabricante de botellas de agua Diller","description":"Fabricante de botellas de agua","publisher":{"@id":"https:\/\/www.dillerbottle.com\/#organization"},"potentialAction":[{"@type":"SearchAction","target":{"@type":"EntryPoint","urlTemplate":"https:\/\/www.dillerbottle.com\/?s={search_term_string}"},"query-input":{"@type":"PropertyValueSpecification","valueRequired":true,"valueName":"search_term_string"}}],"inLanguage":"es"},{"@type":"Organization","@id":"https:\/\/www.dillerbottle.com\/#organization","name":"Fabricante de botellas de agua Diller","url":"https:\/\/www.dillerbottle.com\/","logo":{"@type":"ImageObject","inLanguage":"es","@id":"https:\/\/www.dillerbottle.com\/#\/schema\/logo\/image\/","url":"https:\/\/www.dillerbottle.com\/wp-content\/uploads\/2024\/09\/49918bfa848dcc1e9f8b509933603ac.png","contentUrl":"https:\/\/www.dillerbottle.com\/wp-content\/uploads\/2024\/09\/49918bfa848dcc1e9f8b509933603ac.png","width":988,"height":198,"caption":"Diller Water Bottle Manufacturer"},"image":{"@id":"https:\/\/www.dillerbottle.com\/#\/schema\/logo\/image\/"}},{"@type":"Person","@id":"https:\/\/www.dillerbottle.com\/#\/schema\/person\/6e4e3f367a0e12fd1bd059570c54c9af","name":"Jefe de Producto de Diller","image":{"@type":"ImageObject","inLanguage":"es","@id":"https:\/\/secure.gravatar.com\/avatar\/948a7094970fcd6f83ebecba16db8a0cd9e0d9a5526ec2aad2f199a3553f6eb5?s=96&d=mm&r=g","url":"https:\/\/secure.gravatar.com\/avatar\/948a7094970fcd6f83ebecba16db8a0cd9e0d9a5526ec2aad2f199a3553f6eb5?s=96&d=mm&r=g","contentUrl":"https:\/\/secure.gravatar.com\/avatar\/948a7094970fcd6f83ebecba16db8a0cd9e0d9a5526ec2aad2f199a3553f6eb5?s=96&d=mm&r=g","caption":"Chief Product Officer of Diller"},"sameAs":["https:\/\/www.dillerbottle.com"],"jobTitle":"Chief Product Officer of Diller","url":"https:\/\/www.dillerbottle.com\/es\/author\/diller"}]}},"_links":{"self":[{"href":"https:\/\/www.dillerbottle.com\/es\/wp-json\/wp\/v2\/pages\/3","targetHints":{"allow":["GET"]}}],"collection":[{"href":"https:\/\/www.dillerbottle.com\/es\/wp-json\/wp\/v2\/pages"}],"about":[{"href":"https:\/\/www.dillerbottle.com\/es\/wp-json\/wp\/v2\/types\/page"}],"author":[{"embeddable":true,"href":"https:\/\/www.dillerbottle.com\/es\/wp-json\/wp\/v2\/users\/1"}],"replies":[{"embeddable":true,"href":"https:\/\/www.dillerbottle.com\/es\/wp-json\/wp\/v2\/comments?post=3"}],"version-history":[{"count":0,"href":"https:\/\/www.dillerbottle.com\/es\/wp-json\/wp\/v2\/pages\/3\/revisions"}],"wp:attachment":[{"href":"https:\/\/www.dillerbottle.com\/es\/wp-json\/wp\/v2\/media?parent=3"}],"curies":[{"name":"Gracias","href":"https:\/\/api.w.org\/{rel}","templated":true}]}}