{"id":10558,"date":"2024-09-29T14:46:56","date_gmt":"2024-09-29T06:46:56","guid":{"rendered":"https:\/\/demo.dillerbottle.com\/products\/thermo-flask-bottle"},"modified":"2025-07-09T15:19:21","modified_gmt":"2025-07-09T07:19:21","slug":"botella-termo-2","status":"publish","type":"product","link":"https:\/\/www.dillerbottle.com\/es\/products\/thermo-flask-bottle","title":{"rendered":"Botella termo"},"content":{"rendered":"<p>1. El aislamiento al vac\u00edo de doble pared mantiene el agua fr\u00eda o caliente hasta 12 a 24 horas.<br \/>\n2.;Tapa con bot\u00f3n pulsador operada con una mano.<br \/>\n3. Esta botella t\u00e9rmica es perfecta para guardarla en tu bolso, bolsa del gimnasio o mochila.<br \/>\n4. La botella t\u00e9rmica est\u00e1 hecha de acero inoxidable 18\/8 (304) de alto grado. 5.; Antideslizante, recubierto con protecci\u00f3n exterior en polvo de alta calidad para ara\u00f1azos y golpes, y tambi\u00e9n evita el sudor en la pared exterior.; 6.; La goma de silicona sin BPA en cada tapa asegura que no haya fugas ni olor a pl\u00e1stico.<\/p>","protected":false},"excerpt":{"rendered":"<p>Caracter\u00edsticas: 1.<br \/>\nEl aislamiento al vac\u00edo de doble pared mantiene el agua fr\u00eda o caliente hasta 12 a 24 horas.<br \/>\n2.<br \/>\nTapa con bot\u00f3n pulsador operada con una sola mano.<br \/>\n3.<br \/>\nEsta botella t\u00e9rmica es perfecta para guardarla en su bolso, bolsa del gimnasio o mochila.<br \/>\n4.<br \/>\nLa botella t\u00e9rmica est\u00e1 hecha de acero inoxidable 18\/8 (304) de alto grado.<br \/>\n5.<br \/>\nAntideslizante, recubierto con polvo de alta calidad para proteger el exterior de ara\u00f1azos y golpes, y tambi\u00e9n evita el sudor en la pared exterior.<br \/>\n6.<br \/>\nLa goma de silicona libre de BPA en cada tapa garantiza que no haya fugas ni olor a pl\u00e1stico.<\/p>","protected":false},"featured_media":10559,"comment_status":"open","ping_status":"closed","template":"","meta":{"_acf_changed":false},"product_brand":[],"product_cat":[18],"product_tag":[776,32,36,33,31,749,39,38,29,37,881,34,35,543,526,28,880,727,30],"class_list":{"0":"post-10558","1":"product","2":"type-product","3":"status-publish","4":"has-post-thumbnail","6":"product_cat-insulated-water-bottle","7":"product_tag-700ml-stainless-water-bottle","8":"product_tag-best","9":"product_tag-bulk","10":"product_tag-buy","11":"product_tag-custom","12":"product_tag-eco-friendly-water-bottle","13":"product_tag-for-sale","14":"product_tag-good-quality","15":"product_tag-manufacturers","16":"product_tag-manufacturing","17":"product_tag-new-water-bottle","18":"product_tag-price","19":"product_tag-small","20":"product_tag-smart-vacuum-insulated-water-bottle","21":"product_tag-stainless-steel-water-bottle-with-handle","22":"product_tag-suppliers","23":"product_tag-thermo-flask-bottle","24":"product_tag-water-bottles","25":"product_tag-wholesale","27":"first","28":"instock","29":"shipping-taxable","30":"product-type-simple"},"acf":[],"yoast_head":"<!-- This site is optimized with the Yoast SEO Premium plugin v27.4 (Yoast SEO v27.4) - https:\/\/yoast.com\/product\/yoast-seo-premium-wordpress\/ -->\n<title>Thermo Flask Bottle - Diller Water Bottle Manufacturer<\/title>\n<meta name=\"description\" content=\"As one of the best thermo flask bottle manufacturers and suppliers, we are engaged in manufacturing good quality water bottles. We warmly welcome you to wholesale or buy custom made thermo flask bottle at competitive price from us. Also, small quantity orders are acceptable.\" \/>\n<meta name=\"robots\" content=\"index, follow, max-snippet:-1, max-image-preview:large, max-video-preview:-1\" \/>\n<link rel=\"canonical\" href=\"https:\/\/www.dillerbottle.com\/es\/productos\/botella-termo-2\" \/>\n<meta property=\"og:locale\" content=\"es_ES\" \/>\n<meta property=\"og:type\" content=\"article\" \/>\n<meta property=\"og:title\" content=\"Thermo Flask Bottle\" \/>\n<meta property=\"og:description\" content=\"As one of the best thermo flask bottle manufacturers and suppliers, we are engaged in manufacturing good quality water bottles. We warmly welcome you to wholesale or buy custom made thermo flask bottle at competitive price from us. Also, small quantity orders are acceptable.\" \/>\n<meta property=\"og:url\" content=\"https:\/\/www.dillerbottle.com\/es\/productos\/botella-termo-2\" \/>\n<meta property=\"og:site_name\" content=\"Diller Water Bottle Manufacturer\" \/>\n<meta property=\"article:modified_time\" content=\"2025-07-09T07:19:21+00:00\" \/>\n<meta property=\"og:image\" content=\"https:\/\/www.dillerbottle.com\/wp-content\/uploads\/2024\/09\/thermo-flask-bottle38398127124.jpg\" \/>\n\t<meta property=\"og:image:width\" content=\"730\" \/>\n\t<meta property=\"og:image:height\" content=\"730\" \/>\n\t<meta property=\"og:image:type\" content=\"image\/jpeg\" \/>\n<meta name=\"twitter:card\" content=\"summary_large_image\" \/>\n<meta name=\"twitter:label1\" content=\"Tiempo de lectura\" \/>\n\t<meta name=\"twitter:data1\" content=\"3 minutos\" \/>\n<script type=\"application\/ld+json\" class=\"yoast-schema-graph\">{\"@context\":\"https:\\\/\\\/schema.org\",\"@graph\":[{\"@type\":\"WebPage\",\"@id\":\"https:\\\/\\\/www.dillerbottle.com\\\/fr\\\/produits\\\/bouteille-thermos-2\",\"url\":\"https:\\\/\\\/www.dillerbottle.com\\\/fr\\\/produits\\\/bouteille-thermos-2\",\"name\":\"Thermo Flask Bottle - Diller Water Bottle Manufacturer\",\"isPartOf\":{\"@id\":\"https:\\\/\\\/www.dillerbottle.com\\\/#website\"},\"primaryImageOfPage\":{\"@id\":\"https:\\\/\\\/www.dillerbottle.com\\\/fr\\\/produits\\\/bouteille-thermos-2#primaryimage\"},\"image\":{\"@id\":\"https:\\\/\\\/www.dillerbottle.com\\\/fr\\\/produits\\\/bouteille-thermos-2#primaryimage\"},\"thumbnailUrl\":\"https:\\\/\\\/www.dillerbottle.com\\\/wp-content\\\/uploads\\\/2024\\\/09\\\/thermo-flask-bottle38398127124.jpg\",\"datePublished\":\"2024-09-29T06:46:56+00:00\",\"dateModified\":\"2025-07-09T07:19:21+00:00\",\"description\":\"As one of the best thermo flask bottle manufacturers and suppliers, we are engaged in manufacturing good quality water bottles. We warmly welcome you to wholesale or buy custom made thermo flask bottle at competitive price from us. Also, small quantity orders are acceptable.\",\"breadcrumb\":{\"@id\":\"https:\\\/\\\/www.dillerbottle.com\\\/fr\\\/produits\\\/bouteille-thermos-2#breadcrumb\"},\"inLanguage\":\"es\",\"potentialAction\":[{\"@type\":\"ReadAction\",\"target\":[\"https:\\\/\\\/www.dillerbottle.com\\\/fr\\\/produits\\\/bouteille-thermos-2\"]}]},{\"@type\":\"ImageObject\",\"inLanguage\":\"es\",\"@id\":\"https:\\\/\\\/www.dillerbottle.com\\\/fr\\\/produits\\\/bouteille-thermos-2#primaryimage\",\"url\":\"https:\\\/\\\/www.dillerbottle.com\\\/wp-content\\\/uploads\\\/2024\\\/09\\\/thermo-flask-bottle38398127124.jpg\",\"contentUrl\":\"https:\\\/\\\/www.dillerbottle.com\\\/wp-content\\\/uploads\\\/2024\\\/09\\\/thermo-flask-bottle38398127124.jpg\",\"width\":730,\"height\":730},{\"@type\":\"BreadcrumbList\",\"@id\":\"https:\\\/\\\/www.dillerbottle.com\\\/fr\\\/produits\\\/bouteille-thermos-2#breadcrumb\",\"itemListElement\":[{\"@type\":\"ListItem\",\"position\":1,\"name\":\"Home\",\"item\":\"https:\\\/\\\/www.dillerbottle.com\\\/\"},{\"@type\":\"ListItem\",\"position\":2,\"name\":\"Products\",\"item\":\"https:\\\/\\\/www.dillerbottle.com\\\/shop\"},{\"@type\":\"ListItem\",\"position\":3,\"name\":\"Thermo Flask Bottle\"}]},{\"@type\":\"WebSite\",\"@id\":\"https:\\\/\\\/www.dillerbottle.com\\\/#website\",\"url\":\"https:\\\/\\\/www.dillerbottle.com\\\/\",\"name\":\"Diller Water Bottle Manufacturer\",\"description\":\"Water Bottle Manufacturer\",\"publisher\":{\"@id\":\"https:\\\/\\\/www.dillerbottle.com\\\/#organization\"},\"potentialAction\":[{\"@type\":\"SearchAction\",\"target\":{\"@type\":\"EntryPoint\",\"urlTemplate\":\"https:\\\/\\\/www.dillerbottle.com\\\/?s={search_term_string}\"},\"query-input\":{\"@type\":\"PropertyValueSpecification\",\"valueRequired\":true,\"valueName\":\"search_term_string\"}}],\"inLanguage\":\"es\"},{\"@type\":\"Organization\",\"@id\":\"https:\\\/\\\/www.dillerbottle.com\\\/#organization\",\"name\":\"Diller Water Bottle Manufacturer\",\"url\":\"https:\\\/\\\/www.dillerbottle.com\\\/\",\"logo\":{\"@type\":\"ImageObject\",\"inLanguage\":\"es\",\"@id\":\"https:\\\/\\\/www.dillerbottle.com\\\/#\\\/schema\\\/logo\\\/image\\\/\",\"url\":\"https:\\\/\\\/www.dillerbottle.com\\\/wp-content\\\/uploads\\\/2024\\\/09\\\/49918bfa848dcc1e9f8b509933603ac.png\",\"contentUrl\":\"https:\\\/\\\/www.dillerbottle.com\\\/wp-content\\\/uploads\\\/2024\\\/09\\\/49918bfa848dcc1e9f8b509933603ac.png\",\"width\":988,\"height\":198,\"caption\":\"Diller Water Bottle Manufacturer\"},\"image\":{\"@id\":\"https:\\\/\\\/www.dillerbottle.com\\\/#\\\/schema\\\/logo\\\/image\\\/\"}}]}<\/script>\n<!-- \/ Yoast SEO Premium plugin. -->","yoast_head_json":{"title":"Botella termo - Fabricante de botellas de agua Diller","description":"Como uno de los mejores fabricantes y proveedores de botellas t\u00e9rmicas, nos dedicamos a la fabricaci\u00f3n de botellas de agua de buena calidad. Le damos una c\u00e1lida bienvenida para que compre al por mayor o botellas t\u00e9rmicas personalizadas a un precio competitivo. Adem\u00e1s, aceptamos pedidos de peque\u00f1as cantidades.","robots":{"index":"index","follow":"follow","max-snippet":"max-snippet:-1","max-image-preview":"max-image-preview:large","max-video-preview":"max-video-preview:-1"},"canonical":"https:\/\/www.dillerbottle.com\/es\/productos\/botella-termo-2","og_locale":"es_ES","og_type":"article","og_title":"Thermo Flask Bottle","og_description":"As one of the best thermo flask bottle manufacturers and suppliers, we are engaged in manufacturing good quality water bottles. We warmly welcome you to wholesale or buy custom made thermo flask bottle at competitive price from us. Also, small quantity orders are acceptable.","og_url":"https:\/\/www.dillerbottle.com\/es\/productos\/botella-termo-2","og_site_name":"Diller Water Bottle Manufacturer","article_modified_time":"2025-07-09T07:19:21+00:00","og_image":[{"width":730,"height":730,"url":"https:\/\/www.dillerbottle.com\/wp-content\/uploads\/2024\/09\/thermo-flask-bottle38398127124.jpg","type":"image\/jpeg"}],"twitter_card":"summary_large_image","twitter_misc":{"Tiempo de lectura":"3 minutos"},"schema":{"@context":"https:\/\/schema.org","@graph":[{"@type":"WebPage","@id":"https:\/\/www.dillerbottle.com\/fr\/produits\/bouteille-thermos-2","url":"https:\/\/www.dillerbottle.com\/fr\/produits\/bouteille-thermos-2","name":"Botella termo - Fabricante de botellas de agua Diller","isPartOf":{"@id":"https:\/\/www.dillerbottle.com\/#website"},"primaryImageOfPage":{"@id":"https:\/\/www.dillerbottle.com\/fr\/produits\/bouteille-thermos-2#primaryimage"},"image":{"@id":"https:\/\/www.dillerbottle.com\/fr\/produits\/bouteille-thermos-2#primaryimage"},"thumbnailUrl":"https:\/\/www.dillerbottle.com\/wp-content\/uploads\/2024\/09\/thermo-flask-bottle38398127124.jpg","datePublished":"2024-09-29T06:46:56+00:00","dateModified":"2025-07-09T07:19:21+00:00","description":"Como uno de los mejores fabricantes y proveedores de botellas t\u00e9rmicas, nos dedicamos a la fabricaci\u00f3n de botellas de agua de buena calidad. Le damos una c\u00e1lida bienvenida para que compre al por mayor o botellas t\u00e9rmicas personalizadas a un precio competitivo. Adem\u00e1s, aceptamos pedidos de peque\u00f1as cantidades.","breadcrumb":{"@id":"https:\/\/www.dillerbottle.com\/fr\/produits\/bouteille-thermos-2#breadcrumb"},"inLanguage":"es","potentialAction":[{"@type":"ReadAction","target":["https:\/\/www.dillerbottle.com\/fr\/produits\/bouteille-thermos-2"]}]},{"@type":"ImageObject","inLanguage":"es","@id":"https:\/\/www.dillerbottle.com\/fr\/produits\/bouteille-thermos-2#primaryimage","url":"https:\/\/www.dillerbottle.com\/wp-content\/uploads\/2024\/09\/thermo-flask-bottle38398127124.jpg","contentUrl":"https:\/\/www.dillerbottle.com\/wp-content\/uploads\/2024\/09\/thermo-flask-bottle38398127124.jpg","width":730,"height":730},{"@type":"BreadcrumbList","@id":"https:\/\/www.dillerbottle.com\/fr\/produits\/bouteille-thermos-2#breadcrumb","itemListElement":[{"@type":"ListItem","position":1,"name":"Home","item":"https:\/\/www.dillerbottle.com\/"},{"@type":"ListItem","position":2,"name":"Products","item":"https:\/\/www.dillerbottle.com\/shop"},{"@type":"ListItem","position":3,"name":"Thermo Flask Bottle"}]},{"@type":"WebSite","@id":"https:\/\/www.dillerbottle.com\/#website","url":"https:\/\/www.dillerbottle.com\/","name":"Fabricante de botellas de agua Diller","description":"Fabricante de botellas de agua","publisher":{"@id":"https:\/\/www.dillerbottle.com\/#organization"},"potentialAction":[{"@type":"SearchAction","target":{"@type":"EntryPoint","urlTemplate":"https:\/\/www.dillerbottle.com\/?s={search_term_string}"},"query-input":{"@type":"PropertyValueSpecification","valueRequired":true,"valueName":"search_term_string"}}],"inLanguage":"es"},{"@type":"Organization","@id":"https:\/\/www.dillerbottle.com\/#organization","name":"Fabricante de botellas de agua Diller","url":"https:\/\/www.dillerbottle.com\/","logo":{"@type":"ImageObject","inLanguage":"es","@id":"https:\/\/www.dillerbottle.com\/#\/schema\/logo\/image\/","url":"https:\/\/www.dillerbottle.com\/wp-content\/uploads\/2024\/09\/49918bfa848dcc1e9f8b509933603ac.png","contentUrl":"https:\/\/www.dillerbottle.com\/wp-content\/uploads\/2024\/09\/49918bfa848dcc1e9f8b509933603ac.png","width":988,"height":198,"caption":"Diller Water Bottle Manufacturer"},"image":{"@id":"https:\/\/www.dillerbottle.com\/#\/schema\/logo\/image\/"}}]}},"_links":{"self":[{"href":"https:\/\/www.dillerbottle.com\/es\/wp-json\/wp\/v2\/product\/10558","targetHints":{"allow":["GET"]}}],"collection":[{"href":"https:\/\/www.dillerbottle.com\/es\/wp-json\/wp\/v2\/product"}],"about":[{"href":"https:\/\/www.dillerbottle.com\/es\/wp-json\/wp\/v2\/types\/product"}],"replies":[{"embeddable":true,"href":"https:\/\/www.dillerbottle.com\/es\/wp-json\/wp\/v2\/comments?post=10558"}],"wp:featuredmedia":[{"embeddable":true,"href":"https:\/\/www.dillerbottle.com\/es\/wp-json\/wp\/v2\/media\/10559"}],"wp:attachment":[{"href":"https:\/\/www.dillerbottle.com\/es\/wp-json\/wp\/v2\/media?parent=10558"}],"wp:term":[{"taxonomy":"product_brand","embeddable":true,"href":"https:\/\/www.dillerbottle.com\/es\/wp-json\/wp\/v2\/product_brand?post=10558"},{"taxonomy":"product_cat","embeddable":true,"href":"https:\/\/www.dillerbottle.com\/es\/wp-json\/wp\/v2\/product_cat?post=10558"},{"taxonomy":"product_tag","embeddable":true,"href":"https:\/\/www.dillerbottle.com\/es\/wp-json\/wp\/v2\/product_tag?post=10558"}],"curies":[{"name":"Gracias","href":"https:\/\/api.w.org\/{rel}","templated":true}]}}