{"id":10623,"date":"2024-09-29T14:47:36","date_gmt":"2024-09-29T06:47:36","guid":{"rendered":"https:\/\/demo.dillerbottle.com\/products\/thermos-stainless-steel-vacuum-bottle"},"modified":"2025-07-09T15:18:27","modified_gmt":"2025-07-09T07:18:27","slug":"botella-termo-de-acero-inoxidable-al-vacio","status":"publish","type":"product","link":"https:\/\/www.dillerbottle.com\/es\/products\/thermos-stainless-steel-vacuum-bottle","title":{"rendered":"Botella de vac\u00edo de acero inoxidable termo"},"content":{"rendered":"<p>Caracter\u00edsticas:<br \/>\n1. \u00a1Sin sudor! El aislamiento de doble pared hace que la botella no sude. Puede mantener la bebida FR\u00cdA hasta 24 horas y CALIENTE hasta 12 horas.<\/p>\n<p>2. Nuestras botellas t\u00e9rmicas de acero inoxidable est\u00e1n hechas del acero inoxidable de primera calidad m\u00e1s grueso y resistente que nunca dejar\u00e1 un sabor met\u00e1lico ni se oxidar\u00e1. Nos esforzamos al m\u00e1ximo en el aspecto t\u00e9cnico. 100% Apto para lavavajillas.<\/p>\n<p>3. \u00bfQuieres personalizar tu termo de acero inoxidable con tu logotipo, color, patr\u00f3n o dise\u00f1o para reflejar tu marca a la perfecci\u00f3n? \u00a1No busques m\u00e1s! Nuestro equipo puede trabajar contigo. Ofrecemos muestras gratuitas para ayudarte a empezar y nuestras opciones de compra al por mayor hacen que sea f\u00e1cil conseguir la cantidad que necesitas.<\/p>\n<div style=\"width: 640px;\" class=\"wp-video\"><video class=\"wp-video-shortcode\" id=\"video-10623-1\" width=\"640\" height=\"360\" preload=\"metadata\" controls=\"controls\"><source type=\"video\/mp4\" src=\"\/wp-content\/uploads\/2024\/09\/66f8f80d4f679-video202211041547173001759.mp4?_=1\" \/><a href=\"\/wp-content\/uploads\/2024\/09\/66f8f80d4f679-video202211041547173001759.mp4\">\/wp-content\/uploads\/2024\/09\/66f8f80d4f679-video202211041547173001759.mp4<\/a><\/video><\/div>","protected":false},"excerpt":{"rendered":"<p>Cuando se trata de mantener sus bebidas calientes o fr\u00edas, la botella de vac\u00edo de acero inoxidable Thermos es el camino a seguir.<br \/>\nEsta botella mantendr\u00e1 tus bebidas a la temperatura perfecta durante horas, ya sea que desees disfrutar de una taza de caf\u00e9 bien caliente o de una refrescante agua helada.<br \/>\nLa botella de vac\u00edo de acero inoxidable Thermos tambi\u00e9n es incre\u00edblemente duradera, por lo que puedes llevarla contigo en todas tus aventuras sin preocuparte de que se rompa.<br \/>\nPersonaliza tu termo de acero inoxidable al vac\u00edo con tu logotipo, color, patr\u00f3n o dise\u00f1o.<br \/>\nNuestro equipo puede trabajar con usted para crear un dise\u00f1o o patr\u00f3n \u00fanico que refleje perfectamente su marca.<\/p>","protected":false},"featured_media":10624,"comment_status":"open","ping_status":"closed","template":"","meta":{"_acf_changed":false},"product_brand":[],"product_cat":[18],"product_tag":[32,36,33,31,887,734,750,39,38,835,689,29,37,34,725,35,28,886,30],"class_list":{"0":"post-10623","1":"product","2":"type-product","3":"status-publish","4":"has-post-thumbnail","6":"product_cat-insulated-water-bottle","7":"product_tag-best","8":"product_tag-bulk","9":"product_tag-buy","10":"product_tag-custom","11":"product_tag-double-insulate-water-bottle","12":"product_tag-double-wall-water-bottle","13":"product_tag-ecofriendly-water-bottle","14":"product_tag-for-sale","15":"product_tag-good-quality","16":"product_tag-hot-water-bottle","17":"product_tag-infuser-water-bottle-direct-drinking","18":"product_tag-manufacturers","19":"product_tag-manufacturing","20":"product_tag-price","21":"product_tag-simple-modern-water-bottle","22":"product_tag-small","23":"product_tag-suppliers","24":"product_tag-thermos-stainless-steel-vacuum-bottle","25":"product_tag-wholesale","27":"first","28":"instock","29":"shipping-taxable","30":"product-type-simple"},"acf":[],"yoast_head":"<!-- This site is optimized with the Yoast SEO Premium plugin v27.5 (Yoast SEO v27.5) - https:\/\/yoast.com\/product\/yoast-seo-premium-wordpress\/ -->\n<title>Thermos Stainless Steel Vacuum Bottle - Diller Water Bottle Manufacturer<\/title>\n<meta name=\"description\" content=\"As one of the best thermos stainless steel vacuum bottle manufacturers and suppliers, we are engaged in manufacturing good quality water bottles. We warmly welcome you to wholesale or buy custom made thermos stainless steel vacuum bottle at competitive price from us. Also, small quantity orders are acceptable.\" \/>\n<meta name=\"robots\" content=\"index, follow, max-snippet:-1, max-image-preview:large, max-video-preview:-1\" \/>\n<link rel=\"canonical\" href=\"https:\/\/www.dillerbottle.com\/es\/productos\/botella-termo-de-acero-inoxidable-al-vacio\" \/>\n<meta property=\"og:locale\" content=\"es_ES\" \/>\n<meta property=\"og:type\" content=\"article\" \/>\n<meta property=\"og:title\" content=\"Thermos Stainless Steel Vacuum Bottle\" \/>\n<meta property=\"og:description\" content=\"As one of the best thermos stainless steel vacuum bottle manufacturers and suppliers, we are engaged in manufacturing good quality water bottles. We warmly welcome you to wholesale or buy custom made thermos stainless steel vacuum bottle at competitive price from us. Also, small quantity orders are acceptable.\" \/>\n<meta property=\"og:url\" content=\"https:\/\/www.dillerbottle.com\/es\/productos\/botella-termo-de-acero-inoxidable-al-vacio\" \/>\n<meta property=\"og:site_name\" content=\"Diller Water Bottle Manufacturer\" \/>\n<meta property=\"article:modified_time\" content=\"2025-07-09T07:18:27+00:00\" \/>\n<meta property=\"og:image\" content=\"https:\/\/www.dillerbottle.com\/wp-content\/uploads\/2024\/09\/thermos-stainless-steel-vacuum-bottle06589939060.jpg\" \/>\n\t<meta property=\"og:image:width\" content=\"730\" \/>\n\t<meta property=\"og:image:height\" content=\"730\" \/>\n\t<meta property=\"og:image:type\" content=\"image\/jpeg\" \/>\n<meta name=\"twitter:card\" content=\"summary_large_image\" \/>\n<meta name=\"twitter:label1\" content=\"Tiempo de lectura\" \/>\n\t<meta name=\"twitter:data1\" content=\"2 minutos\" \/>\n<script type=\"application\/ld+json\" class=\"yoast-schema-graph\">{\"@context\":\"https:\\\/\\\/schema.org\",\"@graph\":[{\"@type\":\"WebPage\",\"@id\":\"https:\\\/\\\/www.dillerbottle.com\\\/ar\\\/%d9%85%d9%86%d8%aa%d8%ac%d8%a7%d8%aa\\\/%d8%b2%d8%ac%d8%a7%d8%ac%d8%a9-%d8%aa%d8%b1%d9%85%d8%b3-%d9%85%d9%81%d8%b1%d8%ba%d8%a9-%d9%85%d9%86-%d8%a7%d9%84%d9%81%d9%88%d9%84%d8%a7%d8%b0-%d8%a7%d9%84%d9%85%d9%82%d8%a7%d9%88%d9%85-%d9%84%d9%84\",\"url\":\"https:\\\/\\\/www.dillerbottle.com\\\/ar\\\/%d9%85%d9%86%d8%aa%d8%ac%d8%a7%d8%aa\\\/%d8%b2%d8%ac%d8%a7%d8%ac%d8%a9-%d8%aa%d8%b1%d9%85%d8%b3-%d9%85%d9%81%d8%b1%d8%ba%d8%a9-%d9%85%d9%86-%d8%a7%d9%84%d9%81%d9%88%d9%84%d8%a7%d8%b0-%d8%a7%d9%84%d9%85%d9%82%d8%a7%d9%88%d9%85-%d9%84%d9%84\",\"name\":\"Thermos Stainless Steel Vacuum Bottle - Diller Water Bottle Manufacturer\",\"isPartOf\":{\"@id\":\"https:\\\/\\\/www.dillerbottle.com\\\/#website\"},\"primaryImageOfPage\":{\"@id\":\"https:\\\/\\\/www.dillerbottle.com\\\/ar\\\/%d9%85%d9%86%d8%aa%d8%ac%d8%a7%d8%aa\\\/%d8%b2%d8%ac%d8%a7%d8%ac%d8%a9-%d8%aa%d8%b1%d9%85%d8%b3-%d9%85%d9%81%d8%b1%d8%ba%d8%a9-%d9%85%d9%86-%d8%a7%d9%84%d9%81%d9%88%d9%84%d8%a7%d8%b0-%d8%a7%d9%84%d9%85%d9%82%d8%a7%d9%88%d9%85-%d9%84%d9%84#primaryimage\"},\"image\":{\"@id\":\"https:\\\/\\\/www.dillerbottle.com\\\/ar\\\/%d9%85%d9%86%d8%aa%d8%ac%d8%a7%d8%aa\\\/%d8%b2%d8%ac%d8%a7%d8%ac%d8%a9-%d8%aa%d8%b1%d9%85%d8%b3-%d9%85%d9%81%d8%b1%d8%ba%d8%a9-%d9%85%d9%86-%d8%a7%d9%84%d9%81%d9%88%d9%84%d8%a7%d8%b0-%d8%a7%d9%84%d9%85%d9%82%d8%a7%d9%88%d9%85-%d9%84%d9%84#primaryimage\"},\"thumbnailUrl\":\"https:\\\/\\\/www.dillerbottle.com\\\/wp-content\\\/uploads\\\/2024\\\/09\\\/thermos-stainless-steel-vacuum-bottle06589939060.jpg\",\"datePublished\":\"2024-09-29T06:47:36+00:00\",\"dateModified\":\"2025-07-09T07:18:27+00:00\",\"description\":\"As one of the best thermos stainless steel vacuum bottle manufacturers and suppliers, we are engaged in manufacturing good quality water bottles. We warmly welcome you to wholesale or buy custom made thermos stainless steel vacuum bottle at competitive price from us. Also, small quantity orders are acceptable.\",\"breadcrumb\":{\"@id\":\"https:\\\/\\\/www.dillerbottle.com\\\/ar\\\/%d9%85%d9%86%d8%aa%d8%ac%d8%a7%d8%aa\\\/%d8%b2%d8%ac%d8%a7%d8%ac%d8%a9-%d8%aa%d8%b1%d9%85%d8%b3-%d9%85%d9%81%d8%b1%d8%ba%d8%a9-%d9%85%d9%86-%d8%a7%d9%84%d9%81%d9%88%d9%84%d8%a7%d8%b0-%d8%a7%d9%84%d9%85%d9%82%d8%a7%d9%88%d9%85-%d9%84%d9%84#breadcrumb\"},\"inLanguage\":\"es\",\"potentialAction\":[{\"@type\":\"ReadAction\",\"target\":[\"https:\\\/\\\/www.dillerbottle.com\\\/ar\\\/%d9%85%d9%86%d8%aa%d8%ac%d8%a7%d8%aa\\\/%d8%b2%d8%ac%d8%a7%d8%ac%d8%a9-%d8%aa%d8%b1%d9%85%d8%b3-%d9%85%d9%81%d8%b1%d8%ba%d8%a9-%d9%85%d9%86-%d8%a7%d9%84%d9%81%d9%88%d9%84%d8%a7%d8%b0-%d8%a7%d9%84%d9%85%d9%82%d8%a7%d9%88%d9%85-%d9%84%d9%84\"]}]},{\"@type\":\"ImageObject\",\"inLanguage\":\"es\",\"@id\":\"https:\\\/\\\/www.dillerbottle.com\\\/ar\\\/%d9%85%d9%86%d8%aa%d8%ac%d8%a7%d8%aa\\\/%d8%b2%d8%ac%d8%a7%d8%ac%d8%a9-%d8%aa%d8%b1%d9%85%d8%b3-%d9%85%d9%81%d8%b1%d8%ba%d8%a9-%d9%85%d9%86-%d8%a7%d9%84%d9%81%d9%88%d9%84%d8%a7%d8%b0-%d8%a7%d9%84%d9%85%d9%82%d8%a7%d9%88%d9%85-%d9%84%d9%84#primaryimage\",\"url\":\"https:\\\/\\\/www.dillerbottle.com\\\/wp-content\\\/uploads\\\/2024\\\/09\\\/thermos-stainless-steel-vacuum-bottle06589939060.jpg\",\"contentUrl\":\"https:\\\/\\\/www.dillerbottle.com\\\/wp-content\\\/uploads\\\/2024\\\/09\\\/thermos-stainless-steel-vacuum-bottle06589939060.jpg\",\"width\":730,\"height\":730},{\"@type\":\"BreadcrumbList\",\"@id\":\"https:\\\/\\\/www.dillerbottle.com\\\/ar\\\/%d9%85%d9%86%d8%aa%d8%ac%d8%a7%d8%aa\\\/%d8%b2%d8%ac%d8%a7%d8%ac%d8%a9-%d8%aa%d8%b1%d9%85%d8%b3-%d9%85%d9%81%d8%b1%d8%ba%d8%a9-%d9%85%d9%86-%d8%a7%d9%84%d9%81%d9%88%d9%84%d8%a7%d8%b0-%d8%a7%d9%84%d9%85%d9%82%d8%a7%d9%88%d9%85-%d9%84%d9%84#breadcrumb\",\"itemListElement\":[{\"@type\":\"ListItem\",\"position\":1,\"name\":\"Home\",\"item\":\"https:\\\/\\\/www.dillerbottle.com\\\/\"},{\"@type\":\"ListItem\",\"position\":2,\"name\":\"Products\",\"item\":\"https:\\\/\\\/www.dillerbottle.com\\\/shop\"},{\"@type\":\"ListItem\",\"position\":3,\"name\":\"Thermos Stainless Steel Vacuum Bottle\"}]},{\"@type\":\"WebSite\",\"@id\":\"https:\\\/\\\/www.dillerbottle.com\\\/#website\",\"url\":\"https:\\\/\\\/www.dillerbottle.com\\\/\",\"name\":\"Diller Water Bottle Manufacturer\",\"description\":\"Water Bottle Manufacturer\",\"publisher\":{\"@id\":\"https:\\\/\\\/www.dillerbottle.com\\\/#organization\"},\"potentialAction\":[{\"@type\":\"SearchAction\",\"target\":{\"@type\":\"EntryPoint\",\"urlTemplate\":\"https:\\\/\\\/www.dillerbottle.com\\\/?s={search_term_string}\"},\"query-input\":{\"@type\":\"PropertyValueSpecification\",\"valueRequired\":true,\"valueName\":\"search_term_string\"}}],\"inLanguage\":\"es\"},{\"@type\":\"Organization\",\"@id\":\"https:\\\/\\\/www.dillerbottle.com\\\/#organization\",\"name\":\"Diller Water Bottle Manufacturer\",\"url\":\"https:\\\/\\\/www.dillerbottle.com\\\/\",\"logo\":{\"@type\":\"ImageObject\",\"inLanguage\":\"es\",\"@id\":\"https:\\\/\\\/www.dillerbottle.com\\\/#\\\/schema\\\/logo\\\/image\\\/\",\"url\":\"https:\\\/\\\/www.dillerbottle.com\\\/wp-content\\\/uploads\\\/2024\\\/09\\\/49918bfa848dcc1e9f8b509933603ac.png\",\"contentUrl\":\"https:\\\/\\\/www.dillerbottle.com\\\/wp-content\\\/uploads\\\/2024\\\/09\\\/49918bfa848dcc1e9f8b509933603ac.png\",\"width\":988,\"height\":198,\"caption\":\"Diller Water Bottle Manufacturer\"},\"image\":{\"@id\":\"https:\\\/\\\/www.dillerbottle.com\\\/#\\\/schema\\\/logo\\\/image\\\/\"}}]}<\/script>\n<!-- \/ Yoast SEO Premium plugin. -->","yoast_head_json":{"title":"Botella de vac\u00edo de acero inoxidable Thermos - Fabricante de botellas de agua Diller","description":"Como uno de los mejores fabricantes y proveedores de termos de acero inoxidable, nos dedicamos a la fabricaci\u00f3n de botellas de agua de buena calidad. Le damos una c\u00e1lida bienvenida para que compre al por mayor o a medida termos de acero inoxidable a un precio competitivo. Adem\u00e1s, aceptamos pedidos de peque\u00f1as cantidades.","robots":{"index":"index","follow":"follow","max-snippet":"max-snippet:-1","max-image-preview":"max-image-preview:large","max-video-preview":"max-video-preview:-1"},"canonical":"https:\/\/www.dillerbottle.com\/es\/productos\/botella-termo-de-acero-inoxidable-al-vacio","og_locale":"es_ES","og_type":"article","og_title":"Thermos Stainless Steel Vacuum Bottle","og_description":"As one of the best thermos stainless steel vacuum bottle manufacturers and suppliers, we are engaged in manufacturing good quality water bottles. We warmly welcome you to wholesale or buy custom made thermos stainless steel vacuum bottle at competitive price from us. Also, small quantity orders are acceptable.","og_url":"https:\/\/www.dillerbottle.com\/es\/productos\/botella-termo-de-acero-inoxidable-al-vacio","og_site_name":"Diller Water Bottle Manufacturer","article_modified_time":"2025-07-09T07:18:27+00:00","og_image":[{"width":730,"height":730,"url":"https:\/\/www.dillerbottle.com\/wp-content\/uploads\/2024\/09\/thermos-stainless-steel-vacuum-bottle06589939060.jpg","type":"image\/jpeg"}],"twitter_card":"summary_large_image","twitter_misc":{"Tiempo de lectura":"2 minutos"},"schema":{"@context":"https:\/\/schema.org","@graph":[{"@type":"WebPage","@id":"https:\/\/www.dillerbottle.com\/ar\/%d9%85%d9%86%d8%aa%d8%ac%d8%a7%d8%aa\/%d8%b2%d8%ac%d8%a7%d8%ac%d8%a9-%d8%aa%d8%b1%d9%85%d8%b3-%d9%85%d9%81%d8%b1%d8%ba%d8%a9-%d9%85%d9%86-%d8%a7%d9%84%d9%81%d9%88%d9%84%d8%a7%d8%b0-%d8%a7%d9%84%d9%85%d9%82%d8%a7%d9%88%d9%85-%d9%84%d9%84","url":"https:\/\/www.dillerbottle.com\/ar\/%d9%85%d9%86%d8%aa%d8%ac%d8%a7%d8%aa\/%d8%b2%d8%ac%d8%a7%d8%ac%d8%a9-%d8%aa%d8%b1%d9%85%d8%b3-%d9%85%d9%81%d8%b1%d8%ba%d8%a9-%d9%85%d9%86-%d8%a7%d9%84%d9%81%d9%88%d9%84%d8%a7%d8%b0-%d8%a7%d9%84%d9%85%d9%82%d8%a7%d9%88%d9%85-%d9%84%d9%84","name":"Botella de vac\u00edo de acero inoxidable Thermos - Fabricante de botellas de agua Diller","isPartOf":{"@id":"https:\/\/www.dillerbottle.com\/#website"},"primaryImageOfPage":{"@id":"https:\/\/www.dillerbottle.com\/ar\/%d9%85%d9%86%d8%aa%d8%ac%d8%a7%d8%aa\/%d8%b2%d8%ac%d8%a7%d8%ac%d8%a9-%d8%aa%d8%b1%d9%85%d8%b3-%d9%85%d9%81%d8%b1%d8%ba%d8%a9-%d9%85%d9%86-%d8%a7%d9%84%d9%81%d9%88%d9%84%d8%a7%d8%b0-%d8%a7%d9%84%d9%85%d9%82%d8%a7%d9%88%d9%85-%d9%84%d9%84#primaryimage"},"image":{"@id":"https:\/\/www.dillerbottle.com\/ar\/%d9%85%d9%86%d8%aa%d8%ac%d8%a7%d8%aa\/%d8%b2%d8%ac%d8%a7%d8%ac%d8%a9-%d8%aa%d8%b1%d9%85%d8%b3-%d9%85%d9%81%d8%b1%d8%ba%d8%a9-%d9%85%d9%86-%d8%a7%d9%84%d9%81%d9%88%d9%84%d8%a7%d8%b0-%d8%a7%d9%84%d9%85%d9%82%d8%a7%d9%88%d9%85-%d9%84%d9%84#primaryimage"},"thumbnailUrl":"https:\/\/www.dillerbottle.com\/wp-content\/uploads\/2024\/09\/thermos-stainless-steel-vacuum-bottle06589939060.jpg","datePublished":"2024-09-29T06:47:36+00:00","dateModified":"2025-07-09T07:18:27+00:00","description":"Como uno de los mejores fabricantes y proveedores de termos de acero inoxidable, nos dedicamos a la fabricaci\u00f3n de botellas de agua de buena calidad. Le damos una c\u00e1lida bienvenida para que compre al por mayor o a medida termos de acero inoxidable a un precio competitivo. Adem\u00e1s, aceptamos pedidos de peque\u00f1as cantidades.","breadcrumb":{"@id":"https:\/\/www.dillerbottle.com\/ar\/%d9%85%d9%86%d8%aa%d8%ac%d8%a7%d8%aa\/%d8%b2%d8%ac%d8%a7%d8%ac%d8%a9-%d8%aa%d8%b1%d9%85%d8%b3-%d9%85%d9%81%d8%b1%d8%ba%d8%a9-%d9%85%d9%86-%d8%a7%d9%84%d9%81%d9%88%d9%84%d8%a7%d8%b0-%d8%a7%d9%84%d9%85%d9%82%d8%a7%d9%88%d9%85-%d9%84%d9%84#breadcrumb"},"inLanguage":"es","potentialAction":[{"@type":"ReadAction","target":["https:\/\/www.dillerbottle.com\/ar\/%d9%85%d9%86%d8%aa%d8%ac%d8%a7%d8%aa\/%d8%b2%d8%ac%d8%a7%d8%ac%d8%a9-%d8%aa%d8%b1%d9%85%d8%b3-%d9%85%d9%81%d8%b1%d8%ba%d8%a9-%d9%85%d9%86-%d8%a7%d9%84%d9%81%d9%88%d9%84%d8%a7%d8%b0-%d8%a7%d9%84%d9%85%d9%82%d8%a7%d9%88%d9%85-%d9%84%d9%84"]}]},{"@type":"ImageObject","inLanguage":"es","@id":"https:\/\/www.dillerbottle.com\/ar\/%d9%85%d9%86%d8%aa%d8%ac%d8%a7%d8%aa\/%d8%b2%d8%ac%d8%a7%d8%ac%d8%a9-%d8%aa%d8%b1%d9%85%d8%b3-%d9%85%d9%81%d8%b1%d8%ba%d8%a9-%d9%85%d9%86-%d8%a7%d9%84%d9%81%d9%88%d9%84%d8%a7%d8%b0-%d8%a7%d9%84%d9%85%d9%82%d8%a7%d9%88%d9%85-%d9%84%d9%84#primaryimage","url":"https:\/\/www.dillerbottle.com\/wp-content\/uploads\/2024\/09\/thermos-stainless-steel-vacuum-bottle06589939060.jpg","contentUrl":"https:\/\/www.dillerbottle.com\/wp-content\/uploads\/2024\/09\/thermos-stainless-steel-vacuum-bottle06589939060.jpg","width":730,"height":730},{"@type":"BreadcrumbList","@id":"https:\/\/www.dillerbottle.com\/ar\/%d9%85%d9%86%d8%aa%d8%ac%d8%a7%d8%aa\/%d8%b2%d8%ac%d8%a7%d8%ac%d8%a9-%d8%aa%d8%b1%d9%85%d8%b3-%d9%85%d9%81%d8%b1%d8%ba%d8%a9-%d9%85%d9%86-%d8%a7%d9%84%d9%81%d9%88%d9%84%d8%a7%d8%b0-%d8%a7%d9%84%d9%85%d9%82%d8%a7%d9%88%d9%85-%d9%84%d9%84#breadcrumb","itemListElement":[{"@type":"ListItem","position":1,"name":"Home","item":"https:\/\/www.dillerbottle.com\/"},{"@type":"ListItem","position":2,"name":"Products","item":"https:\/\/www.dillerbottle.com\/shop"},{"@type":"ListItem","position":3,"name":"Thermos Stainless Steel Vacuum Bottle"}]},{"@type":"WebSite","@id":"https:\/\/www.dillerbottle.com\/#website","url":"https:\/\/www.dillerbottle.com\/","name":"Fabricante de botellas de agua Diller","description":"Fabricante de botellas de agua","publisher":{"@id":"https:\/\/www.dillerbottle.com\/#organization"},"potentialAction":[{"@type":"SearchAction","target":{"@type":"EntryPoint","urlTemplate":"https:\/\/www.dillerbottle.com\/?s={search_term_string}"},"query-input":{"@type":"PropertyValueSpecification","valueRequired":true,"valueName":"search_term_string"}}],"inLanguage":"es"},{"@type":"Organization","@id":"https:\/\/www.dillerbottle.com\/#organization","name":"Fabricante de botellas de agua Diller","url":"https:\/\/www.dillerbottle.com\/","logo":{"@type":"ImageObject","inLanguage":"es","@id":"https:\/\/www.dillerbottle.com\/#\/schema\/logo\/image\/","url":"https:\/\/www.dillerbottle.com\/wp-content\/uploads\/2024\/09\/49918bfa848dcc1e9f8b509933603ac.png","contentUrl":"https:\/\/www.dillerbottle.com\/wp-content\/uploads\/2024\/09\/49918bfa848dcc1e9f8b509933603ac.png","width":988,"height":198,"caption":"Diller Water Bottle Manufacturer"},"image":{"@id":"https:\/\/www.dillerbottle.com\/#\/schema\/logo\/image\/"}}]}},"_links":{"self":[{"href":"https:\/\/www.dillerbottle.com\/es\/wp-json\/wp\/v2\/product\/10623","targetHints":{"allow":["GET"]}}],"collection":[{"href":"https:\/\/www.dillerbottle.com\/es\/wp-json\/wp\/v2\/product"}],"about":[{"href":"https:\/\/www.dillerbottle.com\/es\/wp-json\/wp\/v2\/types\/product"}],"replies":[{"embeddable":true,"href":"https:\/\/www.dillerbottle.com\/es\/wp-json\/wp\/v2\/comments?post=10623"}],"wp:featuredmedia":[{"embeddable":true,"href":"https:\/\/www.dillerbottle.com\/es\/wp-json\/wp\/v2\/media\/10624"}],"wp:attachment":[{"href":"https:\/\/www.dillerbottle.com\/es\/wp-json\/wp\/v2\/media?parent=10623"}],"wp:term":[{"taxonomy":"product_brand","embeddable":true,"href":"https:\/\/www.dillerbottle.com\/es\/wp-json\/wp\/v2\/product_brand?post=10623"},{"taxonomy":"product_cat","embeddable":true,"href":"https:\/\/www.dillerbottle.com\/es\/wp-json\/wp\/v2\/product_cat?post=10623"},{"taxonomy":"product_tag","embeddable":true,"href":"https:\/\/www.dillerbottle.com\/es\/wp-json\/wp\/v2\/product_tag?post=10623"}],"curies":[{"name":"Gracias","href":"https:\/\/api.w.org\/{rel}","templated":true}]}}