{"id":10691,"date":"2024-09-29T14:48:25","date_gmt":"2024-09-29T06:48:25","guid":{"rendered":"https:\/\/demo.dillerbottle.com\/products\/stainless-vacuum-bottle"},"modified":"2025-07-09T15:13:26","modified_gmt":"2025-07-09T07:13:26","slug":"botella-de-vacio-de-acero-inoxidable-2","status":"publish","type":"product","link":"https:\/\/www.dillerbottle.com\/es\/products\/stainless-vacuum-bottle","title":{"rendered":"Botella de vac\u00edo de acero inoxidable"},"content":{"rendered":"<p>Descripci\u00f3n del Producto<\/p>\n<hr \/>\n<p>1. La botella de vac\u00edo de acero inoxidable con su elegante y nuevo dise\u00f1o de contorno delgado se adapta perfectamente a cualquier portavasos est\u00e1ndar. La botella de agua de mayor capacidad del portavasos puede caber en cualquier portavasos est\u00e1ndar, viene con una correa port\u00e1til, perfecta para actividades al aire libre, especialmente para conducir, excursiones, playa, campamentos o ciclismo, etc.<br \/>\n2. Tecnolog\u00eda \u00fanica en el interior de DILLER 2<br \/>\nLa botella de agua de 3,6 oz mantiene la bebida fr\u00eda helada hasta por 24 horas y la bebida caliente humeante hasta por 12 horas, aseg\u00farese de que cada sorbo tenga la sensaci\u00f3n que desea.<\/p>\n<p>3. DILLER siempre se adhiere a la idea de seguridad y protecci\u00f3n del medio ambiente, nuestra botella de agua aislada est\u00e1 hecha de acero inoxidable 316 + 304 de alta calidad que pas\u00f3 la prueba de la FDA, que es completamente resistente a la oxidaci\u00f3n y la corrosi\u00f3n, libre de BPA, sin ning\u00fan olor met\u00e1lico, brind\u00e1ndole a usted y a su familia una forma m\u00e1s saludable y segura de beber agua. Par\u00e1metros del producto<\/p>\n<hr \/>\n<p>Presentaci\u00f3n del producto<\/p>\n<hr \/>\n<p>Servicio OEM\/ODM<\/p>\n<hr \/>\n<p>\u00bfQuieres personalizar una botella de vac\u00edo de acero inoxidable con tu logotipo, color, patr\u00f3n o dise\u00f1o para reflejar tu marca a la perfecci\u00f3n? \u00a1No busques m\u00e1s! Nuestro equipo puede trabajar contigo. Ofrecemos muestras gratuitas para ayudarte a empezar y nuestras opciones de compra al por mayor hacen que sea f\u00e1cil obtener la cantidad que necesitas.<\/p>\n<div style=\"width: 640px;\" class=\"wp-video\"><video class=\"wp-video-shortcode\" id=\"video-10691-1\" width=\"640\" height=\"360\" preload=\"metadata\" controls=\"controls\"><source type=\"video\/mp4\" src=\"\/wp-content\/uploads\/2024\/09\/66f8f83e8369c-video202211041705314278551.mp4?_=1\" \/><a href=\"\/wp-content\/uploads\/2024\/09\/66f8f83e8369c-video202211041705314278551.mp4\">\/wp-content\/uploads\/2024\/09\/66f8f83e8369c-video202211041705314278551.mp4<\/a><\/video><\/div>","protected":false},"excerpt":{"rendered":"<p>Una botella de vac\u00edo de acero inoxidable es una excelente opci\u00f3n para quienes buscan una alternativa a la tradicional botella de agua de vidrio o pl\u00e1stico.<br \/>\nLas botellas de vac\u00edo est\u00e1n hechas con una construcci\u00f3n de doble pared, lo que significa que pueden mantener sus bebidas calientes o fr\u00edas durante horas.<br \/>\nEsto los hace perfectos para llevar mientras viajas, ya sea al gimnasio o a una caminata.<br \/>\nLas botellas de vac\u00edo de acero inoxidable tambi\u00e9n son incre\u00edblemente duraderas, por lo que no tendr\u00e1 que preocuparse de que se rompan si se caen.<br \/>\nSi desea personalizar la botella de vac\u00edo de acero inoxidable con su propio logotipo, color, patr\u00f3n o dise\u00f1o.<br \/>\nNuestro equipo puede trabajar con usted para crear un dise\u00f1o o patr\u00f3n \u00fanico que refleje perfectamente su marca.<\/p>","protected":false},"featured_media":10692,"comment_status":"open","ping_status":"closed","template":"","meta":{"_acf_changed":false},"product_brand":[],"product_cat":[18],"product_tag":[32,690,36,33,521,31,39,38,728,29,37,34,35,894,712,738,811,28,30],"class_list":{"0":"post-10691","1":"product","2":"type-product","3":"status-publish","4":"has-post-thumbnail","6":"product_cat-insulated-water-bottle","7":"product_tag-best","8":"product_tag-bottle-water","9":"product_tag-bulk","10":"product_tag-buy","11":"product_tag-cup-outdoor-travel-sports-water-bottle-with-handle","12":"product_tag-custom","13":"product_tag-for-sale","14":"product_tag-good-quality","15":"product_tag-insulated-sport-water-bottles","16":"product_tag-manufacturers","17":"product_tag-manufacturing","18":"product_tag-price","19":"product_tag-small","20":"product_tag-stainless-vacuum-bottle","21":"product_tag-steel-vacuum-water-sport-bottles-with-handle","22":"product_tag-steel-water-bottles-with-sports-straw-lid","23":"product_tag-stylish-water-bottle","24":"product_tag-suppliers","25":"product_tag-wholesale","27":"first","28":"instock","29":"shipping-taxable","30":"product-type-simple"},"acf":[],"yoast_head":"<!-- This site is optimized with the Yoast SEO Premium plugin v27.4 (Yoast SEO v27.4) - https:\/\/yoast.com\/product\/yoast-seo-premium-wordpress\/ -->\n<title>Stainless Vacuum Bottle - Diller Water Bottle Manufacturer<\/title>\n<meta name=\"description\" content=\"As one of the best stainless vacuum bottle manufacturers and suppliers, we are engaged in manufacturing good quality water bottles. We warmly welcome you to wholesale or buy custom made stainless vacuum bottle at competitive price from us. Also, small quantity orders are acceptable.\" \/>\n<meta name=\"robots\" content=\"index, follow, max-snippet:-1, max-image-preview:large, max-video-preview:-1\" \/>\n<link rel=\"canonical\" href=\"https:\/\/www.dillerbottle.com\/es\/productos\/botella-de-vacio-de-acero-inoxidable-2\" \/>\n<meta property=\"og:locale\" content=\"es_ES\" \/>\n<meta property=\"og:type\" content=\"article\" \/>\n<meta property=\"og:title\" content=\"Stainless Vacuum Bottle\" \/>\n<meta property=\"og:description\" content=\"As one of the best stainless vacuum bottle manufacturers and suppliers, we are engaged in manufacturing good quality water bottles. We warmly welcome you to wholesale or buy custom made stainless vacuum bottle at competitive price from us. Also, small quantity orders are acceptable.\" \/>\n<meta property=\"og:url\" content=\"https:\/\/www.dillerbottle.com\/es\/productos\/botella-de-vacio-de-acero-inoxidable-2\" \/>\n<meta property=\"og:site_name\" content=\"Diller Water Bottle Manufacturer\" \/>\n<meta property=\"article:modified_time\" content=\"2025-07-09T07:13:26+00:00\" \/>\n<meta property=\"og:image\" content=\"https:\/\/www.dillerbottle.com\/wp-content\/uploads\/2024\/09\/stainless-vacuum-bottle42023754285.jpg\" \/>\n\t<meta property=\"og:image:width\" content=\"730\" \/>\n\t<meta property=\"og:image:height\" content=\"730\" \/>\n\t<meta property=\"og:image:type\" content=\"image\/jpeg\" \/>\n<meta name=\"twitter:card\" content=\"summary_large_image\" \/>\n<meta name=\"twitter:label1\" content=\"Tiempo de lectura\" \/>\n\t<meta name=\"twitter:data1\" content=\"3 minutos\" \/>\n<script type=\"application\/ld+json\" class=\"yoast-schema-graph\">{\"@context\":\"https:\\\/\\\/schema.org\",\"@graph\":[{\"@type\":\"WebPage\",\"@id\":\"https:\\\/\\\/www.dillerbottle.com\\\/nl\\\/producten\\\/roestvrijstalen-vacuumfles-2\",\"url\":\"https:\\\/\\\/www.dillerbottle.com\\\/nl\\\/producten\\\/roestvrijstalen-vacuumfles-2\",\"name\":\"Stainless Vacuum Bottle - Diller Water Bottle Manufacturer\",\"isPartOf\":{\"@id\":\"https:\\\/\\\/www.dillerbottle.com\\\/#website\"},\"primaryImageOfPage\":{\"@id\":\"https:\\\/\\\/www.dillerbottle.com\\\/nl\\\/producten\\\/roestvrijstalen-vacuumfles-2#primaryimage\"},\"image\":{\"@id\":\"https:\\\/\\\/www.dillerbottle.com\\\/nl\\\/producten\\\/roestvrijstalen-vacuumfles-2#primaryimage\"},\"thumbnailUrl\":\"https:\\\/\\\/www.dillerbottle.com\\\/wp-content\\\/uploads\\\/2024\\\/09\\\/stainless-vacuum-bottle42023754285.jpg\",\"datePublished\":\"2024-09-29T06:48:25+00:00\",\"dateModified\":\"2025-07-09T07:13:26+00:00\",\"description\":\"As one of the best stainless vacuum bottle manufacturers and suppliers, we are engaged in manufacturing good quality water bottles. We warmly welcome you to wholesale or buy custom made stainless vacuum bottle at competitive price from us. Also, small quantity orders are acceptable.\",\"breadcrumb\":{\"@id\":\"https:\\\/\\\/www.dillerbottle.com\\\/nl\\\/producten\\\/roestvrijstalen-vacuumfles-2#breadcrumb\"},\"inLanguage\":\"es\",\"potentialAction\":[{\"@type\":\"ReadAction\",\"target\":[\"https:\\\/\\\/www.dillerbottle.com\\\/nl\\\/producten\\\/roestvrijstalen-vacuumfles-2\"]}]},{\"@type\":\"ImageObject\",\"inLanguage\":\"es\",\"@id\":\"https:\\\/\\\/www.dillerbottle.com\\\/nl\\\/producten\\\/roestvrijstalen-vacuumfles-2#primaryimage\",\"url\":\"https:\\\/\\\/www.dillerbottle.com\\\/wp-content\\\/uploads\\\/2024\\\/09\\\/stainless-vacuum-bottle42023754285.jpg\",\"contentUrl\":\"https:\\\/\\\/www.dillerbottle.com\\\/wp-content\\\/uploads\\\/2024\\\/09\\\/stainless-vacuum-bottle42023754285.jpg\",\"width\":730,\"height\":730},{\"@type\":\"BreadcrumbList\",\"@id\":\"https:\\\/\\\/www.dillerbottle.com\\\/nl\\\/producten\\\/roestvrijstalen-vacuumfles-2#breadcrumb\",\"itemListElement\":[{\"@type\":\"ListItem\",\"position\":1,\"name\":\"Home\",\"item\":\"https:\\\/\\\/www.dillerbottle.com\\\/\"},{\"@type\":\"ListItem\",\"position\":2,\"name\":\"Products\",\"item\":\"https:\\\/\\\/www.dillerbottle.com\\\/shop\"},{\"@type\":\"ListItem\",\"position\":3,\"name\":\"Stainless Vacuum Bottle\"}]},{\"@type\":\"WebSite\",\"@id\":\"https:\\\/\\\/www.dillerbottle.com\\\/#website\",\"url\":\"https:\\\/\\\/www.dillerbottle.com\\\/\",\"name\":\"Diller Water Bottle Manufacturer\",\"description\":\"Water Bottle Manufacturer\",\"publisher\":{\"@id\":\"https:\\\/\\\/www.dillerbottle.com\\\/#organization\"},\"potentialAction\":[{\"@type\":\"SearchAction\",\"target\":{\"@type\":\"EntryPoint\",\"urlTemplate\":\"https:\\\/\\\/www.dillerbottle.com\\\/?s={search_term_string}\"},\"query-input\":{\"@type\":\"PropertyValueSpecification\",\"valueRequired\":true,\"valueName\":\"search_term_string\"}}],\"inLanguage\":\"es\"},{\"@type\":\"Organization\",\"@id\":\"https:\\\/\\\/www.dillerbottle.com\\\/#organization\",\"name\":\"Diller Water Bottle Manufacturer\",\"url\":\"https:\\\/\\\/www.dillerbottle.com\\\/\",\"logo\":{\"@type\":\"ImageObject\",\"inLanguage\":\"es\",\"@id\":\"https:\\\/\\\/www.dillerbottle.com\\\/#\\\/schema\\\/logo\\\/image\\\/\",\"url\":\"https:\\\/\\\/www.dillerbottle.com\\\/wp-content\\\/uploads\\\/2024\\\/09\\\/49918bfa848dcc1e9f8b509933603ac.png\",\"contentUrl\":\"https:\\\/\\\/www.dillerbottle.com\\\/wp-content\\\/uploads\\\/2024\\\/09\\\/49918bfa848dcc1e9f8b509933603ac.png\",\"width\":988,\"height\":198,\"caption\":\"Diller Water Bottle Manufacturer\"},\"image\":{\"@id\":\"https:\\\/\\\/www.dillerbottle.com\\\/#\\\/schema\\\/logo\\\/image\\\/\"}}]}<\/script>\n<!-- \/ Yoast SEO Premium plugin. -->","yoast_head_json":{"title":"Botella de vac\u00edo de acero inoxidable - Fabricante de botellas de agua Diller","description":"Como uno de los mejores fabricantes y proveedores de botellas de vac\u00edo de acero inoxidable, nos dedicamos a la fabricaci\u00f3n de botellas de agua de buena calidad. Le damos una c\u00e1lida bienvenida para que compre al por mayor o botellas de vac\u00edo de acero inoxidable hechas a medida a un precio competitivo. Tambi\u00e9n aceptamos pedidos de peque\u00f1as cantidades.","robots":{"index":"index","follow":"follow","max-snippet":"max-snippet:-1","max-image-preview":"max-image-preview:large","max-video-preview":"max-video-preview:-1"},"canonical":"https:\/\/www.dillerbottle.com\/es\/productos\/botella-de-vacio-de-acero-inoxidable-2","og_locale":"es_ES","og_type":"article","og_title":"Stainless Vacuum Bottle","og_description":"As one of the best stainless vacuum bottle manufacturers and suppliers, we are engaged in manufacturing good quality water bottles. We warmly welcome you to wholesale or buy custom made stainless vacuum bottle at competitive price from us. Also, small quantity orders are acceptable.","og_url":"https:\/\/www.dillerbottle.com\/es\/productos\/botella-de-vacio-de-acero-inoxidable-2","og_site_name":"Diller Water Bottle Manufacturer","article_modified_time":"2025-07-09T07:13:26+00:00","og_image":[{"width":730,"height":730,"url":"https:\/\/www.dillerbottle.com\/wp-content\/uploads\/2024\/09\/stainless-vacuum-bottle42023754285.jpg","type":"image\/jpeg"}],"twitter_card":"summary_large_image","twitter_misc":{"Tiempo de lectura":"3 minutos"},"schema":{"@context":"https:\/\/schema.org","@graph":[{"@type":"WebPage","@id":"https:\/\/www.dillerbottle.com\/nl\/producten\/roestvrijstalen-vacuumfles-2","url":"https:\/\/www.dillerbottle.com\/nl\/producten\/roestvrijstalen-vacuumfles-2","name":"Botella de vac\u00edo de acero inoxidable - Fabricante de botellas de agua Diller","isPartOf":{"@id":"https:\/\/www.dillerbottle.com\/#website"},"primaryImageOfPage":{"@id":"https:\/\/www.dillerbottle.com\/nl\/producten\/roestvrijstalen-vacuumfles-2#primaryimage"},"image":{"@id":"https:\/\/www.dillerbottle.com\/nl\/producten\/roestvrijstalen-vacuumfles-2#primaryimage"},"thumbnailUrl":"https:\/\/www.dillerbottle.com\/wp-content\/uploads\/2024\/09\/stainless-vacuum-bottle42023754285.jpg","datePublished":"2024-09-29T06:48:25+00:00","dateModified":"2025-07-09T07:13:26+00:00","description":"Como uno de los mejores fabricantes y proveedores de botellas de vac\u00edo de acero inoxidable, nos dedicamos a la fabricaci\u00f3n de botellas de agua de buena calidad. Le damos una c\u00e1lida bienvenida para que compre al por mayor o botellas de vac\u00edo de acero inoxidable hechas a medida a un precio competitivo. Tambi\u00e9n aceptamos pedidos de peque\u00f1as cantidades.","breadcrumb":{"@id":"https:\/\/www.dillerbottle.com\/nl\/producten\/roestvrijstalen-vacuumfles-2#breadcrumb"},"inLanguage":"es","potentialAction":[{"@type":"ReadAction","target":["https:\/\/www.dillerbottle.com\/nl\/producten\/roestvrijstalen-vacuumfles-2"]}]},{"@type":"ImageObject","inLanguage":"es","@id":"https:\/\/www.dillerbottle.com\/nl\/producten\/roestvrijstalen-vacuumfles-2#primaryimage","url":"https:\/\/www.dillerbottle.com\/wp-content\/uploads\/2024\/09\/stainless-vacuum-bottle42023754285.jpg","contentUrl":"https:\/\/www.dillerbottle.com\/wp-content\/uploads\/2024\/09\/stainless-vacuum-bottle42023754285.jpg","width":730,"height":730},{"@type":"BreadcrumbList","@id":"https:\/\/www.dillerbottle.com\/nl\/producten\/roestvrijstalen-vacuumfles-2#breadcrumb","itemListElement":[{"@type":"ListItem","position":1,"name":"Home","item":"https:\/\/www.dillerbottle.com\/"},{"@type":"ListItem","position":2,"name":"Products","item":"https:\/\/www.dillerbottle.com\/shop"},{"@type":"ListItem","position":3,"name":"Stainless Vacuum Bottle"}]},{"@type":"WebSite","@id":"https:\/\/www.dillerbottle.com\/#website","url":"https:\/\/www.dillerbottle.com\/","name":"Fabricante de botellas de agua Diller","description":"Fabricante de botellas de agua","publisher":{"@id":"https:\/\/www.dillerbottle.com\/#organization"},"potentialAction":[{"@type":"SearchAction","target":{"@type":"EntryPoint","urlTemplate":"https:\/\/www.dillerbottle.com\/?s={search_term_string}"},"query-input":{"@type":"PropertyValueSpecification","valueRequired":true,"valueName":"search_term_string"}}],"inLanguage":"es"},{"@type":"Organization","@id":"https:\/\/www.dillerbottle.com\/#organization","name":"Fabricante de botellas de agua Diller","url":"https:\/\/www.dillerbottle.com\/","logo":{"@type":"ImageObject","inLanguage":"es","@id":"https:\/\/www.dillerbottle.com\/#\/schema\/logo\/image\/","url":"https:\/\/www.dillerbottle.com\/wp-content\/uploads\/2024\/09\/49918bfa848dcc1e9f8b509933603ac.png","contentUrl":"https:\/\/www.dillerbottle.com\/wp-content\/uploads\/2024\/09\/49918bfa848dcc1e9f8b509933603ac.png","width":988,"height":198,"caption":"Diller Water Bottle Manufacturer"},"image":{"@id":"https:\/\/www.dillerbottle.com\/#\/schema\/logo\/image\/"}}]}},"_links":{"self":[{"href":"https:\/\/www.dillerbottle.com\/es\/wp-json\/wp\/v2\/product\/10691","targetHints":{"allow":["GET"]}}],"collection":[{"href":"https:\/\/www.dillerbottle.com\/es\/wp-json\/wp\/v2\/product"}],"about":[{"href":"https:\/\/www.dillerbottle.com\/es\/wp-json\/wp\/v2\/types\/product"}],"replies":[{"embeddable":true,"href":"https:\/\/www.dillerbottle.com\/es\/wp-json\/wp\/v2\/comments?post=10691"}],"wp:featuredmedia":[{"embeddable":true,"href":"https:\/\/www.dillerbottle.com\/es\/wp-json\/wp\/v2\/media\/10692"}],"wp:attachment":[{"href":"https:\/\/www.dillerbottle.com\/es\/wp-json\/wp\/v2\/media?parent=10691"}],"wp:term":[{"taxonomy":"product_brand","embeddable":true,"href":"https:\/\/www.dillerbottle.com\/es\/wp-json\/wp\/v2\/product_brand?post=10691"},{"taxonomy":"product_cat","embeddable":true,"href":"https:\/\/www.dillerbottle.com\/es\/wp-json\/wp\/v2\/product_cat?post=10691"},{"taxonomy":"product_tag","embeddable":true,"href":"https:\/\/www.dillerbottle.com\/es\/wp-json\/wp\/v2\/product_tag?post=10691"}],"curies":[{"name":"Gracias","href":"https:\/\/api.w.org\/{rel}","templated":true}]}}