{"id":10897,"date":"2024-09-29T14:50:47","date_gmt":"2024-09-29T06:50:47","guid":{"rendered":"https:\/\/demo.dillerbottle.com\/products\/vacuum-thermos"},"modified":"2025-07-09T15:02:58","modified_gmt":"2025-07-09T07:02:58","slug":"termo-al-vacio","status":"publish","type":"product","link":"https:\/\/www.dillerbottle.com\/es\/products\/vacuum-thermos","title":{"rendered":"Termo al vac\u00edo"},"content":{"rendered":"<p>Caracter\u00edsticas: 1. Este termo al vac\u00edo cuenta con tecnolog\u00eda de aislamiento t\u00e9rmico al vac\u00edo para mantener bebidas fr\u00edas y calientes, como t\u00e9, caf\u00e9, agua, jugo y otras bebidas, a una temperatura \u00f3ptima hasta por 12 horas.<br \/>\n2.;Este termo al vac\u00edo est\u00e1 fabricado con acero inoxidable 316 de primera calidad, que es resistente a la corrosi\u00f3n, duradero y resistente. El termo es apto para uso alimentario y se puede usar de forma segura con varios tipos de bebidas sin preocuparse por la transferencia de olores.<br \/>\n3.;La tapa con pantalla LED inteligente muestra la temperatura dentro de la botella, por lo que puede verificar la temperatura de sus bebidas con un simple toque.<br \/>\n4.;Lo que hace que este termo al vac\u00edo sea realmente sorprendente es el dise\u00f1o elegante y minimalista hecho con un acabado mate de goma que no solo garantiza un agarre firme y c\u00f3modo de la mano, sino que tambi\u00e9n agrega un toque noble y atractivo a la botella.<\/p>","protected":false},"excerpt":{"rendered":"<p>El termo al vac\u00edo puede mantener bebidas fr\u00edas y calientes a una temperatura \u00f3ptima hasta por 12 horas.<br \/>\nLa botella est\u00e1 hecha con acero inoxidable 316 de primera calidad, que es a prueba de corrosi\u00f3n, duradero y resistente.<br \/>\nLa tapa con pantalla LED inteligente muestra la temperatura dentro de la botella, para que puedas verificar la temperatura de tus bebidas con un simple toque.<br \/>\nFabricado con un acabado mate de goma que garantiza un agarre firme y c\u00f3modo de la mano.<br \/>\nPodemos personalizar el logotipo de su propia marca.<br \/>\nserigraf\u00eda, grabado l\u00e1ser, logotipo en relieve, impresi\u00f3n por transferencia t\u00e9rmica, impresi\u00f3n 3D, transferencia por sublimaci\u00f3n, etc.<\/p>","protected":false},"featured_media":10898,"comment_status":"open","ping_status":"closed","template":"","meta":{"_acf_changed":false},"product_brand":[],"product_cat":[18],"product_tag":[32,36,33,31,749,39,38,769,29,37,34,35,700,804,28,912,797,567,30],"class_list":{"0":"post-10897","1":"product","2":"type-product","3":"status-publish","4":"has-post-thumbnail","6":"product_cat-insulated-water-bottle","7":"product_tag-best","8":"product_tag-bulk","9":"product_tag-buy","10":"product_tag-custom","11":"product_tag-eco-friendly-water-bottle","12":"product_tag-for-sale","13":"product_tag-good-quality","14":"product_tag-lid-double-wall-304-stainless-steel-water-bottle","15":"product_tag-manufacturers","16":"product_tag-manufacturing","17":"product_tag-price","18":"product_tag-small","19":"product_tag-soft-water-bottle","20":"product_tag-stainless-steel-water-bottles-with-straw","21":"product_tag-suppliers","22":"product_tag-vacuum-thermos","23":"product_tag-water-bottle-patent","24":"product_tag-water-bottle-sport","25":"product_tag-wholesale","27":"first","28":"instock","29":"shipping-taxable","30":"product-type-simple"},"acf":[],"yoast_head":"<!-- This site is optimized with the Yoast SEO Premium plugin v27.6 (Yoast SEO v27.6) - https:\/\/yoast.com\/product\/yoast-seo-premium-wordpress\/ -->\n<title>Vacuum Thermos - Diller Water Bottle Manufacturer<\/title>\n<meta name=\"description\" content=\"As one of the best vacuum thermos manufacturers and suppliers, we are engaged in manufacturing good quality water bottles. We warmly welcome you to wholesale or buy custom made vacuum thermos at competitive price from us. Also, small quantity orders are acceptable.\" \/>\n<meta name=\"robots\" content=\"index, follow, max-snippet:-1, max-image-preview:large, max-video-preview:-1\" \/>\n<link rel=\"canonical\" href=\"https:\/\/www.dillerbottle.com\/es\/productos\/termo-al-vacio\" \/>\n<meta property=\"og:locale\" content=\"es_ES\" \/>\n<meta property=\"og:type\" content=\"article\" \/>\n<meta property=\"og:title\" content=\"Vacuum Thermos\" \/>\n<meta property=\"og:description\" content=\"As one of the best vacuum thermos manufacturers and suppliers, we are engaged in manufacturing good quality water bottles. We warmly welcome you to wholesale or buy custom made vacuum thermos at competitive price from us. Also, small quantity orders are acceptable.\" \/>\n<meta property=\"og:url\" content=\"https:\/\/www.dillerbottle.com\/es\/productos\/termo-al-vacio\" \/>\n<meta property=\"og:site_name\" content=\"Diller Water Bottle Manufacturer\" \/>\n<meta property=\"article:modified_time\" content=\"2025-07-09T07:02:58+00:00\" \/>\n<meta property=\"og:image\" content=\"https:\/\/www.dillerbottle.com\/wp-content\/uploads\/2024\/09\/vacuum-thermos14149190797.jpg\" \/>\n\t<meta property=\"og:image:width\" content=\"730\" \/>\n\t<meta property=\"og:image:height\" content=\"730\" \/>\n\t<meta property=\"og:image:type\" content=\"image\/jpeg\" \/>\n<meta name=\"twitter:card\" content=\"summary_large_image\" \/>\n<meta name=\"twitter:label1\" content=\"Tiempo de lectura\" \/>\n\t<meta name=\"twitter:data1\" content=\"3 minutos\" \/>\n<script type=\"application\/ld+json\" class=\"yoast-schema-graph\">{\"@context\":\"https:\\\/\\\/schema.org\",\"@graph\":[{\"@type\":\"WebPage\",\"@id\":\"https:\\\/\\\/www.dillerbottle.com\\\/ru\\\/%d0%bf%d1%80%d0%be%d0%b4%d1%83%d0%ba%d1%82%d1%8b\\\/%d0%b2%d0%b0%d0%ba%d1%83%d1%83%d0%bc%d0%bd%d1%8b%d0%b9-%d1%82%d0%b5%d1%80%d0%bc%d0%be%d1%81\",\"url\":\"https:\\\/\\\/www.dillerbottle.com\\\/ru\\\/%d0%bf%d1%80%d0%be%d0%b4%d1%83%d0%ba%d1%82%d1%8b\\\/%d0%b2%d0%b0%d0%ba%d1%83%d1%83%d0%bc%d0%bd%d1%8b%d0%b9-%d1%82%d0%b5%d1%80%d0%bc%d0%be%d1%81\",\"name\":\"Vacuum Thermos - Diller Water Bottle Manufacturer\",\"isPartOf\":{\"@id\":\"https:\\\/\\\/www.dillerbottle.com\\\/#website\"},\"primaryImageOfPage\":{\"@id\":\"https:\\\/\\\/www.dillerbottle.com\\\/ru\\\/%d0%bf%d1%80%d0%be%d0%b4%d1%83%d0%ba%d1%82%d1%8b\\\/%d0%b2%d0%b0%d0%ba%d1%83%d1%83%d0%bc%d0%bd%d1%8b%d0%b9-%d1%82%d0%b5%d1%80%d0%bc%d0%be%d1%81#primaryimage\"},\"image\":{\"@id\":\"https:\\\/\\\/www.dillerbottle.com\\\/ru\\\/%d0%bf%d1%80%d0%be%d0%b4%d1%83%d0%ba%d1%82%d1%8b\\\/%d0%b2%d0%b0%d0%ba%d1%83%d1%83%d0%bc%d0%bd%d1%8b%d0%b9-%d1%82%d0%b5%d1%80%d0%bc%d0%be%d1%81#primaryimage\"},\"thumbnailUrl\":\"https:\\\/\\\/www.dillerbottle.com\\\/wp-content\\\/uploads\\\/2024\\\/09\\\/vacuum-thermos14149190797.jpg\",\"datePublished\":\"2024-09-29T06:50:47+00:00\",\"dateModified\":\"2025-07-09T07:02:58+00:00\",\"description\":\"As one of the best vacuum thermos manufacturers and suppliers, we are engaged in manufacturing good quality water bottles. We warmly welcome you to wholesale or buy custom made vacuum thermos at competitive price from us. Also, small quantity orders are acceptable.\",\"breadcrumb\":{\"@id\":\"https:\\\/\\\/www.dillerbottle.com\\\/ru\\\/%d0%bf%d1%80%d0%be%d0%b4%d1%83%d0%ba%d1%82%d1%8b\\\/%d0%b2%d0%b0%d0%ba%d1%83%d1%83%d0%bc%d0%bd%d1%8b%d0%b9-%d1%82%d0%b5%d1%80%d0%bc%d0%be%d1%81#breadcrumb\"},\"inLanguage\":\"es\",\"potentialAction\":[{\"@type\":\"ReadAction\",\"target\":[\"https:\\\/\\\/www.dillerbottle.com\\\/ru\\\/%d0%bf%d1%80%d0%be%d0%b4%d1%83%d0%ba%d1%82%d1%8b\\\/%d0%b2%d0%b0%d0%ba%d1%83%d1%83%d0%bc%d0%bd%d1%8b%d0%b9-%d1%82%d0%b5%d1%80%d0%bc%d0%be%d1%81\"]}]},{\"@type\":\"ImageObject\",\"inLanguage\":\"es\",\"@id\":\"https:\\\/\\\/www.dillerbottle.com\\\/ru\\\/%d0%bf%d1%80%d0%be%d0%b4%d1%83%d0%ba%d1%82%d1%8b\\\/%d0%b2%d0%b0%d0%ba%d1%83%d1%83%d0%bc%d0%bd%d1%8b%d0%b9-%d1%82%d0%b5%d1%80%d0%bc%d0%be%d1%81#primaryimage\",\"url\":\"https:\\\/\\\/www.dillerbottle.com\\\/wp-content\\\/uploads\\\/2024\\\/09\\\/vacuum-thermos14149190797.jpg\",\"contentUrl\":\"https:\\\/\\\/www.dillerbottle.com\\\/wp-content\\\/uploads\\\/2024\\\/09\\\/vacuum-thermos14149190797.jpg\",\"width\":730,\"height\":730},{\"@type\":\"BreadcrumbList\",\"@id\":\"https:\\\/\\\/www.dillerbottle.com\\\/ru\\\/%d0%bf%d1%80%d0%be%d0%b4%d1%83%d0%ba%d1%82%d1%8b\\\/%d0%b2%d0%b0%d0%ba%d1%83%d1%83%d0%bc%d0%bd%d1%8b%d0%b9-%d1%82%d0%b5%d1%80%d0%bc%d0%be%d1%81#breadcrumb\",\"itemListElement\":[{\"@type\":\"ListItem\",\"position\":1,\"name\":\"Home\",\"item\":\"https:\\\/\\\/www.dillerbottle.com\\\/\"},{\"@type\":\"ListItem\",\"position\":2,\"name\":\"Products\",\"item\":\"https:\\\/\\\/www.dillerbottle.com\\\/shop\"},{\"@type\":\"ListItem\",\"position\":3,\"name\":\"Vacuum Thermos\"}]},{\"@type\":\"WebSite\",\"@id\":\"https:\\\/\\\/www.dillerbottle.com\\\/#website\",\"url\":\"https:\\\/\\\/www.dillerbottle.com\\\/\",\"name\":\"Diller Water Bottle Manufacturer\",\"description\":\"Water Bottle Manufacturer\",\"publisher\":{\"@id\":\"https:\\\/\\\/www.dillerbottle.com\\\/#organization\"},\"potentialAction\":[{\"@type\":\"SearchAction\",\"target\":{\"@type\":\"EntryPoint\",\"urlTemplate\":\"https:\\\/\\\/www.dillerbottle.com\\\/?s={search_term_string}\"},\"query-input\":{\"@type\":\"PropertyValueSpecification\",\"valueRequired\":true,\"valueName\":\"search_term_string\"}}],\"inLanguage\":\"es\"},{\"@type\":\"Organization\",\"@id\":\"https:\\\/\\\/www.dillerbottle.com\\\/#organization\",\"name\":\"Diller Water Bottle Manufacturer\",\"url\":\"https:\\\/\\\/www.dillerbottle.com\\\/\",\"logo\":{\"@type\":\"ImageObject\",\"inLanguage\":\"es\",\"@id\":\"https:\\\/\\\/www.dillerbottle.com\\\/#\\\/schema\\\/logo\\\/image\\\/\",\"url\":\"https:\\\/\\\/www.dillerbottle.com\\\/wp-content\\\/uploads\\\/2024\\\/09\\\/49918bfa848dcc1e9f8b509933603ac.png\",\"contentUrl\":\"https:\\\/\\\/www.dillerbottle.com\\\/wp-content\\\/uploads\\\/2024\\\/09\\\/49918bfa848dcc1e9f8b509933603ac.png\",\"width\":988,\"height\":198,\"caption\":\"Diller Water Bottle Manufacturer\"},\"image\":{\"@id\":\"https:\\\/\\\/www.dillerbottle.com\\\/#\\\/schema\\\/logo\\\/image\\\/\"}}]}<\/script>\n<!-- \/ Yoast SEO Premium plugin. -->","yoast_head_json":{"title":"Fabricante de termos al vac\u00edo - Botellas de agua Diller","description":"Como uno de los mejores fabricantes y proveedores de termos al vac\u00edo, nos dedicamos a la fabricaci\u00f3n de botellas de agua de buena calidad. Le damos una c\u00e1lida bienvenida para que compre al por mayor o a medida termos al vac\u00edo a un precio competitivo. Tambi\u00e9n aceptamos pedidos de peque\u00f1as cantidades.","robots":{"index":"index","follow":"follow","max-snippet":"max-snippet:-1","max-image-preview":"max-image-preview:large","max-video-preview":"max-video-preview:-1"},"canonical":"https:\/\/www.dillerbottle.com\/es\/productos\/termo-al-vacio","og_locale":"es_ES","og_type":"article","og_title":"Vacuum Thermos","og_description":"As one of the best vacuum thermos manufacturers and suppliers, we are engaged in manufacturing good quality water bottles. We warmly welcome you to wholesale or buy custom made vacuum thermos at competitive price from us. Also, small quantity orders are acceptable.","og_url":"https:\/\/www.dillerbottle.com\/es\/productos\/termo-al-vacio","og_site_name":"Diller Water Bottle Manufacturer","article_modified_time":"2025-07-09T07:02:58+00:00","og_image":[{"width":730,"height":730,"url":"https:\/\/www.dillerbottle.com\/wp-content\/uploads\/2024\/09\/vacuum-thermos14149190797.jpg","type":"image\/jpeg"}],"twitter_card":"summary_large_image","twitter_misc":{"Tiempo de lectura":"3 minutos"},"schema":{"@context":"https:\/\/schema.org","@graph":[{"@type":"WebPage","@id":"https:\/\/www.dillerbottle.com\/ru\/%d0%bf%d1%80%d0%be%d0%b4%d1%83%d0%ba%d1%82%d1%8b\/%d0%b2%d0%b0%d0%ba%d1%83%d1%83%d0%bc%d0%bd%d1%8b%d0%b9-%d1%82%d0%b5%d1%80%d0%bc%d0%be%d1%81","url":"https:\/\/www.dillerbottle.com\/ru\/%d0%bf%d1%80%d0%be%d0%b4%d1%83%d0%ba%d1%82%d1%8b\/%d0%b2%d0%b0%d0%ba%d1%83%d1%83%d0%bc%d0%bd%d1%8b%d0%b9-%d1%82%d0%b5%d1%80%d0%bc%d0%be%d1%81","name":"Fabricante de termos al vac\u00edo - Botellas de agua Diller","isPartOf":{"@id":"https:\/\/www.dillerbottle.com\/#website"},"primaryImageOfPage":{"@id":"https:\/\/www.dillerbottle.com\/ru\/%d0%bf%d1%80%d0%be%d0%b4%d1%83%d0%ba%d1%82%d1%8b\/%d0%b2%d0%b0%d0%ba%d1%83%d1%83%d0%bc%d0%bd%d1%8b%d0%b9-%d1%82%d0%b5%d1%80%d0%bc%d0%be%d1%81#primaryimage"},"image":{"@id":"https:\/\/www.dillerbottle.com\/ru\/%d0%bf%d1%80%d0%be%d0%b4%d1%83%d0%ba%d1%82%d1%8b\/%d0%b2%d0%b0%d0%ba%d1%83%d1%83%d0%bc%d0%bd%d1%8b%d0%b9-%d1%82%d0%b5%d1%80%d0%bc%d0%be%d1%81#primaryimage"},"thumbnailUrl":"https:\/\/www.dillerbottle.com\/wp-content\/uploads\/2024\/09\/vacuum-thermos14149190797.jpg","datePublished":"2024-09-29T06:50:47+00:00","dateModified":"2025-07-09T07:02:58+00:00","description":"Como uno de los mejores fabricantes y proveedores de termos al vac\u00edo, nos dedicamos a la fabricaci\u00f3n de botellas de agua de buena calidad. Le damos una c\u00e1lida bienvenida para que compre al por mayor o a medida termos al vac\u00edo a un precio competitivo. Tambi\u00e9n aceptamos pedidos de peque\u00f1as cantidades.","breadcrumb":{"@id":"https:\/\/www.dillerbottle.com\/ru\/%d0%bf%d1%80%d0%be%d0%b4%d1%83%d0%ba%d1%82%d1%8b\/%d0%b2%d0%b0%d0%ba%d1%83%d1%83%d0%bc%d0%bd%d1%8b%d0%b9-%d1%82%d0%b5%d1%80%d0%bc%d0%be%d1%81#breadcrumb"},"inLanguage":"es","potentialAction":[{"@type":"ReadAction","target":["https:\/\/www.dillerbottle.com\/ru\/%d0%bf%d1%80%d0%be%d0%b4%d1%83%d0%ba%d1%82%d1%8b\/%d0%b2%d0%b0%d0%ba%d1%83%d1%83%d0%bc%d0%bd%d1%8b%d0%b9-%d1%82%d0%b5%d1%80%d0%bc%d0%be%d1%81"]}]},{"@type":"ImageObject","inLanguage":"es","@id":"https:\/\/www.dillerbottle.com\/ru\/%d0%bf%d1%80%d0%be%d0%b4%d1%83%d0%ba%d1%82%d1%8b\/%d0%b2%d0%b0%d0%ba%d1%83%d1%83%d0%bc%d0%bd%d1%8b%d0%b9-%d1%82%d0%b5%d1%80%d0%bc%d0%be%d1%81#primaryimage","url":"https:\/\/www.dillerbottle.com\/wp-content\/uploads\/2024\/09\/vacuum-thermos14149190797.jpg","contentUrl":"https:\/\/www.dillerbottle.com\/wp-content\/uploads\/2024\/09\/vacuum-thermos14149190797.jpg","width":730,"height":730},{"@type":"BreadcrumbList","@id":"https:\/\/www.dillerbottle.com\/ru\/%d0%bf%d1%80%d0%be%d0%b4%d1%83%d0%ba%d1%82%d1%8b\/%d0%b2%d0%b0%d0%ba%d1%83%d1%83%d0%bc%d0%bd%d1%8b%d0%b9-%d1%82%d0%b5%d1%80%d0%bc%d0%be%d1%81#breadcrumb","itemListElement":[{"@type":"ListItem","position":1,"name":"Home","item":"https:\/\/www.dillerbottle.com\/"},{"@type":"ListItem","position":2,"name":"Products","item":"https:\/\/www.dillerbottle.com\/shop"},{"@type":"ListItem","position":3,"name":"Vacuum Thermos"}]},{"@type":"WebSite","@id":"https:\/\/www.dillerbottle.com\/#website","url":"https:\/\/www.dillerbottle.com\/","name":"Fabricante de botellas de agua Diller","description":"Fabricante de botellas de agua","publisher":{"@id":"https:\/\/www.dillerbottle.com\/#organization"},"potentialAction":[{"@type":"SearchAction","target":{"@type":"EntryPoint","urlTemplate":"https:\/\/www.dillerbottle.com\/?s={search_term_string}"},"query-input":{"@type":"PropertyValueSpecification","valueRequired":true,"valueName":"search_term_string"}}],"inLanguage":"es"},{"@type":"Organization","@id":"https:\/\/www.dillerbottle.com\/#organization","name":"Fabricante de botellas de agua Diller","url":"https:\/\/www.dillerbottle.com\/","logo":{"@type":"ImageObject","inLanguage":"es","@id":"https:\/\/www.dillerbottle.com\/#\/schema\/logo\/image\/","url":"https:\/\/www.dillerbottle.com\/wp-content\/uploads\/2024\/09\/49918bfa848dcc1e9f8b509933603ac.png","contentUrl":"https:\/\/www.dillerbottle.com\/wp-content\/uploads\/2024\/09\/49918bfa848dcc1e9f8b509933603ac.png","width":988,"height":198,"caption":"Diller Water Bottle Manufacturer"},"image":{"@id":"https:\/\/www.dillerbottle.com\/#\/schema\/logo\/image\/"}}]}},"_links":{"self":[{"href":"https:\/\/www.dillerbottle.com\/es\/wp-json\/wp\/v2\/product\/10897","targetHints":{"allow":["GET"]}}],"collection":[{"href":"https:\/\/www.dillerbottle.com\/es\/wp-json\/wp\/v2\/product"}],"about":[{"href":"https:\/\/www.dillerbottle.com\/es\/wp-json\/wp\/v2\/types\/product"}],"replies":[{"embeddable":true,"href":"https:\/\/www.dillerbottle.com\/es\/wp-json\/wp\/v2\/comments?post=10897"}],"wp:featuredmedia":[{"embeddable":true,"href":"https:\/\/www.dillerbottle.com\/es\/wp-json\/wp\/v2\/media\/10898"}],"wp:attachment":[{"href":"https:\/\/www.dillerbottle.com\/es\/wp-json\/wp\/v2\/media?parent=10897"}],"wp:term":[{"taxonomy":"product_brand","embeddable":true,"href":"https:\/\/www.dillerbottle.com\/es\/wp-json\/wp\/v2\/product_brand?post=10897"},{"taxonomy":"product_cat","embeddable":true,"href":"https:\/\/www.dillerbottle.com\/es\/wp-json\/wp\/v2\/product_cat?post=10897"},{"taxonomy":"product_tag","embeddable":true,"href":"https:\/\/www.dillerbottle.com\/es\/wp-json\/wp\/v2\/product_tag?post=10897"}],"curies":[{"name":"Gracias","href":"https:\/\/api.w.org\/{rel}","templated":true}]}}