{"id":12325,"date":"2024-09-29T15:06:56","date_gmt":"2024-09-29T07:06:56","guid":{"rendered":"https:\/\/demo.dillerbottle.com\/products\/1l-insulated-water-bottle"},"modified":"2025-07-08T17:29:50","modified_gmt":"2025-07-08T09:29:50","slug":"botella-de-agua-aislada-de-1-l","status":"publish","type":"product","link":"https:\/\/www.dillerbottle.com\/es\/products\/1l-insulated-water-bottle","title":{"rendered":"Botella de agua aislada de 1 l"},"content":{"rendered":"<p>Botella de agua aislada de gran capacidad de 1,1 L.<\/p>\n<p>2. Botella con aislamiento al vac\u00edo de doble pared que mantiene las bebidas heladas durante 12 horas o calientes durante 6 horas.<\/p>\n<p>3. Esta botella t\u00e9rmica de acero inoxidable viene con una innovadora tapa con pico aislante a prueba de fugas que permite beber o verter f\u00e1cilmente con una sola mano. La tapa se puede usar como una taza peque\u00f1a.<\/p>\n<p>OEM y ODM aceptables.<br \/>\nPodemos personalizar la taza de caf\u00e9 seg\u00fan sus requisitos.<br \/>\n\u00a1Bienvenido a la compra al por mayor, env\u00ede su consulta ahora!<\/p>","protected":false},"excerpt":{"rendered":"<p>Botella de agua aislada de gran capacidad de 1L.<br \/>\nBotella con aislamiento al vac\u00edo de doble pared que mantiene las bebidas heladas durante 12 horas o calientes durante 6 horas.<br \/>\nEsta botella t\u00e9rmica de acero inoxidable viene con una innovadora tapa con pico aislante a prueba de fugas que permite beber o verter f\u00e1cilmente con una sola mano. La tapa se puede usar como una taza peque\u00f1a.<br \/>\nOEM y ODM aceptables.<\/p>","protected":false},"featured_media":14802,"comment_status":"open","ping_status":"closed","template":"","meta":{"_acf_changed":false},"product_brand":[],"product_cat":[18],"product_tag":[1051,548,32,36,33,31,555,39,38,794,29,37,724,34,35,811,28,30,506],"class_list":{"0":"post-12325","1":"product","2":"type-product","3":"status-publish","4":"has-post-thumbnail","6":"product_cat-insulated-water-bottle","7":"product_tag-1l-insulated-water-bottle","8":"product_tag-anime-water-bottle","9":"product_tag-best","10":"product_tag-bulk","11":"product_tag-buy","12":"product_tag-custom","13":"product_tag-double-walled-insulated-water-bottle","14":"product_tag-for-sale","15":"product_tag-good-quality","16":"product_tag-hydro-flask-water-bottles","17":"product_tag-manufacturers","18":"product_tag-manufacturing","19":"product_tag-personalised-water-bottles","20":"product_tag-price","21":"product_tag-small","22":"product_tag-stylish-water-bottle","23":"product_tag-suppliers","24":"product_tag-wholesale","25":"product_tag-wooden-water-bottles","27":"first","28":"instock","29":"shipping-taxable","30":"product-type-simple"},"acf":[],"yoast_head":"<!-- This site is optimized with the Yoast SEO Premium plugin v27.4 (Yoast SEO v27.5) - https:\/\/yoast.com\/product\/yoast-seo-premium-wordpress\/ -->\n<title>1l Insulated Water Bottle - Diller Water Bottle Manufacturer<\/title>\n<meta name=\"description\" content=\"As one of the best 1l insulated water bottle manufacturers and suppliers, we are engaged in manufacturing good quality water bottles. We warmly welcome you to wholesale or buy custom made 1l insulated water bottle at competitive price from us. Also, small quantity orders are acceptable.\" \/>\n<meta name=\"robots\" content=\"index, follow, max-snippet:-1, max-image-preview:large, max-video-preview:-1\" \/>\n<link rel=\"canonical\" href=\"https:\/\/www.dillerbottle.com\/es\/productos\/botella-de-agua-aislada-de-1-l\" \/>\n<meta property=\"og:locale\" content=\"es_ES\" \/>\n<meta property=\"og:type\" content=\"article\" \/>\n<meta property=\"og:title\" content=\"1l Insulated Water Bottle\" \/>\n<meta property=\"og:description\" content=\"As one of the best 1l insulated water bottle manufacturers and suppliers, we are engaged in manufacturing good quality water bottles. We warmly welcome you to wholesale or buy custom made 1l insulated water bottle at competitive price from us. Also, small quantity orders are acceptable.\" \/>\n<meta property=\"og:url\" content=\"https:\/\/www.dillerbottle.com\/es\/productos\/botella-de-agua-aislada-de-1-l\" \/>\n<meta property=\"og:site_name\" content=\"Diller Water Bottle Manufacturer\" \/>\n<meta property=\"article:modified_time\" content=\"2025-07-08T09:29:50+00:00\" \/>\n<meta property=\"og:image\" content=\"https:\/\/www.dillerbottle.com\/wp-content\/uploads\/2024\/09\/1l-insulated-water-bottle-d9271-2.jpg\" \/>\n\t<meta property=\"og:image:width\" content=\"800\" \/>\n\t<meta property=\"og:image:height\" content=\"800\" \/>\n\t<meta property=\"og:image:type\" content=\"image\/jpeg\" \/>\n<meta name=\"twitter:card\" content=\"summary_large_image\" \/>\n<meta name=\"twitter:label1\" content=\"Tiempo de lectura\" \/>\n\t<meta name=\"twitter:data1\" content=\"2 minutos\" \/>\n<script type=\"application\/ld+json\" class=\"yoast-schema-graph\">{\"@context\":\"https:\\\/\\\/schema.org\",\"@graph\":[{\"@type\":\"WebPage\",\"@id\":\"https:\\\/\\\/www.dillerbottle.com\\\/ja\\\/%e8%a3%bd%e5%93%81\\\/1l-%e6%96%ad%e7%86%b1%e3%82%a6%e3%82%a9%e3%83%bc%e3%82%bf%e3%83%bc%e3%83%9c%e3%83%88%e3%83%ab\",\"url\":\"https:\\\/\\\/www.dillerbottle.com\\\/ja\\\/%e8%a3%bd%e5%93%81\\\/1l-%e6%96%ad%e7%86%b1%e3%82%a6%e3%82%a9%e3%83%bc%e3%82%bf%e3%83%bc%e3%83%9c%e3%83%88%e3%83%ab\",\"name\":\"1l Insulated Water Bottle - Diller Water Bottle Manufacturer\",\"isPartOf\":{\"@id\":\"https:\\\/\\\/www.dillerbottle.com\\\/#website\"},\"primaryImageOfPage\":{\"@id\":\"https:\\\/\\\/www.dillerbottle.com\\\/ja\\\/%e8%a3%bd%e5%93%81\\\/1l-%e6%96%ad%e7%86%b1%e3%82%a6%e3%82%a9%e3%83%bc%e3%82%bf%e3%83%bc%e3%83%9c%e3%83%88%e3%83%ab#primaryimage\"},\"image\":{\"@id\":\"https:\\\/\\\/www.dillerbottle.com\\\/ja\\\/%e8%a3%bd%e5%93%81\\\/1l-%e6%96%ad%e7%86%b1%e3%82%a6%e3%82%a9%e3%83%bc%e3%82%bf%e3%83%bc%e3%83%9c%e3%83%88%e3%83%ab#primaryimage\"},\"thumbnailUrl\":\"https:\\\/\\\/www.dillerbottle.com\\\/wp-content\\\/uploads\\\/2024\\\/09\\\/1l-insulated-water-bottle-d9271-2.jpg\",\"datePublished\":\"2024-09-29T07:06:56+00:00\",\"dateModified\":\"2025-07-08T09:29:50+00:00\",\"description\":\"As one of the best 1l insulated water bottle manufacturers and suppliers, we are engaged in manufacturing good quality water bottles. We warmly welcome you to wholesale or buy custom made 1l insulated water bottle at competitive price from us. Also, small quantity orders are acceptable.\",\"breadcrumb\":{\"@id\":\"https:\\\/\\\/www.dillerbottle.com\\\/ja\\\/%e8%a3%bd%e5%93%81\\\/1l-%e6%96%ad%e7%86%b1%e3%82%a6%e3%82%a9%e3%83%bc%e3%82%bf%e3%83%bc%e3%83%9c%e3%83%88%e3%83%ab#breadcrumb\"},\"inLanguage\":\"es\",\"potentialAction\":[{\"@type\":\"ReadAction\",\"target\":[\"https:\\\/\\\/www.dillerbottle.com\\\/ja\\\/%e8%a3%bd%e5%93%81\\\/1l-%e6%96%ad%e7%86%b1%e3%82%a6%e3%82%a9%e3%83%bc%e3%82%bf%e3%83%bc%e3%83%9c%e3%83%88%e3%83%ab\"]}]},{\"@type\":\"ImageObject\",\"inLanguage\":\"es\",\"@id\":\"https:\\\/\\\/www.dillerbottle.com\\\/ja\\\/%e8%a3%bd%e5%93%81\\\/1l-%e6%96%ad%e7%86%b1%e3%82%a6%e3%82%a9%e3%83%bc%e3%82%bf%e3%83%bc%e3%83%9c%e3%83%88%e3%83%ab#primaryimage\",\"url\":\"https:\\\/\\\/www.dillerbottle.com\\\/wp-content\\\/uploads\\\/2024\\\/09\\\/1l-insulated-water-bottle-d9271-2.jpg\",\"contentUrl\":\"https:\\\/\\\/www.dillerbottle.com\\\/wp-content\\\/uploads\\\/2024\\\/09\\\/1l-insulated-water-bottle-d9271-2.jpg\",\"width\":800,\"height\":800},{\"@type\":\"BreadcrumbList\",\"@id\":\"https:\\\/\\\/www.dillerbottle.com\\\/ja\\\/%e8%a3%bd%e5%93%81\\\/1l-%e6%96%ad%e7%86%b1%e3%82%a6%e3%82%a9%e3%83%bc%e3%82%bf%e3%83%bc%e3%83%9c%e3%83%88%e3%83%ab#breadcrumb\",\"itemListElement\":[{\"@type\":\"ListItem\",\"position\":1,\"name\":\"Home\",\"item\":\"https:\\\/\\\/www.dillerbottle.com\\\/\"},{\"@type\":\"ListItem\",\"position\":2,\"name\":\"Products\",\"item\":\"https:\\\/\\\/www.dillerbottle.com\\\/shop\"},{\"@type\":\"ListItem\",\"position\":3,\"name\":\"1l Insulated Water Bottle\"}]},{\"@type\":\"WebSite\",\"@id\":\"https:\\\/\\\/www.dillerbottle.com\\\/#website\",\"url\":\"https:\\\/\\\/www.dillerbottle.com\\\/\",\"name\":\"Diller Water Bottle Manufacturer\",\"description\":\"Water Bottle Manufacturer\",\"publisher\":{\"@id\":\"https:\\\/\\\/www.dillerbottle.com\\\/#organization\"},\"potentialAction\":[{\"@type\":\"SearchAction\",\"target\":{\"@type\":\"EntryPoint\",\"urlTemplate\":\"https:\\\/\\\/www.dillerbottle.com\\\/?s={search_term_string}\"},\"query-input\":{\"@type\":\"PropertyValueSpecification\",\"valueRequired\":true,\"valueName\":\"search_term_string\"}}],\"inLanguage\":\"es\"},{\"@type\":\"Organization\",\"@id\":\"https:\\\/\\\/www.dillerbottle.com\\\/#organization\",\"name\":\"Diller Water Bottle Manufacturer\",\"url\":\"https:\\\/\\\/www.dillerbottle.com\\\/\",\"logo\":{\"@type\":\"ImageObject\",\"inLanguage\":\"es\",\"@id\":\"https:\\\/\\\/www.dillerbottle.com\\\/#\\\/schema\\\/logo\\\/image\\\/\",\"url\":\"https:\\\/\\\/www.dillerbottle.com\\\/wp-content\\\/uploads\\\/2024\\\/09\\\/49918bfa848dcc1e9f8b509933603ac.png\",\"contentUrl\":\"https:\\\/\\\/www.dillerbottle.com\\\/wp-content\\\/uploads\\\/2024\\\/09\\\/49918bfa848dcc1e9f8b509933603ac.png\",\"width\":988,\"height\":198,\"caption\":\"Diller Water Bottle Manufacturer\"},\"image\":{\"@id\":\"https:\\\/\\\/www.dillerbottle.com\\\/#\\\/schema\\\/logo\\\/image\\\/\"}}]}<\/script>\n<!-- \/ Yoast SEO Premium plugin. -->","yoast_head_json":{"title":"Botella de agua aislada de 1 l - Fabricante de botellas de agua Diller","description":"Como uno de los mejores fabricantes y proveedores de botellas de agua con aislamiento de 1 l, nos dedicamos a la fabricaci\u00f3n de botellas de agua de buena calidad. Le damos una c\u00e1lida bienvenida para que compre al por mayor o botellas de agua con aislamiento de 1 l hechas a medida a un precio competitivo. Adem\u00e1s, aceptamos pedidos de peque\u00f1as cantidades.","robots":{"index":"index","follow":"follow","max-snippet":"max-snippet:-1","max-image-preview":"max-image-preview:large","max-video-preview":"max-video-preview:-1"},"canonical":"https:\/\/www.dillerbottle.com\/es\/productos\/botella-de-agua-aislada-de-1-l","og_locale":"es_ES","og_type":"article","og_title":"1l Insulated Water Bottle","og_description":"As one of the best 1l insulated water bottle manufacturers and suppliers, we are engaged in manufacturing good quality water bottles. We warmly welcome you to wholesale or buy custom made 1l insulated water bottle at competitive price from us. Also, small quantity orders are acceptable.","og_url":"https:\/\/www.dillerbottle.com\/es\/productos\/botella-de-agua-aislada-de-1-l","og_site_name":"Diller Water Bottle Manufacturer","article_modified_time":"2025-07-08T09:29:50+00:00","og_image":[{"width":800,"height":800,"url":"https:\/\/www.dillerbottle.com\/wp-content\/uploads\/2024\/09\/1l-insulated-water-bottle-d9271-2.jpg","type":"image\/jpeg"}],"twitter_card":"summary_large_image","twitter_misc":{"Tiempo de lectura":"2 minutos"},"schema":{"@context":"https:\/\/schema.org","@graph":[{"@type":"WebPage","@id":"https:\/\/www.dillerbottle.com\/ja\/%e8%a3%bd%e5%93%81\/1l-%e6%96%ad%e7%86%b1%e3%82%a6%e3%82%a9%e3%83%bc%e3%82%bf%e3%83%bc%e3%83%9c%e3%83%88%e3%83%ab","url":"https:\/\/www.dillerbottle.com\/ja\/%e8%a3%bd%e5%93%81\/1l-%e6%96%ad%e7%86%b1%e3%82%a6%e3%82%a9%e3%83%bc%e3%82%bf%e3%83%bc%e3%83%9c%e3%83%88%e3%83%ab","name":"Botella de agua aislada de 1 l - Fabricante de botellas de agua Diller","isPartOf":{"@id":"https:\/\/www.dillerbottle.com\/#website"},"primaryImageOfPage":{"@id":"https:\/\/www.dillerbottle.com\/ja\/%e8%a3%bd%e5%93%81\/1l-%e6%96%ad%e7%86%b1%e3%82%a6%e3%82%a9%e3%83%bc%e3%82%bf%e3%83%bc%e3%83%9c%e3%83%88%e3%83%ab#primaryimage"},"image":{"@id":"https:\/\/www.dillerbottle.com\/ja\/%e8%a3%bd%e5%93%81\/1l-%e6%96%ad%e7%86%b1%e3%82%a6%e3%82%a9%e3%83%bc%e3%82%bf%e3%83%bc%e3%83%9c%e3%83%88%e3%83%ab#primaryimage"},"thumbnailUrl":"https:\/\/www.dillerbottle.com\/wp-content\/uploads\/2024\/09\/1l-insulated-water-bottle-d9271-2.jpg","datePublished":"2024-09-29T07:06:56+00:00","dateModified":"2025-07-08T09:29:50+00:00","description":"Como uno de los mejores fabricantes y proveedores de botellas de agua con aislamiento de 1 l, nos dedicamos a la fabricaci\u00f3n de botellas de agua de buena calidad. Le damos una c\u00e1lida bienvenida para que compre al por mayor o botellas de agua con aislamiento de 1 l hechas a medida a un precio competitivo. Adem\u00e1s, aceptamos pedidos de peque\u00f1as cantidades.","breadcrumb":{"@id":"https:\/\/www.dillerbottle.com\/ja\/%e8%a3%bd%e5%93%81\/1l-%e6%96%ad%e7%86%b1%e3%82%a6%e3%82%a9%e3%83%bc%e3%82%bf%e3%83%bc%e3%83%9c%e3%83%88%e3%83%ab#breadcrumb"},"inLanguage":"es","potentialAction":[{"@type":"ReadAction","target":["https:\/\/www.dillerbottle.com\/ja\/%e8%a3%bd%e5%93%81\/1l-%e6%96%ad%e7%86%b1%e3%82%a6%e3%82%a9%e3%83%bc%e3%82%bf%e3%83%bc%e3%83%9c%e3%83%88%e3%83%ab"]}]},{"@type":"ImageObject","inLanguage":"es","@id":"https:\/\/www.dillerbottle.com\/ja\/%e8%a3%bd%e5%93%81\/1l-%e6%96%ad%e7%86%b1%e3%82%a6%e3%82%a9%e3%83%bc%e3%82%bf%e3%83%bc%e3%83%9c%e3%83%88%e3%83%ab#primaryimage","url":"https:\/\/www.dillerbottle.com\/wp-content\/uploads\/2024\/09\/1l-insulated-water-bottle-d9271-2.jpg","contentUrl":"https:\/\/www.dillerbottle.com\/wp-content\/uploads\/2024\/09\/1l-insulated-water-bottle-d9271-2.jpg","width":800,"height":800},{"@type":"BreadcrumbList","@id":"https:\/\/www.dillerbottle.com\/ja\/%e8%a3%bd%e5%93%81\/1l-%e6%96%ad%e7%86%b1%e3%82%a6%e3%82%a9%e3%83%bc%e3%82%bf%e3%83%bc%e3%83%9c%e3%83%88%e3%83%ab#breadcrumb","itemListElement":[{"@type":"ListItem","position":1,"name":"Home","item":"https:\/\/www.dillerbottle.com\/"},{"@type":"ListItem","position":2,"name":"Products","item":"https:\/\/www.dillerbottle.com\/shop"},{"@type":"ListItem","position":3,"name":"1l Insulated Water Bottle"}]},{"@type":"WebSite","@id":"https:\/\/www.dillerbottle.com\/#website","url":"https:\/\/www.dillerbottle.com\/","name":"Fabricante de botellas de agua Diller","description":"Fabricante de botellas de agua","publisher":{"@id":"https:\/\/www.dillerbottle.com\/#organization"},"potentialAction":[{"@type":"SearchAction","target":{"@type":"EntryPoint","urlTemplate":"https:\/\/www.dillerbottle.com\/?s={search_term_string}"},"query-input":{"@type":"PropertyValueSpecification","valueRequired":true,"valueName":"search_term_string"}}],"inLanguage":"es"},{"@type":"Organization","@id":"https:\/\/www.dillerbottle.com\/#organization","name":"Fabricante de botellas de agua Diller","url":"https:\/\/www.dillerbottle.com\/","logo":{"@type":"ImageObject","inLanguage":"es","@id":"https:\/\/www.dillerbottle.com\/#\/schema\/logo\/image\/","url":"https:\/\/www.dillerbottle.com\/wp-content\/uploads\/2024\/09\/49918bfa848dcc1e9f8b509933603ac.png","contentUrl":"https:\/\/www.dillerbottle.com\/wp-content\/uploads\/2024\/09\/49918bfa848dcc1e9f8b509933603ac.png","width":988,"height":198,"caption":"Diller Water Bottle Manufacturer"},"image":{"@id":"https:\/\/www.dillerbottle.com\/#\/schema\/logo\/image\/"}}]}},"_links":{"self":[{"href":"https:\/\/www.dillerbottle.com\/es\/wp-json\/wp\/v2\/product\/12325","targetHints":{"allow":["GET"]}}],"collection":[{"href":"https:\/\/www.dillerbottle.com\/es\/wp-json\/wp\/v2\/product"}],"about":[{"href":"https:\/\/www.dillerbottle.com\/es\/wp-json\/wp\/v2\/types\/product"}],"replies":[{"embeddable":true,"href":"https:\/\/www.dillerbottle.com\/es\/wp-json\/wp\/v2\/comments?post=12325"}],"wp:featuredmedia":[{"embeddable":true,"href":"https:\/\/www.dillerbottle.com\/es\/wp-json\/wp\/v2\/media\/14802"}],"wp:attachment":[{"href":"https:\/\/www.dillerbottle.com\/es\/wp-json\/wp\/v2\/media?parent=12325"}],"wp:term":[{"taxonomy":"product_brand","embeddable":true,"href":"https:\/\/www.dillerbottle.com\/es\/wp-json\/wp\/v2\/product_brand?post=12325"},{"taxonomy":"product_cat","embeddable":true,"href":"https:\/\/www.dillerbottle.com\/es\/wp-json\/wp\/v2\/product_cat?post=12325"},{"taxonomy":"product_tag","embeddable":true,"href":"https:\/\/www.dillerbottle.com\/es\/wp-json\/wp\/v2\/product_tag?post=12325"}],"curies":[{"name":"Gracias","href":"https:\/\/api.w.org\/{rel}","templated":true}]}}