{"id":17413,"date":"2025-11-20T10:49:23","date_gmt":"2025-11-20T02:49:23","guid":{"rendered":"https:\/\/www.dillerbottle.com\/?post_type=product&#038;p=17413"},"modified":"2025-11-20T15:15:23","modified_gmt":"2025-11-20T07:15:23","slug":"cantimplora-aislante-de-titanio","status":"publish","type":"product","link":"https:\/\/www.dillerbottle.com\/es\/products\/insulated-titanium-water-bottle","title":{"rendered":"cantimplora aislante de titanio"},"content":{"rendered":"<h2 data-start=\"569\" data-end=\"609\"><strong data-start=\"572\" data-end=\"609\">99.99% Construcci\u00f3n de titanio puro<\/strong><\/h2>\n<p data-start=\"611\" data-end=\"738\">Tanto la pared interior como la exterior est\u00e1n fabricadas con titanio puro de grado m\u00e9dico 99,99%. Esto garantiza una seguridad y estabilidad excepcionales:<\/p>\n<ul data-start=\"740\" data-end=\"899\">\n<li data-start=\"740\" data-end=\"778\">\n<p data-start=\"742\" data-end=\"778\">Sin revestimientos ni tratamientos qu\u00edmicos<\/p>\n<\/li>\n<li data-start=\"779\" data-end=\"800\">\n<p data-start=\"781\" data-end=\"800\">Sin olor met\u00e1lico<\/p>\n<\/li>\n<li data-start=\"801\" data-end=\"820\">\n<p data-start=\"803\" data-end=\"820\">Sin metales pesados<\/p>\n<\/li>\n<li data-start=\"821\" data-end=\"845\">\n<p data-start=\"823\" data-end=\"845\">Sin \u00f3xido ni corrosi\u00f3n<\/p>\n<\/li>\n<li data-start=\"846\" data-end=\"899\">\n<p data-start=\"848\" data-end=\"899\">No interact\u00faa con el t\u00e9, el caf\u00e9 ni las bebidas \u00e1cidas<\/p>\n<\/li>\n<\/ul>\n<p data-start=\"901\" data-end=\"965\">El titanio mantiene todas las bebidas con el sabor exacto que deber\u00edan tener.<\/p>\n<hr data-start=\"967\" data-end=\"970\" \/>\n<h2 data-start=\"972\" data-end=\"1015\"><strong data-start=\"975\" data-end=\"1015\">Certificaci\u00f3n de material autorizado<\/strong><\/h2>\n<p data-start=\"1017\" data-end=\"1198\">Cada lote de titanio se somete a pruebas profesionales de terceros para verificar su pureza y seguridad. Cada detalle est\u00e1 respaldado por una certificaci\u00f3n real, lo que le da plena confianza en el uso diario.<\/p>\n<hr data-start=\"1200\" data-end=\"1203\" \/>\n<h2 data-start=\"1205\" data-end=\"1243\"><strong data-start=\"1208\" data-end=\"1243\">Sabor puro, sin retenci\u00f3n de olores<\/strong><\/h2>\n<p data-start=\"1245\" data-end=\"1372\">El titanio conserva de forma natural el sabor original de su bebida.<br data-start=\"1308\" data-end=\"1311\" \/>No absorbe ni retiene olores, por lo que la taza es ideal para:<\/p>\n<ul data-start=\"1374\" data-end=\"1456\">\n<li data-start=\"1374\" data-end=\"1381\">\n<p data-start=\"1376\" data-end=\"1381\">T\u00e9<\/p>\n<\/li>\n<li data-start=\"1382\" data-end=\"1392\">\n<p data-start=\"1384\" data-end=\"1392\">Caf\u00e9<\/p>\n<\/li>\n<li data-start=\"1393\" data-end=\"1410\">\n<p data-start=\"1395\" data-end=\"1410\">Bebidas a base de plantas<\/p>\n<\/li>\n<li data-start=\"1411\" data-end=\"1430\">\n<p data-start=\"1413\" data-end=\"1430\">Infusiones de frutas<\/p>\n<\/li>\n<li data-start=\"1431\" data-end=\"1456\">\n<p data-start=\"1433\" data-end=\"1456\">Hidrataci\u00f3n diaria con agua<\/p>\n<\/li>\n<\/ul>\n<p data-start=\"1458\" data-end=\"1565\">Tanto si se cambia de una bebida a otra como si se utiliza durante mucho tiempo, el sabor se mantiene siempre limpio y puro.<\/p>\n<hr data-start=\"1567\" data-end=\"1570\" \/>\n<h2 data-start=\"1572\" data-end=\"1602\"><strong data-start=\"1575\" data-end=\"1602\">Artesan\u00eda exquisita<\/strong><\/h2>\n<p data-start=\"1604\" data-end=\"1804\">La superficie presenta una refinada textura de titanio con un sutil brillo met\u00e1lico. La copa es resistente a los ara\u00f1azos, c\u00f3moda de sostener y visualmente distintiva. Cada detalle refleja una artesan\u00eda de alta gama.<\/p>\n<hr data-start=\"1806\" data-end=\"1809\" \/>\n<h2 data-start=\"1811\" data-end=\"1855\"><strong data-start=\"1814\" data-end=\"1855\">Ligero y port\u00e1til sin esfuerzo<\/strong><\/h2>\n<p data-start=\"1857\" data-end=\"2074\">A pesar de estar fabricado \u00edntegramente en titanio, el vaso sigue siendo extraordinariamente ligero.<br data-start=\"1936\" data-end=\"1939\" \/>F\u00e1cil de llevar en bolsos, mochilas o utilizar durante los desplazamientos, viajes, excursiones o trabajo de oficina. Ligero para la comodidad diaria.<\/p>\n<hr data-start=\"2076\" data-end=\"2079\" \/>\n<h2 data-start=\"2081\" data-end=\"2116\"><strong data-start=\"2084\" data-end=\"2116\">Dise\u00f1o fiable y a prueba de fugas<\/strong><\/h2>\n<p data-start=\"2118\" data-end=\"2288\">La tapa roscada mejorada, combinada con un anillo de sellado de silicona alimentaria, garantiza un excelente rendimiento a prueba de fugas. Ll\u00e9velo en el bolso sin preocuparse por los derrames.<\/p>\n<hr data-start=\"2290\" data-end=\"2293\" \/>\n<h2 data-start=\"2295\" data-end=\"2331\"><strong data-start=\"2298\" data-end=\"2331\">Detalles funcionales bien pensados<\/strong><\/h2>\n<ul data-start=\"2333\" data-end=\"2486\">\n<li data-start=\"2333\" data-end=\"2361\">\n<p data-start=\"2335\" data-end=\"2361\">Pared interior de titanio puro<\/p>\n<\/li>\n<li data-start=\"2362\" data-end=\"2396\">\n<p data-start=\"2364\" data-end=\"2396\">Filtro de t\u00e9 de titanio desmontable<\/p>\n<\/li>\n<li data-start=\"2397\" data-end=\"2424\">\n<p data-start=\"2399\" data-end=\"2424\">Llanta suave y c\u00f3moda<\/p>\n<\/li>\n<li data-start=\"2425\" data-end=\"2451\">\n<p data-start=\"2427\" data-end=\"2451\">Base de silicona antideslizante<\/p>\n<\/li>\n<li data-start=\"2452\" data-end=\"2486\">\n<p data-start=\"2454\" data-end=\"2486\">Amplia abertura para facilitar la limpieza<\/p>\n<\/li>\n<\/ul>\n<p data-start=\"2488\" data-end=\"2551\">Cada detalle se ha perfeccionado para mejorar la experiencia de consumo.<\/p>","protected":false},"excerpt":{"rendered":"<p>Esta ligera taza isot\u00e9rmica (con un peso aproximado de 155 gramos) est\u00e1 fabricada \u00edntegramente con titanio puro 99,99%, tanto en el interior como en el exterior. Presume de una pureza extremadamente alta, excelentes propiedades antibacterianas naturales y frescura duradera. Su embalaje en caja de regalo de alta calidad lo convierte en una excelente opci\u00f3n para beber a diario de forma saludable y para hacer regalos elegantes.<\/p>","protected":false},"featured_media":17419,"comment_status":"open","ping_status":"closed","template":"","meta":{"_acf_changed":false},"product_brand":[],"product_cat":[1161],"product_tag":[1162],"class_list":{"0":"post-17413","1":"product","2":"type-product","3":"status-publish","4":"has-post-thumbnail","6":"product_cat-titanium-water-bottle","7":"product_tag-titanium-water-bottles","9":"first","10":"instock","11":"shipping-taxable","12":"product-type-simple"},"acf":[],"yoast_head":"<!-- This site is optimized with the Yoast SEO Premium plugin v27.5 (Yoast SEO v27.5) - https:\/\/yoast.com\/product\/yoast-seo-premium-wordpress\/ -->\n<title>insulated titanium water bottle\u200b - Diller Water Bottle Manufacturer<\/title>\n<meta name=\"description\" content=\"Experience pure taste with our insulated titanium water bottle\u200b, crafted from medical-grade titanium for unmatched safety. Order yours now!\" \/>\n<meta name=\"robots\" content=\"index, follow, max-snippet:-1, max-image-preview:large, max-video-preview:-1\" \/>\n<link rel=\"canonical\" href=\"https:\/\/www.dillerbottle.com\/es\/productos\/cantimplora-aislante-de-titanio\" \/>\n<meta property=\"og:locale\" content=\"es_ES\" \/>\n<meta property=\"og:type\" content=\"article\" \/>\n<meta property=\"og:title\" content=\"insulated titanium water bottle\u200b\" \/>\n<meta property=\"og:description\" content=\"Experience pure taste with our insulated titanium water bottle\u200b, crafted from medical-grade titanium for unmatched safety. Order yours now!\" \/>\n<meta property=\"og:url\" content=\"https:\/\/www.dillerbottle.com\/es\/productos\/cantimplora-aislante-de-titanio\" \/>\n<meta property=\"og:site_name\" content=\"Diller Water Bottle Manufacturer\" \/>\n<meta property=\"article:modified_time\" content=\"2025-11-20T07:15:23+00:00\" \/>\n<meta property=\"og:image\" content=\"https:\/\/www.dillerbottle.com\/wp-content\/uploads\/2025\/11\/insulated-titanium-water-bottle-png-5.png\" \/>\n\t<meta property=\"og:image:width\" content=\"800\" \/>\n\t<meta property=\"og:image:height\" content=\"800\" \/>\n\t<meta property=\"og:image:type\" content=\"image\/png\" \/>\n<meta name=\"twitter:card\" content=\"summary_large_image\" \/>\n<meta name=\"twitter:label1\" content=\"Tiempo de lectura\" \/>\n\t<meta name=\"twitter:data1\" content=\"2 minutos\" \/>\n<script type=\"application\/ld+json\" class=\"yoast-schema-graph\">{\"@context\":\"https:\\\/\\\/schema.org\",\"@graph\":[{\"@type\":\"WebPage\",\"@id\":\"https:\\\/\\\/www.dillerbottle.com\\\/products\\\/insulated-titanium-water-bottle\",\"url\":\"https:\\\/\\\/www.dillerbottle.com\\\/products\\\/insulated-titanium-water-bottle\",\"name\":\"insulated titanium water bottle\u200b - Diller Water Bottle Manufacturer\",\"isPartOf\":{\"@id\":\"https:\\\/\\\/www.dillerbottle.com\\\/#website\"},\"primaryImageOfPage\":{\"@id\":\"https:\\\/\\\/www.dillerbottle.com\\\/products\\\/insulated-titanium-water-bottle#primaryimage\"},\"image\":{\"@id\":\"https:\\\/\\\/www.dillerbottle.com\\\/products\\\/insulated-titanium-water-bottle#primaryimage\"},\"thumbnailUrl\":\"https:\\\/\\\/www.dillerbottle.com\\\/wp-content\\\/uploads\\\/2025\\\/11\\\/insulated-titanium-water-bottle-png-5.png\",\"datePublished\":\"2025-11-20T02:49:23+00:00\",\"dateModified\":\"2025-11-20T07:15:23+00:00\",\"description\":\"Experience pure taste with our insulated titanium water bottle\u200b, crafted from medical-grade titanium for unmatched safety. Order yours now!\",\"breadcrumb\":{\"@id\":\"https:\\\/\\\/www.dillerbottle.com\\\/products\\\/insulated-titanium-water-bottle#breadcrumb\"},\"inLanguage\":\"es\",\"potentialAction\":[{\"@type\":\"ReadAction\",\"target\":[\"https:\\\/\\\/www.dillerbottle.com\\\/products\\\/insulated-titanium-water-bottle\"]}]},{\"@type\":\"ImageObject\",\"inLanguage\":\"es\",\"@id\":\"https:\\\/\\\/www.dillerbottle.com\\\/products\\\/insulated-titanium-water-bottle#primaryimage\",\"url\":\"https:\\\/\\\/www.dillerbottle.com\\\/wp-content\\\/uploads\\\/2025\\\/11\\\/insulated-titanium-water-bottle-png-5.png\",\"contentUrl\":\"https:\\\/\\\/www.dillerbottle.com\\\/wp-content\\\/uploads\\\/2025\\\/11\\\/insulated-titanium-water-bottle-png-5.png\",\"width\":800,\"height\":800},{\"@type\":\"BreadcrumbList\",\"@id\":\"https:\\\/\\\/www.dillerbottle.com\\\/products\\\/insulated-titanium-water-bottle#breadcrumb\",\"itemListElement\":[{\"@type\":\"ListItem\",\"position\":1,\"name\":\"Home\",\"item\":\"https:\\\/\\\/www.dillerbottle.com\\\/\"},{\"@type\":\"ListItem\",\"position\":2,\"name\":\"Products\",\"item\":\"https:\\\/\\\/www.dillerbottle.com\\\/shop\"},{\"@type\":\"ListItem\",\"position\":3,\"name\":\"insulated titanium water bottle\u200b\"}]},{\"@type\":\"WebSite\",\"@id\":\"https:\\\/\\\/www.dillerbottle.com\\\/#website\",\"url\":\"https:\\\/\\\/www.dillerbottle.com\\\/\",\"name\":\"Diller Water Bottle Manufacturer\",\"description\":\"Water Bottle Manufacturer\",\"publisher\":{\"@id\":\"https:\\\/\\\/www.dillerbottle.com\\\/#organization\"},\"potentialAction\":[{\"@type\":\"SearchAction\",\"target\":{\"@type\":\"EntryPoint\",\"urlTemplate\":\"https:\\\/\\\/www.dillerbottle.com\\\/?s={search_term_string}\"},\"query-input\":{\"@type\":\"PropertyValueSpecification\",\"valueRequired\":true,\"valueName\":\"search_term_string\"}}],\"inLanguage\":\"es\"},{\"@type\":\"Organization\",\"@id\":\"https:\\\/\\\/www.dillerbottle.com\\\/#organization\",\"name\":\"Diller Water Bottle Manufacturer\",\"url\":\"https:\\\/\\\/www.dillerbottle.com\\\/\",\"logo\":{\"@type\":\"ImageObject\",\"inLanguage\":\"es\",\"@id\":\"https:\\\/\\\/www.dillerbottle.com\\\/#\\\/schema\\\/logo\\\/image\\\/\",\"url\":\"https:\\\/\\\/www.dillerbottle.com\\\/wp-content\\\/uploads\\\/2024\\\/09\\\/49918bfa848dcc1e9f8b509933603ac.png\",\"contentUrl\":\"https:\\\/\\\/www.dillerbottle.com\\\/wp-content\\\/uploads\\\/2024\\\/09\\\/49918bfa848dcc1e9f8b509933603ac.png\",\"width\":988,\"height\":198,\"caption\":\"Diller Water Bottle Manufacturer\"},\"image\":{\"@id\":\"https:\\\/\\\/www.dillerbottle.com\\\/#\\\/schema\\\/logo\\\/image\\\/\"}}]}<\/script>\n<!-- \/ Yoast SEO Premium plugin. -->","yoast_head_json":{"title":"botella de agua aislada de titanio - Diller Water Bottle Manufacturer","description":"Experimente el sabor puro con nuestra botella de agua de titanio aislada, fabricada con titanio de grado m\u00e9dico para una seguridad inigualable. \u00a1Pida la suya ahora!","robots":{"index":"index","follow":"follow","max-snippet":"max-snippet:-1","max-image-preview":"max-image-preview:large","max-video-preview":"max-video-preview:-1"},"canonical":"https:\/\/www.dillerbottle.com\/es\/productos\/cantimplora-aislante-de-titanio","og_locale":"es_ES","og_type":"article","og_title":"insulated titanium water bottle\u200b","og_description":"Experience pure taste with our insulated titanium water bottle\u200b, crafted from medical-grade titanium for unmatched safety. Order yours now!","og_url":"https:\/\/www.dillerbottle.com\/es\/productos\/cantimplora-aislante-de-titanio","og_site_name":"Diller Water Bottle Manufacturer","article_modified_time":"2025-11-20T07:15:23+00:00","og_image":[{"width":800,"height":800,"url":"https:\/\/www.dillerbottle.com\/wp-content\/uploads\/2025\/11\/insulated-titanium-water-bottle-png-5.png","type":"image\/png"}],"twitter_card":"summary_large_image","twitter_misc":{"Tiempo de lectura":"2 minutos"},"schema":{"@context":"https:\/\/schema.org","@graph":[{"@type":"WebPage","@id":"https:\/\/www.dillerbottle.com\/products\/insulated-titanium-water-bottle","url":"https:\/\/www.dillerbottle.com\/products\/insulated-titanium-water-bottle","name":"botella de agua aislada de titanio - Diller Water Bottle Manufacturer","isPartOf":{"@id":"https:\/\/www.dillerbottle.com\/#website"},"primaryImageOfPage":{"@id":"https:\/\/www.dillerbottle.com\/products\/insulated-titanium-water-bottle#primaryimage"},"image":{"@id":"https:\/\/www.dillerbottle.com\/products\/insulated-titanium-water-bottle#primaryimage"},"thumbnailUrl":"https:\/\/www.dillerbottle.com\/wp-content\/uploads\/2025\/11\/insulated-titanium-water-bottle-png-5.png","datePublished":"2025-11-20T02:49:23+00:00","dateModified":"2025-11-20T07:15:23+00:00","description":"Experimente el sabor puro con nuestra botella de agua de titanio aislada, fabricada con titanio de grado m\u00e9dico para una seguridad inigualable. \u00a1Pida la suya ahora!","breadcrumb":{"@id":"https:\/\/www.dillerbottle.com\/products\/insulated-titanium-water-bottle#breadcrumb"},"inLanguage":"es","potentialAction":[{"@type":"ReadAction","target":["https:\/\/www.dillerbottle.com\/products\/insulated-titanium-water-bottle"]}]},{"@type":"ImageObject","inLanguage":"es","@id":"https:\/\/www.dillerbottle.com\/products\/insulated-titanium-water-bottle#primaryimage","url":"https:\/\/www.dillerbottle.com\/wp-content\/uploads\/2025\/11\/insulated-titanium-water-bottle-png-5.png","contentUrl":"https:\/\/www.dillerbottle.com\/wp-content\/uploads\/2025\/11\/insulated-titanium-water-bottle-png-5.png","width":800,"height":800},{"@type":"BreadcrumbList","@id":"https:\/\/www.dillerbottle.com\/products\/insulated-titanium-water-bottle#breadcrumb","itemListElement":[{"@type":"ListItem","position":1,"name":"Home","item":"https:\/\/www.dillerbottle.com\/"},{"@type":"ListItem","position":2,"name":"Products","item":"https:\/\/www.dillerbottle.com\/shop"},{"@type":"ListItem","position":3,"name":"insulated titanium water bottle\u200b"}]},{"@type":"WebSite","@id":"https:\/\/www.dillerbottle.com\/#website","url":"https:\/\/www.dillerbottle.com\/","name":"Fabricante de botellas de agua Diller","description":"Fabricante de botellas de agua","publisher":{"@id":"https:\/\/www.dillerbottle.com\/#organization"},"potentialAction":[{"@type":"SearchAction","target":{"@type":"EntryPoint","urlTemplate":"https:\/\/www.dillerbottle.com\/?s={search_term_string}"},"query-input":{"@type":"PropertyValueSpecification","valueRequired":true,"valueName":"search_term_string"}}],"inLanguage":"es"},{"@type":"Organization","@id":"https:\/\/www.dillerbottle.com\/#organization","name":"Fabricante de botellas de agua Diller","url":"https:\/\/www.dillerbottle.com\/","logo":{"@type":"ImageObject","inLanguage":"es","@id":"https:\/\/www.dillerbottle.com\/#\/schema\/logo\/image\/","url":"https:\/\/www.dillerbottle.com\/wp-content\/uploads\/2024\/09\/49918bfa848dcc1e9f8b509933603ac.png","contentUrl":"https:\/\/www.dillerbottle.com\/wp-content\/uploads\/2024\/09\/49918bfa848dcc1e9f8b509933603ac.png","width":988,"height":198,"caption":"Diller Water Bottle Manufacturer"},"image":{"@id":"https:\/\/www.dillerbottle.com\/#\/schema\/logo\/image\/"}}]}},"_links":{"self":[{"href":"https:\/\/www.dillerbottle.com\/es\/wp-json\/wp\/v2\/product\/17413","targetHints":{"allow":["GET"]}}],"collection":[{"href":"https:\/\/www.dillerbottle.com\/es\/wp-json\/wp\/v2\/product"}],"about":[{"href":"https:\/\/www.dillerbottle.com\/es\/wp-json\/wp\/v2\/types\/product"}],"replies":[{"embeddable":true,"href":"https:\/\/www.dillerbottle.com\/es\/wp-json\/wp\/v2\/comments?post=17413"}],"wp:featuredmedia":[{"embeddable":true,"href":"https:\/\/www.dillerbottle.com\/es\/wp-json\/wp\/v2\/media\/17419"}],"wp:attachment":[{"href":"https:\/\/www.dillerbottle.com\/es\/wp-json\/wp\/v2\/media?parent=17413"}],"wp:term":[{"taxonomy":"product_brand","embeddable":true,"href":"https:\/\/www.dillerbottle.com\/es\/wp-json\/wp\/v2\/product_brand?post=17413"},{"taxonomy":"product_cat","embeddable":true,"href":"https:\/\/www.dillerbottle.com\/es\/wp-json\/wp\/v2\/product_cat?post=17413"},{"taxonomy":"product_tag","embeddable":true,"href":"https:\/\/www.dillerbottle.com\/es\/wp-json\/wp\/v2\/product_tag?post=17413"}],"curies":[{"name":"Gracias","href":"https:\/\/api.w.org\/{rel}","templated":true}]}}