{"id":17608,"date":"2026-02-11T15:39:11","date_gmt":"2026-02-11T07:39:11","guid":{"rendered":"https:\/\/www.dillerbottle.com\/?post_type=product&#038;p=17608"},"modified":"2026-02-11T15:52:42","modified_gmt":"2026-02-11T07:52:42","slug":"oem-odm-520ml-insulated-food-jar","status":"publish","type":"product","link":"https:\/\/www.dillerbottle.com\/es\/products\/oem-odm-520ml-insulated-food-jar","title":{"rendered":"OEM\/ODM Tarro isot\u00e9rmico 520ml"},"content":{"rendered":"<p data-start=\"533\" data-end=\"703\">Este tarro t\u00e9rmico aislado para alimentos de 520 ml est\u00e1 dise\u00f1ado para marcas, distribuidores e importadores que buscan soluciones fiables de OEM\/ODM en recipientes de acero inoxidable para bebidas y alimentos.<\/p>\n<p data-start=\"705\" data-end=\"934\">El revestimiento interior es de acero inoxidable SUS316, lo que garantiza una gran resistencia a la corrosi\u00f3n, seguridad alimentaria y durabilidad. El cuerpo exterior presenta una superficie lisa y personalizable adecuada para la impresi\u00f3n de etiquetas privadas y el desarrollo de marcas.<\/p>\n<p data-start=\"936\" data-end=\"1218\">Con una gran capacidad de 520 ml, esta jarra isot\u00e9rmica es ideal para sopas, papillas, alimentos infantiles, comidas calientes y bebidas. La estructura de boca ancha facilita el llenado, la limpieza y el consumo directo. Un pr\u00e1ctico asa port\u00e1til aumenta la comodidad diaria para la escuela, los viajes y el uso al aire libre.<\/p>\n<p data-start=\"1220\" data-end=\"1397\">El producto se fabrica bajo estrictas normas de control de calidad y admite la personalizaci\u00f3n completa OEM\/ODM, incluida la impresi\u00f3n del logotipo, el dise\u00f1o del embalaje y los ajustes estructurales.<\/p>\n<p data-start=\"1399\" data-end=\"1437\">Este modelo es especialmente adecuado para:<\/p>\n<ul data-start=\"1438\" data-end=\"1598\">\n<li data-start=\"1438\" data-end=\"1468\">\n<p data-start=\"1440\" data-end=\"1468\">Marcas de productos para beb\u00e9s y ni\u00f1os<\/p>\n<\/li>\n<li data-start=\"1469\" data-end=\"1499\">\n<p data-start=\"1471\" data-end=\"1499\">Empresas de regalos promocionales<\/p>\n<\/li>\n<li data-start=\"1500\" data-end=\"1525\">\n<p data-start=\"1502\" data-end=\"1525\">Distribuidores de menaje del hogar<\/p>\n<\/li>\n<li data-start=\"1526\" data-end=\"1563\">\n<p data-start=\"1528\" data-end=\"1563\">Importadores de recipientes t\u00e9rmicos para almuerzos<\/p>\n<\/li>\n<li data-start=\"1564\" data-end=\"1598\">\n<p data-start=\"1566\" data-end=\"1598\">Marcas de comercio electr\u00f3nico transfronterizo<\/p>\n<\/li>\n<\/ul>","protected":false},"excerpt":{"rendered":"<p>Tarro aislado para alimentos de 520 ml fabricado con interior de acero inoxidable SUS316, dise\u00f1o de boca ancha y asa port\u00e1til. Ideal para proyectos OEM\/ODM, marcas blancas y venta al por mayor.<\/p>","protected":false},"featured_media":17613,"comment_status":"open","ping_status":"closed","template":"","meta":{"_acf_changed":false},"product_brand":[],"product_cat":[108,18],"product_tag":[1029],"class_list":{"0":"post-17608","1":"product","2":"type-product","3":"status-publish","4":"has-post-thumbnail","6":"product_cat-insulated-food-jar","7":"product_cat-insulated-water-bottle","8":"product_tag-stainless-vacuum-water-bottle","10":"first","11":"instock","12":"shipping-taxable","13":"product-type-simple"},"acf":[],"yoast_head":"<!-- This site is optimized with the Yoast SEO Premium plugin v27.5 (Yoast SEO v27.5) - https:\/\/yoast.com\/product\/yoast-seo-premium-wordpress\/ -->\n<title>OEM\/ODM 520ml Insulated Food Jar - Diller Water Bottle Manufacturer<\/title>\n<meta name=\"description\" content=\"OEM 520ml insulated food jar with SUS316 stainless steel liner, wide mouth design, customizable for wholesale and private label brands.\" \/>\n<meta name=\"robots\" content=\"index, follow, max-snippet:-1, max-image-preview:large, max-video-preview:-1\" \/>\n<link rel=\"canonical\" href=\"https:\/\/www.dillerbottle.com\/es\/productos\/oem-odm-520ml-insulated-food-jar\" \/>\n<meta property=\"og:locale\" content=\"es_ES\" \/>\n<meta property=\"og:type\" content=\"article\" \/>\n<meta property=\"og:title\" content=\"OEM\/ODM 520ml Insulated Food Jar\" \/>\n<meta property=\"og:description\" content=\"OEM 520ml insulated food jar with SUS316 stainless steel liner, wide mouth design, customizable for wholesale and private label brands.\" \/>\n<meta property=\"og:url\" content=\"https:\/\/www.dillerbottle.com\/es\/productos\/oem-odm-520ml-insulated-food-jar\" \/>\n<meta property=\"og:site_name\" content=\"Diller Water Bottle Manufacturer\" \/>\n<meta property=\"article:modified_time\" content=\"2026-02-11T07:52:42+00:00\" \/>\n<meta property=\"og:image\" content=\"https:\/\/www.dillerbottle.com\/wp-content\/uploads\/2026\/02\/oemodm-1100ml-insulated-food-jar-9201-1.jpg\" \/>\n\t<meta property=\"og:image:width\" content=\"800\" \/>\n\t<meta property=\"og:image:height\" content=\"800\" \/>\n\t<meta property=\"og:image:type\" content=\"image\/jpeg\" \/>\n<meta name=\"twitter:card\" content=\"summary_large_image\" \/>\n<meta name=\"twitter:label1\" content=\"Tiempo de lectura\" \/>\n\t<meta name=\"twitter:data1\" content=\"4 minutos\" \/>\n<script type=\"application\/ld+json\" class=\"yoast-schema-graph\">{\"@context\":\"https:\\\/\\\/schema.org\",\"@graph\":[{\"@type\":\"WebPage\",\"@id\":\"https:\\\/\\\/www.dillerbottle.com\\\/products\\\/oem-odm-520ml-insulated-food-jar\",\"url\":\"https:\\\/\\\/www.dillerbottle.com\\\/products\\\/oem-odm-520ml-insulated-food-jar\",\"name\":\"OEM\\\/ODM 520ml Insulated Food Jar - Diller Water Bottle Manufacturer\",\"isPartOf\":{\"@id\":\"https:\\\/\\\/www.dillerbottle.com\\\/#website\"},\"primaryImageOfPage\":{\"@id\":\"https:\\\/\\\/www.dillerbottle.com\\\/products\\\/oem-odm-520ml-insulated-food-jar#primaryimage\"},\"image\":{\"@id\":\"https:\\\/\\\/www.dillerbottle.com\\\/products\\\/oem-odm-520ml-insulated-food-jar#primaryimage\"},\"thumbnailUrl\":\"https:\\\/\\\/www.dillerbottle.com\\\/wp-content\\\/uploads\\\/2026\\\/02\\\/oemodm-1100ml-insulated-food-jar-9201-1.jpg\",\"datePublished\":\"2026-02-11T07:39:11+00:00\",\"dateModified\":\"2026-02-11T07:52:42+00:00\",\"description\":\"OEM 520ml insulated food jar with SUS316 stainless steel liner, wide mouth design, customizable for wholesale and private label brands.\",\"breadcrumb\":{\"@id\":\"https:\\\/\\\/www.dillerbottle.com\\\/products\\\/oem-odm-520ml-insulated-food-jar#breadcrumb\"},\"inLanguage\":\"es\",\"potentialAction\":[{\"@type\":\"ReadAction\",\"target\":[\"https:\\\/\\\/www.dillerbottle.com\\\/products\\\/oem-odm-520ml-insulated-food-jar\"]}]},{\"@type\":\"ImageObject\",\"inLanguage\":\"es\",\"@id\":\"https:\\\/\\\/www.dillerbottle.com\\\/products\\\/oem-odm-520ml-insulated-food-jar#primaryimage\",\"url\":\"https:\\\/\\\/www.dillerbottle.com\\\/wp-content\\\/uploads\\\/2026\\\/02\\\/oemodm-1100ml-insulated-food-jar-9201-1.jpg\",\"contentUrl\":\"https:\\\/\\\/www.dillerbottle.com\\\/wp-content\\\/uploads\\\/2026\\\/02\\\/oemodm-1100ml-insulated-food-jar-9201-1.jpg\",\"width\":800,\"height\":800},{\"@type\":\"BreadcrumbList\",\"@id\":\"https:\\\/\\\/www.dillerbottle.com\\\/products\\\/oem-odm-520ml-insulated-food-jar#breadcrumb\",\"itemListElement\":[{\"@type\":\"ListItem\",\"position\":1,\"name\":\"Home\",\"item\":\"https:\\\/\\\/www.dillerbottle.com\\\/\"},{\"@type\":\"ListItem\",\"position\":2,\"name\":\"Products\",\"item\":\"https:\\\/\\\/www.dillerbottle.com\\\/shop\"},{\"@type\":\"ListItem\",\"position\":3,\"name\":\"OEM\\\/ODM 520ml Insulated Food Jar\"}]},{\"@type\":\"WebSite\",\"@id\":\"https:\\\/\\\/www.dillerbottle.com\\\/#website\",\"url\":\"https:\\\/\\\/www.dillerbottle.com\\\/\",\"name\":\"Diller Water Bottle Manufacturer\",\"description\":\"Water Bottle Manufacturer\",\"publisher\":{\"@id\":\"https:\\\/\\\/www.dillerbottle.com\\\/#organization\"},\"potentialAction\":[{\"@type\":\"SearchAction\",\"target\":{\"@type\":\"EntryPoint\",\"urlTemplate\":\"https:\\\/\\\/www.dillerbottle.com\\\/?s={search_term_string}\"},\"query-input\":{\"@type\":\"PropertyValueSpecification\",\"valueRequired\":true,\"valueName\":\"search_term_string\"}}],\"inLanguage\":\"es\"},{\"@type\":\"Organization\",\"@id\":\"https:\\\/\\\/www.dillerbottle.com\\\/#organization\",\"name\":\"Diller Water Bottle Manufacturer\",\"url\":\"https:\\\/\\\/www.dillerbottle.com\\\/\",\"logo\":{\"@type\":\"ImageObject\",\"inLanguage\":\"es\",\"@id\":\"https:\\\/\\\/www.dillerbottle.com\\\/#\\\/schema\\\/logo\\\/image\\\/\",\"url\":\"https:\\\/\\\/www.dillerbottle.com\\\/wp-content\\\/uploads\\\/2024\\\/09\\\/49918bfa848dcc1e9f8b509933603ac.png\",\"contentUrl\":\"https:\\\/\\\/www.dillerbottle.com\\\/wp-content\\\/uploads\\\/2024\\\/09\\\/49918bfa848dcc1e9f8b509933603ac.png\",\"width\":988,\"height\":198,\"caption\":\"Diller Water Bottle Manufacturer\"},\"image\":{\"@id\":\"https:\\\/\\\/www.dillerbottle.com\\\/#\\\/schema\\\/logo\\\/image\\\/\"}}]}<\/script>\n<!-- \/ Yoast SEO Premium plugin. -->","yoast_head_json":{"title":"oem odm 520ml tarro de comida aislado","description":"OEM tarro de alimentos aislado de 520ml con revestimiento de acero inoxidable SUS316, dise\u00f1o de boca ancha, personalizable para marcas mayoristas y de marca privada.","robots":{"index":"index","follow":"follow","max-snippet":"max-snippet:-1","max-image-preview":"max-image-preview:large","max-video-preview":"max-video-preview:-1"},"canonical":"https:\/\/www.dillerbottle.com\/es\/productos\/oem-odm-520ml-insulated-food-jar","og_locale":"es_ES","og_type":"article","og_title":"OEM\/ODM 520ml Insulated Food Jar","og_description":"OEM 520ml insulated food jar with SUS316 stainless steel liner, wide mouth design, customizable for wholesale and private label brands.","og_url":"https:\/\/www.dillerbottle.com\/es\/productos\/oem-odm-520ml-insulated-food-jar","og_site_name":"Diller Water Bottle Manufacturer","article_modified_time":"2026-02-11T07:52:42+00:00","og_image":[{"width":800,"height":800,"url":"https:\/\/www.dillerbottle.com\/wp-content\/uploads\/2026\/02\/oemodm-1100ml-insulated-food-jar-9201-1.jpg","type":"image\/jpeg"}],"twitter_card":"summary_large_image","twitter_misc":{"Tiempo de lectura":"4 minutos"},"schema":{"@context":"https:\/\/schema.org","@graph":[{"@type":"WebPage","@id":"https:\/\/www.dillerbottle.com\/products\/oem-odm-520ml-insulated-food-jar","url":"https:\/\/www.dillerbottle.com\/products\/oem-odm-520ml-insulated-food-jar","name":"oem odm 520ml tarro de comida aislado","isPartOf":{"@id":"https:\/\/www.dillerbottle.com\/#website"},"primaryImageOfPage":{"@id":"https:\/\/www.dillerbottle.com\/products\/oem-odm-520ml-insulated-food-jar#primaryimage"},"image":{"@id":"https:\/\/www.dillerbottle.com\/products\/oem-odm-520ml-insulated-food-jar#primaryimage"},"thumbnailUrl":"https:\/\/www.dillerbottle.com\/wp-content\/uploads\/2026\/02\/oemodm-1100ml-insulated-food-jar-9201-1.jpg","datePublished":"2026-02-11T07:39:11+00:00","dateModified":"2026-02-11T07:52:42+00:00","description":"OEM tarro de alimentos aislado de 520ml con revestimiento de acero inoxidable SUS316, dise\u00f1o de boca ancha, personalizable para marcas mayoristas y de marca privada.","breadcrumb":{"@id":"https:\/\/www.dillerbottle.com\/products\/oem-odm-520ml-insulated-food-jar#breadcrumb"},"inLanguage":"es","potentialAction":[{"@type":"ReadAction","target":["https:\/\/www.dillerbottle.com\/products\/oem-odm-520ml-insulated-food-jar"]}]},{"@type":"ImageObject","inLanguage":"es","@id":"https:\/\/www.dillerbottle.com\/products\/oem-odm-520ml-insulated-food-jar#primaryimage","url":"https:\/\/www.dillerbottle.com\/wp-content\/uploads\/2026\/02\/oemodm-1100ml-insulated-food-jar-9201-1.jpg","contentUrl":"https:\/\/www.dillerbottle.com\/wp-content\/uploads\/2026\/02\/oemodm-1100ml-insulated-food-jar-9201-1.jpg","width":800,"height":800},{"@type":"BreadcrumbList","@id":"https:\/\/www.dillerbottle.com\/products\/oem-odm-520ml-insulated-food-jar#breadcrumb","itemListElement":[{"@type":"ListItem","position":1,"name":"Home","item":"https:\/\/www.dillerbottle.com\/"},{"@type":"ListItem","position":2,"name":"Products","item":"https:\/\/www.dillerbottle.com\/shop"},{"@type":"ListItem","position":3,"name":"OEM\/ODM 520ml Insulated Food Jar"}]},{"@type":"WebSite","@id":"https:\/\/www.dillerbottle.com\/#website","url":"https:\/\/www.dillerbottle.com\/","name":"Fabricante de botellas de agua Diller","description":"Fabricante de botellas de agua","publisher":{"@id":"https:\/\/www.dillerbottle.com\/#organization"},"potentialAction":[{"@type":"SearchAction","target":{"@type":"EntryPoint","urlTemplate":"https:\/\/www.dillerbottle.com\/?s={search_term_string}"},"query-input":{"@type":"PropertyValueSpecification","valueRequired":true,"valueName":"search_term_string"}}],"inLanguage":"es"},{"@type":"Organization","@id":"https:\/\/www.dillerbottle.com\/#organization","name":"Fabricante de botellas de agua Diller","url":"https:\/\/www.dillerbottle.com\/","logo":{"@type":"ImageObject","inLanguage":"es","@id":"https:\/\/www.dillerbottle.com\/#\/schema\/logo\/image\/","url":"https:\/\/www.dillerbottle.com\/wp-content\/uploads\/2024\/09\/49918bfa848dcc1e9f8b509933603ac.png","contentUrl":"https:\/\/www.dillerbottle.com\/wp-content\/uploads\/2024\/09\/49918bfa848dcc1e9f8b509933603ac.png","width":988,"height":198,"caption":"Diller Water Bottle Manufacturer"},"image":{"@id":"https:\/\/www.dillerbottle.com\/#\/schema\/logo\/image\/"}}]}},"_links":{"self":[{"href":"https:\/\/www.dillerbottle.com\/es\/wp-json\/wp\/v2\/product\/17608","targetHints":{"allow":["GET"]}}],"collection":[{"href":"https:\/\/www.dillerbottle.com\/es\/wp-json\/wp\/v2\/product"}],"about":[{"href":"https:\/\/www.dillerbottle.com\/es\/wp-json\/wp\/v2\/types\/product"}],"replies":[{"embeddable":true,"href":"https:\/\/www.dillerbottle.com\/es\/wp-json\/wp\/v2\/comments?post=17608"}],"wp:featuredmedia":[{"embeddable":true,"href":"https:\/\/www.dillerbottle.com\/es\/wp-json\/wp\/v2\/media\/17613"}],"wp:attachment":[{"href":"https:\/\/www.dillerbottle.com\/es\/wp-json\/wp\/v2\/media?parent=17608"}],"wp:term":[{"taxonomy":"product_brand","embeddable":true,"href":"https:\/\/www.dillerbottle.com\/es\/wp-json\/wp\/v2\/product_brand?post=17608"},{"taxonomy":"product_cat","embeddable":true,"href":"https:\/\/www.dillerbottle.com\/es\/wp-json\/wp\/v2\/product_cat?post=17608"},{"taxonomy":"product_tag","embeddable":true,"href":"https:\/\/www.dillerbottle.com\/es\/wp-json\/wp\/v2\/product_tag?post=17608"}],"curies":[{"name":"Gracias","href":"https:\/\/api.w.org\/{rel}","templated":true}]}}