{"id":17676,"date":"2026-02-12T13:48:27","date_gmt":"2026-02-12T05:48:27","guid":{"rendered":"https:\/\/www.dillerbottle.com\/?post_type=product&#038;p=17676"},"modified":"2026-02-12T14:04:44","modified_gmt":"2026-02-12T06:04:44","slug":"oem-sus316-botella-infusora-de-te-de-acero-inoxidable","status":"publish","type":"product","link":"https:\/\/www.dillerbottle.com\/es\/products\/oem-sus316-stainless-steel-tea-infuser-bottle","title":{"rendered":"OEM SUS316 Botella infusor de t\u00e9 de acero inoxidable 200ml \/ 280ml"},"content":{"rendered":"<p data-start=\"574\" data-end=\"754\">La botella isot\u00e9rmica DILLER D9310 Sakura Panda est\u00e1 dise\u00f1ada para marcas, distribuidores e importadores que buscan un servicio de bebidas de acero inoxidable de alta calidad con capacidad de personalizaci\u00f3n OEM.<\/p>\n<p data-start=\"756\" data-end=\"989\">Construido con un revestimiento interior de acero inoxidable SUS316, este modelo garantiza una resistencia superior a la corrosi\u00f3n y seguridad en contacto con los alimentos. La estructura de aislamiento al vac\u00edo de doble pared mantiene la temperatura de las bebidas fr\u00edas y calientes.<\/p>\n<p data-start=\"991\" data-end=\"1272\">Equipada con un infusor de t\u00e9 extra\u00edble, la botella es adecuada para t\u00e9 de hojas sueltas, mezclas de hierbas y bebidas en infusi\u00f3n. La estructura de la tapa, sellada y a prueba de fugas, proporciona una portabilidad segura, mientras que el anillo de elevaci\u00f3n oculto mejora la comodidad sin afectar a la apariencia general.<\/p>\n<p data-start=\"1274\" data-end=\"1445\">Con capacidades compactas de 200 ml y 280 ml, este modelo es ideal para bebidas de tama\u00f1o de viaje, sets de regalo promocionales, colecciones de accesorios para t\u00e9 y canales minoristas de estilo de vida.<\/p>\n<p data-start=\"1447\" data-end=\"1581\">Disponemos de servicios OEM y ODM, como impresi\u00f3n de logotipos, personalizaci\u00f3n de envases, desarrollo de colores y modificaciones estructurales.<\/p>\n<p data-start=\"1583\" data-end=\"1625\">Este producto est\u00e1 especialmente indicado para:<\/p>\n<ul data-start=\"1627\" data-end=\"1803\">\n<li data-start=\"1627\" data-end=\"1651\">\n<p data-start=\"1629\" data-end=\"1651\">Marcas de accesorios para el t\u00e9<\/p>\n<\/li>\n<li data-start=\"1652\" data-end=\"1682\">\n<p data-start=\"1654\" data-end=\"1682\">Proveedores de regalos promocionales<\/p>\n<\/li>\n<li data-start=\"1683\" data-end=\"1725\">\n<p data-start=\"1685\" data-end=\"1725\">Distribuidores de bebidas de acero inoxidable<\/p>\n<\/li>\n<li data-start=\"1726\" data-end=\"1765\">\n<p data-start=\"1728\" data-end=\"1765\">Marcas blancas para el hogar y la cocina<\/p>\n<\/li>\n<li data-start=\"1766\" data-end=\"1803\">\n<p data-start=\"1768\" data-end=\"1803\">Importadores de comercio electr\u00f3nico transfronterizo<\/p>\n<\/li>\n<\/ul>","protected":false},"excerpt":{"rendered":"<p>Botella de t\u00e9 aislante compacta con revestimiento de acero inoxidable SUS316, infusor de t\u00e9 incorporado, dise\u00f1o a prueba de fugas y anillo de elevaci\u00f3n oculto. Ideal para OEM, marcas blancas y proyectos al por mayor.<\/p>","protected":false},"featured_media":17678,"comment_status":"open","ping_status":"closed","template":"","meta":{"_acf_changed":false},"product_brand":[],"product_cat":[18],"product_tag":[1029],"class_list":{"0":"post-17676","1":"product","2":"type-product","3":"status-publish","4":"has-post-thumbnail","6":"product_cat-insulated-water-bottle","7":"product_tag-stainless-vacuum-water-bottle","9":"first","10":"instock","11":"shipping-taxable","12":"product-type-simple"},"acf":[],"yoast_head":"<!-- This site is optimized with the Yoast SEO Premium plugin v27.6 (Yoast SEO v27.6) - https:\/\/yoast.com\/product\/yoast-seo-premium-wordpress\/ -->\n<title>OEM SUS316 Stainless Steel Tea Infuser Bottle 200ml \/ 280ml - Diller Water Bottle Manufacturer<\/title>\n<meta name=\"description\" content=\"OEM SUS316 insulated tea bottle with infuser, 200\/280ml leak-proof stainless steel thermo cup for wholesale and private label brands.\" \/>\n<meta name=\"robots\" content=\"index, follow, max-snippet:-1, max-image-preview:large, max-video-preview:-1\" \/>\n<link rel=\"canonical\" href=\"https:\/\/www.dillerbottle.com\/es\/productos\/oem-sus316-botella-infusora-de-te-de-acero-inoxidable\" \/>\n<meta property=\"og:locale\" content=\"es_ES\" \/>\n<meta property=\"og:type\" content=\"article\" \/>\n<meta property=\"og:title\" content=\"OEM SUS316 Stainless Steel Tea Infuser Bottle 200ml \/ 280ml\" \/>\n<meta property=\"og:description\" content=\"OEM SUS316 insulated tea bottle with infuser, 200\/280ml leak-proof stainless steel thermo cup for wholesale and private label brands.\" \/>\n<meta property=\"og:url\" content=\"https:\/\/www.dillerbottle.com\/es\/productos\/oem-sus316-botella-infusora-de-te-de-acero-inoxidable\" \/>\n<meta property=\"og:site_name\" content=\"Diller Water Bottle Manufacturer\" \/>\n<meta property=\"article:modified_time\" content=\"2026-02-12T06:04:44+00:00\" \/>\n<meta property=\"og:image\" content=\"https:\/\/www.dillerbottle.com\/wp-content\/uploads\/2026\/02\/oemodm-520ml-insulated-food-jar-9310-3.jpg\" \/>\n\t<meta property=\"og:image:width\" content=\"800\" \/>\n\t<meta property=\"og:image:height\" content=\"800\" \/>\n\t<meta property=\"og:image:type\" content=\"image\/jpeg\" \/>\n<meta name=\"twitter:card\" content=\"summary_large_image\" \/>\n<meta name=\"twitter:label1\" content=\"Tiempo de lectura\" \/>\n\t<meta name=\"twitter:data1\" content=\"4 minutos\" \/>\n<script type=\"application\/ld+json\" class=\"yoast-schema-graph\">{\"@context\":\"https:\\\/\\\/schema.org\",\"@graph\":[{\"@type\":\"WebPage\",\"@id\":\"https:\\\/\\\/www.dillerbottle.com\\\/products\\\/oem-sus316-stainless-steel-tea-infuser-bottle\",\"url\":\"https:\\\/\\\/www.dillerbottle.com\\\/products\\\/oem-sus316-stainless-steel-tea-infuser-bottle\",\"name\":\"OEM SUS316 Stainless Steel Tea Infuser Bottle 200ml \\\/ 280ml - Diller Water Bottle Manufacturer\",\"isPartOf\":{\"@id\":\"https:\\\/\\\/www.dillerbottle.com\\\/#website\"},\"primaryImageOfPage\":{\"@id\":\"https:\\\/\\\/www.dillerbottle.com\\\/products\\\/oem-sus316-stainless-steel-tea-infuser-bottle#primaryimage\"},\"image\":{\"@id\":\"https:\\\/\\\/www.dillerbottle.com\\\/products\\\/oem-sus316-stainless-steel-tea-infuser-bottle#primaryimage\"},\"thumbnailUrl\":\"https:\\\/\\\/www.dillerbottle.com\\\/wp-content\\\/uploads\\\/2026\\\/02\\\/oemodm-520ml-insulated-food-jar-9310-3.jpg\",\"datePublished\":\"2026-02-12T05:48:27+00:00\",\"dateModified\":\"2026-02-12T06:04:44+00:00\",\"description\":\"OEM SUS316 insulated tea bottle with infuser, 200\\\/280ml leak-proof stainless steel thermo cup for wholesale and private label brands.\",\"breadcrumb\":{\"@id\":\"https:\\\/\\\/www.dillerbottle.com\\\/products\\\/oem-sus316-stainless-steel-tea-infuser-bottle#breadcrumb\"},\"inLanguage\":\"es\",\"potentialAction\":[{\"@type\":\"ReadAction\",\"target\":[\"https:\\\/\\\/www.dillerbottle.com\\\/products\\\/oem-sus316-stainless-steel-tea-infuser-bottle\"]}]},{\"@type\":\"ImageObject\",\"inLanguage\":\"es\",\"@id\":\"https:\\\/\\\/www.dillerbottle.com\\\/products\\\/oem-sus316-stainless-steel-tea-infuser-bottle#primaryimage\",\"url\":\"https:\\\/\\\/www.dillerbottle.com\\\/wp-content\\\/uploads\\\/2026\\\/02\\\/oemodm-520ml-insulated-food-jar-9310-3.jpg\",\"contentUrl\":\"https:\\\/\\\/www.dillerbottle.com\\\/wp-content\\\/uploads\\\/2026\\\/02\\\/oemodm-520ml-insulated-food-jar-9310-3.jpg\",\"width\":800,\"height\":800},{\"@type\":\"BreadcrumbList\",\"@id\":\"https:\\\/\\\/www.dillerbottle.com\\\/products\\\/oem-sus316-stainless-steel-tea-infuser-bottle#breadcrumb\",\"itemListElement\":[{\"@type\":\"ListItem\",\"position\":1,\"name\":\"Home\",\"item\":\"https:\\\/\\\/www.dillerbottle.com\\\/\"},{\"@type\":\"ListItem\",\"position\":2,\"name\":\"Products\",\"item\":\"https:\\\/\\\/www.dillerbottle.com\\\/shop\"},{\"@type\":\"ListItem\",\"position\":3,\"name\":\"OEM SUS316 Stainless Steel Tea Infuser Bottle 200ml \\\/ 280ml\"}]},{\"@type\":\"WebSite\",\"@id\":\"https:\\\/\\\/www.dillerbottle.com\\\/#website\",\"url\":\"https:\\\/\\\/www.dillerbottle.com\\\/\",\"name\":\"Diller Water Bottle Manufacturer\",\"description\":\"Water Bottle Manufacturer\",\"publisher\":{\"@id\":\"https:\\\/\\\/www.dillerbottle.com\\\/#organization\"},\"potentialAction\":[{\"@type\":\"SearchAction\",\"target\":{\"@type\":\"EntryPoint\",\"urlTemplate\":\"https:\\\/\\\/www.dillerbottle.com\\\/?s={search_term_string}\"},\"query-input\":{\"@type\":\"PropertyValueSpecification\",\"valueRequired\":true,\"valueName\":\"search_term_string\"}}],\"inLanguage\":\"es\"},{\"@type\":\"Organization\",\"@id\":\"https:\\\/\\\/www.dillerbottle.com\\\/#organization\",\"name\":\"Diller Water Bottle Manufacturer\",\"url\":\"https:\\\/\\\/www.dillerbottle.com\\\/\",\"logo\":{\"@type\":\"ImageObject\",\"inLanguage\":\"es\",\"@id\":\"https:\\\/\\\/www.dillerbottle.com\\\/#\\\/schema\\\/logo\\\/image\\\/\",\"url\":\"https:\\\/\\\/www.dillerbottle.com\\\/wp-content\\\/uploads\\\/2024\\\/09\\\/49918bfa848dcc1e9f8b509933603ac.png\",\"contentUrl\":\"https:\\\/\\\/www.dillerbottle.com\\\/wp-content\\\/uploads\\\/2024\\\/09\\\/49918bfa848dcc1e9f8b509933603ac.png\",\"width\":988,\"height\":198,\"caption\":\"Diller Water Bottle Manufacturer\"},\"image\":{\"@id\":\"https:\\\/\\\/www.dillerbottle.com\\\/#\\\/schema\\\/logo\\\/image\\\/\"}}]}<\/script>\n<!-- \/ Yoast SEO Premium plugin. -->","yoast_head_json":{"title":"OEM SUS316 botella de acero inoxidable infusor de t\u00e9 200ml \/ 280ml - Diller botella de agua fabricante","description":"OEM SUS316 aislado botella de t\u00e9 con infusor, 200\/280ml a prueba de fugas taza termo de acero inoxidable para la venta al por mayor y marcas de etiqueta privada.","robots":{"index":"index","follow":"follow","max-snippet":"max-snippet:-1","max-image-preview":"max-image-preview:large","max-video-preview":"max-video-preview:-1"},"canonical":"https:\/\/www.dillerbottle.com\/es\/productos\/oem-sus316-botella-infusora-de-te-de-acero-inoxidable","og_locale":"es_ES","og_type":"article","og_title":"OEM SUS316 Stainless Steel Tea Infuser Bottle 200ml \/ 280ml","og_description":"OEM SUS316 insulated tea bottle with infuser, 200\/280ml leak-proof stainless steel thermo cup for wholesale and private label brands.","og_url":"https:\/\/www.dillerbottle.com\/es\/productos\/oem-sus316-botella-infusora-de-te-de-acero-inoxidable","og_site_name":"Diller Water Bottle Manufacturer","article_modified_time":"2026-02-12T06:04:44+00:00","og_image":[{"width":800,"height":800,"url":"https:\/\/www.dillerbottle.com\/wp-content\/uploads\/2026\/02\/oemodm-520ml-insulated-food-jar-9310-3.jpg","type":"image\/jpeg"}],"twitter_card":"summary_large_image","twitter_misc":{"Tiempo de lectura":"4 minutos"},"schema":{"@context":"https:\/\/schema.org","@graph":[{"@type":"WebPage","@id":"https:\/\/www.dillerbottle.com\/products\/oem-sus316-stainless-steel-tea-infuser-bottle","url":"https:\/\/www.dillerbottle.com\/products\/oem-sus316-stainless-steel-tea-infuser-bottle","name":"OEM SUS316 botella de acero inoxidable infusor de t\u00e9 200ml \/ 280ml - Diller botella de agua fabricante","isPartOf":{"@id":"https:\/\/www.dillerbottle.com\/#website"},"primaryImageOfPage":{"@id":"https:\/\/www.dillerbottle.com\/products\/oem-sus316-stainless-steel-tea-infuser-bottle#primaryimage"},"image":{"@id":"https:\/\/www.dillerbottle.com\/products\/oem-sus316-stainless-steel-tea-infuser-bottle#primaryimage"},"thumbnailUrl":"https:\/\/www.dillerbottle.com\/wp-content\/uploads\/2026\/02\/oemodm-520ml-insulated-food-jar-9310-3.jpg","datePublished":"2026-02-12T05:48:27+00:00","dateModified":"2026-02-12T06:04:44+00:00","description":"OEM SUS316 aislado botella de t\u00e9 con infusor, 200\/280ml a prueba de fugas taza termo de acero inoxidable para la venta al por mayor y marcas de etiqueta privada.","breadcrumb":{"@id":"https:\/\/www.dillerbottle.com\/products\/oem-sus316-stainless-steel-tea-infuser-bottle#breadcrumb"},"inLanguage":"es","potentialAction":[{"@type":"ReadAction","target":["https:\/\/www.dillerbottle.com\/products\/oem-sus316-stainless-steel-tea-infuser-bottle"]}]},{"@type":"ImageObject","inLanguage":"es","@id":"https:\/\/www.dillerbottle.com\/products\/oem-sus316-stainless-steel-tea-infuser-bottle#primaryimage","url":"https:\/\/www.dillerbottle.com\/wp-content\/uploads\/2026\/02\/oemodm-520ml-insulated-food-jar-9310-3.jpg","contentUrl":"https:\/\/www.dillerbottle.com\/wp-content\/uploads\/2026\/02\/oemodm-520ml-insulated-food-jar-9310-3.jpg","width":800,"height":800},{"@type":"BreadcrumbList","@id":"https:\/\/www.dillerbottle.com\/products\/oem-sus316-stainless-steel-tea-infuser-bottle#breadcrumb","itemListElement":[{"@type":"ListItem","position":1,"name":"Home","item":"https:\/\/www.dillerbottle.com\/"},{"@type":"ListItem","position":2,"name":"Products","item":"https:\/\/www.dillerbottle.com\/shop"},{"@type":"ListItem","position":3,"name":"OEM SUS316 Stainless Steel Tea Infuser Bottle 200ml \/ 280ml"}]},{"@type":"WebSite","@id":"https:\/\/www.dillerbottle.com\/#website","url":"https:\/\/www.dillerbottle.com\/","name":"Fabricante de botellas de agua Diller","description":"Fabricante de botellas de agua","publisher":{"@id":"https:\/\/www.dillerbottle.com\/#organization"},"potentialAction":[{"@type":"SearchAction","target":{"@type":"EntryPoint","urlTemplate":"https:\/\/www.dillerbottle.com\/?s={search_term_string}"},"query-input":{"@type":"PropertyValueSpecification","valueRequired":true,"valueName":"search_term_string"}}],"inLanguage":"es"},{"@type":"Organization","@id":"https:\/\/www.dillerbottle.com\/#organization","name":"Fabricante de botellas de agua Diller","url":"https:\/\/www.dillerbottle.com\/","logo":{"@type":"ImageObject","inLanguage":"es","@id":"https:\/\/www.dillerbottle.com\/#\/schema\/logo\/image\/","url":"https:\/\/www.dillerbottle.com\/wp-content\/uploads\/2024\/09\/49918bfa848dcc1e9f8b509933603ac.png","contentUrl":"https:\/\/www.dillerbottle.com\/wp-content\/uploads\/2024\/09\/49918bfa848dcc1e9f8b509933603ac.png","width":988,"height":198,"caption":"Diller Water Bottle Manufacturer"},"image":{"@id":"https:\/\/www.dillerbottle.com\/#\/schema\/logo\/image\/"}}]}},"_links":{"self":[{"href":"https:\/\/www.dillerbottle.com\/es\/wp-json\/wp\/v2\/product\/17676","targetHints":{"allow":["GET"]}}],"collection":[{"href":"https:\/\/www.dillerbottle.com\/es\/wp-json\/wp\/v2\/product"}],"about":[{"href":"https:\/\/www.dillerbottle.com\/es\/wp-json\/wp\/v2\/types\/product"}],"replies":[{"embeddable":true,"href":"https:\/\/www.dillerbottle.com\/es\/wp-json\/wp\/v2\/comments?post=17676"}],"wp:featuredmedia":[{"embeddable":true,"href":"https:\/\/www.dillerbottle.com\/es\/wp-json\/wp\/v2\/media\/17678"}],"wp:attachment":[{"href":"https:\/\/www.dillerbottle.com\/es\/wp-json\/wp\/v2\/media?parent=17676"}],"wp:term":[{"taxonomy":"product_brand","embeddable":true,"href":"https:\/\/www.dillerbottle.com\/es\/wp-json\/wp\/v2\/product_brand?post=17676"},{"taxonomy":"product_cat","embeddable":true,"href":"https:\/\/www.dillerbottle.com\/es\/wp-json\/wp\/v2\/product_cat?post=17676"},{"taxonomy":"product_tag","embeddable":true,"href":"https:\/\/www.dillerbottle.com\/es\/wp-json\/wp\/v2\/product_tag?post=17676"}],"curies":[{"name":"Gracias","href":"https:\/\/api.w.org\/{rel}","templated":true}]}}