{"id":17694,"date":"2026-02-12T14:09:12","date_gmt":"2026-02-12T06:09:12","guid":{"rendered":"https:\/\/www.dillerbottle.com\/?post_type=product&#038;p=17694"},"modified":"2026-02-12T16:10:43","modified_gmt":"2026-02-12T08:10:43","slug":"oem-brand-200ml-sus316-panda-stainless-steel-insulated-bottle","status":"publish","type":"product","link":"https:\/\/www.dillerbottle.com\/es\/products\/oem-brand-200ml-sus316-panda-stainless-steel-insulated-bottle","title":{"rendered":"OEM marca 200ml SUS316 panda botella de acero inoxidable con aislamiento"},"content":{"rendered":"<p data-start=\"590\" data-end=\"746\">La botella isot\u00e9rmica DILLER D9314 es un vaso termo compacto de 200 ml dise\u00f1ado para marcas y distribuidores que buscan bebidas de acero inoxidable personalizadas con tem\u00e1tica IP.<\/p>\n<p data-start=\"748\" data-end=\"985\">Con un revestimiento interior de acero inoxidable SUS316, este modelo ofrece una resistencia superior a la corrosi\u00f3n, seguridad en contacto con los alimentos y durabilidad a largo plazo. La estructura de aislamiento al vac\u00edo de doble pared mantiene las bebidas fr\u00edas y calientes.<\/p>\n<p data-start=\"987\" data-end=\"1244\">La botella est\u00e1 dise\u00f1ada con una tapa sellada a prueba de fugas, que permite un almacenamiento invertido seguro sin fugas. Su asa port\u00e1til facilita el transporte, por lo que resulta adecuada para desplazamientos, actividades al aire libre, eventos promocionales y colecciones de estilo de vida.<\/p>\n<p data-start=\"1246\" data-end=\"1519\">El producto integra un original adorno de PI de panda, que ofrece una fuerte diferenciaci\u00f3n visual para art\u00edculos de regalo y proyectos de colaboraci\u00f3n con marcas. Su capacidad compacta de 200 ml lo hace ideal para art\u00edculos de bebida para ni\u00f1os, degustaci\u00f3n de t\u00e9, botellas de tama\u00f1o viaje y art\u00edculos promocionales de temporada.<\/p>\n<p data-start=\"1521\" data-end=\"1659\">Ofrecemos servicios completos de OEM y ODM, como impresi\u00f3n de logotipos, personalizaci\u00f3n de colores, desarrollo de envases y proyectos de marca compartida de propiedad intelectual.<\/p>\n<p data-start=\"1661\" data-end=\"1701\">Este modelo es especialmente adecuado para:<\/p>\n<ul data-start=\"1703\" data-end=\"1864\">\n<li data-start=\"1703\" data-end=\"1722\">\n<p data-start=\"1705\" data-end=\"1722\">Marcas de art\u00edculos de regalo<\/p>\n<\/li>\n<li data-start=\"1723\" data-end=\"1752\">\n<p data-start=\"1725\" data-end=\"1752\">Proyectos de colaboraci\u00f3n en PI<\/p>\n<\/li>\n<li data-start=\"1753\" data-end=\"1786\">\n<p data-start=\"1755\" data-end=\"1786\">Empresas de productos promocionales<\/p>\n<\/li>\n<li data-start=\"1787\" data-end=\"1829\">\n<p data-start=\"1789\" data-end=\"1829\">Distribuidores de bebidas de acero inoxidable<\/p>\n<\/li>\n<li data-start=\"1830\" data-end=\"1864\">\n<p data-start=\"1832\" data-end=\"1864\">Marcas blancas de estilo de vida<\/p>\n<\/li>\n<\/ul>","protected":false},"excerpt":{"rendered":"<p>Botella isot\u00e9rmica de acero inoxidable de 200 ml con revestimiento interior SUS316, original dise\u00f1o IP panda, estructura a prueba de fugas y asa port\u00e1til. Ideal para proyectos de OEM, marcas blancas y regalos al por mayor.<\/p>","protected":false},"featured_media":17699,"comment_status":"open","ping_status":"closed","template":"","meta":{"_acf_changed":false},"product_brand":[],"product_cat":[18],"product_tag":[1029],"class_list":{"0":"post-17694","1":"product","2":"type-product","3":"status-publish","4":"has-post-thumbnail","6":"product_cat-insulated-water-bottle","7":"product_tag-stainless-vacuum-water-bottle","9":"first","10":"instock","11":"shipping-taxable","12":"product-type-simple"},"acf":[],"yoast_head":"<!-- This site is optimized with the Yoast SEO Premium plugin v27.6 (Yoast SEO v27.6) - https:\/\/yoast.com\/product\/yoast-seo-premium-wordpress\/ -->\n<title>OEM brand 200ml SUS316 panda stainless steel insulated bottle - Diller Water Bottle Manufacturer<\/title>\n<meta name=\"description\" content=\"OEM SUS316 insulated tea bottle with infuser, 200\/280ml leak-proof stainless steel thermo cup for wholesale and private label brands.\" \/>\n<meta name=\"robots\" content=\"index, follow, max-snippet:-1, max-image-preview:large, max-video-preview:-1\" \/>\n<link rel=\"canonical\" href=\"https:\/\/www.dillerbottle.com\/es\/productos\/oem-brand-200ml-sus316-panda-stainless-steel-insulated-bottle\" \/>\n<meta property=\"og:locale\" content=\"es_ES\" \/>\n<meta property=\"og:type\" content=\"article\" \/>\n<meta property=\"og:title\" content=\"OEM brand 200ml SUS316 panda stainless steel insulated bottle\" \/>\n<meta property=\"og:description\" content=\"OEM SUS316 insulated tea bottle with infuser, 200\/280ml leak-proof stainless steel thermo cup for wholesale and private label brands.\" \/>\n<meta property=\"og:url\" content=\"https:\/\/www.dillerbottle.com\/es\/productos\/oem-brand-200ml-sus316-panda-stainless-steel-insulated-bottle\" \/>\n<meta property=\"og:site_name\" content=\"Diller Water Bottle Manufacturer\" \/>\n<meta property=\"article:modified_time\" content=\"2026-02-12T08:10:43+00:00\" \/>\n<meta property=\"og:image\" content=\"https:\/\/www.dillerbottle.com\/wp-content\/uploads\/2026\/02\/oem-brand-200-ml-sus316-panda-stainless-steel-insulated-bottle-9314-1.jpg\" \/>\n\t<meta property=\"og:image:width\" content=\"800\" \/>\n\t<meta property=\"og:image:height\" content=\"800\" \/>\n\t<meta property=\"og:image:type\" content=\"image\/jpeg\" \/>\n<meta name=\"twitter:card\" content=\"summary_large_image\" \/>\n<meta name=\"twitter:label1\" content=\"Tiempo de lectura\" \/>\n\t<meta name=\"twitter:data1\" content=\"3 minutos\" \/>\n<script type=\"application\/ld+json\" class=\"yoast-schema-graph\">{\"@context\":\"https:\\\/\\\/schema.org\",\"@graph\":[{\"@type\":\"WebPage\",\"@id\":\"https:\\\/\\\/www.dillerbottle.com\\\/products\\\/oem-brand-200ml-sus316-panda-stainless-steel-insulated-bottle\",\"url\":\"https:\\\/\\\/www.dillerbottle.com\\\/products\\\/oem-brand-200ml-sus316-panda-stainless-steel-insulated-bottle\",\"name\":\"OEM brand 200ml SUS316 panda stainless steel insulated bottle - Diller Water Bottle Manufacturer\",\"isPartOf\":{\"@id\":\"https:\\\/\\\/www.dillerbottle.com\\\/#website\"},\"primaryImageOfPage\":{\"@id\":\"https:\\\/\\\/www.dillerbottle.com\\\/products\\\/oem-brand-200ml-sus316-panda-stainless-steel-insulated-bottle#primaryimage\"},\"image\":{\"@id\":\"https:\\\/\\\/www.dillerbottle.com\\\/products\\\/oem-brand-200ml-sus316-panda-stainless-steel-insulated-bottle#primaryimage\"},\"thumbnailUrl\":\"https:\\\/\\\/www.dillerbottle.com\\\/wp-content\\\/uploads\\\/2026\\\/02\\\/oem-brand-200-ml-sus316-panda-stainless-steel-insulated-bottle-9314-1.jpg\",\"datePublished\":\"2026-02-12T06:09:12+00:00\",\"dateModified\":\"2026-02-12T08:10:43+00:00\",\"description\":\"OEM SUS316 insulated tea bottle with infuser, 200\\\/280ml leak-proof stainless steel thermo cup for wholesale and private label brands.\",\"breadcrumb\":{\"@id\":\"https:\\\/\\\/www.dillerbottle.com\\\/products\\\/oem-brand-200ml-sus316-panda-stainless-steel-insulated-bottle#breadcrumb\"},\"inLanguage\":\"es\",\"potentialAction\":[{\"@type\":\"ReadAction\",\"target\":[\"https:\\\/\\\/www.dillerbottle.com\\\/products\\\/oem-brand-200ml-sus316-panda-stainless-steel-insulated-bottle\"]}]},{\"@type\":\"ImageObject\",\"inLanguage\":\"es\",\"@id\":\"https:\\\/\\\/www.dillerbottle.com\\\/products\\\/oem-brand-200ml-sus316-panda-stainless-steel-insulated-bottle#primaryimage\",\"url\":\"https:\\\/\\\/www.dillerbottle.com\\\/wp-content\\\/uploads\\\/2026\\\/02\\\/oem-brand-200-ml-sus316-panda-stainless-steel-insulated-bottle-9314-1.jpg\",\"contentUrl\":\"https:\\\/\\\/www.dillerbottle.com\\\/wp-content\\\/uploads\\\/2026\\\/02\\\/oem-brand-200-ml-sus316-panda-stainless-steel-insulated-bottle-9314-1.jpg\",\"width\":800,\"height\":800},{\"@type\":\"BreadcrumbList\",\"@id\":\"https:\\\/\\\/www.dillerbottle.com\\\/products\\\/oem-brand-200ml-sus316-panda-stainless-steel-insulated-bottle#breadcrumb\",\"itemListElement\":[{\"@type\":\"ListItem\",\"position\":1,\"name\":\"Home\",\"item\":\"https:\\\/\\\/www.dillerbottle.com\\\/\"},{\"@type\":\"ListItem\",\"position\":2,\"name\":\"Products\",\"item\":\"https:\\\/\\\/www.dillerbottle.com\\\/shop\"},{\"@type\":\"ListItem\",\"position\":3,\"name\":\"OEM brand 200ml SUS316 panda stainless steel insulated bottle\"}]},{\"@type\":\"WebSite\",\"@id\":\"https:\\\/\\\/www.dillerbottle.com\\\/#website\",\"url\":\"https:\\\/\\\/www.dillerbottle.com\\\/\",\"name\":\"Diller Water Bottle Manufacturer\",\"description\":\"Water Bottle Manufacturer\",\"publisher\":{\"@id\":\"https:\\\/\\\/www.dillerbottle.com\\\/#organization\"},\"potentialAction\":[{\"@type\":\"SearchAction\",\"target\":{\"@type\":\"EntryPoint\",\"urlTemplate\":\"https:\\\/\\\/www.dillerbottle.com\\\/?s={search_term_string}\"},\"query-input\":{\"@type\":\"PropertyValueSpecification\",\"valueRequired\":true,\"valueName\":\"search_term_string\"}}],\"inLanguage\":\"es\"},{\"@type\":\"Organization\",\"@id\":\"https:\\\/\\\/www.dillerbottle.com\\\/#organization\",\"name\":\"Diller Water Bottle Manufacturer\",\"url\":\"https:\\\/\\\/www.dillerbottle.com\\\/\",\"logo\":{\"@type\":\"ImageObject\",\"inLanguage\":\"es\",\"@id\":\"https:\\\/\\\/www.dillerbottle.com\\\/#\\\/schema\\\/logo\\\/image\\\/\",\"url\":\"https:\\\/\\\/www.dillerbottle.com\\\/wp-content\\\/uploads\\\/2024\\\/09\\\/49918bfa848dcc1e9f8b509933603ac.png\",\"contentUrl\":\"https:\\\/\\\/www.dillerbottle.com\\\/wp-content\\\/uploads\\\/2024\\\/09\\\/49918bfa848dcc1e9f8b509933603ac.png\",\"width\":988,\"height\":198,\"caption\":\"Diller Water Bottle Manufacturer\"},\"image\":{\"@id\":\"https:\\\/\\\/www.dillerbottle.com\\\/#\\\/schema\\\/logo\\\/image\\\/\"}}]}<\/script>\n<!-- \/ Yoast SEO Premium plugin. -->","yoast_head_json":{"title":"marca oem 200ml sus316 botella aislante de acero inoxidable panda","description":"OEM SUS316 aislado botella de t\u00e9 con infusor, 200\/280ml a prueba de fugas taza termo de acero inoxidable para la venta al por mayor y marcas de etiqueta privada.","robots":{"index":"index","follow":"follow","max-snippet":"max-snippet:-1","max-image-preview":"max-image-preview:large","max-video-preview":"max-video-preview:-1"},"canonical":"https:\/\/www.dillerbottle.com\/es\/productos\/oem-brand-200ml-sus316-panda-stainless-steel-insulated-bottle","og_locale":"es_ES","og_type":"article","og_title":"OEM brand 200ml SUS316 panda stainless steel insulated bottle","og_description":"OEM SUS316 insulated tea bottle with infuser, 200\/280ml leak-proof stainless steel thermo cup for wholesale and private label brands.","og_url":"https:\/\/www.dillerbottle.com\/es\/productos\/oem-brand-200ml-sus316-panda-stainless-steel-insulated-bottle","og_site_name":"Diller Water Bottle Manufacturer","article_modified_time":"2026-02-12T08:10:43+00:00","og_image":[{"width":800,"height":800,"url":"https:\/\/www.dillerbottle.com\/wp-content\/uploads\/2026\/02\/oem-brand-200-ml-sus316-panda-stainless-steel-insulated-bottle-9314-1.jpg","type":"image\/jpeg"}],"twitter_card":"summary_large_image","twitter_misc":{"Tiempo de lectura":"3 minutos"},"schema":{"@context":"https:\/\/schema.org","@graph":[{"@type":"WebPage","@id":"https:\/\/www.dillerbottle.com\/products\/oem-brand-200ml-sus316-panda-stainless-steel-insulated-bottle","url":"https:\/\/www.dillerbottle.com\/products\/oem-brand-200ml-sus316-panda-stainless-steel-insulated-bottle","name":"marca oem 200ml sus316 botella aislante de acero inoxidable panda","isPartOf":{"@id":"https:\/\/www.dillerbottle.com\/#website"},"primaryImageOfPage":{"@id":"https:\/\/www.dillerbottle.com\/products\/oem-brand-200ml-sus316-panda-stainless-steel-insulated-bottle#primaryimage"},"image":{"@id":"https:\/\/www.dillerbottle.com\/products\/oem-brand-200ml-sus316-panda-stainless-steel-insulated-bottle#primaryimage"},"thumbnailUrl":"https:\/\/www.dillerbottle.com\/wp-content\/uploads\/2026\/02\/oem-brand-200-ml-sus316-panda-stainless-steel-insulated-bottle-9314-1.jpg","datePublished":"2026-02-12T06:09:12+00:00","dateModified":"2026-02-12T08:10:43+00:00","description":"OEM SUS316 aislado botella de t\u00e9 con infusor, 200\/280ml a prueba de fugas taza termo de acero inoxidable para la venta al por mayor y marcas de etiqueta privada.","breadcrumb":{"@id":"https:\/\/www.dillerbottle.com\/products\/oem-brand-200ml-sus316-panda-stainless-steel-insulated-bottle#breadcrumb"},"inLanguage":"es","potentialAction":[{"@type":"ReadAction","target":["https:\/\/www.dillerbottle.com\/products\/oem-brand-200ml-sus316-panda-stainless-steel-insulated-bottle"]}]},{"@type":"ImageObject","inLanguage":"es","@id":"https:\/\/www.dillerbottle.com\/products\/oem-brand-200ml-sus316-panda-stainless-steel-insulated-bottle#primaryimage","url":"https:\/\/www.dillerbottle.com\/wp-content\/uploads\/2026\/02\/oem-brand-200-ml-sus316-panda-stainless-steel-insulated-bottle-9314-1.jpg","contentUrl":"https:\/\/www.dillerbottle.com\/wp-content\/uploads\/2026\/02\/oem-brand-200-ml-sus316-panda-stainless-steel-insulated-bottle-9314-1.jpg","width":800,"height":800},{"@type":"BreadcrumbList","@id":"https:\/\/www.dillerbottle.com\/products\/oem-brand-200ml-sus316-panda-stainless-steel-insulated-bottle#breadcrumb","itemListElement":[{"@type":"ListItem","position":1,"name":"Home","item":"https:\/\/www.dillerbottle.com\/"},{"@type":"ListItem","position":2,"name":"Products","item":"https:\/\/www.dillerbottle.com\/shop"},{"@type":"ListItem","position":3,"name":"OEM brand 200ml SUS316 panda stainless steel insulated bottle"}]},{"@type":"WebSite","@id":"https:\/\/www.dillerbottle.com\/#website","url":"https:\/\/www.dillerbottle.com\/","name":"Fabricante de botellas de agua Diller","description":"Fabricante de botellas de agua","publisher":{"@id":"https:\/\/www.dillerbottle.com\/#organization"},"potentialAction":[{"@type":"SearchAction","target":{"@type":"EntryPoint","urlTemplate":"https:\/\/www.dillerbottle.com\/?s={search_term_string}"},"query-input":{"@type":"PropertyValueSpecification","valueRequired":true,"valueName":"search_term_string"}}],"inLanguage":"es"},{"@type":"Organization","@id":"https:\/\/www.dillerbottle.com\/#organization","name":"Fabricante de botellas de agua Diller","url":"https:\/\/www.dillerbottle.com\/","logo":{"@type":"ImageObject","inLanguage":"es","@id":"https:\/\/www.dillerbottle.com\/#\/schema\/logo\/image\/","url":"https:\/\/www.dillerbottle.com\/wp-content\/uploads\/2024\/09\/49918bfa848dcc1e9f8b509933603ac.png","contentUrl":"https:\/\/www.dillerbottle.com\/wp-content\/uploads\/2024\/09\/49918bfa848dcc1e9f8b509933603ac.png","width":988,"height":198,"caption":"Diller Water Bottle Manufacturer"},"image":{"@id":"https:\/\/www.dillerbottle.com\/#\/schema\/logo\/image\/"}}]}},"_links":{"self":[{"href":"https:\/\/www.dillerbottle.com\/es\/wp-json\/wp\/v2\/product\/17694","targetHints":{"allow":["GET"]}}],"collection":[{"href":"https:\/\/www.dillerbottle.com\/es\/wp-json\/wp\/v2\/product"}],"about":[{"href":"https:\/\/www.dillerbottle.com\/es\/wp-json\/wp\/v2\/types\/product"}],"replies":[{"embeddable":true,"href":"https:\/\/www.dillerbottle.com\/es\/wp-json\/wp\/v2\/comments?post=17694"}],"wp:featuredmedia":[{"embeddable":true,"href":"https:\/\/www.dillerbottle.com\/es\/wp-json\/wp\/v2\/media\/17699"}],"wp:attachment":[{"href":"https:\/\/www.dillerbottle.com\/es\/wp-json\/wp\/v2\/media?parent=17694"}],"wp:term":[{"taxonomy":"product_brand","embeddable":true,"href":"https:\/\/www.dillerbottle.com\/es\/wp-json\/wp\/v2\/product_brand?post=17694"},{"taxonomy":"product_cat","embeddable":true,"href":"https:\/\/www.dillerbottle.com\/es\/wp-json\/wp\/v2\/product_cat?post=17694"},{"taxonomy":"product_tag","embeddable":true,"href":"https:\/\/www.dillerbottle.com\/es\/wp-json\/wp\/v2\/product_tag?post=17694"}],"curies":[{"name":"Gracias","href":"https:\/\/api.w.org\/{rel}","templated":true}]}}