{"id":17709,"date":"2026-02-12T16:13:56","date_gmt":"2026-02-12T08:13:56","guid":{"rendered":"https:\/\/www.dillerbottle.com\/?post_type=product&#038;p=17709"},"modified":"2026-02-12T16:21:54","modified_gmt":"2026-02-12T08:21:54","slug":"botella-aislante-oem-de-acero-inoxidable-de-600-ml-con-doble-tapa-para-beber","status":"publish","type":"product","link":"https:\/\/www.dillerbottle.com\/es\/products\/oem-600ml-stainless-steel-insulated-bottle-with-dual-drinking-lid","title":{"rendered":"OEM Botella isot\u00e9rmica de acero inoxidable de 600 ml con doble tapa para beber"},"content":{"rendered":"<p data-start=\"581\" data-end=\"779\">La botella isot\u00e9rmica DILLER D9312 es un vaso t\u00e9rmico de acero inoxidable de 600 ml dise\u00f1ado para marcas y distribuidores que buscan soluciones de bebida OEM fiables para los mercados de estilo de vida, estudiantil y promocional.<\/p>\n<p data-start=\"781\" data-end=\"1051\">Construido con un revestimiento interior de acero inoxidable SUS304, este modelo garantiza un rendimiento seguro en contacto con los alimentos, resistencia a la corrosi\u00f3n y durabilidad a largo plazo. La estructura de aislamiento al vac\u00edo de doble pared mantiene eficazmente la temperatura de las bebidas fr\u00edas y calientes.<\/p>\n<p data-start=\"1053\" data-end=\"1330\">La tapa presenta dos m\u00e9todos para beber, que permiten a los usuarios sorber directamente o utilizar una abertura tipo pajita, lo que mejora la funcionalidad en diferentes escenarios de uso. La estructura sellada permite invertir la botella sin que se produzcan fugas, lo que garantiza un transporte seguro en bolsas y mochilas.<\/p>\n<p data-start=\"1332\" data-end=\"1574\">El dise\u00f1o de cuerda port\u00e1til aumenta la comodidad para viajar, ir al colegio, realizar actividades al aire libre y los desplazamientos diarios. La superficie exterior admite la impresi\u00f3n de logotipos y la personalizaci\u00f3n de colores, lo que la hace id\u00f3nea para proyectos de desarrollo de marcas privadas.<\/p>\n<p data-start=\"1576\" data-end=\"1600\">Este modelo es ideal para:<\/p>\n<ul data-start=\"1602\" data-end=\"1769\">\n<li data-start=\"1602\" data-end=\"1630\">\n<p data-start=\"1604\" data-end=\"1630\">Marcas de bebidas para estudiantes<\/p>\n<\/li>\n<li data-start=\"1631\" data-end=\"1661\">\n<p data-start=\"1633\" data-end=\"1661\">Proveedores de regalos promocionales<\/p>\n<\/li>\n<li data-start=\"1662\" data-end=\"1695\">\n<p data-start=\"1664\" data-end=\"1695\">Distribuidores de deportes y aire libre<\/p>\n<\/li>\n<li data-start=\"1696\" data-end=\"1732\">\n<p data-start=\"1698\" data-end=\"1732\">Marcas blancas de menaje de cocina<\/p>\n<\/li>\n<li data-start=\"1733\" data-end=\"1769\">\n<p data-start=\"1735\" data-end=\"1769\">Importadores de botellas de acero inoxidable<\/p>\n<\/li>\n<\/ul>\n<p data-start=\"1771\" data-end=\"1903\">Disponemos de servicios OEM y ODM, como impresi\u00f3n de logotipos, personalizaci\u00f3n de embalajes, ajustes estructurales y desarrollo de colores.<\/p>","protected":false},"excerpt":{"rendered":"<p>Botella aislada de acero inoxidable de 600 ml con dos m\u00e9todos para beber, dise\u00f1o a prueba de fugas y cuerda port\u00e1til. Ideal para OEM, marcas blancas y proyectos de bebidas al por mayor.<\/p>","protected":false},"featured_media":17710,"comment_status":"open","ping_status":"closed","template":"","meta":{"_acf_changed":false},"product_brand":[],"product_cat":[18],"product_tag":[1029],"class_list":{"0":"post-17709","1":"product","2":"type-product","3":"status-publish","4":"has-post-thumbnail","6":"product_cat-insulated-water-bottle","7":"product_tag-stainless-vacuum-water-bottle","9":"first","10":"instock","11":"shipping-taxable","12":"product-type-simple"},"acf":[],"yoast_head":"<!-- This site is optimized with the Yoast SEO Premium plugin v27.4 (Yoast SEO v27.4) - https:\/\/yoast.com\/product\/yoast-seo-premium-wordpress\/ -->\n<title>OEM 600ml Stainless Steel Insulated Bottle with Dual Drinking Lid - Diller Water Bottle Manufacturer<\/title>\n<meta name=\"description\" content=\"OEM 600ml stainless steel insulated bottle with dual drinking lid, leak-proof thermo cup for wholesale and private label brands.\" \/>\n<meta name=\"robots\" content=\"index, follow, max-snippet:-1, max-image-preview:large, max-video-preview:-1\" \/>\n<link rel=\"canonical\" href=\"https:\/\/www.dillerbottle.com\/es\/productos\/botella-aislante-oem-de-acero-inoxidable-de-600-ml-con-doble-tapa-para-beber\" \/>\n<meta property=\"og:locale\" content=\"es_ES\" \/>\n<meta property=\"og:type\" content=\"article\" \/>\n<meta property=\"og:title\" content=\"OEM 600ml Stainless Steel Insulated Bottle with Dual Drinking Lid\" \/>\n<meta property=\"og:description\" content=\"OEM 600ml stainless steel insulated bottle with dual drinking lid, leak-proof thermo cup for wholesale and private label brands.\" \/>\n<meta property=\"og:url\" content=\"https:\/\/www.dillerbottle.com\/es\/productos\/botella-aislante-oem-de-acero-inoxidable-de-600-ml-con-doble-tapa-para-beber\" \/>\n<meta property=\"og:site_name\" content=\"Diller Water Bottle Manufacturer\" \/>\n<meta property=\"article:modified_time\" content=\"2026-02-12T08:21:54+00:00\" \/>\n<meta property=\"og:image\" content=\"https:\/\/www.dillerbottle.com\/wp-content\/uploads\/2026\/02\/oem-600ml-stainless-steel-insulated-bottle-with-dual-drinking-lid-9312-1.jpg\" \/>\n\t<meta property=\"og:image:width\" content=\"800\" \/>\n\t<meta property=\"og:image:height\" content=\"800\" \/>\n\t<meta property=\"og:image:type\" content=\"image\/jpeg\" \/>\n<meta name=\"twitter:card\" content=\"summary_large_image\" \/>\n<meta name=\"twitter:label1\" content=\"Tiempo de lectura\" \/>\n\t<meta name=\"twitter:data1\" content=\"4 minutos\" \/>\n<script type=\"application\/ld+json\" class=\"yoast-schema-graph\">{\"@context\":\"https:\\\/\\\/schema.org\",\"@graph\":[{\"@type\":\"WebPage\",\"@id\":\"https:\\\/\\\/www.dillerbottle.com\\\/products\\\/oem-600ml-stainless-steel-insulated-bottle-with-dual-drinking-lid\",\"url\":\"https:\\\/\\\/www.dillerbottle.com\\\/products\\\/oem-600ml-stainless-steel-insulated-bottle-with-dual-drinking-lid\",\"name\":\"OEM 600ml Stainless Steel Insulated Bottle with Dual Drinking Lid - Diller Water Bottle Manufacturer\",\"isPartOf\":{\"@id\":\"https:\\\/\\\/www.dillerbottle.com\\\/#website\"},\"primaryImageOfPage\":{\"@id\":\"https:\\\/\\\/www.dillerbottle.com\\\/products\\\/oem-600ml-stainless-steel-insulated-bottle-with-dual-drinking-lid#primaryimage\"},\"image\":{\"@id\":\"https:\\\/\\\/www.dillerbottle.com\\\/products\\\/oem-600ml-stainless-steel-insulated-bottle-with-dual-drinking-lid#primaryimage\"},\"thumbnailUrl\":\"https:\\\/\\\/www.dillerbottle.com\\\/wp-content\\\/uploads\\\/2026\\\/02\\\/oem-600ml-stainless-steel-insulated-bottle-with-dual-drinking-lid-9312-1.jpg\",\"datePublished\":\"2026-02-12T08:13:56+00:00\",\"dateModified\":\"2026-02-12T08:21:54+00:00\",\"description\":\"OEM 600ml stainless steel insulated bottle with dual drinking lid, leak-proof thermo cup for wholesale and private label brands.\",\"breadcrumb\":{\"@id\":\"https:\\\/\\\/www.dillerbottle.com\\\/products\\\/oem-600ml-stainless-steel-insulated-bottle-with-dual-drinking-lid#breadcrumb\"},\"inLanguage\":\"es\",\"potentialAction\":[{\"@type\":\"ReadAction\",\"target\":[\"https:\\\/\\\/www.dillerbottle.com\\\/products\\\/oem-600ml-stainless-steel-insulated-bottle-with-dual-drinking-lid\"]}]},{\"@type\":\"ImageObject\",\"inLanguage\":\"es\",\"@id\":\"https:\\\/\\\/www.dillerbottle.com\\\/products\\\/oem-600ml-stainless-steel-insulated-bottle-with-dual-drinking-lid#primaryimage\",\"url\":\"https:\\\/\\\/www.dillerbottle.com\\\/wp-content\\\/uploads\\\/2026\\\/02\\\/oem-600ml-stainless-steel-insulated-bottle-with-dual-drinking-lid-9312-1.jpg\",\"contentUrl\":\"https:\\\/\\\/www.dillerbottle.com\\\/wp-content\\\/uploads\\\/2026\\\/02\\\/oem-600ml-stainless-steel-insulated-bottle-with-dual-drinking-lid-9312-1.jpg\",\"width\":800,\"height\":800},{\"@type\":\"BreadcrumbList\",\"@id\":\"https:\\\/\\\/www.dillerbottle.com\\\/products\\\/oem-600ml-stainless-steel-insulated-bottle-with-dual-drinking-lid#breadcrumb\",\"itemListElement\":[{\"@type\":\"ListItem\",\"position\":1,\"name\":\"Home\",\"item\":\"https:\\\/\\\/www.dillerbottle.com\\\/\"},{\"@type\":\"ListItem\",\"position\":2,\"name\":\"Products\",\"item\":\"https:\\\/\\\/www.dillerbottle.com\\\/shop\"},{\"@type\":\"ListItem\",\"position\":3,\"name\":\"OEM 600ml Stainless Steel Insulated Bottle with Dual Drinking Lid\"}]},{\"@type\":\"WebSite\",\"@id\":\"https:\\\/\\\/www.dillerbottle.com\\\/#website\",\"url\":\"https:\\\/\\\/www.dillerbottle.com\\\/\",\"name\":\"Diller Water Bottle Manufacturer\",\"description\":\"Water Bottle Manufacturer\",\"publisher\":{\"@id\":\"https:\\\/\\\/www.dillerbottle.com\\\/#organization\"},\"potentialAction\":[{\"@type\":\"SearchAction\",\"target\":{\"@type\":\"EntryPoint\",\"urlTemplate\":\"https:\\\/\\\/www.dillerbottle.com\\\/?s={search_term_string}\"},\"query-input\":{\"@type\":\"PropertyValueSpecification\",\"valueRequired\":true,\"valueName\":\"search_term_string\"}}],\"inLanguage\":\"es\"},{\"@type\":\"Organization\",\"@id\":\"https:\\\/\\\/www.dillerbottle.com\\\/#organization\",\"name\":\"Diller Water Bottle Manufacturer\",\"url\":\"https:\\\/\\\/www.dillerbottle.com\\\/\",\"logo\":{\"@type\":\"ImageObject\",\"inLanguage\":\"es\",\"@id\":\"https:\\\/\\\/www.dillerbottle.com\\\/#\\\/schema\\\/logo\\\/image\\\/\",\"url\":\"https:\\\/\\\/www.dillerbottle.com\\\/wp-content\\\/uploads\\\/2024\\\/09\\\/49918bfa848dcc1e9f8b509933603ac.png\",\"contentUrl\":\"https:\\\/\\\/www.dillerbottle.com\\\/wp-content\\\/uploads\\\/2024\\\/09\\\/49918bfa848dcc1e9f8b509933603ac.png\",\"width\":988,\"height\":198,\"caption\":\"Diller Water Bottle Manufacturer\"},\"image\":{\"@id\":\"https:\\\/\\\/www.dillerbottle.com\\\/#\\\/schema\\\/logo\\\/image\\\/\"}}]}<\/script>\n<!-- \/ Yoast SEO Premium plugin. -->","yoast_head_json":{"title":"OEM 600ml Botella de acero inoxidable aislado con doble tapa para beber - Diller Botella de agua Fabricante","description":"Botella isot\u00e9rmica OEM de acero inoxidable de 600 ml con doble tapa para beber, vaso t\u00e9rmico a prueba de fugas para marcas mayoristas y privadas.","robots":{"index":"index","follow":"follow","max-snippet":"max-snippet:-1","max-image-preview":"max-image-preview:large","max-video-preview":"max-video-preview:-1"},"canonical":"https:\/\/www.dillerbottle.com\/es\/productos\/botella-aislante-oem-de-acero-inoxidable-de-600-ml-con-doble-tapa-para-beber","og_locale":"es_ES","og_type":"article","og_title":"OEM 600ml Stainless Steel Insulated Bottle with Dual Drinking Lid","og_description":"OEM 600ml stainless steel insulated bottle with dual drinking lid, leak-proof thermo cup for wholesale and private label brands.","og_url":"https:\/\/www.dillerbottle.com\/es\/productos\/botella-aislante-oem-de-acero-inoxidable-de-600-ml-con-doble-tapa-para-beber","og_site_name":"Diller Water Bottle Manufacturer","article_modified_time":"2026-02-12T08:21:54+00:00","og_image":[{"width":800,"height":800,"url":"https:\/\/www.dillerbottle.com\/wp-content\/uploads\/2026\/02\/oem-600ml-stainless-steel-insulated-bottle-with-dual-drinking-lid-9312-1.jpg","type":"image\/jpeg"}],"twitter_card":"summary_large_image","twitter_misc":{"Tiempo de lectura":"4 minutos"},"schema":{"@context":"https:\/\/schema.org","@graph":[{"@type":"WebPage","@id":"https:\/\/www.dillerbottle.com\/products\/oem-600ml-stainless-steel-insulated-bottle-with-dual-drinking-lid","url":"https:\/\/www.dillerbottle.com\/products\/oem-600ml-stainless-steel-insulated-bottle-with-dual-drinking-lid","name":"OEM 600ml Botella de acero inoxidable aislado con doble tapa para beber - Diller Botella de agua Fabricante","isPartOf":{"@id":"https:\/\/www.dillerbottle.com\/#website"},"primaryImageOfPage":{"@id":"https:\/\/www.dillerbottle.com\/products\/oem-600ml-stainless-steel-insulated-bottle-with-dual-drinking-lid#primaryimage"},"image":{"@id":"https:\/\/www.dillerbottle.com\/products\/oem-600ml-stainless-steel-insulated-bottle-with-dual-drinking-lid#primaryimage"},"thumbnailUrl":"https:\/\/www.dillerbottle.com\/wp-content\/uploads\/2026\/02\/oem-600ml-stainless-steel-insulated-bottle-with-dual-drinking-lid-9312-1.jpg","datePublished":"2026-02-12T08:13:56+00:00","dateModified":"2026-02-12T08:21:54+00:00","description":"Botella isot\u00e9rmica OEM de acero inoxidable de 600 ml con doble tapa para beber, vaso t\u00e9rmico a prueba de fugas para marcas mayoristas y privadas.","breadcrumb":{"@id":"https:\/\/www.dillerbottle.com\/products\/oem-600ml-stainless-steel-insulated-bottle-with-dual-drinking-lid#breadcrumb"},"inLanguage":"es","potentialAction":[{"@type":"ReadAction","target":["https:\/\/www.dillerbottle.com\/products\/oem-600ml-stainless-steel-insulated-bottle-with-dual-drinking-lid"]}]},{"@type":"ImageObject","inLanguage":"es","@id":"https:\/\/www.dillerbottle.com\/products\/oem-600ml-stainless-steel-insulated-bottle-with-dual-drinking-lid#primaryimage","url":"https:\/\/www.dillerbottle.com\/wp-content\/uploads\/2026\/02\/oem-600ml-stainless-steel-insulated-bottle-with-dual-drinking-lid-9312-1.jpg","contentUrl":"https:\/\/www.dillerbottle.com\/wp-content\/uploads\/2026\/02\/oem-600ml-stainless-steel-insulated-bottle-with-dual-drinking-lid-9312-1.jpg","width":800,"height":800},{"@type":"BreadcrumbList","@id":"https:\/\/www.dillerbottle.com\/products\/oem-600ml-stainless-steel-insulated-bottle-with-dual-drinking-lid#breadcrumb","itemListElement":[{"@type":"ListItem","position":1,"name":"Home","item":"https:\/\/www.dillerbottle.com\/"},{"@type":"ListItem","position":2,"name":"Products","item":"https:\/\/www.dillerbottle.com\/shop"},{"@type":"ListItem","position":3,"name":"OEM 600ml Stainless Steel Insulated Bottle with Dual Drinking Lid"}]},{"@type":"WebSite","@id":"https:\/\/www.dillerbottle.com\/#website","url":"https:\/\/www.dillerbottle.com\/","name":"Fabricante de botellas de agua Diller","description":"Fabricante de botellas de agua","publisher":{"@id":"https:\/\/www.dillerbottle.com\/#organization"},"potentialAction":[{"@type":"SearchAction","target":{"@type":"EntryPoint","urlTemplate":"https:\/\/www.dillerbottle.com\/?s={search_term_string}"},"query-input":{"@type":"PropertyValueSpecification","valueRequired":true,"valueName":"search_term_string"}}],"inLanguage":"es"},{"@type":"Organization","@id":"https:\/\/www.dillerbottle.com\/#organization","name":"Fabricante de botellas de agua Diller","url":"https:\/\/www.dillerbottle.com\/","logo":{"@type":"ImageObject","inLanguage":"es","@id":"https:\/\/www.dillerbottle.com\/#\/schema\/logo\/image\/","url":"https:\/\/www.dillerbottle.com\/wp-content\/uploads\/2024\/09\/49918bfa848dcc1e9f8b509933603ac.png","contentUrl":"https:\/\/www.dillerbottle.com\/wp-content\/uploads\/2024\/09\/49918bfa848dcc1e9f8b509933603ac.png","width":988,"height":198,"caption":"Diller Water Bottle Manufacturer"},"image":{"@id":"https:\/\/www.dillerbottle.com\/#\/schema\/logo\/image\/"}}]}},"_links":{"self":[{"href":"https:\/\/www.dillerbottle.com\/es\/wp-json\/wp\/v2\/product\/17709","targetHints":{"allow":["GET"]}}],"collection":[{"href":"https:\/\/www.dillerbottle.com\/es\/wp-json\/wp\/v2\/product"}],"about":[{"href":"https:\/\/www.dillerbottle.com\/es\/wp-json\/wp\/v2\/types\/product"}],"replies":[{"embeddable":true,"href":"https:\/\/www.dillerbottle.com\/es\/wp-json\/wp\/v2\/comments?post=17709"}],"wp:featuredmedia":[{"embeddable":true,"href":"https:\/\/www.dillerbottle.com\/es\/wp-json\/wp\/v2\/media\/17710"}],"wp:attachment":[{"href":"https:\/\/www.dillerbottle.com\/es\/wp-json\/wp\/v2\/media?parent=17709"}],"wp:term":[{"taxonomy":"product_brand","embeddable":true,"href":"https:\/\/www.dillerbottle.com\/es\/wp-json\/wp\/v2\/product_brand?post=17709"},{"taxonomy":"product_cat","embeddable":true,"href":"https:\/\/www.dillerbottle.com\/es\/wp-json\/wp\/v2\/product_cat?post=17709"},{"taxonomy":"product_tag","embeddable":true,"href":"https:\/\/www.dillerbottle.com\/es\/wp-json\/wp\/v2\/product_tag?post=17709"}],"curies":[{"name":"Gracias","href":"https:\/\/api.w.org\/{rel}","templated":true}]}}