{"id":17725,"date":"2026-02-12T16:55:46","date_gmt":"2026-02-12T08:55:46","guid":{"rendered":"https:\/\/www.dillerbottle.com\/?post_type=product&#038;p=17725"},"modified":"2026-02-12T17:02:08","modified_gmt":"2026-02-12T09:02:08","slug":"oem-480ml-sus316l-stainless-steel-insulated-bottle-with-dual-drink-lid","status":"publish","type":"product","link":"https:\/\/www.dillerbottle.com\/es\/products\/oem-480ml-sus316l-stainless-steel-insulated-bottle-with-dual-drink-lid","title":{"rendered":"Botella aislante de acero inoxidable OEM SUS316L de 480 ml con tapa para dos bebidas"},"content":{"rendered":"<p data-start=\"631\" data-end=\"794\">La botella isot\u00e9rmica DILLER D9317 es un vaso t\u00e9rmico premium de acero inoxidable de 480 ml desarrollado para marcas y distribuidores que buscan soluciones de bebidas OEM de alta calidad.<\/p>\n<p data-start=\"796\" data-end=\"1049\">El revestimiento interior est\u00e1 fabricado en acero inoxidable SUS316L, que ofrece una mayor resistencia a la corrosi\u00f3n y una mayor durabilidad en comparaci\u00f3n con los materiales 304 est\u00e1ndar. Esto hace que el producto sea adecuado para el uso diario a largo plazo y los mercados de marcas blancas de gama alta.<\/p>\n<p data-start=\"1051\" data-end=\"1293\">La estructura de aislamiento al vac\u00edo de doble pared mantiene eficazmente la temperatura de las bebidas, tanto fr\u00edas como calientes. El dise\u00f1o de tapa de doble bebida admite dos m\u00e9todos de bebida, mientras que el mecanismo de apertura de la tapa con un solo clic mejora la comodidad del usuario.<\/p>\n<p data-start=\"1295\" data-end=\"1607\">La estructura sellada garantiza un uso invertido sin fugas, lo que la hace fiable para desplazamientos, viajes, la escuela y aplicaciones al aire libre. Entre los detalles funcionales adicionales se incluyen una cuerda port\u00e1til para facilitar el transporte, una funda de copa antideslizante para un mejor agarre y una almohadilla inferior de silicona para la protecci\u00f3n de la superficie y la estabilidad.<\/p>\n<p data-start=\"1609\" data-end=\"1636\">Este modelo es adecuado para:<\/p>\n<ul data-start=\"1638\" data-end=\"1818\">\n<li data-start=\"1638\" data-end=\"1670\">\n<p data-start=\"1640\" data-end=\"1670\">Marcas blancas de primera calidad<\/p>\n<\/li>\n<li data-start=\"1671\" data-end=\"1713\">\n<p data-start=\"1673\" data-end=\"1713\">Distribuidores de bebidas de acero inoxidable<\/p>\n<\/li>\n<li data-start=\"1714\" data-end=\"1752\">\n<p data-start=\"1716\" data-end=\"1752\">Proveedores de productos deportivos y de exterior<\/p>\n<\/li>\n<li data-start=\"1753\" data-end=\"1783\">\n<p data-start=\"1755\" data-end=\"1783\">Empresas de regalos promocionales<\/p>\n<\/li>\n<li data-start=\"1784\" data-end=\"1818\">\n<p data-start=\"1786\" data-end=\"1818\">Marcas de comercio electr\u00f3nico transfronterizo<\/p>\n<\/li>\n<\/ul>\n<p data-start=\"1820\" data-end=\"1952\">Disponemos de servicios completos de OEM y ODM, que incluyen impresi\u00f3n de logotipos, personalizaci\u00f3n de colores, dise\u00f1o de envases y desarrollo estructural.<\/p>","protected":false},"excerpt":{"rendered":"<p>Botella aislada al vac\u00edo de 480 ml con revestimiento interior de acero inoxidable SUS316L, tapa de doble bebida, apertura con un solo clic y dise\u00f1o a prueba de fugas. Ideal para proyectos OEM y mayoristas de bebidas de acero inoxidable.<\/p>","protected":false},"featured_media":17729,"comment_status":"open","ping_status":"closed","template":"","meta":{"_acf_changed":false},"product_brand":[],"product_cat":[18],"product_tag":[1029],"class_list":{"0":"post-17725","1":"product","2":"type-product","3":"status-publish","4":"has-post-thumbnail","6":"product_cat-insulated-water-bottle","7":"product_tag-stainless-vacuum-water-bottle","9":"first","10":"instock","11":"shipping-taxable","12":"product-type-simple"},"acf":[],"yoast_head":"<!-- This site is optimized with the Yoast SEO Premium plugin v27.6 (Yoast SEO v27.6) - https:\/\/yoast.com\/product\/yoast-seo-premium-wordpress\/ -->\n<title>OEM 480ml SUS316L Stainless Steel Insulated Bottle with Dual-Drink Lid - Diller Water Bottle Manufacturer<\/title>\n<meta name=\"description\" content=\"OEM 480ml SUS316L insulated bottle with dual-drink lid, one-click leak-proof stainless steel thermo cup for wholesale brands.\" \/>\n<meta name=\"robots\" content=\"index, follow, max-snippet:-1, max-image-preview:large, max-video-preview:-1\" \/>\n<link rel=\"canonical\" href=\"https:\/\/www.dillerbottle.com\/es\/productos\/oem-480ml-sus316l-stainless-steel-insulated-bottle-with-dual-drink-lid\" \/>\n<meta property=\"og:locale\" content=\"es_ES\" \/>\n<meta property=\"og:type\" content=\"article\" \/>\n<meta property=\"og:title\" content=\"OEM 480ml SUS316L Stainless Steel Insulated Bottle with Dual-Drink Lid\" \/>\n<meta property=\"og:description\" content=\"OEM 480ml SUS316L insulated bottle with dual-drink lid, one-click leak-proof stainless steel thermo cup for wholesale brands.\" \/>\n<meta property=\"og:url\" content=\"https:\/\/www.dillerbottle.com\/es\/productos\/oem-480ml-sus316l-stainless-steel-insulated-bottle-with-dual-drink-lid\" \/>\n<meta property=\"og:site_name\" content=\"Diller Water Bottle Manufacturer\" \/>\n<meta property=\"article:modified_time\" content=\"2026-02-12T09:02:08+00:00\" \/>\n<meta property=\"og:image\" content=\"https:\/\/www.dillerbottle.com\/wp-content\/uploads\/2026\/02\/oem-480ml-sus316l-stainless-steel-insulated-bottle-with-dual-drink-lid-9317-1.jpg\" \/>\n\t<meta property=\"og:image:width\" content=\"800\" \/>\n\t<meta property=\"og:image:height\" content=\"800\" \/>\n\t<meta property=\"og:image:type\" content=\"image\/jpeg\" \/>\n<meta name=\"twitter:card\" content=\"summary_large_image\" \/>\n<meta name=\"twitter:label1\" content=\"Tiempo de lectura\" \/>\n\t<meta name=\"twitter:data1\" content=\"4 minutos\" \/>\n<script type=\"application\/ld+json\" class=\"yoast-schema-graph\">{\"@context\":\"https:\\\/\\\/schema.org\",\"@graph\":[{\"@type\":\"WebPage\",\"@id\":\"https:\\\/\\\/www.dillerbottle.com\\\/products\\\/oem-480ml-sus316l-stainless-steel-insulated-bottle-with-dual-drink-lid\",\"url\":\"https:\\\/\\\/www.dillerbottle.com\\\/products\\\/oem-480ml-sus316l-stainless-steel-insulated-bottle-with-dual-drink-lid\",\"name\":\"OEM 480ml SUS316L Stainless Steel Insulated Bottle with Dual-Drink Lid - Diller Water Bottle Manufacturer\",\"isPartOf\":{\"@id\":\"https:\\\/\\\/www.dillerbottle.com\\\/#website\"},\"primaryImageOfPage\":{\"@id\":\"https:\\\/\\\/www.dillerbottle.com\\\/products\\\/oem-480ml-sus316l-stainless-steel-insulated-bottle-with-dual-drink-lid#primaryimage\"},\"image\":{\"@id\":\"https:\\\/\\\/www.dillerbottle.com\\\/products\\\/oem-480ml-sus316l-stainless-steel-insulated-bottle-with-dual-drink-lid#primaryimage\"},\"thumbnailUrl\":\"https:\\\/\\\/www.dillerbottle.com\\\/wp-content\\\/uploads\\\/2026\\\/02\\\/oem-480ml-sus316l-stainless-steel-insulated-bottle-with-dual-drink-lid-9317-1.jpg\",\"datePublished\":\"2026-02-12T08:55:46+00:00\",\"dateModified\":\"2026-02-12T09:02:08+00:00\",\"description\":\"OEM 480ml SUS316L insulated bottle with dual-drink lid, one-click leak-proof stainless steel thermo cup for wholesale brands.\",\"breadcrumb\":{\"@id\":\"https:\\\/\\\/www.dillerbottle.com\\\/products\\\/oem-480ml-sus316l-stainless-steel-insulated-bottle-with-dual-drink-lid#breadcrumb\"},\"inLanguage\":\"es\",\"potentialAction\":[{\"@type\":\"ReadAction\",\"target\":[\"https:\\\/\\\/www.dillerbottle.com\\\/products\\\/oem-480ml-sus316l-stainless-steel-insulated-bottle-with-dual-drink-lid\"]}]},{\"@type\":\"ImageObject\",\"inLanguage\":\"es\",\"@id\":\"https:\\\/\\\/www.dillerbottle.com\\\/products\\\/oem-480ml-sus316l-stainless-steel-insulated-bottle-with-dual-drink-lid#primaryimage\",\"url\":\"https:\\\/\\\/www.dillerbottle.com\\\/wp-content\\\/uploads\\\/2026\\\/02\\\/oem-480ml-sus316l-stainless-steel-insulated-bottle-with-dual-drink-lid-9317-1.jpg\",\"contentUrl\":\"https:\\\/\\\/www.dillerbottle.com\\\/wp-content\\\/uploads\\\/2026\\\/02\\\/oem-480ml-sus316l-stainless-steel-insulated-bottle-with-dual-drink-lid-9317-1.jpg\",\"width\":800,\"height\":800},{\"@type\":\"BreadcrumbList\",\"@id\":\"https:\\\/\\\/www.dillerbottle.com\\\/products\\\/oem-480ml-sus316l-stainless-steel-insulated-bottle-with-dual-drink-lid#breadcrumb\",\"itemListElement\":[{\"@type\":\"ListItem\",\"position\":1,\"name\":\"Home\",\"item\":\"https:\\\/\\\/www.dillerbottle.com\\\/\"},{\"@type\":\"ListItem\",\"position\":2,\"name\":\"Products\",\"item\":\"https:\\\/\\\/www.dillerbottle.com\\\/shop\"},{\"@type\":\"ListItem\",\"position\":3,\"name\":\"OEM 480ml SUS316L Stainless Steel Insulated Bottle with Dual-Drink Lid\"}]},{\"@type\":\"WebSite\",\"@id\":\"https:\\\/\\\/www.dillerbottle.com\\\/#website\",\"url\":\"https:\\\/\\\/www.dillerbottle.com\\\/\",\"name\":\"Diller Water Bottle Manufacturer\",\"description\":\"Water Bottle Manufacturer\",\"publisher\":{\"@id\":\"https:\\\/\\\/www.dillerbottle.com\\\/#organization\"},\"potentialAction\":[{\"@type\":\"SearchAction\",\"target\":{\"@type\":\"EntryPoint\",\"urlTemplate\":\"https:\\\/\\\/www.dillerbottle.com\\\/?s={search_term_string}\"},\"query-input\":{\"@type\":\"PropertyValueSpecification\",\"valueRequired\":true,\"valueName\":\"search_term_string\"}}],\"inLanguage\":\"es\"},{\"@type\":\"Organization\",\"@id\":\"https:\\\/\\\/www.dillerbottle.com\\\/#organization\",\"name\":\"Diller Water Bottle Manufacturer\",\"url\":\"https:\\\/\\\/www.dillerbottle.com\\\/\",\"logo\":{\"@type\":\"ImageObject\",\"inLanguage\":\"es\",\"@id\":\"https:\\\/\\\/www.dillerbottle.com\\\/#\\\/schema\\\/logo\\\/image\\\/\",\"url\":\"https:\\\/\\\/www.dillerbottle.com\\\/wp-content\\\/uploads\\\/2024\\\/09\\\/49918bfa848dcc1e9f8b509933603ac.png\",\"contentUrl\":\"https:\\\/\\\/www.dillerbottle.com\\\/wp-content\\\/uploads\\\/2024\\\/09\\\/49918bfa848dcc1e9f8b509933603ac.png\",\"width\":988,\"height\":198,\"caption\":\"Diller Water Bottle Manufacturer\"},\"image\":{\"@id\":\"https:\\\/\\\/www.dillerbottle.com\\\/#\\\/schema\\\/logo\\\/image\\\/\"}}]}<\/script>\n<!-- \/ Yoast SEO Premium plugin. -->","yoast_head_json":{"title":"OEM 480ml SUS316L Stainless Steel Insulated Bottle with Dual-Drink Lid - Diller Water Bottle Manufacturer","description":"oem 480ml botella aislada de acero inoxidable sus316l con tapa de doble bebida.","robots":{"index":"index","follow":"follow","max-snippet":"max-snippet:-1","max-image-preview":"max-image-preview:large","max-video-preview":"max-video-preview:-1"},"canonical":"https:\/\/www.dillerbottle.com\/es\/productos\/oem-480ml-sus316l-stainless-steel-insulated-bottle-with-dual-drink-lid","og_locale":"es_ES","og_type":"article","og_title":"OEM 480ml SUS316L Stainless Steel Insulated Bottle with Dual-Drink Lid","og_description":"OEM 480ml SUS316L insulated bottle with dual-drink lid, one-click leak-proof stainless steel thermo cup for wholesale brands.","og_url":"https:\/\/www.dillerbottle.com\/es\/productos\/oem-480ml-sus316l-stainless-steel-insulated-bottle-with-dual-drink-lid","og_site_name":"Diller Water Bottle Manufacturer","article_modified_time":"2026-02-12T09:02:08+00:00","og_image":[{"width":800,"height":800,"url":"https:\/\/www.dillerbottle.com\/wp-content\/uploads\/2026\/02\/oem-480ml-sus316l-stainless-steel-insulated-bottle-with-dual-drink-lid-9317-1.jpg","type":"image\/jpeg"}],"twitter_card":"summary_large_image","twitter_misc":{"Tiempo de lectura":"4 minutos"},"schema":{"@context":"https:\/\/schema.org","@graph":[{"@type":"WebPage","@id":"https:\/\/www.dillerbottle.com\/products\/oem-480ml-sus316l-stainless-steel-insulated-bottle-with-dual-drink-lid","url":"https:\/\/www.dillerbottle.com\/products\/oem-480ml-sus316l-stainless-steel-insulated-bottle-with-dual-drink-lid","name":"OEM 480ml SUS316L Stainless Steel Insulated Bottle with Dual-Drink Lid - Diller Water Bottle Manufacturer","isPartOf":{"@id":"https:\/\/www.dillerbottle.com\/#website"},"primaryImageOfPage":{"@id":"https:\/\/www.dillerbottle.com\/products\/oem-480ml-sus316l-stainless-steel-insulated-bottle-with-dual-drink-lid#primaryimage"},"image":{"@id":"https:\/\/www.dillerbottle.com\/products\/oem-480ml-sus316l-stainless-steel-insulated-bottle-with-dual-drink-lid#primaryimage"},"thumbnailUrl":"https:\/\/www.dillerbottle.com\/wp-content\/uploads\/2026\/02\/oem-480ml-sus316l-stainless-steel-insulated-bottle-with-dual-drink-lid-9317-1.jpg","datePublished":"2026-02-12T08:55:46+00:00","dateModified":"2026-02-12T09:02:08+00:00","description":"oem 480ml botella aislada de acero inoxidable sus316l con tapa de doble bebida.","breadcrumb":{"@id":"https:\/\/www.dillerbottle.com\/products\/oem-480ml-sus316l-stainless-steel-insulated-bottle-with-dual-drink-lid#breadcrumb"},"inLanguage":"es","potentialAction":[{"@type":"ReadAction","target":["https:\/\/www.dillerbottle.com\/products\/oem-480ml-sus316l-stainless-steel-insulated-bottle-with-dual-drink-lid"]}]},{"@type":"ImageObject","inLanguage":"es","@id":"https:\/\/www.dillerbottle.com\/products\/oem-480ml-sus316l-stainless-steel-insulated-bottle-with-dual-drink-lid#primaryimage","url":"https:\/\/www.dillerbottle.com\/wp-content\/uploads\/2026\/02\/oem-480ml-sus316l-stainless-steel-insulated-bottle-with-dual-drink-lid-9317-1.jpg","contentUrl":"https:\/\/www.dillerbottle.com\/wp-content\/uploads\/2026\/02\/oem-480ml-sus316l-stainless-steel-insulated-bottle-with-dual-drink-lid-9317-1.jpg","width":800,"height":800},{"@type":"BreadcrumbList","@id":"https:\/\/www.dillerbottle.com\/products\/oem-480ml-sus316l-stainless-steel-insulated-bottle-with-dual-drink-lid#breadcrumb","itemListElement":[{"@type":"ListItem","position":1,"name":"Home","item":"https:\/\/www.dillerbottle.com\/"},{"@type":"ListItem","position":2,"name":"Products","item":"https:\/\/www.dillerbottle.com\/shop"},{"@type":"ListItem","position":3,"name":"OEM 480ml SUS316L Stainless Steel Insulated Bottle with Dual-Drink Lid"}]},{"@type":"WebSite","@id":"https:\/\/www.dillerbottle.com\/#website","url":"https:\/\/www.dillerbottle.com\/","name":"Fabricante de botellas de agua Diller","description":"Fabricante de botellas de agua","publisher":{"@id":"https:\/\/www.dillerbottle.com\/#organization"},"potentialAction":[{"@type":"SearchAction","target":{"@type":"EntryPoint","urlTemplate":"https:\/\/www.dillerbottle.com\/?s={search_term_string}"},"query-input":{"@type":"PropertyValueSpecification","valueRequired":true,"valueName":"search_term_string"}}],"inLanguage":"es"},{"@type":"Organization","@id":"https:\/\/www.dillerbottle.com\/#organization","name":"Fabricante de botellas de agua Diller","url":"https:\/\/www.dillerbottle.com\/","logo":{"@type":"ImageObject","inLanguage":"es","@id":"https:\/\/www.dillerbottle.com\/#\/schema\/logo\/image\/","url":"https:\/\/www.dillerbottle.com\/wp-content\/uploads\/2024\/09\/49918bfa848dcc1e9f8b509933603ac.png","contentUrl":"https:\/\/www.dillerbottle.com\/wp-content\/uploads\/2024\/09\/49918bfa848dcc1e9f8b509933603ac.png","width":988,"height":198,"caption":"Diller Water Bottle Manufacturer"},"image":{"@id":"https:\/\/www.dillerbottle.com\/#\/schema\/logo\/image\/"}}]}},"_links":{"self":[{"href":"https:\/\/www.dillerbottle.com\/es\/wp-json\/wp\/v2\/product\/17725","targetHints":{"allow":["GET"]}}],"collection":[{"href":"https:\/\/www.dillerbottle.com\/es\/wp-json\/wp\/v2\/product"}],"about":[{"href":"https:\/\/www.dillerbottle.com\/es\/wp-json\/wp\/v2\/types\/product"}],"replies":[{"embeddable":true,"href":"https:\/\/www.dillerbottle.com\/es\/wp-json\/wp\/v2\/comments?post=17725"}],"wp:featuredmedia":[{"embeddable":true,"href":"https:\/\/www.dillerbottle.com\/es\/wp-json\/wp\/v2\/media\/17729"}],"wp:attachment":[{"href":"https:\/\/www.dillerbottle.com\/es\/wp-json\/wp\/v2\/media?parent=17725"}],"wp:term":[{"taxonomy":"product_brand","embeddable":true,"href":"https:\/\/www.dillerbottle.com\/es\/wp-json\/wp\/v2\/product_brand?post=17725"},{"taxonomy":"product_cat","embeddable":true,"href":"https:\/\/www.dillerbottle.com\/es\/wp-json\/wp\/v2\/product_cat?post=17725"},{"taxonomy":"product_tag","embeddable":true,"href":"https:\/\/www.dillerbottle.com\/es\/wp-json\/wp\/v2\/product_tag?post=17725"}],"curies":[{"name":"Gracias","href":"https:\/\/api.w.org\/{rel}","templated":true}]}}