{"id":2324,"date":"2024-09-25T16:43:48","date_gmt":"2024-09-25T08:43:48","guid":{"rendered":"https:\/\/demo.dillerbottle.com\/uncategorized\/octopus-design-baby-feeding-bottle"},"modified":"2025-07-10T15:55:44","modified_gmt":"2025-07-10T07:55:44","slug":"biberon-con-diseno-de-pulpo","status":"publish","type":"product","link":"https:\/\/www.dillerbottle.com\/es\/products\/octopus-design-baby-feeding-bottle","title":{"rendered":"Biber\u00f3n para beb\u00e9 con dise\u00f1o de pulpo"},"content":{"rendered":"<p>1. El biber\u00f3n con dise\u00f1o de pulpo est\u00e1 hecho de PPSU liviano y ultraduradero. El material PPSU es seguro y resistente al calor, lo que lo convierte en la mejor opci\u00f3n para biberones.<\/p>\n<p>2. El biber\u00f3n se adapta a la ergonom\u00eda y las asas curvas en ambos lados facilitan el agarre del beb\u00e9. Tambi\u00e9n est\u00e1 equipado con correas desmontables y ajustables. El dise\u00f1o de pulpo, lindo y llamativo, puede atraer mejor la atenci\u00f3n del beb\u00e9.<\/p>\n<p>3. La escala de capacidad del biber\u00f3n es m\u00e1s conveniente para preparar leche en polvo y tambi\u00e9n le permite saber cu\u00e1nto l\u00edquido ha bebido su beb\u00e9.<\/p>\n<p>4. La pajita del biber\u00f3n est\u00e1 equipada con una bola de gravedad, no importa c\u00f3mo se mueva el beb\u00e9, puede beber el l\u00edquido f\u00e1cilmente desde cualquier \u00e1ngulo.<\/p>","protected":false},"excerpt":{"rendered":"<p>Este biber\u00f3n con dise\u00f1o de pulpo est\u00e1 fabricado con PPSU y materiales de calidad alimentaria.<br \/>\nEl biber\u00f3n de leche para beb\u00e9 con capacidad de 300 ml con tapa y asa con un dise\u00f1o de pulpo v\u00edvido y encantador puede atraer la atenci\u00f3n del beb\u00e9.<br \/>\nMango de arco antideslizante, muy c\u00f3modo de usar.<br \/>\nOEM y ODM aceptables.<br \/>\nPodemos personalizar los biberones seg\u00fan sus necesidades.<br \/>\n\u00a1Bienvenido a la compra al por mayor, env\u00ede su consulta ahora!<\/p>","protected":false},"featured_media":2325,"comment_status":"open","ping_status":"closed","template":"","meta":{"_acf_changed":false},"product_brand":[],"product_cat":[77],"product_tag":[32,36,33,31,39,38,29,37,78,34,35,28,30],"class_list":{"0":"post-2324","1":"product","2":"type-product","3":"status-publish","4":"has-post-thumbnail","6":"product_cat-baby-bottles","7":"product_tag-best","8":"product_tag-bulk","9":"product_tag-buy","10":"product_tag-custom","11":"product_tag-for-sale","12":"product_tag-good-quality","13":"product_tag-manufacturers","14":"product_tag-manufacturing","15":"product_tag-octopus-design-baby-feeding-bottle","16":"product_tag-price","17":"product_tag-small","18":"product_tag-suppliers","19":"product_tag-wholesale","21":"first","22":"instock","23":"shipping-taxable","24":"product-type-simple"},"acf":[],"yoast_head":"<!-- This site is optimized with the Yoast SEO Premium plugin v27.4 (Yoast SEO v27.4) - https:\/\/yoast.com\/product\/yoast-seo-premium-wordpress\/ -->\n<title>Octopus Design Baby Feeding Bottle - Diller Water Bottle Manufacturer<\/title>\n<meta name=\"description\" content=\"As one of the best octopus design baby feeding bottle manufacturers and suppliers, we are engaged in manufacturing good quality water bottles. We warmly welcome you to wholesale or buy custom made octopus design baby feeding bottle at competitive price from us. Also, small quantity orders are acceptable.\" \/>\n<meta name=\"robots\" content=\"index, follow, max-snippet:-1, max-image-preview:large, max-video-preview:-1\" \/>\n<link rel=\"canonical\" href=\"https:\/\/www.dillerbottle.com\/es\/productos\/biberon-con-diseno-de-pulpo\" \/>\n<meta property=\"og:locale\" content=\"es_ES\" \/>\n<meta property=\"og:type\" content=\"article\" \/>\n<meta property=\"og:title\" content=\"Octopus Design Baby Feeding Bottle\" \/>\n<meta property=\"og:description\" content=\"As one of the best octopus design baby feeding bottle manufacturers and suppliers, we are engaged in manufacturing good quality water bottles. We warmly welcome you to wholesale or buy custom made octopus design baby feeding bottle at competitive price from us. Also, small quantity orders are acceptable.\" \/>\n<meta property=\"og:url\" content=\"https:\/\/www.dillerbottle.com\/es\/productos\/biberon-con-diseno-de-pulpo\" \/>\n<meta property=\"og:site_name\" content=\"Diller Water Bottle Manufacturer\" \/>\n<meta property=\"article:modified_time\" content=\"2025-07-10T07:55:44+00:00\" \/>\n<meta property=\"og:image\" content=\"https:\/\/www.dillerbottle.com\/wp-content\/uploads\/2024\/09\/octopus-design-baby-feeding-bottle4a48e2b3-49d1-4ad1-9add-5cb6205812f5.jpg\" \/>\n\t<meta property=\"og:image:width\" content=\"730\" \/>\n\t<meta property=\"og:image:height\" content=\"730\" \/>\n\t<meta property=\"og:image:type\" content=\"image\/jpeg\" \/>\n<meta name=\"twitter:card\" content=\"summary_large_image\" \/>\n<meta name=\"twitter:label1\" content=\"Tiempo de lectura\" \/>\n\t<meta name=\"twitter:data1\" content=\"6 minutos\" \/>\n<script type=\"application\/ld+json\" class=\"yoast-schema-graph\">{\"@context\":\"https:\\\/\\\/schema.org\",\"@graph\":[{\"@type\":\"WebPage\",\"@id\":\"https:\\\/\\\/www.dillerbottle.com\\\/es\\\/productos\\\/biberon-con-diseno-de-pulpo\",\"url\":\"https:\\\/\\\/www.dillerbottle.com\\\/es\\\/productos\\\/biberon-con-diseno-de-pulpo\",\"name\":\"Octopus Design Baby Feeding Bottle - Diller Water Bottle Manufacturer\",\"isPartOf\":{\"@id\":\"https:\\\/\\\/www.dillerbottle.com\\\/#website\"},\"primaryImageOfPage\":{\"@id\":\"https:\\\/\\\/www.dillerbottle.com\\\/es\\\/productos\\\/biberon-con-diseno-de-pulpo#primaryimage\"},\"image\":{\"@id\":\"https:\\\/\\\/www.dillerbottle.com\\\/es\\\/productos\\\/biberon-con-diseno-de-pulpo#primaryimage\"},\"thumbnailUrl\":\"https:\\\/\\\/www.dillerbottle.com\\\/wp-content\\\/uploads\\\/2024\\\/09\\\/octopus-design-baby-feeding-bottle4a48e2b3-49d1-4ad1-9add-5cb6205812f5.jpg\",\"datePublished\":\"2024-09-25T08:43:48+00:00\",\"dateModified\":\"2025-07-10T07:55:44+00:00\",\"description\":\"As one of the best octopus design baby feeding bottle manufacturers and suppliers, we are engaged in manufacturing good quality water bottles. We warmly welcome you to wholesale or buy custom made octopus design baby feeding bottle at competitive price from us. Also, small quantity orders are acceptable.\",\"breadcrumb\":{\"@id\":\"https:\\\/\\\/www.dillerbottle.com\\\/es\\\/productos\\\/biberon-con-diseno-de-pulpo#breadcrumb\"},\"inLanguage\":\"es\",\"potentialAction\":[{\"@type\":\"ReadAction\",\"target\":[\"https:\\\/\\\/www.dillerbottle.com\\\/es\\\/productos\\\/biberon-con-diseno-de-pulpo\"]}]},{\"@type\":\"ImageObject\",\"inLanguage\":\"es\",\"@id\":\"https:\\\/\\\/www.dillerbottle.com\\\/es\\\/productos\\\/biberon-con-diseno-de-pulpo#primaryimage\",\"url\":\"https:\\\/\\\/www.dillerbottle.com\\\/wp-content\\\/uploads\\\/2024\\\/09\\\/octopus-design-baby-feeding-bottle4a48e2b3-49d1-4ad1-9add-5cb6205812f5.jpg\",\"contentUrl\":\"https:\\\/\\\/www.dillerbottle.com\\\/wp-content\\\/uploads\\\/2024\\\/09\\\/octopus-design-baby-feeding-bottle4a48e2b3-49d1-4ad1-9add-5cb6205812f5.jpg\",\"width\":730,\"height\":730},{\"@type\":\"BreadcrumbList\",\"@id\":\"https:\\\/\\\/www.dillerbottle.com\\\/es\\\/productos\\\/biberon-con-diseno-de-pulpo#breadcrumb\",\"itemListElement\":[{\"@type\":\"ListItem\",\"position\":1,\"name\":\"Home\",\"item\":\"https:\\\/\\\/www.dillerbottle.com\\\/\"},{\"@type\":\"ListItem\",\"position\":2,\"name\":\"Products\",\"item\":\"https:\\\/\\\/www.dillerbottle.com\\\/shop\"},{\"@type\":\"ListItem\",\"position\":3,\"name\":\"Octopus Design Baby Feeding Bottle\"}]},{\"@type\":\"WebSite\",\"@id\":\"https:\\\/\\\/www.dillerbottle.com\\\/#website\",\"url\":\"https:\\\/\\\/www.dillerbottle.com\\\/\",\"name\":\"Diller Water Bottle Manufacturer\",\"description\":\"Water Bottle Manufacturer\",\"publisher\":{\"@id\":\"https:\\\/\\\/www.dillerbottle.com\\\/#organization\"},\"potentialAction\":[{\"@type\":\"SearchAction\",\"target\":{\"@type\":\"EntryPoint\",\"urlTemplate\":\"https:\\\/\\\/www.dillerbottle.com\\\/?s={search_term_string}\"},\"query-input\":{\"@type\":\"PropertyValueSpecification\",\"valueRequired\":true,\"valueName\":\"search_term_string\"}}],\"inLanguage\":\"es\"},{\"@type\":\"Organization\",\"@id\":\"https:\\\/\\\/www.dillerbottle.com\\\/#organization\",\"name\":\"Diller Water Bottle Manufacturer\",\"url\":\"https:\\\/\\\/www.dillerbottle.com\\\/\",\"logo\":{\"@type\":\"ImageObject\",\"inLanguage\":\"es\",\"@id\":\"https:\\\/\\\/www.dillerbottle.com\\\/#\\\/schema\\\/logo\\\/image\\\/\",\"url\":\"https:\\\/\\\/www.dillerbottle.com\\\/wp-content\\\/uploads\\\/2024\\\/09\\\/49918bfa848dcc1e9f8b509933603ac.png\",\"contentUrl\":\"https:\\\/\\\/www.dillerbottle.com\\\/wp-content\\\/uploads\\\/2024\\\/09\\\/49918bfa848dcc1e9f8b509933603ac.png\",\"width\":988,\"height\":198,\"caption\":\"Diller Water Bottle Manufacturer\"},\"image\":{\"@id\":\"https:\\\/\\\/www.dillerbottle.com\\\/#\\\/schema\\\/logo\\\/image\\\/\"}}]}<\/script>\n<!-- \/ Yoast SEO Premium plugin. -->","yoast_head_json":{"title":"Biber\u00f3n para beb\u00e9 con dise\u00f1o de pulpo - Fabricante de biberones Diller","description":"Como uno de los mejores fabricantes y proveedores de biberones para beb\u00e9s con dise\u00f1o de pulpo, nos dedicamos a la fabricaci\u00f3n de biberones de buena calidad. Le damos una c\u00e1lida bienvenida para que compre biberones para beb\u00e9s con dise\u00f1o de pulpo hechos a medida a un precio competitivo. Tambi\u00e9n aceptamos pedidos de peque\u00f1as cantidades.","robots":{"index":"index","follow":"follow","max-snippet":"max-snippet:-1","max-image-preview":"max-image-preview:large","max-video-preview":"max-video-preview:-1"},"canonical":"https:\/\/www.dillerbottle.com\/es\/productos\/biberon-con-diseno-de-pulpo","og_locale":"es_ES","og_type":"article","og_title":"Octopus Design Baby Feeding Bottle","og_description":"As one of the best octopus design baby feeding bottle manufacturers and suppliers, we are engaged in manufacturing good quality water bottles. We warmly welcome you to wholesale or buy custom made octopus design baby feeding bottle at competitive price from us. Also, small quantity orders are acceptable.","og_url":"https:\/\/www.dillerbottle.com\/es\/productos\/biberon-con-diseno-de-pulpo","og_site_name":"Diller Water Bottle Manufacturer","article_modified_time":"2025-07-10T07:55:44+00:00","og_image":[{"width":730,"height":730,"url":"https:\/\/www.dillerbottle.com\/wp-content\/uploads\/2024\/09\/octopus-design-baby-feeding-bottle4a48e2b3-49d1-4ad1-9add-5cb6205812f5.jpg","type":"image\/jpeg"}],"twitter_card":"summary_large_image","twitter_misc":{"Tiempo de lectura":"6 minutos"},"schema":{"@context":"https:\/\/schema.org","@graph":[{"@type":"WebPage","@id":"https:\/\/www.dillerbottle.com\/es\/productos\/biberon-con-diseno-de-pulpo","url":"https:\/\/www.dillerbottle.com\/es\/productos\/biberon-con-diseno-de-pulpo","name":"Biber\u00f3n para beb\u00e9 con dise\u00f1o de pulpo - Fabricante de biberones Diller","isPartOf":{"@id":"https:\/\/www.dillerbottle.com\/#website"},"primaryImageOfPage":{"@id":"https:\/\/www.dillerbottle.com\/es\/productos\/biberon-con-diseno-de-pulpo#primaryimage"},"image":{"@id":"https:\/\/www.dillerbottle.com\/es\/productos\/biberon-con-diseno-de-pulpo#primaryimage"},"thumbnailUrl":"https:\/\/www.dillerbottle.com\/wp-content\/uploads\/2024\/09\/octopus-design-baby-feeding-bottle4a48e2b3-49d1-4ad1-9add-5cb6205812f5.jpg","datePublished":"2024-09-25T08:43:48+00:00","dateModified":"2025-07-10T07:55:44+00:00","description":"Como uno de los mejores fabricantes y proveedores de biberones para beb\u00e9s con dise\u00f1o de pulpo, nos dedicamos a la fabricaci\u00f3n de biberones de buena calidad. Le damos una c\u00e1lida bienvenida para que compre biberones para beb\u00e9s con dise\u00f1o de pulpo hechos a medida a un precio competitivo. Tambi\u00e9n aceptamos pedidos de peque\u00f1as cantidades.","breadcrumb":{"@id":"https:\/\/www.dillerbottle.com\/es\/productos\/biberon-con-diseno-de-pulpo#breadcrumb"},"inLanguage":"es","potentialAction":[{"@type":"ReadAction","target":["https:\/\/www.dillerbottle.com\/es\/productos\/biberon-con-diseno-de-pulpo"]}]},{"@type":"ImageObject","inLanguage":"es","@id":"https:\/\/www.dillerbottle.com\/es\/productos\/biberon-con-diseno-de-pulpo#primaryimage","url":"https:\/\/www.dillerbottle.com\/wp-content\/uploads\/2024\/09\/octopus-design-baby-feeding-bottle4a48e2b3-49d1-4ad1-9add-5cb6205812f5.jpg","contentUrl":"https:\/\/www.dillerbottle.com\/wp-content\/uploads\/2024\/09\/octopus-design-baby-feeding-bottle4a48e2b3-49d1-4ad1-9add-5cb6205812f5.jpg","width":730,"height":730},{"@type":"BreadcrumbList","@id":"https:\/\/www.dillerbottle.com\/es\/productos\/biberon-con-diseno-de-pulpo#breadcrumb","itemListElement":[{"@type":"ListItem","position":1,"name":"Home","item":"https:\/\/www.dillerbottle.com\/"},{"@type":"ListItem","position":2,"name":"Products","item":"https:\/\/www.dillerbottle.com\/shop"},{"@type":"ListItem","position":3,"name":"Octopus Design Baby Feeding Bottle"}]},{"@type":"WebSite","@id":"https:\/\/www.dillerbottle.com\/#website","url":"https:\/\/www.dillerbottle.com\/","name":"Fabricante de botellas de agua Diller","description":"Fabricante de botellas de agua","publisher":{"@id":"https:\/\/www.dillerbottle.com\/#organization"},"potentialAction":[{"@type":"SearchAction","target":{"@type":"EntryPoint","urlTemplate":"https:\/\/www.dillerbottle.com\/?s={search_term_string}"},"query-input":{"@type":"PropertyValueSpecification","valueRequired":true,"valueName":"search_term_string"}}],"inLanguage":"es"},{"@type":"Organization","@id":"https:\/\/www.dillerbottle.com\/#organization","name":"Fabricante de botellas de agua Diller","url":"https:\/\/www.dillerbottle.com\/","logo":{"@type":"ImageObject","inLanguage":"es","@id":"https:\/\/www.dillerbottle.com\/#\/schema\/logo\/image\/","url":"https:\/\/www.dillerbottle.com\/wp-content\/uploads\/2024\/09\/49918bfa848dcc1e9f8b509933603ac.png","contentUrl":"https:\/\/www.dillerbottle.com\/wp-content\/uploads\/2024\/09\/49918bfa848dcc1e9f8b509933603ac.png","width":988,"height":198,"caption":"Diller Water Bottle Manufacturer"},"image":{"@id":"https:\/\/www.dillerbottle.com\/#\/schema\/logo\/image\/"}}]}},"_links":{"self":[{"href":"https:\/\/www.dillerbottle.com\/es\/wp-json\/wp\/v2\/product\/2324","targetHints":{"allow":["GET"]}}],"collection":[{"href":"https:\/\/www.dillerbottle.com\/es\/wp-json\/wp\/v2\/product"}],"about":[{"href":"https:\/\/www.dillerbottle.com\/es\/wp-json\/wp\/v2\/types\/product"}],"replies":[{"embeddable":true,"href":"https:\/\/www.dillerbottle.com\/es\/wp-json\/wp\/v2\/comments?post=2324"}],"wp:featuredmedia":[{"embeddable":true,"href":"https:\/\/www.dillerbottle.com\/es\/wp-json\/wp\/v2\/media\/2325"}],"wp:attachment":[{"href":"https:\/\/www.dillerbottle.com\/es\/wp-json\/wp\/v2\/media?parent=2324"}],"wp:term":[{"taxonomy":"product_brand","embeddable":true,"href":"https:\/\/www.dillerbottle.com\/es\/wp-json\/wp\/v2\/product_brand?post=2324"},{"taxonomy":"product_cat","embeddable":true,"href":"https:\/\/www.dillerbottle.com\/es\/wp-json\/wp\/v2\/product_cat?post=2324"},{"taxonomy":"product_tag","embeddable":true,"href":"https:\/\/www.dillerbottle.com\/es\/wp-json\/wp\/v2\/product_tag?post=2324"}],"curies":[{"name":"Gracias","href":"https:\/\/api.w.org\/{rel}","templated":true}]}}