{"id":2550,"date":"2024-09-25T16:46:28","date_gmt":"2024-09-25T08:46:28","guid":{"rendered":"https:\/\/demo.dillerbottle.com\/uncategorized\/bottle-feeding-newborn"},"modified":"2025-07-10T15:47:32","modified_gmt":"2025-07-10T07:47:32","slug":"alimentacion-con-biberon-del-recien-nacido","status":"publish","type":"product","link":"https:\/\/www.dillerbottle.com\/es\/products\/bottle-feeding-newborn","title":{"rendered":"Alimentaci\u00f3n con biber\u00f3n para reci\u00e9n nacidos"},"content":{"rendered":"<p>1. Los biberones para reci\u00e9n nacidos est\u00e1n dise\u00f1ados para imitar lo m\u00e1s fielmente posible la lactancia materna para reducir los problemas de rechazo del biber\u00f3n y confusi\u00f3n del pez\u00f3n.<br \/>\n2. Hecho de PPSU seguro y libre de BPA.<br \/>\n3. El biber\u00f3n se flexiona como el pecho y se siente como la mam\u00e1 porque los beb\u00e9s lo prefieren as\u00ed. Con aceptaci\u00f3n garantizada por el beb\u00e9 y una v\u00e1lvula antic\u00f3licos s\u00faper sensible, es lo mejor para el beb\u00e9.<br \/>\n4. Dise\u00f1o de boca de botella ultra ancha, f\u00e1cil de limpiar y llenar. 5. Con mango extra\u00edble antideslizante, conveniente para que el beb\u00e9 lo agarre.<\/p>","protected":false},"excerpt":{"rendered":"<p>Caracter\u00edsticas: 1. Los biberones para reci\u00e9n nacidos est\u00e1n dise\u00f1ados para imitar lo m\u00e1s fielmente posible la lactancia materna para reducir los problemas de rechazo del biber\u00f3n y confusi\u00f3n del pez\u00f3n.<br \/>\n2.<br \/>\nHecho de PPSU seguro y libre de BPA.<br \/>\n3. El biber\u00f3n se flexiona como el pecho y se siente como el de la mam\u00e1 porque los beb\u00e9s lo prefieren as\u00ed.<br \/>\nCon beb\u00e9 garantizado\u2026<\/p>","protected":false},"featured_media":2551,"comment_status":"open","ping_status":"closed","template":"","meta":{"_acf_changed":false},"product_brand":[],"product_cat":[77],"product_tag":[32,98,36,33,31,39,38,29,37,34,35,28,30],"class_list":{"0":"post-2550","1":"product","2":"type-product","3":"status-publish","4":"has-post-thumbnail","6":"product_cat-baby-bottles","7":"product_tag-best","8":"product_tag-bottle-feeding-newborn","9":"product_tag-bulk","10":"product_tag-buy","11":"product_tag-custom","12":"product_tag-for-sale","13":"product_tag-good-quality","14":"product_tag-manufacturers","15":"product_tag-manufacturing","16":"product_tag-price","17":"product_tag-small","18":"product_tag-suppliers","19":"product_tag-wholesale","21":"first","22":"instock","23":"shipping-taxable","24":"product-type-simple"},"acf":[],"yoast_head":"<!-- This site is optimized with the Yoast SEO Premium plugin v27.5 (Yoast SEO v27.5) - https:\/\/yoast.com\/product\/yoast-seo-premium-wordpress\/ -->\n<title>Bottle Feeding Newborn - Diller Water Bottle Manufacturer<\/title>\n<meta name=\"description\" content=\"As one of the best bottle feeding newborn manufacturers and suppliers, we are engaged in manufacturing good quality water bottles. We warmly welcome you to wholesale or buy custom made bottle feeding newborn at competitive price from us. Also, small quantity orders are acceptable.\" \/>\n<meta name=\"robots\" content=\"index, follow, max-snippet:-1, max-image-preview:large, max-video-preview:-1\" \/>\n<link rel=\"canonical\" href=\"https:\/\/www.dillerbottle.com\/es\/productos\/alimentacion-con-biberon-del-recien-nacido\" \/>\n<meta property=\"og:locale\" content=\"es_ES\" \/>\n<meta property=\"og:type\" content=\"article\" \/>\n<meta property=\"og:title\" content=\"Bottle Feeding Newborn\" \/>\n<meta property=\"og:description\" content=\"As one of the best bottle feeding newborn manufacturers and suppliers, we are engaged in manufacturing good quality water bottles. We warmly welcome you to wholesale or buy custom made bottle feeding newborn at competitive price from us. Also, small quantity orders are acceptable.\" \/>\n<meta property=\"og:url\" content=\"https:\/\/www.dillerbottle.com\/es\/productos\/alimentacion-con-biberon-del-recien-nacido\" \/>\n<meta property=\"og:site_name\" content=\"Diller Water Bottle Manufacturer\" \/>\n<meta property=\"article:modified_time\" content=\"2025-07-10T07:47:32+00:00\" \/>\n<meta property=\"og:image\" content=\"https:\/\/www.dillerbottle.com\/wp-content\/uploads\/2024\/09\/bottle-feeding-newborn37311871557.jpg\" \/>\n\t<meta property=\"og:image:width\" content=\"730\" \/>\n\t<meta property=\"og:image:height\" content=\"730\" \/>\n\t<meta property=\"og:image:type\" content=\"image\/jpeg\" \/>\n<meta name=\"twitter:card\" content=\"summary_large_image\" \/>\n<meta name=\"twitter:label1\" content=\"Tiempo de lectura\" \/>\n\t<meta name=\"twitter:data1\" content=\"2 minutos\" \/>\n<script type=\"application\/ld+json\" class=\"yoast-schema-graph\">{\"@context\":\"https:\\\/\\\/schema.org\",\"@graph\":[{\"@type\":\"WebPage\",\"@id\":\"https:\\\/\\\/www.dillerbottle.com\\\/ja\\\/%e8%a3%bd%e5%93%81\\\/%e6%96%b0%e7%94%9f%e5%85%90%e3%81%ab%e5%93%ba%e4%b9%b3%e7%93%b6%e3%81%a7%e6%8e%88%e4%b9%b3%e3%81%99%e3%82%8b\",\"url\":\"https:\\\/\\\/www.dillerbottle.com\\\/ja\\\/%e8%a3%bd%e5%93%81\\\/%e6%96%b0%e7%94%9f%e5%85%90%e3%81%ab%e5%93%ba%e4%b9%b3%e7%93%b6%e3%81%a7%e6%8e%88%e4%b9%b3%e3%81%99%e3%82%8b\",\"name\":\"Bottle Feeding Newborn - Diller Water Bottle Manufacturer\",\"isPartOf\":{\"@id\":\"https:\\\/\\\/www.dillerbottle.com\\\/#website\"},\"primaryImageOfPage\":{\"@id\":\"https:\\\/\\\/www.dillerbottle.com\\\/ja\\\/%e8%a3%bd%e5%93%81\\\/%e6%96%b0%e7%94%9f%e5%85%90%e3%81%ab%e5%93%ba%e4%b9%b3%e7%93%b6%e3%81%a7%e6%8e%88%e4%b9%b3%e3%81%99%e3%82%8b#primaryimage\"},\"image\":{\"@id\":\"https:\\\/\\\/www.dillerbottle.com\\\/ja\\\/%e8%a3%bd%e5%93%81\\\/%e6%96%b0%e7%94%9f%e5%85%90%e3%81%ab%e5%93%ba%e4%b9%b3%e7%93%b6%e3%81%a7%e6%8e%88%e4%b9%b3%e3%81%99%e3%82%8b#primaryimage\"},\"thumbnailUrl\":\"https:\\\/\\\/www.dillerbottle.com\\\/wp-content\\\/uploads\\\/2024\\\/09\\\/bottle-feeding-newborn37311871557.jpg\",\"datePublished\":\"2024-09-25T08:46:28+00:00\",\"dateModified\":\"2025-07-10T07:47:32+00:00\",\"description\":\"As one of the best bottle feeding newborn manufacturers and suppliers, we are engaged in manufacturing good quality water bottles. We warmly welcome you to wholesale or buy custom made bottle feeding newborn at competitive price from us. Also, small quantity orders are acceptable.\",\"breadcrumb\":{\"@id\":\"https:\\\/\\\/www.dillerbottle.com\\\/ja\\\/%e8%a3%bd%e5%93%81\\\/%e6%96%b0%e7%94%9f%e5%85%90%e3%81%ab%e5%93%ba%e4%b9%b3%e7%93%b6%e3%81%a7%e6%8e%88%e4%b9%b3%e3%81%99%e3%82%8b#breadcrumb\"},\"inLanguage\":\"es\",\"potentialAction\":[{\"@type\":\"ReadAction\",\"target\":[\"https:\\\/\\\/www.dillerbottle.com\\\/ja\\\/%e8%a3%bd%e5%93%81\\\/%e6%96%b0%e7%94%9f%e5%85%90%e3%81%ab%e5%93%ba%e4%b9%b3%e7%93%b6%e3%81%a7%e6%8e%88%e4%b9%b3%e3%81%99%e3%82%8b\"]}]},{\"@type\":\"ImageObject\",\"inLanguage\":\"es\",\"@id\":\"https:\\\/\\\/www.dillerbottle.com\\\/ja\\\/%e8%a3%bd%e5%93%81\\\/%e6%96%b0%e7%94%9f%e5%85%90%e3%81%ab%e5%93%ba%e4%b9%b3%e7%93%b6%e3%81%a7%e6%8e%88%e4%b9%b3%e3%81%99%e3%82%8b#primaryimage\",\"url\":\"https:\\\/\\\/www.dillerbottle.com\\\/wp-content\\\/uploads\\\/2024\\\/09\\\/bottle-feeding-newborn37311871557.jpg\",\"contentUrl\":\"https:\\\/\\\/www.dillerbottle.com\\\/wp-content\\\/uploads\\\/2024\\\/09\\\/bottle-feeding-newborn37311871557.jpg\",\"width\":730,\"height\":730},{\"@type\":\"BreadcrumbList\",\"@id\":\"https:\\\/\\\/www.dillerbottle.com\\\/ja\\\/%e8%a3%bd%e5%93%81\\\/%e6%96%b0%e7%94%9f%e5%85%90%e3%81%ab%e5%93%ba%e4%b9%b3%e7%93%b6%e3%81%a7%e6%8e%88%e4%b9%b3%e3%81%99%e3%82%8b#breadcrumb\",\"itemListElement\":[{\"@type\":\"ListItem\",\"position\":1,\"name\":\"Home\",\"item\":\"https:\\\/\\\/www.dillerbottle.com\\\/\"},{\"@type\":\"ListItem\",\"position\":2,\"name\":\"Products\",\"item\":\"https:\\\/\\\/www.dillerbottle.com\\\/shop\"},{\"@type\":\"ListItem\",\"position\":3,\"name\":\"Bottle Feeding Newborn\"}]},{\"@type\":\"WebSite\",\"@id\":\"https:\\\/\\\/www.dillerbottle.com\\\/#website\",\"url\":\"https:\\\/\\\/www.dillerbottle.com\\\/\",\"name\":\"Diller Water Bottle Manufacturer\",\"description\":\"Water Bottle Manufacturer\",\"publisher\":{\"@id\":\"https:\\\/\\\/www.dillerbottle.com\\\/#organization\"},\"potentialAction\":[{\"@type\":\"SearchAction\",\"target\":{\"@type\":\"EntryPoint\",\"urlTemplate\":\"https:\\\/\\\/www.dillerbottle.com\\\/?s={search_term_string}\"},\"query-input\":{\"@type\":\"PropertyValueSpecification\",\"valueRequired\":true,\"valueName\":\"search_term_string\"}}],\"inLanguage\":\"es\"},{\"@type\":\"Organization\",\"@id\":\"https:\\\/\\\/www.dillerbottle.com\\\/#organization\",\"name\":\"Diller Water Bottle Manufacturer\",\"url\":\"https:\\\/\\\/www.dillerbottle.com\\\/\",\"logo\":{\"@type\":\"ImageObject\",\"inLanguage\":\"es\",\"@id\":\"https:\\\/\\\/www.dillerbottle.com\\\/#\\\/schema\\\/logo\\\/image\\\/\",\"url\":\"https:\\\/\\\/www.dillerbottle.com\\\/wp-content\\\/uploads\\\/2024\\\/09\\\/49918bfa848dcc1e9f8b509933603ac.png\",\"contentUrl\":\"https:\\\/\\\/www.dillerbottle.com\\\/wp-content\\\/uploads\\\/2024\\\/09\\\/49918bfa848dcc1e9f8b509933603ac.png\",\"width\":988,\"height\":198,\"caption\":\"Diller Water Bottle Manufacturer\"},\"image\":{\"@id\":\"https:\\\/\\\/www.dillerbottle.com\\\/#\\\/schema\\\/logo\\\/image\\\/\"}}]}<\/script>\n<!-- \/ Yoast SEO Premium plugin. -->","yoast_head_json":{"title":"Alimentaci\u00f3n con biber\u00f3n para reci\u00e9n nacidos: fabricante de biberones Diller","description":"Como uno de los mejores fabricantes y proveedores de biberones para reci\u00e9n nacidos, nos dedicamos a la fabricaci\u00f3n de biberones de buena calidad. Le damos una c\u00e1lida bienvenida para que compre biberones para reci\u00e9n nacidos hechos a medida o al por mayor a un precio competitivo. Tambi\u00e9n aceptamos pedidos de peque\u00f1as cantidades.","robots":{"index":"index","follow":"follow","max-snippet":"max-snippet:-1","max-image-preview":"max-image-preview:large","max-video-preview":"max-video-preview:-1"},"canonical":"https:\/\/www.dillerbottle.com\/es\/productos\/alimentacion-con-biberon-del-recien-nacido","og_locale":"es_ES","og_type":"article","og_title":"Bottle Feeding Newborn","og_description":"As one of the best bottle feeding newborn manufacturers and suppliers, we are engaged in manufacturing good quality water bottles. We warmly welcome you to wholesale or buy custom made bottle feeding newborn at competitive price from us. Also, small quantity orders are acceptable.","og_url":"https:\/\/www.dillerbottle.com\/es\/productos\/alimentacion-con-biberon-del-recien-nacido","og_site_name":"Diller Water Bottle Manufacturer","article_modified_time":"2025-07-10T07:47:32+00:00","og_image":[{"width":730,"height":730,"url":"https:\/\/www.dillerbottle.com\/wp-content\/uploads\/2024\/09\/bottle-feeding-newborn37311871557.jpg","type":"image\/jpeg"}],"twitter_card":"summary_large_image","twitter_misc":{"Tiempo de lectura":"2 minutos"},"schema":{"@context":"https:\/\/schema.org","@graph":[{"@type":"WebPage","@id":"https:\/\/www.dillerbottle.com\/ja\/%e8%a3%bd%e5%93%81\/%e6%96%b0%e7%94%9f%e5%85%90%e3%81%ab%e5%93%ba%e4%b9%b3%e7%93%b6%e3%81%a7%e6%8e%88%e4%b9%b3%e3%81%99%e3%82%8b","url":"https:\/\/www.dillerbottle.com\/ja\/%e8%a3%bd%e5%93%81\/%e6%96%b0%e7%94%9f%e5%85%90%e3%81%ab%e5%93%ba%e4%b9%b3%e7%93%b6%e3%81%a7%e6%8e%88%e4%b9%b3%e3%81%99%e3%82%8b","name":"Alimentaci\u00f3n con biber\u00f3n para reci\u00e9n nacidos: fabricante de biberones Diller","isPartOf":{"@id":"https:\/\/www.dillerbottle.com\/#website"},"primaryImageOfPage":{"@id":"https:\/\/www.dillerbottle.com\/ja\/%e8%a3%bd%e5%93%81\/%e6%96%b0%e7%94%9f%e5%85%90%e3%81%ab%e5%93%ba%e4%b9%b3%e7%93%b6%e3%81%a7%e6%8e%88%e4%b9%b3%e3%81%99%e3%82%8b#primaryimage"},"image":{"@id":"https:\/\/www.dillerbottle.com\/ja\/%e8%a3%bd%e5%93%81\/%e6%96%b0%e7%94%9f%e5%85%90%e3%81%ab%e5%93%ba%e4%b9%b3%e7%93%b6%e3%81%a7%e6%8e%88%e4%b9%b3%e3%81%99%e3%82%8b#primaryimage"},"thumbnailUrl":"https:\/\/www.dillerbottle.com\/wp-content\/uploads\/2024\/09\/bottle-feeding-newborn37311871557.jpg","datePublished":"2024-09-25T08:46:28+00:00","dateModified":"2025-07-10T07:47:32+00:00","description":"Como uno de los mejores fabricantes y proveedores de biberones para reci\u00e9n nacidos, nos dedicamos a la fabricaci\u00f3n de biberones de buena calidad. Le damos una c\u00e1lida bienvenida para que compre biberones para reci\u00e9n nacidos hechos a medida o al por mayor a un precio competitivo. Tambi\u00e9n aceptamos pedidos de peque\u00f1as cantidades.","breadcrumb":{"@id":"https:\/\/www.dillerbottle.com\/ja\/%e8%a3%bd%e5%93%81\/%e6%96%b0%e7%94%9f%e5%85%90%e3%81%ab%e5%93%ba%e4%b9%b3%e7%93%b6%e3%81%a7%e6%8e%88%e4%b9%b3%e3%81%99%e3%82%8b#breadcrumb"},"inLanguage":"es","potentialAction":[{"@type":"ReadAction","target":["https:\/\/www.dillerbottle.com\/ja\/%e8%a3%bd%e5%93%81\/%e6%96%b0%e7%94%9f%e5%85%90%e3%81%ab%e5%93%ba%e4%b9%b3%e7%93%b6%e3%81%a7%e6%8e%88%e4%b9%b3%e3%81%99%e3%82%8b"]}]},{"@type":"ImageObject","inLanguage":"es","@id":"https:\/\/www.dillerbottle.com\/ja\/%e8%a3%bd%e5%93%81\/%e6%96%b0%e7%94%9f%e5%85%90%e3%81%ab%e5%93%ba%e4%b9%b3%e7%93%b6%e3%81%a7%e6%8e%88%e4%b9%b3%e3%81%99%e3%82%8b#primaryimage","url":"https:\/\/www.dillerbottle.com\/wp-content\/uploads\/2024\/09\/bottle-feeding-newborn37311871557.jpg","contentUrl":"https:\/\/www.dillerbottle.com\/wp-content\/uploads\/2024\/09\/bottle-feeding-newborn37311871557.jpg","width":730,"height":730},{"@type":"BreadcrumbList","@id":"https:\/\/www.dillerbottle.com\/ja\/%e8%a3%bd%e5%93%81\/%e6%96%b0%e7%94%9f%e5%85%90%e3%81%ab%e5%93%ba%e4%b9%b3%e7%93%b6%e3%81%a7%e6%8e%88%e4%b9%b3%e3%81%99%e3%82%8b#breadcrumb","itemListElement":[{"@type":"ListItem","position":1,"name":"Home","item":"https:\/\/www.dillerbottle.com\/"},{"@type":"ListItem","position":2,"name":"Products","item":"https:\/\/www.dillerbottle.com\/shop"},{"@type":"ListItem","position":3,"name":"Bottle Feeding Newborn"}]},{"@type":"WebSite","@id":"https:\/\/www.dillerbottle.com\/#website","url":"https:\/\/www.dillerbottle.com\/","name":"Fabricante de botellas de agua Diller","description":"Fabricante de botellas de agua","publisher":{"@id":"https:\/\/www.dillerbottle.com\/#organization"},"potentialAction":[{"@type":"SearchAction","target":{"@type":"EntryPoint","urlTemplate":"https:\/\/www.dillerbottle.com\/?s={search_term_string}"},"query-input":{"@type":"PropertyValueSpecification","valueRequired":true,"valueName":"search_term_string"}}],"inLanguage":"es"},{"@type":"Organization","@id":"https:\/\/www.dillerbottle.com\/#organization","name":"Fabricante de botellas de agua Diller","url":"https:\/\/www.dillerbottle.com\/","logo":{"@type":"ImageObject","inLanguage":"es","@id":"https:\/\/www.dillerbottle.com\/#\/schema\/logo\/image\/","url":"https:\/\/www.dillerbottle.com\/wp-content\/uploads\/2024\/09\/49918bfa848dcc1e9f8b509933603ac.png","contentUrl":"https:\/\/www.dillerbottle.com\/wp-content\/uploads\/2024\/09\/49918bfa848dcc1e9f8b509933603ac.png","width":988,"height":198,"caption":"Diller Water Bottle Manufacturer"},"image":{"@id":"https:\/\/www.dillerbottle.com\/#\/schema\/logo\/image\/"}}]}},"_links":{"self":[{"href":"https:\/\/www.dillerbottle.com\/es\/wp-json\/wp\/v2\/product\/2550","targetHints":{"allow":["GET"]}}],"collection":[{"href":"https:\/\/www.dillerbottle.com\/es\/wp-json\/wp\/v2\/product"}],"about":[{"href":"https:\/\/www.dillerbottle.com\/es\/wp-json\/wp\/v2\/types\/product"}],"replies":[{"embeddable":true,"href":"https:\/\/www.dillerbottle.com\/es\/wp-json\/wp\/v2\/comments?post=2550"}],"wp:featuredmedia":[{"embeddable":true,"href":"https:\/\/www.dillerbottle.com\/es\/wp-json\/wp\/v2\/media\/2551"}],"wp:attachment":[{"href":"https:\/\/www.dillerbottle.com\/es\/wp-json\/wp\/v2\/media?parent=2550"}],"wp:term":[{"taxonomy":"product_brand","embeddable":true,"href":"https:\/\/www.dillerbottle.com\/es\/wp-json\/wp\/v2\/product_brand?post=2550"},{"taxonomy":"product_cat","embeddable":true,"href":"https:\/\/www.dillerbottle.com\/es\/wp-json\/wp\/v2\/product_cat?post=2550"},{"taxonomy":"product_tag","embeddable":true,"href":"https:\/\/www.dillerbottle.com\/es\/wp-json\/wp\/v2\/product_tag?post=2550"}],"curies":[{"name":"Gracias","href":"https:\/\/api.w.org\/{rel}","templated":true}]}}