{"id":2602,"date":"2024-09-25T16:47:00","date_gmt":"2024-09-25T08:47:00","guid":{"rendered":"https:\/\/demo.dillerbottle.com\/uncategorized\/newborn-baby-milk-bottle"},"modified":"2025-07-10T15:44:49","modified_gmt":"2025-07-10T07:44:49","slug":"biberon-de-leche-para-recien-nacidos","status":"publish","type":"product","link":"https:\/\/www.dillerbottle.com\/es\/products\/newborn-baby-milk-bottle","title":{"rendered":"Biber\u00f3n para reci\u00e9n nacidos"},"content":{"rendered":"<p>Caracter\u00edsticas:<br \/>\n1. El cuerpo del biber\u00f3n de leche para reci\u00e9n nacidos est\u00e1 hecho de PPSU, tiene alta transparencia, alta estabilidad y puede soportar desinfecciones repetidas a alta temperatura.<\/p>\n<p>2. Este biber\u00f3n para reci\u00e9n nacidos tiene 3 tapas para beber: tapa de tetina, tapa con forma de pico de pato y pajita, todas hechas de silicona de grado alimenticio, la silicona suave se siente m\u00e1s cerca de la piel.<\/p>\n<p>3.;El biber\u00f3n de leche para reci\u00e9n nacidos con cuello ancho es f\u00e1cil de llenar, f\u00e1cil de limpiar y se puede transportar f\u00e1cilmente con su tapa especial de sellado antiderrames.<\/p>\n<p>4.;El biber\u00f3n con asas,;puede ayudar al beb\u00e9 a agarrar mejor.<br \/>\n5.;El dise\u00f1o de bola de gravedad permite que su beb\u00e9 beba f\u00e1cilmente en cualquier \u00e1ngulo.<br \/>\n;<\/p>","protected":false},"excerpt":{"rendered":"<p>Caracter\u00edsticas: 1.<br \/>\nEl cuerpo del biber\u00f3n de leche para reci\u00e9n nacidos est\u00e1 hecho de PPSU, tiene alta transparencia, alta estabilidad y puede soportar desinfecciones repetidas a alta temperatura.<br \/>\n2.<br \/>\nEste biber\u00f3n para reci\u00e9n nacidos tiene 3 tapas para beber: tapa con tetina, tapa con forma de pico de pato y pajita, todas hechas de silicona de grado alimenticio\u2026<\/p>","protected":false},"featured_media":2603,"comment_status":"open","ping_status":"closed","template":"","meta":{"_acf_changed":false},"product_brand":[],"product_cat":[77],"product_tag":[32,36,33,31,39,38,29,37,104,34,35,28,30],"class_list":{"0":"post-2602","1":"product","2":"type-product","3":"status-publish","4":"has-post-thumbnail","6":"product_cat-baby-bottles","7":"product_tag-best","8":"product_tag-bulk","9":"product_tag-buy","10":"product_tag-custom","11":"product_tag-for-sale","12":"product_tag-good-quality","13":"product_tag-manufacturers","14":"product_tag-manufacturing","15":"product_tag-newborn-baby-milk-bottle","16":"product_tag-price","17":"product_tag-small","18":"product_tag-suppliers","19":"product_tag-wholesale","21":"first","22":"instock","23":"shipping-taxable","24":"product-type-simple"},"acf":[],"yoast_head":"<!-- This site is optimized with the Yoast SEO Premium plugin v27.5 (Yoast SEO v27.5) - https:\/\/yoast.com\/product\/yoast-seo-premium-wordpress\/ -->\n<title>Newborn Baby Milk Bottle - Diller Water Bottle Manufacturer<\/title>\n<meta name=\"description\" content=\"As one of the best newborn baby milk bottle manufacturers and suppliers, we are engaged in manufacturing good quality water bottles. We warmly welcome you to wholesale or buy custom made newborn baby milk bottle at competitive price from us. Also, small quantity orders are acceptable.\" \/>\n<meta name=\"robots\" content=\"index, follow, max-snippet:-1, max-image-preview:large, max-video-preview:-1\" \/>\n<link rel=\"canonical\" href=\"https:\/\/www.dillerbottle.com\/es\/productos\/biberon-de-leche-para-recien-nacidos\" \/>\n<meta property=\"og:locale\" content=\"es_ES\" \/>\n<meta property=\"og:type\" content=\"article\" \/>\n<meta property=\"og:title\" content=\"Newborn Baby Milk Bottle\" \/>\n<meta property=\"og:description\" content=\"As one of the best newborn baby milk bottle manufacturers and suppliers, we are engaged in manufacturing good quality water bottles. We warmly welcome you to wholesale or buy custom made newborn baby milk bottle at competitive price from us. Also, small quantity orders are acceptable.\" \/>\n<meta property=\"og:url\" content=\"https:\/\/www.dillerbottle.com\/es\/productos\/biberon-de-leche-para-recien-nacidos\" \/>\n<meta property=\"og:site_name\" content=\"Diller Water Bottle Manufacturer\" \/>\n<meta property=\"article:modified_time\" content=\"2025-07-10T07:44:49+00:00\" \/>\n<meta property=\"og:image\" content=\"https:\/\/www.dillerbottle.com\/wp-content\/uploads\/2024\/09\/newborn-baby-milk-bottle26399397136.jpg\" \/>\n\t<meta property=\"og:image:width\" content=\"730\" \/>\n\t<meta property=\"og:image:height\" content=\"730\" \/>\n\t<meta property=\"og:image:type\" content=\"image\/jpeg\" \/>\n<meta name=\"twitter:card\" content=\"summary_large_image\" \/>\n<meta name=\"twitter:label1\" content=\"Tiempo de lectura\" \/>\n\t<meta name=\"twitter:data1\" content=\"3 minutos\" \/>\n<script type=\"application\/ld+json\" class=\"yoast-schema-graph\">{\"@context\":\"https:\\\/\\\/schema.org\",\"@graph\":[{\"@type\":\"WebPage\",\"@id\":\"https:\\\/\\\/www.dillerbottle.com\\\/ko\\\/%ec%a0%9c%ed%92%88\\\/%ec%8b%a0%ec%83%9d%ec%95%84%ec%9a%a9-%ec%9a%b0%ec%9c%a0%eb%b3%91\",\"url\":\"https:\\\/\\\/www.dillerbottle.com\\\/ko\\\/%ec%a0%9c%ed%92%88\\\/%ec%8b%a0%ec%83%9d%ec%95%84%ec%9a%a9-%ec%9a%b0%ec%9c%a0%eb%b3%91\",\"name\":\"Newborn Baby Milk Bottle - Diller Water Bottle Manufacturer\",\"isPartOf\":{\"@id\":\"https:\\\/\\\/www.dillerbottle.com\\\/#website\"},\"primaryImageOfPage\":{\"@id\":\"https:\\\/\\\/www.dillerbottle.com\\\/ko\\\/%ec%a0%9c%ed%92%88\\\/%ec%8b%a0%ec%83%9d%ec%95%84%ec%9a%a9-%ec%9a%b0%ec%9c%a0%eb%b3%91#primaryimage\"},\"image\":{\"@id\":\"https:\\\/\\\/www.dillerbottle.com\\\/ko\\\/%ec%a0%9c%ed%92%88\\\/%ec%8b%a0%ec%83%9d%ec%95%84%ec%9a%a9-%ec%9a%b0%ec%9c%a0%eb%b3%91#primaryimage\"},\"thumbnailUrl\":\"https:\\\/\\\/www.dillerbottle.com\\\/wp-content\\\/uploads\\\/2024\\\/09\\\/newborn-baby-milk-bottle26399397136.jpg\",\"datePublished\":\"2024-09-25T08:47:00+00:00\",\"dateModified\":\"2025-07-10T07:44:49+00:00\",\"description\":\"As one of the best newborn baby milk bottle manufacturers and suppliers, we are engaged in manufacturing good quality water bottles. We warmly welcome you to wholesale or buy custom made newborn baby milk bottle at competitive price from us. Also, small quantity orders are acceptable.\",\"breadcrumb\":{\"@id\":\"https:\\\/\\\/www.dillerbottle.com\\\/ko\\\/%ec%a0%9c%ed%92%88\\\/%ec%8b%a0%ec%83%9d%ec%95%84%ec%9a%a9-%ec%9a%b0%ec%9c%a0%eb%b3%91#breadcrumb\"},\"inLanguage\":\"es\",\"potentialAction\":[{\"@type\":\"ReadAction\",\"target\":[\"https:\\\/\\\/www.dillerbottle.com\\\/ko\\\/%ec%a0%9c%ed%92%88\\\/%ec%8b%a0%ec%83%9d%ec%95%84%ec%9a%a9-%ec%9a%b0%ec%9c%a0%eb%b3%91\"]}]},{\"@type\":\"ImageObject\",\"inLanguage\":\"es\",\"@id\":\"https:\\\/\\\/www.dillerbottle.com\\\/ko\\\/%ec%a0%9c%ed%92%88\\\/%ec%8b%a0%ec%83%9d%ec%95%84%ec%9a%a9-%ec%9a%b0%ec%9c%a0%eb%b3%91#primaryimage\",\"url\":\"https:\\\/\\\/www.dillerbottle.com\\\/wp-content\\\/uploads\\\/2024\\\/09\\\/newborn-baby-milk-bottle26399397136.jpg\",\"contentUrl\":\"https:\\\/\\\/www.dillerbottle.com\\\/wp-content\\\/uploads\\\/2024\\\/09\\\/newborn-baby-milk-bottle26399397136.jpg\",\"width\":730,\"height\":730},{\"@type\":\"BreadcrumbList\",\"@id\":\"https:\\\/\\\/www.dillerbottle.com\\\/ko\\\/%ec%a0%9c%ed%92%88\\\/%ec%8b%a0%ec%83%9d%ec%95%84%ec%9a%a9-%ec%9a%b0%ec%9c%a0%eb%b3%91#breadcrumb\",\"itemListElement\":[{\"@type\":\"ListItem\",\"position\":1,\"name\":\"Home\",\"item\":\"https:\\\/\\\/www.dillerbottle.com\\\/\"},{\"@type\":\"ListItem\",\"position\":2,\"name\":\"Products\",\"item\":\"https:\\\/\\\/www.dillerbottle.com\\\/shop\"},{\"@type\":\"ListItem\",\"position\":3,\"name\":\"Newborn Baby Milk Bottle\"}]},{\"@type\":\"WebSite\",\"@id\":\"https:\\\/\\\/www.dillerbottle.com\\\/#website\",\"url\":\"https:\\\/\\\/www.dillerbottle.com\\\/\",\"name\":\"Diller Water Bottle Manufacturer\",\"description\":\"Water Bottle Manufacturer\",\"publisher\":{\"@id\":\"https:\\\/\\\/www.dillerbottle.com\\\/#organization\"},\"potentialAction\":[{\"@type\":\"SearchAction\",\"target\":{\"@type\":\"EntryPoint\",\"urlTemplate\":\"https:\\\/\\\/www.dillerbottle.com\\\/?s={search_term_string}\"},\"query-input\":{\"@type\":\"PropertyValueSpecification\",\"valueRequired\":true,\"valueName\":\"search_term_string\"}}],\"inLanguage\":\"es\"},{\"@type\":\"Organization\",\"@id\":\"https:\\\/\\\/www.dillerbottle.com\\\/#organization\",\"name\":\"Diller Water Bottle Manufacturer\",\"url\":\"https:\\\/\\\/www.dillerbottle.com\\\/\",\"logo\":{\"@type\":\"ImageObject\",\"inLanguage\":\"es\",\"@id\":\"https:\\\/\\\/www.dillerbottle.com\\\/#\\\/schema\\\/logo\\\/image\\\/\",\"url\":\"https:\\\/\\\/www.dillerbottle.com\\\/wp-content\\\/uploads\\\/2024\\\/09\\\/49918bfa848dcc1e9f8b509933603ac.png\",\"contentUrl\":\"https:\\\/\\\/www.dillerbottle.com\\\/wp-content\\\/uploads\\\/2024\\\/09\\\/49918bfa848dcc1e9f8b509933603ac.png\",\"width\":988,\"height\":198,\"caption\":\"Diller Water Bottle Manufacturer\"},\"image\":{\"@id\":\"https:\\\/\\\/www.dillerbottle.com\\\/#\\\/schema\\\/logo\\\/image\\\/\"}}]}<\/script>\n<!-- \/ Yoast SEO Premium plugin. -->","yoast_head_json":{"title":"Biber\u00f3n para reci\u00e9n nacidos - Fabricante de biberones Diller","description":"Como uno de los mejores fabricantes y proveedores de biberones para reci\u00e9n nacidos, nos dedicamos a la fabricaci\u00f3n de biberones de buena calidad. Le damos una c\u00e1lida bienvenida para que compre biberones para reci\u00e9n nacidos hechos a medida o al por mayor a un precio competitivo. Tambi\u00e9n aceptamos pedidos de peque\u00f1as cantidades.","robots":{"index":"index","follow":"follow","max-snippet":"max-snippet:-1","max-image-preview":"max-image-preview:large","max-video-preview":"max-video-preview:-1"},"canonical":"https:\/\/www.dillerbottle.com\/es\/productos\/biberon-de-leche-para-recien-nacidos","og_locale":"es_ES","og_type":"article","og_title":"Newborn Baby Milk Bottle","og_description":"As one of the best newborn baby milk bottle manufacturers and suppliers, we are engaged in manufacturing good quality water bottles. We warmly welcome you to wholesale or buy custom made newborn baby milk bottle at competitive price from us. Also, small quantity orders are acceptable.","og_url":"https:\/\/www.dillerbottle.com\/es\/productos\/biberon-de-leche-para-recien-nacidos","og_site_name":"Diller Water Bottle Manufacturer","article_modified_time":"2025-07-10T07:44:49+00:00","og_image":[{"width":730,"height":730,"url":"https:\/\/www.dillerbottle.com\/wp-content\/uploads\/2024\/09\/newborn-baby-milk-bottle26399397136.jpg","type":"image\/jpeg"}],"twitter_card":"summary_large_image","twitter_misc":{"Tiempo de lectura":"3 minutos"},"schema":{"@context":"https:\/\/schema.org","@graph":[{"@type":"WebPage","@id":"https:\/\/www.dillerbottle.com\/ko\/%ec%a0%9c%ed%92%88\/%ec%8b%a0%ec%83%9d%ec%95%84%ec%9a%a9-%ec%9a%b0%ec%9c%a0%eb%b3%91","url":"https:\/\/www.dillerbottle.com\/ko\/%ec%a0%9c%ed%92%88\/%ec%8b%a0%ec%83%9d%ec%95%84%ec%9a%a9-%ec%9a%b0%ec%9c%a0%eb%b3%91","name":"Biber\u00f3n para reci\u00e9n nacidos - Fabricante de biberones Diller","isPartOf":{"@id":"https:\/\/www.dillerbottle.com\/#website"},"primaryImageOfPage":{"@id":"https:\/\/www.dillerbottle.com\/ko\/%ec%a0%9c%ed%92%88\/%ec%8b%a0%ec%83%9d%ec%95%84%ec%9a%a9-%ec%9a%b0%ec%9c%a0%eb%b3%91#primaryimage"},"image":{"@id":"https:\/\/www.dillerbottle.com\/ko\/%ec%a0%9c%ed%92%88\/%ec%8b%a0%ec%83%9d%ec%95%84%ec%9a%a9-%ec%9a%b0%ec%9c%a0%eb%b3%91#primaryimage"},"thumbnailUrl":"https:\/\/www.dillerbottle.com\/wp-content\/uploads\/2024\/09\/newborn-baby-milk-bottle26399397136.jpg","datePublished":"2024-09-25T08:47:00+00:00","dateModified":"2025-07-10T07:44:49+00:00","description":"Como uno de los mejores fabricantes y proveedores de biberones para reci\u00e9n nacidos, nos dedicamos a la fabricaci\u00f3n de biberones de buena calidad. Le damos una c\u00e1lida bienvenida para que compre biberones para reci\u00e9n nacidos hechos a medida o al por mayor a un precio competitivo. Tambi\u00e9n aceptamos pedidos de peque\u00f1as cantidades.","breadcrumb":{"@id":"https:\/\/www.dillerbottle.com\/ko\/%ec%a0%9c%ed%92%88\/%ec%8b%a0%ec%83%9d%ec%95%84%ec%9a%a9-%ec%9a%b0%ec%9c%a0%eb%b3%91#breadcrumb"},"inLanguage":"es","potentialAction":[{"@type":"ReadAction","target":["https:\/\/www.dillerbottle.com\/ko\/%ec%a0%9c%ed%92%88\/%ec%8b%a0%ec%83%9d%ec%95%84%ec%9a%a9-%ec%9a%b0%ec%9c%a0%eb%b3%91"]}]},{"@type":"ImageObject","inLanguage":"es","@id":"https:\/\/www.dillerbottle.com\/ko\/%ec%a0%9c%ed%92%88\/%ec%8b%a0%ec%83%9d%ec%95%84%ec%9a%a9-%ec%9a%b0%ec%9c%a0%eb%b3%91#primaryimage","url":"https:\/\/www.dillerbottle.com\/wp-content\/uploads\/2024\/09\/newborn-baby-milk-bottle26399397136.jpg","contentUrl":"https:\/\/www.dillerbottle.com\/wp-content\/uploads\/2024\/09\/newborn-baby-milk-bottle26399397136.jpg","width":730,"height":730},{"@type":"BreadcrumbList","@id":"https:\/\/www.dillerbottle.com\/ko\/%ec%a0%9c%ed%92%88\/%ec%8b%a0%ec%83%9d%ec%95%84%ec%9a%a9-%ec%9a%b0%ec%9c%a0%eb%b3%91#breadcrumb","itemListElement":[{"@type":"ListItem","position":1,"name":"Home","item":"https:\/\/www.dillerbottle.com\/"},{"@type":"ListItem","position":2,"name":"Products","item":"https:\/\/www.dillerbottle.com\/shop"},{"@type":"ListItem","position":3,"name":"Newborn Baby Milk Bottle"}]},{"@type":"WebSite","@id":"https:\/\/www.dillerbottle.com\/#website","url":"https:\/\/www.dillerbottle.com\/","name":"Fabricante de botellas de agua Diller","description":"Fabricante de botellas de agua","publisher":{"@id":"https:\/\/www.dillerbottle.com\/#organization"},"potentialAction":[{"@type":"SearchAction","target":{"@type":"EntryPoint","urlTemplate":"https:\/\/www.dillerbottle.com\/?s={search_term_string}"},"query-input":{"@type":"PropertyValueSpecification","valueRequired":true,"valueName":"search_term_string"}}],"inLanguage":"es"},{"@type":"Organization","@id":"https:\/\/www.dillerbottle.com\/#organization","name":"Fabricante de botellas de agua Diller","url":"https:\/\/www.dillerbottle.com\/","logo":{"@type":"ImageObject","inLanguage":"es","@id":"https:\/\/www.dillerbottle.com\/#\/schema\/logo\/image\/","url":"https:\/\/www.dillerbottle.com\/wp-content\/uploads\/2024\/09\/49918bfa848dcc1e9f8b509933603ac.png","contentUrl":"https:\/\/www.dillerbottle.com\/wp-content\/uploads\/2024\/09\/49918bfa848dcc1e9f8b509933603ac.png","width":988,"height":198,"caption":"Diller Water Bottle Manufacturer"},"image":{"@id":"https:\/\/www.dillerbottle.com\/#\/schema\/logo\/image\/"}}]}},"_links":{"self":[{"href":"https:\/\/www.dillerbottle.com\/es\/wp-json\/wp\/v2\/product\/2602","targetHints":{"allow":["GET"]}}],"collection":[{"href":"https:\/\/www.dillerbottle.com\/es\/wp-json\/wp\/v2\/product"}],"about":[{"href":"https:\/\/www.dillerbottle.com\/es\/wp-json\/wp\/v2\/types\/product"}],"replies":[{"embeddable":true,"href":"https:\/\/www.dillerbottle.com\/es\/wp-json\/wp\/v2\/comments?post=2602"}],"wp:featuredmedia":[{"embeddable":true,"href":"https:\/\/www.dillerbottle.com\/es\/wp-json\/wp\/v2\/media\/2603"}],"wp:attachment":[{"href":"https:\/\/www.dillerbottle.com\/es\/wp-json\/wp\/v2\/media?parent=2602"}],"wp:term":[{"taxonomy":"product_brand","embeddable":true,"href":"https:\/\/www.dillerbottle.com\/es\/wp-json\/wp\/v2\/product_brand?post=2602"},{"taxonomy":"product_cat","embeddable":true,"href":"https:\/\/www.dillerbottle.com\/es\/wp-json\/wp\/v2\/product_cat?post=2602"},{"taxonomy":"product_tag","embeddable":true,"href":"https:\/\/www.dillerbottle.com\/es\/wp-json\/wp\/v2\/product_tag?post=2602"}],"curies":[{"name":"Gracias","href":"https:\/\/api.w.org\/{rel}","templated":true}]}}