{"id":2790,"date":"2024-09-26T09:38:48","date_gmt":"2024-09-26T01:38:48","guid":{"rendered":"https:\/\/demo.dillerbottle.com\/uncategorized\/sakura-pattern-thermal-food-jar"},"modified":"2025-07-10T15:40:12","modified_gmt":"2025-07-10T07:40:12","slug":"recipiente-termico-para-alimentos-con-estampado-de-sakura","status":"publish","type":"product","link":"https:\/\/www.dillerbottle.com\/es\/products\/sakura-pattern-thermal-food-jar","title":{"rendered":"Recipiente t\u00e9rmico para alimentos con dise\u00f1o de sakura"},"content":{"rendered":"<p>Caracter\u00edsticas:<br \/>\n1. El termo para alimentos con dise\u00f1o de sakura est\u00e1 hecho de acero inoxidable 316 apto para uso alimentario, que es seguro, no t\u00f3xico, resistente a la corrosi\u00f3n y muy duradero. Puede mantener la temperatura y la frescura de los alimentos durante mucho tiempo.<\/p>\n<p>2. El tap\u00f3n de la botella est\u00e1 equipado con una cuchara de acero inoxidable plegable, que es c\u00f3moda de transportar y no ocupa espacio.<\/p>\n<p>3. La tapa de un tarro de comida se puede utilizar como un peque\u00f1o recipiente para guardar la comida. La boca ancha de la botella facilita la introducci\u00f3n y el vaciado de la comida, y tambi\u00e9n es m\u00e1s c\u00f3moda de limpiar despu\u00e9s de su uso.<\/p>\n<p>4. El cuerpo de la taza tiene un patr\u00f3n original de flores de cerezo, que agrega hermosos colores a la vida.<\/p>","protected":false},"excerpt":{"rendered":"<p>Este recipiente t\u00e9rmico para alimentos con dise\u00f1o de sakura est\u00e1 fabricado con acero inoxidable 316 duradero y materiales de calidad alimentaria.<br \/>\nEste recipiente para alimentos aislado de acero inoxidable puede mantener la comida caliente hasta por 12 horas y helada hasta por 18 horas.<br \/>\nEl recipiente para comida tiene una cuchara plegable, lo cual es conveniente y no ocupa espacio.<br \/>\nLa tapa de la taza se puede utilizar como un recipiente peque\u00f1o.<br \/>\nAcepte logotipo y patr\u00f3n personalizados.<br \/>\nPodemos personalizar el tarro de comida seg\u00fan sus requisitos.<\/p>","protected":false},"featured_media":2791,"comment_status":"open","ping_status":"closed","template":"","meta":{"_acf_changed":false},"product_brand":[],"product_cat":[108],"product_tag":[120,32,112,36,33,31,39,38,139,29,37,34,138,35,28,141,140,130,30],"class_list":{"0":"post-2790","1":"product","2":"type-product","3":"status-publish","4":"has-post-thumbnail","6":"product_cat-insulated-food-jar","7":"product_tag-316-thermal-food-jar","8":"product_tag-best","9":"product_tag-braised-beaker","10":"product_tag-bulk","11":"product_tag-buy","12":"product_tag-custom","13":"product_tag-for-sale","14":"product_tag-good-quality","15":"product_tag-hot-and-cold-thermal-food-container","16":"product_tag-manufacturers","17":"product_tag-manufacturing","18":"product_tag-price","19":"product_tag-sakura-pattern-thermal-food-jar","20":"product_tag-small","21":"product_tag-suppliers","22":"product_tag-thermal-container-for-food","23":"product_tag-thermal-hot-food-container","24":"product_tag-thermal-stainless-steel-food-jar","25":"product_tag-wholesale","27":"first","28":"instock","29":"shipping-taxable","30":"product-type-simple"},"acf":[],"yoast_head":"<!-- This site is optimized with the Yoast SEO Premium plugin v27.4 (Yoast SEO v27.4) - https:\/\/yoast.com\/product\/yoast-seo-premium-wordpress\/ -->\n<title>Sakura Pattern Thermal Food Jar - Diller Water Bottle Manufacturer<\/title>\n<meta name=\"description\" content=\"As one of the best sakura pattern thermal food jar manufacturers and suppliers, we are engaged in manufacturing good quality water bottles. We warmly welcome you to wholesale or buy custom made sakura pattern thermal food jar at competitive price from us. Also, small quantity orders are acceptable.\" \/>\n<meta name=\"robots\" content=\"index, follow, max-snippet:-1, max-image-preview:large, max-video-preview:-1\" \/>\n<link rel=\"canonical\" href=\"https:\/\/www.dillerbottle.com\/es\/productos\/recipiente-termico-para-alimentos-con-estampado-de-sakura\" \/>\n<meta property=\"og:locale\" content=\"es_ES\" \/>\n<meta property=\"og:type\" content=\"article\" \/>\n<meta property=\"og:title\" content=\"Sakura Pattern Thermal Food Jar\" \/>\n<meta property=\"og:description\" content=\"As one of the best sakura pattern thermal food jar manufacturers and suppliers, we are engaged in manufacturing good quality water bottles. We warmly welcome you to wholesale or buy custom made sakura pattern thermal food jar at competitive price from us. Also, small quantity orders are acceptable.\" \/>\n<meta property=\"og:url\" content=\"https:\/\/www.dillerbottle.com\/es\/productos\/recipiente-termico-para-alimentos-con-estampado-de-sakura\" \/>\n<meta property=\"og:site_name\" content=\"Diller Water Bottle Manufacturer\" \/>\n<meta property=\"article:modified_time\" content=\"2025-07-10T07:40:12+00:00\" \/>\n<meta property=\"og:image\" content=\"https:\/\/www.dillerbottle.com\/wp-content\/uploads\/2024\/09\/sakura-pattern-thermal-food-jarfba0db67-7145-4a8c-9e7e-298747ea352d.jpg\" \/>\n\t<meta property=\"og:image:width\" content=\"730\" \/>\n\t<meta property=\"og:image:height\" content=\"730\" \/>\n\t<meta property=\"og:image:type\" content=\"image\/jpeg\" \/>\n<meta name=\"twitter:card\" content=\"summary_large_image\" \/>\n<meta name=\"twitter:label1\" content=\"Tiempo de lectura\" \/>\n\t<meta name=\"twitter:data1\" content=\"6 minutos\" \/>\n<script type=\"application\/ld+json\" class=\"yoast-schema-graph\">{\"@context\":\"https:\\\/\\\/schema.org\",\"@graph\":[{\"@type\":\"WebPage\",\"@id\":\"https:\\\/\\\/www.dillerbottle.com\\\/products\\\/sakura-pattern-thermal-food-jar\",\"url\":\"https:\\\/\\\/www.dillerbottle.com\\\/products\\\/sakura-pattern-thermal-food-jar\",\"name\":\"Sakura Pattern Thermal Food Jar - Diller Water Bottle Manufacturer\",\"isPartOf\":{\"@id\":\"https:\\\/\\\/www.dillerbottle.com\\\/#website\"},\"primaryImageOfPage\":{\"@id\":\"https:\\\/\\\/www.dillerbottle.com\\\/products\\\/sakura-pattern-thermal-food-jar#primaryimage\"},\"image\":{\"@id\":\"https:\\\/\\\/www.dillerbottle.com\\\/products\\\/sakura-pattern-thermal-food-jar#primaryimage\"},\"thumbnailUrl\":\"https:\\\/\\\/www.dillerbottle.com\\\/wp-content\\\/uploads\\\/2024\\\/09\\\/sakura-pattern-thermal-food-jarfba0db67-7145-4a8c-9e7e-298747ea352d.jpg\",\"datePublished\":\"2024-09-26T01:38:48+00:00\",\"dateModified\":\"2025-07-10T07:40:12+00:00\",\"description\":\"As one of the best sakura pattern thermal food jar manufacturers and suppliers, we are engaged in manufacturing good quality water bottles. We warmly welcome you to wholesale or buy custom made sakura pattern thermal food jar at competitive price from us. Also, small quantity orders are acceptable.\",\"breadcrumb\":{\"@id\":\"https:\\\/\\\/www.dillerbottle.com\\\/products\\\/sakura-pattern-thermal-food-jar#breadcrumb\"},\"inLanguage\":\"es\",\"potentialAction\":[{\"@type\":\"ReadAction\",\"target\":[\"https:\\\/\\\/www.dillerbottle.com\\\/products\\\/sakura-pattern-thermal-food-jar\"]}]},{\"@type\":\"ImageObject\",\"inLanguage\":\"es\",\"@id\":\"https:\\\/\\\/www.dillerbottle.com\\\/products\\\/sakura-pattern-thermal-food-jar#primaryimage\",\"url\":\"https:\\\/\\\/www.dillerbottle.com\\\/wp-content\\\/uploads\\\/2024\\\/09\\\/sakura-pattern-thermal-food-jarfba0db67-7145-4a8c-9e7e-298747ea352d.jpg\",\"contentUrl\":\"https:\\\/\\\/www.dillerbottle.com\\\/wp-content\\\/uploads\\\/2024\\\/09\\\/sakura-pattern-thermal-food-jarfba0db67-7145-4a8c-9e7e-298747ea352d.jpg\",\"width\":730,\"height\":730},{\"@type\":\"BreadcrumbList\",\"@id\":\"https:\\\/\\\/www.dillerbottle.com\\\/products\\\/sakura-pattern-thermal-food-jar#breadcrumb\",\"itemListElement\":[{\"@type\":\"ListItem\",\"position\":1,\"name\":\"Home\",\"item\":\"https:\\\/\\\/www.dillerbottle.com\\\/\"},{\"@type\":\"ListItem\",\"position\":2,\"name\":\"Products\",\"item\":\"https:\\\/\\\/www.dillerbottle.com\\\/shop\"},{\"@type\":\"ListItem\",\"position\":3,\"name\":\"Sakura Pattern Thermal Food Jar\"}]},{\"@type\":\"WebSite\",\"@id\":\"https:\\\/\\\/www.dillerbottle.com\\\/#website\",\"url\":\"https:\\\/\\\/www.dillerbottle.com\\\/\",\"name\":\"Diller Water Bottle Manufacturer\",\"description\":\"Water Bottle Manufacturer\",\"publisher\":{\"@id\":\"https:\\\/\\\/www.dillerbottle.com\\\/#organization\"},\"potentialAction\":[{\"@type\":\"SearchAction\",\"target\":{\"@type\":\"EntryPoint\",\"urlTemplate\":\"https:\\\/\\\/www.dillerbottle.com\\\/?s={search_term_string}\"},\"query-input\":{\"@type\":\"PropertyValueSpecification\",\"valueRequired\":true,\"valueName\":\"search_term_string\"}}],\"inLanguage\":\"es\"},{\"@type\":\"Organization\",\"@id\":\"https:\\\/\\\/www.dillerbottle.com\\\/#organization\",\"name\":\"Diller Water Bottle Manufacturer\",\"url\":\"https:\\\/\\\/www.dillerbottle.com\\\/\",\"logo\":{\"@type\":\"ImageObject\",\"inLanguage\":\"es\",\"@id\":\"https:\\\/\\\/www.dillerbottle.com\\\/#\\\/schema\\\/logo\\\/image\\\/\",\"url\":\"https:\\\/\\\/www.dillerbottle.com\\\/wp-content\\\/uploads\\\/2024\\\/09\\\/49918bfa848dcc1e9f8b509933603ac.png\",\"contentUrl\":\"https:\\\/\\\/www.dillerbottle.com\\\/wp-content\\\/uploads\\\/2024\\\/09\\\/49918bfa848dcc1e9f8b509933603ac.png\",\"width\":988,\"height\":198,\"caption\":\"Diller Water Bottle Manufacturer\"},\"image\":{\"@id\":\"https:\\\/\\\/www.dillerbottle.com\\\/#\\\/schema\\\/logo\\\/image\\\/\"}}]}<\/script>\n<!-- \/ Yoast SEO Premium plugin. -->","yoast_head_json":{"title":"Botella t\u00e9rmica para alimentos con dise\u00f1o de sakura - Fabricante de botellas de agua Diller","description":"Como uno de los mejores fabricantes y proveedores de frascos t\u00e9rmicos para alimentos con dise\u00f1o de sakura, nos dedicamos a la fabricaci\u00f3n de botellas de agua de buena calidad. Le damos una c\u00e1lida bienvenida para que compre al por mayor o frascos t\u00e9rmicos para alimentos con dise\u00f1o de sakura hechos a medida a un precio competitivo. Adem\u00e1s, aceptamos pedidos de peque\u00f1as cantidades.","robots":{"index":"index","follow":"follow","max-snippet":"max-snippet:-1","max-image-preview":"max-image-preview:large","max-video-preview":"max-video-preview:-1"},"canonical":"https:\/\/www.dillerbottle.com\/es\/productos\/recipiente-termico-para-alimentos-con-estampado-de-sakura","og_locale":"es_ES","og_type":"article","og_title":"Sakura Pattern Thermal Food Jar","og_description":"As one of the best sakura pattern thermal food jar manufacturers and suppliers, we are engaged in manufacturing good quality water bottles. We warmly welcome you to wholesale or buy custom made sakura pattern thermal food jar at competitive price from us. Also, small quantity orders are acceptable.","og_url":"https:\/\/www.dillerbottle.com\/es\/productos\/recipiente-termico-para-alimentos-con-estampado-de-sakura","og_site_name":"Diller Water Bottle Manufacturer","article_modified_time":"2025-07-10T07:40:12+00:00","og_image":[{"width":730,"height":730,"url":"https:\/\/www.dillerbottle.com\/wp-content\/uploads\/2024\/09\/sakura-pattern-thermal-food-jarfba0db67-7145-4a8c-9e7e-298747ea352d.jpg","type":"image\/jpeg"}],"twitter_card":"summary_large_image","twitter_misc":{"Tiempo de lectura":"6 minutos"},"schema":{"@context":"https:\/\/schema.org","@graph":[{"@type":"WebPage","@id":"https:\/\/www.dillerbottle.com\/products\/sakura-pattern-thermal-food-jar","url":"https:\/\/www.dillerbottle.com\/products\/sakura-pattern-thermal-food-jar","name":"Botella t\u00e9rmica para alimentos con dise\u00f1o de sakura - Fabricante de botellas de agua Diller","isPartOf":{"@id":"https:\/\/www.dillerbottle.com\/#website"},"primaryImageOfPage":{"@id":"https:\/\/www.dillerbottle.com\/products\/sakura-pattern-thermal-food-jar#primaryimage"},"image":{"@id":"https:\/\/www.dillerbottle.com\/products\/sakura-pattern-thermal-food-jar#primaryimage"},"thumbnailUrl":"https:\/\/www.dillerbottle.com\/wp-content\/uploads\/2024\/09\/sakura-pattern-thermal-food-jarfba0db67-7145-4a8c-9e7e-298747ea352d.jpg","datePublished":"2024-09-26T01:38:48+00:00","dateModified":"2025-07-10T07:40:12+00:00","description":"Como uno de los mejores fabricantes y proveedores de frascos t\u00e9rmicos para alimentos con dise\u00f1o de sakura, nos dedicamos a la fabricaci\u00f3n de botellas de agua de buena calidad. Le damos una c\u00e1lida bienvenida para que compre al por mayor o frascos t\u00e9rmicos para alimentos con dise\u00f1o de sakura hechos a medida a un precio competitivo. Adem\u00e1s, aceptamos pedidos de peque\u00f1as cantidades.","breadcrumb":{"@id":"https:\/\/www.dillerbottle.com\/products\/sakura-pattern-thermal-food-jar#breadcrumb"},"inLanguage":"es","potentialAction":[{"@type":"ReadAction","target":["https:\/\/www.dillerbottle.com\/products\/sakura-pattern-thermal-food-jar"]}]},{"@type":"ImageObject","inLanguage":"es","@id":"https:\/\/www.dillerbottle.com\/products\/sakura-pattern-thermal-food-jar#primaryimage","url":"https:\/\/www.dillerbottle.com\/wp-content\/uploads\/2024\/09\/sakura-pattern-thermal-food-jarfba0db67-7145-4a8c-9e7e-298747ea352d.jpg","contentUrl":"https:\/\/www.dillerbottle.com\/wp-content\/uploads\/2024\/09\/sakura-pattern-thermal-food-jarfba0db67-7145-4a8c-9e7e-298747ea352d.jpg","width":730,"height":730},{"@type":"BreadcrumbList","@id":"https:\/\/www.dillerbottle.com\/products\/sakura-pattern-thermal-food-jar#breadcrumb","itemListElement":[{"@type":"ListItem","position":1,"name":"Home","item":"https:\/\/www.dillerbottle.com\/"},{"@type":"ListItem","position":2,"name":"Products","item":"https:\/\/www.dillerbottle.com\/shop"},{"@type":"ListItem","position":3,"name":"Sakura Pattern Thermal Food Jar"}]},{"@type":"WebSite","@id":"https:\/\/www.dillerbottle.com\/#website","url":"https:\/\/www.dillerbottle.com\/","name":"Fabricante de botellas de agua Diller","description":"Fabricante de botellas de agua","publisher":{"@id":"https:\/\/www.dillerbottle.com\/#organization"},"potentialAction":[{"@type":"SearchAction","target":{"@type":"EntryPoint","urlTemplate":"https:\/\/www.dillerbottle.com\/?s={search_term_string}"},"query-input":{"@type":"PropertyValueSpecification","valueRequired":true,"valueName":"search_term_string"}}],"inLanguage":"es"},{"@type":"Organization","@id":"https:\/\/www.dillerbottle.com\/#organization","name":"Fabricante de botellas de agua Diller","url":"https:\/\/www.dillerbottle.com\/","logo":{"@type":"ImageObject","inLanguage":"es","@id":"https:\/\/www.dillerbottle.com\/#\/schema\/logo\/image\/","url":"https:\/\/www.dillerbottle.com\/wp-content\/uploads\/2024\/09\/49918bfa848dcc1e9f8b509933603ac.png","contentUrl":"https:\/\/www.dillerbottle.com\/wp-content\/uploads\/2024\/09\/49918bfa848dcc1e9f8b509933603ac.png","width":988,"height":198,"caption":"Diller Water Bottle Manufacturer"},"image":{"@id":"https:\/\/www.dillerbottle.com\/#\/schema\/logo\/image\/"}}]}},"_links":{"self":[{"href":"https:\/\/www.dillerbottle.com\/es\/wp-json\/wp\/v2\/product\/2790","targetHints":{"allow":["GET"]}}],"collection":[{"href":"https:\/\/www.dillerbottle.com\/es\/wp-json\/wp\/v2\/product"}],"about":[{"href":"https:\/\/www.dillerbottle.com\/es\/wp-json\/wp\/v2\/types\/product"}],"replies":[{"embeddable":true,"href":"https:\/\/www.dillerbottle.com\/es\/wp-json\/wp\/v2\/comments?post=2790"}],"wp:featuredmedia":[{"embeddable":true,"href":"https:\/\/www.dillerbottle.com\/es\/wp-json\/wp\/v2\/media\/2791"}],"wp:attachment":[{"href":"https:\/\/www.dillerbottle.com\/es\/wp-json\/wp\/v2\/media?parent=2790"}],"wp:term":[{"taxonomy":"product_brand","embeddable":true,"href":"https:\/\/www.dillerbottle.com\/es\/wp-json\/wp\/v2\/product_brand?post=2790"},{"taxonomy":"product_cat","embeddable":true,"href":"https:\/\/www.dillerbottle.com\/es\/wp-json\/wp\/v2\/product_cat?post=2790"},{"taxonomy":"product_tag","embeddable":true,"href":"https:\/\/www.dillerbottle.com\/es\/wp-json\/wp\/v2\/product_tag?post=2790"}],"curies":[{"name":"Gracias","href":"https:\/\/api.w.org\/{rel}","templated":true}]}}