{"id":3119,"date":"2024-09-26T10:01:59","date_gmt":"2024-09-26T02:01:59","guid":{"rendered":"https:\/\/demo.dillerbottle.com\/uncategorized\/portable-household-thermo-jug"},"modified":"2025-07-10T15:24:19","modified_gmt":"2025-07-10T07:24:19","slug":"jarra-termica-portatil-para-el-hogar","status":"publish","type":"product","link":"https:\/\/www.dillerbottle.com\/es\/products\/portable-household-thermo-jug","title":{"rendered":"Jarra t\u00e9rmica port\u00e1til para el hogar"},"content":{"rendered":"<p>Caracter\u00edstica:<br \/>\n1. La jarra t\u00e9rmica port\u00e1til para el hogar est\u00e1 hecha de acero inoxidable de alta calidad con una estructura de vac\u00edo de doble pared, que puede mantener las bebidas fr\u00edas y calientes durante mucho tiempo.<\/p>\n<p>2. Cada curva, asa y bot\u00f3n de esta jarra t\u00e9rmica se cre\u00f3 pensando en la comodidad y la facilidad de uso. La jarra t\u00e9rmica es herm\u00e9tica y a prueba de fugas, con un bot\u00f3n pulsador para una liberaci\u00f3n instant\u00e1nea.<\/p>\n<p>3. Dise\u00f1o de bot\u00f3n pulsador, vertido f\u00e1cil: cuenta con un mango adiab\u00e1tico ergon\u00f3mico de f\u00e1cil agarre, adem\u00e1s de un bot\u00f3n pulsador simple que hace que el vertido con una sola mano sea m\u00e1s conveniente.<\/p>","protected":false},"excerpt":{"rendered":"<p>Esta jarra t\u00e9rmica port\u00e1til para el hogar est\u00e1 hecha de acero inoxidable 304 y materiales de calidad alimentaria.<br \/>\nEste hervidor aislado puede mantener el contenido caliente o helado durante 12 a 24 horas.<br \/>\nDise\u00f1o de bot\u00f3n pulsador, vertido f\u00e1cil: cuenta con un mango adiab\u00e1tico ergon\u00f3mico de f\u00e1cil agarre, adem\u00e1s de un bot\u00f3n pulsador simple que hace que el vertido con una sola mano sea m\u00e1s conveniente.<br \/>\nEl hervidor tiene un anillo de silicona sellado y no gotear\u00e1 incluso cuando se invierta 360 \u00b0.<br \/>\nOEM y ODM aceptables.<br \/>\nPodemos personalizar el hervidor seg\u00fan sus necesidades.<br \/>\n\u00a1Bienvenido a la compra al por mayor, env\u00ede su consulta ahora!<\/p>","protected":false},"featured_media":3120,"comment_status":"open","ping_status":"closed","template":"","meta":{"_acf_changed":false},"product_brand":[],"product_cat":[1084],"product_tag":[32,36,33,31,39,38,190,29,37,189,34,35,28,30],"class_list":{"0":"post-3119","1":"product","2":"type-product","3":"status-publish","4":"has-post-thumbnail","6":"product_cat-kettle","7":"product_tag-best","8":"product_tag-bulk","9":"product_tag-buy","10":"product_tag-custom","11":"product_tag-for-sale","12":"product_tag-good-quality","13":"product_tag-kettle","14":"product_tag-manufacturers","15":"product_tag-manufacturing","16":"product_tag-portable-household-thermo-jug","17":"product_tag-price","18":"product_tag-small","19":"product_tag-suppliers","20":"product_tag-wholesale","22":"first","23":"instock","24":"shipping-taxable","25":"product-type-simple"},"acf":[],"yoast_head":"<!-- This site is optimized with the Yoast SEO Premium plugin v27.5 (Yoast SEO v27.5) - https:\/\/yoast.com\/product\/yoast-seo-premium-wordpress\/ -->\n<title>Portable Household Thermo Jug - Diller Water Bottle Manufacturer<\/title>\n<meta name=\"description\" content=\"As one of the best portable household thermo jug manufacturers and suppliers, we are engaged in manufacturing good quality water bottles. We warmly welcome you to wholesale or buy custom made portable household thermo jug at competitive price from us. Also, small quantity orders are acceptable.\" \/>\n<meta name=\"robots\" content=\"index, follow, max-snippet:-1, max-image-preview:large, max-video-preview:-1\" \/>\n<link rel=\"canonical\" href=\"https:\/\/www.dillerbottle.com\/es\/productos\/jarra-termica-portatil-para-el-hogar\" \/>\n<meta property=\"og:locale\" content=\"es_ES\" \/>\n<meta property=\"og:type\" content=\"article\" \/>\n<meta property=\"og:title\" content=\"Portable Household Thermo Jug\" \/>\n<meta property=\"og:description\" content=\"As one of the best portable household thermo jug manufacturers and suppliers, we are engaged in manufacturing good quality water bottles. We warmly welcome you to wholesale or buy custom made portable household thermo jug at competitive price from us. Also, small quantity orders are acceptable.\" \/>\n<meta property=\"og:url\" content=\"https:\/\/www.dillerbottle.com\/es\/productos\/jarra-termica-portatil-para-el-hogar\" \/>\n<meta property=\"og:site_name\" content=\"Diller Water Bottle Manufacturer\" \/>\n<meta property=\"article:modified_time\" content=\"2025-07-10T07:24:19+00:00\" \/>\n<meta property=\"og:image\" content=\"https:\/\/www.dillerbottle.com\/wp-content\/uploads\/2024\/09\/portable-household-thermo-jug77550651-a7a2-44ff-933d-ddc111a1214f.jpg\" \/>\n\t<meta property=\"og:image:width\" content=\"730\" \/>\n\t<meta property=\"og:image:height\" content=\"730\" \/>\n\t<meta property=\"og:image:type\" content=\"image\/jpeg\" \/>\n<meta name=\"twitter:card\" content=\"summary_large_image\" \/>\n<meta name=\"twitter:label1\" content=\"Tiempo de lectura\" \/>\n\t<meta name=\"twitter:data1\" content=\"6 minutos\" \/>\n<script type=\"application\/ld+json\" class=\"yoast-schema-graph\">{\"@context\":\"https:\\\/\\\/schema.org\",\"@graph\":[{\"@type\":\"WebPage\",\"@id\":\"https:\\\/\\\/www.dillerbottle.com\\\/ru\\\/%d0%bf%d1%80%d0%be%d0%b4%d1%83%d0%ba%d1%82%d1%8b\\\/%d0%bf%d0%be%d1%80%d1%82%d0%b0%d1%82%d0%b8%d0%b2%d0%bd%d1%8b%d0%b9-%d0%b1%d1%8b%d1%82%d0%be%d0%b2%d0%be%d0%b9-%d1%82%d0%b5%d1%80%d0%bc%d0%be%d0%ba%d1%83%d0%b2%d1%88%d0%b8%d0%bd\",\"url\":\"https:\\\/\\\/www.dillerbottle.com\\\/ru\\\/%d0%bf%d1%80%d0%be%d0%b4%d1%83%d0%ba%d1%82%d1%8b\\\/%d0%bf%d0%be%d1%80%d1%82%d0%b0%d1%82%d0%b8%d0%b2%d0%bd%d1%8b%d0%b9-%d0%b1%d1%8b%d1%82%d0%be%d0%b2%d0%be%d0%b9-%d1%82%d0%b5%d1%80%d0%bc%d0%be%d0%ba%d1%83%d0%b2%d1%88%d0%b8%d0%bd\",\"name\":\"Portable Household Thermo Jug - Diller Water Bottle Manufacturer\",\"isPartOf\":{\"@id\":\"https:\\\/\\\/www.dillerbottle.com\\\/#website\"},\"primaryImageOfPage\":{\"@id\":\"https:\\\/\\\/www.dillerbottle.com\\\/ru\\\/%d0%bf%d1%80%d0%be%d0%b4%d1%83%d0%ba%d1%82%d1%8b\\\/%d0%bf%d0%be%d1%80%d1%82%d0%b0%d1%82%d0%b8%d0%b2%d0%bd%d1%8b%d0%b9-%d0%b1%d1%8b%d1%82%d0%be%d0%b2%d0%be%d0%b9-%d1%82%d0%b5%d1%80%d0%bc%d0%be%d0%ba%d1%83%d0%b2%d1%88%d0%b8%d0%bd#primaryimage\"},\"image\":{\"@id\":\"https:\\\/\\\/www.dillerbottle.com\\\/ru\\\/%d0%bf%d1%80%d0%be%d0%b4%d1%83%d0%ba%d1%82%d1%8b\\\/%d0%bf%d0%be%d1%80%d1%82%d0%b0%d1%82%d0%b8%d0%b2%d0%bd%d1%8b%d0%b9-%d0%b1%d1%8b%d1%82%d0%be%d0%b2%d0%be%d0%b9-%d1%82%d0%b5%d1%80%d0%bc%d0%be%d0%ba%d1%83%d0%b2%d1%88%d0%b8%d0%bd#primaryimage\"},\"thumbnailUrl\":\"https:\\\/\\\/www.dillerbottle.com\\\/wp-content\\\/uploads\\\/2024\\\/09\\\/portable-household-thermo-jug77550651-a7a2-44ff-933d-ddc111a1214f.jpg\",\"datePublished\":\"2024-09-26T02:01:59+00:00\",\"dateModified\":\"2025-07-10T07:24:19+00:00\",\"description\":\"As one of the best portable household thermo jug manufacturers and suppliers, we are engaged in manufacturing good quality water bottles. We warmly welcome you to wholesale or buy custom made portable household thermo jug at competitive price from us. Also, small quantity orders are acceptable.\",\"breadcrumb\":{\"@id\":\"https:\\\/\\\/www.dillerbottle.com\\\/ru\\\/%d0%bf%d1%80%d0%be%d0%b4%d1%83%d0%ba%d1%82%d1%8b\\\/%d0%bf%d0%be%d1%80%d1%82%d0%b0%d1%82%d0%b8%d0%b2%d0%bd%d1%8b%d0%b9-%d0%b1%d1%8b%d1%82%d0%be%d0%b2%d0%be%d0%b9-%d1%82%d0%b5%d1%80%d0%bc%d0%be%d0%ba%d1%83%d0%b2%d1%88%d0%b8%d0%bd#breadcrumb\"},\"inLanguage\":\"es\",\"potentialAction\":[{\"@type\":\"ReadAction\",\"target\":[\"https:\\\/\\\/www.dillerbottle.com\\\/ru\\\/%d0%bf%d1%80%d0%be%d0%b4%d1%83%d0%ba%d1%82%d1%8b\\\/%d0%bf%d0%be%d1%80%d1%82%d0%b0%d1%82%d0%b8%d0%b2%d0%bd%d1%8b%d0%b9-%d0%b1%d1%8b%d1%82%d0%be%d0%b2%d0%be%d0%b9-%d1%82%d0%b5%d1%80%d0%bc%d0%be%d0%ba%d1%83%d0%b2%d1%88%d0%b8%d0%bd\"]}]},{\"@type\":\"ImageObject\",\"inLanguage\":\"es\",\"@id\":\"https:\\\/\\\/www.dillerbottle.com\\\/ru\\\/%d0%bf%d1%80%d0%be%d0%b4%d1%83%d0%ba%d1%82%d1%8b\\\/%d0%bf%d0%be%d1%80%d1%82%d0%b0%d1%82%d0%b8%d0%b2%d0%bd%d1%8b%d0%b9-%d0%b1%d1%8b%d1%82%d0%be%d0%b2%d0%be%d0%b9-%d1%82%d0%b5%d1%80%d0%bc%d0%be%d0%ba%d1%83%d0%b2%d1%88%d0%b8%d0%bd#primaryimage\",\"url\":\"https:\\\/\\\/www.dillerbottle.com\\\/wp-content\\\/uploads\\\/2024\\\/09\\\/portable-household-thermo-jug77550651-a7a2-44ff-933d-ddc111a1214f.jpg\",\"contentUrl\":\"https:\\\/\\\/www.dillerbottle.com\\\/wp-content\\\/uploads\\\/2024\\\/09\\\/portable-household-thermo-jug77550651-a7a2-44ff-933d-ddc111a1214f.jpg\",\"width\":730,\"height\":730},{\"@type\":\"BreadcrumbList\",\"@id\":\"https:\\\/\\\/www.dillerbottle.com\\\/ru\\\/%d0%bf%d1%80%d0%be%d0%b4%d1%83%d0%ba%d1%82%d1%8b\\\/%d0%bf%d0%be%d1%80%d1%82%d0%b0%d1%82%d0%b8%d0%b2%d0%bd%d1%8b%d0%b9-%d0%b1%d1%8b%d1%82%d0%be%d0%b2%d0%be%d0%b9-%d1%82%d0%b5%d1%80%d0%bc%d0%be%d0%ba%d1%83%d0%b2%d1%88%d0%b8%d0%bd#breadcrumb\",\"itemListElement\":[{\"@type\":\"ListItem\",\"position\":1,\"name\":\"Home\",\"item\":\"https:\\\/\\\/www.dillerbottle.com\\\/\"},{\"@type\":\"ListItem\",\"position\":2,\"name\":\"Products\",\"item\":\"https:\\\/\\\/www.dillerbottle.com\\\/shop\"},{\"@type\":\"ListItem\",\"position\":3,\"name\":\"Portable Household Thermo Jug\"}]},{\"@type\":\"WebSite\",\"@id\":\"https:\\\/\\\/www.dillerbottle.com\\\/#website\",\"url\":\"https:\\\/\\\/www.dillerbottle.com\\\/\",\"name\":\"Diller Water Bottle Manufacturer\",\"description\":\"Water Bottle Manufacturer\",\"publisher\":{\"@id\":\"https:\\\/\\\/www.dillerbottle.com\\\/#organization\"},\"potentialAction\":[{\"@type\":\"SearchAction\",\"target\":{\"@type\":\"EntryPoint\",\"urlTemplate\":\"https:\\\/\\\/www.dillerbottle.com\\\/?s={search_term_string}\"},\"query-input\":{\"@type\":\"PropertyValueSpecification\",\"valueRequired\":true,\"valueName\":\"search_term_string\"}}],\"inLanguage\":\"es\"},{\"@type\":\"Organization\",\"@id\":\"https:\\\/\\\/www.dillerbottle.com\\\/#organization\",\"name\":\"Diller Water Bottle Manufacturer\",\"url\":\"https:\\\/\\\/www.dillerbottle.com\\\/\",\"logo\":{\"@type\":\"ImageObject\",\"inLanguage\":\"es\",\"@id\":\"https:\\\/\\\/www.dillerbottle.com\\\/#\\\/schema\\\/logo\\\/image\\\/\",\"url\":\"https:\\\/\\\/www.dillerbottle.com\\\/wp-content\\\/uploads\\\/2024\\\/09\\\/49918bfa848dcc1e9f8b509933603ac.png\",\"contentUrl\":\"https:\\\/\\\/www.dillerbottle.com\\\/wp-content\\\/uploads\\\/2024\\\/09\\\/49918bfa848dcc1e9f8b509933603ac.png\",\"width\":988,\"height\":198,\"caption\":\"Diller Water Bottle Manufacturer\"},\"image\":{\"@id\":\"https:\\\/\\\/www.dillerbottle.com\\\/#\\\/schema\\\/logo\\\/image\\\/\"}}]}<\/script>\n<!-- \/ Yoast SEO Premium plugin. -->","yoast_head_json":{"title":"Jarra t\u00e9rmica port\u00e1til para el hogar - Fabricante de botellas de agua Diller","description":"Como uno de los mejores fabricantes y proveedores de termos port\u00e1tiles para el hogar, nos dedicamos a la fabricaci\u00f3n de botellas de agua de buena calidad. Le damos una c\u00e1lida bienvenida para que compre al por mayor o termos port\u00e1tiles para el hogar hechos a medida a un precio competitivo. Adem\u00e1s, aceptamos pedidos de peque\u00f1as cantidades.","robots":{"index":"index","follow":"follow","max-snippet":"max-snippet:-1","max-image-preview":"max-image-preview:large","max-video-preview":"max-video-preview:-1"},"canonical":"https:\/\/www.dillerbottle.com\/es\/productos\/jarra-termica-portatil-para-el-hogar","og_locale":"es_ES","og_type":"article","og_title":"Portable Household Thermo Jug","og_description":"As one of the best portable household thermo jug manufacturers and suppliers, we are engaged in manufacturing good quality water bottles. We warmly welcome you to wholesale or buy custom made portable household thermo jug at competitive price from us. Also, small quantity orders are acceptable.","og_url":"https:\/\/www.dillerbottle.com\/es\/productos\/jarra-termica-portatil-para-el-hogar","og_site_name":"Diller Water Bottle Manufacturer","article_modified_time":"2025-07-10T07:24:19+00:00","og_image":[{"width":730,"height":730,"url":"https:\/\/www.dillerbottle.com\/wp-content\/uploads\/2024\/09\/portable-household-thermo-jug77550651-a7a2-44ff-933d-ddc111a1214f.jpg","type":"image\/jpeg"}],"twitter_card":"summary_large_image","twitter_misc":{"Tiempo de lectura":"6 minutos"},"schema":{"@context":"https:\/\/schema.org","@graph":[{"@type":"WebPage","@id":"https:\/\/www.dillerbottle.com\/ru\/%d0%bf%d1%80%d0%be%d0%b4%d1%83%d0%ba%d1%82%d1%8b\/%d0%bf%d0%be%d1%80%d1%82%d0%b0%d1%82%d0%b8%d0%b2%d0%bd%d1%8b%d0%b9-%d0%b1%d1%8b%d1%82%d0%be%d0%b2%d0%be%d0%b9-%d1%82%d0%b5%d1%80%d0%bc%d0%be%d0%ba%d1%83%d0%b2%d1%88%d0%b8%d0%bd","url":"https:\/\/www.dillerbottle.com\/ru\/%d0%bf%d1%80%d0%be%d0%b4%d1%83%d0%ba%d1%82%d1%8b\/%d0%bf%d0%be%d1%80%d1%82%d0%b0%d1%82%d0%b8%d0%b2%d0%bd%d1%8b%d0%b9-%d0%b1%d1%8b%d1%82%d0%be%d0%b2%d0%be%d0%b9-%d1%82%d0%b5%d1%80%d0%bc%d0%be%d0%ba%d1%83%d0%b2%d1%88%d0%b8%d0%bd","name":"Jarra t\u00e9rmica port\u00e1til para el hogar - Fabricante de botellas de agua Diller","isPartOf":{"@id":"https:\/\/www.dillerbottle.com\/#website"},"primaryImageOfPage":{"@id":"https:\/\/www.dillerbottle.com\/ru\/%d0%bf%d1%80%d0%be%d0%b4%d1%83%d0%ba%d1%82%d1%8b\/%d0%bf%d0%be%d1%80%d1%82%d0%b0%d1%82%d0%b8%d0%b2%d0%bd%d1%8b%d0%b9-%d0%b1%d1%8b%d1%82%d0%be%d0%b2%d0%be%d0%b9-%d1%82%d0%b5%d1%80%d0%bc%d0%be%d0%ba%d1%83%d0%b2%d1%88%d0%b8%d0%bd#primaryimage"},"image":{"@id":"https:\/\/www.dillerbottle.com\/ru\/%d0%bf%d1%80%d0%be%d0%b4%d1%83%d0%ba%d1%82%d1%8b\/%d0%bf%d0%be%d1%80%d1%82%d0%b0%d1%82%d0%b8%d0%b2%d0%bd%d1%8b%d0%b9-%d0%b1%d1%8b%d1%82%d0%be%d0%b2%d0%be%d0%b9-%d1%82%d0%b5%d1%80%d0%bc%d0%be%d0%ba%d1%83%d0%b2%d1%88%d0%b8%d0%bd#primaryimage"},"thumbnailUrl":"https:\/\/www.dillerbottle.com\/wp-content\/uploads\/2024\/09\/portable-household-thermo-jug77550651-a7a2-44ff-933d-ddc111a1214f.jpg","datePublished":"2024-09-26T02:01:59+00:00","dateModified":"2025-07-10T07:24:19+00:00","description":"Como uno de los mejores fabricantes y proveedores de termos port\u00e1tiles para el hogar, nos dedicamos a la fabricaci\u00f3n de botellas de agua de buena calidad. Le damos una c\u00e1lida bienvenida para que compre al por mayor o termos port\u00e1tiles para el hogar hechos a medida a un precio competitivo. Adem\u00e1s, aceptamos pedidos de peque\u00f1as cantidades.","breadcrumb":{"@id":"https:\/\/www.dillerbottle.com\/ru\/%d0%bf%d1%80%d0%be%d0%b4%d1%83%d0%ba%d1%82%d1%8b\/%d0%bf%d0%be%d1%80%d1%82%d0%b0%d1%82%d0%b8%d0%b2%d0%bd%d1%8b%d0%b9-%d0%b1%d1%8b%d1%82%d0%be%d0%b2%d0%be%d0%b9-%d1%82%d0%b5%d1%80%d0%bc%d0%be%d0%ba%d1%83%d0%b2%d1%88%d0%b8%d0%bd#breadcrumb"},"inLanguage":"es","potentialAction":[{"@type":"ReadAction","target":["https:\/\/www.dillerbottle.com\/ru\/%d0%bf%d1%80%d0%be%d0%b4%d1%83%d0%ba%d1%82%d1%8b\/%d0%bf%d0%be%d1%80%d1%82%d0%b0%d1%82%d0%b8%d0%b2%d0%bd%d1%8b%d0%b9-%d0%b1%d1%8b%d1%82%d0%be%d0%b2%d0%be%d0%b9-%d1%82%d0%b5%d1%80%d0%bc%d0%be%d0%ba%d1%83%d0%b2%d1%88%d0%b8%d0%bd"]}]},{"@type":"ImageObject","inLanguage":"es","@id":"https:\/\/www.dillerbottle.com\/ru\/%d0%bf%d1%80%d0%be%d0%b4%d1%83%d0%ba%d1%82%d1%8b\/%d0%bf%d0%be%d1%80%d1%82%d0%b0%d1%82%d0%b8%d0%b2%d0%bd%d1%8b%d0%b9-%d0%b1%d1%8b%d1%82%d0%be%d0%b2%d0%be%d0%b9-%d1%82%d0%b5%d1%80%d0%bc%d0%be%d0%ba%d1%83%d0%b2%d1%88%d0%b8%d0%bd#primaryimage","url":"https:\/\/www.dillerbottle.com\/wp-content\/uploads\/2024\/09\/portable-household-thermo-jug77550651-a7a2-44ff-933d-ddc111a1214f.jpg","contentUrl":"https:\/\/www.dillerbottle.com\/wp-content\/uploads\/2024\/09\/portable-household-thermo-jug77550651-a7a2-44ff-933d-ddc111a1214f.jpg","width":730,"height":730},{"@type":"BreadcrumbList","@id":"https:\/\/www.dillerbottle.com\/ru\/%d0%bf%d1%80%d0%be%d0%b4%d1%83%d0%ba%d1%82%d1%8b\/%d0%bf%d0%be%d1%80%d1%82%d0%b0%d1%82%d0%b8%d0%b2%d0%bd%d1%8b%d0%b9-%d0%b1%d1%8b%d1%82%d0%be%d0%b2%d0%be%d0%b9-%d1%82%d0%b5%d1%80%d0%bc%d0%be%d0%ba%d1%83%d0%b2%d1%88%d0%b8%d0%bd#breadcrumb","itemListElement":[{"@type":"ListItem","position":1,"name":"Home","item":"https:\/\/www.dillerbottle.com\/"},{"@type":"ListItem","position":2,"name":"Products","item":"https:\/\/www.dillerbottle.com\/shop"},{"@type":"ListItem","position":3,"name":"Portable Household Thermo Jug"}]},{"@type":"WebSite","@id":"https:\/\/www.dillerbottle.com\/#website","url":"https:\/\/www.dillerbottle.com\/","name":"Fabricante de botellas de agua Diller","description":"Fabricante de botellas de agua","publisher":{"@id":"https:\/\/www.dillerbottle.com\/#organization"},"potentialAction":[{"@type":"SearchAction","target":{"@type":"EntryPoint","urlTemplate":"https:\/\/www.dillerbottle.com\/?s={search_term_string}"},"query-input":{"@type":"PropertyValueSpecification","valueRequired":true,"valueName":"search_term_string"}}],"inLanguage":"es"},{"@type":"Organization","@id":"https:\/\/www.dillerbottle.com\/#organization","name":"Fabricante de botellas de agua Diller","url":"https:\/\/www.dillerbottle.com\/","logo":{"@type":"ImageObject","inLanguage":"es","@id":"https:\/\/www.dillerbottle.com\/#\/schema\/logo\/image\/","url":"https:\/\/www.dillerbottle.com\/wp-content\/uploads\/2024\/09\/49918bfa848dcc1e9f8b509933603ac.png","contentUrl":"https:\/\/www.dillerbottle.com\/wp-content\/uploads\/2024\/09\/49918bfa848dcc1e9f8b509933603ac.png","width":988,"height":198,"caption":"Diller Water Bottle Manufacturer"},"image":{"@id":"https:\/\/www.dillerbottle.com\/#\/schema\/logo\/image\/"}}]}},"_links":{"self":[{"href":"https:\/\/www.dillerbottle.com\/es\/wp-json\/wp\/v2\/product\/3119","targetHints":{"allow":["GET"]}}],"collection":[{"href":"https:\/\/www.dillerbottle.com\/es\/wp-json\/wp\/v2\/product"}],"about":[{"href":"https:\/\/www.dillerbottle.com\/es\/wp-json\/wp\/v2\/types\/product"}],"replies":[{"embeddable":true,"href":"https:\/\/www.dillerbottle.com\/es\/wp-json\/wp\/v2\/comments?post=3119"}],"wp:featuredmedia":[{"embeddable":true,"href":"https:\/\/www.dillerbottle.com\/es\/wp-json\/wp\/v2\/media\/3120"}],"wp:attachment":[{"href":"https:\/\/www.dillerbottle.com\/es\/wp-json\/wp\/v2\/media?parent=3119"}],"wp:term":[{"taxonomy":"product_brand","embeddable":true,"href":"https:\/\/www.dillerbottle.com\/es\/wp-json\/wp\/v2\/product_brand?post=3119"},{"taxonomy":"product_cat","embeddable":true,"href":"https:\/\/www.dillerbottle.com\/es\/wp-json\/wp\/v2\/product_cat?post=3119"},{"taxonomy":"product_tag","embeddable":true,"href":"https:\/\/www.dillerbottle.com\/es\/wp-json\/wp\/v2\/product_tag?post=3119"}],"curies":[{"name":"Gracias","href":"https:\/\/api.w.org\/{rel}","templated":true}]}}