{"id":3471,"date":"2024-09-26T16:27:18","date_gmt":"2024-09-26T08:27:18","guid":{"rendered":"https:\/\/demo.dillerbottle.com\/uncategorized\/lovely-rabbit-ear-water-bottle-for-kid"},"modified":"2025-07-10T15:15:15","modified_gmt":"2025-07-10T07:15:15","slug":"preciosa-botella-de-agua-con-forma-de-oreja-de-conejo-para-ninos","status":"publish","type":"product","link":"https:\/\/www.dillerbottle.com\/es\/products\/lovely-rabbit-ear-water-bottle-for-kid","title":{"rendered":"Preciosa botella de agua con forma de oreja de conejo para ni\u00f1os"},"content":{"rendered":"<p>1. La hermosa botella de agua con orejas de conejo para ni\u00f1os est\u00e1 hecha de Tritan de alta calidad y materiales de grado alimenticio, segura, no t\u00f3xica e inodoro, lo que permite que tanto adultos como ni\u00f1os la usen con confianza.<\/p>\n<p>2. El cierre de seguridad de la tapa de la taza evita que se abra accidentalmente. Anillo de goma de silicona de sellado incorporado, bloquea firmemente el agua.<\/p>\n<p>3. Las correas desmontables y ajustables de cortes\u00eda hacen que sea m\u00e1s c\u00f3modo de llevar cuando se sale. Las orejas de conejo tridimensionales en la tapa de la taza est\u00e1n hechas de material de silicona suave, lo que agrega diversi\u00f3n a la bebida de los ni\u00f1os.<\/p>\n<p>4. El cuerpo de la botella est\u00e1 dise\u00f1ado con una forma rectangular plana, lo que hace que sea f\u00e1cil para los ni\u00f1os agarrar y beber agua.<\/p>\n<p>OEM y ODM aceptables.<br \/>\nPodemos personalizar la botella de agua de pl\u00e1stico seg\u00fan sus requisitos.<br \/>\n\u00a1Bienvenido a la compra al por mayor, env\u00ede su consulta ahora!<\/p>\n<p><iframe title=\"Botella de agua de pl\u00e1stico transparente Tritan sin BPA con dise\u00f1o de conejo y pajita con logotipo personalizado para ni\u00f1os D2305\" width=\"800\" height=\"600\" src=\"https:\/\/www.youtube.com\/embed\/G6Pu9-jWlK4?feature=oembed\" frameborder=\"0\" allow=\"accelerometer; autoplay; clipboard-write; encrypted-media; gyroscope; picture-in-picture; web-share\" referrerpolicy=\"strict-origin-when-cross-origin\" allowfullscreen><\/iframe><\/p>","protected":false},"excerpt":{"rendered":"<p>Esta hermosa botella de agua con forma de oreja de conejo para ni\u00f1os est\u00e1 hecha de Tritan duradero y materiales de calidad alimentaria.<br \/>\nEl bloqueo de seguridad de la tapa de la taza evita la apertura accidental.<br \/>\nAnillo de goma de silicona de sellado incorporado, bloquea firmemente el agua.<br \/>\nLa botella tiene una correa, lo que hace que sea m\u00e1s c\u00f3moda de llevar.<br \/>\nOEM y ODM aceptables.<br \/>\nPodemos personalizar la botella deportiva de pl\u00e1stico seg\u00fan sus requisitos.<br \/>\n\u00a1Bienvenido a la compra al por mayor, env\u00ede su consulta ahora!<\/p>","protected":false},"featured_media":3472,"comment_status":"open","ping_status":"closed","template":"","meta":{"_acf_changed":false},"product_brand":[],"product_cat":[200,309],"product_tag":[96,32,36,33,234,31,39,38,233,232,29,37,34,35,221,28,204,216,30],"class_list":{"0":"post-3471","1":"product","2":"type-product","3":"status-publish","4":"has-post-thumbnail","6":"product_cat-kids-water-bottles","7":"product_cat-plastic-water-bottle","8":"product_tag-baby-water-bottle","9":"product_tag-best","10":"product_tag-bulk","11":"product_tag-buy","12":"product_tag-child-water-bottle","13":"product_tag-custom","14":"product_tag-for-sale","15":"product_tag-good-quality","16":"product_tag-kids-water-bottle-for-school","17":"product_tag-lovely-rabbit-ear-water-bottle-for-kid","18":"product_tag-manufacturers","19":"product_tag-manufacturing","20":"product_tag-price","21":"product_tag-small","22":"product_tag-stainless-steel-water-bottle-kids","23":"product_tag-suppliers","24":"product_tag-water-bottle-for-kids-cartoon","25":"product_tag-water-bottle-glass","26":"product_tag-wholesale","28":"first","29":"instock","30":"shipping-taxable","31":"product-type-simple"},"acf":[],"yoast_head":"<!-- This site is optimized with the Yoast SEO Premium plugin v27.5 (Yoast SEO v27.5) - https:\/\/yoast.com\/product\/yoast-seo-premium-wordpress\/ -->\n<title>Lovely Rabbit Ear Water Bottle For Kid - Diller Water Bottle Manufacturer<\/title>\n<meta name=\"description\" content=\"As one of the best lovely rabbit ear water bottle for kid manufacturers and suppliers, we are engaged in manufacturing good quality water bottles. We warmly welcome you to wholesale or buy custom made lovely rabbit ear water bottle for kid at competitive price from us. Also, small quantity orders are acceptable.\" \/>\n<meta name=\"robots\" content=\"index, follow, max-snippet:-1, max-image-preview:large, max-video-preview:-1\" \/>\n<link rel=\"canonical\" href=\"https:\/\/www.dillerbottle.com\/es\/productos\/preciosa-botella-de-agua-con-forma-de-oreja-de-conejo-para-ninos\" \/>\n<meta property=\"og:locale\" content=\"es_ES\" \/>\n<meta property=\"og:type\" content=\"article\" \/>\n<meta property=\"og:title\" content=\"Lovely Rabbit Ear Water Bottle For Kid\" \/>\n<meta property=\"og:description\" content=\"As one of the best lovely rabbit ear water bottle for kid manufacturers and suppliers, we are engaged in manufacturing good quality water bottles. We warmly welcome you to wholesale or buy custom made lovely rabbit ear water bottle for kid at competitive price from us. Also, small quantity orders are acceptable.\" \/>\n<meta property=\"og:url\" content=\"https:\/\/www.dillerbottle.com\/es\/productos\/preciosa-botella-de-agua-con-forma-de-oreja-de-conejo-para-ninos\" \/>\n<meta property=\"og:site_name\" content=\"Diller Water Bottle Manufacturer\" \/>\n<meta property=\"article:modified_time\" content=\"2025-07-10T07:15:15+00:00\" \/>\n<meta property=\"og:image\" content=\"https:\/\/www.dillerbottle.com\/wp-content\/uploads\/2024\/09\/lovely-rabbit-ear-water-bottle-for-kid80b0e9f7-0d80-49ce-935f-4f0cfbf847a5.jpg\" \/>\n\t<meta property=\"og:image:width\" content=\"730\" \/>\n\t<meta property=\"og:image:height\" content=\"730\" \/>\n\t<meta property=\"og:image:type\" content=\"image\/jpeg\" \/>\n<meta name=\"twitter:card\" content=\"summary_large_image\" \/>\n<meta name=\"twitter:label1\" content=\"Tiempo de lectura\" \/>\n\t<meta name=\"twitter:data1\" content=\"6 minutos\" \/>\n<script type=\"application\/ld+json\" class=\"yoast-schema-graph\">{\"@context\":\"https:\\\/\\\/schema.org\",\"@graph\":[{\"@type\":\"WebPage\",\"@id\":\"https:\\\/\\\/www.dillerbottle.com\\\/ru\\\/%d0%bf%d1%80%d0%be%d0%b4%d1%83%d0%ba%d1%82%d1%8b\\\/%d0%bc%d0%b8%d0%bb%d0%b0%d1%8f-%d0%b1%d1%83%d1%82%d1%8b%d0%bb%d0%ba%d0%b0-%d0%b4%d0%bb%d1%8f-%d0%b2%d0%be%d0%b4%d1%8b-%d0%b2-%d1%84%d0%be%d1%80%d0%bc%d0%b5-%d0%ba%d1%80%d0%be%d0%bb%d0%b8%d1%87%d1%8c\",\"url\":\"https:\\\/\\\/www.dillerbottle.com\\\/ru\\\/%d0%bf%d1%80%d0%be%d0%b4%d1%83%d0%ba%d1%82%d1%8b\\\/%d0%bc%d0%b8%d0%bb%d0%b0%d1%8f-%d0%b1%d1%83%d1%82%d1%8b%d0%bb%d0%ba%d0%b0-%d0%b4%d0%bb%d1%8f-%d0%b2%d0%be%d0%b4%d1%8b-%d0%b2-%d1%84%d0%be%d1%80%d0%bc%d0%b5-%d0%ba%d1%80%d0%be%d0%bb%d0%b8%d1%87%d1%8c\",\"name\":\"Lovely Rabbit Ear Water Bottle For Kid - Diller Water Bottle Manufacturer\",\"isPartOf\":{\"@id\":\"https:\\\/\\\/www.dillerbottle.com\\\/#website\"},\"primaryImageOfPage\":{\"@id\":\"https:\\\/\\\/www.dillerbottle.com\\\/ru\\\/%d0%bf%d1%80%d0%be%d0%b4%d1%83%d0%ba%d1%82%d1%8b\\\/%d0%bc%d0%b8%d0%bb%d0%b0%d1%8f-%d0%b1%d1%83%d1%82%d1%8b%d0%bb%d0%ba%d0%b0-%d0%b4%d0%bb%d1%8f-%d0%b2%d0%be%d0%b4%d1%8b-%d0%b2-%d1%84%d0%be%d1%80%d0%bc%d0%b5-%d0%ba%d1%80%d0%be%d0%bb%d0%b8%d1%87%d1%8c#primaryimage\"},\"image\":{\"@id\":\"https:\\\/\\\/www.dillerbottle.com\\\/ru\\\/%d0%bf%d1%80%d0%be%d0%b4%d1%83%d0%ba%d1%82%d1%8b\\\/%d0%bc%d0%b8%d0%bb%d0%b0%d1%8f-%d0%b1%d1%83%d1%82%d1%8b%d0%bb%d0%ba%d0%b0-%d0%b4%d0%bb%d1%8f-%d0%b2%d0%be%d0%b4%d1%8b-%d0%b2-%d1%84%d0%be%d1%80%d0%bc%d0%b5-%d0%ba%d1%80%d0%be%d0%bb%d0%b8%d1%87%d1%8c#primaryimage\"},\"thumbnailUrl\":\"https:\\\/\\\/www.dillerbottle.com\\\/wp-content\\\/uploads\\\/2024\\\/09\\\/lovely-rabbit-ear-water-bottle-for-kid80b0e9f7-0d80-49ce-935f-4f0cfbf847a5.jpg\",\"datePublished\":\"2024-09-26T08:27:18+00:00\",\"dateModified\":\"2025-07-10T07:15:15+00:00\",\"description\":\"As one of the best lovely rabbit ear water bottle for kid manufacturers and suppliers, we are engaged in manufacturing good quality water bottles. We warmly welcome you to wholesale or buy custom made lovely rabbit ear water bottle for kid at competitive price from us. Also, small quantity orders are acceptable.\",\"breadcrumb\":{\"@id\":\"https:\\\/\\\/www.dillerbottle.com\\\/ru\\\/%d0%bf%d1%80%d0%be%d0%b4%d1%83%d0%ba%d1%82%d1%8b\\\/%d0%bc%d0%b8%d0%bb%d0%b0%d1%8f-%d0%b1%d1%83%d1%82%d1%8b%d0%bb%d0%ba%d0%b0-%d0%b4%d0%bb%d1%8f-%d0%b2%d0%be%d0%b4%d1%8b-%d0%b2-%d1%84%d0%be%d1%80%d0%bc%d0%b5-%d0%ba%d1%80%d0%be%d0%bb%d0%b8%d1%87%d1%8c#breadcrumb\"},\"inLanguage\":\"es\",\"potentialAction\":[{\"@type\":\"ReadAction\",\"target\":[\"https:\\\/\\\/www.dillerbottle.com\\\/ru\\\/%d0%bf%d1%80%d0%be%d0%b4%d1%83%d0%ba%d1%82%d1%8b\\\/%d0%bc%d0%b8%d0%bb%d0%b0%d1%8f-%d0%b1%d1%83%d1%82%d1%8b%d0%bb%d0%ba%d0%b0-%d0%b4%d0%bb%d1%8f-%d0%b2%d0%be%d0%b4%d1%8b-%d0%b2-%d1%84%d0%be%d1%80%d0%bc%d0%b5-%d0%ba%d1%80%d0%be%d0%bb%d0%b8%d1%87%d1%8c\"]}]},{\"@type\":\"ImageObject\",\"inLanguage\":\"es\",\"@id\":\"https:\\\/\\\/www.dillerbottle.com\\\/ru\\\/%d0%bf%d1%80%d0%be%d0%b4%d1%83%d0%ba%d1%82%d1%8b\\\/%d0%bc%d0%b8%d0%bb%d0%b0%d1%8f-%d0%b1%d1%83%d1%82%d1%8b%d0%bb%d0%ba%d0%b0-%d0%b4%d0%bb%d1%8f-%d0%b2%d0%be%d0%b4%d1%8b-%d0%b2-%d1%84%d0%be%d1%80%d0%bc%d0%b5-%d0%ba%d1%80%d0%be%d0%bb%d0%b8%d1%87%d1%8c#primaryimage\",\"url\":\"https:\\\/\\\/www.dillerbottle.com\\\/wp-content\\\/uploads\\\/2024\\\/09\\\/lovely-rabbit-ear-water-bottle-for-kid80b0e9f7-0d80-49ce-935f-4f0cfbf847a5.jpg\",\"contentUrl\":\"https:\\\/\\\/www.dillerbottle.com\\\/wp-content\\\/uploads\\\/2024\\\/09\\\/lovely-rabbit-ear-water-bottle-for-kid80b0e9f7-0d80-49ce-935f-4f0cfbf847a5.jpg\",\"width\":730,\"height\":730},{\"@type\":\"BreadcrumbList\",\"@id\":\"https:\\\/\\\/www.dillerbottle.com\\\/ru\\\/%d0%bf%d1%80%d0%be%d0%b4%d1%83%d0%ba%d1%82%d1%8b\\\/%d0%bc%d0%b8%d0%bb%d0%b0%d1%8f-%d0%b1%d1%83%d1%82%d1%8b%d0%bb%d0%ba%d0%b0-%d0%b4%d0%bb%d1%8f-%d0%b2%d0%be%d0%b4%d1%8b-%d0%b2-%d1%84%d0%be%d1%80%d0%bc%d0%b5-%d0%ba%d1%80%d0%be%d0%bb%d0%b8%d1%87%d1%8c#breadcrumb\",\"itemListElement\":[{\"@type\":\"ListItem\",\"position\":1,\"name\":\"Home\",\"item\":\"https:\\\/\\\/www.dillerbottle.com\\\/\"},{\"@type\":\"ListItem\",\"position\":2,\"name\":\"Products\",\"item\":\"https:\\\/\\\/www.dillerbottle.com\\\/shop\"},{\"@type\":\"ListItem\",\"position\":3,\"name\":\"Lovely Rabbit Ear Water Bottle For Kid\"}]},{\"@type\":\"WebSite\",\"@id\":\"https:\\\/\\\/www.dillerbottle.com\\\/#website\",\"url\":\"https:\\\/\\\/www.dillerbottle.com\\\/\",\"name\":\"Diller Water Bottle Manufacturer\",\"description\":\"Water Bottle Manufacturer\",\"publisher\":{\"@id\":\"https:\\\/\\\/www.dillerbottle.com\\\/#organization\"},\"potentialAction\":[{\"@type\":\"SearchAction\",\"target\":{\"@type\":\"EntryPoint\",\"urlTemplate\":\"https:\\\/\\\/www.dillerbottle.com\\\/?s={search_term_string}\"},\"query-input\":{\"@type\":\"PropertyValueSpecification\",\"valueRequired\":true,\"valueName\":\"search_term_string\"}}],\"inLanguage\":\"es\"},{\"@type\":\"Organization\",\"@id\":\"https:\\\/\\\/www.dillerbottle.com\\\/#organization\",\"name\":\"Diller Water Bottle Manufacturer\",\"url\":\"https:\\\/\\\/www.dillerbottle.com\\\/\",\"logo\":{\"@type\":\"ImageObject\",\"inLanguage\":\"es\",\"@id\":\"https:\\\/\\\/www.dillerbottle.com\\\/#\\\/schema\\\/logo\\\/image\\\/\",\"url\":\"https:\\\/\\\/www.dillerbottle.com\\\/wp-content\\\/uploads\\\/2024\\\/09\\\/49918bfa848dcc1e9f8b509933603ac.png\",\"contentUrl\":\"https:\\\/\\\/www.dillerbottle.com\\\/wp-content\\\/uploads\\\/2024\\\/09\\\/49918bfa848dcc1e9f8b509933603ac.png\",\"width\":988,\"height\":198,\"caption\":\"Diller Water Bottle Manufacturer\"},\"image\":{\"@id\":\"https:\\\/\\\/www.dillerbottle.com\\\/#\\\/schema\\\/logo\\\/image\\\/\"}}]}<\/script>\n<!-- \/ Yoast SEO Premium plugin. -->","yoast_head_json":{"title":"Preciosa botella de agua con forma de oreja de conejo para ni\u00f1os - Fabricante de botellas de agua Diller","description":"Como uno de los mejores fabricantes y proveedores de botellas de agua con forma de orejas de conejo para ni\u00f1os, nos dedicamos a la fabricaci\u00f3n de botellas de agua de buena calidad. Le damos una c\u00e1lida bienvenida a la venta al por mayor o a la compra de una botella de agua con forma de orejas de conejo para ni\u00f1os hecha a medida a un precio competitivo. Adem\u00e1s, aceptamos pedidos de peque\u00f1as cantidades.","robots":{"index":"index","follow":"follow","max-snippet":"max-snippet:-1","max-image-preview":"max-image-preview:large","max-video-preview":"max-video-preview:-1"},"canonical":"https:\/\/www.dillerbottle.com\/es\/productos\/preciosa-botella-de-agua-con-forma-de-oreja-de-conejo-para-ninos","og_locale":"es_ES","og_type":"article","og_title":"Lovely Rabbit Ear Water Bottle For Kid","og_description":"As one of the best lovely rabbit ear water bottle for kid manufacturers and suppliers, we are engaged in manufacturing good quality water bottles. We warmly welcome you to wholesale or buy custom made lovely rabbit ear water bottle for kid at competitive price from us. Also, small quantity orders are acceptable.","og_url":"https:\/\/www.dillerbottle.com\/es\/productos\/preciosa-botella-de-agua-con-forma-de-oreja-de-conejo-para-ninos","og_site_name":"Diller Water Bottle Manufacturer","article_modified_time":"2025-07-10T07:15:15+00:00","og_image":[{"width":730,"height":730,"url":"https:\/\/www.dillerbottle.com\/wp-content\/uploads\/2024\/09\/lovely-rabbit-ear-water-bottle-for-kid80b0e9f7-0d80-49ce-935f-4f0cfbf847a5.jpg","type":"image\/jpeg"}],"twitter_card":"summary_large_image","twitter_misc":{"Tiempo de lectura":"6 minutos"},"schema":{"@context":"https:\/\/schema.org","@graph":[{"@type":"WebPage","@id":"https:\/\/www.dillerbottle.com\/ru\/%d0%bf%d1%80%d0%be%d0%b4%d1%83%d0%ba%d1%82%d1%8b\/%d0%bc%d0%b8%d0%bb%d0%b0%d1%8f-%d0%b1%d1%83%d1%82%d1%8b%d0%bb%d0%ba%d0%b0-%d0%b4%d0%bb%d1%8f-%d0%b2%d0%be%d0%b4%d1%8b-%d0%b2-%d1%84%d0%be%d1%80%d0%bc%d0%b5-%d0%ba%d1%80%d0%be%d0%bb%d0%b8%d1%87%d1%8c","url":"https:\/\/www.dillerbottle.com\/ru\/%d0%bf%d1%80%d0%be%d0%b4%d1%83%d0%ba%d1%82%d1%8b\/%d0%bc%d0%b8%d0%bb%d0%b0%d1%8f-%d0%b1%d1%83%d1%82%d1%8b%d0%bb%d0%ba%d0%b0-%d0%b4%d0%bb%d1%8f-%d0%b2%d0%be%d0%b4%d1%8b-%d0%b2-%d1%84%d0%be%d1%80%d0%bc%d0%b5-%d0%ba%d1%80%d0%be%d0%bb%d0%b8%d1%87%d1%8c","name":"Preciosa botella de agua con forma de oreja de conejo para ni\u00f1os - Fabricante de botellas de agua Diller","isPartOf":{"@id":"https:\/\/www.dillerbottle.com\/#website"},"primaryImageOfPage":{"@id":"https:\/\/www.dillerbottle.com\/ru\/%d0%bf%d1%80%d0%be%d0%b4%d1%83%d0%ba%d1%82%d1%8b\/%d0%bc%d0%b8%d0%bb%d0%b0%d1%8f-%d0%b1%d1%83%d1%82%d1%8b%d0%bb%d0%ba%d0%b0-%d0%b4%d0%bb%d1%8f-%d0%b2%d0%be%d0%b4%d1%8b-%d0%b2-%d1%84%d0%be%d1%80%d0%bc%d0%b5-%d0%ba%d1%80%d0%be%d0%bb%d0%b8%d1%87%d1%8c#primaryimage"},"image":{"@id":"https:\/\/www.dillerbottle.com\/ru\/%d0%bf%d1%80%d0%be%d0%b4%d1%83%d0%ba%d1%82%d1%8b\/%d0%bc%d0%b8%d0%bb%d0%b0%d1%8f-%d0%b1%d1%83%d1%82%d1%8b%d0%bb%d0%ba%d0%b0-%d0%b4%d0%bb%d1%8f-%d0%b2%d0%be%d0%b4%d1%8b-%d0%b2-%d1%84%d0%be%d1%80%d0%bc%d0%b5-%d0%ba%d1%80%d0%be%d0%bb%d0%b8%d1%87%d1%8c#primaryimage"},"thumbnailUrl":"https:\/\/www.dillerbottle.com\/wp-content\/uploads\/2024\/09\/lovely-rabbit-ear-water-bottle-for-kid80b0e9f7-0d80-49ce-935f-4f0cfbf847a5.jpg","datePublished":"2024-09-26T08:27:18+00:00","dateModified":"2025-07-10T07:15:15+00:00","description":"Como uno de los mejores fabricantes y proveedores de botellas de agua con forma de orejas de conejo para ni\u00f1os, nos dedicamos a la fabricaci\u00f3n de botellas de agua de buena calidad. Le damos una c\u00e1lida bienvenida a la venta al por mayor o a la compra de una botella de agua con forma de orejas de conejo para ni\u00f1os hecha a medida a un precio competitivo. Adem\u00e1s, aceptamos pedidos de peque\u00f1as cantidades.","breadcrumb":{"@id":"https:\/\/www.dillerbottle.com\/ru\/%d0%bf%d1%80%d0%be%d0%b4%d1%83%d0%ba%d1%82%d1%8b\/%d0%bc%d0%b8%d0%bb%d0%b0%d1%8f-%d0%b1%d1%83%d1%82%d1%8b%d0%bb%d0%ba%d0%b0-%d0%b4%d0%bb%d1%8f-%d0%b2%d0%be%d0%b4%d1%8b-%d0%b2-%d1%84%d0%be%d1%80%d0%bc%d0%b5-%d0%ba%d1%80%d0%be%d0%bb%d0%b8%d1%87%d1%8c#breadcrumb"},"inLanguage":"es","potentialAction":[{"@type":"ReadAction","target":["https:\/\/www.dillerbottle.com\/ru\/%d0%bf%d1%80%d0%be%d0%b4%d1%83%d0%ba%d1%82%d1%8b\/%d0%bc%d0%b8%d0%bb%d0%b0%d1%8f-%d0%b1%d1%83%d1%82%d1%8b%d0%bb%d0%ba%d0%b0-%d0%b4%d0%bb%d1%8f-%d0%b2%d0%be%d0%b4%d1%8b-%d0%b2-%d1%84%d0%be%d1%80%d0%bc%d0%b5-%d0%ba%d1%80%d0%be%d0%bb%d0%b8%d1%87%d1%8c"]}]},{"@type":"ImageObject","inLanguage":"es","@id":"https:\/\/www.dillerbottle.com\/ru\/%d0%bf%d1%80%d0%be%d0%b4%d1%83%d0%ba%d1%82%d1%8b\/%d0%bc%d0%b8%d0%bb%d0%b0%d1%8f-%d0%b1%d1%83%d1%82%d1%8b%d0%bb%d0%ba%d0%b0-%d0%b4%d0%bb%d1%8f-%d0%b2%d0%be%d0%b4%d1%8b-%d0%b2-%d1%84%d0%be%d1%80%d0%bc%d0%b5-%d0%ba%d1%80%d0%be%d0%bb%d0%b8%d1%87%d1%8c#primaryimage","url":"https:\/\/www.dillerbottle.com\/wp-content\/uploads\/2024\/09\/lovely-rabbit-ear-water-bottle-for-kid80b0e9f7-0d80-49ce-935f-4f0cfbf847a5.jpg","contentUrl":"https:\/\/www.dillerbottle.com\/wp-content\/uploads\/2024\/09\/lovely-rabbit-ear-water-bottle-for-kid80b0e9f7-0d80-49ce-935f-4f0cfbf847a5.jpg","width":730,"height":730},{"@type":"BreadcrumbList","@id":"https:\/\/www.dillerbottle.com\/ru\/%d0%bf%d1%80%d0%be%d0%b4%d1%83%d0%ba%d1%82%d1%8b\/%d0%bc%d0%b8%d0%bb%d0%b0%d1%8f-%d0%b1%d1%83%d1%82%d1%8b%d0%bb%d0%ba%d0%b0-%d0%b4%d0%bb%d1%8f-%d0%b2%d0%be%d0%b4%d1%8b-%d0%b2-%d1%84%d0%be%d1%80%d0%bc%d0%b5-%d0%ba%d1%80%d0%be%d0%bb%d0%b8%d1%87%d1%8c#breadcrumb","itemListElement":[{"@type":"ListItem","position":1,"name":"Home","item":"https:\/\/www.dillerbottle.com\/"},{"@type":"ListItem","position":2,"name":"Products","item":"https:\/\/www.dillerbottle.com\/shop"},{"@type":"ListItem","position":3,"name":"Lovely Rabbit Ear Water Bottle For Kid"}]},{"@type":"WebSite","@id":"https:\/\/www.dillerbottle.com\/#website","url":"https:\/\/www.dillerbottle.com\/","name":"Fabricante de botellas de agua Diller","description":"Fabricante de botellas de agua","publisher":{"@id":"https:\/\/www.dillerbottle.com\/#organization"},"potentialAction":[{"@type":"SearchAction","target":{"@type":"EntryPoint","urlTemplate":"https:\/\/www.dillerbottle.com\/?s={search_term_string}"},"query-input":{"@type":"PropertyValueSpecification","valueRequired":true,"valueName":"search_term_string"}}],"inLanguage":"es"},{"@type":"Organization","@id":"https:\/\/www.dillerbottle.com\/#organization","name":"Fabricante de botellas de agua Diller","url":"https:\/\/www.dillerbottle.com\/","logo":{"@type":"ImageObject","inLanguage":"es","@id":"https:\/\/www.dillerbottle.com\/#\/schema\/logo\/image\/","url":"https:\/\/www.dillerbottle.com\/wp-content\/uploads\/2024\/09\/49918bfa848dcc1e9f8b509933603ac.png","contentUrl":"https:\/\/www.dillerbottle.com\/wp-content\/uploads\/2024\/09\/49918bfa848dcc1e9f8b509933603ac.png","width":988,"height":198,"caption":"Diller Water Bottle Manufacturer"},"image":{"@id":"https:\/\/www.dillerbottle.com\/#\/schema\/logo\/image\/"}}]}},"_links":{"self":[{"href":"https:\/\/www.dillerbottle.com\/es\/wp-json\/wp\/v2\/product\/3471","targetHints":{"allow":["GET"]}}],"collection":[{"href":"https:\/\/www.dillerbottle.com\/es\/wp-json\/wp\/v2\/product"}],"about":[{"href":"https:\/\/www.dillerbottle.com\/es\/wp-json\/wp\/v2\/types\/product"}],"replies":[{"embeddable":true,"href":"https:\/\/www.dillerbottle.com\/es\/wp-json\/wp\/v2\/comments?post=3471"}],"wp:featuredmedia":[{"embeddable":true,"href":"https:\/\/www.dillerbottle.com\/es\/wp-json\/wp\/v2\/media\/3472"}],"wp:attachment":[{"href":"https:\/\/www.dillerbottle.com\/es\/wp-json\/wp\/v2\/media?parent=3471"}],"wp:term":[{"taxonomy":"product_brand","embeddable":true,"href":"https:\/\/www.dillerbottle.com\/es\/wp-json\/wp\/v2\/product_brand?post=3471"},{"taxonomy":"product_cat","embeddable":true,"href":"https:\/\/www.dillerbottle.com\/es\/wp-json\/wp\/v2\/product_cat?post=3471"},{"taxonomy":"product_tag","embeddable":true,"href":"https:\/\/www.dillerbottle.com\/es\/wp-json\/wp\/v2\/product_tag?post=3471"}],"curies":[{"name":"Gracias","href":"https:\/\/api.w.org\/{rel}","templated":true}]}}