{"id":3870,"date":"2024-09-26T16:32:38","date_gmt":"2024-09-26T08:32:38","guid":{"rendered":"https:\/\/demo.dillerbottle.com\/uncategorized\/kids-drink-bottles"},"modified":"2025-07-10T15:09:48","modified_gmt":"2025-07-10T07:09:48","slug":"botellas-de-bebida-para-ninos","status":"publish","type":"product","link":"https:\/\/www.dillerbottle.com\/es\/products\/kids-drink-bottles","title":{"rendered":"Botellas de bebida para ni\u00f1os"},"content":{"rendered":"<p>Descripci\u00f3n del Producto:<br \/>\n1. 100% Libre de BPA y ftalatos, fabricado con material no t\u00f3xico, para que usted y sus hijos puedan disfrutar de agua potable sin olor ni sabor a pl\u00e1stico. Perfecto para actividades al aire libre, en clase o en casa, para que se mantenga hidratado y saludable.<\/p>\n<p>2. Tapa abatible con un solo clip, f\u00e1cil de abrir y cerrar para ni\u00f1os de todas las edades. Tapa a prueba de fugas, garantiza que ya no tendr\u00e1 que preocuparse por derrames. La botella es extremadamente liviana, por lo que puede transportarla f\u00e1cilmente con la correa o simplemente agarr\u00e1ndola.<span style=\"font-family: arial, helvetica, sans-serif;\"><br \/>\n3. Las botellas para ni\u00f1os son f\u00e1ciles de enjuagar para limpiarlas, por lo que puedes asegurarte de que siempre sean higi\u00e9nicas y seguras para que tus hijos beban de ellas. Todas las piezas se pueden quitar por separado f\u00e1cilmente.<\/span><\/p>","protected":false},"excerpt":{"rendered":"<p>Si est\u00e1 buscando botellas de bebidas para ni\u00f1os de alta calidad que pueda personalizar, lo tenemos cubierto.<br \/>\nCon una variedad de colores y patrones para elegir, as\u00ed como la opci\u00f3n de agregar su propio logotipo o dise\u00f1o, hacemos que sea f\u00e1cil crear una botella de bebida para ni\u00f1os que sea perfecta para usted.<br \/>\nY si necesita un pedido grande, ofrecemos precios al por mayor para que sea m\u00e1s asequible.<br \/>\nNuestras botellas para bebidas para ni\u00f1os son 100% libres de BPA y ftalatos, y est\u00e1n hechas de material no t\u00f3xico, por lo que usted y sus hijos pueden disfrutar de beber agua sin ning\u00fan olor ni sabor a pl\u00e1stico.<\/p>","protected":false},"featured_media":3871,"comment_status":"open","ping_status":"closed","template":"","meta":{"_acf_changed":false},"product_brand":[],"product_cat":[200],"product_tag":[258,32,36,33,31,39,38,271,248,255,231,29,37,34,35,202,28,205,30],"class_list":{"0":"post-3870","1":"product","2":"type-product","3":"status-publish","4":"has-post-thumbnail","6":"product_cat-kids-water-bottles","7":"product_tag-5-gallon-water-bottle","8":"product_tag-best","9":"product_tag-bulk","10":"product_tag-buy","11":"product_tag-custom","12":"product_tag-for-sale","13":"product_tag-good-quality","14":"product_tag-kids-drink-bottles","15":"product_tag-kids-insulated-water-bottle","16":"product_tag-kids-sublimation-water-bottle","17":"product_tag-kids-water-bottle-bpa-free","18":"product_tag-manufacturers","19":"product_tag-manufacturing","20":"product_tag-price","21":"product_tag-small","22":"product_tag-sport-bottle-water","23":"product_tag-suppliers","24":"product_tag-vacuum-stainless-steel-water-bottles-with-handle","25":"product_tag-wholesale","27":"first","28":"instock","29":"shipping-taxable","30":"product-type-simple"},"acf":[],"yoast_head":"<!-- This site is optimized with the Yoast SEO Premium plugin v27.5 (Yoast SEO v27.5) - https:\/\/yoast.com\/product\/yoast-seo-premium-wordpress\/ -->\n<title>Kids Drink Bottles - Diller Water Bottle Manufacturer<\/title>\n<meta name=\"description\" content=\"As one of the best kids drink bottles manufacturers and suppliers, we are engaged in manufacturing good quality water bottles. We warmly welcome you to wholesale or buy custom made kids drink bottles at competitive price from us. Also, small quantity orders are acceptable.\" \/>\n<meta name=\"robots\" content=\"index, follow, max-snippet:-1, max-image-preview:large, max-video-preview:-1\" \/>\n<link rel=\"canonical\" href=\"https:\/\/www.dillerbottle.com\/es\/productos\/botellas-de-bebida-para-ninos\" \/>\n<meta property=\"og:locale\" content=\"es_ES\" \/>\n<meta property=\"og:type\" content=\"article\" \/>\n<meta property=\"og:title\" content=\"Kids Drink Bottles\" \/>\n<meta property=\"og:description\" content=\"As one of the best kids drink bottles manufacturers and suppliers, we are engaged in manufacturing good quality water bottles. We warmly welcome you to wholesale or buy custom made kids drink bottles at competitive price from us. Also, small quantity orders are acceptable.\" \/>\n<meta property=\"og:url\" content=\"https:\/\/www.dillerbottle.com\/es\/productos\/botellas-de-bebida-para-ninos\" \/>\n<meta property=\"og:site_name\" content=\"Diller Water Bottle Manufacturer\" \/>\n<meta property=\"article:modified_time\" content=\"2025-07-10T07:09:48+00:00\" \/>\n<meta property=\"og:image\" content=\"https:\/\/www.dillerbottle.com\/wp-content\/uploads\/2024\/09\/kids-drink-bottles36214158375.jpg\" \/>\n\t<meta property=\"og:image:width\" content=\"730\" \/>\n\t<meta property=\"og:image:height\" content=\"730\" \/>\n\t<meta property=\"og:image:type\" content=\"image\/jpeg\" \/>\n<meta name=\"twitter:card\" content=\"summary_large_image\" \/>\n<meta name=\"twitter:label1\" content=\"Tiempo de lectura\" \/>\n\t<meta name=\"twitter:data1\" content=\"2 minutos\" \/>\n<script type=\"application\/ld+json\" class=\"yoast-schema-graph\">{\"@context\":\"https:\\\/\\\/schema.org\",\"@graph\":[{\"@type\":\"WebPage\",\"@id\":\"https:\\\/\\\/www.dillerbottle.com\\\/ko\\\/%ec%a0%9c%ed%92%88\\\/%ec%95%84%ec%9d%b4%eb%93%a4%ec%9d%80-%eb%b3%91%ec%97%90-%eb%ac%bc%ec%9d%84-%eb%a7%88%ec%8b%a0%eb%8b%a4\",\"url\":\"https:\\\/\\\/www.dillerbottle.com\\\/ko\\\/%ec%a0%9c%ed%92%88\\\/%ec%95%84%ec%9d%b4%eb%93%a4%ec%9d%80-%eb%b3%91%ec%97%90-%eb%ac%bc%ec%9d%84-%eb%a7%88%ec%8b%a0%eb%8b%a4\",\"name\":\"Kids Drink Bottles - Diller Water Bottle Manufacturer\",\"isPartOf\":{\"@id\":\"https:\\\/\\\/www.dillerbottle.com\\\/#website\"},\"primaryImageOfPage\":{\"@id\":\"https:\\\/\\\/www.dillerbottle.com\\\/ko\\\/%ec%a0%9c%ed%92%88\\\/%ec%95%84%ec%9d%b4%eb%93%a4%ec%9d%80-%eb%b3%91%ec%97%90-%eb%ac%bc%ec%9d%84-%eb%a7%88%ec%8b%a0%eb%8b%a4#primaryimage\"},\"image\":{\"@id\":\"https:\\\/\\\/www.dillerbottle.com\\\/ko\\\/%ec%a0%9c%ed%92%88\\\/%ec%95%84%ec%9d%b4%eb%93%a4%ec%9d%80-%eb%b3%91%ec%97%90-%eb%ac%bc%ec%9d%84-%eb%a7%88%ec%8b%a0%eb%8b%a4#primaryimage\"},\"thumbnailUrl\":\"https:\\\/\\\/www.dillerbottle.com\\\/wp-content\\\/uploads\\\/2024\\\/09\\\/kids-drink-bottles36214158375.jpg\",\"datePublished\":\"2024-09-26T08:32:38+00:00\",\"dateModified\":\"2025-07-10T07:09:48+00:00\",\"description\":\"As one of the best kids drink bottles manufacturers and suppliers, we are engaged in manufacturing good quality water bottles. We warmly welcome you to wholesale or buy custom made kids drink bottles at competitive price from us. Also, small quantity orders are acceptable.\",\"breadcrumb\":{\"@id\":\"https:\\\/\\\/www.dillerbottle.com\\\/ko\\\/%ec%a0%9c%ed%92%88\\\/%ec%95%84%ec%9d%b4%eb%93%a4%ec%9d%80-%eb%b3%91%ec%97%90-%eb%ac%bc%ec%9d%84-%eb%a7%88%ec%8b%a0%eb%8b%a4#breadcrumb\"},\"inLanguage\":\"es\",\"potentialAction\":[{\"@type\":\"ReadAction\",\"target\":[\"https:\\\/\\\/www.dillerbottle.com\\\/ko\\\/%ec%a0%9c%ed%92%88\\\/%ec%95%84%ec%9d%b4%eb%93%a4%ec%9d%80-%eb%b3%91%ec%97%90-%eb%ac%bc%ec%9d%84-%eb%a7%88%ec%8b%a0%eb%8b%a4\"]}]},{\"@type\":\"ImageObject\",\"inLanguage\":\"es\",\"@id\":\"https:\\\/\\\/www.dillerbottle.com\\\/ko\\\/%ec%a0%9c%ed%92%88\\\/%ec%95%84%ec%9d%b4%eb%93%a4%ec%9d%80-%eb%b3%91%ec%97%90-%eb%ac%bc%ec%9d%84-%eb%a7%88%ec%8b%a0%eb%8b%a4#primaryimage\",\"url\":\"https:\\\/\\\/www.dillerbottle.com\\\/wp-content\\\/uploads\\\/2024\\\/09\\\/kids-drink-bottles36214158375.jpg\",\"contentUrl\":\"https:\\\/\\\/www.dillerbottle.com\\\/wp-content\\\/uploads\\\/2024\\\/09\\\/kids-drink-bottles36214158375.jpg\",\"width\":730,\"height\":730},{\"@type\":\"BreadcrumbList\",\"@id\":\"https:\\\/\\\/www.dillerbottle.com\\\/ko\\\/%ec%a0%9c%ed%92%88\\\/%ec%95%84%ec%9d%b4%eb%93%a4%ec%9d%80-%eb%b3%91%ec%97%90-%eb%ac%bc%ec%9d%84-%eb%a7%88%ec%8b%a0%eb%8b%a4#breadcrumb\",\"itemListElement\":[{\"@type\":\"ListItem\",\"position\":1,\"name\":\"Home\",\"item\":\"https:\\\/\\\/www.dillerbottle.com\\\/\"},{\"@type\":\"ListItem\",\"position\":2,\"name\":\"Products\",\"item\":\"https:\\\/\\\/www.dillerbottle.com\\\/shop\"},{\"@type\":\"ListItem\",\"position\":3,\"name\":\"Kids Drink Bottles\"}]},{\"@type\":\"WebSite\",\"@id\":\"https:\\\/\\\/www.dillerbottle.com\\\/#website\",\"url\":\"https:\\\/\\\/www.dillerbottle.com\\\/\",\"name\":\"Diller Water Bottle Manufacturer\",\"description\":\"Water Bottle Manufacturer\",\"publisher\":{\"@id\":\"https:\\\/\\\/www.dillerbottle.com\\\/#organization\"},\"potentialAction\":[{\"@type\":\"SearchAction\",\"target\":{\"@type\":\"EntryPoint\",\"urlTemplate\":\"https:\\\/\\\/www.dillerbottle.com\\\/?s={search_term_string}\"},\"query-input\":{\"@type\":\"PropertyValueSpecification\",\"valueRequired\":true,\"valueName\":\"search_term_string\"}}],\"inLanguage\":\"es\"},{\"@type\":\"Organization\",\"@id\":\"https:\\\/\\\/www.dillerbottle.com\\\/#organization\",\"name\":\"Diller Water Bottle Manufacturer\",\"url\":\"https:\\\/\\\/www.dillerbottle.com\\\/\",\"logo\":{\"@type\":\"ImageObject\",\"inLanguage\":\"es\",\"@id\":\"https:\\\/\\\/www.dillerbottle.com\\\/#\\\/schema\\\/logo\\\/image\\\/\",\"url\":\"https:\\\/\\\/www.dillerbottle.com\\\/wp-content\\\/uploads\\\/2024\\\/09\\\/49918bfa848dcc1e9f8b509933603ac.png\",\"contentUrl\":\"https:\\\/\\\/www.dillerbottle.com\\\/wp-content\\\/uploads\\\/2024\\\/09\\\/49918bfa848dcc1e9f8b509933603ac.png\",\"width\":988,\"height\":198,\"caption\":\"Diller Water Bottle Manufacturer\"},\"image\":{\"@id\":\"https:\\\/\\\/www.dillerbottle.com\\\/#\\\/schema\\\/logo\\\/image\\\/\"}}]}<\/script>\n<!-- \/ Yoast SEO Premium plugin. -->","yoast_head_json":{"title":"Botellas para bebidas para ni\u00f1os - Fabricante de botellas de agua Diller","description":"Como uno de los mejores fabricantes y proveedores de botellas para bebidas para ni\u00f1os, nos dedicamos a la fabricaci\u00f3n de botellas de agua de buena calidad. Le damos una c\u00e1lida bienvenida para que compre al por mayor o botellas para bebidas para ni\u00f1os hechas a medida a un precio competitivo. Adem\u00e1s, aceptamos pedidos de peque\u00f1as cantidades.","robots":{"index":"index","follow":"follow","max-snippet":"max-snippet:-1","max-image-preview":"max-image-preview:large","max-video-preview":"max-video-preview:-1"},"canonical":"https:\/\/www.dillerbottle.com\/es\/productos\/botellas-de-bebida-para-ninos","og_locale":"es_ES","og_type":"article","og_title":"Kids Drink Bottles","og_description":"As one of the best kids drink bottles manufacturers and suppliers, we are engaged in manufacturing good quality water bottles. We warmly welcome you to wholesale or buy custom made kids drink bottles at competitive price from us. Also, small quantity orders are acceptable.","og_url":"https:\/\/www.dillerbottle.com\/es\/productos\/botellas-de-bebida-para-ninos","og_site_name":"Diller Water Bottle Manufacturer","article_modified_time":"2025-07-10T07:09:48+00:00","og_image":[{"width":730,"height":730,"url":"https:\/\/www.dillerbottle.com\/wp-content\/uploads\/2024\/09\/kids-drink-bottles36214158375.jpg","type":"image\/jpeg"}],"twitter_card":"summary_large_image","twitter_misc":{"Tiempo de lectura":"2 minutos"},"schema":{"@context":"https:\/\/schema.org","@graph":[{"@type":"WebPage","@id":"https:\/\/www.dillerbottle.com\/ko\/%ec%a0%9c%ed%92%88\/%ec%95%84%ec%9d%b4%eb%93%a4%ec%9d%80-%eb%b3%91%ec%97%90-%eb%ac%bc%ec%9d%84-%eb%a7%88%ec%8b%a0%eb%8b%a4","url":"https:\/\/www.dillerbottle.com\/ko\/%ec%a0%9c%ed%92%88\/%ec%95%84%ec%9d%b4%eb%93%a4%ec%9d%80-%eb%b3%91%ec%97%90-%eb%ac%bc%ec%9d%84-%eb%a7%88%ec%8b%a0%eb%8b%a4","name":"Botellas para bebidas para ni\u00f1os - Fabricante de botellas de agua Diller","isPartOf":{"@id":"https:\/\/www.dillerbottle.com\/#website"},"primaryImageOfPage":{"@id":"https:\/\/www.dillerbottle.com\/ko\/%ec%a0%9c%ed%92%88\/%ec%95%84%ec%9d%b4%eb%93%a4%ec%9d%80-%eb%b3%91%ec%97%90-%eb%ac%bc%ec%9d%84-%eb%a7%88%ec%8b%a0%eb%8b%a4#primaryimage"},"image":{"@id":"https:\/\/www.dillerbottle.com\/ko\/%ec%a0%9c%ed%92%88\/%ec%95%84%ec%9d%b4%eb%93%a4%ec%9d%80-%eb%b3%91%ec%97%90-%eb%ac%bc%ec%9d%84-%eb%a7%88%ec%8b%a0%eb%8b%a4#primaryimage"},"thumbnailUrl":"https:\/\/www.dillerbottle.com\/wp-content\/uploads\/2024\/09\/kids-drink-bottles36214158375.jpg","datePublished":"2024-09-26T08:32:38+00:00","dateModified":"2025-07-10T07:09:48+00:00","description":"Como uno de los mejores fabricantes y proveedores de botellas para bebidas para ni\u00f1os, nos dedicamos a la fabricaci\u00f3n de botellas de agua de buena calidad. Le damos una c\u00e1lida bienvenida para que compre al por mayor o botellas para bebidas para ni\u00f1os hechas a medida a un precio competitivo. Adem\u00e1s, aceptamos pedidos de peque\u00f1as cantidades.","breadcrumb":{"@id":"https:\/\/www.dillerbottle.com\/ko\/%ec%a0%9c%ed%92%88\/%ec%95%84%ec%9d%b4%eb%93%a4%ec%9d%80-%eb%b3%91%ec%97%90-%eb%ac%bc%ec%9d%84-%eb%a7%88%ec%8b%a0%eb%8b%a4#breadcrumb"},"inLanguage":"es","potentialAction":[{"@type":"ReadAction","target":["https:\/\/www.dillerbottle.com\/ko\/%ec%a0%9c%ed%92%88\/%ec%95%84%ec%9d%b4%eb%93%a4%ec%9d%80-%eb%b3%91%ec%97%90-%eb%ac%bc%ec%9d%84-%eb%a7%88%ec%8b%a0%eb%8b%a4"]}]},{"@type":"ImageObject","inLanguage":"es","@id":"https:\/\/www.dillerbottle.com\/ko\/%ec%a0%9c%ed%92%88\/%ec%95%84%ec%9d%b4%eb%93%a4%ec%9d%80-%eb%b3%91%ec%97%90-%eb%ac%bc%ec%9d%84-%eb%a7%88%ec%8b%a0%eb%8b%a4#primaryimage","url":"https:\/\/www.dillerbottle.com\/wp-content\/uploads\/2024\/09\/kids-drink-bottles36214158375.jpg","contentUrl":"https:\/\/www.dillerbottle.com\/wp-content\/uploads\/2024\/09\/kids-drink-bottles36214158375.jpg","width":730,"height":730},{"@type":"BreadcrumbList","@id":"https:\/\/www.dillerbottle.com\/ko\/%ec%a0%9c%ed%92%88\/%ec%95%84%ec%9d%b4%eb%93%a4%ec%9d%80-%eb%b3%91%ec%97%90-%eb%ac%bc%ec%9d%84-%eb%a7%88%ec%8b%a0%eb%8b%a4#breadcrumb","itemListElement":[{"@type":"ListItem","position":1,"name":"Home","item":"https:\/\/www.dillerbottle.com\/"},{"@type":"ListItem","position":2,"name":"Products","item":"https:\/\/www.dillerbottle.com\/shop"},{"@type":"ListItem","position":3,"name":"Kids Drink Bottles"}]},{"@type":"WebSite","@id":"https:\/\/www.dillerbottle.com\/#website","url":"https:\/\/www.dillerbottle.com\/","name":"Fabricante de botellas de agua Diller","description":"Fabricante de botellas de agua","publisher":{"@id":"https:\/\/www.dillerbottle.com\/#organization"},"potentialAction":[{"@type":"SearchAction","target":{"@type":"EntryPoint","urlTemplate":"https:\/\/www.dillerbottle.com\/?s={search_term_string}"},"query-input":{"@type":"PropertyValueSpecification","valueRequired":true,"valueName":"search_term_string"}}],"inLanguage":"es"},{"@type":"Organization","@id":"https:\/\/www.dillerbottle.com\/#organization","name":"Fabricante de botellas de agua Diller","url":"https:\/\/www.dillerbottle.com\/","logo":{"@type":"ImageObject","inLanguage":"es","@id":"https:\/\/www.dillerbottle.com\/#\/schema\/logo\/image\/","url":"https:\/\/www.dillerbottle.com\/wp-content\/uploads\/2024\/09\/49918bfa848dcc1e9f8b509933603ac.png","contentUrl":"https:\/\/www.dillerbottle.com\/wp-content\/uploads\/2024\/09\/49918bfa848dcc1e9f8b509933603ac.png","width":988,"height":198,"caption":"Diller Water Bottle Manufacturer"},"image":{"@id":"https:\/\/www.dillerbottle.com\/#\/schema\/logo\/image\/"}}]}},"_links":{"self":[{"href":"https:\/\/www.dillerbottle.com\/es\/wp-json\/wp\/v2\/product\/3870","targetHints":{"allow":["GET"]}}],"collection":[{"href":"https:\/\/www.dillerbottle.com\/es\/wp-json\/wp\/v2\/product"}],"about":[{"href":"https:\/\/www.dillerbottle.com\/es\/wp-json\/wp\/v2\/types\/product"}],"replies":[{"embeddable":true,"href":"https:\/\/www.dillerbottle.com\/es\/wp-json\/wp\/v2\/comments?post=3870"}],"wp:featuredmedia":[{"embeddable":true,"href":"https:\/\/www.dillerbottle.com\/es\/wp-json\/wp\/v2\/media\/3871"}],"wp:attachment":[{"href":"https:\/\/www.dillerbottle.com\/es\/wp-json\/wp\/v2\/media?parent=3870"}],"wp:term":[{"taxonomy":"product_brand","embeddable":true,"href":"https:\/\/www.dillerbottle.com\/es\/wp-json\/wp\/v2\/product_brand?post=3870"},{"taxonomy":"product_cat","embeddable":true,"href":"https:\/\/www.dillerbottle.com\/es\/wp-json\/wp\/v2\/product_cat?post=3870"},{"taxonomy":"product_tag","embeddable":true,"href":"https:\/\/www.dillerbottle.com\/es\/wp-json\/wp\/v2\/product_tag?post=3870"}],"curies":[{"name":"Gracias","href":"https:\/\/api.w.org\/{rel}","templated":true}]}}