{"id":4171,"date":"2024-09-26T16:35:47","date_gmt":"2024-09-26T08:35:47","guid":{"rendered":"https:\/\/demo.dillerbottle.com\/uncategorized\/kids-water-bottles-for-school"},"modified":"2025-07-10T14:28:09","modified_gmt":"2025-07-10T06:28:09","slug":"botellas-de-agua-para-ninos-para-la-escuela","status":"publish","type":"product","link":"https:\/\/www.dillerbottle.com\/es\/products\/kids-water-bottles-for-school","title":{"rendered":"Botellas de agua para ni\u00f1os para la escuela"},"content":{"rendered":"<p>Botellas de agua para ni\u00f1os para la escuela<br \/>\nCaracter\u00edsticas:<br \/>\n1. Fabricado con materiales de calidad alimentaria de EE.UU.: pl\u00e1stico copoli\u00e9ster Tritan, tapa de material PP, anillo de sellado de silicona y pajitas. Estas botellas de agua para ni\u00f1os 100% no contienen BPA ni toxinas, no desprenden olores y son saludables para beber agua a diario. Es una botella de agua para ni\u00f1os imprescindible para el colegio, los viajes, el senderismo, el camping, los viajes familiares por carretera y los deportes al aire libre.<\/p>\n<p>Botella de agua para ni\u00f1os de 2,16 oz para la escuela con medidas de capacidad en las botellas de agua para llevar un registro de la cantidad de agua que bebe un ni\u00f1o. La abertura de boca ancha es f\u00e1cil de rellenar con agua o llenar con hielo. Las botellas de agua transparentes son f\u00e1ciles de limpiar, resistentes a las ca\u00eddas, reutilizables y duraderas.<\/p>\n<p>3.; Las botellas de agua de pl\u00e1stico con tapa abatible con cerradura, que las hace a prueba de polvo y fugas, se abren simplemente con una mano haciendo clic en el bot\u00f3n, f\u00e1cil de abrir para los ni\u00f1os. Botellas de agua para ni\u00f1os con pajita para evitar que se derrame agua al beber.<\/p>\n<p>4.;Esta colorida y bonita botella de agua con dise\u00f1o de tejido de punto de los dibujos animados favoritos de los ni\u00f1os, con correas ajustables para que los ni\u00f1os puedan llevarla.<\/p>","protected":false},"excerpt":{"rendered":"<p>Hecho en EE. UU.<br \/>\nMateriales de calidad alimentaria: pl\u00e1stico copoli\u00e9ster Tritan, tapa de material PP, anillo de sello de silicona y pajitas.<br \/>\nEstas botellas de agua para ni\u00f1os son 100% libres de BPA y toxinas, sin olores y saludables para beber agua a diario. Las botellas de agua de pl\u00e1stico con una tapa abatible con cerradura, lo que las hace a prueba de polvo y fugas, simplemente se abren con una mano haciendo clic en el bot\u00f3n, f\u00e1cil de abrir para los ni\u00f1os.<br \/>\nPodemos personalizar las botellas de agua para ni\u00f1os seg\u00fan sus requisitos.<br \/>\n\u00a1Bienvenido a la compra al por mayor, env\u00ede su consulta ahora!<\/p>","protected":false},"featured_media":4172,"comment_status":"open","ping_status":"closed","template":"","meta":{"_acf_changed":false},"product_brand":[],"product_cat":[200],"product_tag":[32,36,33,31,39,38,228,231,233,295,29,37,203,34,35,239,28,216,30],"class_list":{"0":"post-4171","1":"product","2":"type-product","3":"status-publish","4":"has-post-thumbnail","6":"product_cat-kids-water-bottles","7":"product_tag-best","8":"product_tag-bulk","9":"product_tag-buy","10":"product_tag-custom","11":"product_tag-for-sale","12":"product_tag-good-quality","13":"product_tag-insulated-kids-water-bottle","14":"product_tag-kids-water-bottle-bpa-free","15":"product_tag-kids-water-bottle-for-school","16":"product_tag-kids-water-bottles-for-school","17":"product_tag-manufacturers","18":"product_tag-manufacturing","19":"product_tag-oem-stainless-steel-water-bottle-thermal-flask","20":"product_tag-price","21":"product_tag-small","22":"product_tag-stainless-steel-water-bottle-for-kids","23":"product_tag-suppliers","24":"product_tag-water-bottle-glass","25":"product_tag-wholesale","27":"first","28":"instock","29":"shipping-taxable","30":"product-type-simple"},"acf":[],"yoast_head":"<!-- This site is optimized with the Yoast SEO Premium plugin v27.5 (Yoast SEO v27.5) - https:\/\/yoast.com\/product\/yoast-seo-premium-wordpress\/ -->\n<title>Kids Water Bottles for School - Diller Water Bottle Manufacturer<\/title>\n<meta name=\"description\" content=\"As one of the best kids water bottles for school manufacturers and suppliers, we are engaged in manufacturing good quality water bottles. We warmly welcome you to wholesale or buy custom made kids water bottles for school at competitive price from us. Also, small quantity orders are acceptable.\" \/>\n<meta name=\"robots\" content=\"index, follow, max-snippet:-1, max-image-preview:large, max-video-preview:-1\" \/>\n<link rel=\"canonical\" href=\"https:\/\/www.dillerbottle.com\/es\/productos\/botellas-de-agua-para-ninos-para-la-escuela\" \/>\n<meta property=\"og:locale\" content=\"es_ES\" \/>\n<meta property=\"og:type\" content=\"article\" \/>\n<meta property=\"og:title\" content=\"Kids Water Bottles for School\" \/>\n<meta property=\"og:description\" content=\"As one of the best kids water bottles for school manufacturers and suppliers, we are engaged in manufacturing good quality water bottles. We warmly welcome you to wholesale or buy custom made kids water bottles for school at competitive price from us. Also, small quantity orders are acceptable.\" \/>\n<meta property=\"og:url\" content=\"https:\/\/www.dillerbottle.com\/es\/productos\/botellas-de-agua-para-ninos-para-la-escuela\" \/>\n<meta property=\"og:site_name\" content=\"Diller Water Bottle Manufacturer\" \/>\n<meta property=\"article:modified_time\" content=\"2025-07-10T06:28:09+00:00\" \/>\n<meta property=\"og:image\" content=\"https:\/\/www.dillerbottle.com\/wp-content\/uploads\/2024\/09\/kids-water-bottles-for-school23284594933.jpg\" \/>\n\t<meta property=\"og:image:width\" content=\"730\" \/>\n\t<meta property=\"og:image:height\" content=\"730\" \/>\n\t<meta property=\"og:image:type\" content=\"image\/jpeg\" \/>\n<meta name=\"twitter:card\" content=\"summary_large_image\" \/>\n<meta name=\"twitter:label1\" content=\"Tiempo de lectura\" \/>\n\t<meta name=\"twitter:data1\" content=\"2 minutos\" \/>\n<script type=\"application\/ld+json\" class=\"yoast-schema-graph\">{\"@context\":\"https:\\\/\\\/schema.org\",\"@graph\":[{\"@type\":\"WebPage\",\"@id\":\"https:\\\/\\\/www.dillerbottle.com\\\/my\\\/produk\\\/botol-air-kanak-kanak-untuk-sekolah\",\"url\":\"https:\\\/\\\/www.dillerbottle.com\\\/my\\\/produk\\\/botol-air-kanak-kanak-untuk-sekolah\",\"name\":\"Kids Water Bottles for School - Diller Water Bottle Manufacturer\",\"isPartOf\":{\"@id\":\"https:\\\/\\\/www.dillerbottle.com\\\/#website\"},\"primaryImageOfPage\":{\"@id\":\"https:\\\/\\\/www.dillerbottle.com\\\/my\\\/produk\\\/botol-air-kanak-kanak-untuk-sekolah#primaryimage\"},\"image\":{\"@id\":\"https:\\\/\\\/www.dillerbottle.com\\\/my\\\/produk\\\/botol-air-kanak-kanak-untuk-sekolah#primaryimage\"},\"thumbnailUrl\":\"https:\\\/\\\/www.dillerbottle.com\\\/wp-content\\\/uploads\\\/2024\\\/09\\\/kids-water-bottles-for-school23284594933.jpg\",\"datePublished\":\"2024-09-26T08:35:47+00:00\",\"dateModified\":\"2025-07-10T06:28:09+00:00\",\"description\":\"As one of the best kids water bottles for school manufacturers and suppliers, we are engaged in manufacturing good quality water bottles. We warmly welcome you to wholesale or buy custom made kids water bottles for school at competitive price from us. Also, small quantity orders are acceptable.\",\"breadcrumb\":{\"@id\":\"https:\\\/\\\/www.dillerbottle.com\\\/my\\\/produk\\\/botol-air-kanak-kanak-untuk-sekolah#breadcrumb\"},\"inLanguage\":\"es\",\"potentialAction\":[{\"@type\":\"ReadAction\",\"target\":[\"https:\\\/\\\/www.dillerbottle.com\\\/my\\\/produk\\\/botol-air-kanak-kanak-untuk-sekolah\"]}]},{\"@type\":\"ImageObject\",\"inLanguage\":\"es\",\"@id\":\"https:\\\/\\\/www.dillerbottle.com\\\/my\\\/produk\\\/botol-air-kanak-kanak-untuk-sekolah#primaryimage\",\"url\":\"https:\\\/\\\/www.dillerbottle.com\\\/wp-content\\\/uploads\\\/2024\\\/09\\\/kids-water-bottles-for-school23284594933.jpg\",\"contentUrl\":\"https:\\\/\\\/www.dillerbottle.com\\\/wp-content\\\/uploads\\\/2024\\\/09\\\/kids-water-bottles-for-school23284594933.jpg\",\"width\":730,\"height\":730},{\"@type\":\"BreadcrumbList\",\"@id\":\"https:\\\/\\\/www.dillerbottle.com\\\/my\\\/produk\\\/botol-air-kanak-kanak-untuk-sekolah#breadcrumb\",\"itemListElement\":[{\"@type\":\"ListItem\",\"position\":1,\"name\":\"Home\",\"item\":\"https:\\\/\\\/www.dillerbottle.com\\\/\"},{\"@type\":\"ListItem\",\"position\":2,\"name\":\"Products\",\"item\":\"https:\\\/\\\/www.dillerbottle.com\\\/shop\"},{\"@type\":\"ListItem\",\"position\":3,\"name\":\"Kids Water Bottles for School\"}]},{\"@type\":\"WebSite\",\"@id\":\"https:\\\/\\\/www.dillerbottle.com\\\/#website\",\"url\":\"https:\\\/\\\/www.dillerbottle.com\\\/\",\"name\":\"Diller Water Bottle Manufacturer\",\"description\":\"Water Bottle Manufacturer\",\"publisher\":{\"@id\":\"https:\\\/\\\/www.dillerbottle.com\\\/#organization\"},\"potentialAction\":[{\"@type\":\"SearchAction\",\"target\":{\"@type\":\"EntryPoint\",\"urlTemplate\":\"https:\\\/\\\/www.dillerbottle.com\\\/?s={search_term_string}\"},\"query-input\":{\"@type\":\"PropertyValueSpecification\",\"valueRequired\":true,\"valueName\":\"search_term_string\"}}],\"inLanguage\":\"es\"},{\"@type\":\"Organization\",\"@id\":\"https:\\\/\\\/www.dillerbottle.com\\\/#organization\",\"name\":\"Diller Water Bottle Manufacturer\",\"url\":\"https:\\\/\\\/www.dillerbottle.com\\\/\",\"logo\":{\"@type\":\"ImageObject\",\"inLanguage\":\"es\",\"@id\":\"https:\\\/\\\/www.dillerbottle.com\\\/#\\\/schema\\\/logo\\\/image\\\/\",\"url\":\"https:\\\/\\\/www.dillerbottle.com\\\/wp-content\\\/uploads\\\/2024\\\/09\\\/49918bfa848dcc1e9f8b509933603ac.png\",\"contentUrl\":\"https:\\\/\\\/www.dillerbottle.com\\\/wp-content\\\/uploads\\\/2024\\\/09\\\/49918bfa848dcc1e9f8b509933603ac.png\",\"width\":988,\"height\":198,\"caption\":\"Diller Water Bottle Manufacturer\"},\"image\":{\"@id\":\"https:\\\/\\\/www.dillerbottle.com\\\/#\\\/schema\\\/logo\\\/image\\\/\"}}]}<\/script>\n<!-- \/ Yoast SEO Premium plugin. -->","yoast_head_json":{"title":"Botellas de agua para ni\u00f1os para la escuela - Fabricante de botellas de agua Diller","description":"Como uno de los mejores fabricantes y proveedores de botellas de agua para ni\u00f1os para la escuela, nos dedicamos a la fabricaci\u00f3n de botellas de agua de buena calidad. Le damos una c\u00e1lida bienvenida para que compre al por mayor o botellas de agua para ni\u00f1os hechas a medida para la escuela a un precio competitivo. Adem\u00e1s, aceptamos pedidos de peque\u00f1as cantidades.","robots":{"index":"index","follow":"follow","max-snippet":"max-snippet:-1","max-image-preview":"max-image-preview:large","max-video-preview":"max-video-preview:-1"},"canonical":"https:\/\/www.dillerbottle.com\/es\/productos\/botellas-de-agua-para-ninos-para-la-escuela","og_locale":"es_ES","og_type":"article","og_title":"Kids Water Bottles for School","og_description":"As one of the best kids water bottles for school manufacturers and suppliers, we are engaged in manufacturing good quality water bottles. We warmly welcome you to wholesale or buy custom made kids water bottles for school at competitive price from us. Also, small quantity orders are acceptable.","og_url":"https:\/\/www.dillerbottle.com\/es\/productos\/botellas-de-agua-para-ninos-para-la-escuela","og_site_name":"Diller Water Bottle Manufacturer","article_modified_time":"2025-07-10T06:28:09+00:00","og_image":[{"width":730,"height":730,"url":"https:\/\/www.dillerbottle.com\/wp-content\/uploads\/2024\/09\/kids-water-bottles-for-school23284594933.jpg","type":"image\/jpeg"}],"twitter_card":"summary_large_image","twitter_misc":{"Tiempo de lectura":"2 minutos"},"schema":{"@context":"https:\/\/schema.org","@graph":[{"@type":"WebPage","@id":"https:\/\/www.dillerbottle.com\/my\/produk\/botol-air-kanak-kanak-untuk-sekolah","url":"https:\/\/www.dillerbottle.com\/my\/produk\/botol-air-kanak-kanak-untuk-sekolah","name":"Botellas de agua para ni\u00f1os para la escuela - Fabricante de botellas de agua Diller","isPartOf":{"@id":"https:\/\/www.dillerbottle.com\/#website"},"primaryImageOfPage":{"@id":"https:\/\/www.dillerbottle.com\/my\/produk\/botol-air-kanak-kanak-untuk-sekolah#primaryimage"},"image":{"@id":"https:\/\/www.dillerbottle.com\/my\/produk\/botol-air-kanak-kanak-untuk-sekolah#primaryimage"},"thumbnailUrl":"https:\/\/www.dillerbottle.com\/wp-content\/uploads\/2024\/09\/kids-water-bottles-for-school23284594933.jpg","datePublished":"2024-09-26T08:35:47+00:00","dateModified":"2025-07-10T06:28:09+00:00","description":"Como uno de los mejores fabricantes y proveedores de botellas de agua para ni\u00f1os para la escuela, nos dedicamos a la fabricaci\u00f3n de botellas de agua de buena calidad. Le damos una c\u00e1lida bienvenida para que compre al por mayor o botellas de agua para ni\u00f1os hechas a medida para la escuela a un precio competitivo. Adem\u00e1s, aceptamos pedidos de peque\u00f1as cantidades.","breadcrumb":{"@id":"https:\/\/www.dillerbottle.com\/my\/produk\/botol-air-kanak-kanak-untuk-sekolah#breadcrumb"},"inLanguage":"es","potentialAction":[{"@type":"ReadAction","target":["https:\/\/www.dillerbottle.com\/my\/produk\/botol-air-kanak-kanak-untuk-sekolah"]}]},{"@type":"ImageObject","inLanguage":"es","@id":"https:\/\/www.dillerbottle.com\/my\/produk\/botol-air-kanak-kanak-untuk-sekolah#primaryimage","url":"https:\/\/www.dillerbottle.com\/wp-content\/uploads\/2024\/09\/kids-water-bottles-for-school23284594933.jpg","contentUrl":"https:\/\/www.dillerbottle.com\/wp-content\/uploads\/2024\/09\/kids-water-bottles-for-school23284594933.jpg","width":730,"height":730},{"@type":"BreadcrumbList","@id":"https:\/\/www.dillerbottle.com\/my\/produk\/botol-air-kanak-kanak-untuk-sekolah#breadcrumb","itemListElement":[{"@type":"ListItem","position":1,"name":"Home","item":"https:\/\/www.dillerbottle.com\/"},{"@type":"ListItem","position":2,"name":"Products","item":"https:\/\/www.dillerbottle.com\/shop"},{"@type":"ListItem","position":3,"name":"Kids Water Bottles for School"}]},{"@type":"WebSite","@id":"https:\/\/www.dillerbottle.com\/#website","url":"https:\/\/www.dillerbottle.com\/","name":"Fabricante de botellas de agua Diller","description":"Fabricante de botellas de agua","publisher":{"@id":"https:\/\/www.dillerbottle.com\/#organization"},"potentialAction":[{"@type":"SearchAction","target":{"@type":"EntryPoint","urlTemplate":"https:\/\/www.dillerbottle.com\/?s={search_term_string}"},"query-input":{"@type":"PropertyValueSpecification","valueRequired":true,"valueName":"search_term_string"}}],"inLanguage":"es"},{"@type":"Organization","@id":"https:\/\/www.dillerbottle.com\/#organization","name":"Fabricante de botellas de agua Diller","url":"https:\/\/www.dillerbottle.com\/","logo":{"@type":"ImageObject","inLanguage":"es","@id":"https:\/\/www.dillerbottle.com\/#\/schema\/logo\/image\/","url":"https:\/\/www.dillerbottle.com\/wp-content\/uploads\/2024\/09\/49918bfa848dcc1e9f8b509933603ac.png","contentUrl":"https:\/\/www.dillerbottle.com\/wp-content\/uploads\/2024\/09\/49918bfa848dcc1e9f8b509933603ac.png","width":988,"height":198,"caption":"Diller Water Bottle Manufacturer"},"image":{"@id":"https:\/\/www.dillerbottle.com\/#\/schema\/logo\/image\/"}}]}},"_links":{"self":[{"href":"https:\/\/www.dillerbottle.com\/es\/wp-json\/wp\/v2\/product\/4171","targetHints":{"allow":["GET"]}}],"collection":[{"href":"https:\/\/www.dillerbottle.com\/es\/wp-json\/wp\/v2\/product"}],"about":[{"href":"https:\/\/www.dillerbottle.com\/es\/wp-json\/wp\/v2\/types\/product"}],"replies":[{"embeddable":true,"href":"https:\/\/www.dillerbottle.com\/es\/wp-json\/wp\/v2\/comments?post=4171"}],"wp:featuredmedia":[{"embeddable":true,"href":"https:\/\/www.dillerbottle.com\/es\/wp-json\/wp\/v2\/media\/4172"}],"wp:attachment":[{"href":"https:\/\/www.dillerbottle.com\/es\/wp-json\/wp\/v2\/media?parent=4171"}],"wp:term":[{"taxonomy":"product_brand","embeddable":true,"href":"https:\/\/www.dillerbottle.com\/es\/wp-json\/wp\/v2\/product_brand?post=4171"},{"taxonomy":"product_cat","embeddable":true,"href":"https:\/\/www.dillerbottle.com\/es\/wp-json\/wp\/v2\/product_cat?post=4171"},{"taxonomy":"product_tag","embeddable":true,"href":"https:\/\/www.dillerbottle.com\/es\/wp-json\/wp\/v2\/product_tag?post=4171"}],"curies":[{"name":"Gracias","href":"https:\/\/api.w.org\/{rel}","templated":true}]}}