{"id":4491,"date":"2024-09-27T17:45:25","date_gmt":"2024-09-27T09:45:25","guid":{"rendered":"https:\/\/demo.dillerbottle.com\/uncategorized\/gradient-color-plastic-water-bottles"},"modified":"2025-07-10T14:21:37","modified_gmt":"2025-07-10T06:21:37","slug":"botellas-de-agua-de-plastico-de-color-degradado","status":"publish","type":"product","link":"https:\/\/www.dillerbottle.com\/es\/products\/gradient-color-plastic-water-bottles","title":{"rendered":"Botellas de agua de pl\u00e1stico con colores degradados"},"content":{"rendered":"<p>1. Las botellas de agua de pl\u00e1stico con degradado est\u00e1n hechas de material Tritan. El Tritan tiene una alta resistencia al calor y al impacto. Es seguro e inofensivo, libre de sustancias nocivas como el BPA. El deslumbrante cuerpo de la botella con degradado es una herramienta llamativa imprescindible para salir.<\/p>\n<p>2. M\u00e9todo de bebida doble con una sola tapa, se puede beber con una pajita o directamente. La taza tiene un anillo de silicona sellado y no gotea ni siquiera cuando se gira 360\u00b0.<\/p>\n<p>3. La tapa y el cuerpo de la taza tienen un asa y tambi\u00e9n hay una correa ajustable complementaria, lo que proporciona comodidad para transportar y viajar.<\/p>\n<p>OEM y ODM aceptables.<br \/>\nPodemos personalizar la botella de agua seg\u00fan sus requisitos.<br \/>\n\u00a1Bienvenido a la compra al por mayor, env\u00ede su consulta ahora!<\/p>\n<p><iframe title=\"Botella de agua port\u00e1til para gimnasio, deportiva, ecol\u00f3gica, de pl\u00e1stico Tritan, sin BPA, con pajita, D2313\" width=\"800\" height=\"600\" src=\"https:\/\/www.youtube.com\/embed\/Z9p9-E-33Ro?feature=oembed\" frameborder=\"0\" allow=\"accelerometer; autoplay; clipboard-write; encrypted-media; gyroscope; picture-in-picture; web-share\" referrerpolicy=\"strict-origin-when-cross-origin\" allowfullscreen><\/iframe><\/p>","protected":false},"excerpt":{"rendered":"<p>Esta botella de agua de pl\u00e1stico de color degradado est\u00e1 hecha de Tritan duradero y materiales de calidad alimentaria.<br \/>\nPuedes utilizar una pajita para beber agua o una boca para beber directa.<br \/>\nLa tapa a prueba de derrames con un solo clic se abre f\u00e1cilmente con solo presionar un bot\u00f3n con una mano.<br \/>\nLa botella tiene un asa, lo que la hace m\u00e1s c\u00f3moda de llevar.<br \/>\nOEM y ODM aceptables.<br \/>\nPodemos personalizar la botella deportiva de pl\u00e1stico seg\u00fan sus requisitos.<br \/>\n\u00a1Bienvenido a la compra al por mayor, env\u00ede su consulta ahora!<\/p>","protected":false},"featured_media":4492,"comment_status":"open","ping_status":"closed","template":"","meta":{"_acf_changed":false},"product_brand":[],"product_cat":[309],"product_tag":[32,36,33,31,39,38,341,343,29,37,344,34,35,28,342,346,345,30,323],"class_list":{"0":"post-4491","1":"product","2":"type-product","3":"status-publish","4":"has-post-thumbnail","6":"product_cat-plastic-water-bottle","7":"product_tag-best","8":"product_tag-bulk","9":"product_tag-buy","10":"product_tag-custom","11":"product_tag-for-sale","12":"product_tag-good-quality","13":"product_tag-gradient-color-plastic-water-bottles","14":"product_tag-green-plastic-wide-mouth-water-sports-bottle","15":"product_tag-manufacturers","16":"product_tag-manufacturing","17":"product_tag-motivational-water-bottles-with-straw","18":"product_tag-price","19":"product_tag-small","20":"product_tag-suppliers","21":"product_tag-tritan-plastic-water-bottle","22":"product_tag-tumbler-water-bottle","23":"product_tag-water-bottle-2-litre","24":"product_tag-wholesale","25":"product_tag-wholesale-cute-water-bottles","27":"first","28":"instock","29":"shipping-taxable","30":"product-type-simple"},"acf":[],"yoast_head":"<!-- This site is optimized with the Yoast SEO Premium plugin v27.5 (Yoast SEO v27.5) - https:\/\/yoast.com\/product\/yoast-seo-premium-wordpress\/ -->\n<title>Gradient Color Plastic Water Bottles - Diller Water Bottle Manufacturer<\/title>\n<meta name=\"description\" content=\"As one of the best gradient color plastic water bottles manufacturers and suppliers, we are engaged in manufacturing good quality water bottles. We warmly welcome you to wholesale or buy custom made gradient color plastic water bottles at competitive price from us. Also, small quantity orders are acceptable.\" \/>\n<meta name=\"robots\" content=\"index, follow, max-snippet:-1, max-image-preview:large, max-video-preview:-1\" \/>\n<link rel=\"canonical\" href=\"https:\/\/www.dillerbottle.com\/es\/productos\/botellas-de-agua-de-plastico-de-color-degradado\" \/>\n<meta property=\"og:locale\" content=\"es_ES\" \/>\n<meta property=\"og:type\" content=\"article\" \/>\n<meta property=\"og:title\" content=\"Gradient Color Plastic Water Bottles\" \/>\n<meta property=\"og:description\" content=\"As one of the best gradient color plastic water bottles manufacturers and suppliers, we are engaged in manufacturing good quality water bottles. We warmly welcome you to wholesale or buy custom made gradient color plastic water bottles at competitive price from us. Also, small quantity orders are acceptable.\" \/>\n<meta property=\"og:url\" content=\"https:\/\/www.dillerbottle.com\/es\/productos\/botellas-de-agua-de-plastico-de-color-degradado\" \/>\n<meta property=\"og:site_name\" content=\"Diller Water Bottle Manufacturer\" \/>\n<meta property=\"article:modified_time\" content=\"2025-07-10T06:21:37+00:00\" \/>\n<meta property=\"og:image\" content=\"https:\/\/www.dillerbottle.com\/wp-content\/uploads\/2024\/09\/gradient-color-plastic-water-bottlese43af043-3560-4bb3-8e52-0392acda6be8.jpg\" \/>\n\t<meta property=\"og:image:width\" content=\"730\" \/>\n\t<meta property=\"og:image:height\" content=\"730\" \/>\n\t<meta property=\"og:image:type\" content=\"image\/jpeg\" \/>\n<meta name=\"twitter:card\" content=\"summary_large_image\" \/>\n<meta name=\"twitter:label1\" content=\"Tiempo de lectura\" \/>\n\t<meta name=\"twitter:data1\" content=\"6 minutos\" \/>\n<script type=\"application\/ld+json\" class=\"yoast-schema-graph\">{\"@context\":\"https:\\\/\\\/schema.org\",\"@graph\":[{\"@type\":\"WebPage\",\"@id\":\"https:\\\/\\\/www.dillerbottle.com\\\/ko\\\/%ec%a0%9c%ed%92%88\\\/%ea%b7%b8%eb%9d%bc%eb%8d%b0%ec%9d%b4%ec%85%98-%ec%bb%ac%eb%9f%ac-%ed%94%8c%eb%9d%bc%ec%8a%a4%ed%8b%b1-%eb%ac%bc%eb%b3%91\",\"url\":\"https:\\\/\\\/www.dillerbottle.com\\\/ko\\\/%ec%a0%9c%ed%92%88\\\/%ea%b7%b8%eb%9d%bc%eb%8d%b0%ec%9d%b4%ec%85%98-%ec%bb%ac%eb%9f%ac-%ed%94%8c%eb%9d%bc%ec%8a%a4%ed%8b%b1-%eb%ac%bc%eb%b3%91\",\"name\":\"Gradient Color Plastic Water Bottles - Diller Water Bottle Manufacturer\",\"isPartOf\":{\"@id\":\"https:\\\/\\\/www.dillerbottle.com\\\/#website\"},\"primaryImageOfPage\":{\"@id\":\"https:\\\/\\\/www.dillerbottle.com\\\/ko\\\/%ec%a0%9c%ed%92%88\\\/%ea%b7%b8%eb%9d%bc%eb%8d%b0%ec%9d%b4%ec%85%98-%ec%bb%ac%eb%9f%ac-%ed%94%8c%eb%9d%bc%ec%8a%a4%ed%8b%b1-%eb%ac%bc%eb%b3%91#primaryimage\"},\"image\":{\"@id\":\"https:\\\/\\\/www.dillerbottle.com\\\/ko\\\/%ec%a0%9c%ed%92%88\\\/%ea%b7%b8%eb%9d%bc%eb%8d%b0%ec%9d%b4%ec%85%98-%ec%bb%ac%eb%9f%ac-%ed%94%8c%eb%9d%bc%ec%8a%a4%ed%8b%b1-%eb%ac%bc%eb%b3%91#primaryimage\"},\"thumbnailUrl\":\"https:\\\/\\\/www.dillerbottle.com\\\/wp-content\\\/uploads\\\/2024\\\/09\\\/gradient-color-plastic-water-bottlese43af043-3560-4bb3-8e52-0392acda6be8.jpg\",\"datePublished\":\"2024-09-27T09:45:25+00:00\",\"dateModified\":\"2025-07-10T06:21:37+00:00\",\"description\":\"As one of the best gradient color plastic water bottles manufacturers and suppliers, we are engaged in manufacturing good quality water bottles. We warmly welcome you to wholesale or buy custom made gradient color plastic water bottles at competitive price from us. Also, small quantity orders are acceptable.\",\"breadcrumb\":{\"@id\":\"https:\\\/\\\/www.dillerbottle.com\\\/ko\\\/%ec%a0%9c%ed%92%88\\\/%ea%b7%b8%eb%9d%bc%eb%8d%b0%ec%9d%b4%ec%85%98-%ec%bb%ac%eb%9f%ac-%ed%94%8c%eb%9d%bc%ec%8a%a4%ed%8b%b1-%eb%ac%bc%eb%b3%91#breadcrumb\"},\"inLanguage\":\"es\",\"potentialAction\":[{\"@type\":\"ReadAction\",\"target\":[\"https:\\\/\\\/www.dillerbottle.com\\\/ko\\\/%ec%a0%9c%ed%92%88\\\/%ea%b7%b8%eb%9d%bc%eb%8d%b0%ec%9d%b4%ec%85%98-%ec%bb%ac%eb%9f%ac-%ed%94%8c%eb%9d%bc%ec%8a%a4%ed%8b%b1-%eb%ac%bc%eb%b3%91\"]}]},{\"@type\":\"ImageObject\",\"inLanguage\":\"es\",\"@id\":\"https:\\\/\\\/www.dillerbottle.com\\\/ko\\\/%ec%a0%9c%ed%92%88\\\/%ea%b7%b8%eb%9d%bc%eb%8d%b0%ec%9d%b4%ec%85%98-%ec%bb%ac%eb%9f%ac-%ed%94%8c%eb%9d%bc%ec%8a%a4%ed%8b%b1-%eb%ac%bc%eb%b3%91#primaryimage\",\"url\":\"https:\\\/\\\/www.dillerbottle.com\\\/wp-content\\\/uploads\\\/2024\\\/09\\\/gradient-color-plastic-water-bottlese43af043-3560-4bb3-8e52-0392acda6be8.jpg\",\"contentUrl\":\"https:\\\/\\\/www.dillerbottle.com\\\/wp-content\\\/uploads\\\/2024\\\/09\\\/gradient-color-plastic-water-bottlese43af043-3560-4bb3-8e52-0392acda6be8.jpg\",\"width\":730,\"height\":730},{\"@type\":\"BreadcrumbList\",\"@id\":\"https:\\\/\\\/www.dillerbottle.com\\\/ko\\\/%ec%a0%9c%ed%92%88\\\/%ea%b7%b8%eb%9d%bc%eb%8d%b0%ec%9d%b4%ec%85%98-%ec%bb%ac%eb%9f%ac-%ed%94%8c%eb%9d%bc%ec%8a%a4%ed%8b%b1-%eb%ac%bc%eb%b3%91#breadcrumb\",\"itemListElement\":[{\"@type\":\"ListItem\",\"position\":1,\"name\":\"Home\",\"item\":\"https:\\\/\\\/www.dillerbottle.com\\\/\"},{\"@type\":\"ListItem\",\"position\":2,\"name\":\"Products\",\"item\":\"https:\\\/\\\/www.dillerbottle.com\\\/shop\"},{\"@type\":\"ListItem\",\"position\":3,\"name\":\"Gradient Color Plastic Water Bottles\"}]},{\"@type\":\"WebSite\",\"@id\":\"https:\\\/\\\/www.dillerbottle.com\\\/#website\",\"url\":\"https:\\\/\\\/www.dillerbottle.com\\\/\",\"name\":\"Diller Water Bottle Manufacturer\",\"description\":\"Water Bottle Manufacturer\",\"publisher\":{\"@id\":\"https:\\\/\\\/www.dillerbottle.com\\\/#organization\"},\"potentialAction\":[{\"@type\":\"SearchAction\",\"target\":{\"@type\":\"EntryPoint\",\"urlTemplate\":\"https:\\\/\\\/www.dillerbottle.com\\\/?s={search_term_string}\"},\"query-input\":{\"@type\":\"PropertyValueSpecification\",\"valueRequired\":true,\"valueName\":\"search_term_string\"}}],\"inLanguage\":\"es\"},{\"@type\":\"Organization\",\"@id\":\"https:\\\/\\\/www.dillerbottle.com\\\/#organization\",\"name\":\"Diller Water Bottle Manufacturer\",\"url\":\"https:\\\/\\\/www.dillerbottle.com\\\/\",\"logo\":{\"@type\":\"ImageObject\",\"inLanguage\":\"es\",\"@id\":\"https:\\\/\\\/www.dillerbottle.com\\\/#\\\/schema\\\/logo\\\/image\\\/\",\"url\":\"https:\\\/\\\/www.dillerbottle.com\\\/wp-content\\\/uploads\\\/2024\\\/09\\\/49918bfa848dcc1e9f8b509933603ac.png\",\"contentUrl\":\"https:\\\/\\\/www.dillerbottle.com\\\/wp-content\\\/uploads\\\/2024\\\/09\\\/49918bfa848dcc1e9f8b509933603ac.png\",\"width\":988,\"height\":198,\"caption\":\"Diller Water Bottle Manufacturer\"},\"image\":{\"@id\":\"https:\\\/\\\/www.dillerbottle.com\\\/#\\\/schema\\\/logo\\\/image\\\/\"}}]}<\/script>\n<!-- \/ Yoast SEO Premium plugin. -->","yoast_head_json":{"title":"Botellas de agua de pl\u00e1stico con degradado de color - Fabricante de botellas de agua Diller","description":"Como uno de los mejores fabricantes y proveedores de botellas de agua de pl\u00e1stico con degradado, nos dedicamos a la fabricaci\u00f3n de botellas de agua de buena calidad. Le damos una c\u00e1lida bienvenida para que compre al por mayor o botellas de agua de pl\u00e1stico con degradado hechas a medida a un precio competitivo. Adem\u00e1s, aceptamos pedidos de peque\u00f1as cantidades.","robots":{"index":"index","follow":"follow","max-snippet":"max-snippet:-1","max-image-preview":"max-image-preview:large","max-video-preview":"max-video-preview:-1"},"canonical":"https:\/\/www.dillerbottle.com\/es\/productos\/botellas-de-agua-de-plastico-de-color-degradado","og_locale":"es_ES","og_type":"article","og_title":"Gradient Color Plastic Water Bottles","og_description":"As one of the best gradient color plastic water bottles manufacturers and suppliers, we are engaged in manufacturing good quality water bottles. We warmly welcome you to wholesale or buy custom made gradient color plastic water bottles at competitive price from us. Also, small quantity orders are acceptable.","og_url":"https:\/\/www.dillerbottle.com\/es\/productos\/botellas-de-agua-de-plastico-de-color-degradado","og_site_name":"Diller Water Bottle Manufacturer","article_modified_time":"2025-07-10T06:21:37+00:00","og_image":[{"width":730,"height":730,"url":"https:\/\/www.dillerbottle.com\/wp-content\/uploads\/2024\/09\/gradient-color-plastic-water-bottlese43af043-3560-4bb3-8e52-0392acda6be8.jpg","type":"image\/jpeg"}],"twitter_card":"summary_large_image","twitter_misc":{"Tiempo de lectura":"6 minutos"},"schema":{"@context":"https:\/\/schema.org","@graph":[{"@type":"WebPage","@id":"https:\/\/www.dillerbottle.com\/ko\/%ec%a0%9c%ed%92%88\/%ea%b7%b8%eb%9d%bc%eb%8d%b0%ec%9d%b4%ec%85%98-%ec%bb%ac%eb%9f%ac-%ed%94%8c%eb%9d%bc%ec%8a%a4%ed%8b%b1-%eb%ac%bc%eb%b3%91","url":"https:\/\/www.dillerbottle.com\/ko\/%ec%a0%9c%ed%92%88\/%ea%b7%b8%eb%9d%bc%eb%8d%b0%ec%9d%b4%ec%85%98-%ec%bb%ac%eb%9f%ac-%ed%94%8c%eb%9d%bc%ec%8a%a4%ed%8b%b1-%eb%ac%bc%eb%b3%91","name":"Botellas de agua de pl\u00e1stico con degradado de color - Fabricante de botellas de agua Diller","isPartOf":{"@id":"https:\/\/www.dillerbottle.com\/#website"},"primaryImageOfPage":{"@id":"https:\/\/www.dillerbottle.com\/ko\/%ec%a0%9c%ed%92%88\/%ea%b7%b8%eb%9d%bc%eb%8d%b0%ec%9d%b4%ec%85%98-%ec%bb%ac%eb%9f%ac-%ed%94%8c%eb%9d%bc%ec%8a%a4%ed%8b%b1-%eb%ac%bc%eb%b3%91#primaryimage"},"image":{"@id":"https:\/\/www.dillerbottle.com\/ko\/%ec%a0%9c%ed%92%88\/%ea%b7%b8%eb%9d%bc%eb%8d%b0%ec%9d%b4%ec%85%98-%ec%bb%ac%eb%9f%ac-%ed%94%8c%eb%9d%bc%ec%8a%a4%ed%8b%b1-%eb%ac%bc%eb%b3%91#primaryimage"},"thumbnailUrl":"https:\/\/www.dillerbottle.com\/wp-content\/uploads\/2024\/09\/gradient-color-plastic-water-bottlese43af043-3560-4bb3-8e52-0392acda6be8.jpg","datePublished":"2024-09-27T09:45:25+00:00","dateModified":"2025-07-10T06:21:37+00:00","description":"Como uno de los mejores fabricantes y proveedores de botellas de agua de pl\u00e1stico con degradado, nos dedicamos a la fabricaci\u00f3n de botellas de agua de buena calidad. Le damos una c\u00e1lida bienvenida para que compre al por mayor o botellas de agua de pl\u00e1stico con degradado hechas a medida a un precio competitivo. Adem\u00e1s, aceptamos pedidos de peque\u00f1as cantidades.","breadcrumb":{"@id":"https:\/\/www.dillerbottle.com\/ko\/%ec%a0%9c%ed%92%88\/%ea%b7%b8%eb%9d%bc%eb%8d%b0%ec%9d%b4%ec%85%98-%ec%bb%ac%eb%9f%ac-%ed%94%8c%eb%9d%bc%ec%8a%a4%ed%8b%b1-%eb%ac%bc%eb%b3%91#breadcrumb"},"inLanguage":"es","potentialAction":[{"@type":"ReadAction","target":["https:\/\/www.dillerbottle.com\/ko\/%ec%a0%9c%ed%92%88\/%ea%b7%b8%eb%9d%bc%eb%8d%b0%ec%9d%b4%ec%85%98-%ec%bb%ac%eb%9f%ac-%ed%94%8c%eb%9d%bc%ec%8a%a4%ed%8b%b1-%eb%ac%bc%eb%b3%91"]}]},{"@type":"ImageObject","inLanguage":"es","@id":"https:\/\/www.dillerbottle.com\/ko\/%ec%a0%9c%ed%92%88\/%ea%b7%b8%eb%9d%bc%eb%8d%b0%ec%9d%b4%ec%85%98-%ec%bb%ac%eb%9f%ac-%ed%94%8c%eb%9d%bc%ec%8a%a4%ed%8b%b1-%eb%ac%bc%eb%b3%91#primaryimage","url":"https:\/\/www.dillerbottle.com\/wp-content\/uploads\/2024\/09\/gradient-color-plastic-water-bottlese43af043-3560-4bb3-8e52-0392acda6be8.jpg","contentUrl":"https:\/\/www.dillerbottle.com\/wp-content\/uploads\/2024\/09\/gradient-color-plastic-water-bottlese43af043-3560-4bb3-8e52-0392acda6be8.jpg","width":730,"height":730},{"@type":"BreadcrumbList","@id":"https:\/\/www.dillerbottle.com\/ko\/%ec%a0%9c%ed%92%88\/%ea%b7%b8%eb%9d%bc%eb%8d%b0%ec%9d%b4%ec%85%98-%ec%bb%ac%eb%9f%ac-%ed%94%8c%eb%9d%bc%ec%8a%a4%ed%8b%b1-%eb%ac%bc%eb%b3%91#breadcrumb","itemListElement":[{"@type":"ListItem","position":1,"name":"Home","item":"https:\/\/www.dillerbottle.com\/"},{"@type":"ListItem","position":2,"name":"Products","item":"https:\/\/www.dillerbottle.com\/shop"},{"@type":"ListItem","position":3,"name":"Gradient Color Plastic Water Bottles"}]},{"@type":"WebSite","@id":"https:\/\/www.dillerbottle.com\/#website","url":"https:\/\/www.dillerbottle.com\/","name":"Fabricante de botellas de agua Diller","description":"Fabricante de botellas de agua","publisher":{"@id":"https:\/\/www.dillerbottle.com\/#organization"},"potentialAction":[{"@type":"SearchAction","target":{"@type":"EntryPoint","urlTemplate":"https:\/\/www.dillerbottle.com\/?s={search_term_string}"},"query-input":{"@type":"PropertyValueSpecification","valueRequired":true,"valueName":"search_term_string"}}],"inLanguage":"es"},{"@type":"Organization","@id":"https:\/\/www.dillerbottle.com\/#organization","name":"Fabricante de botellas de agua Diller","url":"https:\/\/www.dillerbottle.com\/","logo":{"@type":"ImageObject","inLanguage":"es","@id":"https:\/\/www.dillerbottle.com\/#\/schema\/logo\/image\/","url":"https:\/\/www.dillerbottle.com\/wp-content\/uploads\/2024\/09\/49918bfa848dcc1e9f8b509933603ac.png","contentUrl":"https:\/\/www.dillerbottle.com\/wp-content\/uploads\/2024\/09\/49918bfa848dcc1e9f8b509933603ac.png","width":988,"height":198,"caption":"Diller Water Bottle Manufacturer"},"image":{"@id":"https:\/\/www.dillerbottle.com\/#\/schema\/logo\/image\/"}}]}},"_links":{"self":[{"href":"https:\/\/www.dillerbottle.com\/es\/wp-json\/wp\/v2\/product\/4491","targetHints":{"allow":["GET"]}}],"collection":[{"href":"https:\/\/www.dillerbottle.com\/es\/wp-json\/wp\/v2\/product"}],"about":[{"href":"https:\/\/www.dillerbottle.com\/es\/wp-json\/wp\/v2\/types\/product"}],"replies":[{"embeddable":true,"href":"https:\/\/www.dillerbottle.com\/es\/wp-json\/wp\/v2\/comments?post=4491"}],"wp:featuredmedia":[{"embeddable":true,"href":"https:\/\/www.dillerbottle.com\/es\/wp-json\/wp\/v2\/media\/4492"}],"wp:attachment":[{"href":"https:\/\/www.dillerbottle.com\/es\/wp-json\/wp\/v2\/media?parent=4491"}],"wp:term":[{"taxonomy":"product_brand","embeddable":true,"href":"https:\/\/www.dillerbottle.com\/es\/wp-json\/wp\/v2\/product_brand?post=4491"},{"taxonomy":"product_cat","embeddable":true,"href":"https:\/\/www.dillerbottle.com\/es\/wp-json\/wp\/v2\/product_cat?post=4491"},{"taxonomy":"product_tag","embeddable":true,"href":"https:\/\/www.dillerbottle.com\/es\/wp-json\/wp\/v2\/product_tag?post=4491"}],"curies":[{"name":"Gracias","href":"https:\/\/api.w.org\/{rel}","templated":true}]}}