{"id":5197,"date":"2024-09-27T17:55:08","date_gmt":"2024-09-27T09:55:08","guid":{"rendered":"https:\/\/demo.dillerbottle.com\/uncategorized\/tritan-bpa-free-mug-with-straw"},"modified":"2025-09-12T15:56:52","modified_gmt":"2025-09-12T07:56:52","slug":"taza-de-tritan-libre-de-bpa-con-pajita","status":"publish","type":"product","link":"https:\/\/www.dillerbottle.com\/es\/products\/tritan-bpa-free-mug-with-straw","title":{"rendered":"Taza Tritan sin BPA con pajita"},"content":{"rendered":"<p data-start=\"989\" data-end=\"1008\"><strong data-start=\"989\" data-end=\"1005\">Caracter\u00edsticas principales<\/strong>:<\/p>\n<ul data-start=\"1009\" data-end=\"1557\">\n<li data-start=\"1009\" data-end=\"1104\">\n<p data-start=\"1011\" data-end=\"1104\"><strong data-start=\"1011\" data-end=\"1041\">Simp\u00e1tica ilustraci\u00f3n original<\/strong>: Dise\u00f1o \u00fanico y elegante tanto funcional como est\u00e9tico.<\/p>\n<\/li>\n<li data-start=\"1105\" data-end=\"1181\">\n<p data-start=\"1107\" data-end=\"1181\"><strong data-start=\"1107\" data-end=\"1135\">Biber\u00f3n Tritan<\/strong>: Seguro, ecol\u00f3gico, sin BPA y duradero.<\/p>\n<\/li>\n<li data-start=\"1182\" data-end=\"1267\">\n<p data-start=\"1184\" data-end=\"1267\"><strong data-start=\"1184\" data-end=\"1209\">Pajita de silicona l\u00edquida<\/strong>: Suave, respetuoso con la piel, inodoro y seguro para el uso diario.<\/p>\n<\/li>\n<li data-start=\"1268\" data-end=\"1359\">\n<p data-start=\"1270\" data-end=\"1359\"><strong data-start=\"1270\" data-end=\"1293\">Sellado y a prueba de fugas<\/strong>: El cierre seguro evita las fugas, perfecto para llevar de viaje.<\/p>\n<\/li>\n<li data-start=\"1360\" data-end=\"1461\">\n<p data-start=\"1362\" data-end=\"1461\"><strong data-start=\"1362\" data-end=\"1396\">Materiales sanos en contacto con alimentos<\/strong>: Cumple las normas internacionales de seguridad para beber sin preocupaciones.<\/p>\n<\/li>\n<li data-start=\"1462\" data-end=\"1557\">\n<p data-start=\"1464\" data-end=\"1557\"><strong data-start=\"1464\" data-end=\"1482\">Capacidad de 600 ml<\/strong>: Suficientemente grande para satisfacer las necesidades diarias de hidrataci\u00f3n para el estudio, el trabajo y el deporte.<\/p>\n<\/li>\n<\/ul>\n<p data-start=\"1559\" data-end=\"1720\"><strong data-start=\"1559\" data-end=\"1575\">Usuarios objetivo<\/strong>: Estudiantes, ni\u00f1os, j\u00f3venes profesionales, consumidores de regalos<br data-start=\"1631\" data-end=\"1634\" \/><strong data-start=\"1634\" data-end=\"1650\">Aplicaciones<\/strong>: Personalizaci\u00f3n para el colegio, la oficina, actividades al aire libre, deportes y regalos<\/p>","protected":false},"excerpt":{"rendered":"<p>Este biber\u00f3n de 600 ml est\u00e1 fabricado con Tritan de calidad apta para biberones y materiales aptos para el contacto con alimentos, lo que garantiza la salud y la seguridad. Cuenta con una pajita de silicona l\u00edquida y un dise\u00f1o a prueba de fugas para facilitar su transporte. Con su simp\u00e1tica ilustraci\u00f3n original, la botella combina practicidad y estilo, por lo que es ideal para estudiantes, oficinistas y ni\u00f1os.<\/p>","protected":false},"featured_media":16747,"comment_status":"open","ping_status":"closed","template":"","meta":{"_acf_changed":false},"product_brand":[],"product_cat":[309],"product_tag":[29,323],"class_list":{"0":"post-5197","1":"product","2":"type-product","3":"status-publish","4":"has-post-thumbnail","6":"product_cat-plastic-water-bottle","7":"product_tag-manufacturers","8":"product_tag-wholesale-cute-water-bottles","10":"first","11":"instock","12":"shipping-taxable","13":"product-type-simple"},"acf":[],"yoast_head":"<!-- This site is optimized with the Yoast SEO Premium plugin v27.5 (Yoast SEO v27.5) - https:\/\/yoast.com\/product\/yoast-seo-premium-wordpress\/ -->\n<title>Tritan BPA Free Mug With Straw - Diller Water Bottle Manufacturer<\/title>\n<meta name=\"description\" content=\"Experience the blend of function and beauty with our Tritan BPA Free Mug With Straw! Eco-friendly and stylish, perfect for any occasion. \u2615\ufe0f\" \/>\n<meta name=\"robots\" content=\"index, follow, max-snippet:-1, max-image-preview:large, max-video-preview:-1\" \/>\n<link rel=\"canonical\" href=\"https:\/\/www.dillerbottle.com\/es\/productos\/taza-de-tritan-libre-de-bpa-con-pajita\" \/>\n<meta property=\"og:locale\" content=\"es_ES\" \/>\n<meta property=\"og:type\" content=\"article\" \/>\n<meta property=\"og:title\" content=\"Tritan BPA Free Mug With Straw\" \/>\n<meta property=\"og:description\" content=\"Experience the blend of function and beauty with our Tritan BPA Free Mug With Straw! Eco-friendly and stylish, perfect for any occasion. \u2615\ufe0f\" \/>\n<meta property=\"og:url\" content=\"https:\/\/www.dillerbottle.com\/es\/productos\/taza-de-tritan-libre-de-bpa-con-pajita\" \/>\n<meta property=\"og:site_name\" content=\"Diller Water Bottle Manufacturer\" \/>\n<meta property=\"article:modified_time\" content=\"2025-09-12T07:56:52+00:00\" \/>\n<meta property=\"og:image\" content=\"https:\/\/www.dillerbottle.com\/wp-content\/uploads\/2024\/09\/tritan-bpa-free-mug-with-straw-1.jpg\" \/>\n\t<meta property=\"og:image:width\" content=\"800\" \/>\n\t<meta property=\"og:image:height\" content=\"800\" \/>\n\t<meta property=\"og:image:type\" content=\"image\/jpeg\" \/>\n<meta name=\"twitter:card\" content=\"summary_large_image\" \/>\n<meta name=\"twitter:label1\" content=\"Tiempo de lectura\" \/>\n\t<meta name=\"twitter:data1\" content=\"1 minuto\" \/>\n<script type=\"application\/ld+json\" class=\"yoast-schema-graph\">{\"@context\":\"https:\\\/\\\/schema.org\",\"@graph\":[{\"@type\":\"WebPage\",\"@id\":\"https:\\\/\\\/www.dillerbottle.com\\\/products\\\/tritan-bpa-free-mug-with-straw\",\"url\":\"https:\\\/\\\/www.dillerbottle.com\\\/products\\\/tritan-bpa-free-mug-with-straw\",\"name\":\"Tritan BPA Free Mug With Straw - Diller Water Bottle Manufacturer\",\"isPartOf\":{\"@id\":\"https:\\\/\\\/www.dillerbottle.com\\\/#website\"},\"primaryImageOfPage\":{\"@id\":\"https:\\\/\\\/www.dillerbottle.com\\\/products\\\/tritan-bpa-free-mug-with-straw#primaryimage\"},\"image\":{\"@id\":\"https:\\\/\\\/www.dillerbottle.com\\\/products\\\/tritan-bpa-free-mug-with-straw#primaryimage\"},\"thumbnailUrl\":\"https:\\\/\\\/www.dillerbottle.com\\\/wp-content\\\/uploads\\\/2024\\\/09\\\/tritan-bpa-free-mug-with-straw-1.jpg\",\"datePublished\":\"2024-09-27T09:55:08+00:00\",\"dateModified\":\"2025-09-12T07:56:52+00:00\",\"description\":\"Experience the blend of function and beauty with our Tritan BPA Free Mug With Straw! Eco-friendly and stylish, perfect for any occasion. \u2615\ufe0f\",\"breadcrumb\":{\"@id\":\"https:\\\/\\\/www.dillerbottle.com\\\/products\\\/tritan-bpa-free-mug-with-straw#breadcrumb\"},\"inLanguage\":\"es\",\"potentialAction\":[{\"@type\":\"ReadAction\",\"target\":[\"https:\\\/\\\/www.dillerbottle.com\\\/products\\\/tritan-bpa-free-mug-with-straw\"]}]},{\"@type\":\"ImageObject\",\"inLanguage\":\"es\",\"@id\":\"https:\\\/\\\/www.dillerbottle.com\\\/products\\\/tritan-bpa-free-mug-with-straw#primaryimage\",\"url\":\"https:\\\/\\\/www.dillerbottle.com\\\/wp-content\\\/uploads\\\/2024\\\/09\\\/tritan-bpa-free-mug-with-straw-1.jpg\",\"contentUrl\":\"https:\\\/\\\/www.dillerbottle.com\\\/wp-content\\\/uploads\\\/2024\\\/09\\\/tritan-bpa-free-mug-with-straw-1.jpg\",\"width\":800,\"height\":800},{\"@type\":\"BreadcrumbList\",\"@id\":\"https:\\\/\\\/www.dillerbottle.com\\\/products\\\/tritan-bpa-free-mug-with-straw#breadcrumb\",\"itemListElement\":[{\"@type\":\"ListItem\",\"position\":1,\"name\":\"Home\",\"item\":\"https:\\\/\\\/www.dillerbottle.com\\\/\"},{\"@type\":\"ListItem\",\"position\":2,\"name\":\"Products\",\"item\":\"https:\\\/\\\/www.dillerbottle.com\\\/shop\"},{\"@type\":\"ListItem\",\"position\":3,\"name\":\"Tritan BPA Free Mug With Straw\"}]},{\"@type\":\"WebSite\",\"@id\":\"https:\\\/\\\/www.dillerbottle.com\\\/#website\",\"url\":\"https:\\\/\\\/www.dillerbottle.com\\\/\",\"name\":\"Diller Water Bottle Manufacturer\",\"description\":\"Water Bottle Manufacturer\",\"publisher\":{\"@id\":\"https:\\\/\\\/www.dillerbottle.com\\\/#organization\"},\"potentialAction\":[{\"@type\":\"SearchAction\",\"target\":{\"@type\":\"EntryPoint\",\"urlTemplate\":\"https:\\\/\\\/www.dillerbottle.com\\\/?s={search_term_string}\"},\"query-input\":{\"@type\":\"PropertyValueSpecification\",\"valueRequired\":true,\"valueName\":\"search_term_string\"}}],\"inLanguage\":\"es\"},{\"@type\":\"Organization\",\"@id\":\"https:\\\/\\\/www.dillerbottle.com\\\/#organization\",\"name\":\"Diller Water Bottle Manufacturer\",\"url\":\"https:\\\/\\\/www.dillerbottle.com\\\/\",\"logo\":{\"@type\":\"ImageObject\",\"inLanguage\":\"es\",\"@id\":\"https:\\\/\\\/www.dillerbottle.com\\\/#\\\/schema\\\/logo\\\/image\\\/\",\"url\":\"https:\\\/\\\/www.dillerbottle.com\\\/wp-content\\\/uploads\\\/2024\\\/09\\\/49918bfa848dcc1e9f8b509933603ac.png\",\"contentUrl\":\"https:\\\/\\\/www.dillerbottle.com\\\/wp-content\\\/uploads\\\/2024\\\/09\\\/49918bfa848dcc1e9f8b509933603ac.png\",\"width\":988,\"height\":198,\"caption\":\"Diller Water Bottle Manufacturer\"},\"image\":{\"@id\":\"https:\\\/\\\/www.dillerbottle.com\\\/#\\\/schema\\\/logo\\\/image\\\/\"}}]}<\/script>\n<!-- \/ Yoast SEO Premium plugin. -->","yoast_head_json":{"title":"Taza Tritan sin BPA con pajita - Fabricante de botellas de agua Diller","description":"Experimente la combinaci\u00f3n de funcionalidad y belleza con nuestra taza con pajita Tritan sin BPA. Ecol\u00f3gica y elegante, perfecta para cualquier ocasi\u00f3n. \u2615\ufe0f","robots":{"index":"index","follow":"follow","max-snippet":"max-snippet:-1","max-image-preview":"max-image-preview:large","max-video-preview":"max-video-preview:-1"},"canonical":"https:\/\/www.dillerbottle.com\/es\/productos\/taza-de-tritan-libre-de-bpa-con-pajita","og_locale":"es_ES","og_type":"article","og_title":"Tritan BPA Free Mug With Straw","og_description":"Experience the blend of function and beauty with our Tritan BPA Free Mug With Straw! Eco-friendly and stylish, perfect for any occasion. \u2615\ufe0f","og_url":"https:\/\/www.dillerbottle.com\/es\/productos\/taza-de-tritan-libre-de-bpa-con-pajita","og_site_name":"Diller Water Bottle Manufacturer","article_modified_time":"2025-09-12T07:56:52+00:00","og_image":[{"width":800,"height":800,"url":"https:\/\/www.dillerbottle.com\/wp-content\/uploads\/2024\/09\/tritan-bpa-free-mug-with-straw-1.jpg","type":"image\/jpeg"}],"twitter_card":"summary_large_image","twitter_misc":{"Tiempo de lectura":"1 minuto"},"schema":{"@context":"https:\/\/schema.org","@graph":[{"@type":"WebPage","@id":"https:\/\/www.dillerbottle.com\/products\/tritan-bpa-free-mug-with-straw","url":"https:\/\/www.dillerbottle.com\/products\/tritan-bpa-free-mug-with-straw","name":"Taza Tritan sin BPA con pajita - Fabricante de botellas de agua Diller","isPartOf":{"@id":"https:\/\/www.dillerbottle.com\/#website"},"primaryImageOfPage":{"@id":"https:\/\/www.dillerbottle.com\/products\/tritan-bpa-free-mug-with-straw#primaryimage"},"image":{"@id":"https:\/\/www.dillerbottle.com\/products\/tritan-bpa-free-mug-with-straw#primaryimage"},"thumbnailUrl":"https:\/\/www.dillerbottle.com\/wp-content\/uploads\/2024\/09\/tritan-bpa-free-mug-with-straw-1.jpg","datePublished":"2024-09-27T09:55:08+00:00","dateModified":"2025-09-12T07:56:52+00:00","description":"Experimente la combinaci\u00f3n de funcionalidad y belleza con nuestra taza con pajita Tritan sin BPA. Ecol\u00f3gica y elegante, perfecta para cualquier ocasi\u00f3n. \u2615\ufe0f","breadcrumb":{"@id":"https:\/\/www.dillerbottle.com\/products\/tritan-bpa-free-mug-with-straw#breadcrumb"},"inLanguage":"es","potentialAction":[{"@type":"ReadAction","target":["https:\/\/www.dillerbottle.com\/products\/tritan-bpa-free-mug-with-straw"]}]},{"@type":"ImageObject","inLanguage":"es","@id":"https:\/\/www.dillerbottle.com\/products\/tritan-bpa-free-mug-with-straw#primaryimage","url":"https:\/\/www.dillerbottle.com\/wp-content\/uploads\/2024\/09\/tritan-bpa-free-mug-with-straw-1.jpg","contentUrl":"https:\/\/www.dillerbottle.com\/wp-content\/uploads\/2024\/09\/tritan-bpa-free-mug-with-straw-1.jpg","width":800,"height":800},{"@type":"BreadcrumbList","@id":"https:\/\/www.dillerbottle.com\/products\/tritan-bpa-free-mug-with-straw#breadcrumb","itemListElement":[{"@type":"ListItem","position":1,"name":"Home","item":"https:\/\/www.dillerbottle.com\/"},{"@type":"ListItem","position":2,"name":"Products","item":"https:\/\/www.dillerbottle.com\/shop"},{"@type":"ListItem","position":3,"name":"Tritan BPA Free Mug With Straw"}]},{"@type":"WebSite","@id":"https:\/\/www.dillerbottle.com\/#website","url":"https:\/\/www.dillerbottle.com\/","name":"Fabricante de botellas de agua Diller","description":"Fabricante de botellas de agua","publisher":{"@id":"https:\/\/www.dillerbottle.com\/#organization"},"potentialAction":[{"@type":"SearchAction","target":{"@type":"EntryPoint","urlTemplate":"https:\/\/www.dillerbottle.com\/?s={search_term_string}"},"query-input":{"@type":"PropertyValueSpecification","valueRequired":true,"valueName":"search_term_string"}}],"inLanguage":"es"},{"@type":"Organization","@id":"https:\/\/www.dillerbottle.com\/#organization","name":"Fabricante de botellas de agua Diller","url":"https:\/\/www.dillerbottle.com\/","logo":{"@type":"ImageObject","inLanguage":"es","@id":"https:\/\/www.dillerbottle.com\/#\/schema\/logo\/image\/","url":"https:\/\/www.dillerbottle.com\/wp-content\/uploads\/2024\/09\/49918bfa848dcc1e9f8b509933603ac.png","contentUrl":"https:\/\/www.dillerbottle.com\/wp-content\/uploads\/2024\/09\/49918bfa848dcc1e9f8b509933603ac.png","width":988,"height":198,"caption":"Diller Water Bottle Manufacturer"},"image":{"@id":"https:\/\/www.dillerbottle.com\/#\/schema\/logo\/image\/"}}]}},"_links":{"self":[{"href":"https:\/\/www.dillerbottle.com\/es\/wp-json\/wp\/v2\/product\/5197","targetHints":{"allow":["GET"]}}],"collection":[{"href":"https:\/\/www.dillerbottle.com\/es\/wp-json\/wp\/v2\/product"}],"about":[{"href":"https:\/\/www.dillerbottle.com\/es\/wp-json\/wp\/v2\/types\/product"}],"replies":[{"embeddable":true,"href":"https:\/\/www.dillerbottle.com\/es\/wp-json\/wp\/v2\/comments?post=5197"}],"wp:featuredmedia":[{"embeddable":true,"href":"https:\/\/www.dillerbottle.com\/es\/wp-json\/wp\/v2\/media\/16747"}],"wp:attachment":[{"href":"https:\/\/www.dillerbottle.com\/es\/wp-json\/wp\/v2\/media?parent=5197"}],"wp:term":[{"taxonomy":"product_brand","embeddable":true,"href":"https:\/\/www.dillerbottle.com\/es\/wp-json\/wp\/v2\/product_brand?post=5197"},{"taxonomy":"product_cat","embeddable":true,"href":"https:\/\/www.dillerbottle.com\/es\/wp-json\/wp\/v2\/product_cat?post=5197"},{"taxonomy":"product_tag","embeddable":true,"href":"https:\/\/www.dillerbottle.com\/es\/wp-json\/wp\/v2\/product_tag?post=5197"}],"curies":[{"name":"Gracias","href":"https:\/\/api.w.org\/{rel}","templated":true}]}}