{"id":5424,"date":"2024-09-27T17:57:57","date_gmt":"2024-09-27T09:57:57","guid":{"rendered":"https:\/\/demo.dillerbottle.com\/uncategorized\/sports-water-bottle-with-straw"},"modified":"2025-07-10T11:54:42","modified_gmt":"2025-07-10T03:54:42","slug":"botella-de-agua-deportiva-con-pajita","status":"publish","type":"product","link":"https:\/\/www.dillerbottle.com\/es\/products\/sports-water-bottle-with-straw","title":{"rendered":"Botella de agua deportiva con pajita"},"content":{"rendered":"<p>Caracter\u00edsticas de la botella de agua deportiva con pajita: 1. La botella de agua deportiva est\u00e1 hecha de pl\u00e1stico tritan 100% libre de BPA y toxinas, saludable para beber agua a diario. Perfecta para hacer senderismo, ciclismo, ciclismo, camping, correr, yoga o cualquier otro deporte en casa.<br \/>\n2.; La tapa abatible con bot\u00f3n pulsador a prueba de fugas est\u00e1 dise\u00f1ada con un cierre seguro, simplemente \u00e1brala con una mano haciendo clic en el bot\u00f3n. Cuenta con una pajita de silicona que le permite disfrutar de un sorbo a prueba de derrames.<br \/>\n3.;Esta botella de agua deportiva de 400 ml\/1100 ml con pajita es lo suficientemente grande como para ayudar a transportar agua para las necesidades diarias de hidrataci\u00f3n para mantenerse hidratado durante las actividades de todo el d\u00eda.<br \/>\n4.;El dise\u00f1o de todo el cuerpo de la botella est\u00e1 m\u00e1s en l\u00ednea con los h\u00e1bitos de uso de la mayor\u00eda de las personas, proporcionando un agarre m\u00e1s c\u00f3modo.5.;El mango giratorio integrado es m\u00e1s pr\u00e1ctico y hermoso.<\/p>","protected":false},"excerpt":{"rendered":"<p>Caracter\u00edsticas de la botella de agua deportiva con pajita: 1.<br \/>\nLa botella de agua deportiva est\u00e1 hecha de pl\u00e1stico tritan 100% libre de BPA y toxinas, saludable para beber agua a diario.<br \/>\nPerfecto para practicar senderismo, ciclismo, ciclismo, camping, correr, yoga o cualquier otro deporte en casa.<br \/>\n2.<br \/>\nLa tapa abatible con bot\u00f3n pulsador a prueba de fugas es\u2026<\/p>","protected":false},"featured_media":5425,"comment_status":"open","ping_status":"closed","template":"","meta":{"_acf_changed":false},"product_brand":[],"product_cat":[309],"product_tag":[365,32,36,33,31,335,39,38,443,29,37,401,34,35,340,353,28,342,30],"class_list":{"0":"post-5424","1":"product","2":"type-product","3":"status-publish","4":"has-post-thumbnail","6":"product_cat-plastic-water-bottle","7":"product_tag-2-2l-water-bottle","8":"product_tag-best","9":"product_tag-bulk","10":"product_tag-buy","11":"product_tag-custom","12":"product_tag-custom-sports-water-bottle","13":"product_tag-for-sale","14":"product_tag-good-quality","15":"product_tag-innovative-water-bottle","16":"product_tag-manufacturers","17":"product_tag-manufacturing","18":"product_tag-plastic-water-bottle-cute-plastic-water-bottle","19":"product_tag-price","20":"product_tag-small","21":"product_tag-sports-water-bottle-with-straw","22":"product_tag-square-water-bottles-with-custom-logo","23":"product_tag-suppliers","24":"product_tag-tritan-plastic-water-bottle","25":"product_tag-wholesale","27":"first","28":"instock","29":"shipping-taxable","30":"product-type-simple"},"acf":[],"yoast_head":"<!-- This site is optimized with the Yoast SEO Premium plugin v27.5 (Yoast SEO v27.5) - https:\/\/yoast.com\/product\/yoast-seo-premium-wordpress\/ -->\n<title>Sports Water Bottle With Straw - Diller Water Bottle Manufacturer<\/title>\n<meta name=\"description\" content=\"As one of the best sports water bottle with straw manufacturers and suppliers, we are engaged in manufacturing good quality water bottles. We warmly welcome you to wholesale or buy custom made sports water bottle with straw at competitive price from us. Also, small quantity orders are acceptable.\" \/>\n<meta name=\"robots\" content=\"index, follow, max-snippet:-1, max-image-preview:large, max-video-preview:-1\" \/>\n<link rel=\"canonical\" href=\"https:\/\/www.dillerbottle.com\/es\/productos\/botella-de-agua-deportiva-con-pajita\" \/>\n<meta property=\"og:locale\" content=\"es_ES\" \/>\n<meta property=\"og:type\" content=\"article\" \/>\n<meta property=\"og:title\" content=\"Sports Water Bottle With Straw\" \/>\n<meta property=\"og:description\" content=\"As one of the best sports water bottle with straw manufacturers and suppliers, we are engaged in manufacturing good quality water bottles. We warmly welcome you to wholesale or buy custom made sports water bottle with straw at competitive price from us. Also, small quantity orders are acceptable.\" \/>\n<meta property=\"og:url\" content=\"https:\/\/www.dillerbottle.com\/es\/productos\/botella-de-agua-deportiva-con-pajita\" \/>\n<meta property=\"og:site_name\" content=\"Diller Water Bottle Manufacturer\" \/>\n<meta property=\"article:modified_time\" content=\"2025-07-10T03:54:42+00:00\" \/>\n<meta property=\"og:image\" content=\"https:\/\/www.dillerbottle.com\/wp-content\/uploads\/2024\/09\/sports-water-bottle-with-straw00284366900.jpg\" \/>\n\t<meta property=\"og:image:width\" content=\"730\" \/>\n\t<meta property=\"og:image:height\" content=\"730\" \/>\n\t<meta property=\"og:image:type\" content=\"image\/jpeg\" \/>\n<meta name=\"twitter:card\" content=\"summary_large_image\" \/>\n<meta name=\"twitter:label1\" content=\"Tiempo de lectura\" \/>\n\t<meta name=\"twitter:data1\" content=\"3 minutos\" \/>\n<script type=\"application\/ld+json\" class=\"yoast-schema-graph\">{\"@context\":\"https:\\\/\\\/schema.org\",\"@graph\":[{\"@type\":\"WebPage\",\"@id\":\"https:\\\/\\\/www.dillerbottle.com\\\/th\\\/%e0%b8%aa%e0%b8%b4%e0%b8%99%e0%b8%84%e0%b9%89%e0%b8%b2\\\/%e0%b8%82%e0%b8%a7%e0%b8%94%e0%b8%99%e0%b9%89%e0%b8%b3%e0%b8%aa%e0%b8%b3%e0%b8%ab%e0%b8%a3%e0%b8%b1%e0%b8%9a%e0%b9%80%e0%b8%a5%e0%b9%88%e0%b8%99%e0%b8%81%e0%b8%b5%e0%b8%ac%e0%b8%b2%e0%b8%9e%e0%b8%a3\",\"url\":\"https:\\\/\\\/www.dillerbottle.com\\\/th\\\/%e0%b8%aa%e0%b8%b4%e0%b8%99%e0%b8%84%e0%b9%89%e0%b8%b2\\\/%e0%b8%82%e0%b8%a7%e0%b8%94%e0%b8%99%e0%b9%89%e0%b8%b3%e0%b8%aa%e0%b8%b3%e0%b8%ab%e0%b8%a3%e0%b8%b1%e0%b8%9a%e0%b9%80%e0%b8%a5%e0%b9%88%e0%b8%99%e0%b8%81%e0%b8%b5%e0%b8%ac%e0%b8%b2%e0%b8%9e%e0%b8%a3\",\"name\":\"Sports Water Bottle With Straw - Diller Water Bottle Manufacturer\",\"isPartOf\":{\"@id\":\"https:\\\/\\\/www.dillerbottle.com\\\/#website\"},\"primaryImageOfPage\":{\"@id\":\"https:\\\/\\\/www.dillerbottle.com\\\/th\\\/%e0%b8%aa%e0%b8%b4%e0%b8%99%e0%b8%84%e0%b9%89%e0%b8%b2\\\/%e0%b8%82%e0%b8%a7%e0%b8%94%e0%b8%99%e0%b9%89%e0%b8%b3%e0%b8%aa%e0%b8%b3%e0%b8%ab%e0%b8%a3%e0%b8%b1%e0%b8%9a%e0%b9%80%e0%b8%a5%e0%b9%88%e0%b8%99%e0%b8%81%e0%b8%b5%e0%b8%ac%e0%b8%b2%e0%b8%9e%e0%b8%a3#primaryimage\"},\"image\":{\"@id\":\"https:\\\/\\\/www.dillerbottle.com\\\/th\\\/%e0%b8%aa%e0%b8%b4%e0%b8%99%e0%b8%84%e0%b9%89%e0%b8%b2\\\/%e0%b8%82%e0%b8%a7%e0%b8%94%e0%b8%99%e0%b9%89%e0%b8%b3%e0%b8%aa%e0%b8%b3%e0%b8%ab%e0%b8%a3%e0%b8%b1%e0%b8%9a%e0%b9%80%e0%b8%a5%e0%b9%88%e0%b8%99%e0%b8%81%e0%b8%b5%e0%b8%ac%e0%b8%b2%e0%b8%9e%e0%b8%a3#primaryimage\"},\"thumbnailUrl\":\"https:\\\/\\\/www.dillerbottle.com\\\/wp-content\\\/uploads\\\/2024\\\/09\\\/sports-water-bottle-with-straw00284366900.jpg\",\"datePublished\":\"2024-09-27T09:57:57+00:00\",\"dateModified\":\"2025-07-10T03:54:42+00:00\",\"description\":\"As one of the best sports water bottle with straw manufacturers and suppliers, we are engaged in manufacturing good quality water bottles. We warmly welcome you to wholesale or buy custom made sports water bottle with straw at competitive price from us. Also, small quantity orders are acceptable.\",\"breadcrumb\":{\"@id\":\"https:\\\/\\\/www.dillerbottle.com\\\/th\\\/%e0%b8%aa%e0%b8%b4%e0%b8%99%e0%b8%84%e0%b9%89%e0%b8%b2\\\/%e0%b8%82%e0%b8%a7%e0%b8%94%e0%b8%99%e0%b9%89%e0%b8%b3%e0%b8%aa%e0%b8%b3%e0%b8%ab%e0%b8%a3%e0%b8%b1%e0%b8%9a%e0%b9%80%e0%b8%a5%e0%b9%88%e0%b8%99%e0%b8%81%e0%b8%b5%e0%b8%ac%e0%b8%b2%e0%b8%9e%e0%b8%a3#breadcrumb\"},\"inLanguage\":\"es\",\"potentialAction\":[{\"@type\":\"ReadAction\",\"target\":[\"https:\\\/\\\/www.dillerbottle.com\\\/th\\\/%e0%b8%aa%e0%b8%b4%e0%b8%99%e0%b8%84%e0%b9%89%e0%b8%b2\\\/%e0%b8%82%e0%b8%a7%e0%b8%94%e0%b8%99%e0%b9%89%e0%b8%b3%e0%b8%aa%e0%b8%b3%e0%b8%ab%e0%b8%a3%e0%b8%b1%e0%b8%9a%e0%b9%80%e0%b8%a5%e0%b9%88%e0%b8%99%e0%b8%81%e0%b8%b5%e0%b8%ac%e0%b8%b2%e0%b8%9e%e0%b8%a3\"]}]},{\"@type\":\"ImageObject\",\"inLanguage\":\"es\",\"@id\":\"https:\\\/\\\/www.dillerbottle.com\\\/th\\\/%e0%b8%aa%e0%b8%b4%e0%b8%99%e0%b8%84%e0%b9%89%e0%b8%b2\\\/%e0%b8%82%e0%b8%a7%e0%b8%94%e0%b8%99%e0%b9%89%e0%b8%b3%e0%b8%aa%e0%b8%b3%e0%b8%ab%e0%b8%a3%e0%b8%b1%e0%b8%9a%e0%b9%80%e0%b8%a5%e0%b9%88%e0%b8%99%e0%b8%81%e0%b8%b5%e0%b8%ac%e0%b8%b2%e0%b8%9e%e0%b8%a3#primaryimage\",\"url\":\"https:\\\/\\\/www.dillerbottle.com\\\/wp-content\\\/uploads\\\/2024\\\/09\\\/sports-water-bottle-with-straw00284366900.jpg\",\"contentUrl\":\"https:\\\/\\\/www.dillerbottle.com\\\/wp-content\\\/uploads\\\/2024\\\/09\\\/sports-water-bottle-with-straw00284366900.jpg\",\"width\":730,\"height\":730},{\"@type\":\"BreadcrumbList\",\"@id\":\"https:\\\/\\\/www.dillerbottle.com\\\/th\\\/%e0%b8%aa%e0%b8%b4%e0%b8%99%e0%b8%84%e0%b9%89%e0%b8%b2\\\/%e0%b8%82%e0%b8%a7%e0%b8%94%e0%b8%99%e0%b9%89%e0%b8%b3%e0%b8%aa%e0%b8%b3%e0%b8%ab%e0%b8%a3%e0%b8%b1%e0%b8%9a%e0%b9%80%e0%b8%a5%e0%b9%88%e0%b8%99%e0%b8%81%e0%b8%b5%e0%b8%ac%e0%b8%b2%e0%b8%9e%e0%b8%a3#breadcrumb\",\"itemListElement\":[{\"@type\":\"ListItem\",\"position\":1,\"name\":\"Home\",\"item\":\"https:\\\/\\\/www.dillerbottle.com\\\/\"},{\"@type\":\"ListItem\",\"position\":2,\"name\":\"Products\",\"item\":\"https:\\\/\\\/www.dillerbottle.com\\\/shop\"},{\"@type\":\"ListItem\",\"position\":3,\"name\":\"Sports Water Bottle With Straw\"}]},{\"@type\":\"WebSite\",\"@id\":\"https:\\\/\\\/www.dillerbottle.com\\\/#website\",\"url\":\"https:\\\/\\\/www.dillerbottle.com\\\/\",\"name\":\"Diller Water Bottle Manufacturer\",\"description\":\"Water Bottle Manufacturer\",\"publisher\":{\"@id\":\"https:\\\/\\\/www.dillerbottle.com\\\/#organization\"},\"potentialAction\":[{\"@type\":\"SearchAction\",\"target\":{\"@type\":\"EntryPoint\",\"urlTemplate\":\"https:\\\/\\\/www.dillerbottle.com\\\/?s={search_term_string}\"},\"query-input\":{\"@type\":\"PropertyValueSpecification\",\"valueRequired\":true,\"valueName\":\"search_term_string\"}}],\"inLanguage\":\"es\"},{\"@type\":\"Organization\",\"@id\":\"https:\\\/\\\/www.dillerbottle.com\\\/#organization\",\"name\":\"Diller Water Bottle Manufacturer\",\"url\":\"https:\\\/\\\/www.dillerbottle.com\\\/\",\"logo\":{\"@type\":\"ImageObject\",\"inLanguage\":\"es\",\"@id\":\"https:\\\/\\\/www.dillerbottle.com\\\/#\\\/schema\\\/logo\\\/image\\\/\",\"url\":\"https:\\\/\\\/www.dillerbottle.com\\\/wp-content\\\/uploads\\\/2024\\\/09\\\/49918bfa848dcc1e9f8b509933603ac.png\",\"contentUrl\":\"https:\\\/\\\/www.dillerbottle.com\\\/wp-content\\\/uploads\\\/2024\\\/09\\\/49918bfa848dcc1e9f8b509933603ac.png\",\"width\":988,\"height\":198,\"caption\":\"Diller Water Bottle Manufacturer\"},\"image\":{\"@id\":\"https:\\\/\\\/www.dillerbottle.com\\\/#\\\/schema\\\/logo\\\/image\\\/\"}}]}<\/script>\n<!-- \/ Yoast SEO Premium plugin. -->","yoast_head_json":{"title":"Botella de agua deportiva con pajita - Fabricante de botellas de agua Diller","description":"Como uno de los mejores fabricantes y proveedores de botellas de agua deportivas con pajita, nos dedicamos a la fabricaci\u00f3n de botellas de agua de buena calidad. Le damos una c\u00e1lida bienvenida para que compre al por mayor o botellas de agua deportivas con pajita hechas a medida a un precio competitivo. Adem\u00e1s, aceptamos pedidos de peque\u00f1as cantidades.","robots":{"index":"index","follow":"follow","max-snippet":"max-snippet:-1","max-image-preview":"max-image-preview:large","max-video-preview":"max-video-preview:-1"},"canonical":"https:\/\/www.dillerbottle.com\/es\/productos\/botella-de-agua-deportiva-con-pajita","og_locale":"es_ES","og_type":"article","og_title":"Sports Water Bottle With Straw","og_description":"As one of the best sports water bottle with straw manufacturers and suppliers, we are engaged in manufacturing good quality water bottles. We warmly welcome you to wholesale or buy custom made sports water bottle with straw at competitive price from us. Also, small quantity orders are acceptable.","og_url":"https:\/\/www.dillerbottle.com\/es\/productos\/botella-de-agua-deportiva-con-pajita","og_site_name":"Diller Water Bottle Manufacturer","article_modified_time":"2025-07-10T03:54:42+00:00","og_image":[{"width":730,"height":730,"url":"https:\/\/www.dillerbottle.com\/wp-content\/uploads\/2024\/09\/sports-water-bottle-with-straw00284366900.jpg","type":"image\/jpeg"}],"twitter_card":"summary_large_image","twitter_misc":{"Tiempo de lectura":"3 minutos"},"schema":{"@context":"https:\/\/schema.org","@graph":[{"@type":"WebPage","@id":"https:\/\/www.dillerbottle.com\/th\/%e0%b8%aa%e0%b8%b4%e0%b8%99%e0%b8%84%e0%b9%89%e0%b8%b2\/%e0%b8%82%e0%b8%a7%e0%b8%94%e0%b8%99%e0%b9%89%e0%b8%b3%e0%b8%aa%e0%b8%b3%e0%b8%ab%e0%b8%a3%e0%b8%b1%e0%b8%9a%e0%b9%80%e0%b8%a5%e0%b9%88%e0%b8%99%e0%b8%81%e0%b8%b5%e0%b8%ac%e0%b8%b2%e0%b8%9e%e0%b8%a3","url":"https:\/\/www.dillerbottle.com\/th\/%e0%b8%aa%e0%b8%b4%e0%b8%99%e0%b8%84%e0%b9%89%e0%b8%b2\/%e0%b8%82%e0%b8%a7%e0%b8%94%e0%b8%99%e0%b9%89%e0%b8%b3%e0%b8%aa%e0%b8%b3%e0%b8%ab%e0%b8%a3%e0%b8%b1%e0%b8%9a%e0%b9%80%e0%b8%a5%e0%b9%88%e0%b8%99%e0%b8%81%e0%b8%b5%e0%b8%ac%e0%b8%b2%e0%b8%9e%e0%b8%a3","name":"Botella de agua deportiva con pajita - Fabricante de botellas de agua Diller","isPartOf":{"@id":"https:\/\/www.dillerbottle.com\/#website"},"primaryImageOfPage":{"@id":"https:\/\/www.dillerbottle.com\/th\/%e0%b8%aa%e0%b8%b4%e0%b8%99%e0%b8%84%e0%b9%89%e0%b8%b2\/%e0%b8%82%e0%b8%a7%e0%b8%94%e0%b8%99%e0%b9%89%e0%b8%b3%e0%b8%aa%e0%b8%b3%e0%b8%ab%e0%b8%a3%e0%b8%b1%e0%b8%9a%e0%b9%80%e0%b8%a5%e0%b9%88%e0%b8%99%e0%b8%81%e0%b8%b5%e0%b8%ac%e0%b8%b2%e0%b8%9e%e0%b8%a3#primaryimage"},"image":{"@id":"https:\/\/www.dillerbottle.com\/th\/%e0%b8%aa%e0%b8%b4%e0%b8%99%e0%b8%84%e0%b9%89%e0%b8%b2\/%e0%b8%82%e0%b8%a7%e0%b8%94%e0%b8%99%e0%b9%89%e0%b8%b3%e0%b8%aa%e0%b8%b3%e0%b8%ab%e0%b8%a3%e0%b8%b1%e0%b8%9a%e0%b9%80%e0%b8%a5%e0%b9%88%e0%b8%99%e0%b8%81%e0%b8%b5%e0%b8%ac%e0%b8%b2%e0%b8%9e%e0%b8%a3#primaryimage"},"thumbnailUrl":"https:\/\/www.dillerbottle.com\/wp-content\/uploads\/2024\/09\/sports-water-bottle-with-straw00284366900.jpg","datePublished":"2024-09-27T09:57:57+00:00","dateModified":"2025-07-10T03:54:42+00:00","description":"Como uno de los mejores fabricantes y proveedores de botellas de agua deportivas con pajita, nos dedicamos a la fabricaci\u00f3n de botellas de agua de buena calidad. Le damos una c\u00e1lida bienvenida para que compre al por mayor o botellas de agua deportivas con pajita hechas a medida a un precio competitivo. Adem\u00e1s, aceptamos pedidos de peque\u00f1as cantidades.","breadcrumb":{"@id":"https:\/\/www.dillerbottle.com\/th\/%e0%b8%aa%e0%b8%b4%e0%b8%99%e0%b8%84%e0%b9%89%e0%b8%b2\/%e0%b8%82%e0%b8%a7%e0%b8%94%e0%b8%99%e0%b9%89%e0%b8%b3%e0%b8%aa%e0%b8%b3%e0%b8%ab%e0%b8%a3%e0%b8%b1%e0%b8%9a%e0%b9%80%e0%b8%a5%e0%b9%88%e0%b8%99%e0%b8%81%e0%b8%b5%e0%b8%ac%e0%b8%b2%e0%b8%9e%e0%b8%a3#breadcrumb"},"inLanguage":"es","potentialAction":[{"@type":"ReadAction","target":["https:\/\/www.dillerbottle.com\/th\/%e0%b8%aa%e0%b8%b4%e0%b8%99%e0%b8%84%e0%b9%89%e0%b8%b2\/%e0%b8%82%e0%b8%a7%e0%b8%94%e0%b8%99%e0%b9%89%e0%b8%b3%e0%b8%aa%e0%b8%b3%e0%b8%ab%e0%b8%a3%e0%b8%b1%e0%b8%9a%e0%b9%80%e0%b8%a5%e0%b9%88%e0%b8%99%e0%b8%81%e0%b8%b5%e0%b8%ac%e0%b8%b2%e0%b8%9e%e0%b8%a3"]}]},{"@type":"ImageObject","inLanguage":"es","@id":"https:\/\/www.dillerbottle.com\/th\/%e0%b8%aa%e0%b8%b4%e0%b8%99%e0%b8%84%e0%b9%89%e0%b8%b2\/%e0%b8%82%e0%b8%a7%e0%b8%94%e0%b8%99%e0%b9%89%e0%b8%b3%e0%b8%aa%e0%b8%b3%e0%b8%ab%e0%b8%a3%e0%b8%b1%e0%b8%9a%e0%b9%80%e0%b8%a5%e0%b9%88%e0%b8%99%e0%b8%81%e0%b8%b5%e0%b8%ac%e0%b8%b2%e0%b8%9e%e0%b8%a3#primaryimage","url":"https:\/\/www.dillerbottle.com\/wp-content\/uploads\/2024\/09\/sports-water-bottle-with-straw00284366900.jpg","contentUrl":"https:\/\/www.dillerbottle.com\/wp-content\/uploads\/2024\/09\/sports-water-bottle-with-straw00284366900.jpg","width":730,"height":730},{"@type":"BreadcrumbList","@id":"https:\/\/www.dillerbottle.com\/th\/%e0%b8%aa%e0%b8%b4%e0%b8%99%e0%b8%84%e0%b9%89%e0%b8%b2\/%e0%b8%82%e0%b8%a7%e0%b8%94%e0%b8%99%e0%b9%89%e0%b8%b3%e0%b8%aa%e0%b8%b3%e0%b8%ab%e0%b8%a3%e0%b8%b1%e0%b8%9a%e0%b9%80%e0%b8%a5%e0%b9%88%e0%b8%99%e0%b8%81%e0%b8%b5%e0%b8%ac%e0%b8%b2%e0%b8%9e%e0%b8%a3#breadcrumb","itemListElement":[{"@type":"ListItem","position":1,"name":"Home","item":"https:\/\/www.dillerbottle.com\/"},{"@type":"ListItem","position":2,"name":"Products","item":"https:\/\/www.dillerbottle.com\/shop"},{"@type":"ListItem","position":3,"name":"Sports Water Bottle With Straw"}]},{"@type":"WebSite","@id":"https:\/\/www.dillerbottle.com\/#website","url":"https:\/\/www.dillerbottle.com\/","name":"Fabricante de botellas de agua Diller","description":"Fabricante de botellas de agua","publisher":{"@id":"https:\/\/www.dillerbottle.com\/#organization"},"potentialAction":[{"@type":"SearchAction","target":{"@type":"EntryPoint","urlTemplate":"https:\/\/www.dillerbottle.com\/?s={search_term_string}"},"query-input":{"@type":"PropertyValueSpecification","valueRequired":true,"valueName":"search_term_string"}}],"inLanguage":"es"},{"@type":"Organization","@id":"https:\/\/www.dillerbottle.com\/#organization","name":"Fabricante de botellas de agua Diller","url":"https:\/\/www.dillerbottle.com\/","logo":{"@type":"ImageObject","inLanguage":"es","@id":"https:\/\/www.dillerbottle.com\/#\/schema\/logo\/image\/","url":"https:\/\/www.dillerbottle.com\/wp-content\/uploads\/2024\/09\/49918bfa848dcc1e9f8b509933603ac.png","contentUrl":"https:\/\/www.dillerbottle.com\/wp-content\/uploads\/2024\/09\/49918bfa848dcc1e9f8b509933603ac.png","width":988,"height":198,"caption":"Diller Water Bottle Manufacturer"},"image":{"@id":"https:\/\/www.dillerbottle.com\/#\/schema\/logo\/image\/"}}]}},"_links":{"self":[{"href":"https:\/\/www.dillerbottle.com\/es\/wp-json\/wp\/v2\/product\/5424","targetHints":{"allow":["GET"]}}],"collection":[{"href":"https:\/\/www.dillerbottle.com\/es\/wp-json\/wp\/v2\/product"}],"about":[{"href":"https:\/\/www.dillerbottle.com\/es\/wp-json\/wp\/v2\/types\/product"}],"replies":[{"embeddable":true,"href":"https:\/\/www.dillerbottle.com\/es\/wp-json\/wp\/v2\/comments?post=5424"}],"wp:featuredmedia":[{"embeddable":true,"href":"https:\/\/www.dillerbottle.com\/es\/wp-json\/wp\/v2\/media\/5425"}],"wp:attachment":[{"href":"https:\/\/www.dillerbottle.com\/es\/wp-json\/wp\/v2\/media?parent=5424"}],"wp:term":[{"taxonomy":"product_brand","embeddable":true,"href":"https:\/\/www.dillerbottle.com\/es\/wp-json\/wp\/v2\/product_brand?post=5424"},{"taxonomy":"product_cat","embeddable":true,"href":"https:\/\/www.dillerbottle.com\/es\/wp-json\/wp\/v2\/product_cat?post=5424"},{"taxonomy":"product_tag","embeddable":true,"href":"https:\/\/www.dillerbottle.com\/es\/wp-json\/wp\/v2\/product_tag?post=5424"}],"curies":[{"name":"Gracias","href":"https:\/\/api.w.org\/{rel}","templated":true}]}}