{"id":5555,"date":"2024-09-27T17:59:19","date_gmt":"2024-09-27T09:59:19","guid":{"rendered":"https:\/\/demo.dillerbottle.com\/uncategorized\/plastic-drinking-bottles-with-caps"},"modified":"2026-02-13T14:50:47","modified_gmt":"2026-02-13T06:50:47","slug":"botellas-de-plastico-para-beber-con-tapas","status":"publish","type":"product","link":"https:\/\/www.dillerbottle.com\/es\/products\/plastic-drinking-bottles-with-caps","title":{"rendered":"Botellas de pl\u00e1stico para bebidas con tapas"},"content":{"rendered":"<p>Caracter\u00edsticas:<\/p>\n<p>1. Esta botella de pl\u00e1stico para beber est\u00e1 fabricada con Tritan de seguridad de grado alimentario de alta calidad. Puede contener agua fr\u00eda y caliente, el rango de temperatura es -20\u00b0C~+90\u00b0C.<\/p>\n<p>2. Su transparente con escala, bueno para hacer un plan para beber agua todos los d\u00edas.<\/p>\n<p>3. Funda de silicona antideslizante con forma de panda Sakura, no es f\u00e1cil que resbale al sujetar la taza, pr\u00e1ctica y mona.<\/p>\n<p>4. Esta botella de agua tritan con cuerda de nylon port\u00e1til de alta calidad, f\u00e1cil de llevar, la botella es ideal para yoga, escalada en roca, el gimnasio, baloncesto, hockey, f\u00fatbol y senderismo.<\/p>\n<p>OEM y ODM aceptables.<br \/>\nPodemos personalizar la botella deportiva de pl\u00e1stico seg\u00fan sus requisitos.<br \/>\n\u00a1Bienvenido a la compra al por mayor, env\u00ede su consulta ahora!<\/p>","protected":false},"excerpt":{"rendered":"<p>Esta botella de pl\u00e1stico para beber est\u00e1 fabricada con Tritan de seguridad de grado alimentario de alta calidad. Puede contener agua fr\u00eda y caliente, el rango de temperatura es -20\u00b0C~+90\u00b0C.<br \/>\nEs transparente y tiene escala, es bueno hacer un plan para beber agua todos los d\u00edas.<br \/>\nFunda de silicona antideslizante con forma de panda Sakura, no resbala f\u00e1cilmente al sujetar la taza, pr\u00e1ctica y mona.<br \/>\nEsta botella de agua tritan con cuerda de nylon port\u00e1til de alta calidad, f\u00e1cil de llevar, la botella es ideal para yoga, escalada en roca, el gimnasio, baloncesto, hockey, f\u00fatbol y senderismo.<br \/>\nOEM y ODM aceptables.<\/p>","protected":false},"featured_media":16320,"comment_status":"open","ping_status":"closed","template":"","meta":{"_acf_changed":false},"product_brand":[],"product_cat":[309],"product_tag":[322],"class_list":{"0":"post-5555","1":"product","2":"type-product","3":"status-publish","4":"has-post-thumbnail","6":"product_cat-plastic-water-bottle","7":"product_tag-slim-plastic-water-bottle","9":"first","10":"instock","11":"shipping-taxable","12":"product-type-simple"},"acf":[],"yoast_head":"<!-- This site is optimized with the Yoast SEO Premium plugin v27.5 (Yoast SEO v27.5) - https:\/\/yoast.com\/product\/yoast-seo-premium-wordpress\/ -->\n<title>Plastic Drinking Bottles With Caps - Diller Water Bottle Manufacturer<\/title>\n<meta name=\"description\" content=\"As one of the best plastic drinking bottles with caps manufacturers and suppliers, we are engaged in manufacturing good quality water bottles. We warmly welcome you to wholesale or buy custom made plastic drinking bottles with caps at competitive price from us. Also, small quantity orders are acceptable.\" \/>\n<meta name=\"robots\" content=\"index, follow, max-snippet:-1, max-image-preview:large, max-video-preview:-1\" \/>\n<link rel=\"canonical\" href=\"https:\/\/www.dillerbottle.com\/es\/productos\/botellas-de-plastico-para-beber-con-tapas\" \/>\n<meta property=\"og:locale\" content=\"es_ES\" \/>\n<meta property=\"og:type\" content=\"article\" \/>\n<meta property=\"og:title\" content=\"Plastic Drinking Bottles With Caps\" \/>\n<meta property=\"og:description\" content=\"As one of the best plastic drinking bottles with caps manufacturers and suppliers, we are engaged in manufacturing good quality water bottles. We warmly welcome you to wholesale or buy custom made plastic drinking bottles with caps at competitive price from us. Also, small quantity orders are acceptable.\" \/>\n<meta property=\"og:url\" content=\"https:\/\/www.dillerbottle.com\/es\/productos\/botellas-de-plastico-para-beber-con-tapas\" \/>\n<meta property=\"og:site_name\" content=\"Diller Water Bottle Manufacturer\" \/>\n<meta property=\"article:modified_time\" content=\"2026-02-13T06:50:47+00:00\" \/>\n<meta property=\"og:image\" content=\"https:\/\/www.dillerbottle.com\/wp-content\/uploads\/2024\/09\/plastic-drinking-bottles-with-caps-e1744428790397.png\" \/>\n\t<meta property=\"og:image:width\" content=\"723\" \/>\n\t<meta property=\"og:image:height\" content=\"723\" \/>\n\t<meta property=\"og:image:type\" content=\"image\/png\" \/>\n<meta name=\"twitter:card\" content=\"summary_large_image\" \/>\n<meta name=\"twitter:label1\" content=\"Tiempo de lectura\" \/>\n\t<meta name=\"twitter:data1\" content=\"3 minutos\" \/>\n<script type=\"application\/ld+json\" class=\"yoast-schema-graph\">{\"@context\":\"https:\\\/\\\/schema.org\",\"@graph\":[{\"@type\":\"WebPage\",\"@id\":\"https:\\\/\\\/www.dillerbottle.com\\\/products\\\/plastic-drinking-bottles-with-caps\",\"url\":\"https:\\\/\\\/www.dillerbottle.com\\\/products\\\/plastic-drinking-bottles-with-caps\",\"name\":\"Plastic Drinking Bottles With Caps - Diller Water Bottle Manufacturer\",\"isPartOf\":{\"@id\":\"https:\\\/\\\/www.dillerbottle.com\\\/#website\"},\"primaryImageOfPage\":{\"@id\":\"https:\\\/\\\/www.dillerbottle.com\\\/products\\\/plastic-drinking-bottles-with-caps#primaryimage\"},\"image\":{\"@id\":\"https:\\\/\\\/www.dillerbottle.com\\\/products\\\/plastic-drinking-bottles-with-caps#primaryimage\"},\"thumbnailUrl\":\"https:\\\/\\\/www.dillerbottle.com\\\/wp-content\\\/uploads\\\/2024\\\/09\\\/plastic-drinking-bottles-with-caps-e1744428790397.png\",\"datePublished\":\"2024-09-27T09:59:19+00:00\",\"dateModified\":\"2026-02-13T06:50:47+00:00\",\"description\":\"As one of the best plastic drinking bottles with caps manufacturers and suppliers, we are engaged in manufacturing good quality water bottles. We warmly welcome you to wholesale or buy custom made plastic drinking bottles with caps at competitive price from us. Also, small quantity orders are acceptable.\",\"breadcrumb\":{\"@id\":\"https:\\\/\\\/www.dillerbottle.com\\\/products\\\/plastic-drinking-bottles-with-caps#breadcrumb\"},\"inLanguage\":\"es\",\"potentialAction\":[{\"@type\":\"ReadAction\",\"target\":[\"https:\\\/\\\/www.dillerbottle.com\\\/products\\\/plastic-drinking-bottles-with-caps\"]}]},{\"@type\":\"ImageObject\",\"inLanguage\":\"es\",\"@id\":\"https:\\\/\\\/www.dillerbottle.com\\\/products\\\/plastic-drinking-bottles-with-caps#primaryimage\",\"url\":\"https:\\\/\\\/www.dillerbottle.com\\\/wp-content\\\/uploads\\\/2024\\\/09\\\/plastic-drinking-bottles-with-caps-e1744428790397.png\",\"contentUrl\":\"https:\\\/\\\/www.dillerbottle.com\\\/wp-content\\\/uploads\\\/2024\\\/09\\\/plastic-drinking-bottles-with-caps-e1744428790397.png\",\"width\":723,\"height\":723},{\"@type\":\"BreadcrumbList\",\"@id\":\"https:\\\/\\\/www.dillerbottle.com\\\/products\\\/plastic-drinking-bottles-with-caps#breadcrumb\",\"itemListElement\":[{\"@type\":\"ListItem\",\"position\":1,\"name\":\"Home\",\"item\":\"https:\\\/\\\/www.dillerbottle.com\\\/\"},{\"@type\":\"ListItem\",\"position\":2,\"name\":\"Products\",\"item\":\"https:\\\/\\\/www.dillerbottle.com\\\/shop\"},{\"@type\":\"ListItem\",\"position\":3,\"name\":\"Plastic Drinking Bottles With Caps\"}]},{\"@type\":\"WebSite\",\"@id\":\"https:\\\/\\\/www.dillerbottle.com\\\/#website\",\"url\":\"https:\\\/\\\/www.dillerbottle.com\\\/\",\"name\":\"Diller Water Bottle Manufacturer\",\"description\":\"Water Bottle Manufacturer\",\"publisher\":{\"@id\":\"https:\\\/\\\/www.dillerbottle.com\\\/#organization\"},\"potentialAction\":[{\"@type\":\"SearchAction\",\"target\":{\"@type\":\"EntryPoint\",\"urlTemplate\":\"https:\\\/\\\/www.dillerbottle.com\\\/?s={search_term_string}\"},\"query-input\":{\"@type\":\"PropertyValueSpecification\",\"valueRequired\":true,\"valueName\":\"search_term_string\"}}],\"inLanguage\":\"es\"},{\"@type\":\"Organization\",\"@id\":\"https:\\\/\\\/www.dillerbottle.com\\\/#organization\",\"name\":\"Diller Water Bottle Manufacturer\",\"url\":\"https:\\\/\\\/www.dillerbottle.com\\\/\",\"logo\":{\"@type\":\"ImageObject\",\"inLanguage\":\"es\",\"@id\":\"https:\\\/\\\/www.dillerbottle.com\\\/#\\\/schema\\\/logo\\\/image\\\/\",\"url\":\"https:\\\/\\\/www.dillerbottle.com\\\/wp-content\\\/uploads\\\/2024\\\/09\\\/49918bfa848dcc1e9f8b509933603ac.png\",\"contentUrl\":\"https:\\\/\\\/www.dillerbottle.com\\\/wp-content\\\/uploads\\\/2024\\\/09\\\/49918bfa848dcc1e9f8b509933603ac.png\",\"width\":988,\"height\":198,\"caption\":\"Diller Water Bottle Manufacturer\"},\"image\":{\"@id\":\"https:\\\/\\\/www.dillerbottle.com\\\/#\\\/schema\\\/logo\\\/image\\\/\"}}]}<\/script>\n<!-- \/ Yoast SEO Premium plugin. -->","yoast_head_json":{"title":"Botellas de pl\u00e1stico para bebidas con tapas - Fabricante de botellas de agua Diller","description":"Como uno de los mejores fabricantes y proveedores de botellas de pl\u00e1stico para bebidas con tapas, nos dedicamos a la fabricaci\u00f3n de botellas de agua de buena calidad. Le damos una c\u00e1lida bienvenida para que compre al por mayor o botellas de pl\u00e1stico para bebidas con tapas hechas a medida a un precio competitivo. Adem\u00e1s, aceptamos pedidos de peque\u00f1as cantidades.","robots":{"index":"index","follow":"follow","max-snippet":"max-snippet:-1","max-image-preview":"max-image-preview:large","max-video-preview":"max-video-preview:-1"},"canonical":"https:\/\/www.dillerbottle.com\/es\/productos\/botellas-de-plastico-para-beber-con-tapas","og_locale":"es_ES","og_type":"article","og_title":"Plastic Drinking Bottles With Caps","og_description":"As one of the best plastic drinking bottles with caps manufacturers and suppliers, we are engaged in manufacturing good quality water bottles. We warmly welcome you to wholesale or buy custom made plastic drinking bottles with caps at competitive price from us. Also, small quantity orders are acceptable.","og_url":"https:\/\/www.dillerbottle.com\/es\/productos\/botellas-de-plastico-para-beber-con-tapas","og_site_name":"Diller Water Bottle Manufacturer","article_modified_time":"2026-02-13T06:50:47+00:00","og_image":[{"width":723,"height":723,"url":"https:\/\/www.dillerbottle.com\/wp-content\/uploads\/2024\/09\/plastic-drinking-bottles-with-caps-e1744428790397.png","type":"image\/png"}],"twitter_card":"summary_large_image","twitter_misc":{"Tiempo de lectura":"3 minutos"},"schema":{"@context":"https:\/\/schema.org","@graph":[{"@type":"WebPage","@id":"https:\/\/www.dillerbottle.com\/products\/plastic-drinking-bottles-with-caps","url":"https:\/\/www.dillerbottle.com\/products\/plastic-drinking-bottles-with-caps","name":"Botellas de pl\u00e1stico para bebidas con tapas - Fabricante de botellas de agua Diller","isPartOf":{"@id":"https:\/\/www.dillerbottle.com\/#website"},"primaryImageOfPage":{"@id":"https:\/\/www.dillerbottle.com\/products\/plastic-drinking-bottles-with-caps#primaryimage"},"image":{"@id":"https:\/\/www.dillerbottle.com\/products\/plastic-drinking-bottles-with-caps#primaryimage"},"thumbnailUrl":"https:\/\/www.dillerbottle.com\/wp-content\/uploads\/2024\/09\/plastic-drinking-bottles-with-caps-e1744428790397.png","datePublished":"2024-09-27T09:59:19+00:00","dateModified":"2026-02-13T06:50:47+00:00","description":"Como uno de los mejores fabricantes y proveedores de botellas de pl\u00e1stico para bebidas con tapas, nos dedicamos a la fabricaci\u00f3n de botellas de agua de buena calidad. Le damos una c\u00e1lida bienvenida para que compre al por mayor o botellas de pl\u00e1stico para bebidas con tapas hechas a medida a un precio competitivo. Adem\u00e1s, aceptamos pedidos de peque\u00f1as cantidades.","breadcrumb":{"@id":"https:\/\/www.dillerbottle.com\/products\/plastic-drinking-bottles-with-caps#breadcrumb"},"inLanguage":"es","potentialAction":[{"@type":"ReadAction","target":["https:\/\/www.dillerbottle.com\/products\/plastic-drinking-bottles-with-caps"]}]},{"@type":"ImageObject","inLanguage":"es","@id":"https:\/\/www.dillerbottle.com\/products\/plastic-drinking-bottles-with-caps#primaryimage","url":"https:\/\/www.dillerbottle.com\/wp-content\/uploads\/2024\/09\/plastic-drinking-bottles-with-caps-e1744428790397.png","contentUrl":"https:\/\/www.dillerbottle.com\/wp-content\/uploads\/2024\/09\/plastic-drinking-bottles-with-caps-e1744428790397.png","width":723,"height":723},{"@type":"BreadcrumbList","@id":"https:\/\/www.dillerbottle.com\/products\/plastic-drinking-bottles-with-caps#breadcrumb","itemListElement":[{"@type":"ListItem","position":1,"name":"Home","item":"https:\/\/www.dillerbottle.com\/"},{"@type":"ListItem","position":2,"name":"Products","item":"https:\/\/www.dillerbottle.com\/shop"},{"@type":"ListItem","position":3,"name":"Plastic Drinking Bottles With Caps"}]},{"@type":"WebSite","@id":"https:\/\/www.dillerbottle.com\/#website","url":"https:\/\/www.dillerbottle.com\/","name":"Fabricante de botellas de agua Diller","description":"Fabricante de botellas de agua","publisher":{"@id":"https:\/\/www.dillerbottle.com\/#organization"},"potentialAction":[{"@type":"SearchAction","target":{"@type":"EntryPoint","urlTemplate":"https:\/\/www.dillerbottle.com\/?s={search_term_string}"},"query-input":{"@type":"PropertyValueSpecification","valueRequired":true,"valueName":"search_term_string"}}],"inLanguage":"es"},{"@type":"Organization","@id":"https:\/\/www.dillerbottle.com\/#organization","name":"Fabricante de botellas de agua Diller","url":"https:\/\/www.dillerbottle.com\/","logo":{"@type":"ImageObject","inLanguage":"es","@id":"https:\/\/www.dillerbottle.com\/#\/schema\/logo\/image\/","url":"https:\/\/www.dillerbottle.com\/wp-content\/uploads\/2024\/09\/49918bfa848dcc1e9f8b509933603ac.png","contentUrl":"https:\/\/www.dillerbottle.com\/wp-content\/uploads\/2024\/09\/49918bfa848dcc1e9f8b509933603ac.png","width":988,"height":198,"caption":"Diller Water Bottle Manufacturer"},"image":{"@id":"https:\/\/www.dillerbottle.com\/#\/schema\/logo\/image\/"}}]}},"_links":{"self":[{"href":"https:\/\/www.dillerbottle.com\/es\/wp-json\/wp\/v2\/product\/5555","targetHints":{"allow":["GET"]}}],"collection":[{"href":"https:\/\/www.dillerbottle.com\/es\/wp-json\/wp\/v2\/product"}],"about":[{"href":"https:\/\/www.dillerbottle.com\/es\/wp-json\/wp\/v2\/types\/product"}],"replies":[{"embeddable":true,"href":"https:\/\/www.dillerbottle.com\/es\/wp-json\/wp\/v2\/comments?post=5555"}],"wp:featuredmedia":[{"embeddable":true,"href":"https:\/\/www.dillerbottle.com\/es\/wp-json\/wp\/v2\/media\/16320"}],"wp:attachment":[{"href":"https:\/\/www.dillerbottle.com\/es\/wp-json\/wp\/v2\/media?parent=5555"}],"wp:term":[{"taxonomy":"product_brand","embeddable":true,"href":"https:\/\/www.dillerbottle.com\/es\/wp-json\/wp\/v2\/product_brand?post=5555"},{"taxonomy":"product_cat","embeddable":true,"href":"https:\/\/www.dillerbottle.com\/es\/wp-json\/wp\/v2\/product_cat?post=5555"},{"taxonomy":"product_tag","embeddable":true,"href":"https:\/\/www.dillerbottle.com\/es\/wp-json\/wp\/v2\/product_tag?post=5555"}],"curies":[{"name":"Gracias","href":"https:\/\/api.w.org\/{rel}","templated":true}]}}