{"id":5676,"date":"2024-09-27T18:00:29","date_gmt":"2024-09-27T10:00:29","guid":{"rendered":"https:\/\/demo.dillerbottle.com\/uncategorized\/drinking-water-plastic-bottle"},"modified":"2025-07-10T09:20:19","modified_gmt":"2025-07-10T01:20:19","slug":"botella-de-plastico-para-agua-potable","status":"publish","type":"product","link":"https:\/\/www.dillerbottle.com\/es\/products\/drinking-water-plastic-bottle","title":{"rendered":"Agua potable Botella de pl\u00e1stico"},"content":{"rendered":"<p>Botella de pl\u00e1stico para agua potable<br \/>\nCaracter\u00edsticas:<br \/>\n1. La botella de pl\u00e1stico para agua potable est\u00e1 hecha de tritan de grado alimenticio, que no contiene BPA ni olores, y se puede utilizar para bebidas calientes. Fabricada con materiales ecol\u00f3gicos y seguros, garantiza que el agua que bebes sea segura.<\/p>\n<p>2. Botella de agua de color transparente que muestra claramente el volumen de agua y te recuerda que debes beber suficiente agua para reponer tu cuerpo. Para quienes les gusta hacer ejercicio, esta es una excelente manera de controlar su consumo de agua.<\/p>\n<p>3. Tapa superior abatible con bot\u00f3n pulsador, permite beber f\u00e1cilmente con una mano o con las manos libres incluso cuando est\u00e1s ocupado. La tapa de la botella contiene un anillo de silicona, as\u00ed como un tap\u00f3n de silicona, que es 100% a prueba de fugas. El dise\u00f1o de boca ancha permite a\u00f1adir frutas o cubitos de hielo.<\/p>","protected":false},"excerpt":{"rendered":"<p>La botella de pl\u00e1stico para agua potable est\u00e1 hecha de tritan de grado alimenticio, que no contiene BPA ni olor, y se puede utilizar para bebidas calientes.<br \/>\nFabricado con materiales respetuosos con el medio ambiente y seguros, garantiza que el agua que bebes sea segura.<br \/>\nTapa superior abatible con bot\u00f3n pulsador, que permite beber f\u00e1cilmente con una mano o con manos libres incluso cuando est\u00e1 ocupado.<br \/>\nLa tapa de la botella contiene un anillo de silicona, as\u00ed como un tap\u00f3n de silicona 100%, que es a prueba de fugas.<br \/>\nOEM y OEM aceptables.<br \/>\nPodemos personalizar la botella de pl\u00e1stico de agua potable seg\u00fan sus requisitos.<br \/>\n\u00a1Bienvenido a la compra al por mayor, env\u00ede su consulta ahora!<\/p>","protected":false},"featured_media":5677,"comment_status":"open","ping_status":"closed","template":"","meta":{"_acf_changed":false},"product_brand":[],"product_cat":[309],"product_tag":[434,32,36,33,360,31,473,39,38,398,29,37,34,373,35,470,28,447,30],"class_list":{"0":"post-5676","1":"product","2":"type-product","3":"status-publish","4":"has-post-thumbnail","6":"product_cat-plastic-water-bottle","7":"product_tag-1-litre-water-bottle","8":"product_tag-best","9":"product_tag-bulk","10":"product_tag-buy","11":"product_tag-cool-water-bottle","12":"product_tag-custom","13":"product_tag-drinking-water-plastic-bottle","14":"product_tag-for-sale","15":"product_tag-good-quality","16":"product_tag-leak-proof-water-bottle-with-carry-handle","17":"product_tag-manufacturers","18":"product_tag-manufacturing","19":"product_tag-price","20":"product_tag-slim-water-bottle-with-straw","21":"product_tag-small","22":"product_tag-sports-water-bottle-with-motivational-time-marker","23":"product_tag-suppliers","24":"product_tag-water-bottle-with-time-maker","25":"product_tag-wholesale","27":"first","28":"instock","29":"shipping-taxable","30":"product-type-simple"},"acf":[],"yoast_head":"<!-- This site is optimized with the Yoast SEO Premium plugin v27.5 (Yoast SEO v27.5) - https:\/\/yoast.com\/product\/yoast-seo-premium-wordpress\/ -->\n<title>Drinking Water Plastic Bottle - Diller Water Bottle Manufacturer<\/title>\n<meta name=\"description\" content=\"As one of the best drinking water plastic bottle manufacturers and suppliers, we are engaged in manufacturing good quality water bottles. We warmly welcome you to wholesale or buy custom made drinking water plastic bottle at competitive price from us. Also, small quantity orders are acceptable.\" \/>\n<meta name=\"robots\" content=\"index, follow, max-snippet:-1, max-image-preview:large, max-video-preview:-1\" \/>\n<link rel=\"canonical\" href=\"https:\/\/www.dillerbottle.com\/es\/productos\/botella-de-plastico-para-agua-potable\" \/>\n<meta property=\"og:locale\" content=\"es_ES\" \/>\n<meta property=\"og:type\" content=\"article\" \/>\n<meta property=\"og:title\" content=\"Drinking Water Plastic Bottle\" \/>\n<meta property=\"og:description\" content=\"As one of the best drinking water plastic bottle manufacturers and suppliers, we are engaged in manufacturing good quality water bottles. We warmly welcome you to wholesale or buy custom made drinking water plastic bottle at competitive price from us. Also, small quantity orders are acceptable.\" \/>\n<meta property=\"og:url\" content=\"https:\/\/www.dillerbottle.com\/es\/productos\/botella-de-plastico-para-agua-potable\" \/>\n<meta property=\"og:site_name\" content=\"Diller Water Bottle Manufacturer\" \/>\n<meta property=\"article:modified_time\" content=\"2025-07-10T01:20:19+00:00\" \/>\n<meta property=\"og:image\" content=\"https:\/\/www.dillerbottle.com\/wp-content\/uploads\/2024\/09\/drinking-water-plastic-bottle08484727727.jpg\" \/>\n\t<meta property=\"og:image:width\" content=\"730\" \/>\n\t<meta property=\"og:image:height\" content=\"730\" \/>\n\t<meta property=\"og:image:type\" content=\"image\/jpeg\" \/>\n<meta name=\"twitter:card\" content=\"summary_large_image\" \/>\n<meta name=\"twitter:label1\" content=\"Tiempo de lectura\" \/>\n\t<meta name=\"twitter:data1\" content=\"2 minutos\" \/>\n<script type=\"application\/ld+json\" class=\"yoast-schema-graph\">{\"@context\":\"https:\\\/\\\/schema.org\",\"@graph\":[{\"@type\":\"WebPage\",\"@id\":\"https:\\\/\\\/www.dillerbottle.com\\\/es\\\/productos\\\/botella-de-plastico-para-agua-potable\",\"url\":\"https:\\\/\\\/www.dillerbottle.com\\\/es\\\/productos\\\/botella-de-plastico-para-agua-potable\",\"name\":\"Drinking Water Plastic Bottle - Diller Water Bottle Manufacturer\",\"isPartOf\":{\"@id\":\"https:\\\/\\\/www.dillerbottle.com\\\/#website\"},\"primaryImageOfPage\":{\"@id\":\"https:\\\/\\\/www.dillerbottle.com\\\/es\\\/productos\\\/botella-de-plastico-para-agua-potable#primaryimage\"},\"image\":{\"@id\":\"https:\\\/\\\/www.dillerbottle.com\\\/es\\\/productos\\\/botella-de-plastico-para-agua-potable#primaryimage\"},\"thumbnailUrl\":\"https:\\\/\\\/www.dillerbottle.com\\\/wp-content\\\/uploads\\\/2024\\\/09\\\/drinking-water-plastic-bottle08484727727.jpg\",\"datePublished\":\"2024-09-27T10:00:29+00:00\",\"dateModified\":\"2025-07-10T01:20:19+00:00\",\"description\":\"As one of the best drinking water plastic bottle manufacturers and suppliers, we are engaged in manufacturing good quality water bottles. We warmly welcome you to wholesale or buy custom made drinking water plastic bottle at competitive price from us. Also, small quantity orders are acceptable.\",\"breadcrumb\":{\"@id\":\"https:\\\/\\\/www.dillerbottle.com\\\/es\\\/productos\\\/botella-de-plastico-para-agua-potable#breadcrumb\"},\"inLanguage\":\"es\",\"potentialAction\":[{\"@type\":\"ReadAction\",\"target\":[\"https:\\\/\\\/www.dillerbottle.com\\\/es\\\/productos\\\/botella-de-plastico-para-agua-potable\"]}]},{\"@type\":\"ImageObject\",\"inLanguage\":\"es\",\"@id\":\"https:\\\/\\\/www.dillerbottle.com\\\/es\\\/productos\\\/botella-de-plastico-para-agua-potable#primaryimage\",\"url\":\"https:\\\/\\\/www.dillerbottle.com\\\/wp-content\\\/uploads\\\/2024\\\/09\\\/drinking-water-plastic-bottle08484727727.jpg\",\"contentUrl\":\"https:\\\/\\\/www.dillerbottle.com\\\/wp-content\\\/uploads\\\/2024\\\/09\\\/drinking-water-plastic-bottle08484727727.jpg\",\"width\":730,\"height\":730},{\"@type\":\"BreadcrumbList\",\"@id\":\"https:\\\/\\\/www.dillerbottle.com\\\/es\\\/productos\\\/botella-de-plastico-para-agua-potable#breadcrumb\",\"itemListElement\":[{\"@type\":\"ListItem\",\"position\":1,\"name\":\"Home\",\"item\":\"https:\\\/\\\/www.dillerbottle.com\\\/\"},{\"@type\":\"ListItem\",\"position\":2,\"name\":\"Products\",\"item\":\"https:\\\/\\\/www.dillerbottle.com\\\/shop\"},{\"@type\":\"ListItem\",\"position\":3,\"name\":\"Drinking Water Plastic Bottle\"}]},{\"@type\":\"WebSite\",\"@id\":\"https:\\\/\\\/www.dillerbottle.com\\\/#website\",\"url\":\"https:\\\/\\\/www.dillerbottle.com\\\/\",\"name\":\"Diller Water Bottle Manufacturer\",\"description\":\"Water Bottle Manufacturer\",\"publisher\":{\"@id\":\"https:\\\/\\\/www.dillerbottle.com\\\/#organization\"},\"potentialAction\":[{\"@type\":\"SearchAction\",\"target\":{\"@type\":\"EntryPoint\",\"urlTemplate\":\"https:\\\/\\\/www.dillerbottle.com\\\/?s={search_term_string}\"},\"query-input\":{\"@type\":\"PropertyValueSpecification\",\"valueRequired\":true,\"valueName\":\"search_term_string\"}}],\"inLanguage\":\"es\"},{\"@type\":\"Organization\",\"@id\":\"https:\\\/\\\/www.dillerbottle.com\\\/#organization\",\"name\":\"Diller Water Bottle Manufacturer\",\"url\":\"https:\\\/\\\/www.dillerbottle.com\\\/\",\"logo\":{\"@type\":\"ImageObject\",\"inLanguage\":\"es\",\"@id\":\"https:\\\/\\\/www.dillerbottle.com\\\/#\\\/schema\\\/logo\\\/image\\\/\",\"url\":\"https:\\\/\\\/www.dillerbottle.com\\\/wp-content\\\/uploads\\\/2024\\\/09\\\/49918bfa848dcc1e9f8b509933603ac.png\",\"contentUrl\":\"https:\\\/\\\/www.dillerbottle.com\\\/wp-content\\\/uploads\\\/2024\\\/09\\\/49918bfa848dcc1e9f8b509933603ac.png\",\"width\":988,\"height\":198,\"caption\":\"Diller Water Bottle Manufacturer\"},\"image\":{\"@id\":\"https:\\\/\\\/www.dillerbottle.com\\\/#\\\/schema\\\/logo\\\/image\\\/\"}}]}<\/script>\n<!-- \/ Yoast SEO Premium plugin. -->","yoast_head_json":{"title":"Botella de pl\u00e1stico para agua potable - Fabricante de botellas de agua Diller","description":"Como uno de los mejores fabricantes y proveedores de botellas de pl\u00e1stico para agua potable, nos dedicamos a la fabricaci\u00f3n de botellas de agua de buena calidad. Le damos una c\u00e1lida bienvenida para que compre al por mayor o botellas de pl\u00e1stico para agua potable hechas a medida a un precio competitivo. Adem\u00e1s, aceptamos pedidos de peque\u00f1as cantidades.","robots":{"index":"index","follow":"follow","max-snippet":"max-snippet:-1","max-image-preview":"max-image-preview:large","max-video-preview":"max-video-preview:-1"},"canonical":"https:\/\/www.dillerbottle.com\/es\/productos\/botella-de-plastico-para-agua-potable","og_locale":"es_ES","og_type":"article","og_title":"Drinking Water Plastic Bottle","og_description":"As one of the best drinking water plastic bottle manufacturers and suppliers, we are engaged in manufacturing good quality water bottles. We warmly welcome you to wholesale or buy custom made drinking water plastic bottle at competitive price from us. Also, small quantity orders are acceptable.","og_url":"https:\/\/www.dillerbottle.com\/es\/productos\/botella-de-plastico-para-agua-potable","og_site_name":"Diller Water Bottle Manufacturer","article_modified_time":"2025-07-10T01:20:19+00:00","og_image":[{"width":730,"height":730,"url":"https:\/\/www.dillerbottle.com\/wp-content\/uploads\/2024\/09\/drinking-water-plastic-bottle08484727727.jpg","type":"image\/jpeg"}],"twitter_card":"summary_large_image","twitter_misc":{"Tiempo de lectura":"2 minutos"},"schema":{"@context":"https:\/\/schema.org","@graph":[{"@type":"WebPage","@id":"https:\/\/www.dillerbottle.com\/es\/productos\/botella-de-plastico-para-agua-potable","url":"https:\/\/www.dillerbottle.com\/es\/productos\/botella-de-plastico-para-agua-potable","name":"Botella de pl\u00e1stico para agua potable - Fabricante de botellas de agua Diller","isPartOf":{"@id":"https:\/\/www.dillerbottle.com\/#website"},"primaryImageOfPage":{"@id":"https:\/\/www.dillerbottle.com\/es\/productos\/botella-de-plastico-para-agua-potable#primaryimage"},"image":{"@id":"https:\/\/www.dillerbottle.com\/es\/productos\/botella-de-plastico-para-agua-potable#primaryimage"},"thumbnailUrl":"https:\/\/www.dillerbottle.com\/wp-content\/uploads\/2024\/09\/drinking-water-plastic-bottle08484727727.jpg","datePublished":"2024-09-27T10:00:29+00:00","dateModified":"2025-07-10T01:20:19+00:00","description":"Como uno de los mejores fabricantes y proveedores de botellas de pl\u00e1stico para agua potable, nos dedicamos a la fabricaci\u00f3n de botellas de agua de buena calidad. Le damos una c\u00e1lida bienvenida para que compre al por mayor o botellas de pl\u00e1stico para agua potable hechas a medida a un precio competitivo. Adem\u00e1s, aceptamos pedidos de peque\u00f1as cantidades.","breadcrumb":{"@id":"https:\/\/www.dillerbottle.com\/es\/productos\/botella-de-plastico-para-agua-potable#breadcrumb"},"inLanguage":"es","potentialAction":[{"@type":"ReadAction","target":["https:\/\/www.dillerbottle.com\/es\/productos\/botella-de-plastico-para-agua-potable"]}]},{"@type":"ImageObject","inLanguage":"es","@id":"https:\/\/www.dillerbottle.com\/es\/productos\/botella-de-plastico-para-agua-potable#primaryimage","url":"https:\/\/www.dillerbottle.com\/wp-content\/uploads\/2024\/09\/drinking-water-plastic-bottle08484727727.jpg","contentUrl":"https:\/\/www.dillerbottle.com\/wp-content\/uploads\/2024\/09\/drinking-water-plastic-bottle08484727727.jpg","width":730,"height":730},{"@type":"BreadcrumbList","@id":"https:\/\/www.dillerbottle.com\/es\/productos\/botella-de-plastico-para-agua-potable#breadcrumb","itemListElement":[{"@type":"ListItem","position":1,"name":"Home","item":"https:\/\/www.dillerbottle.com\/"},{"@type":"ListItem","position":2,"name":"Products","item":"https:\/\/www.dillerbottle.com\/shop"},{"@type":"ListItem","position":3,"name":"Drinking Water Plastic Bottle"}]},{"@type":"WebSite","@id":"https:\/\/www.dillerbottle.com\/#website","url":"https:\/\/www.dillerbottle.com\/","name":"Fabricante de botellas de agua Diller","description":"Fabricante de botellas de agua","publisher":{"@id":"https:\/\/www.dillerbottle.com\/#organization"},"potentialAction":[{"@type":"SearchAction","target":{"@type":"EntryPoint","urlTemplate":"https:\/\/www.dillerbottle.com\/?s={search_term_string}"},"query-input":{"@type":"PropertyValueSpecification","valueRequired":true,"valueName":"search_term_string"}}],"inLanguage":"es"},{"@type":"Organization","@id":"https:\/\/www.dillerbottle.com\/#organization","name":"Fabricante de botellas de agua Diller","url":"https:\/\/www.dillerbottle.com\/","logo":{"@type":"ImageObject","inLanguage":"es","@id":"https:\/\/www.dillerbottle.com\/#\/schema\/logo\/image\/","url":"https:\/\/www.dillerbottle.com\/wp-content\/uploads\/2024\/09\/49918bfa848dcc1e9f8b509933603ac.png","contentUrl":"https:\/\/www.dillerbottle.com\/wp-content\/uploads\/2024\/09\/49918bfa848dcc1e9f8b509933603ac.png","width":988,"height":198,"caption":"Diller Water Bottle Manufacturer"},"image":{"@id":"https:\/\/www.dillerbottle.com\/#\/schema\/logo\/image\/"}}]}},"_links":{"self":[{"href":"https:\/\/www.dillerbottle.com\/es\/wp-json\/wp\/v2\/product\/5676","targetHints":{"allow":["GET"]}}],"collection":[{"href":"https:\/\/www.dillerbottle.com\/es\/wp-json\/wp\/v2\/product"}],"about":[{"href":"https:\/\/www.dillerbottle.com\/es\/wp-json\/wp\/v2\/types\/product"}],"replies":[{"embeddable":true,"href":"https:\/\/www.dillerbottle.com\/es\/wp-json\/wp\/v2\/comments?post=5676"}],"wp:featuredmedia":[{"embeddable":true,"href":"https:\/\/www.dillerbottle.com\/es\/wp-json\/wp\/v2\/media\/5677"}],"wp:attachment":[{"href":"https:\/\/www.dillerbottle.com\/es\/wp-json\/wp\/v2\/media?parent=5676"}],"wp:term":[{"taxonomy":"product_brand","embeddable":true,"href":"https:\/\/www.dillerbottle.com\/es\/wp-json\/wp\/v2\/product_brand?post=5676"},{"taxonomy":"product_cat","embeddable":true,"href":"https:\/\/www.dillerbottle.com\/es\/wp-json\/wp\/v2\/product_cat?post=5676"},{"taxonomy":"product_tag","embeddable":true,"href":"https:\/\/www.dillerbottle.com\/es\/wp-json\/wp\/v2\/product_tag?post=5676"}],"curies":[{"name":"Gracias","href":"https:\/\/api.w.org\/{rel}","templated":true}]}}