{"id":5780,"date":"2024-09-27T18:01:30","date_gmt":"2024-09-27T10:01:30","guid":{"rendered":"https:\/\/demo.dillerbottle.com\/uncategorized\/large-plastic-water-bottles"},"modified":"2025-07-09T18:02:17","modified_gmt":"2025-07-09T10:02:17","slug":"botellas-de-agua-de-plastico-grandes","status":"publish","type":"product","link":"https:\/\/www.dillerbottle.com\/es\/products\/large-plastic-water-bottles","title":{"rendered":"Botellas de agua de pl\u00e1stico grandes"},"content":{"rendered":"<p>1. Esta botella de agua de pl\u00e1stico est\u00e1 hecha de PC de grado alimenticio de alta calidad, libre de BPA. Puede contener agua fr\u00eda y caliente, el rango de temperatura es de -20 \u00b0 C ~ + 120 \u00b0 C.<br \/>\n2. Gran capacidad. Dise\u00f1o de 1L \/ 1,5L \/ 2L, puede llenar m\u00e1s agua y garantizar suficiente agua para un adulto al d\u00eda.<br \/>\n3. F\u00e1cil de transportar. Dise\u00f1o con asa de silicona con dise\u00f1o humanoide, ideal para llevar tiras largas en caminatas, campamentos, etc.<br \/>\n4. F\u00e1cil de limpiar. Dise\u00f1o con boca ancha, m\u00e1s f\u00e1cil de limpiar.<\/p>","protected":false},"excerpt":{"rendered":"<p>Caracter\u00edsticas: 1. Esta botella de agua de pl\u00e1stico est\u00e1 hecha de PC de grado alimenticio de alta calidad, libre de BPA. Puede contener agua fr\u00eda y caliente, el rango de temperatura es de -20 \u00b0 C ~ + 120 \u00b0 C.<br \/>\n2.Gran capacidad.<br \/>\nDise\u00f1o de 1L \/ 1,5L \/ 2L, puede llenar m\u00e1s agua y garantizar suficiente agua para un adulto al d\u00eda.<br \/>\n3. F\u00e1cil de transportar.<br \/>\nDise\u00f1o con mango de silicona de dise\u00f1o humano, perfecto para tomar tiras largas en caminatas, campamentos, etc.<br \/>\n4. F\u00e1cil de limpiar.<br \/>\nDise\u00f1o con boca ancha, m\u00e1s f\u00e1cil de limpiar\u2026..<\/p>","protected":false},"featured_media":5781,"comment_status":"open","ping_status":"closed","template":"","meta":{"_acf_changed":false},"product_brand":[],"product_cat":[309],"product_tag":[32,36,33,31,403,39,38,481,29,37,458,387,317,34,35,41,28,314,30],"class_list":{"0":"post-5780","1":"product","2":"type-product","3":"status-publish","4":"has-post-thumbnail","6":"product_cat-plastic-water-bottle","7":"product_tag-best","8":"product_tag-bulk","9":"product_tag-buy","10":"product_tag-custom","11":"product_tag-custom-branded-water-bottle","12":"product_tag-for-sale","13":"product_tag-good-quality","14":"product_tag-large-plastic-water-bottles","15":"product_tag-manufacturers","16":"product_tag-manufacturing","17":"product_tag-mini-clear-plastic-water-bottle","18":"product_tag-plastic-water-bottle-direct-drinking","19":"product_tag-plastic-water-bottle-sports-bottle-with-straw","20":"product_tag-price","21":"product_tag-small","22":"product_tag-strap-gym-motivational-sports-water-bottle","23":"product_tag-suppliers","24":"product_tag-tea-water-bottle","25":"product_tag-wholesale","27":"first","28":"instock","29":"shipping-taxable","30":"product-type-simple"},"acf":[],"yoast_head":"<!-- This site is optimized with the Yoast SEO Premium plugin v27.5 (Yoast SEO v27.5) - https:\/\/yoast.com\/product\/yoast-seo-premium-wordpress\/ -->\n<title>Large Plastic Water Bottles - Diller Water Bottle Manufacturer<\/title>\n<meta name=\"description\" content=\"As one of the best large plastic water bottles manufacturers and suppliers, we are engaged in manufacturing good quality water bottles. We warmly welcome you to wholesale or buy custom made large plastic water bottles at competitive price from us. Also, small quantity orders are acceptable.\" \/>\n<meta name=\"robots\" content=\"index, follow, max-snippet:-1, max-image-preview:large, max-video-preview:-1\" \/>\n<link rel=\"canonical\" href=\"https:\/\/www.dillerbottle.com\/es\/productos\/botellas-de-agua-de-plastico-grandes\" \/>\n<meta property=\"og:locale\" content=\"es_ES\" \/>\n<meta property=\"og:type\" content=\"article\" \/>\n<meta property=\"og:title\" content=\"Large Plastic Water Bottles\" \/>\n<meta property=\"og:description\" content=\"As one of the best large plastic water bottles manufacturers and suppliers, we are engaged in manufacturing good quality water bottles. We warmly welcome you to wholesale or buy custom made large plastic water bottles at competitive price from us. Also, small quantity orders are acceptable.\" \/>\n<meta property=\"og:url\" content=\"https:\/\/www.dillerbottle.com\/es\/productos\/botellas-de-agua-de-plastico-grandes\" \/>\n<meta property=\"og:site_name\" content=\"Diller Water Bottle Manufacturer\" \/>\n<meta property=\"article:modified_time\" content=\"2025-07-09T10:02:17+00:00\" \/>\n<meta property=\"og:image\" content=\"https:\/\/www.dillerbottle.com\/wp-content\/uploads\/2024\/09\/large-plastic-water-bottles45267022515.jpg\" \/>\n\t<meta property=\"og:image:width\" content=\"730\" \/>\n\t<meta property=\"og:image:height\" content=\"730\" \/>\n\t<meta property=\"og:image:type\" content=\"image\/jpeg\" \/>\n<meta name=\"twitter:card\" content=\"summary_large_image\" \/>\n<meta name=\"twitter:label1\" content=\"Tiempo de lectura\" \/>\n\t<meta name=\"twitter:data1\" content=\"3 minutos\" \/>\n<script type=\"application\/ld+json\" class=\"yoast-schema-graph\">{\"@context\":\"https:\\\/\\\/schema.org\",\"@graph\":[{\"@type\":\"WebPage\",\"@id\":\"https:\\\/\\\/www.dillerbottle.com\\\/products\\\/large-plastic-water-bottles\",\"url\":\"https:\\\/\\\/www.dillerbottle.com\\\/products\\\/large-plastic-water-bottles\",\"name\":\"Large Plastic Water Bottles - Diller Water Bottle Manufacturer\",\"isPartOf\":{\"@id\":\"https:\\\/\\\/www.dillerbottle.com\\\/#website\"},\"primaryImageOfPage\":{\"@id\":\"https:\\\/\\\/www.dillerbottle.com\\\/products\\\/large-plastic-water-bottles#primaryimage\"},\"image\":{\"@id\":\"https:\\\/\\\/www.dillerbottle.com\\\/products\\\/large-plastic-water-bottles#primaryimage\"},\"thumbnailUrl\":\"https:\\\/\\\/www.dillerbottle.com\\\/wp-content\\\/uploads\\\/2024\\\/09\\\/large-plastic-water-bottles45267022515.jpg\",\"datePublished\":\"2024-09-27T10:01:30+00:00\",\"dateModified\":\"2025-07-09T10:02:17+00:00\",\"description\":\"As one of the best large plastic water bottles manufacturers and suppliers, we are engaged in manufacturing good quality water bottles. We warmly welcome you to wholesale or buy custom made large plastic water bottles at competitive price from us. Also, small quantity orders are acceptable.\",\"breadcrumb\":{\"@id\":\"https:\\\/\\\/www.dillerbottle.com\\\/products\\\/large-plastic-water-bottles#breadcrumb\"},\"inLanguage\":\"es\",\"potentialAction\":[{\"@type\":\"ReadAction\",\"target\":[\"https:\\\/\\\/www.dillerbottle.com\\\/products\\\/large-plastic-water-bottles\"]}]},{\"@type\":\"ImageObject\",\"inLanguage\":\"es\",\"@id\":\"https:\\\/\\\/www.dillerbottle.com\\\/products\\\/large-plastic-water-bottles#primaryimage\",\"url\":\"https:\\\/\\\/www.dillerbottle.com\\\/wp-content\\\/uploads\\\/2024\\\/09\\\/large-plastic-water-bottles45267022515.jpg\",\"contentUrl\":\"https:\\\/\\\/www.dillerbottle.com\\\/wp-content\\\/uploads\\\/2024\\\/09\\\/large-plastic-water-bottles45267022515.jpg\",\"width\":730,\"height\":730},{\"@type\":\"BreadcrumbList\",\"@id\":\"https:\\\/\\\/www.dillerbottle.com\\\/products\\\/large-plastic-water-bottles#breadcrumb\",\"itemListElement\":[{\"@type\":\"ListItem\",\"position\":1,\"name\":\"Home\",\"item\":\"https:\\\/\\\/www.dillerbottle.com\\\/\"},{\"@type\":\"ListItem\",\"position\":2,\"name\":\"Products\",\"item\":\"https:\\\/\\\/www.dillerbottle.com\\\/shop\"},{\"@type\":\"ListItem\",\"position\":3,\"name\":\"Large Plastic Water Bottles\"}]},{\"@type\":\"WebSite\",\"@id\":\"https:\\\/\\\/www.dillerbottle.com\\\/#website\",\"url\":\"https:\\\/\\\/www.dillerbottle.com\\\/\",\"name\":\"Diller Water Bottle Manufacturer\",\"description\":\"Water Bottle Manufacturer\",\"publisher\":{\"@id\":\"https:\\\/\\\/www.dillerbottle.com\\\/#organization\"},\"potentialAction\":[{\"@type\":\"SearchAction\",\"target\":{\"@type\":\"EntryPoint\",\"urlTemplate\":\"https:\\\/\\\/www.dillerbottle.com\\\/?s={search_term_string}\"},\"query-input\":{\"@type\":\"PropertyValueSpecification\",\"valueRequired\":true,\"valueName\":\"search_term_string\"}}],\"inLanguage\":\"es\"},{\"@type\":\"Organization\",\"@id\":\"https:\\\/\\\/www.dillerbottle.com\\\/#organization\",\"name\":\"Diller Water Bottle Manufacturer\",\"url\":\"https:\\\/\\\/www.dillerbottle.com\\\/\",\"logo\":{\"@type\":\"ImageObject\",\"inLanguage\":\"es\",\"@id\":\"https:\\\/\\\/www.dillerbottle.com\\\/#\\\/schema\\\/logo\\\/image\\\/\",\"url\":\"https:\\\/\\\/www.dillerbottle.com\\\/wp-content\\\/uploads\\\/2024\\\/09\\\/49918bfa848dcc1e9f8b509933603ac.png\",\"contentUrl\":\"https:\\\/\\\/www.dillerbottle.com\\\/wp-content\\\/uploads\\\/2024\\\/09\\\/49918bfa848dcc1e9f8b509933603ac.png\",\"width\":988,\"height\":198,\"caption\":\"Diller Water Bottle Manufacturer\"},\"image\":{\"@id\":\"https:\\\/\\\/www.dillerbottle.com\\\/#\\\/schema\\\/logo\\\/image\\\/\"}}]}<\/script>\n<!-- \/ Yoast SEO Premium plugin. -->","yoast_head_json":{"title":"Botellas de agua de pl\u00e1stico grandes - Fabricante de botellas de agua Diller","description":"Como uno de los mejores fabricantes y proveedores de botellas de agua de pl\u00e1stico grandes, nos dedicamos a la fabricaci\u00f3n de botellas de agua de buena calidad. Le damos una c\u00e1lida bienvenida para que compre al por mayor o botellas de agua de pl\u00e1stico grandes hechas a medida a un precio competitivo. Tambi\u00e9n aceptamos pedidos de peque\u00f1as cantidades.","robots":{"index":"index","follow":"follow","max-snippet":"max-snippet:-1","max-image-preview":"max-image-preview:large","max-video-preview":"max-video-preview:-1"},"canonical":"https:\/\/www.dillerbottle.com\/es\/productos\/botellas-de-agua-de-plastico-grandes","og_locale":"es_ES","og_type":"article","og_title":"Large Plastic Water Bottles","og_description":"As one of the best large plastic water bottles manufacturers and suppliers, we are engaged in manufacturing good quality water bottles. We warmly welcome you to wholesale or buy custom made large plastic water bottles at competitive price from us. Also, small quantity orders are acceptable.","og_url":"https:\/\/www.dillerbottle.com\/es\/productos\/botellas-de-agua-de-plastico-grandes","og_site_name":"Diller Water Bottle Manufacturer","article_modified_time":"2025-07-09T10:02:17+00:00","og_image":[{"width":730,"height":730,"url":"https:\/\/www.dillerbottle.com\/wp-content\/uploads\/2024\/09\/large-plastic-water-bottles45267022515.jpg","type":"image\/jpeg"}],"twitter_card":"summary_large_image","twitter_misc":{"Tiempo de lectura":"3 minutos"},"schema":{"@context":"https:\/\/schema.org","@graph":[{"@type":"WebPage","@id":"https:\/\/www.dillerbottle.com\/products\/large-plastic-water-bottles","url":"https:\/\/www.dillerbottle.com\/products\/large-plastic-water-bottles","name":"Botellas de agua de pl\u00e1stico grandes - Fabricante de botellas de agua Diller","isPartOf":{"@id":"https:\/\/www.dillerbottle.com\/#website"},"primaryImageOfPage":{"@id":"https:\/\/www.dillerbottle.com\/products\/large-plastic-water-bottles#primaryimage"},"image":{"@id":"https:\/\/www.dillerbottle.com\/products\/large-plastic-water-bottles#primaryimage"},"thumbnailUrl":"https:\/\/www.dillerbottle.com\/wp-content\/uploads\/2024\/09\/large-plastic-water-bottles45267022515.jpg","datePublished":"2024-09-27T10:01:30+00:00","dateModified":"2025-07-09T10:02:17+00:00","description":"Como uno de los mejores fabricantes y proveedores de botellas de agua de pl\u00e1stico grandes, nos dedicamos a la fabricaci\u00f3n de botellas de agua de buena calidad. Le damos una c\u00e1lida bienvenida para que compre al por mayor o botellas de agua de pl\u00e1stico grandes hechas a medida a un precio competitivo. Tambi\u00e9n aceptamos pedidos de peque\u00f1as cantidades.","breadcrumb":{"@id":"https:\/\/www.dillerbottle.com\/products\/large-plastic-water-bottles#breadcrumb"},"inLanguage":"es","potentialAction":[{"@type":"ReadAction","target":["https:\/\/www.dillerbottle.com\/products\/large-plastic-water-bottles"]}]},{"@type":"ImageObject","inLanguage":"es","@id":"https:\/\/www.dillerbottle.com\/products\/large-plastic-water-bottles#primaryimage","url":"https:\/\/www.dillerbottle.com\/wp-content\/uploads\/2024\/09\/large-plastic-water-bottles45267022515.jpg","contentUrl":"https:\/\/www.dillerbottle.com\/wp-content\/uploads\/2024\/09\/large-plastic-water-bottles45267022515.jpg","width":730,"height":730},{"@type":"BreadcrumbList","@id":"https:\/\/www.dillerbottle.com\/products\/large-plastic-water-bottles#breadcrumb","itemListElement":[{"@type":"ListItem","position":1,"name":"Home","item":"https:\/\/www.dillerbottle.com\/"},{"@type":"ListItem","position":2,"name":"Products","item":"https:\/\/www.dillerbottle.com\/shop"},{"@type":"ListItem","position":3,"name":"Large Plastic Water Bottles"}]},{"@type":"WebSite","@id":"https:\/\/www.dillerbottle.com\/#website","url":"https:\/\/www.dillerbottle.com\/","name":"Fabricante de botellas de agua Diller","description":"Fabricante de botellas de agua","publisher":{"@id":"https:\/\/www.dillerbottle.com\/#organization"},"potentialAction":[{"@type":"SearchAction","target":{"@type":"EntryPoint","urlTemplate":"https:\/\/www.dillerbottle.com\/?s={search_term_string}"},"query-input":{"@type":"PropertyValueSpecification","valueRequired":true,"valueName":"search_term_string"}}],"inLanguage":"es"},{"@type":"Organization","@id":"https:\/\/www.dillerbottle.com\/#organization","name":"Fabricante de botellas de agua Diller","url":"https:\/\/www.dillerbottle.com\/","logo":{"@type":"ImageObject","inLanguage":"es","@id":"https:\/\/www.dillerbottle.com\/#\/schema\/logo\/image\/","url":"https:\/\/www.dillerbottle.com\/wp-content\/uploads\/2024\/09\/49918bfa848dcc1e9f8b509933603ac.png","contentUrl":"https:\/\/www.dillerbottle.com\/wp-content\/uploads\/2024\/09\/49918bfa848dcc1e9f8b509933603ac.png","width":988,"height":198,"caption":"Diller Water Bottle Manufacturer"},"image":{"@id":"https:\/\/www.dillerbottle.com\/#\/schema\/logo\/image\/"}}]}},"_links":{"self":[{"href":"https:\/\/www.dillerbottle.com\/es\/wp-json\/wp\/v2\/product\/5780","targetHints":{"allow":["GET"]}}],"collection":[{"href":"https:\/\/www.dillerbottle.com\/es\/wp-json\/wp\/v2\/product"}],"about":[{"href":"https:\/\/www.dillerbottle.com\/es\/wp-json\/wp\/v2\/types\/product"}],"replies":[{"embeddable":true,"href":"https:\/\/www.dillerbottle.com\/es\/wp-json\/wp\/v2\/comments?post=5780"}],"wp:featuredmedia":[{"embeddable":true,"href":"https:\/\/www.dillerbottle.com\/es\/wp-json\/wp\/v2\/media\/5781"}],"wp:attachment":[{"href":"https:\/\/www.dillerbottle.com\/es\/wp-json\/wp\/v2\/media?parent=5780"}],"wp:term":[{"taxonomy":"product_brand","embeddable":true,"href":"https:\/\/www.dillerbottle.com\/es\/wp-json\/wp\/v2\/product_brand?post=5780"},{"taxonomy":"product_cat","embeddable":true,"href":"https:\/\/www.dillerbottle.com\/es\/wp-json\/wp\/v2\/product_cat?post=5780"},{"taxonomy":"product_tag","embeddable":true,"href":"https:\/\/www.dillerbottle.com\/es\/wp-json\/wp\/v2\/product_tag?post=5780"}],"curies":[{"name":"Gracias","href":"https:\/\/api.w.org\/{rel}","templated":true}]}}