{"id":5805,"date":"2024-09-27T18:01:43","date_gmt":"2024-09-27T10:01:43","guid":{"rendered":"https:\/\/demo.dillerbottle.com\/uncategorized\/empty-plastic-water-bottles"},"modified":"2025-07-09T18:03:31","modified_gmt":"2025-07-09T10:03:31","slug":"botellas-de-agua-de-plastico-vacias","status":"publish","type":"product","link":"https:\/\/www.dillerbottle.com\/es\/products\/empty-plastic-water-bottles","title":{"rendered":"Botellas de agua de pl\u00e1stico vac\u00edas"},"content":{"rendered":"<p>Caracter\u00edsticas :<br \/>\n1. La tapa abatible Tritan Sports Bottle te permite tomar un trago r\u00e1pido mientras corres, entrenas o en medio del partido. 100% tapa a prueba de fugas para evitar fugas y derrames. Es una bonita botella de agua deportiva para el gimnasio, yoga, corredores, atletas, MMA, Crossfit, viajes, senderismo, ciclismo, tenis, camping, oficina de trabajo o al aire libre.<\/p>\n<p>2. 100% No t\u00f3xico y libre de BPA: fabricado con pl\u00e1stico de grado alimenticio libre de toxinas de copoli\u00e9ster Eastman Tritan duradero y de alta calidad que puede soportar condiciones dif\u00edciles. Respetuoso con el medio ambiente, reciclable, reutilizable, rellenable e irrompible.<\/p>\n<p>3. La tapa a prueba de derrames con un solo clic se abre f\u00e1cilmente con solo presionar un bot\u00f3n con una mano.<\/p>\n<p>4. La elegante y ergon\u00f3mica botella deportiva Tritan se adapta c\u00f3modamente a la mano y se adapta perfectamente al portavasos o al portabotellas de la bicicleta. Viene en un tama\u00f1o grande de 850 ml o peque\u00f1o de 550 ml, perfecto para la vida en movimiento.<br \/>\n;<br \/>\n;<\/p>","protected":false},"excerpt":{"rendered":"<p>Esta botella de agua de pl\u00e1stico vac\u00eda est\u00e1 hecha de Tritan duradero y materiales de calidad alimentaria.<br \/>\nEl asa sobre la tapa de la taza es m\u00e1s c\u00f3modo de llevar.<br \/>\nLa tapa a prueba de derrames con un solo clic se abre f\u00e1cilmente con solo presionar un bot\u00f3n con una mano.<br \/>\nOEM y ODM aceptables.<br \/>\nPodemos personalizar la botella deportiva de pl\u00e1stico seg\u00fan sus requisitos.<br \/>\n\u00a1Bienvenido a la compra al por mayor, env\u00ede su consulta ahora!<\/p>","protected":false},"featured_media":5806,"comment_status":"open","ping_status":"closed","template":"","meta":{"_acf_changed":false},"product_brand":[],"product_cat":[309],"product_tag":[434,32,36,33,379,31,483,39,420,38,29,37,358,34,416,373,35,28,30],"class_list":{"0":"post-5805","1":"product","2":"type-product","3":"status-publish","4":"has-post-thumbnail","6":"product_cat-plastic-water-bottle","7":"product_tag-1-litre-water-bottle","8":"product_tag-best","9":"product_tag-bulk","10":"product_tag-buy","11":"product_tag-clear-water-bottle-with-straw","12":"product_tag-custom","13":"product_tag-empty-plastic-water-bottles","14":"product_tag-for-sale","15":"product_tag-frosted-square-water-bottles","16":"product_tag-good-quality","17":"product_tag-manufacturers","18":"product_tag-manufacturing","19":"product_tag-plastic-water-bottles-wholesale","20":"product_tag-price","21":"product_tag-quality-water-bottles","22":"product_tag-slim-water-bottle-with-straw","23":"product_tag-small","24":"product_tag-suppliers","25":"product_tag-wholesale","27":"first","28":"instock","29":"shipping-taxable","30":"product-type-simple"},"acf":[],"yoast_head":"<!-- This site is optimized with the Yoast SEO Premium plugin v27.4 (Yoast SEO v27.4) - https:\/\/yoast.com\/product\/yoast-seo-premium-wordpress\/ -->\n<title>Empty Plastic Water Bottles - Diller Water Bottle Manufacturer<\/title>\n<meta name=\"description\" content=\"As one of the best empty plastic water bottles manufacturers and suppliers, we are engaged in manufacturing good quality water bottles. We warmly welcome you to wholesale or buy custom made empty plastic water bottles at competitive price from us. Also, small quantity orders are acceptable.\" \/>\n<meta name=\"robots\" content=\"index, follow, max-snippet:-1, max-image-preview:large, max-video-preview:-1\" \/>\n<link rel=\"canonical\" href=\"https:\/\/www.dillerbottle.com\/es\/productos\/botellas-de-agua-de-plastico-vacias\" \/>\n<meta property=\"og:locale\" content=\"es_ES\" \/>\n<meta property=\"og:type\" content=\"article\" \/>\n<meta property=\"og:title\" content=\"Empty Plastic Water Bottles\" \/>\n<meta property=\"og:description\" content=\"As one of the best empty plastic water bottles manufacturers and suppliers, we are engaged in manufacturing good quality water bottles. We warmly welcome you to wholesale or buy custom made empty plastic water bottles at competitive price from us. Also, small quantity orders are acceptable.\" \/>\n<meta property=\"og:url\" content=\"https:\/\/www.dillerbottle.com\/es\/productos\/botellas-de-agua-de-plastico-vacias\" \/>\n<meta property=\"og:site_name\" content=\"Diller Water Bottle Manufacturer\" \/>\n<meta property=\"article:modified_time\" content=\"2025-07-09T10:03:31+00:00\" \/>\n<meta property=\"og:image\" content=\"https:\/\/www.dillerbottle.com\/wp-content\/uploads\/2024\/09\/empty-plastic-water-bottles44566.jpg\" \/>\n\t<meta property=\"og:image:width\" content=\"730\" \/>\n\t<meta property=\"og:image:height\" content=\"730\" \/>\n\t<meta property=\"og:image:type\" content=\"image\/jpeg\" \/>\n<meta name=\"twitter:card\" content=\"summary_large_image\" \/>\n<meta name=\"twitter:label1\" content=\"Tiempo de lectura\" \/>\n\t<meta name=\"twitter:data1\" content=\"6 minutos\" \/>\n<script type=\"application\/ld+json\" class=\"yoast-schema-graph\">{\"@context\":\"https:\\\/\\\/schema.org\",\"@graph\":[{\"@type\":\"WebPage\",\"@id\":\"https:\\\/\\\/www.dillerbottle.com\\\/ru\\\/%d0%bf%d1%80%d0%be%d0%b4%d1%83%d0%ba%d1%82%d1%8b\\\/%d0%bf%d1%83%d1%81%d1%82%d1%8b%d0%b5-%d0%bf%d0%bb%d0%b0%d1%81%d1%82%d0%b8%d0%ba%d0%be%d0%b2%d1%8b%d0%b5-%d0%b1%d1%83%d1%82%d1%8b%d0%bb%d0%ba%d0%b8-%d0%b8%d0%b7-%d0%bf%d0%be%d0%b4-%d0%b2%d0%be%d0%b4\",\"url\":\"https:\\\/\\\/www.dillerbottle.com\\\/ru\\\/%d0%bf%d1%80%d0%be%d0%b4%d1%83%d0%ba%d1%82%d1%8b\\\/%d0%bf%d1%83%d1%81%d1%82%d1%8b%d0%b5-%d0%bf%d0%bb%d0%b0%d1%81%d1%82%d0%b8%d0%ba%d0%be%d0%b2%d1%8b%d0%b5-%d0%b1%d1%83%d1%82%d1%8b%d0%bb%d0%ba%d0%b8-%d0%b8%d0%b7-%d0%bf%d0%be%d0%b4-%d0%b2%d0%be%d0%b4\",\"name\":\"Empty Plastic Water Bottles - Diller Water Bottle Manufacturer\",\"isPartOf\":{\"@id\":\"https:\\\/\\\/www.dillerbottle.com\\\/#website\"},\"primaryImageOfPage\":{\"@id\":\"https:\\\/\\\/www.dillerbottle.com\\\/ru\\\/%d0%bf%d1%80%d0%be%d0%b4%d1%83%d0%ba%d1%82%d1%8b\\\/%d0%bf%d1%83%d1%81%d1%82%d1%8b%d0%b5-%d0%bf%d0%bb%d0%b0%d1%81%d1%82%d0%b8%d0%ba%d0%be%d0%b2%d1%8b%d0%b5-%d0%b1%d1%83%d1%82%d1%8b%d0%bb%d0%ba%d0%b8-%d0%b8%d0%b7-%d0%bf%d0%be%d0%b4-%d0%b2%d0%be%d0%b4#primaryimage\"},\"image\":{\"@id\":\"https:\\\/\\\/www.dillerbottle.com\\\/ru\\\/%d0%bf%d1%80%d0%be%d0%b4%d1%83%d0%ba%d1%82%d1%8b\\\/%d0%bf%d1%83%d1%81%d1%82%d1%8b%d0%b5-%d0%bf%d0%bb%d0%b0%d1%81%d1%82%d0%b8%d0%ba%d0%be%d0%b2%d1%8b%d0%b5-%d0%b1%d1%83%d1%82%d1%8b%d0%bb%d0%ba%d0%b8-%d0%b8%d0%b7-%d0%bf%d0%be%d0%b4-%d0%b2%d0%be%d0%b4#primaryimage\"},\"thumbnailUrl\":\"https:\\\/\\\/www.dillerbottle.com\\\/wp-content\\\/uploads\\\/2024\\\/09\\\/empty-plastic-water-bottles44566.jpg\",\"datePublished\":\"2024-09-27T10:01:43+00:00\",\"dateModified\":\"2025-07-09T10:03:31+00:00\",\"description\":\"As one of the best empty plastic water bottles manufacturers and suppliers, we are engaged in manufacturing good quality water bottles. We warmly welcome you to wholesale or buy custom made empty plastic water bottles at competitive price from us. Also, small quantity orders are acceptable.\",\"breadcrumb\":{\"@id\":\"https:\\\/\\\/www.dillerbottle.com\\\/ru\\\/%d0%bf%d1%80%d0%be%d0%b4%d1%83%d0%ba%d1%82%d1%8b\\\/%d0%bf%d1%83%d1%81%d1%82%d1%8b%d0%b5-%d0%bf%d0%bb%d0%b0%d1%81%d1%82%d0%b8%d0%ba%d0%be%d0%b2%d1%8b%d0%b5-%d0%b1%d1%83%d1%82%d1%8b%d0%bb%d0%ba%d0%b8-%d0%b8%d0%b7-%d0%bf%d0%be%d0%b4-%d0%b2%d0%be%d0%b4#breadcrumb\"},\"inLanguage\":\"es\",\"potentialAction\":[{\"@type\":\"ReadAction\",\"target\":[\"https:\\\/\\\/www.dillerbottle.com\\\/ru\\\/%d0%bf%d1%80%d0%be%d0%b4%d1%83%d0%ba%d1%82%d1%8b\\\/%d0%bf%d1%83%d1%81%d1%82%d1%8b%d0%b5-%d0%bf%d0%bb%d0%b0%d1%81%d1%82%d0%b8%d0%ba%d0%be%d0%b2%d1%8b%d0%b5-%d0%b1%d1%83%d1%82%d1%8b%d0%bb%d0%ba%d0%b8-%d0%b8%d0%b7-%d0%bf%d0%be%d0%b4-%d0%b2%d0%be%d0%b4\"]}]},{\"@type\":\"ImageObject\",\"inLanguage\":\"es\",\"@id\":\"https:\\\/\\\/www.dillerbottle.com\\\/ru\\\/%d0%bf%d1%80%d0%be%d0%b4%d1%83%d0%ba%d1%82%d1%8b\\\/%d0%bf%d1%83%d1%81%d1%82%d1%8b%d0%b5-%d0%bf%d0%bb%d0%b0%d1%81%d1%82%d0%b8%d0%ba%d0%be%d0%b2%d1%8b%d0%b5-%d0%b1%d1%83%d1%82%d1%8b%d0%bb%d0%ba%d0%b8-%d0%b8%d0%b7-%d0%bf%d0%be%d0%b4-%d0%b2%d0%be%d0%b4#primaryimage\",\"url\":\"https:\\\/\\\/www.dillerbottle.com\\\/wp-content\\\/uploads\\\/2024\\\/09\\\/empty-plastic-water-bottles44566.jpg\",\"contentUrl\":\"https:\\\/\\\/www.dillerbottle.com\\\/wp-content\\\/uploads\\\/2024\\\/09\\\/empty-plastic-water-bottles44566.jpg\",\"width\":730,\"height\":730},{\"@type\":\"BreadcrumbList\",\"@id\":\"https:\\\/\\\/www.dillerbottle.com\\\/ru\\\/%d0%bf%d1%80%d0%be%d0%b4%d1%83%d0%ba%d1%82%d1%8b\\\/%d0%bf%d1%83%d1%81%d1%82%d1%8b%d0%b5-%d0%bf%d0%bb%d0%b0%d1%81%d1%82%d0%b8%d0%ba%d0%be%d0%b2%d1%8b%d0%b5-%d0%b1%d1%83%d1%82%d1%8b%d0%bb%d0%ba%d0%b8-%d0%b8%d0%b7-%d0%bf%d0%be%d0%b4-%d0%b2%d0%be%d0%b4#breadcrumb\",\"itemListElement\":[{\"@type\":\"ListItem\",\"position\":1,\"name\":\"Home\",\"item\":\"https:\\\/\\\/www.dillerbottle.com\\\/\"},{\"@type\":\"ListItem\",\"position\":2,\"name\":\"Products\",\"item\":\"https:\\\/\\\/www.dillerbottle.com\\\/shop\"},{\"@type\":\"ListItem\",\"position\":3,\"name\":\"Empty Plastic Water Bottles\"}]},{\"@type\":\"WebSite\",\"@id\":\"https:\\\/\\\/www.dillerbottle.com\\\/#website\",\"url\":\"https:\\\/\\\/www.dillerbottle.com\\\/\",\"name\":\"Diller Water Bottle Manufacturer\",\"description\":\"Water Bottle Manufacturer\",\"publisher\":{\"@id\":\"https:\\\/\\\/www.dillerbottle.com\\\/#organization\"},\"potentialAction\":[{\"@type\":\"SearchAction\",\"target\":{\"@type\":\"EntryPoint\",\"urlTemplate\":\"https:\\\/\\\/www.dillerbottle.com\\\/?s={search_term_string}\"},\"query-input\":{\"@type\":\"PropertyValueSpecification\",\"valueRequired\":true,\"valueName\":\"search_term_string\"}}],\"inLanguage\":\"es\"},{\"@type\":\"Organization\",\"@id\":\"https:\\\/\\\/www.dillerbottle.com\\\/#organization\",\"name\":\"Diller Water Bottle Manufacturer\",\"url\":\"https:\\\/\\\/www.dillerbottle.com\\\/\",\"logo\":{\"@type\":\"ImageObject\",\"inLanguage\":\"es\",\"@id\":\"https:\\\/\\\/www.dillerbottle.com\\\/#\\\/schema\\\/logo\\\/image\\\/\",\"url\":\"https:\\\/\\\/www.dillerbottle.com\\\/wp-content\\\/uploads\\\/2024\\\/09\\\/49918bfa848dcc1e9f8b509933603ac.png\",\"contentUrl\":\"https:\\\/\\\/www.dillerbottle.com\\\/wp-content\\\/uploads\\\/2024\\\/09\\\/49918bfa848dcc1e9f8b509933603ac.png\",\"width\":988,\"height\":198,\"caption\":\"Diller Water Bottle Manufacturer\"},\"image\":{\"@id\":\"https:\\\/\\\/www.dillerbottle.com\\\/#\\\/schema\\\/logo\\\/image\\\/\"}}]}<\/script>\n<!-- \/ Yoast SEO Premium plugin. -->","yoast_head_json":{"title":"Botellas de agua de pl\u00e1stico vac\u00edas - Fabricante de botellas de agua Diller","description":"Como uno de los mejores fabricantes y proveedores de botellas de agua de pl\u00e1stico vac\u00edas, nos dedicamos a la fabricaci\u00f3n de botellas de agua de buena calidad. Le damos una c\u00e1lida bienvenida para que compre al por mayor o botellas de agua de pl\u00e1stico vac\u00edas hechas a medida a un precio competitivo. Adem\u00e1s, aceptamos pedidos de peque\u00f1as cantidades.","robots":{"index":"index","follow":"follow","max-snippet":"max-snippet:-1","max-image-preview":"max-image-preview:large","max-video-preview":"max-video-preview:-1"},"canonical":"https:\/\/www.dillerbottle.com\/es\/productos\/botellas-de-agua-de-plastico-vacias","og_locale":"es_ES","og_type":"article","og_title":"Empty Plastic Water Bottles","og_description":"As one of the best empty plastic water bottles manufacturers and suppliers, we are engaged in manufacturing good quality water bottles. We warmly welcome you to wholesale or buy custom made empty plastic water bottles at competitive price from us. Also, small quantity orders are acceptable.","og_url":"https:\/\/www.dillerbottle.com\/es\/productos\/botellas-de-agua-de-plastico-vacias","og_site_name":"Diller Water Bottle Manufacturer","article_modified_time":"2025-07-09T10:03:31+00:00","og_image":[{"width":730,"height":730,"url":"https:\/\/www.dillerbottle.com\/wp-content\/uploads\/2024\/09\/empty-plastic-water-bottles44566.jpg","type":"image\/jpeg"}],"twitter_card":"summary_large_image","twitter_misc":{"Tiempo de lectura":"6 minutos"},"schema":{"@context":"https:\/\/schema.org","@graph":[{"@type":"WebPage","@id":"https:\/\/www.dillerbottle.com\/ru\/%d0%bf%d1%80%d0%be%d0%b4%d1%83%d0%ba%d1%82%d1%8b\/%d0%bf%d1%83%d1%81%d1%82%d1%8b%d0%b5-%d0%bf%d0%bb%d0%b0%d1%81%d1%82%d0%b8%d0%ba%d0%be%d0%b2%d1%8b%d0%b5-%d0%b1%d1%83%d1%82%d1%8b%d0%bb%d0%ba%d0%b8-%d0%b8%d0%b7-%d0%bf%d0%be%d0%b4-%d0%b2%d0%be%d0%b4","url":"https:\/\/www.dillerbottle.com\/ru\/%d0%bf%d1%80%d0%be%d0%b4%d1%83%d0%ba%d1%82%d1%8b\/%d0%bf%d1%83%d1%81%d1%82%d1%8b%d0%b5-%d0%bf%d0%bb%d0%b0%d1%81%d1%82%d0%b8%d0%ba%d0%be%d0%b2%d1%8b%d0%b5-%d0%b1%d1%83%d1%82%d1%8b%d0%bb%d0%ba%d0%b8-%d0%b8%d0%b7-%d0%bf%d0%be%d0%b4-%d0%b2%d0%be%d0%b4","name":"Botellas de agua de pl\u00e1stico vac\u00edas - Fabricante de botellas de agua Diller","isPartOf":{"@id":"https:\/\/www.dillerbottle.com\/#website"},"primaryImageOfPage":{"@id":"https:\/\/www.dillerbottle.com\/ru\/%d0%bf%d1%80%d0%be%d0%b4%d1%83%d0%ba%d1%82%d1%8b\/%d0%bf%d1%83%d1%81%d1%82%d1%8b%d0%b5-%d0%bf%d0%bb%d0%b0%d1%81%d1%82%d0%b8%d0%ba%d0%be%d0%b2%d1%8b%d0%b5-%d0%b1%d1%83%d1%82%d1%8b%d0%bb%d0%ba%d0%b8-%d0%b8%d0%b7-%d0%bf%d0%be%d0%b4-%d0%b2%d0%be%d0%b4#primaryimage"},"image":{"@id":"https:\/\/www.dillerbottle.com\/ru\/%d0%bf%d1%80%d0%be%d0%b4%d1%83%d0%ba%d1%82%d1%8b\/%d0%bf%d1%83%d1%81%d1%82%d1%8b%d0%b5-%d0%bf%d0%bb%d0%b0%d1%81%d1%82%d0%b8%d0%ba%d0%be%d0%b2%d1%8b%d0%b5-%d0%b1%d1%83%d1%82%d1%8b%d0%bb%d0%ba%d0%b8-%d0%b8%d0%b7-%d0%bf%d0%be%d0%b4-%d0%b2%d0%be%d0%b4#primaryimage"},"thumbnailUrl":"https:\/\/www.dillerbottle.com\/wp-content\/uploads\/2024\/09\/empty-plastic-water-bottles44566.jpg","datePublished":"2024-09-27T10:01:43+00:00","dateModified":"2025-07-09T10:03:31+00:00","description":"Como uno de los mejores fabricantes y proveedores de botellas de agua de pl\u00e1stico vac\u00edas, nos dedicamos a la fabricaci\u00f3n de botellas de agua de buena calidad. Le damos una c\u00e1lida bienvenida para que compre al por mayor o botellas de agua de pl\u00e1stico vac\u00edas hechas a medida a un precio competitivo. Adem\u00e1s, aceptamos pedidos de peque\u00f1as cantidades.","breadcrumb":{"@id":"https:\/\/www.dillerbottle.com\/ru\/%d0%bf%d1%80%d0%be%d0%b4%d1%83%d0%ba%d1%82%d1%8b\/%d0%bf%d1%83%d1%81%d1%82%d1%8b%d0%b5-%d0%bf%d0%bb%d0%b0%d1%81%d1%82%d0%b8%d0%ba%d0%be%d0%b2%d1%8b%d0%b5-%d0%b1%d1%83%d1%82%d1%8b%d0%bb%d0%ba%d0%b8-%d0%b8%d0%b7-%d0%bf%d0%be%d0%b4-%d0%b2%d0%be%d0%b4#breadcrumb"},"inLanguage":"es","potentialAction":[{"@type":"ReadAction","target":["https:\/\/www.dillerbottle.com\/ru\/%d0%bf%d1%80%d0%be%d0%b4%d1%83%d0%ba%d1%82%d1%8b\/%d0%bf%d1%83%d1%81%d1%82%d1%8b%d0%b5-%d0%bf%d0%bb%d0%b0%d1%81%d1%82%d0%b8%d0%ba%d0%be%d0%b2%d1%8b%d0%b5-%d0%b1%d1%83%d1%82%d1%8b%d0%bb%d0%ba%d0%b8-%d0%b8%d0%b7-%d0%bf%d0%be%d0%b4-%d0%b2%d0%be%d0%b4"]}]},{"@type":"ImageObject","inLanguage":"es","@id":"https:\/\/www.dillerbottle.com\/ru\/%d0%bf%d1%80%d0%be%d0%b4%d1%83%d0%ba%d1%82%d1%8b\/%d0%bf%d1%83%d1%81%d1%82%d1%8b%d0%b5-%d0%bf%d0%bb%d0%b0%d1%81%d1%82%d0%b8%d0%ba%d0%be%d0%b2%d1%8b%d0%b5-%d0%b1%d1%83%d1%82%d1%8b%d0%bb%d0%ba%d0%b8-%d0%b8%d0%b7-%d0%bf%d0%be%d0%b4-%d0%b2%d0%be%d0%b4#primaryimage","url":"https:\/\/www.dillerbottle.com\/wp-content\/uploads\/2024\/09\/empty-plastic-water-bottles44566.jpg","contentUrl":"https:\/\/www.dillerbottle.com\/wp-content\/uploads\/2024\/09\/empty-plastic-water-bottles44566.jpg","width":730,"height":730},{"@type":"BreadcrumbList","@id":"https:\/\/www.dillerbottle.com\/ru\/%d0%bf%d1%80%d0%be%d0%b4%d1%83%d0%ba%d1%82%d1%8b\/%d0%bf%d1%83%d1%81%d1%82%d1%8b%d0%b5-%d0%bf%d0%bb%d0%b0%d1%81%d1%82%d0%b8%d0%ba%d0%be%d0%b2%d1%8b%d0%b5-%d0%b1%d1%83%d1%82%d1%8b%d0%bb%d0%ba%d0%b8-%d0%b8%d0%b7-%d0%bf%d0%be%d0%b4-%d0%b2%d0%be%d0%b4#breadcrumb","itemListElement":[{"@type":"ListItem","position":1,"name":"Home","item":"https:\/\/www.dillerbottle.com\/"},{"@type":"ListItem","position":2,"name":"Products","item":"https:\/\/www.dillerbottle.com\/shop"},{"@type":"ListItem","position":3,"name":"Empty Plastic Water Bottles"}]},{"@type":"WebSite","@id":"https:\/\/www.dillerbottle.com\/#website","url":"https:\/\/www.dillerbottle.com\/","name":"Fabricante de botellas de agua Diller","description":"Fabricante de botellas de agua","publisher":{"@id":"https:\/\/www.dillerbottle.com\/#organization"},"potentialAction":[{"@type":"SearchAction","target":{"@type":"EntryPoint","urlTemplate":"https:\/\/www.dillerbottle.com\/?s={search_term_string}"},"query-input":{"@type":"PropertyValueSpecification","valueRequired":true,"valueName":"search_term_string"}}],"inLanguage":"es"},{"@type":"Organization","@id":"https:\/\/www.dillerbottle.com\/#organization","name":"Fabricante de botellas de agua Diller","url":"https:\/\/www.dillerbottle.com\/","logo":{"@type":"ImageObject","inLanguage":"es","@id":"https:\/\/www.dillerbottle.com\/#\/schema\/logo\/image\/","url":"https:\/\/www.dillerbottle.com\/wp-content\/uploads\/2024\/09\/49918bfa848dcc1e9f8b509933603ac.png","contentUrl":"https:\/\/www.dillerbottle.com\/wp-content\/uploads\/2024\/09\/49918bfa848dcc1e9f8b509933603ac.png","width":988,"height":198,"caption":"Diller Water Bottle Manufacturer"},"image":{"@id":"https:\/\/www.dillerbottle.com\/#\/schema\/logo\/image\/"}}]}},"_links":{"self":[{"href":"https:\/\/www.dillerbottle.com\/es\/wp-json\/wp\/v2\/product\/5805","targetHints":{"allow":["GET"]}}],"collection":[{"href":"https:\/\/www.dillerbottle.com\/es\/wp-json\/wp\/v2\/product"}],"about":[{"href":"https:\/\/www.dillerbottle.com\/es\/wp-json\/wp\/v2\/types\/product"}],"replies":[{"embeddable":true,"href":"https:\/\/www.dillerbottle.com\/es\/wp-json\/wp\/v2\/comments?post=5805"}],"wp:featuredmedia":[{"embeddable":true,"href":"https:\/\/www.dillerbottle.com\/es\/wp-json\/wp\/v2\/media\/5806"}],"wp:attachment":[{"href":"https:\/\/www.dillerbottle.com\/es\/wp-json\/wp\/v2\/media?parent=5805"}],"wp:term":[{"taxonomy":"product_brand","embeddable":true,"href":"https:\/\/www.dillerbottle.com\/es\/wp-json\/wp\/v2\/product_brand?post=5805"},{"taxonomy":"product_cat","embeddable":true,"href":"https:\/\/www.dillerbottle.com\/es\/wp-json\/wp\/v2\/product_cat?post=5805"},{"taxonomy":"product_tag","embeddable":true,"href":"https:\/\/www.dillerbottle.com\/es\/wp-json\/wp\/v2\/product_tag?post=5805"}],"curies":[{"name":"Gracias","href":"https:\/\/api.w.org\/{rel}","templated":true}]}}