{"id":5837,"date":"2024-09-27T18:02:07","date_gmt":"2024-09-27T10:02:07","guid":{"rendered":"https:\/\/demo.dillerbottle.com\/uncategorized\/food-grade-plastic-water-bottles"},"modified":"2025-07-09T18:02:04","modified_gmt":"2025-07-09T10:02:04","slug":"botellas-de-agua-de-plastico-de-calidad-alimentaria","status":"publish","type":"product","link":"https:\/\/www.dillerbottle.com\/es\/products\/food-grade-plastic-water-bottles","title":{"rendered":"Botellas de agua de pl\u00e1stico de calidad alimentaria"},"content":{"rendered":"<p>Caracter\u00edsticas:<\/p>\n<p>1. Esta botella de agua de pl\u00e1stico est\u00e1 hecha de material Tritan de grado alimenticio, libre de BPA, no t\u00f3xico y fuerte resistencia al impacto.<\/p>\n<p>2. La botella de agua tiene un infusor de t\u00e9 grande que se puede utilizar para preparar t\u00e9 de frutas o t\u00e9 de flores.<\/p>\n<p>3. Cuerda de nailon port\u00e1til, f\u00e1cil de transportar. Ideal para compartir o para llevar.<\/p>\n<p>4. La boca ancha facilita la limpieza y la adici\u00f3n de cubitos de hielo, lo que permite preparar diversas bebidas.<\/p>\n<p>5. La pajita est\u00e1 equipada con una tapa que es a prueba de polvo y fugas.<\/p>\n<p>OEM y ODM aceptables.<br \/>\nPodemos personalizar la botella para beber seg\u00fan sus requisitos.<br \/>\n\u00a1Bienvenido a la compra al por mayor, env\u00ede su consulta ahora!<\/p>","protected":false},"excerpt":{"rendered":"<p>Esta botella de agua de pl\u00e1stico est\u00e1 hecha de material Tritan de grado alimenticio, libre de BPA, no t\u00f3xico y fuerte resistencia al impacto.<br \/>\nLa botella de agua tiene un infusor de t\u00e9 grande que se puede utilizar para preparar t\u00e9 de frutas o t\u00e9 de flores.<br \/>\nCuerda de nailon port\u00e1til, f\u00e1cil de llevar. Ideal para compartir o para llevar.<br \/>\nLa boca ancha facilita la limpieza y la adici\u00f3n de cubitos de hielo, lo que permite preparar diversas bebidas.<br \/>\nLa pajita est\u00e1 equipada con una tapa que es a prueba de polvo y fugas.<br \/>\nOEM y ODM aceptables.<\/p>","protected":false},"featured_media":15919,"comment_status":"open","ping_status":"closed","template":"","meta":{"_acf_changed":false},"product_brand":[],"product_cat":[309],"product_tag":[422,366,32,36,33,31,403,485,39,38,29,37,34,322,35,28,370,345,30],"class_list":{"0":"post-5837","1":"product","2":"type-product","3":"status-publish","4":"has-post-thumbnail","6":"product_cat-plastic-water-bottle","7":"product_tag-1100-litle-water-bottle","8":"product_tag-500ml-plastic-water-bottle","9":"product_tag-best","10":"product_tag-bulk","11":"product_tag-buy","12":"product_tag-custom","13":"product_tag-custom-branded-water-bottle","14":"product_tag-food-grade-plastic-water-bottles","15":"product_tag-for-sale","16":"product_tag-good-quality","17":"product_tag-manufacturers","18":"product_tag-manufacturing","19":"product_tag-price","20":"product_tag-slim-plastic-water-bottle","21":"product_tag-small","22":"product_tag-suppliers","23":"product_tag-tritan-bpa-free-fitness-sports-water-bottles","24":"product_tag-water-bottle-2-litre","25":"product_tag-wholesale","27":"first","28":"instock","29":"shipping-taxable","30":"product-type-simple"},"acf":[],"yoast_head":"<!-- This site is optimized with the Yoast SEO Premium plugin v27.5 (Yoast SEO v27.5) - https:\/\/yoast.com\/product\/yoast-seo-premium-wordpress\/ -->\n<title>Food Grade Plastic Water Bottles - Diller Water Bottle Manufacturer<\/title>\n<meta name=\"description\" content=\"As one of the best food grade plastic water bottles manufacturers and suppliers, we are engaged in manufacturing good quality water bottles. We warmly welcome you to wholesale or buy custom made food grade plastic water bottles at competitive price from us. Also, small quantity orders are acceptable.\" \/>\n<meta name=\"robots\" content=\"index, follow, max-snippet:-1, max-image-preview:large, max-video-preview:-1\" \/>\n<link rel=\"canonical\" href=\"https:\/\/www.dillerbottle.com\/es\/productos\/botellas-de-agua-de-plastico-de-calidad-alimentaria\" \/>\n<meta property=\"og:locale\" content=\"es_ES\" \/>\n<meta property=\"og:type\" content=\"article\" \/>\n<meta property=\"og:title\" content=\"Food Grade Plastic Water Bottles\" \/>\n<meta property=\"og:description\" content=\"As one of the best food grade plastic water bottles manufacturers and suppliers, we are engaged in manufacturing good quality water bottles. We warmly welcome you to wholesale or buy custom made food grade plastic water bottles at competitive price from us. Also, small quantity orders are acceptable.\" \/>\n<meta property=\"og:url\" content=\"https:\/\/www.dillerbottle.com\/es\/productos\/botellas-de-agua-de-plastico-de-calidad-alimentaria\" \/>\n<meta property=\"og:site_name\" content=\"Diller Water Bottle Manufacturer\" \/>\n<meta property=\"article:modified_time\" content=\"2025-07-09T10:02:04+00:00\" \/>\n<meta property=\"og:image\" content=\"https:\/\/www.dillerbottle.com\/wp-content\/uploads\/2024\/09\/food-grade-plastic-water-bottles-pink.jpg\" \/>\n\t<meta property=\"og:image:width\" content=\"800\" \/>\n\t<meta property=\"og:image:height\" content=\"800\" \/>\n\t<meta property=\"og:image:type\" content=\"image\/jpeg\" \/>\n<meta name=\"twitter:card\" content=\"summary_large_image\" \/>\n<meta name=\"twitter:label1\" content=\"Tiempo de lectura\" \/>\n\t<meta name=\"twitter:data1\" content=\"3 minutos\" \/>\n<script type=\"application\/ld+json\" class=\"yoast-schema-graph\">{\"@context\":\"https:\\\/\\\/schema.org\",\"@graph\":[{\"@type\":\"WebPage\",\"@id\":\"https:\\\/\\\/www.dillerbottle.com\\\/th\\\/%e0%b8%aa%e0%b8%b4%e0%b8%99%e0%b8%84%e0%b9%89%e0%b8%b2\\\/%e0%b8%82%e0%b8%a7%e0%b8%94%e0%b8%99%e0%b9%89%e0%b8%b3%e0%b8%9e%e0%b8%a5%e0%b8%b2%e0%b8%aa%e0%b8%95%e0%b8%b4%e0%b8%81%e0%b9%80%e0%b8%81%e0%b8%a3%e0%b8%94%e0%b8%ad%e0%b8%b2%e0%b8%ab%e0%b8%b2%e0%b8%a3\",\"url\":\"https:\\\/\\\/www.dillerbottle.com\\\/th\\\/%e0%b8%aa%e0%b8%b4%e0%b8%99%e0%b8%84%e0%b9%89%e0%b8%b2\\\/%e0%b8%82%e0%b8%a7%e0%b8%94%e0%b8%99%e0%b9%89%e0%b8%b3%e0%b8%9e%e0%b8%a5%e0%b8%b2%e0%b8%aa%e0%b8%95%e0%b8%b4%e0%b8%81%e0%b9%80%e0%b8%81%e0%b8%a3%e0%b8%94%e0%b8%ad%e0%b8%b2%e0%b8%ab%e0%b8%b2%e0%b8%a3\",\"name\":\"Food Grade Plastic Water Bottles - Diller Water Bottle Manufacturer\",\"isPartOf\":{\"@id\":\"https:\\\/\\\/www.dillerbottle.com\\\/#website\"},\"primaryImageOfPage\":{\"@id\":\"https:\\\/\\\/www.dillerbottle.com\\\/th\\\/%e0%b8%aa%e0%b8%b4%e0%b8%99%e0%b8%84%e0%b9%89%e0%b8%b2\\\/%e0%b8%82%e0%b8%a7%e0%b8%94%e0%b8%99%e0%b9%89%e0%b8%b3%e0%b8%9e%e0%b8%a5%e0%b8%b2%e0%b8%aa%e0%b8%95%e0%b8%b4%e0%b8%81%e0%b9%80%e0%b8%81%e0%b8%a3%e0%b8%94%e0%b8%ad%e0%b8%b2%e0%b8%ab%e0%b8%b2%e0%b8%a3#primaryimage\"},\"image\":{\"@id\":\"https:\\\/\\\/www.dillerbottle.com\\\/th\\\/%e0%b8%aa%e0%b8%b4%e0%b8%99%e0%b8%84%e0%b9%89%e0%b8%b2\\\/%e0%b8%82%e0%b8%a7%e0%b8%94%e0%b8%99%e0%b9%89%e0%b8%b3%e0%b8%9e%e0%b8%a5%e0%b8%b2%e0%b8%aa%e0%b8%95%e0%b8%b4%e0%b8%81%e0%b9%80%e0%b8%81%e0%b8%a3%e0%b8%94%e0%b8%ad%e0%b8%b2%e0%b8%ab%e0%b8%b2%e0%b8%a3#primaryimage\"},\"thumbnailUrl\":\"https:\\\/\\\/www.dillerbottle.com\\\/wp-content\\\/uploads\\\/2024\\\/09\\\/food-grade-plastic-water-bottles-pink.jpg\",\"datePublished\":\"2024-09-27T10:02:07+00:00\",\"dateModified\":\"2025-07-09T10:02:04+00:00\",\"description\":\"As one of the best food grade plastic water bottles manufacturers and suppliers, we are engaged in manufacturing good quality water bottles. We warmly welcome you to wholesale or buy custom made food grade plastic water bottles at competitive price from us. Also, small quantity orders are acceptable.\",\"breadcrumb\":{\"@id\":\"https:\\\/\\\/www.dillerbottle.com\\\/th\\\/%e0%b8%aa%e0%b8%b4%e0%b8%99%e0%b8%84%e0%b9%89%e0%b8%b2\\\/%e0%b8%82%e0%b8%a7%e0%b8%94%e0%b8%99%e0%b9%89%e0%b8%b3%e0%b8%9e%e0%b8%a5%e0%b8%b2%e0%b8%aa%e0%b8%95%e0%b8%b4%e0%b8%81%e0%b9%80%e0%b8%81%e0%b8%a3%e0%b8%94%e0%b8%ad%e0%b8%b2%e0%b8%ab%e0%b8%b2%e0%b8%a3#breadcrumb\"},\"inLanguage\":\"es\",\"potentialAction\":[{\"@type\":\"ReadAction\",\"target\":[\"https:\\\/\\\/www.dillerbottle.com\\\/th\\\/%e0%b8%aa%e0%b8%b4%e0%b8%99%e0%b8%84%e0%b9%89%e0%b8%b2\\\/%e0%b8%82%e0%b8%a7%e0%b8%94%e0%b8%99%e0%b9%89%e0%b8%b3%e0%b8%9e%e0%b8%a5%e0%b8%b2%e0%b8%aa%e0%b8%95%e0%b8%b4%e0%b8%81%e0%b9%80%e0%b8%81%e0%b8%a3%e0%b8%94%e0%b8%ad%e0%b8%b2%e0%b8%ab%e0%b8%b2%e0%b8%a3\"]}]},{\"@type\":\"ImageObject\",\"inLanguage\":\"es\",\"@id\":\"https:\\\/\\\/www.dillerbottle.com\\\/th\\\/%e0%b8%aa%e0%b8%b4%e0%b8%99%e0%b8%84%e0%b9%89%e0%b8%b2\\\/%e0%b8%82%e0%b8%a7%e0%b8%94%e0%b8%99%e0%b9%89%e0%b8%b3%e0%b8%9e%e0%b8%a5%e0%b8%b2%e0%b8%aa%e0%b8%95%e0%b8%b4%e0%b8%81%e0%b9%80%e0%b8%81%e0%b8%a3%e0%b8%94%e0%b8%ad%e0%b8%b2%e0%b8%ab%e0%b8%b2%e0%b8%a3#primaryimage\",\"url\":\"https:\\\/\\\/www.dillerbottle.com\\\/wp-content\\\/uploads\\\/2024\\\/09\\\/food-grade-plastic-water-bottles-pink.jpg\",\"contentUrl\":\"https:\\\/\\\/www.dillerbottle.com\\\/wp-content\\\/uploads\\\/2024\\\/09\\\/food-grade-plastic-water-bottles-pink.jpg\",\"width\":800,\"height\":800},{\"@type\":\"BreadcrumbList\",\"@id\":\"https:\\\/\\\/www.dillerbottle.com\\\/th\\\/%e0%b8%aa%e0%b8%b4%e0%b8%99%e0%b8%84%e0%b9%89%e0%b8%b2\\\/%e0%b8%82%e0%b8%a7%e0%b8%94%e0%b8%99%e0%b9%89%e0%b8%b3%e0%b8%9e%e0%b8%a5%e0%b8%b2%e0%b8%aa%e0%b8%95%e0%b8%b4%e0%b8%81%e0%b9%80%e0%b8%81%e0%b8%a3%e0%b8%94%e0%b8%ad%e0%b8%b2%e0%b8%ab%e0%b8%b2%e0%b8%a3#breadcrumb\",\"itemListElement\":[{\"@type\":\"ListItem\",\"position\":1,\"name\":\"Home\",\"item\":\"https:\\\/\\\/www.dillerbottle.com\\\/\"},{\"@type\":\"ListItem\",\"position\":2,\"name\":\"Products\",\"item\":\"https:\\\/\\\/www.dillerbottle.com\\\/shop\"},{\"@type\":\"ListItem\",\"position\":3,\"name\":\"Food Grade Plastic Water Bottles\"}]},{\"@type\":\"WebSite\",\"@id\":\"https:\\\/\\\/www.dillerbottle.com\\\/#website\",\"url\":\"https:\\\/\\\/www.dillerbottle.com\\\/\",\"name\":\"Diller Water Bottle Manufacturer\",\"description\":\"Water Bottle Manufacturer\",\"publisher\":{\"@id\":\"https:\\\/\\\/www.dillerbottle.com\\\/#organization\"},\"potentialAction\":[{\"@type\":\"SearchAction\",\"target\":{\"@type\":\"EntryPoint\",\"urlTemplate\":\"https:\\\/\\\/www.dillerbottle.com\\\/?s={search_term_string}\"},\"query-input\":{\"@type\":\"PropertyValueSpecification\",\"valueRequired\":true,\"valueName\":\"search_term_string\"}}],\"inLanguage\":\"es\"},{\"@type\":\"Organization\",\"@id\":\"https:\\\/\\\/www.dillerbottle.com\\\/#organization\",\"name\":\"Diller Water Bottle Manufacturer\",\"url\":\"https:\\\/\\\/www.dillerbottle.com\\\/\",\"logo\":{\"@type\":\"ImageObject\",\"inLanguage\":\"es\",\"@id\":\"https:\\\/\\\/www.dillerbottle.com\\\/#\\\/schema\\\/logo\\\/image\\\/\",\"url\":\"https:\\\/\\\/www.dillerbottle.com\\\/wp-content\\\/uploads\\\/2024\\\/09\\\/49918bfa848dcc1e9f8b509933603ac.png\",\"contentUrl\":\"https:\\\/\\\/www.dillerbottle.com\\\/wp-content\\\/uploads\\\/2024\\\/09\\\/49918bfa848dcc1e9f8b509933603ac.png\",\"width\":988,\"height\":198,\"caption\":\"Diller Water Bottle Manufacturer\"},\"image\":{\"@id\":\"https:\\\/\\\/www.dillerbottle.com\\\/#\\\/schema\\\/logo\\\/image\\\/\"}}]}<\/script>\n<!-- \/ Yoast SEO Premium plugin. -->","yoast_head_json":{"title":"Botellas de agua de pl\u00e1stico de calidad alimentaria - Fabricante de botellas de agua Diller","description":"Como uno de los mejores fabricantes y proveedores de botellas de agua de pl\u00e1stico de grado alimenticio, nos dedicamos a la fabricaci\u00f3n de botellas de agua de buena calidad. Le damos una c\u00e1lida bienvenida para que compre al por mayor o botellas de agua de pl\u00e1stico de grado alimenticio hechas a medida a un precio competitivo. Adem\u00e1s, aceptamos pedidos de peque\u00f1as cantidades.","robots":{"index":"index","follow":"follow","max-snippet":"max-snippet:-1","max-image-preview":"max-image-preview:large","max-video-preview":"max-video-preview:-1"},"canonical":"https:\/\/www.dillerbottle.com\/es\/productos\/botellas-de-agua-de-plastico-de-calidad-alimentaria","og_locale":"es_ES","og_type":"article","og_title":"Food Grade Plastic Water Bottles","og_description":"As one of the best food grade plastic water bottles manufacturers and suppliers, we are engaged in manufacturing good quality water bottles. We warmly welcome you to wholesale or buy custom made food grade plastic water bottles at competitive price from us. Also, small quantity orders are acceptable.","og_url":"https:\/\/www.dillerbottle.com\/es\/productos\/botellas-de-agua-de-plastico-de-calidad-alimentaria","og_site_name":"Diller Water Bottle Manufacturer","article_modified_time":"2025-07-09T10:02:04+00:00","og_image":[{"width":800,"height":800,"url":"https:\/\/www.dillerbottle.com\/wp-content\/uploads\/2024\/09\/food-grade-plastic-water-bottles-pink.jpg","type":"image\/jpeg"}],"twitter_card":"summary_large_image","twitter_misc":{"Tiempo de lectura":"3 minutos"},"schema":{"@context":"https:\/\/schema.org","@graph":[{"@type":"WebPage","@id":"https:\/\/www.dillerbottle.com\/th\/%e0%b8%aa%e0%b8%b4%e0%b8%99%e0%b8%84%e0%b9%89%e0%b8%b2\/%e0%b8%82%e0%b8%a7%e0%b8%94%e0%b8%99%e0%b9%89%e0%b8%b3%e0%b8%9e%e0%b8%a5%e0%b8%b2%e0%b8%aa%e0%b8%95%e0%b8%b4%e0%b8%81%e0%b9%80%e0%b8%81%e0%b8%a3%e0%b8%94%e0%b8%ad%e0%b8%b2%e0%b8%ab%e0%b8%b2%e0%b8%a3","url":"https:\/\/www.dillerbottle.com\/th\/%e0%b8%aa%e0%b8%b4%e0%b8%99%e0%b8%84%e0%b9%89%e0%b8%b2\/%e0%b8%82%e0%b8%a7%e0%b8%94%e0%b8%99%e0%b9%89%e0%b8%b3%e0%b8%9e%e0%b8%a5%e0%b8%b2%e0%b8%aa%e0%b8%95%e0%b8%b4%e0%b8%81%e0%b9%80%e0%b8%81%e0%b8%a3%e0%b8%94%e0%b8%ad%e0%b8%b2%e0%b8%ab%e0%b8%b2%e0%b8%a3","name":"Botellas de agua de pl\u00e1stico de calidad alimentaria - Fabricante de botellas de agua Diller","isPartOf":{"@id":"https:\/\/www.dillerbottle.com\/#website"},"primaryImageOfPage":{"@id":"https:\/\/www.dillerbottle.com\/th\/%e0%b8%aa%e0%b8%b4%e0%b8%99%e0%b8%84%e0%b9%89%e0%b8%b2\/%e0%b8%82%e0%b8%a7%e0%b8%94%e0%b8%99%e0%b9%89%e0%b8%b3%e0%b8%9e%e0%b8%a5%e0%b8%b2%e0%b8%aa%e0%b8%95%e0%b8%b4%e0%b8%81%e0%b9%80%e0%b8%81%e0%b8%a3%e0%b8%94%e0%b8%ad%e0%b8%b2%e0%b8%ab%e0%b8%b2%e0%b8%a3#primaryimage"},"image":{"@id":"https:\/\/www.dillerbottle.com\/th\/%e0%b8%aa%e0%b8%b4%e0%b8%99%e0%b8%84%e0%b9%89%e0%b8%b2\/%e0%b8%82%e0%b8%a7%e0%b8%94%e0%b8%99%e0%b9%89%e0%b8%b3%e0%b8%9e%e0%b8%a5%e0%b8%b2%e0%b8%aa%e0%b8%95%e0%b8%b4%e0%b8%81%e0%b9%80%e0%b8%81%e0%b8%a3%e0%b8%94%e0%b8%ad%e0%b8%b2%e0%b8%ab%e0%b8%b2%e0%b8%a3#primaryimage"},"thumbnailUrl":"https:\/\/www.dillerbottle.com\/wp-content\/uploads\/2024\/09\/food-grade-plastic-water-bottles-pink.jpg","datePublished":"2024-09-27T10:02:07+00:00","dateModified":"2025-07-09T10:02:04+00:00","description":"Como uno de los mejores fabricantes y proveedores de botellas de agua de pl\u00e1stico de grado alimenticio, nos dedicamos a la fabricaci\u00f3n de botellas de agua de buena calidad. Le damos una c\u00e1lida bienvenida para que compre al por mayor o botellas de agua de pl\u00e1stico de grado alimenticio hechas a medida a un precio competitivo. Adem\u00e1s, aceptamos pedidos de peque\u00f1as cantidades.","breadcrumb":{"@id":"https:\/\/www.dillerbottle.com\/th\/%e0%b8%aa%e0%b8%b4%e0%b8%99%e0%b8%84%e0%b9%89%e0%b8%b2\/%e0%b8%82%e0%b8%a7%e0%b8%94%e0%b8%99%e0%b9%89%e0%b8%b3%e0%b8%9e%e0%b8%a5%e0%b8%b2%e0%b8%aa%e0%b8%95%e0%b8%b4%e0%b8%81%e0%b9%80%e0%b8%81%e0%b8%a3%e0%b8%94%e0%b8%ad%e0%b8%b2%e0%b8%ab%e0%b8%b2%e0%b8%a3#breadcrumb"},"inLanguage":"es","potentialAction":[{"@type":"ReadAction","target":["https:\/\/www.dillerbottle.com\/th\/%e0%b8%aa%e0%b8%b4%e0%b8%99%e0%b8%84%e0%b9%89%e0%b8%b2\/%e0%b8%82%e0%b8%a7%e0%b8%94%e0%b8%99%e0%b9%89%e0%b8%b3%e0%b8%9e%e0%b8%a5%e0%b8%b2%e0%b8%aa%e0%b8%95%e0%b8%b4%e0%b8%81%e0%b9%80%e0%b8%81%e0%b8%a3%e0%b8%94%e0%b8%ad%e0%b8%b2%e0%b8%ab%e0%b8%b2%e0%b8%a3"]}]},{"@type":"ImageObject","inLanguage":"es","@id":"https:\/\/www.dillerbottle.com\/th\/%e0%b8%aa%e0%b8%b4%e0%b8%99%e0%b8%84%e0%b9%89%e0%b8%b2\/%e0%b8%82%e0%b8%a7%e0%b8%94%e0%b8%99%e0%b9%89%e0%b8%b3%e0%b8%9e%e0%b8%a5%e0%b8%b2%e0%b8%aa%e0%b8%95%e0%b8%b4%e0%b8%81%e0%b9%80%e0%b8%81%e0%b8%a3%e0%b8%94%e0%b8%ad%e0%b8%b2%e0%b8%ab%e0%b8%b2%e0%b8%a3#primaryimage","url":"https:\/\/www.dillerbottle.com\/wp-content\/uploads\/2024\/09\/food-grade-plastic-water-bottles-pink.jpg","contentUrl":"https:\/\/www.dillerbottle.com\/wp-content\/uploads\/2024\/09\/food-grade-plastic-water-bottles-pink.jpg","width":800,"height":800},{"@type":"BreadcrumbList","@id":"https:\/\/www.dillerbottle.com\/th\/%e0%b8%aa%e0%b8%b4%e0%b8%99%e0%b8%84%e0%b9%89%e0%b8%b2\/%e0%b8%82%e0%b8%a7%e0%b8%94%e0%b8%99%e0%b9%89%e0%b8%b3%e0%b8%9e%e0%b8%a5%e0%b8%b2%e0%b8%aa%e0%b8%95%e0%b8%b4%e0%b8%81%e0%b9%80%e0%b8%81%e0%b8%a3%e0%b8%94%e0%b8%ad%e0%b8%b2%e0%b8%ab%e0%b8%b2%e0%b8%a3#breadcrumb","itemListElement":[{"@type":"ListItem","position":1,"name":"Home","item":"https:\/\/www.dillerbottle.com\/"},{"@type":"ListItem","position":2,"name":"Products","item":"https:\/\/www.dillerbottle.com\/shop"},{"@type":"ListItem","position":3,"name":"Food Grade Plastic Water Bottles"}]},{"@type":"WebSite","@id":"https:\/\/www.dillerbottle.com\/#website","url":"https:\/\/www.dillerbottle.com\/","name":"Fabricante de botellas de agua Diller","description":"Fabricante de botellas de agua","publisher":{"@id":"https:\/\/www.dillerbottle.com\/#organization"},"potentialAction":[{"@type":"SearchAction","target":{"@type":"EntryPoint","urlTemplate":"https:\/\/www.dillerbottle.com\/?s={search_term_string}"},"query-input":{"@type":"PropertyValueSpecification","valueRequired":true,"valueName":"search_term_string"}}],"inLanguage":"es"},{"@type":"Organization","@id":"https:\/\/www.dillerbottle.com\/#organization","name":"Fabricante de botellas de agua Diller","url":"https:\/\/www.dillerbottle.com\/","logo":{"@type":"ImageObject","inLanguage":"es","@id":"https:\/\/www.dillerbottle.com\/#\/schema\/logo\/image\/","url":"https:\/\/www.dillerbottle.com\/wp-content\/uploads\/2024\/09\/49918bfa848dcc1e9f8b509933603ac.png","contentUrl":"https:\/\/www.dillerbottle.com\/wp-content\/uploads\/2024\/09\/49918bfa848dcc1e9f8b509933603ac.png","width":988,"height":198,"caption":"Diller Water Bottle Manufacturer"},"image":{"@id":"https:\/\/www.dillerbottle.com\/#\/schema\/logo\/image\/"}}]}},"_links":{"self":[{"href":"https:\/\/www.dillerbottle.com\/es\/wp-json\/wp\/v2\/product\/5837","targetHints":{"allow":["GET"]}}],"collection":[{"href":"https:\/\/www.dillerbottle.com\/es\/wp-json\/wp\/v2\/product"}],"about":[{"href":"https:\/\/www.dillerbottle.com\/es\/wp-json\/wp\/v2\/types\/product"}],"replies":[{"embeddable":true,"href":"https:\/\/www.dillerbottle.com\/es\/wp-json\/wp\/v2\/comments?post=5837"}],"wp:featuredmedia":[{"embeddable":true,"href":"https:\/\/www.dillerbottle.com\/es\/wp-json\/wp\/v2\/media\/15919"}],"wp:attachment":[{"href":"https:\/\/www.dillerbottle.com\/es\/wp-json\/wp\/v2\/media?parent=5837"}],"wp:term":[{"taxonomy":"product_brand","embeddable":true,"href":"https:\/\/www.dillerbottle.com\/es\/wp-json\/wp\/v2\/product_brand?post=5837"},{"taxonomy":"product_cat","embeddable":true,"href":"https:\/\/www.dillerbottle.com\/es\/wp-json\/wp\/v2\/product_cat?post=5837"},{"taxonomy":"product_tag","embeddable":true,"href":"https:\/\/www.dillerbottle.com\/es\/wp-json\/wp\/v2\/product_tag?post=5837"}],"curies":[{"name":"Gracias","href":"https:\/\/api.w.org\/{rel}","templated":true}]}}