{"id":5863,"date":"2024-09-27T18:02:22","date_gmt":"2024-09-27T10:02:22","guid":{"rendered":"https:\/\/demo.dillerbottle.com\/uncategorized\/sports-drink-bottle"},"modified":"2025-07-09T18:01:57","modified_gmt":"2025-07-09T10:01:57","slug":"botella-de-bebida-deportiva","status":"publish","type":"product","link":"https:\/\/www.dillerbottle.com\/es\/products\/sports-drink-bottle","title":{"rendered":"Botella de bebida deportiva"},"content":{"rendered":"<p>1. La botella deportiva de pl\u00e1stico est\u00e1 hecha de PP de grado alimenticio sin BPA, no t\u00f3xico, ecol\u00f3gico.<br \/>\n2. Botella de bebida deportiva con asa port\u00e1til, f\u00e1cil de llevar a cualquier lugar. Adecuado para el gimnasio, yoga, corredores, atletas, viajes, senderismo, ciclismo, tenis, camping, oficina de trabajo, escuela, trabajo.<br \/>\n3.Con asa port\u00e1til, es f\u00e1cil de llevar para salir o hacer deporte.<br \/>\n4.Boca ancha para facilitar el llenado y la limpieza.5.Tapa con bot\u00f3n pulsador con cubierta higi\u00e9nica y anillo de bloqueo protegido.<\/p>","protected":false},"excerpt":{"rendered":"<p>1.La botella deportiva de pl\u00e1stico est\u00e1 hecha de PP de grado alimenticio sin BPA, no t\u00f3xico, ecol\u00f3gico.2.Botella de agua con asa port\u00e1til, f\u00e1cil de llevar a cualquier lugar.<br \/>\nAdecuado para gimnasio, yoga, corredores, atletas, viajes, senderismo, ciclismo, tenis, camping, oficina de trabajo, escuela, trabajo.3. Con asa port\u00e1til, es f\u00e1cil de llevar para salir o hacer deporte.4.Boca ancha para facilitar el llenado y la limpieza.5.Tapa de bot\u00f3n con cubierta higi\u00e9nica y anillo de bloqueo protegido\u2026.<\/p>","protected":false},"featured_media":5864,"comment_status":"open","ping_status":"closed","template":"","meta":{"_acf_changed":false},"product_brand":[],"product_cat":[309],"product_tag":[434,32,36,33,31,39,38,29,37,34,35,487,28,314,346,369,113,30,323],"class_list":{"0":"post-5863","1":"product","2":"type-product","3":"status-publish","4":"has-post-thumbnail","6":"product_cat-plastic-water-bottle","7":"product_tag-1-litre-water-bottle","8":"product_tag-best","9":"product_tag-bulk","10":"product_tag-buy","11":"product_tag-custom","12":"product_tag-for-sale","13":"product_tag-good-quality","14":"product_tag-manufacturers","15":"product_tag-manufacturing","16":"product_tag-price","17":"product_tag-small","18":"product_tag-sports-drink-bottle","19":"product_tag-suppliers","20":"product_tag-tea-water-bottle","21":"product_tag-tumbler-water-bottle","22":"product_tag-water-bottle-bpa-free","23":"product_tag-water-bottle-with-filter","24":"product_tag-wholesale","25":"product_tag-wholesale-cute-water-bottles","27":"first","28":"instock","29":"shipping-taxable","30":"product-type-simple"},"acf":[],"yoast_head":"<!-- This site is optimized with the Yoast SEO Premium plugin v27.5 (Yoast SEO v27.5) - https:\/\/yoast.com\/product\/yoast-seo-premium-wordpress\/ -->\n<title>Sports Drink Bottle - Diller Water Bottle Manufacturer<\/title>\n<meta name=\"description\" content=\"As one of the best sports drink bottle manufacturers and suppliers, we are engaged in manufacturing good quality water bottles. We warmly welcome you to wholesale or buy custom made sports drink bottle at competitive price from us. Also, small quantity orders are acceptable.\" \/>\n<meta name=\"robots\" content=\"index, follow, max-snippet:-1, max-image-preview:large, max-video-preview:-1\" \/>\n<link rel=\"canonical\" href=\"https:\/\/www.dillerbottle.com\/es\/productos\/botella-de-bebida-deportiva\" \/>\n<meta property=\"og:locale\" content=\"es_ES\" \/>\n<meta property=\"og:type\" content=\"article\" \/>\n<meta property=\"og:title\" content=\"Sports Drink Bottle\" \/>\n<meta property=\"og:description\" content=\"As one of the best sports drink bottle manufacturers and suppliers, we are engaged in manufacturing good quality water bottles. We warmly welcome you to wholesale or buy custom made sports drink bottle at competitive price from us. Also, small quantity orders are acceptable.\" \/>\n<meta property=\"og:url\" content=\"https:\/\/www.dillerbottle.com\/es\/productos\/botella-de-bebida-deportiva\" \/>\n<meta property=\"og:site_name\" content=\"Diller Water Bottle Manufacturer\" \/>\n<meta property=\"article:modified_time\" content=\"2025-07-09T10:01:57+00:00\" \/>\n<meta property=\"og:image\" content=\"https:\/\/www.dillerbottle.com\/wp-content\/uploads\/2024\/09\/sports-drink-bottle21095087537.jpg\" \/>\n\t<meta property=\"og:image:width\" content=\"730\" \/>\n\t<meta property=\"og:image:height\" content=\"730\" \/>\n\t<meta property=\"og:image:type\" content=\"image\/jpeg\" \/>\n<meta name=\"twitter:card\" content=\"summary_large_image\" \/>\n<meta name=\"twitter:label1\" content=\"Tiempo de lectura\" \/>\n\t<meta name=\"twitter:data1\" content=\"2 minutos\" \/>\n<script type=\"application\/ld+json\" class=\"yoast-schema-graph\">{\"@context\":\"https:\\\/\\\/schema.org\",\"@graph\":[{\"@type\":\"WebPage\",\"@id\":\"https:\\\/\\\/www.dillerbottle.com\\\/ja\\\/%e8%a3%bd%e5%93%81\\\/%e3%82%b9%e3%83%9d%e3%83%bc%e3%83%84%e3%83%89%e3%83%aa%e3%83%b3%e3%82%af%e3%83%9c%e3%83%88%e3%83%ab\",\"url\":\"https:\\\/\\\/www.dillerbottle.com\\\/ja\\\/%e8%a3%bd%e5%93%81\\\/%e3%82%b9%e3%83%9d%e3%83%bc%e3%83%84%e3%83%89%e3%83%aa%e3%83%b3%e3%82%af%e3%83%9c%e3%83%88%e3%83%ab\",\"name\":\"Sports Drink Bottle - Diller Water Bottle Manufacturer\",\"isPartOf\":{\"@id\":\"https:\\\/\\\/www.dillerbottle.com\\\/#website\"},\"primaryImageOfPage\":{\"@id\":\"https:\\\/\\\/www.dillerbottle.com\\\/ja\\\/%e8%a3%bd%e5%93%81\\\/%e3%82%b9%e3%83%9d%e3%83%bc%e3%83%84%e3%83%89%e3%83%aa%e3%83%b3%e3%82%af%e3%83%9c%e3%83%88%e3%83%ab#primaryimage\"},\"image\":{\"@id\":\"https:\\\/\\\/www.dillerbottle.com\\\/ja\\\/%e8%a3%bd%e5%93%81\\\/%e3%82%b9%e3%83%9d%e3%83%bc%e3%83%84%e3%83%89%e3%83%aa%e3%83%b3%e3%82%af%e3%83%9c%e3%83%88%e3%83%ab#primaryimage\"},\"thumbnailUrl\":\"https:\\\/\\\/www.dillerbottle.com\\\/wp-content\\\/uploads\\\/2024\\\/09\\\/sports-drink-bottle21095087537.jpg\",\"datePublished\":\"2024-09-27T10:02:22+00:00\",\"dateModified\":\"2025-07-09T10:01:57+00:00\",\"description\":\"As one of the best sports drink bottle manufacturers and suppliers, we are engaged in manufacturing good quality water bottles. We warmly welcome you to wholesale or buy custom made sports drink bottle at competitive price from us. Also, small quantity orders are acceptable.\",\"breadcrumb\":{\"@id\":\"https:\\\/\\\/www.dillerbottle.com\\\/ja\\\/%e8%a3%bd%e5%93%81\\\/%e3%82%b9%e3%83%9d%e3%83%bc%e3%83%84%e3%83%89%e3%83%aa%e3%83%b3%e3%82%af%e3%83%9c%e3%83%88%e3%83%ab#breadcrumb\"},\"inLanguage\":\"es\",\"potentialAction\":[{\"@type\":\"ReadAction\",\"target\":[\"https:\\\/\\\/www.dillerbottle.com\\\/ja\\\/%e8%a3%bd%e5%93%81\\\/%e3%82%b9%e3%83%9d%e3%83%bc%e3%83%84%e3%83%89%e3%83%aa%e3%83%b3%e3%82%af%e3%83%9c%e3%83%88%e3%83%ab\"]}]},{\"@type\":\"ImageObject\",\"inLanguage\":\"es\",\"@id\":\"https:\\\/\\\/www.dillerbottle.com\\\/ja\\\/%e8%a3%bd%e5%93%81\\\/%e3%82%b9%e3%83%9d%e3%83%bc%e3%83%84%e3%83%89%e3%83%aa%e3%83%b3%e3%82%af%e3%83%9c%e3%83%88%e3%83%ab#primaryimage\",\"url\":\"https:\\\/\\\/www.dillerbottle.com\\\/wp-content\\\/uploads\\\/2024\\\/09\\\/sports-drink-bottle21095087537.jpg\",\"contentUrl\":\"https:\\\/\\\/www.dillerbottle.com\\\/wp-content\\\/uploads\\\/2024\\\/09\\\/sports-drink-bottle21095087537.jpg\",\"width\":730,\"height\":730},{\"@type\":\"BreadcrumbList\",\"@id\":\"https:\\\/\\\/www.dillerbottle.com\\\/ja\\\/%e8%a3%bd%e5%93%81\\\/%e3%82%b9%e3%83%9d%e3%83%bc%e3%83%84%e3%83%89%e3%83%aa%e3%83%b3%e3%82%af%e3%83%9c%e3%83%88%e3%83%ab#breadcrumb\",\"itemListElement\":[{\"@type\":\"ListItem\",\"position\":1,\"name\":\"Home\",\"item\":\"https:\\\/\\\/www.dillerbottle.com\\\/\"},{\"@type\":\"ListItem\",\"position\":2,\"name\":\"Products\",\"item\":\"https:\\\/\\\/www.dillerbottle.com\\\/shop\"},{\"@type\":\"ListItem\",\"position\":3,\"name\":\"Sports Drink Bottle\"}]},{\"@type\":\"WebSite\",\"@id\":\"https:\\\/\\\/www.dillerbottle.com\\\/#website\",\"url\":\"https:\\\/\\\/www.dillerbottle.com\\\/\",\"name\":\"Diller Water Bottle Manufacturer\",\"description\":\"Water Bottle Manufacturer\",\"publisher\":{\"@id\":\"https:\\\/\\\/www.dillerbottle.com\\\/#organization\"},\"potentialAction\":[{\"@type\":\"SearchAction\",\"target\":{\"@type\":\"EntryPoint\",\"urlTemplate\":\"https:\\\/\\\/www.dillerbottle.com\\\/?s={search_term_string}\"},\"query-input\":{\"@type\":\"PropertyValueSpecification\",\"valueRequired\":true,\"valueName\":\"search_term_string\"}}],\"inLanguage\":\"es\"},{\"@type\":\"Organization\",\"@id\":\"https:\\\/\\\/www.dillerbottle.com\\\/#organization\",\"name\":\"Diller Water Bottle Manufacturer\",\"url\":\"https:\\\/\\\/www.dillerbottle.com\\\/\",\"logo\":{\"@type\":\"ImageObject\",\"inLanguage\":\"es\",\"@id\":\"https:\\\/\\\/www.dillerbottle.com\\\/#\\\/schema\\\/logo\\\/image\\\/\",\"url\":\"https:\\\/\\\/www.dillerbottle.com\\\/wp-content\\\/uploads\\\/2024\\\/09\\\/49918bfa848dcc1e9f8b509933603ac.png\",\"contentUrl\":\"https:\\\/\\\/www.dillerbottle.com\\\/wp-content\\\/uploads\\\/2024\\\/09\\\/49918bfa848dcc1e9f8b509933603ac.png\",\"width\":988,\"height\":198,\"caption\":\"Diller Water Bottle Manufacturer\"},\"image\":{\"@id\":\"https:\\\/\\\/www.dillerbottle.com\\\/#\\\/schema\\\/logo\\\/image\\\/\"}}]}<\/script>\n<!-- \/ Yoast SEO Premium plugin. -->","yoast_head_json":{"title":"Botella para bebida deportiva - Fabricante de botellas de agua Diller","description":"Como uno de los mejores fabricantes y proveedores de botellas para bebidas deportivas, nos dedicamos a la fabricaci\u00f3n de botellas de agua de buena calidad. Le damos una c\u00e1lida bienvenida para que compre al por mayor o botellas para bebidas deportivas hechas a medida a un precio competitivo. Adem\u00e1s, aceptamos pedidos de peque\u00f1as cantidades.","robots":{"index":"index","follow":"follow","max-snippet":"max-snippet:-1","max-image-preview":"max-image-preview:large","max-video-preview":"max-video-preview:-1"},"canonical":"https:\/\/www.dillerbottle.com\/es\/productos\/botella-de-bebida-deportiva","og_locale":"es_ES","og_type":"article","og_title":"Sports Drink Bottle","og_description":"As one of the best sports drink bottle manufacturers and suppliers, we are engaged in manufacturing good quality water bottles. We warmly welcome you to wholesale or buy custom made sports drink bottle at competitive price from us. Also, small quantity orders are acceptable.","og_url":"https:\/\/www.dillerbottle.com\/es\/productos\/botella-de-bebida-deportiva","og_site_name":"Diller Water Bottle Manufacturer","article_modified_time":"2025-07-09T10:01:57+00:00","og_image":[{"width":730,"height":730,"url":"https:\/\/www.dillerbottle.com\/wp-content\/uploads\/2024\/09\/sports-drink-bottle21095087537.jpg","type":"image\/jpeg"}],"twitter_card":"summary_large_image","twitter_misc":{"Tiempo de lectura":"2 minutos"},"schema":{"@context":"https:\/\/schema.org","@graph":[{"@type":"WebPage","@id":"https:\/\/www.dillerbottle.com\/ja\/%e8%a3%bd%e5%93%81\/%e3%82%b9%e3%83%9d%e3%83%bc%e3%83%84%e3%83%89%e3%83%aa%e3%83%b3%e3%82%af%e3%83%9c%e3%83%88%e3%83%ab","url":"https:\/\/www.dillerbottle.com\/ja\/%e8%a3%bd%e5%93%81\/%e3%82%b9%e3%83%9d%e3%83%bc%e3%83%84%e3%83%89%e3%83%aa%e3%83%b3%e3%82%af%e3%83%9c%e3%83%88%e3%83%ab","name":"Botella para bebida deportiva - Fabricante de botellas de agua Diller","isPartOf":{"@id":"https:\/\/www.dillerbottle.com\/#website"},"primaryImageOfPage":{"@id":"https:\/\/www.dillerbottle.com\/ja\/%e8%a3%bd%e5%93%81\/%e3%82%b9%e3%83%9d%e3%83%bc%e3%83%84%e3%83%89%e3%83%aa%e3%83%b3%e3%82%af%e3%83%9c%e3%83%88%e3%83%ab#primaryimage"},"image":{"@id":"https:\/\/www.dillerbottle.com\/ja\/%e8%a3%bd%e5%93%81\/%e3%82%b9%e3%83%9d%e3%83%bc%e3%83%84%e3%83%89%e3%83%aa%e3%83%b3%e3%82%af%e3%83%9c%e3%83%88%e3%83%ab#primaryimage"},"thumbnailUrl":"https:\/\/www.dillerbottle.com\/wp-content\/uploads\/2024\/09\/sports-drink-bottle21095087537.jpg","datePublished":"2024-09-27T10:02:22+00:00","dateModified":"2025-07-09T10:01:57+00:00","description":"Como uno de los mejores fabricantes y proveedores de botellas para bebidas deportivas, nos dedicamos a la fabricaci\u00f3n de botellas de agua de buena calidad. Le damos una c\u00e1lida bienvenida para que compre al por mayor o botellas para bebidas deportivas hechas a medida a un precio competitivo. Adem\u00e1s, aceptamos pedidos de peque\u00f1as cantidades.","breadcrumb":{"@id":"https:\/\/www.dillerbottle.com\/ja\/%e8%a3%bd%e5%93%81\/%e3%82%b9%e3%83%9d%e3%83%bc%e3%83%84%e3%83%89%e3%83%aa%e3%83%b3%e3%82%af%e3%83%9c%e3%83%88%e3%83%ab#breadcrumb"},"inLanguage":"es","potentialAction":[{"@type":"ReadAction","target":["https:\/\/www.dillerbottle.com\/ja\/%e8%a3%bd%e5%93%81\/%e3%82%b9%e3%83%9d%e3%83%bc%e3%83%84%e3%83%89%e3%83%aa%e3%83%b3%e3%82%af%e3%83%9c%e3%83%88%e3%83%ab"]}]},{"@type":"ImageObject","inLanguage":"es","@id":"https:\/\/www.dillerbottle.com\/ja\/%e8%a3%bd%e5%93%81\/%e3%82%b9%e3%83%9d%e3%83%bc%e3%83%84%e3%83%89%e3%83%aa%e3%83%b3%e3%82%af%e3%83%9c%e3%83%88%e3%83%ab#primaryimage","url":"https:\/\/www.dillerbottle.com\/wp-content\/uploads\/2024\/09\/sports-drink-bottle21095087537.jpg","contentUrl":"https:\/\/www.dillerbottle.com\/wp-content\/uploads\/2024\/09\/sports-drink-bottle21095087537.jpg","width":730,"height":730},{"@type":"BreadcrumbList","@id":"https:\/\/www.dillerbottle.com\/ja\/%e8%a3%bd%e5%93%81\/%e3%82%b9%e3%83%9d%e3%83%bc%e3%83%84%e3%83%89%e3%83%aa%e3%83%b3%e3%82%af%e3%83%9c%e3%83%88%e3%83%ab#breadcrumb","itemListElement":[{"@type":"ListItem","position":1,"name":"Home","item":"https:\/\/www.dillerbottle.com\/"},{"@type":"ListItem","position":2,"name":"Products","item":"https:\/\/www.dillerbottle.com\/shop"},{"@type":"ListItem","position":3,"name":"Sports Drink Bottle"}]},{"@type":"WebSite","@id":"https:\/\/www.dillerbottle.com\/#website","url":"https:\/\/www.dillerbottle.com\/","name":"Fabricante de botellas de agua Diller","description":"Fabricante de botellas de agua","publisher":{"@id":"https:\/\/www.dillerbottle.com\/#organization"},"potentialAction":[{"@type":"SearchAction","target":{"@type":"EntryPoint","urlTemplate":"https:\/\/www.dillerbottle.com\/?s={search_term_string}"},"query-input":{"@type":"PropertyValueSpecification","valueRequired":true,"valueName":"search_term_string"}}],"inLanguage":"es"},{"@type":"Organization","@id":"https:\/\/www.dillerbottle.com\/#organization","name":"Fabricante de botellas de agua Diller","url":"https:\/\/www.dillerbottle.com\/","logo":{"@type":"ImageObject","inLanguage":"es","@id":"https:\/\/www.dillerbottle.com\/#\/schema\/logo\/image\/","url":"https:\/\/www.dillerbottle.com\/wp-content\/uploads\/2024\/09\/49918bfa848dcc1e9f8b509933603ac.png","contentUrl":"https:\/\/www.dillerbottle.com\/wp-content\/uploads\/2024\/09\/49918bfa848dcc1e9f8b509933603ac.png","width":988,"height":198,"caption":"Diller Water Bottle Manufacturer"},"image":{"@id":"https:\/\/www.dillerbottle.com\/#\/schema\/logo\/image\/"}}]}},"_links":{"self":[{"href":"https:\/\/www.dillerbottle.com\/es\/wp-json\/wp\/v2\/product\/5863","targetHints":{"allow":["GET"]}}],"collection":[{"href":"https:\/\/www.dillerbottle.com\/es\/wp-json\/wp\/v2\/product"}],"about":[{"href":"https:\/\/www.dillerbottle.com\/es\/wp-json\/wp\/v2\/types\/product"}],"replies":[{"embeddable":true,"href":"https:\/\/www.dillerbottle.com\/es\/wp-json\/wp\/v2\/comments?post=5863"}],"wp:featuredmedia":[{"embeddable":true,"href":"https:\/\/www.dillerbottle.com\/es\/wp-json\/wp\/v2\/media\/5864"}],"wp:attachment":[{"href":"https:\/\/www.dillerbottle.com\/es\/wp-json\/wp\/v2\/media?parent=5863"}],"wp:term":[{"taxonomy":"product_brand","embeddable":true,"href":"https:\/\/www.dillerbottle.com\/es\/wp-json\/wp\/v2\/product_brand?post=5863"},{"taxonomy":"product_cat","embeddable":true,"href":"https:\/\/www.dillerbottle.com\/es\/wp-json\/wp\/v2\/product_cat?post=5863"},{"taxonomy":"product_tag","embeddable":true,"href":"https:\/\/www.dillerbottle.com\/es\/wp-json\/wp\/v2\/product_tag?post=5863"}],"curies":[{"name":"Gracias","href":"https:\/\/api.w.org\/{rel}","templated":true}]}}