{"id":6242,"date":"2024-09-27T18:07:01","date_gmt":"2024-09-27T10:07:01","guid":{"rendered":"https:\/\/demo.dillerbottle.com\/uncategorized\/plastic-panda-water-bottle-with-handle"},"modified":"2026-02-10T17:29:51","modified_gmt":"2026-02-10T09:29:51","slug":"botella-de-agua-de-plastico-con-forma-de-panda-y-asa-2","status":"publish","type":"product","link":"https:\/\/www.dillerbottle.com\/es\/products\/plastic-panda-water-bottle-with-handle","title":{"rendered":"Botella de agua de pl\u00e1stico con forma de panda y asa"},"content":{"rendered":"<p>1.La botella de agua de pl\u00e1stico panda con asa est\u00e1 hecha de Tritan y materiales de calidad alimentaria, segura e inodoro, espesa y transparente, y resistente a altas temperaturas.<\/p>\n<p>2. Hebilla de bloqueo t\u00e1ctil antiaccidental + anillo de sellado de silicona, doble prueba de fugas, no hay necesidad de preocuparse por fugas de agua al salir.<\/p>\n<p>3. Gran capacidad de 1100 ml, adecuada para las necesidades diarias de bebida, adecuada para acampar, deportes y ocasiones escolares.<\/p>\n<p>4. La botella de agua de pl\u00e1stico con forma de panda tambi\u00e9n tiene un dise\u00f1o de asa, lo que la hace m\u00e1s c\u00f3moda de llevar cuando sales. El dise\u00f1o original con forma de panda en el cuerpo de la taza es lindo y atractivo.<\/p>\n<div class=\"kche-wrap-width\">\n<div class=\"kche-t99\">\n<div class=\"kche-t99-content\">\n<div class=\"kche-t99-flex\">\n<div class=\"kche-t99-img\"><\/div>\n<\/div>\n<\/div>\n<\/div>\n<\/div>","protected":false},"excerpt":{"rendered":"<p>Esta botella de agua de pl\u00e1stico con forma de panda y asa est\u00e1 hecha de Tritan duradero y materiales de calidad alimentaria.<br \/>\nHebilla de bloqueo t\u00e1ctil antiaccidental + anillo de sellado de silicona, doble prueba de fugas, no hay necesidad de preocuparse por fugas de agua al salir.<br \/>\nLa botella de agua de pl\u00e1stico con forma de panda tambi\u00e9n tiene un dise\u00f1o de asa, lo que la hace m\u00e1s c\u00f3moda de llevar cuando sales.<br \/>\nEl dise\u00f1o original del patr\u00f3n de panda en el cuerpo de la taza es lindo y atractivo.<br \/>\nGran capacidad de 1100 ml, adecuado para las necesidades diarias de bebida, adecuado para acampar, deportes y ocasiones escolares.<br \/>\nOEM y ODM aceptables.<br \/>\nPodemos personalizar la botella deportiva de pl\u00e1stico seg\u00fan sus requisitos.<br \/>\n\u00a1Bienvenido a la compra al por mayor, env\u00ede su consulta ahora!<\/p>","protected":false},"featured_media":6243,"comment_status":"open","ping_status":"closed","template":"","meta":{"_acf_changed":false},"product_brand":[],"product_cat":[309],"product_tag":[538],"class_list":{"0":"post-6242","1":"product","2":"type-product","3":"status-publish","4":"has-post-thumbnail","6":"product_cat-plastic-water-bottle","7":"product_tag-sport-water-bottle","9":"first","10":"instock","11":"shipping-taxable","12":"product-type-simple"},"acf":[],"yoast_head":"<!-- This site is optimized with the Yoast SEO Premium plugin v27.5 (Yoast SEO v27.5) - https:\/\/yoast.com\/product\/yoast-seo-premium-wordpress\/ -->\n<title>Plastic Panda Water Bottle With Handle - Diller Water Bottle Manufacturer<\/title>\n<meta name=\"description\" content=\"As one of the best plastic panda water bottle with handle manufacturers and suppliers, we are engaged in manufacturing good quality water bottles. We warmly welcome you to wholesale or buy custom made plastic panda water bottle with handle at competitive price from us. Also, small quantity orders are acceptable.\" \/>\n<meta name=\"robots\" content=\"index, follow, max-snippet:-1, max-image-preview:large, max-video-preview:-1\" \/>\n<link rel=\"canonical\" href=\"https:\/\/www.dillerbottle.com\/es\/productos\/botella-de-agua-de-plastico-con-forma-de-panda-y-asa-2\" \/>\n<meta property=\"og:locale\" content=\"es_ES\" \/>\n<meta property=\"og:type\" content=\"article\" \/>\n<meta property=\"og:title\" content=\"Plastic Panda Water Bottle With Handle\" \/>\n<meta property=\"og:description\" content=\"As one of the best plastic panda water bottle with handle manufacturers and suppliers, we are engaged in manufacturing good quality water bottles. We warmly welcome you to wholesale or buy custom made plastic panda water bottle with handle at competitive price from us. Also, small quantity orders are acceptable.\" \/>\n<meta property=\"og:url\" content=\"https:\/\/www.dillerbottle.com\/es\/productos\/botella-de-agua-de-plastico-con-forma-de-panda-y-asa-2\" \/>\n<meta property=\"og:site_name\" content=\"Diller Water Bottle Manufacturer\" \/>\n<meta property=\"article:modified_time\" content=\"2026-02-10T09:29:51+00:00\" \/>\n<meta property=\"og:image\" content=\"https:\/\/www.dillerbottle.com\/wp-content\/uploads\/2024\/09\/plastic-panda-water-bottle-with-handlef0a8c.jpg\" \/>\n\t<meta property=\"og:image:width\" content=\"800\" \/>\n\t<meta property=\"og:image:height\" content=\"800\" \/>\n\t<meta property=\"og:image:type\" content=\"image\/jpeg\" \/>\n<meta name=\"twitter:card\" content=\"summary_large_image\" \/>\n<meta name=\"twitter:label1\" content=\"Tiempo de lectura\" \/>\n\t<meta name=\"twitter:data1\" content=\"6 minutos\" \/>\n<script type=\"application\/ld+json\" class=\"yoast-schema-graph\">{\"@context\":\"https:\\\/\\\/schema.org\",\"@graph\":[{\"@type\":\"WebPage\",\"@id\":\"https:\\\/\\\/www.dillerbottle.com\\\/products\\\/plastic-panda-water-bottle-with-handle\",\"url\":\"https:\\\/\\\/www.dillerbottle.com\\\/products\\\/plastic-panda-water-bottle-with-handle\",\"name\":\"Plastic Panda Water Bottle With Handle - Diller Water Bottle Manufacturer\",\"isPartOf\":{\"@id\":\"https:\\\/\\\/www.dillerbottle.com\\\/#website\"},\"primaryImageOfPage\":{\"@id\":\"https:\\\/\\\/www.dillerbottle.com\\\/products\\\/plastic-panda-water-bottle-with-handle#primaryimage\"},\"image\":{\"@id\":\"https:\\\/\\\/www.dillerbottle.com\\\/products\\\/plastic-panda-water-bottle-with-handle#primaryimage\"},\"thumbnailUrl\":\"https:\\\/\\\/www.dillerbottle.com\\\/wp-content\\\/uploads\\\/2024\\\/09\\\/plastic-panda-water-bottle-with-handlef0a8c.jpg\",\"datePublished\":\"2024-09-27T10:07:01+00:00\",\"dateModified\":\"2026-02-10T09:29:51+00:00\",\"description\":\"As one of the best plastic panda water bottle with handle manufacturers and suppliers, we are engaged in manufacturing good quality water bottles. We warmly welcome you to wholesale or buy custom made plastic panda water bottle with handle at competitive price from us. Also, small quantity orders are acceptable.\",\"breadcrumb\":{\"@id\":\"https:\\\/\\\/www.dillerbottle.com\\\/products\\\/plastic-panda-water-bottle-with-handle#breadcrumb\"},\"inLanguage\":\"es\",\"potentialAction\":[{\"@type\":\"ReadAction\",\"target\":[\"https:\\\/\\\/www.dillerbottle.com\\\/products\\\/plastic-panda-water-bottle-with-handle\"]}]},{\"@type\":\"ImageObject\",\"inLanguage\":\"es\",\"@id\":\"https:\\\/\\\/www.dillerbottle.com\\\/products\\\/plastic-panda-water-bottle-with-handle#primaryimage\",\"url\":\"https:\\\/\\\/www.dillerbottle.com\\\/wp-content\\\/uploads\\\/2024\\\/09\\\/plastic-panda-water-bottle-with-handlef0a8c.jpg\",\"contentUrl\":\"https:\\\/\\\/www.dillerbottle.com\\\/wp-content\\\/uploads\\\/2024\\\/09\\\/plastic-panda-water-bottle-with-handlef0a8c.jpg\",\"width\":800,\"height\":800},{\"@type\":\"BreadcrumbList\",\"@id\":\"https:\\\/\\\/www.dillerbottle.com\\\/products\\\/plastic-panda-water-bottle-with-handle#breadcrumb\",\"itemListElement\":[{\"@type\":\"ListItem\",\"position\":1,\"name\":\"Home\",\"item\":\"https:\\\/\\\/www.dillerbottle.com\\\/\"},{\"@type\":\"ListItem\",\"position\":2,\"name\":\"Products\",\"item\":\"https:\\\/\\\/www.dillerbottle.com\\\/shop\"},{\"@type\":\"ListItem\",\"position\":3,\"name\":\"Plastic Panda Water Bottle With Handle\"}]},{\"@type\":\"WebSite\",\"@id\":\"https:\\\/\\\/www.dillerbottle.com\\\/#website\",\"url\":\"https:\\\/\\\/www.dillerbottle.com\\\/\",\"name\":\"Diller Water Bottle Manufacturer\",\"description\":\"Water Bottle Manufacturer\",\"publisher\":{\"@id\":\"https:\\\/\\\/www.dillerbottle.com\\\/#organization\"},\"potentialAction\":[{\"@type\":\"SearchAction\",\"target\":{\"@type\":\"EntryPoint\",\"urlTemplate\":\"https:\\\/\\\/www.dillerbottle.com\\\/?s={search_term_string}\"},\"query-input\":{\"@type\":\"PropertyValueSpecification\",\"valueRequired\":true,\"valueName\":\"search_term_string\"}}],\"inLanguage\":\"es\"},{\"@type\":\"Organization\",\"@id\":\"https:\\\/\\\/www.dillerbottle.com\\\/#organization\",\"name\":\"Diller Water Bottle Manufacturer\",\"url\":\"https:\\\/\\\/www.dillerbottle.com\\\/\",\"logo\":{\"@type\":\"ImageObject\",\"inLanguage\":\"es\",\"@id\":\"https:\\\/\\\/www.dillerbottle.com\\\/#\\\/schema\\\/logo\\\/image\\\/\",\"url\":\"https:\\\/\\\/www.dillerbottle.com\\\/wp-content\\\/uploads\\\/2024\\\/09\\\/49918bfa848dcc1e9f8b509933603ac.png\",\"contentUrl\":\"https:\\\/\\\/www.dillerbottle.com\\\/wp-content\\\/uploads\\\/2024\\\/09\\\/49918bfa848dcc1e9f8b509933603ac.png\",\"width\":988,\"height\":198,\"caption\":\"Diller Water Bottle Manufacturer\"},\"image\":{\"@id\":\"https:\\\/\\\/www.dillerbottle.com\\\/#\\\/schema\\\/logo\\\/image\\\/\"}}]}<\/script>\n<!-- \/ Yoast SEO Premium plugin. -->","yoast_head_json":{"title":"Botella de agua de pl\u00e1stico con forma de panda y asa - Fabricante de botellas de agua Diller","description":"Como uno de los mejores fabricantes y proveedores de botellas de agua de pl\u00e1stico con forma de panda y asa, nos dedicamos a la fabricaci\u00f3n de botellas de agua de buena calidad. Le damos una c\u00e1lida bienvenida a comprar al por mayor o a medida botellas de agua de pl\u00e1stico con forma de panda y asa a un precio competitivo. Adem\u00e1s, aceptamos pedidos de peque\u00f1as cantidades.","robots":{"index":"index","follow":"follow","max-snippet":"max-snippet:-1","max-image-preview":"max-image-preview:large","max-video-preview":"max-video-preview:-1"},"canonical":"https:\/\/www.dillerbottle.com\/es\/productos\/botella-de-agua-de-plastico-con-forma-de-panda-y-asa-2","og_locale":"es_ES","og_type":"article","og_title":"Plastic Panda Water Bottle With Handle","og_description":"As one of the best plastic panda water bottle with handle manufacturers and suppliers, we are engaged in manufacturing good quality water bottles. We warmly welcome you to wholesale or buy custom made plastic panda water bottle with handle at competitive price from us. Also, small quantity orders are acceptable.","og_url":"https:\/\/www.dillerbottle.com\/es\/productos\/botella-de-agua-de-plastico-con-forma-de-panda-y-asa-2","og_site_name":"Diller Water Bottle Manufacturer","article_modified_time":"2026-02-10T09:29:51+00:00","og_image":[{"width":800,"height":800,"url":"https:\/\/www.dillerbottle.com\/wp-content\/uploads\/2024\/09\/plastic-panda-water-bottle-with-handlef0a8c.jpg","type":"image\/jpeg"}],"twitter_card":"summary_large_image","twitter_misc":{"Tiempo de lectura":"6 minutos"},"schema":{"@context":"https:\/\/schema.org","@graph":[{"@type":"WebPage","@id":"https:\/\/www.dillerbottle.com\/products\/plastic-panda-water-bottle-with-handle","url":"https:\/\/www.dillerbottle.com\/products\/plastic-panda-water-bottle-with-handle","name":"Botella de agua de pl\u00e1stico con forma de panda y asa - Fabricante de botellas de agua Diller","isPartOf":{"@id":"https:\/\/www.dillerbottle.com\/#website"},"primaryImageOfPage":{"@id":"https:\/\/www.dillerbottle.com\/products\/plastic-panda-water-bottle-with-handle#primaryimage"},"image":{"@id":"https:\/\/www.dillerbottle.com\/products\/plastic-panda-water-bottle-with-handle#primaryimage"},"thumbnailUrl":"https:\/\/www.dillerbottle.com\/wp-content\/uploads\/2024\/09\/plastic-panda-water-bottle-with-handlef0a8c.jpg","datePublished":"2024-09-27T10:07:01+00:00","dateModified":"2026-02-10T09:29:51+00:00","description":"Como uno de los mejores fabricantes y proveedores de botellas de agua de pl\u00e1stico con forma de panda y asa, nos dedicamos a la fabricaci\u00f3n de botellas de agua de buena calidad. Le damos una c\u00e1lida bienvenida a comprar al por mayor o a medida botellas de agua de pl\u00e1stico con forma de panda y asa a un precio competitivo. Adem\u00e1s, aceptamos pedidos de peque\u00f1as cantidades.","breadcrumb":{"@id":"https:\/\/www.dillerbottle.com\/products\/plastic-panda-water-bottle-with-handle#breadcrumb"},"inLanguage":"es","potentialAction":[{"@type":"ReadAction","target":["https:\/\/www.dillerbottle.com\/products\/plastic-panda-water-bottle-with-handle"]}]},{"@type":"ImageObject","inLanguage":"es","@id":"https:\/\/www.dillerbottle.com\/products\/plastic-panda-water-bottle-with-handle#primaryimage","url":"https:\/\/www.dillerbottle.com\/wp-content\/uploads\/2024\/09\/plastic-panda-water-bottle-with-handlef0a8c.jpg","contentUrl":"https:\/\/www.dillerbottle.com\/wp-content\/uploads\/2024\/09\/plastic-panda-water-bottle-with-handlef0a8c.jpg","width":800,"height":800},{"@type":"BreadcrumbList","@id":"https:\/\/www.dillerbottle.com\/products\/plastic-panda-water-bottle-with-handle#breadcrumb","itemListElement":[{"@type":"ListItem","position":1,"name":"Home","item":"https:\/\/www.dillerbottle.com\/"},{"@type":"ListItem","position":2,"name":"Products","item":"https:\/\/www.dillerbottle.com\/shop"},{"@type":"ListItem","position":3,"name":"Plastic Panda Water Bottle With Handle"}]},{"@type":"WebSite","@id":"https:\/\/www.dillerbottle.com\/#website","url":"https:\/\/www.dillerbottle.com\/","name":"Fabricante de botellas de agua Diller","description":"Fabricante de botellas de agua","publisher":{"@id":"https:\/\/www.dillerbottle.com\/#organization"},"potentialAction":[{"@type":"SearchAction","target":{"@type":"EntryPoint","urlTemplate":"https:\/\/www.dillerbottle.com\/?s={search_term_string}"},"query-input":{"@type":"PropertyValueSpecification","valueRequired":true,"valueName":"search_term_string"}}],"inLanguage":"es"},{"@type":"Organization","@id":"https:\/\/www.dillerbottle.com\/#organization","name":"Fabricante de botellas de agua Diller","url":"https:\/\/www.dillerbottle.com\/","logo":{"@type":"ImageObject","inLanguage":"es","@id":"https:\/\/www.dillerbottle.com\/#\/schema\/logo\/image\/","url":"https:\/\/www.dillerbottle.com\/wp-content\/uploads\/2024\/09\/49918bfa848dcc1e9f8b509933603ac.png","contentUrl":"https:\/\/www.dillerbottle.com\/wp-content\/uploads\/2024\/09\/49918bfa848dcc1e9f8b509933603ac.png","width":988,"height":198,"caption":"Diller Water Bottle Manufacturer"},"image":{"@id":"https:\/\/www.dillerbottle.com\/#\/schema\/logo\/image\/"}}]}},"_links":{"self":[{"href":"https:\/\/www.dillerbottle.com\/es\/wp-json\/wp\/v2\/product\/6242","targetHints":{"allow":["GET"]}}],"collection":[{"href":"https:\/\/www.dillerbottle.com\/es\/wp-json\/wp\/v2\/product"}],"about":[{"href":"https:\/\/www.dillerbottle.com\/es\/wp-json\/wp\/v2\/types\/product"}],"replies":[{"embeddable":true,"href":"https:\/\/www.dillerbottle.com\/es\/wp-json\/wp\/v2\/comments?post=6242"}],"wp:featuredmedia":[{"embeddable":true,"href":"https:\/\/www.dillerbottle.com\/es\/wp-json\/wp\/v2\/media\/6243"}],"wp:attachment":[{"href":"https:\/\/www.dillerbottle.com\/es\/wp-json\/wp\/v2\/media?parent=6242"}],"wp:term":[{"taxonomy":"product_brand","embeddable":true,"href":"https:\/\/www.dillerbottle.com\/es\/wp-json\/wp\/v2\/product_brand?post=6242"},{"taxonomy":"product_cat","embeddable":true,"href":"https:\/\/www.dillerbottle.com\/es\/wp-json\/wp\/v2\/product_cat?post=6242"},{"taxonomy":"product_tag","embeddable":true,"href":"https:\/\/www.dillerbottle.com\/es\/wp-json\/wp\/v2\/product_tag?post=6242"}],"curies":[{"name":"Gracias","href":"https:\/\/api.w.org\/{rel}","templated":true}]}}