{"id":6349,"date":"2024-09-29T09:45:42","date_gmt":"2024-09-29T01:45:42","guid":{"rendered":"https:\/\/demo.dillerbottle.com\/uncategorized\/borosilicate-glass-water-bottle-with-handle"},"modified":"2025-07-09T17:51:45","modified_gmt":"2025-07-09T09:51:45","slug":"botella-de-agua-de-vidrio-de-borosilicato-con-asa","status":"publish","type":"product","link":"https:\/\/www.dillerbottle.com\/es\/products\/borosilicate-glass-water-bottle-with-handle","title":{"rendered":"Botella de agua de vidrio de borosilicato con asa"},"content":{"rendered":"<p>1. La botella de agua de vidrio de borosilicato con asa est\u00e1 fabricada con vidrio de borosilicato de alta calidad. Vidrio de borosilicato durable no se agrieta bajo temperaturas extremas, y el dise\u00f1o del cuerpo de la taza de doble capa no tiene miedo de escaldar las manos.<\/p>\n<p>2. Esta taza est\u00e1 equipada con un infusor de t\u00e9 magn\u00e9tico, que se puede liberar simplemente haciendo rodar la bola que se encuentra en la parte superior. El infusor de t\u00e9 est\u00e1 hecho de acero inoxidable 316 y tiene una gran capacidad.<\/p>\n<p>3. La tapa de sellado adopta una junta t\u00f3rica de silicona de grado alimenticio, que evita eficazmente las fugas de agua y no teme mojarse cuando se coloca en la bolsa.<\/p>\n<p>4. Esta botella de agua de vidrio de borosilicato con asa es adecuada para diversas ocasiones, como la oficina, el hogar, al aire libre y viajes, lo que le permite tener una maravillosa experiencia de bebida en cualquier momento y en cualquier lugar.<\/p>","protected":false},"excerpt":{"rendered":"<p>Esta botella de agua de vidrio de borosilicato con asa est\u00e1 hecha de vidrio de borosilicato de alto contenido y materiales de calidad alimentaria.<br \/>\nEl vidrio de borosilicato duradero no se agrieta bajo temperaturas extremas y el dise\u00f1o del cuerpo de la taza de doble capa no teme quemarse las manos.<br \/>\nEsta taza est\u00e1 equipada con un infusor de t\u00e9 magn\u00e9tico, que se puede liberar simplemente haciendo rodar la bola superior.<br \/>\nEl infusor de t\u00e9 est\u00e1 hecho de acero inoxidable 316 y tiene una gran capacidad.<br \/>\nOEM y ODM aceptables.<br \/>\nPodemos personalizar la botella de agua de vidrio seg\u00fan sus requisitos.<br \/>\n\u00a1Bienvenido a la compra al por mayor, env\u00ede su consulta ahora!<\/p>","protected":false},"featured_media":6350,"comment_status":"open","ping_status":"closed","template":"","meta":{"_acf_changed":false},"product_brand":[],"product_cat":[310],"product_tag":[548,32,557,554,36,33,31,555,39,38,29,37,34,35,556,505,28,204,30],"class_list":{"0":"post-6349","1":"product","2":"type-product","3":"status-publish","4":"has-post-thumbnail","6":"product_cat-glass-water-bottle","7":"product_tag-anime-water-bottle","8":"product_tag-best","9":"product_tag-bicycle-water-bottles","10":"product_tag-borosilicate-glass-water-bottle-with-handle","11":"product_tag-bulk","12":"product_tag-buy","13":"product_tag-custom","14":"product_tag-double-walled-insulated-water-bottle","15":"product_tag-for-sale","16":"product_tag-good-quality","17":"product_tag-manufacturers","18":"product_tag-manufacturing","19":"product_tag-price","20":"product_tag-small","21":"product_tag-smart-water-bottle","22":"product_tag-sublimation-water-bottle","23":"product_tag-suppliers","24":"product_tag-water-bottle-for-kids-cartoon","25":"product_tag-wholesale","27":"first","28":"instock","29":"shipping-taxable","30":"product-type-simple"},"acf":[],"yoast_head":"<!-- This site is optimized with the Yoast SEO Premium plugin v27.5 (Yoast SEO v27.5) - https:\/\/yoast.com\/product\/yoast-seo-premium-wordpress\/ -->\n<title>Borosilicate Glass Water Bottle With Handle - Diller Water Bottle Manufacturer<\/title>\n<meta name=\"description\" content=\"As one of the best borosilicate glass water bottle with handle manufacturers and suppliers, we are engaged in manufacturing good quality water bottles. We warmly welcome you to wholesale or buy custom made borosilicate glass water bottle with handle at competitive price from us. Also, small quantity orders are acceptable.\" \/>\n<meta name=\"robots\" content=\"index, follow, max-snippet:-1, max-image-preview:large, max-video-preview:-1\" \/>\n<link rel=\"canonical\" href=\"https:\/\/www.dillerbottle.com\/es\/productos\/botella-de-agua-de-vidrio-de-borosilicato-con-asa\" \/>\n<meta property=\"og:locale\" content=\"es_ES\" \/>\n<meta property=\"og:type\" content=\"article\" \/>\n<meta property=\"og:title\" content=\"Borosilicate Glass Water Bottle With Handle\" \/>\n<meta property=\"og:description\" content=\"As one of the best borosilicate glass water bottle with handle manufacturers and suppliers, we are engaged in manufacturing good quality water bottles. We warmly welcome you to wholesale or buy custom made borosilicate glass water bottle with handle at competitive price from us. Also, small quantity orders are acceptable.\" \/>\n<meta property=\"og:url\" content=\"https:\/\/www.dillerbottle.com\/es\/productos\/botella-de-agua-de-vidrio-de-borosilicato-con-asa\" \/>\n<meta property=\"og:site_name\" content=\"Diller Water Bottle Manufacturer\" \/>\n<meta property=\"article:modified_time\" content=\"2025-07-09T09:51:45+00:00\" \/>\n<meta property=\"og:image\" content=\"https:\/\/www.dillerbottle.com\/wp-content\/uploads\/2024\/09\/borosilicate-glass-water-bottle-with-handle782f1.jpg\" \/>\n\t<meta property=\"og:image:width\" content=\"800\" \/>\n\t<meta property=\"og:image:height\" content=\"800\" \/>\n\t<meta property=\"og:image:type\" content=\"image\/jpeg\" \/>\n<meta name=\"twitter:card\" content=\"summary_large_image\" \/>\n<meta name=\"twitter:label1\" content=\"Tiempo de lectura\" \/>\n\t<meta name=\"twitter:data1\" content=\"4 minutos\" \/>\n<script type=\"application\/ld+json\" class=\"yoast-schema-graph\">{\"@context\":\"https:\\\/\\\/schema.org\",\"@graph\":[{\"@type\":\"WebPage\",\"@id\":\"https:\\\/\\\/www.dillerbottle.com\\\/ar\\\/%d9%85%d9%86%d8%aa%d8%ac%d8%a7%d8%aa\\\/%d8%b2%d8%ac%d8%a7%d8%ac%d8%a9-%d9%85%d8%a7%d8%a1-%d9%85%d9%86-%d8%b2%d8%ac%d8%a7%d8%ac-%d8%a7%d9%84%d8%a8%d9%88%d8%b1%d8%b3%d9%84%d9%8a%d9%83%d8%a7%d8%aa-%d8%a8%d9%85%d9%82%d8%a8%d8%b6\",\"url\":\"https:\\\/\\\/www.dillerbottle.com\\\/ar\\\/%d9%85%d9%86%d8%aa%d8%ac%d8%a7%d8%aa\\\/%d8%b2%d8%ac%d8%a7%d8%ac%d8%a9-%d9%85%d8%a7%d8%a1-%d9%85%d9%86-%d8%b2%d8%ac%d8%a7%d8%ac-%d8%a7%d9%84%d8%a8%d9%88%d8%b1%d8%b3%d9%84%d9%8a%d9%83%d8%a7%d8%aa-%d8%a8%d9%85%d9%82%d8%a8%d8%b6\",\"name\":\"Borosilicate Glass Water Bottle With Handle - Diller Water Bottle Manufacturer\",\"isPartOf\":{\"@id\":\"https:\\\/\\\/www.dillerbottle.com\\\/#website\"},\"primaryImageOfPage\":{\"@id\":\"https:\\\/\\\/www.dillerbottle.com\\\/ar\\\/%d9%85%d9%86%d8%aa%d8%ac%d8%a7%d8%aa\\\/%d8%b2%d8%ac%d8%a7%d8%ac%d8%a9-%d9%85%d8%a7%d8%a1-%d9%85%d9%86-%d8%b2%d8%ac%d8%a7%d8%ac-%d8%a7%d9%84%d8%a8%d9%88%d8%b1%d8%b3%d9%84%d9%8a%d9%83%d8%a7%d8%aa-%d8%a8%d9%85%d9%82%d8%a8%d8%b6#primaryimage\"},\"image\":{\"@id\":\"https:\\\/\\\/www.dillerbottle.com\\\/ar\\\/%d9%85%d9%86%d8%aa%d8%ac%d8%a7%d8%aa\\\/%d8%b2%d8%ac%d8%a7%d8%ac%d8%a9-%d9%85%d8%a7%d8%a1-%d9%85%d9%86-%d8%b2%d8%ac%d8%a7%d8%ac-%d8%a7%d9%84%d8%a8%d9%88%d8%b1%d8%b3%d9%84%d9%8a%d9%83%d8%a7%d8%aa-%d8%a8%d9%85%d9%82%d8%a8%d8%b6#primaryimage\"},\"thumbnailUrl\":\"https:\\\/\\\/www.dillerbottle.com\\\/wp-content\\\/uploads\\\/2024\\\/09\\\/borosilicate-glass-water-bottle-with-handle782f1.jpg\",\"datePublished\":\"2024-09-29T01:45:42+00:00\",\"dateModified\":\"2025-07-09T09:51:45+00:00\",\"description\":\"As one of the best borosilicate glass water bottle with handle manufacturers and suppliers, we are engaged in manufacturing good quality water bottles. We warmly welcome you to wholesale or buy custom made borosilicate glass water bottle with handle at competitive price from us. Also, small quantity orders are acceptable.\",\"breadcrumb\":{\"@id\":\"https:\\\/\\\/www.dillerbottle.com\\\/ar\\\/%d9%85%d9%86%d8%aa%d8%ac%d8%a7%d8%aa\\\/%d8%b2%d8%ac%d8%a7%d8%ac%d8%a9-%d9%85%d8%a7%d8%a1-%d9%85%d9%86-%d8%b2%d8%ac%d8%a7%d8%ac-%d8%a7%d9%84%d8%a8%d9%88%d8%b1%d8%b3%d9%84%d9%8a%d9%83%d8%a7%d8%aa-%d8%a8%d9%85%d9%82%d8%a8%d8%b6#breadcrumb\"},\"inLanguage\":\"es\",\"potentialAction\":[{\"@type\":\"ReadAction\",\"target\":[\"https:\\\/\\\/www.dillerbottle.com\\\/ar\\\/%d9%85%d9%86%d8%aa%d8%ac%d8%a7%d8%aa\\\/%d8%b2%d8%ac%d8%a7%d8%ac%d8%a9-%d9%85%d8%a7%d8%a1-%d9%85%d9%86-%d8%b2%d8%ac%d8%a7%d8%ac-%d8%a7%d9%84%d8%a8%d9%88%d8%b1%d8%b3%d9%84%d9%8a%d9%83%d8%a7%d8%aa-%d8%a8%d9%85%d9%82%d8%a8%d8%b6\"]}]},{\"@type\":\"ImageObject\",\"inLanguage\":\"es\",\"@id\":\"https:\\\/\\\/www.dillerbottle.com\\\/ar\\\/%d9%85%d9%86%d8%aa%d8%ac%d8%a7%d8%aa\\\/%d8%b2%d8%ac%d8%a7%d8%ac%d8%a9-%d9%85%d8%a7%d8%a1-%d9%85%d9%86-%d8%b2%d8%ac%d8%a7%d8%ac-%d8%a7%d9%84%d8%a8%d9%88%d8%b1%d8%b3%d9%84%d9%8a%d9%83%d8%a7%d8%aa-%d8%a8%d9%85%d9%82%d8%a8%d8%b6#primaryimage\",\"url\":\"https:\\\/\\\/www.dillerbottle.com\\\/wp-content\\\/uploads\\\/2024\\\/09\\\/borosilicate-glass-water-bottle-with-handle782f1.jpg\",\"contentUrl\":\"https:\\\/\\\/www.dillerbottle.com\\\/wp-content\\\/uploads\\\/2024\\\/09\\\/borosilicate-glass-water-bottle-with-handle782f1.jpg\",\"width\":800,\"height\":800},{\"@type\":\"BreadcrumbList\",\"@id\":\"https:\\\/\\\/www.dillerbottle.com\\\/ar\\\/%d9%85%d9%86%d8%aa%d8%ac%d8%a7%d8%aa\\\/%d8%b2%d8%ac%d8%a7%d8%ac%d8%a9-%d9%85%d8%a7%d8%a1-%d9%85%d9%86-%d8%b2%d8%ac%d8%a7%d8%ac-%d8%a7%d9%84%d8%a8%d9%88%d8%b1%d8%b3%d9%84%d9%8a%d9%83%d8%a7%d8%aa-%d8%a8%d9%85%d9%82%d8%a8%d8%b6#breadcrumb\",\"itemListElement\":[{\"@type\":\"ListItem\",\"position\":1,\"name\":\"Home\",\"item\":\"https:\\\/\\\/www.dillerbottle.com\\\/\"},{\"@type\":\"ListItem\",\"position\":2,\"name\":\"Products\",\"item\":\"https:\\\/\\\/www.dillerbottle.com\\\/shop\"},{\"@type\":\"ListItem\",\"position\":3,\"name\":\"Borosilicate Glass Water Bottle With Handle\"}]},{\"@type\":\"WebSite\",\"@id\":\"https:\\\/\\\/www.dillerbottle.com\\\/#website\",\"url\":\"https:\\\/\\\/www.dillerbottle.com\\\/\",\"name\":\"Diller Water Bottle Manufacturer\",\"description\":\"Water Bottle Manufacturer\",\"publisher\":{\"@id\":\"https:\\\/\\\/www.dillerbottle.com\\\/#organization\"},\"potentialAction\":[{\"@type\":\"SearchAction\",\"target\":{\"@type\":\"EntryPoint\",\"urlTemplate\":\"https:\\\/\\\/www.dillerbottle.com\\\/?s={search_term_string}\"},\"query-input\":{\"@type\":\"PropertyValueSpecification\",\"valueRequired\":true,\"valueName\":\"search_term_string\"}}],\"inLanguage\":\"es\"},{\"@type\":\"Organization\",\"@id\":\"https:\\\/\\\/www.dillerbottle.com\\\/#organization\",\"name\":\"Diller Water Bottle Manufacturer\",\"url\":\"https:\\\/\\\/www.dillerbottle.com\\\/\",\"logo\":{\"@type\":\"ImageObject\",\"inLanguage\":\"es\",\"@id\":\"https:\\\/\\\/www.dillerbottle.com\\\/#\\\/schema\\\/logo\\\/image\\\/\",\"url\":\"https:\\\/\\\/www.dillerbottle.com\\\/wp-content\\\/uploads\\\/2024\\\/09\\\/49918bfa848dcc1e9f8b509933603ac.png\",\"contentUrl\":\"https:\\\/\\\/www.dillerbottle.com\\\/wp-content\\\/uploads\\\/2024\\\/09\\\/49918bfa848dcc1e9f8b509933603ac.png\",\"width\":988,\"height\":198,\"caption\":\"Diller Water Bottle Manufacturer\"},\"image\":{\"@id\":\"https:\\\/\\\/www.dillerbottle.com\\\/#\\\/schema\\\/logo\\\/image\\\/\"}}]}<\/script>\n<!-- \/ Yoast SEO Premium plugin. -->","yoast_head_json":{"title":"Botella de agua de vidrio de borosilicato con asa - Fabricante de botellas de agua Diller","description":"Como uno de los mejores fabricantes y proveedores de botellas de agua de vidrio de borosilicato con asa, nos dedicamos a la fabricaci\u00f3n de botellas de agua de buena calidad. Le damos una c\u00e1lida bienvenida para que compre al por mayor o a medida botellas de agua de vidrio de borosilicato con asa a un precio competitivo. Adem\u00e1s, aceptamos pedidos de peque\u00f1as cantidades.","robots":{"index":"index","follow":"follow","max-snippet":"max-snippet:-1","max-image-preview":"max-image-preview:large","max-video-preview":"max-video-preview:-1"},"canonical":"https:\/\/www.dillerbottle.com\/es\/productos\/botella-de-agua-de-vidrio-de-borosilicato-con-asa","og_locale":"es_ES","og_type":"article","og_title":"Borosilicate Glass Water Bottle With Handle","og_description":"As one of the best borosilicate glass water bottle with handle manufacturers and suppliers, we are engaged in manufacturing good quality water bottles. We warmly welcome you to wholesale or buy custom made borosilicate glass water bottle with handle at competitive price from us. Also, small quantity orders are acceptable.","og_url":"https:\/\/www.dillerbottle.com\/es\/productos\/botella-de-agua-de-vidrio-de-borosilicato-con-asa","og_site_name":"Diller Water Bottle Manufacturer","article_modified_time":"2025-07-09T09:51:45+00:00","og_image":[{"width":800,"height":800,"url":"https:\/\/www.dillerbottle.com\/wp-content\/uploads\/2024\/09\/borosilicate-glass-water-bottle-with-handle782f1.jpg","type":"image\/jpeg"}],"twitter_card":"summary_large_image","twitter_misc":{"Tiempo de lectura":"4 minutos"},"schema":{"@context":"https:\/\/schema.org","@graph":[{"@type":"WebPage","@id":"https:\/\/www.dillerbottle.com\/ar\/%d9%85%d9%86%d8%aa%d8%ac%d8%a7%d8%aa\/%d8%b2%d8%ac%d8%a7%d8%ac%d8%a9-%d9%85%d8%a7%d8%a1-%d9%85%d9%86-%d8%b2%d8%ac%d8%a7%d8%ac-%d8%a7%d9%84%d8%a8%d9%88%d8%b1%d8%b3%d9%84%d9%8a%d9%83%d8%a7%d8%aa-%d8%a8%d9%85%d9%82%d8%a8%d8%b6","url":"https:\/\/www.dillerbottle.com\/ar\/%d9%85%d9%86%d8%aa%d8%ac%d8%a7%d8%aa\/%d8%b2%d8%ac%d8%a7%d8%ac%d8%a9-%d9%85%d8%a7%d8%a1-%d9%85%d9%86-%d8%b2%d8%ac%d8%a7%d8%ac-%d8%a7%d9%84%d8%a8%d9%88%d8%b1%d8%b3%d9%84%d9%8a%d9%83%d8%a7%d8%aa-%d8%a8%d9%85%d9%82%d8%a8%d8%b6","name":"Botella de agua de vidrio de borosilicato con asa - Fabricante de botellas de agua Diller","isPartOf":{"@id":"https:\/\/www.dillerbottle.com\/#website"},"primaryImageOfPage":{"@id":"https:\/\/www.dillerbottle.com\/ar\/%d9%85%d9%86%d8%aa%d8%ac%d8%a7%d8%aa\/%d8%b2%d8%ac%d8%a7%d8%ac%d8%a9-%d9%85%d8%a7%d8%a1-%d9%85%d9%86-%d8%b2%d8%ac%d8%a7%d8%ac-%d8%a7%d9%84%d8%a8%d9%88%d8%b1%d8%b3%d9%84%d9%8a%d9%83%d8%a7%d8%aa-%d8%a8%d9%85%d9%82%d8%a8%d8%b6#primaryimage"},"image":{"@id":"https:\/\/www.dillerbottle.com\/ar\/%d9%85%d9%86%d8%aa%d8%ac%d8%a7%d8%aa\/%d8%b2%d8%ac%d8%a7%d8%ac%d8%a9-%d9%85%d8%a7%d8%a1-%d9%85%d9%86-%d8%b2%d8%ac%d8%a7%d8%ac-%d8%a7%d9%84%d8%a8%d9%88%d8%b1%d8%b3%d9%84%d9%8a%d9%83%d8%a7%d8%aa-%d8%a8%d9%85%d9%82%d8%a8%d8%b6#primaryimage"},"thumbnailUrl":"https:\/\/www.dillerbottle.com\/wp-content\/uploads\/2024\/09\/borosilicate-glass-water-bottle-with-handle782f1.jpg","datePublished":"2024-09-29T01:45:42+00:00","dateModified":"2025-07-09T09:51:45+00:00","description":"Como uno de los mejores fabricantes y proveedores de botellas de agua de vidrio de borosilicato con asa, nos dedicamos a la fabricaci\u00f3n de botellas de agua de buena calidad. Le damos una c\u00e1lida bienvenida para que compre al por mayor o a medida botellas de agua de vidrio de borosilicato con asa a un precio competitivo. Adem\u00e1s, aceptamos pedidos de peque\u00f1as cantidades.","breadcrumb":{"@id":"https:\/\/www.dillerbottle.com\/ar\/%d9%85%d9%86%d8%aa%d8%ac%d8%a7%d8%aa\/%d8%b2%d8%ac%d8%a7%d8%ac%d8%a9-%d9%85%d8%a7%d8%a1-%d9%85%d9%86-%d8%b2%d8%ac%d8%a7%d8%ac-%d8%a7%d9%84%d8%a8%d9%88%d8%b1%d8%b3%d9%84%d9%8a%d9%83%d8%a7%d8%aa-%d8%a8%d9%85%d9%82%d8%a8%d8%b6#breadcrumb"},"inLanguage":"es","potentialAction":[{"@type":"ReadAction","target":["https:\/\/www.dillerbottle.com\/ar\/%d9%85%d9%86%d8%aa%d8%ac%d8%a7%d8%aa\/%d8%b2%d8%ac%d8%a7%d8%ac%d8%a9-%d9%85%d8%a7%d8%a1-%d9%85%d9%86-%d8%b2%d8%ac%d8%a7%d8%ac-%d8%a7%d9%84%d8%a8%d9%88%d8%b1%d8%b3%d9%84%d9%8a%d9%83%d8%a7%d8%aa-%d8%a8%d9%85%d9%82%d8%a8%d8%b6"]}]},{"@type":"ImageObject","inLanguage":"es","@id":"https:\/\/www.dillerbottle.com\/ar\/%d9%85%d9%86%d8%aa%d8%ac%d8%a7%d8%aa\/%d8%b2%d8%ac%d8%a7%d8%ac%d8%a9-%d9%85%d8%a7%d8%a1-%d9%85%d9%86-%d8%b2%d8%ac%d8%a7%d8%ac-%d8%a7%d9%84%d8%a8%d9%88%d8%b1%d8%b3%d9%84%d9%8a%d9%83%d8%a7%d8%aa-%d8%a8%d9%85%d9%82%d8%a8%d8%b6#primaryimage","url":"https:\/\/www.dillerbottle.com\/wp-content\/uploads\/2024\/09\/borosilicate-glass-water-bottle-with-handle782f1.jpg","contentUrl":"https:\/\/www.dillerbottle.com\/wp-content\/uploads\/2024\/09\/borosilicate-glass-water-bottle-with-handle782f1.jpg","width":800,"height":800},{"@type":"BreadcrumbList","@id":"https:\/\/www.dillerbottle.com\/ar\/%d9%85%d9%86%d8%aa%d8%ac%d8%a7%d8%aa\/%d8%b2%d8%ac%d8%a7%d8%ac%d8%a9-%d9%85%d8%a7%d8%a1-%d9%85%d9%86-%d8%b2%d8%ac%d8%a7%d8%ac-%d8%a7%d9%84%d8%a8%d9%88%d8%b1%d8%b3%d9%84%d9%8a%d9%83%d8%a7%d8%aa-%d8%a8%d9%85%d9%82%d8%a8%d8%b6#breadcrumb","itemListElement":[{"@type":"ListItem","position":1,"name":"Home","item":"https:\/\/www.dillerbottle.com\/"},{"@type":"ListItem","position":2,"name":"Products","item":"https:\/\/www.dillerbottle.com\/shop"},{"@type":"ListItem","position":3,"name":"Borosilicate Glass Water Bottle With Handle"}]},{"@type":"WebSite","@id":"https:\/\/www.dillerbottle.com\/#website","url":"https:\/\/www.dillerbottle.com\/","name":"Fabricante de botellas de agua Diller","description":"Fabricante de botellas de agua","publisher":{"@id":"https:\/\/www.dillerbottle.com\/#organization"},"potentialAction":[{"@type":"SearchAction","target":{"@type":"EntryPoint","urlTemplate":"https:\/\/www.dillerbottle.com\/?s={search_term_string}"},"query-input":{"@type":"PropertyValueSpecification","valueRequired":true,"valueName":"search_term_string"}}],"inLanguage":"es"},{"@type":"Organization","@id":"https:\/\/www.dillerbottle.com\/#organization","name":"Fabricante de botellas de agua Diller","url":"https:\/\/www.dillerbottle.com\/","logo":{"@type":"ImageObject","inLanguage":"es","@id":"https:\/\/www.dillerbottle.com\/#\/schema\/logo\/image\/","url":"https:\/\/www.dillerbottle.com\/wp-content\/uploads\/2024\/09\/49918bfa848dcc1e9f8b509933603ac.png","contentUrl":"https:\/\/www.dillerbottle.com\/wp-content\/uploads\/2024\/09\/49918bfa848dcc1e9f8b509933603ac.png","width":988,"height":198,"caption":"Diller Water Bottle Manufacturer"},"image":{"@id":"https:\/\/www.dillerbottle.com\/#\/schema\/logo\/image\/"}}]}},"_links":{"self":[{"href":"https:\/\/www.dillerbottle.com\/es\/wp-json\/wp\/v2\/product\/6349","targetHints":{"allow":["GET"]}}],"collection":[{"href":"https:\/\/www.dillerbottle.com\/es\/wp-json\/wp\/v2\/product"}],"about":[{"href":"https:\/\/www.dillerbottle.com\/es\/wp-json\/wp\/v2\/types\/product"}],"replies":[{"embeddable":true,"href":"https:\/\/www.dillerbottle.com\/es\/wp-json\/wp\/v2\/comments?post=6349"}],"wp:featuredmedia":[{"embeddable":true,"href":"https:\/\/www.dillerbottle.com\/es\/wp-json\/wp\/v2\/media\/6350"}],"wp:attachment":[{"href":"https:\/\/www.dillerbottle.com\/es\/wp-json\/wp\/v2\/media?parent=6349"}],"wp:term":[{"taxonomy":"product_brand","embeddable":true,"href":"https:\/\/www.dillerbottle.com\/es\/wp-json\/wp\/v2\/product_brand?post=6349"},{"taxonomy":"product_cat","embeddable":true,"href":"https:\/\/www.dillerbottle.com\/es\/wp-json\/wp\/v2\/product_cat?post=6349"},{"taxonomy":"product_tag","embeddable":true,"href":"https:\/\/www.dillerbottle.com\/es\/wp-json\/wp\/v2\/product_tag?post=6349"}],"curies":[{"name":"Gracias","href":"https:\/\/api.w.org\/{rel}","templated":true}]}}