{"id":7307,"date":"2024-09-29T09:58:11","date_gmt":"2024-09-29T01:58:11","guid":{"rendered":"https:\/\/demo.dillerbottle.com\/uncategorized\/glass-tea-bottle-with-infuser"},"modified":"2025-07-09T17:01:33","modified_gmt":"2025-07-09T09:01:33","slug":"botella-de-te-de-vidrio-con-infusor","status":"publish","type":"product","link":"https:\/\/www.dillerbottle.com\/es\/products\/glass-tea-bottle-with-infuser","title":{"rendered":"Botella de t\u00e9 de vidrio con infusor"},"content":{"rendered":"<p>Caracter\u00edsticas de la botella de t\u00e9 de vidrio con infusor: 1. La botella de t\u00e9 de vidrio est\u00e1 hecha de vidrio de borosilicato duradero, puede contener l\u00edquidos fr\u00edos y calientes sin mucha expansi\u00f3n t\u00e9rmica, lo que proporciona al usuario una experiencia de beber t\u00e9 segura y agradable.<br \/>\n2. La botella de t\u00e9 de vidrio de doble pared con infusor puede mantener las bebidas fr\u00edas o calientes por m\u00e1s tiempo, tambi\u00e9n puede evitar que las manos se quemen con agua caliente.<br \/>\n3. La botella es a prueba de fugas, herm\u00e9tica e invertida, con colador de t\u00e9 de acero inoxidable incorporado; puede separar f\u00e1cilmente el t\u00e9 de hojas sueltas y el agua.<br \/>\n4.;La botella de t\u00e9 de vidrio tiene un asa de silicona duradera y de alta resistencia, f\u00e1cil de transportar.<\/p>","protected":false},"excerpt":{"rendered":"<p>Caracter\u00edsticas de la botella de t\u00e9 de vidrio con infusor: 1.<br \/>\nLa botella de t\u00e9 de vidrio est\u00e1 hecha de vidrio de borosilicato duradero, puede contener l\u00edquido fr\u00edo y caliente sin mucha expansi\u00f3n t\u00e9rmica, brindando al usuario una experiencia de beber t\u00e9 segura y agradable.<br \/>\n2.<br \/>\nLa botella de t\u00e9 de vidrio de doble pared con infusor puede mantener las bebidas\u2026<\/p>","protected":false},"featured_media":7308,"comment_status":"open","ping_status":"closed","template":"","meta":{"_acf_changed":false},"product_brand":[],"product_cat":[310],"product_tag":[592,583,32,36,33,31,39,635,614,38,604,29,37,587,34,35,28,577,30],"class_list":{"0":"post-7307","1":"product","2":"type-product","3":"status-publish","4":"has-post-thumbnail","6":"product_cat-glass-water-bottle","7":"product_tag-1-liter-water-bottle","8":"product_tag-2023-new-water-bottle","9":"product_tag-best","10":"product_tag-bulk","11":"product_tag-buy","12":"product_tag-custom","13":"product_tag-for-sale","14":"product_tag-glass-tea-bottle-with-infuser","15":"product_tag-glass-water-bottle-with-infuser","16":"product_tag-good-quality","17":"product_tag-logo-water-bottle","18":"product_tag-manufacturers","19":"product_tag-manufacturing","20":"product_tag-motivational-water-bottle-1-liter","21":"product_tag-price","22":"product_tag-small","23":"product_tag-suppliers","24":"product_tag-water-bottle-500ml","25":"product_tag-wholesale","27":"first","28":"instock","29":"shipping-taxable","30":"product-type-simple"},"acf":[],"yoast_head":"<!-- This site is optimized with the Yoast SEO Premium plugin v27.5 (Yoast SEO v27.5) - https:\/\/yoast.com\/product\/yoast-seo-premium-wordpress\/ -->\n<title>Glass Tea Bottle With Infuser - Diller Water Bottle Manufacturer<\/title>\n<meta name=\"description\" content=\"As one of the best glass tea bottle with infuser manufacturers and suppliers, we are engaged in manufacturing good quality water bottles. We warmly welcome you to wholesale or buy custom made glass tea bottle with infuser at competitive price from us. Also, small quantity orders are acceptable.\" \/>\n<meta name=\"robots\" content=\"index, follow, max-snippet:-1, max-image-preview:large, max-video-preview:-1\" \/>\n<link rel=\"canonical\" href=\"https:\/\/www.dillerbottle.com\/es\/productos\/botella-de-te-de-vidrio-con-infusor\" \/>\n<meta property=\"og:locale\" content=\"es_ES\" \/>\n<meta property=\"og:type\" content=\"article\" \/>\n<meta property=\"og:title\" content=\"Glass Tea Bottle With Infuser\" \/>\n<meta property=\"og:description\" content=\"As one of the best glass tea bottle with infuser manufacturers and suppliers, we are engaged in manufacturing good quality water bottles. We warmly welcome you to wholesale or buy custom made glass tea bottle with infuser at competitive price from us. Also, small quantity orders are acceptable.\" \/>\n<meta property=\"og:url\" content=\"https:\/\/www.dillerbottle.com\/es\/productos\/botella-de-te-de-vidrio-con-infusor\" \/>\n<meta property=\"og:site_name\" content=\"Diller Water Bottle Manufacturer\" \/>\n<meta property=\"article:modified_time\" content=\"2025-07-09T09:01:33+00:00\" \/>\n<meta property=\"og:image\" content=\"https:\/\/www.dillerbottle.com\/wp-content\/uploads\/2024\/09\/glass-tea-bottle-with-infuser12043827598.jpg\" \/>\n\t<meta property=\"og:image:width\" content=\"730\" \/>\n\t<meta property=\"og:image:height\" content=\"730\" \/>\n\t<meta property=\"og:image:type\" content=\"image\/jpeg\" \/>\n<meta name=\"twitter:card\" content=\"summary_large_image\" \/>\n<meta name=\"twitter:label1\" content=\"Tiempo de lectura\" \/>\n\t<meta name=\"twitter:data1\" content=\"2 minutos\" \/>\n<script type=\"application\/ld+json\" class=\"yoast-schema-graph\">{\"@context\":\"https:\\\/\\\/schema.org\",\"@graph\":[{\"@type\":\"WebPage\",\"@id\":\"https:\\\/\\\/www.dillerbottle.com\\\/ru\\\/%d0%bf%d1%80%d0%be%d0%b4%d1%83%d0%ba%d1%82%d1%8b\\\/%d1%81%d1%82%d0%b5%d0%ba%d0%bb%d1%8f%d0%bd%d0%bd%d0%b0%d1%8f-%d0%b1%d1%83%d1%82%d1%8b%d0%bb%d0%ba%d0%b0-%d0%b4%d0%bb%d1%8f-%d1%87%d0%b0%d1%8f-%d1%81-%d0%b7%d0%b0%d0%b2%d0%b0%d1%80%d0%bd%d0%b8%d0%ba\",\"url\":\"https:\\\/\\\/www.dillerbottle.com\\\/ru\\\/%d0%bf%d1%80%d0%be%d0%b4%d1%83%d0%ba%d1%82%d1%8b\\\/%d1%81%d1%82%d0%b5%d0%ba%d0%bb%d1%8f%d0%bd%d0%bd%d0%b0%d1%8f-%d0%b1%d1%83%d1%82%d1%8b%d0%bb%d0%ba%d0%b0-%d0%b4%d0%bb%d1%8f-%d1%87%d0%b0%d1%8f-%d1%81-%d0%b7%d0%b0%d0%b2%d0%b0%d1%80%d0%bd%d0%b8%d0%ba\",\"name\":\"Glass Tea Bottle With Infuser - Diller Water Bottle Manufacturer\",\"isPartOf\":{\"@id\":\"https:\\\/\\\/www.dillerbottle.com\\\/#website\"},\"primaryImageOfPage\":{\"@id\":\"https:\\\/\\\/www.dillerbottle.com\\\/ru\\\/%d0%bf%d1%80%d0%be%d0%b4%d1%83%d0%ba%d1%82%d1%8b\\\/%d1%81%d1%82%d0%b5%d0%ba%d0%bb%d1%8f%d0%bd%d0%bd%d0%b0%d1%8f-%d0%b1%d1%83%d1%82%d1%8b%d0%bb%d0%ba%d0%b0-%d0%b4%d0%bb%d1%8f-%d1%87%d0%b0%d1%8f-%d1%81-%d0%b7%d0%b0%d0%b2%d0%b0%d1%80%d0%bd%d0%b8%d0%ba#primaryimage\"},\"image\":{\"@id\":\"https:\\\/\\\/www.dillerbottle.com\\\/ru\\\/%d0%bf%d1%80%d0%be%d0%b4%d1%83%d0%ba%d1%82%d1%8b\\\/%d1%81%d1%82%d0%b5%d0%ba%d0%bb%d1%8f%d0%bd%d0%bd%d0%b0%d1%8f-%d0%b1%d1%83%d1%82%d1%8b%d0%bb%d0%ba%d0%b0-%d0%b4%d0%bb%d1%8f-%d1%87%d0%b0%d1%8f-%d1%81-%d0%b7%d0%b0%d0%b2%d0%b0%d1%80%d0%bd%d0%b8%d0%ba#primaryimage\"},\"thumbnailUrl\":\"https:\\\/\\\/www.dillerbottle.com\\\/wp-content\\\/uploads\\\/2024\\\/09\\\/glass-tea-bottle-with-infuser12043827598.jpg\",\"datePublished\":\"2024-09-29T01:58:11+00:00\",\"dateModified\":\"2025-07-09T09:01:33+00:00\",\"description\":\"As one of the best glass tea bottle with infuser manufacturers and suppliers, we are engaged in manufacturing good quality water bottles. We warmly welcome you to wholesale or buy custom made glass tea bottle with infuser at competitive price from us. Also, small quantity orders are acceptable.\",\"breadcrumb\":{\"@id\":\"https:\\\/\\\/www.dillerbottle.com\\\/ru\\\/%d0%bf%d1%80%d0%be%d0%b4%d1%83%d0%ba%d1%82%d1%8b\\\/%d1%81%d1%82%d0%b5%d0%ba%d0%bb%d1%8f%d0%bd%d0%bd%d0%b0%d1%8f-%d0%b1%d1%83%d1%82%d1%8b%d0%bb%d0%ba%d0%b0-%d0%b4%d0%bb%d1%8f-%d1%87%d0%b0%d1%8f-%d1%81-%d0%b7%d0%b0%d0%b2%d0%b0%d1%80%d0%bd%d0%b8%d0%ba#breadcrumb\"},\"inLanguage\":\"es\",\"potentialAction\":[{\"@type\":\"ReadAction\",\"target\":[\"https:\\\/\\\/www.dillerbottle.com\\\/ru\\\/%d0%bf%d1%80%d0%be%d0%b4%d1%83%d0%ba%d1%82%d1%8b\\\/%d1%81%d1%82%d0%b5%d0%ba%d0%bb%d1%8f%d0%bd%d0%bd%d0%b0%d1%8f-%d0%b1%d1%83%d1%82%d1%8b%d0%bb%d0%ba%d0%b0-%d0%b4%d0%bb%d1%8f-%d1%87%d0%b0%d1%8f-%d1%81-%d0%b7%d0%b0%d0%b2%d0%b0%d1%80%d0%bd%d0%b8%d0%ba\"]}]},{\"@type\":\"ImageObject\",\"inLanguage\":\"es\",\"@id\":\"https:\\\/\\\/www.dillerbottle.com\\\/ru\\\/%d0%bf%d1%80%d0%be%d0%b4%d1%83%d0%ba%d1%82%d1%8b\\\/%d1%81%d1%82%d0%b5%d0%ba%d0%bb%d1%8f%d0%bd%d0%bd%d0%b0%d1%8f-%d0%b1%d1%83%d1%82%d1%8b%d0%bb%d0%ba%d0%b0-%d0%b4%d0%bb%d1%8f-%d1%87%d0%b0%d1%8f-%d1%81-%d0%b7%d0%b0%d0%b2%d0%b0%d1%80%d0%bd%d0%b8%d0%ba#primaryimage\",\"url\":\"https:\\\/\\\/www.dillerbottle.com\\\/wp-content\\\/uploads\\\/2024\\\/09\\\/glass-tea-bottle-with-infuser12043827598.jpg\",\"contentUrl\":\"https:\\\/\\\/www.dillerbottle.com\\\/wp-content\\\/uploads\\\/2024\\\/09\\\/glass-tea-bottle-with-infuser12043827598.jpg\",\"width\":730,\"height\":730},{\"@type\":\"BreadcrumbList\",\"@id\":\"https:\\\/\\\/www.dillerbottle.com\\\/ru\\\/%d0%bf%d1%80%d0%be%d0%b4%d1%83%d0%ba%d1%82%d1%8b\\\/%d1%81%d1%82%d0%b5%d0%ba%d0%bb%d1%8f%d0%bd%d0%bd%d0%b0%d1%8f-%d0%b1%d1%83%d1%82%d1%8b%d0%bb%d0%ba%d0%b0-%d0%b4%d0%bb%d1%8f-%d1%87%d0%b0%d1%8f-%d1%81-%d0%b7%d0%b0%d0%b2%d0%b0%d1%80%d0%bd%d0%b8%d0%ba#breadcrumb\",\"itemListElement\":[{\"@type\":\"ListItem\",\"position\":1,\"name\":\"Home\",\"item\":\"https:\\\/\\\/www.dillerbottle.com\\\/\"},{\"@type\":\"ListItem\",\"position\":2,\"name\":\"Products\",\"item\":\"https:\\\/\\\/www.dillerbottle.com\\\/shop\"},{\"@type\":\"ListItem\",\"position\":3,\"name\":\"Glass Tea Bottle With Infuser\"}]},{\"@type\":\"WebSite\",\"@id\":\"https:\\\/\\\/www.dillerbottle.com\\\/#website\",\"url\":\"https:\\\/\\\/www.dillerbottle.com\\\/\",\"name\":\"Diller Water Bottle Manufacturer\",\"description\":\"Water Bottle Manufacturer\",\"publisher\":{\"@id\":\"https:\\\/\\\/www.dillerbottle.com\\\/#organization\"},\"potentialAction\":[{\"@type\":\"SearchAction\",\"target\":{\"@type\":\"EntryPoint\",\"urlTemplate\":\"https:\\\/\\\/www.dillerbottle.com\\\/?s={search_term_string}\"},\"query-input\":{\"@type\":\"PropertyValueSpecification\",\"valueRequired\":true,\"valueName\":\"search_term_string\"}}],\"inLanguage\":\"es\"},{\"@type\":\"Organization\",\"@id\":\"https:\\\/\\\/www.dillerbottle.com\\\/#organization\",\"name\":\"Diller Water Bottle Manufacturer\",\"url\":\"https:\\\/\\\/www.dillerbottle.com\\\/\",\"logo\":{\"@type\":\"ImageObject\",\"inLanguage\":\"es\",\"@id\":\"https:\\\/\\\/www.dillerbottle.com\\\/#\\\/schema\\\/logo\\\/image\\\/\",\"url\":\"https:\\\/\\\/www.dillerbottle.com\\\/wp-content\\\/uploads\\\/2024\\\/09\\\/49918bfa848dcc1e9f8b509933603ac.png\",\"contentUrl\":\"https:\\\/\\\/www.dillerbottle.com\\\/wp-content\\\/uploads\\\/2024\\\/09\\\/49918bfa848dcc1e9f8b509933603ac.png\",\"width\":988,\"height\":198,\"caption\":\"Diller Water Bottle Manufacturer\"},\"image\":{\"@id\":\"https:\\\/\\\/www.dillerbottle.com\\\/#\\\/schema\\\/logo\\\/image\\\/\"}}]}<\/script>\n<!-- \/ Yoast SEO Premium plugin. -->","yoast_head_json":{"title":"Botella de vidrio para t\u00e9 con infusor - Fabricante de botellas de agua Diller","description":"Como uno de los mejores fabricantes y proveedores de botellas de vidrio para t\u00e9 con infusor, nos dedicamos a la fabricaci\u00f3n de botellas de agua de buena calidad. Le damos una c\u00e1lida bienvenida para que compre al por mayor o botellas de vidrio para t\u00e9 con infusor hechas a medida a un precio competitivo. Adem\u00e1s, aceptamos pedidos de peque\u00f1as cantidades.","robots":{"index":"index","follow":"follow","max-snippet":"max-snippet:-1","max-image-preview":"max-image-preview:large","max-video-preview":"max-video-preview:-1"},"canonical":"https:\/\/www.dillerbottle.com\/es\/productos\/botella-de-te-de-vidrio-con-infusor","og_locale":"es_ES","og_type":"article","og_title":"Glass Tea Bottle With Infuser","og_description":"As one of the best glass tea bottle with infuser manufacturers and suppliers, we are engaged in manufacturing good quality water bottles. We warmly welcome you to wholesale or buy custom made glass tea bottle with infuser at competitive price from us. Also, small quantity orders are acceptable.","og_url":"https:\/\/www.dillerbottle.com\/es\/productos\/botella-de-te-de-vidrio-con-infusor","og_site_name":"Diller Water Bottle Manufacturer","article_modified_time":"2025-07-09T09:01:33+00:00","og_image":[{"width":730,"height":730,"url":"https:\/\/www.dillerbottle.com\/wp-content\/uploads\/2024\/09\/glass-tea-bottle-with-infuser12043827598.jpg","type":"image\/jpeg"}],"twitter_card":"summary_large_image","twitter_misc":{"Tiempo de lectura":"2 minutos"},"schema":{"@context":"https:\/\/schema.org","@graph":[{"@type":"WebPage","@id":"https:\/\/www.dillerbottle.com\/ru\/%d0%bf%d1%80%d0%be%d0%b4%d1%83%d0%ba%d1%82%d1%8b\/%d1%81%d1%82%d0%b5%d0%ba%d0%bb%d1%8f%d0%bd%d0%bd%d0%b0%d1%8f-%d0%b1%d1%83%d1%82%d1%8b%d0%bb%d0%ba%d0%b0-%d0%b4%d0%bb%d1%8f-%d1%87%d0%b0%d1%8f-%d1%81-%d0%b7%d0%b0%d0%b2%d0%b0%d1%80%d0%bd%d0%b8%d0%ba","url":"https:\/\/www.dillerbottle.com\/ru\/%d0%bf%d1%80%d0%be%d0%b4%d1%83%d0%ba%d1%82%d1%8b\/%d1%81%d1%82%d0%b5%d0%ba%d0%bb%d1%8f%d0%bd%d0%bd%d0%b0%d1%8f-%d0%b1%d1%83%d1%82%d1%8b%d0%bb%d0%ba%d0%b0-%d0%b4%d0%bb%d1%8f-%d1%87%d0%b0%d1%8f-%d1%81-%d0%b7%d0%b0%d0%b2%d0%b0%d1%80%d0%bd%d0%b8%d0%ba","name":"Botella de vidrio para t\u00e9 con infusor - Fabricante de botellas de agua Diller","isPartOf":{"@id":"https:\/\/www.dillerbottle.com\/#website"},"primaryImageOfPage":{"@id":"https:\/\/www.dillerbottle.com\/ru\/%d0%bf%d1%80%d0%be%d0%b4%d1%83%d0%ba%d1%82%d1%8b\/%d1%81%d1%82%d0%b5%d0%ba%d0%bb%d1%8f%d0%bd%d0%bd%d0%b0%d1%8f-%d0%b1%d1%83%d1%82%d1%8b%d0%bb%d0%ba%d0%b0-%d0%b4%d0%bb%d1%8f-%d1%87%d0%b0%d1%8f-%d1%81-%d0%b7%d0%b0%d0%b2%d0%b0%d1%80%d0%bd%d0%b8%d0%ba#primaryimage"},"image":{"@id":"https:\/\/www.dillerbottle.com\/ru\/%d0%bf%d1%80%d0%be%d0%b4%d1%83%d0%ba%d1%82%d1%8b\/%d1%81%d1%82%d0%b5%d0%ba%d0%bb%d1%8f%d0%bd%d0%bd%d0%b0%d1%8f-%d0%b1%d1%83%d1%82%d1%8b%d0%bb%d0%ba%d0%b0-%d0%b4%d0%bb%d1%8f-%d1%87%d0%b0%d1%8f-%d1%81-%d0%b7%d0%b0%d0%b2%d0%b0%d1%80%d0%bd%d0%b8%d0%ba#primaryimage"},"thumbnailUrl":"https:\/\/www.dillerbottle.com\/wp-content\/uploads\/2024\/09\/glass-tea-bottle-with-infuser12043827598.jpg","datePublished":"2024-09-29T01:58:11+00:00","dateModified":"2025-07-09T09:01:33+00:00","description":"Como uno de los mejores fabricantes y proveedores de botellas de vidrio para t\u00e9 con infusor, nos dedicamos a la fabricaci\u00f3n de botellas de agua de buena calidad. Le damos una c\u00e1lida bienvenida para que compre al por mayor o botellas de vidrio para t\u00e9 con infusor hechas a medida a un precio competitivo. Adem\u00e1s, aceptamos pedidos de peque\u00f1as cantidades.","breadcrumb":{"@id":"https:\/\/www.dillerbottle.com\/ru\/%d0%bf%d1%80%d0%be%d0%b4%d1%83%d0%ba%d1%82%d1%8b\/%d1%81%d1%82%d0%b5%d0%ba%d0%bb%d1%8f%d0%bd%d0%bd%d0%b0%d1%8f-%d0%b1%d1%83%d1%82%d1%8b%d0%bb%d0%ba%d0%b0-%d0%b4%d0%bb%d1%8f-%d1%87%d0%b0%d1%8f-%d1%81-%d0%b7%d0%b0%d0%b2%d0%b0%d1%80%d0%bd%d0%b8%d0%ba#breadcrumb"},"inLanguage":"es","potentialAction":[{"@type":"ReadAction","target":["https:\/\/www.dillerbottle.com\/ru\/%d0%bf%d1%80%d0%be%d0%b4%d1%83%d0%ba%d1%82%d1%8b\/%d1%81%d1%82%d0%b5%d0%ba%d0%bb%d1%8f%d0%bd%d0%bd%d0%b0%d1%8f-%d0%b1%d1%83%d1%82%d1%8b%d0%bb%d0%ba%d0%b0-%d0%b4%d0%bb%d1%8f-%d1%87%d0%b0%d1%8f-%d1%81-%d0%b7%d0%b0%d0%b2%d0%b0%d1%80%d0%bd%d0%b8%d0%ba"]}]},{"@type":"ImageObject","inLanguage":"es","@id":"https:\/\/www.dillerbottle.com\/ru\/%d0%bf%d1%80%d0%be%d0%b4%d1%83%d0%ba%d1%82%d1%8b\/%d1%81%d1%82%d0%b5%d0%ba%d0%bb%d1%8f%d0%bd%d0%bd%d0%b0%d1%8f-%d0%b1%d1%83%d1%82%d1%8b%d0%bb%d0%ba%d0%b0-%d0%b4%d0%bb%d1%8f-%d1%87%d0%b0%d1%8f-%d1%81-%d0%b7%d0%b0%d0%b2%d0%b0%d1%80%d0%bd%d0%b8%d0%ba#primaryimage","url":"https:\/\/www.dillerbottle.com\/wp-content\/uploads\/2024\/09\/glass-tea-bottle-with-infuser12043827598.jpg","contentUrl":"https:\/\/www.dillerbottle.com\/wp-content\/uploads\/2024\/09\/glass-tea-bottle-with-infuser12043827598.jpg","width":730,"height":730},{"@type":"BreadcrumbList","@id":"https:\/\/www.dillerbottle.com\/ru\/%d0%bf%d1%80%d0%be%d0%b4%d1%83%d0%ba%d1%82%d1%8b\/%d1%81%d1%82%d0%b5%d0%ba%d0%bb%d1%8f%d0%bd%d0%bd%d0%b0%d1%8f-%d0%b1%d1%83%d1%82%d1%8b%d0%bb%d0%ba%d0%b0-%d0%b4%d0%bb%d1%8f-%d1%87%d0%b0%d1%8f-%d1%81-%d0%b7%d0%b0%d0%b2%d0%b0%d1%80%d0%bd%d0%b8%d0%ba#breadcrumb","itemListElement":[{"@type":"ListItem","position":1,"name":"Home","item":"https:\/\/www.dillerbottle.com\/"},{"@type":"ListItem","position":2,"name":"Products","item":"https:\/\/www.dillerbottle.com\/shop"},{"@type":"ListItem","position":3,"name":"Glass Tea Bottle With Infuser"}]},{"@type":"WebSite","@id":"https:\/\/www.dillerbottle.com\/#website","url":"https:\/\/www.dillerbottle.com\/","name":"Fabricante de botellas de agua Diller","description":"Fabricante de botellas de agua","publisher":{"@id":"https:\/\/www.dillerbottle.com\/#organization"},"potentialAction":[{"@type":"SearchAction","target":{"@type":"EntryPoint","urlTemplate":"https:\/\/www.dillerbottle.com\/?s={search_term_string}"},"query-input":{"@type":"PropertyValueSpecification","valueRequired":true,"valueName":"search_term_string"}}],"inLanguage":"es"},{"@type":"Organization","@id":"https:\/\/www.dillerbottle.com\/#organization","name":"Fabricante de botellas de agua Diller","url":"https:\/\/www.dillerbottle.com\/","logo":{"@type":"ImageObject","inLanguage":"es","@id":"https:\/\/www.dillerbottle.com\/#\/schema\/logo\/image\/","url":"https:\/\/www.dillerbottle.com\/wp-content\/uploads\/2024\/09\/49918bfa848dcc1e9f8b509933603ac.png","contentUrl":"https:\/\/www.dillerbottle.com\/wp-content\/uploads\/2024\/09\/49918bfa848dcc1e9f8b509933603ac.png","width":988,"height":198,"caption":"Diller Water Bottle Manufacturer"},"image":{"@id":"https:\/\/www.dillerbottle.com\/#\/schema\/logo\/image\/"}}]}},"_links":{"self":[{"href":"https:\/\/www.dillerbottle.com\/es\/wp-json\/wp\/v2\/product\/7307","targetHints":{"allow":["GET"]}}],"collection":[{"href":"https:\/\/www.dillerbottle.com\/es\/wp-json\/wp\/v2\/product"}],"about":[{"href":"https:\/\/www.dillerbottle.com\/es\/wp-json\/wp\/v2\/types\/product"}],"replies":[{"embeddable":true,"href":"https:\/\/www.dillerbottle.com\/es\/wp-json\/wp\/v2\/comments?post=7307"}],"wp:featuredmedia":[{"embeddable":true,"href":"https:\/\/www.dillerbottle.com\/es\/wp-json\/wp\/v2\/media\/7308"}],"wp:attachment":[{"href":"https:\/\/www.dillerbottle.com\/es\/wp-json\/wp\/v2\/media?parent=7307"}],"wp:term":[{"taxonomy":"product_brand","embeddable":true,"href":"https:\/\/www.dillerbottle.com\/es\/wp-json\/wp\/v2\/product_brand?post=7307"},{"taxonomy":"product_cat","embeddable":true,"href":"https:\/\/www.dillerbottle.com\/es\/wp-json\/wp\/v2\/product_cat?post=7307"},{"taxonomy":"product_tag","embeddable":true,"href":"https:\/\/www.dillerbottle.com\/es\/wp-json\/wp\/v2\/product_tag?post=7307"}],"curies":[{"name":"Gracias","href":"https:\/\/api.w.org\/{rel}","templated":true}]}}