{"id":7376,"date":"2024-09-29T09:59:02","date_gmt":"2024-09-29T01:59:02","guid":{"rendered":"https:\/\/demo.dillerbottle.com\/uncategorized\/spill-proof-glass-water-bottle"},"modified":"2025-07-09T16:56:40","modified_gmt":"2025-07-09T08:56:40","slug":"botella-de-agua-de-vidrio-a-prueba-de-derrames","status":"publish","type":"product","link":"https:\/\/www.dillerbottle.com\/es\/products\/spill-proof-glass-water-bottle","title":{"rendered":"Botella de agua de vidrio a prueba de derrames"},"content":{"rendered":"<p>1. La botella de agua de vidrio est\u00e1 hecha de vidrio de borosilicato, que no reacciona qu\u00edmicamente y nunca libera sustancias qu\u00edmicas en la bebida. Esta botella de vidrio es reutilizable, reciclable y evita que el medio ambiente genere una gran cantidad de residuos de botellas de pl\u00e1stico de un solo uso.<br \/>\n2. Tapa de PP de grado alimenticio a prueba de fugas y derrames con anillo de transporte de silicona port\u00e1til, f\u00e1cil de transportar.<br \/>\n3. No t\u00f3xica y ecol\u00f3gica. Esta botella de agua de vidrio de 450 ml es perfecta para el gimnasio, los viajes, la oficina y la rutina diaria.<\/p>","protected":false},"excerpt":{"rendered":"<p>Caracter\u00edsticas: 1.<br \/>\nLa botella de agua de vidrio est\u00e1 hecha de vidrio de borosilicato, que no es qu\u00edmicamente reactivo y nunca libera qu\u00edmicos en su bebida.<br \/>\nEsta botella de vidrio es reutilizable, reciclable y evita que el medio ambiente genere muchos residuos de botellas de pl\u00e1stico de un solo uso.<br \/>\n2.<br \/>\nTapa de PP de grado alimenticio a prueba de fugas y derrames con anillo de transporte de silicona port\u00e1til, f\u00e1cil de transportar.<br \/>\n3.<br \/>\nNo t\u00f3xico, ecol\u00f3gico.<br \/>\nEsta botella de agua de vidrio de 450 ml es perfecta para el gimnasio, los viajes, la oficina y tu rutina diaria.<\/p>","protected":false},"featured_media":7377,"comment_status":"open","ping_status":"closed","template":"","meta":{"_acf_changed":false},"product_brand":[],"product_cat":[310],"product_tag":[32,36,33,31,39,614,38,29,37,584,34,551,35,640,28,576,578,30,589],"class_list":{"0":"post-7376","1":"product","2":"type-product","3":"status-publish","4":"has-post-thumbnail","6":"product_cat-glass-water-bottle","7":"product_tag-best","8":"product_tag-bulk","9":"product_tag-buy","10":"product_tag-custom","11":"product_tag-for-sale","12":"product_tag-glass-water-bottle-with-infuser","13":"product_tag-good-quality","14":"product_tag-manufacturers","15":"product_tag-manufacturing","16":"product_tag-motivational-water-bottle-bpa-free","17":"product_tag-price","18":"product_tag-silicone-sleeve-water-bottle","19":"product_tag-small","20":"product_tag-spill-proof-glass-water-bottle","21":"product_tag-suppliers","22":"product_tag-two-liter-water-bottle","23":"product_tag-water-bottle-gift-promotional","24":"product_tag-wholesale","25":"product_tag-wholesale-gym-water-bottle","27":"first","28":"instock","29":"shipping-taxable","30":"product-type-simple"},"acf":[],"yoast_head":"<!-- This site is optimized with the Yoast SEO Premium plugin v27.5 (Yoast SEO v27.5) - https:\/\/yoast.com\/product\/yoast-seo-premium-wordpress\/ -->\n<title>Spill Proof Glass Water Bottle - Diller Water Bottle Manufacturer<\/title>\n<meta name=\"description\" content=\"As one of the best spill proof glass water bottle manufacturers and suppliers, we are engaged in manufacturing good quality water bottles. We warmly welcome you to wholesale or buy custom made spill proof glass water bottle at competitive price from us. Also, small quantity orders are acceptable.\" \/>\n<meta name=\"robots\" content=\"index, follow, max-snippet:-1, max-image-preview:large, max-video-preview:-1\" \/>\n<link rel=\"canonical\" href=\"https:\/\/www.dillerbottle.com\/es\/productos\/botella-de-agua-de-vidrio-a-prueba-de-derrames\" \/>\n<meta property=\"og:locale\" content=\"es_ES\" \/>\n<meta property=\"og:type\" content=\"article\" \/>\n<meta property=\"og:title\" content=\"Spill Proof Glass Water Bottle\" \/>\n<meta property=\"og:description\" content=\"As one of the best spill proof glass water bottle manufacturers and suppliers, we are engaged in manufacturing good quality water bottles. We warmly welcome you to wholesale or buy custom made spill proof glass water bottle at competitive price from us. Also, small quantity orders are acceptable.\" \/>\n<meta property=\"og:url\" content=\"https:\/\/www.dillerbottle.com\/es\/productos\/botella-de-agua-de-vidrio-a-prueba-de-derrames\" \/>\n<meta property=\"og:site_name\" content=\"Diller Water Bottle Manufacturer\" \/>\n<meta property=\"article:modified_time\" content=\"2025-07-09T08:56:40+00:00\" \/>\n<meta property=\"og:image\" content=\"https:\/\/www.dillerbottle.com\/wp-content\/uploads\/2024\/09\/spill-proof-glass-water-bottle31293488941.jpg\" \/>\n\t<meta property=\"og:image:width\" content=\"730\" \/>\n\t<meta property=\"og:image:height\" content=\"730\" \/>\n\t<meta property=\"og:image:type\" content=\"image\/jpeg\" \/>\n<meta name=\"twitter:card\" content=\"summary_large_image\" \/>\n<meta name=\"twitter:label1\" content=\"Tiempo de lectura\" \/>\n\t<meta name=\"twitter:data1\" content=\"2 minutos\" \/>\n<script type=\"application\/ld+json\" class=\"yoast-schema-graph\">{\"@context\":\"https:\\\/\\\/schema.org\",\"@graph\":[{\"@type\":\"WebPage\",\"@id\":\"https:\\\/\\\/www.dillerbottle.com\\\/ko\\\/%ec%a0%9c%ed%92%88\\\/%eb%b0%a9%ec%88%98-%ec%9c%a0%eb%a6%ac-%eb%ac%bc%eb%b3%91\",\"url\":\"https:\\\/\\\/www.dillerbottle.com\\\/ko\\\/%ec%a0%9c%ed%92%88\\\/%eb%b0%a9%ec%88%98-%ec%9c%a0%eb%a6%ac-%eb%ac%bc%eb%b3%91\",\"name\":\"Spill Proof Glass Water Bottle - Diller Water Bottle Manufacturer\",\"isPartOf\":{\"@id\":\"https:\\\/\\\/www.dillerbottle.com\\\/#website\"},\"primaryImageOfPage\":{\"@id\":\"https:\\\/\\\/www.dillerbottle.com\\\/ko\\\/%ec%a0%9c%ed%92%88\\\/%eb%b0%a9%ec%88%98-%ec%9c%a0%eb%a6%ac-%eb%ac%bc%eb%b3%91#primaryimage\"},\"image\":{\"@id\":\"https:\\\/\\\/www.dillerbottle.com\\\/ko\\\/%ec%a0%9c%ed%92%88\\\/%eb%b0%a9%ec%88%98-%ec%9c%a0%eb%a6%ac-%eb%ac%bc%eb%b3%91#primaryimage\"},\"thumbnailUrl\":\"https:\\\/\\\/www.dillerbottle.com\\\/wp-content\\\/uploads\\\/2024\\\/09\\\/spill-proof-glass-water-bottle31293488941.jpg\",\"datePublished\":\"2024-09-29T01:59:02+00:00\",\"dateModified\":\"2025-07-09T08:56:40+00:00\",\"description\":\"As one of the best spill proof glass water bottle manufacturers and suppliers, we are engaged in manufacturing good quality water bottles. We warmly welcome you to wholesale or buy custom made spill proof glass water bottle at competitive price from us. Also, small quantity orders are acceptable.\",\"breadcrumb\":{\"@id\":\"https:\\\/\\\/www.dillerbottle.com\\\/ko\\\/%ec%a0%9c%ed%92%88\\\/%eb%b0%a9%ec%88%98-%ec%9c%a0%eb%a6%ac-%eb%ac%bc%eb%b3%91#breadcrumb\"},\"inLanguage\":\"es\",\"potentialAction\":[{\"@type\":\"ReadAction\",\"target\":[\"https:\\\/\\\/www.dillerbottle.com\\\/ko\\\/%ec%a0%9c%ed%92%88\\\/%eb%b0%a9%ec%88%98-%ec%9c%a0%eb%a6%ac-%eb%ac%bc%eb%b3%91\"]}]},{\"@type\":\"ImageObject\",\"inLanguage\":\"es\",\"@id\":\"https:\\\/\\\/www.dillerbottle.com\\\/ko\\\/%ec%a0%9c%ed%92%88\\\/%eb%b0%a9%ec%88%98-%ec%9c%a0%eb%a6%ac-%eb%ac%bc%eb%b3%91#primaryimage\",\"url\":\"https:\\\/\\\/www.dillerbottle.com\\\/wp-content\\\/uploads\\\/2024\\\/09\\\/spill-proof-glass-water-bottle31293488941.jpg\",\"contentUrl\":\"https:\\\/\\\/www.dillerbottle.com\\\/wp-content\\\/uploads\\\/2024\\\/09\\\/spill-proof-glass-water-bottle31293488941.jpg\",\"width\":730,\"height\":730},{\"@type\":\"BreadcrumbList\",\"@id\":\"https:\\\/\\\/www.dillerbottle.com\\\/ko\\\/%ec%a0%9c%ed%92%88\\\/%eb%b0%a9%ec%88%98-%ec%9c%a0%eb%a6%ac-%eb%ac%bc%eb%b3%91#breadcrumb\",\"itemListElement\":[{\"@type\":\"ListItem\",\"position\":1,\"name\":\"Home\",\"item\":\"https:\\\/\\\/www.dillerbottle.com\\\/\"},{\"@type\":\"ListItem\",\"position\":2,\"name\":\"Products\",\"item\":\"https:\\\/\\\/www.dillerbottle.com\\\/shop\"},{\"@type\":\"ListItem\",\"position\":3,\"name\":\"Spill Proof Glass Water Bottle\"}]},{\"@type\":\"WebSite\",\"@id\":\"https:\\\/\\\/www.dillerbottle.com\\\/#website\",\"url\":\"https:\\\/\\\/www.dillerbottle.com\\\/\",\"name\":\"Diller Water Bottle Manufacturer\",\"description\":\"Water Bottle Manufacturer\",\"publisher\":{\"@id\":\"https:\\\/\\\/www.dillerbottle.com\\\/#organization\"},\"potentialAction\":[{\"@type\":\"SearchAction\",\"target\":{\"@type\":\"EntryPoint\",\"urlTemplate\":\"https:\\\/\\\/www.dillerbottle.com\\\/?s={search_term_string}\"},\"query-input\":{\"@type\":\"PropertyValueSpecification\",\"valueRequired\":true,\"valueName\":\"search_term_string\"}}],\"inLanguage\":\"es\"},{\"@type\":\"Organization\",\"@id\":\"https:\\\/\\\/www.dillerbottle.com\\\/#organization\",\"name\":\"Diller Water Bottle Manufacturer\",\"url\":\"https:\\\/\\\/www.dillerbottle.com\\\/\",\"logo\":{\"@type\":\"ImageObject\",\"inLanguage\":\"es\",\"@id\":\"https:\\\/\\\/www.dillerbottle.com\\\/#\\\/schema\\\/logo\\\/image\\\/\",\"url\":\"https:\\\/\\\/www.dillerbottle.com\\\/wp-content\\\/uploads\\\/2024\\\/09\\\/49918bfa848dcc1e9f8b509933603ac.png\",\"contentUrl\":\"https:\\\/\\\/www.dillerbottle.com\\\/wp-content\\\/uploads\\\/2024\\\/09\\\/49918bfa848dcc1e9f8b509933603ac.png\",\"width\":988,\"height\":198,\"caption\":\"Diller Water Bottle Manufacturer\"},\"image\":{\"@id\":\"https:\\\/\\\/www.dillerbottle.com\\\/#\\\/schema\\\/logo\\\/image\\\/\"}}]}<\/script>\n<!-- \/ Yoast SEO Premium plugin. -->","yoast_head_json":{"title":"Botella de agua de vidrio a prueba de derrames - Fabricante de botellas de agua Diller","description":"Como uno de los mejores fabricantes y proveedores de botellas de agua de vidrio a prueba de derrames, nos dedicamos a la fabricaci\u00f3n de botellas de agua de buena calidad. Le damos una c\u00e1lida bienvenida para que compre al por mayor o botellas de agua de vidrio a prueba de derrames hechas a medida a un precio competitivo. Adem\u00e1s, aceptamos pedidos de peque\u00f1as cantidades.","robots":{"index":"index","follow":"follow","max-snippet":"max-snippet:-1","max-image-preview":"max-image-preview:large","max-video-preview":"max-video-preview:-1"},"canonical":"https:\/\/www.dillerbottle.com\/es\/productos\/botella-de-agua-de-vidrio-a-prueba-de-derrames","og_locale":"es_ES","og_type":"article","og_title":"Spill Proof Glass Water Bottle","og_description":"As one of the best spill proof glass water bottle manufacturers and suppliers, we are engaged in manufacturing good quality water bottles. We warmly welcome you to wholesale or buy custom made spill proof glass water bottle at competitive price from us. Also, small quantity orders are acceptable.","og_url":"https:\/\/www.dillerbottle.com\/es\/productos\/botella-de-agua-de-vidrio-a-prueba-de-derrames","og_site_name":"Diller Water Bottle Manufacturer","article_modified_time":"2025-07-09T08:56:40+00:00","og_image":[{"width":730,"height":730,"url":"https:\/\/www.dillerbottle.com\/wp-content\/uploads\/2024\/09\/spill-proof-glass-water-bottle31293488941.jpg","type":"image\/jpeg"}],"twitter_card":"summary_large_image","twitter_misc":{"Tiempo de lectura":"2 minutos"},"schema":{"@context":"https:\/\/schema.org","@graph":[{"@type":"WebPage","@id":"https:\/\/www.dillerbottle.com\/ko\/%ec%a0%9c%ed%92%88\/%eb%b0%a9%ec%88%98-%ec%9c%a0%eb%a6%ac-%eb%ac%bc%eb%b3%91","url":"https:\/\/www.dillerbottle.com\/ko\/%ec%a0%9c%ed%92%88\/%eb%b0%a9%ec%88%98-%ec%9c%a0%eb%a6%ac-%eb%ac%bc%eb%b3%91","name":"Botella de agua de vidrio a prueba de derrames - Fabricante de botellas de agua Diller","isPartOf":{"@id":"https:\/\/www.dillerbottle.com\/#website"},"primaryImageOfPage":{"@id":"https:\/\/www.dillerbottle.com\/ko\/%ec%a0%9c%ed%92%88\/%eb%b0%a9%ec%88%98-%ec%9c%a0%eb%a6%ac-%eb%ac%bc%eb%b3%91#primaryimage"},"image":{"@id":"https:\/\/www.dillerbottle.com\/ko\/%ec%a0%9c%ed%92%88\/%eb%b0%a9%ec%88%98-%ec%9c%a0%eb%a6%ac-%eb%ac%bc%eb%b3%91#primaryimage"},"thumbnailUrl":"https:\/\/www.dillerbottle.com\/wp-content\/uploads\/2024\/09\/spill-proof-glass-water-bottle31293488941.jpg","datePublished":"2024-09-29T01:59:02+00:00","dateModified":"2025-07-09T08:56:40+00:00","description":"Como uno de los mejores fabricantes y proveedores de botellas de agua de vidrio a prueba de derrames, nos dedicamos a la fabricaci\u00f3n de botellas de agua de buena calidad. Le damos una c\u00e1lida bienvenida para que compre al por mayor o botellas de agua de vidrio a prueba de derrames hechas a medida a un precio competitivo. Adem\u00e1s, aceptamos pedidos de peque\u00f1as cantidades.","breadcrumb":{"@id":"https:\/\/www.dillerbottle.com\/ko\/%ec%a0%9c%ed%92%88\/%eb%b0%a9%ec%88%98-%ec%9c%a0%eb%a6%ac-%eb%ac%bc%eb%b3%91#breadcrumb"},"inLanguage":"es","potentialAction":[{"@type":"ReadAction","target":["https:\/\/www.dillerbottle.com\/ko\/%ec%a0%9c%ed%92%88\/%eb%b0%a9%ec%88%98-%ec%9c%a0%eb%a6%ac-%eb%ac%bc%eb%b3%91"]}]},{"@type":"ImageObject","inLanguage":"es","@id":"https:\/\/www.dillerbottle.com\/ko\/%ec%a0%9c%ed%92%88\/%eb%b0%a9%ec%88%98-%ec%9c%a0%eb%a6%ac-%eb%ac%bc%eb%b3%91#primaryimage","url":"https:\/\/www.dillerbottle.com\/wp-content\/uploads\/2024\/09\/spill-proof-glass-water-bottle31293488941.jpg","contentUrl":"https:\/\/www.dillerbottle.com\/wp-content\/uploads\/2024\/09\/spill-proof-glass-water-bottle31293488941.jpg","width":730,"height":730},{"@type":"BreadcrumbList","@id":"https:\/\/www.dillerbottle.com\/ko\/%ec%a0%9c%ed%92%88\/%eb%b0%a9%ec%88%98-%ec%9c%a0%eb%a6%ac-%eb%ac%bc%eb%b3%91#breadcrumb","itemListElement":[{"@type":"ListItem","position":1,"name":"Home","item":"https:\/\/www.dillerbottle.com\/"},{"@type":"ListItem","position":2,"name":"Products","item":"https:\/\/www.dillerbottle.com\/shop"},{"@type":"ListItem","position":3,"name":"Spill Proof Glass Water Bottle"}]},{"@type":"WebSite","@id":"https:\/\/www.dillerbottle.com\/#website","url":"https:\/\/www.dillerbottle.com\/","name":"Fabricante de botellas de agua Diller","description":"Fabricante de botellas de agua","publisher":{"@id":"https:\/\/www.dillerbottle.com\/#organization"},"potentialAction":[{"@type":"SearchAction","target":{"@type":"EntryPoint","urlTemplate":"https:\/\/www.dillerbottle.com\/?s={search_term_string}"},"query-input":{"@type":"PropertyValueSpecification","valueRequired":true,"valueName":"search_term_string"}}],"inLanguage":"es"},{"@type":"Organization","@id":"https:\/\/www.dillerbottle.com\/#organization","name":"Fabricante de botellas de agua Diller","url":"https:\/\/www.dillerbottle.com\/","logo":{"@type":"ImageObject","inLanguage":"es","@id":"https:\/\/www.dillerbottle.com\/#\/schema\/logo\/image\/","url":"https:\/\/www.dillerbottle.com\/wp-content\/uploads\/2024\/09\/49918bfa848dcc1e9f8b509933603ac.png","contentUrl":"https:\/\/www.dillerbottle.com\/wp-content\/uploads\/2024\/09\/49918bfa848dcc1e9f8b509933603ac.png","width":988,"height":198,"caption":"Diller Water Bottle Manufacturer"},"image":{"@id":"https:\/\/www.dillerbottle.com\/#\/schema\/logo\/image\/"}}]}},"_links":{"self":[{"href":"https:\/\/www.dillerbottle.com\/es\/wp-json\/wp\/v2\/product\/7376","targetHints":{"allow":["GET"]}}],"collection":[{"href":"https:\/\/www.dillerbottle.com\/es\/wp-json\/wp\/v2\/product"}],"about":[{"href":"https:\/\/www.dillerbottle.com\/es\/wp-json\/wp\/v2\/types\/product"}],"replies":[{"embeddable":true,"href":"https:\/\/www.dillerbottle.com\/es\/wp-json\/wp\/v2\/comments?post=7376"}],"wp:featuredmedia":[{"embeddable":true,"href":"https:\/\/www.dillerbottle.com\/es\/wp-json\/wp\/v2\/media\/7377"}],"wp:attachment":[{"href":"https:\/\/www.dillerbottle.com\/es\/wp-json\/wp\/v2\/media?parent=7376"}],"wp:term":[{"taxonomy":"product_brand","embeddable":true,"href":"https:\/\/www.dillerbottle.com\/es\/wp-json\/wp\/v2\/product_brand?post=7376"},{"taxonomy":"product_cat","embeddable":true,"href":"https:\/\/www.dillerbottle.com\/es\/wp-json\/wp\/v2\/product_cat?post=7376"},{"taxonomy":"product_tag","embeddable":true,"href":"https:\/\/www.dillerbottle.com\/es\/wp-json\/wp\/v2\/product_tag?post=7376"}],"curies":[{"name":"Gracias","href":"https:\/\/api.w.org\/{rel}","templated":true}]}}