{"id":7561,"date":"2024-09-29T10:00:54","date_gmt":"2024-09-29T02:00:54","guid":{"rendered":"https:\/\/demo.dillerbottle.com\/uncategorized\/glass-water-bottle-with-neoprene-sleeve"},"modified":"2026-02-11T10:27:41","modified_gmt":"2026-02-11T02:27:41","slug":"cantimplora-de-cristal-panda","status":"publish","type":"product","link":"https:\/\/www.dillerbottle.com\/es\/products\/panda-glass-water-bottle","title":{"rendered":"Botella de vidrio Panda"},"content":{"rendered":"<p data-start=\"127\" data-end=\"371\">El <strong data-start=\"158\" data-end=\"187\">Botella de vidrio DILLER Panda<\/strong> presenta un adorable dise\u00f1o de panda, que hace que la hidrataci\u00f3n sea sana y divertida. Fabricado en vidrio de borosilicato de alta calidad, es respetuoso con el medio ambiente, no desprende olores y es seguro tanto para bebidas fr\u00edas como calientes.<\/p>\n<ul data-start=\"372\" data-end=\"879\">\n<li data-start=\"372\" data-end=\"467\">\n<p data-start=\"374\" data-end=\"467\"><strong data-start=\"374\" data-end=\"395\">Lindo dise\u00f1o de panda<\/strong>: El divertido y llamativo estampado de panda a\u00f1ade personalidad a tu vajilla.<\/p>\n<\/li>\n<li data-start=\"468\" data-end=\"589\">\n<p data-start=\"470\" data-end=\"589\"><strong data-start=\"470\" data-end=\"496\">Material de vidrio de primera calidad<\/strong>: Fabricado con vidrio de borosilicato de alta calidad, resistente a los choques t\u00e9rmicos, duradero y no t\u00f3xico.<\/p>\n<\/li>\n<li data-start=\"590\" data-end=\"691\">\n<p data-start=\"592\" data-end=\"691\"><strong data-start=\"592\" data-end=\"615\">Tapa con asa port\u00e1til<\/strong>: Asa suave y c\u00f3moda para transportarla f\u00e1cilmente, perfecta para llevarla encima.<\/p>\n<\/li>\n<li data-start=\"692\" data-end=\"790\">\n<p data-start=\"694\" data-end=\"790\"><strong data-start=\"694\" data-end=\"716\">Apertura de boca ancha<\/strong>: F\u00e1cil de a\u00f1adir frutas, t\u00e9 o cubitos de hielo, y sencillo de limpiar a fondo.<\/p>\n<\/li>\n<li data-start=\"791\" data-end=\"879\">\n<p data-start=\"793\" data-end=\"879\"><strong data-start=\"793\" data-end=\"810\">Uso vers\u00e1til<\/strong>: Ideal para picnics, oficina, casa, actividades al aire libre y regalos.<\/p>\n<\/li>\n<\/ul>","protected":false},"excerpt":{"rendered":"<p>Caracter\u00edsticas: 1.1.Botella de agua de vidrio con hermosas fundas de neopreno multicolor.<br \/>\nCada funda es reutilizable y lavable.<br \/>\n2.<br \/>\nEsta botella de agua de vidrio cabe c\u00f3modamente en el refrigerador, la lonchera o el portavasos del autom\u00f3vil, lo que la convierte en la compa\u00f1era perfecta para una vida ajetreada.<br \/>\nPerfecto como botellas de jugo o botellas de kombucha.<br \/>\n3.<br \/>\nFabricada con vidrio de borosilicato grueso y una tapa de acero inoxidable 304, esta elegante y delgada botella no contiene BPA ni plomo\u2026<\/p>","protected":false},"featured_media":16629,"comment_status":"open","ping_status":"closed","template":"","meta":{"_acf_changed":false},"product_brand":[],"product_cat":[310],"product_tag":[588],"class_list":{"0":"post-7561","1":"product","2":"type-product","3":"status-publish","4":"has-post-thumbnail","6":"product_cat-glass-water-bottle","7":"product_tag-borosilicate-glass-water-bottle","9":"first","10":"instock","11":"shipping-taxable","12":"product-type-simple"},"acf":[],"yoast_head":"<!-- This site is optimized with the Yoast SEO Premium plugin v27.5 (Yoast SEO v27.5) - https:\/\/yoast.com\/product\/yoast-seo-premium-wordpress\/ -->\n<title>Panda Glass Water Bottle - Diller Water Bottle Manufacturer<\/title>\n<meta name=\"description\" content=\"The DILLER Panda Glass Bottle features an adorable panda design, making hydration both healthy and fun. Made from high borosilicate glass, it is eco-friendly, odor-free, and safe for both hot and cold beverages.\" \/>\n<meta name=\"robots\" content=\"index, follow, max-snippet:-1, max-image-preview:large, max-video-preview:-1\" \/>\n<link rel=\"canonical\" href=\"https:\/\/www.dillerbottle.com\/es\/productos\/cantimplora-de-cristal-panda\" \/>\n<meta property=\"og:locale\" content=\"es_ES\" \/>\n<meta property=\"og:type\" content=\"article\" \/>\n<meta property=\"og:title\" content=\"Panda Glass Water Bottle\" \/>\n<meta property=\"og:description\" content=\"The DILLER Panda Glass Bottle features an adorable panda design, making hydration both healthy and fun. Made from high borosilicate glass, it is eco-friendly, odor-free, and safe for both hot and cold beverages.\" \/>\n<meta property=\"og:url\" content=\"https:\/\/www.dillerbottle.com\/es\/productos\/cantimplora-de-cristal-panda\" \/>\n<meta property=\"og:site_name\" content=\"Diller Water Bottle Manufacturer\" \/>\n<meta property=\"article:modified_time\" content=\"2026-02-11T02:27:41+00:00\" \/>\n<meta property=\"og:image\" content=\"https:\/\/www.dillerbottle.com\/wp-content\/uploads\/2024\/09\/glass-water-bottle-with-neoprene-sleeve-399mlh585-1.jpg\" \/>\n\t<meta property=\"og:image:width\" content=\"800\" \/>\n\t<meta property=\"og:image:height\" content=\"800\" \/>\n\t<meta property=\"og:image:type\" content=\"image\/jpeg\" \/>\n<meta name=\"twitter:card\" content=\"summary_large_image\" \/>\n<meta name=\"twitter:label1\" content=\"Tiempo de lectura\" \/>\n\t<meta name=\"twitter:data1\" content=\"1 minuto\" \/>\n<script type=\"application\/ld+json\" class=\"yoast-schema-graph\">{\"@context\":\"https:\\\/\\\/schema.org\",\"@graph\":[{\"@type\":\"WebPage\",\"@id\":\"https:\\\/\\\/www.dillerbottle.com\\\/products\\\/panda-glass-water-bottle\",\"url\":\"https:\\\/\\\/www.dillerbottle.com\\\/products\\\/panda-glass-water-bottle\",\"name\":\"Panda Glass Water Bottle - Diller Water Bottle Manufacturer\",\"isPartOf\":{\"@id\":\"https:\\\/\\\/www.dillerbottle.com\\\/#website\"},\"primaryImageOfPage\":{\"@id\":\"https:\\\/\\\/www.dillerbottle.com\\\/products\\\/panda-glass-water-bottle#primaryimage\"},\"image\":{\"@id\":\"https:\\\/\\\/www.dillerbottle.com\\\/products\\\/panda-glass-water-bottle#primaryimage\"},\"thumbnailUrl\":\"https:\\\/\\\/www.dillerbottle.com\\\/wp-content\\\/uploads\\\/2024\\\/09\\\/glass-water-bottle-with-neoprene-sleeve-399mlh585-1.jpg\",\"datePublished\":\"2024-09-29T02:00:54+00:00\",\"dateModified\":\"2026-02-11T02:27:41+00:00\",\"description\":\"The DILLER Panda Glass Bottle features an adorable panda design, making hydration both healthy and fun. Made from high borosilicate glass, it is eco-friendly, odor-free, and safe for both hot and cold beverages.\",\"breadcrumb\":{\"@id\":\"https:\\\/\\\/www.dillerbottle.com\\\/products\\\/panda-glass-water-bottle#breadcrumb\"},\"inLanguage\":\"es\",\"potentialAction\":[{\"@type\":\"ReadAction\",\"target\":[\"https:\\\/\\\/www.dillerbottle.com\\\/products\\\/panda-glass-water-bottle\"]}]},{\"@type\":\"ImageObject\",\"inLanguage\":\"es\",\"@id\":\"https:\\\/\\\/www.dillerbottle.com\\\/products\\\/panda-glass-water-bottle#primaryimage\",\"url\":\"https:\\\/\\\/www.dillerbottle.com\\\/wp-content\\\/uploads\\\/2024\\\/09\\\/glass-water-bottle-with-neoprene-sleeve-399mlh585-1.jpg\",\"contentUrl\":\"https:\\\/\\\/www.dillerbottle.com\\\/wp-content\\\/uploads\\\/2024\\\/09\\\/glass-water-bottle-with-neoprene-sleeve-399mlh585-1.jpg\",\"width\":800,\"height\":800},{\"@type\":\"BreadcrumbList\",\"@id\":\"https:\\\/\\\/www.dillerbottle.com\\\/products\\\/panda-glass-water-bottle#breadcrumb\",\"itemListElement\":[{\"@type\":\"ListItem\",\"position\":1,\"name\":\"Home\",\"item\":\"https:\\\/\\\/www.dillerbottle.com\\\/\"},{\"@type\":\"ListItem\",\"position\":2,\"name\":\"Products\",\"item\":\"https:\\\/\\\/www.dillerbottle.com\\\/shop\"},{\"@type\":\"ListItem\",\"position\":3,\"name\":\"Panda Glass Water Bottle\"}]},{\"@type\":\"WebSite\",\"@id\":\"https:\\\/\\\/www.dillerbottle.com\\\/#website\",\"url\":\"https:\\\/\\\/www.dillerbottle.com\\\/\",\"name\":\"Diller Water Bottle Manufacturer\",\"description\":\"Water Bottle Manufacturer\",\"publisher\":{\"@id\":\"https:\\\/\\\/www.dillerbottle.com\\\/#organization\"},\"potentialAction\":[{\"@type\":\"SearchAction\",\"target\":{\"@type\":\"EntryPoint\",\"urlTemplate\":\"https:\\\/\\\/www.dillerbottle.com\\\/?s={search_term_string}\"},\"query-input\":{\"@type\":\"PropertyValueSpecification\",\"valueRequired\":true,\"valueName\":\"search_term_string\"}}],\"inLanguage\":\"es\"},{\"@type\":\"Organization\",\"@id\":\"https:\\\/\\\/www.dillerbottle.com\\\/#organization\",\"name\":\"Diller Water Bottle Manufacturer\",\"url\":\"https:\\\/\\\/www.dillerbottle.com\\\/\",\"logo\":{\"@type\":\"ImageObject\",\"inLanguage\":\"es\",\"@id\":\"https:\\\/\\\/www.dillerbottle.com\\\/#\\\/schema\\\/logo\\\/image\\\/\",\"url\":\"https:\\\/\\\/www.dillerbottle.com\\\/wp-content\\\/uploads\\\/2024\\\/09\\\/49918bfa848dcc1e9f8b509933603ac.png\",\"contentUrl\":\"https:\\\/\\\/www.dillerbottle.com\\\/wp-content\\\/uploads\\\/2024\\\/09\\\/49918bfa848dcc1e9f8b509933603ac.png\",\"width\":988,\"height\":198,\"caption\":\"Diller Water Bottle Manufacturer\"},\"image\":{\"@id\":\"https:\\\/\\\/www.dillerbottle.com\\\/#\\\/schema\\\/logo\\\/image\\\/\"}}]}<\/script>\n<!-- \/ Yoast SEO Premium plugin. -->","yoast_head_json":{"title":"Botella de vidrio para agua Panda - Diller Fabricante de botellas de agua","description":"La botella de vidrio DILLER Panda presenta un adorable dise\u00f1o de panda, que hace que la hidrataci\u00f3n sea sana y divertida. Fabricada en vidrio de borosilicato de alta calidad, es ecol\u00f3gica, inodora y segura tanto para bebidas fr\u00edas como calientes.","robots":{"index":"index","follow":"follow","max-snippet":"max-snippet:-1","max-image-preview":"max-image-preview:large","max-video-preview":"max-video-preview:-1"},"canonical":"https:\/\/www.dillerbottle.com\/es\/productos\/cantimplora-de-cristal-panda","og_locale":"es_ES","og_type":"article","og_title":"Panda Glass Water Bottle","og_description":"The DILLER Panda Glass Bottle features an adorable panda design, making hydration both healthy and fun. Made from high borosilicate glass, it is eco-friendly, odor-free, and safe for both hot and cold beverages.","og_url":"https:\/\/www.dillerbottle.com\/es\/productos\/cantimplora-de-cristal-panda","og_site_name":"Diller Water Bottle Manufacturer","article_modified_time":"2026-02-11T02:27:41+00:00","og_image":[{"width":800,"height":800,"url":"https:\/\/www.dillerbottle.com\/wp-content\/uploads\/2024\/09\/glass-water-bottle-with-neoprene-sleeve-399mlh585-1.jpg","type":"image\/jpeg"}],"twitter_card":"summary_large_image","twitter_misc":{"Tiempo de lectura":"1 minuto"},"schema":{"@context":"https:\/\/schema.org","@graph":[{"@type":"WebPage","@id":"https:\/\/www.dillerbottle.com\/products\/panda-glass-water-bottle","url":"https:\/\/www.dillerbottle.com\/products\/panda-glass-water-bottle","name":"Botella de vidrio para agua Panda - Diller Fabricante de botellas de agua","isPartOf":{"@id":"https:\/\/www.dillerbottle.com\/#website"},"primaryImageOfPage":{"@id":"https:\/\/www.dillerbottle.com\/products\/panda-glass-water-bottle#primaryimage"},"image":{"@id":"https:\/\/www.dillerbottle.com\/products\/panda-glass-water-bottle#primaryimage"},"thumbnailUrl":"https:\/\/www.dillerbottle.com\/wp-content\/uploads\/2024\/09\/glass-water-bottle-with-neoprene-sleeve-399mlh585-1.jpg","datePublished":"2024-09-29T02:00:54+00:00","dateModified":"2026-02-11T02:27:41+00:00","description":"La botella de vidrio DILLER Panda presenta un adorable dise\u00f1o de panda, que hace que la hidrataci\u00f3n sea sana y divertida. Fabricada en vidrio de borosilicato de alta calidad, es ecol\u00f3gica, inodora y segura tanto para bebidas fr\u00edas como calientes.","breadcrumb":{"@id":"https:\/\/www.dillerbottle.com\/products\/panda-glass-water-bottle#breadcrumb"},"inLanguage":"es","potentialAction":[{"@type":"ReadAction","target":["https:\/\/www.dillerbottle.com\/products\/panda-glass-water-bottle"]}]},{"@type":"ImageObject","inLanguage":"es","@id":"https:\/\/www.dillerbottle.com\/products\/panda-glass-water-bottle#primaryimage","url":"https:\/\/www.dillerbottle.com\/wp-content\/uploads\/2024\/09\/glass-water-bottle-with-neoprene-sleeve-399mlh585-1.jpg","contentUrl":"https:\/\/www.dillerbottle.com\/wp-content\/uploads\/2024\/09\/glass-water-bottle-with-neoprene-sleeve-399mlh585-1.jpg","width":800,"height":800},{"@type":"BreadcrumbList","@id":"https:\/\/www.dillerbottle.com\/products\/panda-glass-water-bottle#breadcrumb","itemListElement":[{"@type":"ListItem","position":1,"name":"Home","item":"https:\/\/www.dillerbottle.com\/"},{"@type":"ListItem","position":2,"name":"Products","item":"https:\/\/www.dillerbottle.com\/shop"},{"@type":"ListItem","position":3,"name":"Panda Glass Water Bottle"}]},{"@type":"WebSite","@id":"https:\/\/www.dillerbottle.com\/#website","url":"https:\/\/www.dillerbottle.com\/","name":"Fabricante de botellas de agua Diller","description":"Fabricante de botellas de agua","publisher":{"@id":"https:\/\/www.dillerbottle.com\/#organization"},"potentialAction":[{"@type":"SearchAction","target":{"@type":"EntryPoint","urlTemplate":"https:\/\/www.dillerbottle.com\/?s={search_term_string}"},"query-input":{"@type":"PropertyValueSpecification","valueRequired":true,"valueName":"search_term_string"}}],"inLanguage":"es"},{"@type":"Organization","@id":"https:\/\/www.dillerbottle.com\/#organization","name":"Fabricante de botellas de agua Diller","url":"https:\/\/www.dillerbottle.com\/","logo":{"@type":"ImageObject","inLanguage":"es","@id":"https:\/\/www.dillerbottle.com\/#\/schema\/logo\/image\/","url":"https:\/\/www.dillerbottle.com\/wp-content\/uploads\/2024\/09\/49918bfa848dcc1e9f8b509933603ac.png","contentUrl":"https:\/\/www.dillerbottle.com\/wp-content\/uploads\/2024\/09\/49918bfa848dcc1e9f8b509933603ac.png","width":988,"height":198,"caption":"Diller Water Bottle Manufacturer"},"image":{"@id":"https:\/\/www.dillerbottle.com\/#\/schema\/logo\/image\/"}}]}},"_links":{"self":[{"href":"https:\/\/www.dillerbottle.com\/es\/wp-json\/wp\/v2\/product\/7561","targetHints":{"allow":["GET"]}}],"collection":[{"href":"https:\/\/www.dillerbottle.com\/es\/wp-json\/wp\/v2\/product"}],"about":[{"href":"https:\/\/www.dillerbottle.com\/es\/wp-json\/wp\/v2\/types\/product"}],"replies":[{"embeddable":true,"href":"https:\/\/www.dillerbottle.com\/es\/wp-json\/wp\/v2\/comments?post=7561"}],"wp:featuredmedia":[{"embeddable":true,"href":"https:\/\/www.dillerbottle.com\/es\/wp-json\/wp\/v2\/media\/16629"}],"wp:attachment":[{"href":"https:\/\/www.dillerbottle.com\/es\/wp-json\/wp\/v2\/media?parent=7561"}],"wp:term":[{"taxonomy":"product_brand","embeddable":true,"href":"https:\/\/www.dillerbottle.com\/es\/wp-json\/wp\/v2\/product_brand?post=7561"},{"taxonomy":"product_cat","embeddable":true,"href":"https:\/\/www.dillerbottle.com\/es\/wp-json\/wp\/v2\/product_cat?post=7561"},{"taxonomy":"product_tag","embeddable":true,"href":"https:\/\/www.dillerbottle.com\/es\/wp-json\/wp\/v2\/product_tag?post=7561"}],"curies":[{"name":"Gracias","href":"https:\/\/api.w.org\/{rel}","templated":true}]}}